{"id":59,"date":"2019-01-24T15:06:00","date_gmt":"2019-01-24T14:06:00","guid":{"rendered":"https:\/\/www.mines-stetienne.fr\/spin-en\/?page_id=59"},"modified":"2020-01-30T16:46:22","modified_gmt":"2020-01-30T15:46:22","slug":"staff","status":"publish","type":"page","link":"https:\/\/www.mines-stetienne.fr\/spin\/opportunities\/staff\/","title":{"rendered":"Staff"},"content":{"rendered":"<h3>Permanent scientific staff<\/h3>\n<table style=\"width: 100%\">\n<tbody>\n<tr>\n<td style=\"width: 30%\" valign=\"top\"><strong>From A to F<\/strong>&nbsp;<\/p>\n<ul>\n<li><a href=\"https:\/\/www.mines-stetienne.fr\/en\/author\/bartholin\" target=\"_blank\" rel=\"noopener noreferrer\">BARTHOLIN Marie-Claude<\/a><\/li>\n<li><a href=\"https:\/\/www.mines-stetienne.fr\/en\/author\/ebilal\/\" target=\"_blank\" rel=\"noopener noreferrer\">BILAL Essa\u00efd<\/a><\/li>\n<li><a href=\"https:\/\/www.mines-stetienne.fr\/en\/author\/bonnefoy\/\" target=\"_blank\" rel=\"noopener noreferrer\">BONNEFOY Olivier<\/a><\/li>\n<li><a href=\"https:\/\/www.mines-stetienne.fr\/en\/author\/bouillot\/\" target=\"_blank\" rel=\"noopener noreferrer\">BOUILLOT Baptiste<\/a><\/li>\n<li><a href=\"https:\/\/www.mines-stetienne.fr\/en\/author\/bourgois\" target=\"_blank\" rel=\"noopener noreferrer\">BOURGOIS Jacques<\/a><\/li>\n<li><a href=\"https:\/\/www.mines-stetienne.fr\/en\/author\/pbreuil\" target=\"_blank\" rel=\"noopener noreferrer\">BREUIL Philippe<\/a><\/li>\n<li><a href=\"https:\/\/www.mines-stetienne.fr\/en\/author\/cameirao\" target=\"_blank\" rel=\"noopener noreferrer\">CAMEIRAO Ana<\/a><\/li>\n<li><a href=\"https:\/\/www.mines-stetienne.fr\/en\/author\/chauvy\" target=\"_blank\" rel=\"noopener noreferrer\">CHAUVY Fabien<\/a><\/li>\n<li><a href=\"https:\/\/www.mines-stetienne.fr\/en\/author\/debayle\" target=\"_blank\" rel=\"noopener noreferrer\">DEBAYLE Johan<\/a><\/li>\n<li><a href=\"https:\/\/www.mines-stetienne.fr\/en\/author\/douzet\" target=\"_blank\" rel=\"noopener noreferrer\">DOUZET J\u00e9r\u00f4me<\/a><\/li>\n<li><a href=\"https:\/\/www.mines-stetienne.fr\/en\/author\/drogo\" target=\"_blank\" rel=\"noopener noreferrer\">DROGO Richard<\/a><\/li>\n<li><a href=\"https:\/\/www.mines-stetienne.fr\/en\/author\/dujardin\" target=\"_blank\" rel=\"noopener noreferrer\">DUJARDIN Florence<\/a><\/li>\n<li><a href=\"https:\/\/www.mines-stetienne.fr\/en\/author\/guillaume-dumazer\" target=\"_blank\" rel=\"noopener noreferrer\">DUMAZER Guillaume<\/a><\/li>\n<li><a href=\"https:\/\/www.mines-stetienne.fr\/en\/author\/hubert-faure\" target=\"_blank\" rel=\"noopener noreferrer\">FAURE Hubert<\/a><\/li>\n<li><a href=\"https:\/\/www.mines-stetienne.fr\/en\/author\/ofaure\" target=\"_blank\" rel=\"noopener noreferrer\">FAURE Olivier<\/a><\/li>\n<li><a href=\"https:\/\/www.mines-stetienne.fr\/en\/author\/favergeon\" target=\"_blank\" rel=\"noopener noreferrer\">FAVERGEON Lo\u00efc<\/a><\/li>\n<li><a href=\"https:\/\/www.mines-stetienne.fr\/en\/author\/marc-fischer\" target=\"_blank\" rel=\"noopener noreferrer\">FISCHER Marc<\/a><\/li>\n<\/ul>\n<\/td>\n<td style=\"width: 5%\">&nbsp;<\/td>\n<td style=\"width: 30%\" valign=\"top\"><strong>From G to N<\/strong>&nbsp;<\/p>\n<ul>\n<li><a href=\"https:\/\/www.mines-stetienne.fr\/en\/author\/gallice\" target=\"_blank\" rel=\"noopener noreferrer\">GALLICE Fr\u00e9d\u00e9ric<\/a><\/li>\n<li><a href=\"https:\/\/www.mines-stetienne.fr\/en\/author\/garcia\" target=\"_blank\" rel=\"noopener noreferrer\">GARCIA Daniel<\/a><\/li>\n<li><a href=\"https:\/\/www.mines-stetienne.fr\/en\/author\/gavet\" target=\"_blank\" rel=\"noopener noreferrer\">GAVET Yann<\/a><\/li>\n<li><a href=\"https:\/\/www.mines-stetienne.fr\/en\/author\/govin\" target=\"_blank\" rel=\"noopener noreferrer\">GOVIN Alexandre<\/a><\/li>\n<li><a href=\"https:\/\/www.mines-stetienne.fr\/en\/author\/graillot\" target=\"_blank\" rel=\"noopener noreferrer\">GRAILLOT Didier<\/a><\/li>\n<li><a href=\"https:\/\/www.mines-stetienne.fr\/en\/author\/grosseau\" target=\"_blank\" rel=\"noopener noreferrer\">GROSSEAU Philippe<\/a><\/li>\n<li><a href=\"https:\/\/www.mines-stetienne.fr\/en\/author\/fgruy\" target=\"_blank\" rel=\"noopener noreferrer\">GRUY Fr\u00e9d\u00e9ric<\/a><\/li>\n<li><a href=\"https:\/\/www.mines-stetienne.fr\/en\/author\/bguy\" target=\"_blank\" rel=\"noopener noreferrer\">GUY Bernard<\/a><\/li>\n<li><a href=\"https:\/\/www.mines-stetienne.fr\/en\/author\/jmherri\" target=\"_blank\" rel=\"noopener noreferrer\">HERRI Jean-Michel<\/a><\/li>\n<li><a href=\"https:\/\/www.mines-stetienne.fr\/en\/author\/riadh-lakhmi\" target=\"_blank\" rel=\"noopener noreferrer\">LAKHMI Riadh<\/a><\/li>\n<li><a href=\"https:\/\/www.mines-stetienne.fr\/en\/author\/sylvain-martin\" target=\"_blank\" rel=\"noopener noreferrer\">MARTIN Sylvain<\/a><\/li>\n<li><a href=\"https:\/\/www.mines-stetienne.fr\/en\/author\/minot\" target=\"_blank\" rel=\"noopener noreferrer\">MINOT Maxime<\/a><\/li>\n<li><a href=\"https:\/\/www.mines-stetienne.fr\/en\/author\/jmoutte\" target=\"_blank\" rel=\"noopener noreferrer\">MOUTTE Jacques<\/a><\/li>\n<\/ul>\n<\/td>\n<td style=\"width: 5%\">&nbsp;<\/td>\n<td style=\"width: 30%\" valign=\"top\"><strong>From O to Z<\/strong>&nbsp;<\/p>\n<ul>\n<li><a href=\"https:\/\/www.mines-stetienne.fr\/en\/author\/maelig-ollivier\" target=\"_blank\" rel=\"noopener noreferrer\">OLLIVIER Ma\u00eblig<\/a><\/li>\n<li><a href=\"https:\/\/www.mines-stetienne.fr\/en\/author\/paran\" target=\"_blank\" rel=\"noopener noreferrer\">PARAN Fr\u00e9d\u00e9ric<\/a><\/li>\n<li><a href=\"https:\/\/www.mines-stetienne.fr\/en\/author\/yvan-pascoletti\" target=\"_blank\" rel=\"noopener noreferrer\">PASCOLETTI Yvan<\/a><\/li>\n<li><a href=\"https:\/\/www.mines-stetienne.fr\/en\/author\/fernando-pereira\" target=\"_blank\" rel=\"noopener noreferrer\">PEREIRA Fernando<\/a><\/li>\n<li><a href=\"https:\/\/www.mines-stetienne.fr\/en\/author\/steve-peuble\" target=\"_blank\" rel=\"noopener noreferrer\">PEUBLE Steve<\/a><\/li>\n<li><a href=\"https:\/\/www.mines-stetienne.fr\/en\/author\/cpijolat\" target=\"_blank\" rel=\"noopener noreferrer\">PIJOLAT Christophe<\/a><\/li>\n<li><a href=\"https:\/\/www.mines-stetienne.fr\/en\/author\/pinoli\" target=\"_blank\" rel=\"noopener noreferrer\">PINOLI Jean-Charles<\/a><\/li>\n<li><a href=\"https:\/\/www.mines-stetienne.fr\/en\/author\/rieu\" target=\"_blank\" rel=\"noopener noreferrer\">RIEU Mathilde<\/a><\/li>\n<li><a href=\"https:\/\/www.mines-stetienne.fr\/en\/author\/serris\" target=\"_blank\" rel=\"noopener noreferrer\">SERRIS Eric<\/a><\/li>\n<li>THOMAS G\u00e9rard<\/li>\n<li><a href=\"https:\/\/www.mines-stetienne.fr\/en\/author\/valfort\" target=\"_blank\" rel=\"noopener noreferrer\">VALFORT Olivier<\/a><\/li>\n<li><a href=\"https:\/\/www.mines-stetienne.fr\/en\/author\/vendeville\" target=\"_blank\" rel=\"noopener noreferrer\">VENDEVILLE Christine<\/a><\/li>\n<li><a href=\"https:\/\/www.mines-stetienne.fr\/en\/author\/vieille\" target=\"_blank\" rel=\"noopener noreferrer\">VIEILLE La\u00ebtitia<\/a><\/li>\n<li><a href=\"https:\/\/www.mines-stetienne.fr\/en\/author\/viricelle\" target=\"_blank\" rel=\"noopener noreferrer\">VIRICELLE Jean-Paul<\/a><\/li>\n<\/ul>\n<\/td>\n<\/tr>\n<\/tbody>\n<\/table>\n<h3>Permanent support functions (secretariat + IT)<\/h3>\n<table style=\"width: 100%\">\n<tbody>\n<tr>\n<td style=\"width: 30%\" valign=\"top\">\n<ul>\n<li><a href=\"https:\/\/www.mines-stetienne.fr\/en\/author\/celine-bachekour\" target=\"_blank\" rel=\"noopener noreferrer\">BACHEKOUR C\u00e9line<\/a><\/li>\n<li><a href=\"https:\/\/www.mines-stetienne.fr\/en\/author\/bigouraux\" target=\"_blank\" rel=\"noopener noreferrer\">BIGOURAUX Carole<\/a><\/li>\n<li><a href=\"https:\/\/www.mines-stetienne.fr\/en\/author\/sophie-carrier\" target=\"_blank\" rel=\"noopener noreferrer\">CARRIER Sophie<\/a><\/li>\n<\/ul>\n<\/td>\n<td style=\"width: 5%\">&nbsp;<\/td>\n<td style=\"width: 30%\" valign=\"top\">\n<ul>\n<li><a href=\"https:\/\/www.mines-stetienne.fr\/en\/author\/celle\" target=\"_blank\" rel=\"noopener noreferrer\">CELLE Nathalie<\/a><\/li>\n<li><a href=\"https:\/\/www.mines-stetienne.fr\/en\/author\/doumas\" target=\"_blank\" rel=\"noopener noreferrer\">DOUMAS Marc<\/a><\/li>\n<li><a href=\"https:\/\/www.mines-stetienne.fr\/en\/author\/lillouch\" target=\"_blank\" rel=\"noopener noreferrer\">LILLOUCH Fatima<\/a><\/li>\n<\/ul>\n<\/td>\n<td style=\"width: 5%\">&nbsp;<\/td>\n<td style=\"width: 30%\" valign=\"top\">\n<ul>\n<li><a href=\"https:\/\/www.mines-stetienne.fr\/en\/author\/mancuso\" target=\"_blank\" rel=\"noopener noreferrer\">MANCUSO J\u00e9r\u00f4me<\/a><\/li>\n<li><a href=\"https:\/\/www.mines-stetienne.fr\/en\/author\/rouviere\" target=\"_blank\" rel=\"noopener noreferrer\">ROUVIERE Marc<\/a><\/li>\n<li><a href=\"https:\/\/www.mines-stetienne.fr\/en\/author\/jverney\" target=\"_blank\" rel=\"noopener noreferrer\">VERNEY Jo\u00eblle<\/a><\/li>\n<\/ul>\n<\/td>\n<\/tr>\n<\/tbody>\n<\/table>\n<h3>PhD students and post-docs<\/h3>\n<table style=\"width: 100%\">\n<tbody>\n<tr>\n<td style=\"width: 30%\" valign=\"top\"><strong>From A to H<\/strong>&nbsp;<\/p>\n<ul>\n<li><a href=\"https:\/\/www.mines-stetienne.fr\/author\/concettina-andrello\/\" target=\"_blank\" rel=\"noopener noreferrer\">ANDRELLO Concettina<\/a><\/li>\n<li><a href=\"https:\/\/www.mines-stetienne.fr\/author\/thomas-cavoue\/\" target=\"_blank\" rel=\"noopener noreferrer\">CAVOUE Thomas<\/a><\/li>\n<li><a href=\"https:\/\/www.mines-stetienne.fr\/author\/joao-preturlan\/\" target=\"_blank\" rel=\"noopener noreferrer\">DAL-BO-PRETURLAN Joao<\/a><\/li>\n<li><a href=\"https:\/\/www.mines-stetienne.fr\/author\/mathieu-de-langlard\/\" target=\"_blank\" rel=\"noopener noreferrer\">DE LANGLARD Mathieu<\/a><\/li>\n<li><a href=\"https:\/\/www.mines-stetienne.fr\/author\/lenaic-desfougeres\/\" target=\"_blank\" rel=\"noopener noreferrer\">DESFOUGERES Lena\u00efc<\/a><\/li>\n<li><a href=\"https:\/\/www.mines-stetienne.fr\/author\/tatyana-eremina\/\" target=\"_blank\" rel=\"noopener noreferrer\">EREMINA Tatyana<\/a><\/li>\n<li><a href=\"https:\/\/www.mines-stetienne.fr\/author\/sandra-geara\/\" target=\"_blank\" rel=\"noopener noreferrer\">GEARA Sandra<\/a><\/li>\n<li><a href=\"https:\/\/www.mines-stetienne.fr\/author\/mathilde-gestin\/\" target=\"_blank\" rel=\"noopener noreferrer\">GESTIN Mathilde<\/a><\/li>\n<li><a href=\"https:\/\/www.mines-stetienne.fr\/author\/son-ho-van\/\" target=\"_blank\" rel=\"noopener noreferrer\">HO-VAN Son<\/a><\/li>\n<\/ul>\n<\/td>\n<td style=\"width: 5%\">&nbsp;<\/td>\n<td style=\"width: 30%\" valign=\"top\"><strong>From K to N<\/strong>&nbsp;<\/p>\n<ul>\n<li><a href=\"https:\/\/www.mines-stetienne.fr\/author\/malgorzata-kaminska\/\" target=\"_blank\" rel=\"noopener noreferrer\">KAMINSKA Malgorzata<\/a><\/li>\n<li><a href=\"https:\/\/www.mines-stetienne.fr\/author\/omar-kassem\/\" target=\"_blank\" rel=\"noopener noreferrer\">KASSEM Omar<\/a><\/li>\n<li><a href=\"https:\/\/www.mines-stetienne.fr\/author\/amel-kort\/\" target=\"_blank\" rel=\"noopener noreferrer\">KORT Amel<\/a><\/li>\n<li><a href=\"https:\/\/www.mines-stetienne.fr\/author\/carlos-lange-bassani\/\" target=\"_blank\" rel=\"noopener noreferrer\">LANGE-BASSANI Carlos<\/a><\/li>\n<li>LE Thang<\/li>\n<li>LOUATI Haithem<\/li>\n<li>MAGHSOODLOOBABAKHANI Saheb<\/li>\n<li><a href=\"https:\/\/www.mines-stetienne.fr\/en\/author\/simon-nadeau\" target=\"_blank\" rel=\"noopener noreferrer\">NADEAU Simon<\/a><\/li>\n<li><a href=\"https:\/\/www.mines-stetienne.fr\/author\/gita-nematbakhsh\/\" target=\"_blank\" rel=\"noopener noreferrer\">NEMATBAKHSH-ABKENAR Gita<\/a><\/li>\n<\/ul>\n<\/td>\n<td style=\"width: 5%\">&nbsp;<\/td>\n<td style=\"width: 30%\" valign=\"top\"><strong>From P to Z<\/strong>&nbsp;<\/p>\n<ul>\n<li><a href=\"https:\/\/www.mines-stetienne.fr\/author\/juan-carlos-pereira\/\" target=\"_blank\" rel=\"noopener noreferrer\">PEREIRA-IBARRA Juan-Carlos<\/a><\/li>\n<li><a href=\"https:\/\/www.mines-stetienne.fr\/author\/victor-rabiet\/\" target=\"_blank\" rel=\"noopener noreferrer\">RABIET Victor<\/a><\/li>\n<li><a href=\"https:\/\/www.mines-stetienne.fr\/author\/adrien-reynaud\/\" target=\"_blank\" rel=\"noopener noreferrer\">REYNAUD Adrien<\/a><\/li>\n<li><a href=\"https:\/\/www.mines-stetienne.fr\/author\/vinicius-de-almeida\/\" target=\"_blank\" rel=\"noopener noreferrer\">RODRIGUES-DE-ALMEIDA Vinicius<\/a><\/li>\n<li><a href=\"https:\/\/www.mines-stetienne.fr\/author\/mathieu-scattolin\/\" target=\"_blank\" rel=\"noopener noreferrer\">SCATTOLIN Mathieu<\/a><\/li>\n<li><a href=\"https:\/\/www.mines-stetienne.fr\/author\/mohamad-siblani\/\" target=\"_blank\" rel=\"noopener noreferrer\">SIBLANI Mohamad-Mahdi<\/a><\/li>\n<li><a href=\"https:\/\/www.mines-stetienne.fr\/author\/erlend-straume\" target=\"_blank\" rel=\"noopener noreferrer\">STRAUME Erlend<\/a><\/li>\n<li><a href=\"https:\/\/www.mines-stetienne.fr\/author\/nikhil-tembhurnikar\/\" target=\"_blank\" rel=\"noopener noreferrer\">TEMBHURNIKAR Nikhil-Vinayak<\/a><\/li>\n<li><a href=\"https:\/\/www.mines-stetienne.fr\/author\/roland-zino\/\" target=\"_blank\" rel=\"noopener noreferrer\">ZINO Roland<\/a><\/li>\n<\/ul>\n<\/td>\n<\/tr>\n<\/tbody>\n<\/table>\n","protected":false},"excerpt":{"rendered":"<p>Permanent scientific staff From A to F&nbsp; BARTHOLIN Marie-Claude BILAL Essa\u00efd BONNEFOY Olivier BOUILLOT Baptiste BOURGOIS Jacques BREUIL Philippe CAMEIRAO Ana CHAUVY Fabien DEBAYLE Johan DOUZET J\u00e9r\u00f4me DROGO Richard DUJARDIN Florence DUMAZER Guillaume FAURE Hubert FAURE Olivier FAVERGEON Lo\u00efc FISCHER &hellip;<\/p>\n","protected":false},"author":2,"featured_media":0,"parent":10,"menu_order":10,"comment_status":"closed","ping_status":"closed","template":"","meta":{"footnotes":""},"tags":[],"class_list":["post-59","page","type-page","status-publish","hentry"],"pp_statuses_selecting_workflow":false,"pp_workflow_action":"current","pp_status_selection":"publish","pp_force_visibility":null,"pp_subpost_visibility":null,"pp_inherited_force_visibility":null,"pp_inherited_subpost_visibility":null,"yoast_head":"<!-- This site is optimized with the Yoast SEO plugin v27.5 - https:\/\/yoast.com\/product\/yoast-seo-wordpress\/ -->\n<title>Staff - SPIN<\/title>\n<meta name=\"robots\" content=\"index, follow, max-snippet:-1, max-image-preview:large, max-video-preview:-1\" \/>\n<link rel=\"canonical\" href=\"https:\/\/www.mines-stetienne.fr\/spin\/opportunities\/staff\/\" \/>\n<meta property=\"og:locale\" content=\"en_GB\" \/>\n<meta property=\"og:type\" content=\"article\" \/>\n<meta property=\"og:title\" content=\"Staff - SPIN\" \/>\n<meta property=\"og:description\" content=\"Permanent scientific staff From A to F&nbsp; BARTHOLIN Marie-Claude BILAL Essa\u00efd BONNEFOY Olivier BOUILLOT Baptiste BOURGOIS Jacques BREUIL Philippe CAMEIRAO Ana CHAUVY Fabien DEBAYLE Johan DOUZET J\u00e9r\u00f4me DROGO Richard DUJARDIN Florence DUMAZER Guillaume FAURE Hubert FAURE Olivier FAVERGEON Lo\u00efc FISCHER &hellip;\" \/>\n<meta property=\"og:url\" content=\"https:\/\/www.mines-stetienne.fr\/spin\/opportunities\/staff\/\" \/>\n<meta property=\"og:site_name\" content=\"SPIN\" \/>\n<meta property=\"article:modified_time\" content=\"2020-01-30T15:46:22+00:00\" \/>\n<meta name=\"twitter:card\" content=\"summary_large_image\" \/>\n<meta name=\"twitter:label1\" content=\"Estimated reading time\" \/>\n\t<meta name=\"twitter:data1\" content=\"1 minute\" \/>\n<script type=\"application\/ld+json\" class=\"yoast-schema-graph\">{\"@context\":\"https:\\\/\\\/schema.org\",\"@graph\":[{\"@type\":\"WebPage\",\"@id\":\"https:\\\/\\\/www.mines-stetienne.fr\\\/spin\\\/opportunities\\\/staff\\\/\",\"url\":\"https:\\\/\\\/www.mines-stetienne.fr\\\/spin\\\/opportunities\\\/staff\\\/\",\"name\":\"Staff - SPIN\",\"isPartOf\":{\"@id\":\"https:\\\/\\\/www.mines-stetienne.fr\\\/spin\\\/#website\"},\"datePublished\":\"2019-01-24T14:06:00+00:00\",\"dateModified\":\"2020-01-30T15:46:22+00:00\",\"breadcrumb\":{\"@id\":\"https:\\\/\\\/www.mines-stetienne.fr\\\/spin\\\/opportunities\\\/staff\\\/#breadcrumb\"},\"inLanguage\":\"en-GB\",\"potentialAction\":[{\"@type\":\"ReadAction\",\"target\":[\"https:\\\/\\\/www.mines-stetienne.fr\\\/spin\\\/opportunities\\\/staff\\\/\"]}]},{\"@type\":\"BreadcrumbList\",\"@id\":\"https:\\\/\\\/www.mines-stetienne.fr\\\/spin\\\/opportunities\\\/staff\\\/#breadcrumb\",\"itemListElement\":[{\"@type\":\"ListItem\",\"position\":1,\"name\":\"Home\",\"item\":\"https:\\\/\\\/www.mines-stetienne.fr\\\/spin\\\/\"},{\"@type\":\"ListItem\",\"position\":2,\"name\":\"Contact\",\"item\":\"https:\\\/\\\/www.mines-stetienne.fr\\\/spin\\\/opportunities\\\/\"},{\"@type\":\"ListItem\",\"position\":3,\"name\":\"Staff\"}]},{\"@type\":\"WebSite\",\"@id\":\"https:\\\/\\\/www.mines-stetienne.fr\\\/spin\\\/#website\",\"url\":\"https:\\\/\\\/www.mines-stetienne.fr\\\/spin\\\/\",\"name\":\"SPIN\",\"description\":\"Centre for Chemical Engineering\",\"potentialAction\":[{\"@type\":\"SearchAction\",\"target\":{\"@type\":\"EntryPoint\",\"urlTemplate\":\"https:\\\/\\\/www.mines-stetienne.fr\\\/spin\\\/?s={search_term_string}\"},\"query-input\":{\"@type\":\"PropertyValueSpecification\",\"valueRequired\":true,\"valueName\":\"search_term_string\"}}],\"inLanguage\":\"en-GB\"}]}<\/script>\n<!-- \/ Yoast SEO plugin. -->","yoast_head_json":{"title":"Staff - SPIN","robots":{"index":"index","follow":"follow","max-snippet":"max-snippet:-1","max-image-preview":"max-image-preview:large","max-video-preview":"max-video-preview:-1"},"canonical":"https:\/\/www.mines-stetienne.fr\/spin\/opportunities\/staff\/","og_locale":"en_GB","og_type":"article","og_title":"Staff - SPIN","og_description":"Permanent scientific staff From A to F&nbsp; BARTHOLIN Marie-Claude BILAL Essa\u00efd BONNEFOY Olivier BOUILLOT Baptiste BOURGOIS Jacques BREUIL Philippe CAMEIRAO Ana CHAUVY Fabien DEBAYLE Johan DOUZET J\u00e9r\u00f4me DROGO Richard DUJARDIN Florence DUMAZER Guillaume FAURE Hubert FAURE Olivier FAVERGEON Lo\u00efc FISCHER &hellip;","og_url":"https:\/\/www.mines-stetienne.fr\/spin\/opportunities\/staff\/","og_site_name":"SPIN","article_modified_time":"2020-01-30T15:46:22+00:00","twitter_card":"summary_large_image","twitter_misc":{"Estimated reading time":"1 minute"},"schema":{"@context":"https:\/\/schema.org","@graph":[{"@type":"WebPage","@id":"https:\/\/www.mines-stetienne.fr\/spin\/opportunities\/staff\/","url":"https:\/\/www.mines-stetienne.fr\/spin\/opportunities\/staff\/","name":"Staff - SPIN","isPartOf":{"@id":"https:\/\/www.mines-stetienne.fr\/spin\/#website"},"datePublished":"2019-01-24T14:06:00+00:00","dateModified":"2020-01-30T15:46:22+00:00","breadcrumb":{"@id":"https:\/\/www.mines-stetienne.fr\/spin\/opportunities\/staff\/#breadcrumb"},"inLanguage":"en-GB","potentialAction":[{"@type":"ReadAction","target":["https:\/\/www.mines-stetienne.fr\/spin\/opportunities\/staff\/"]}]},{"@type":"BreadcrumbList","@id":"https:\/\/www.mines-stetienne.fr\/spin\/opportunities\/staff\/#breadcrumb","itemListElement":[{"@type":"ListItem","position":1,"name":"Home","item":"https:\/\/www.mines-stetienne.fr\/spin\/"},{"@type":"ListItem","position":2,"name":"Contact","item":"https:\/\/www.mines-stetienne.fr\/spin\/opportunities\/"},{"@type":"ListItem","position":3,"name":"Staff"}]},{"@type":"WebSite","@id":"https:\/\/www.mines-stetienne.fr\/spin\/#website","url":"https:\/\/www.mines-stetienne.fr\/spin\/","name":"SPIN","description":"Centre for Chemical Engineering","potentialAction":[{"@type":"SearchAction","target":{"@type":"EntryPoint","urlTemplate":"https:\/\/www.mines-stetienne.fr\/spin\/?s={search_term_string}"},"query-input":{"@type":"PropertyValueSpecification","valueRequired":true,"valueName":"search_term_string"}}],"inLanguage":"en-GB"}]}},"_links":{"self":[{"href":"https:\/\/www.mines-stetienne.fr\/spin\/wp-json\/wp\/v2\/pages\/59","targetHints":{"allow":["GET"]}}],"collection":[{"href":"https:\/\/www.mines-stetienne.fr\/spin\/wp-json\/wp\/v2\/pages"}],"about":[{"href":"https:\/\/www.mines-stetienne.fr\/spin\/wp-json\/wp\/v2\/types\/page"}],"author":[{"embeddable":true,"href":"https:\/\/www.mines-stetienne.fr\/spin\/wp-json\/wp\/v2\/users\/2"}],"replies":[{"embeddable":true,"href":"https:\/\/www.mines-stetienne.fr\/spin\/wp-json\/wp\/v2\/comments?post=59"}],"version-history":[{"count":38,"href":"https:\/\/www.mines-stetienne.fr\/spin\/wp-json\/wp\/v2\/pages\/59\/revisions"}],"predecessor-version":[{"id":970,"href":"https:\/\/www.mines-stetienne.fr\/spin\/wp-json\/wp\/v2\/pages\/59\/revisions\/970"}],"up":[{"embeddable":true,"href":"https:\/\/www.mines-stetienne.fr\/spin\/wp-json\/wp\/v2\/pages\/10"}],"wp:attachment":[{"href":"https:\/\/www.mines-stetienne.fr\/spin\/wp-json\/wp\/v2\/media?parent=59"}],"wp:term":[{"taxonomy":"post_tag","embeddable":true,"href":"https:\/\/www.mines-stetienne.fr\/spin\/wp-json\/wp\/v2\/tags?post=59"}],"curies":[{"name":"wp","href":"https:\/\/api.w.org\/{rel}","templated":true}]}}