{"id":91,"date":"2019-02-19T17:58:51","date_gmt":"2019-02-19T16:58:51","guid":{"rendered":"https:\/\/www.mines-stetienne.fr\/spin-fr\/?page_id=91"},"modified":"2022-02-03T16:35:54","modified_gmt":"2022-02-03T15:35:54","slug":"laboratoires-specialises","status":"publish","type":"page","link":"https:\/\/www.mines-stetienne.fr\/spin-fr\/ressources\/laboratoires-specialises\/","title":{"rendered":"Laboratoires sp\u00e9cialis\u00e9s"},"content":{"rendered":"<p>Le centre SPIN est dot\u00e9 de plusieurs laboratoires sp\u00e9calis\u00e9s avec acc\u00e8s s\u00e9curis\u00e9 :<\/p>\n<table style=\"width: 100.831%;height: 802px\" border=\"0\" width=\"100%\" cellspacing=\"0\" cellpadding=\"0\">\n<tbody>\n<tr style=\"height: 202px\">\n<td style=\"height: 158px;width: 25%\" width=\"25%\"><a><img decoding=\"async\" class=\"alignleft\" src=\"https:\/\/www.mines-stetienne.fr\/spin\/wp-content\/uploads\/sites\/11\/2019\/02\/LaboHydrate.jpg\" \/><\/a><\/td>\n<td style=\"height: 158px;width: 5%\" width=\"5%\"><\/td>\n<td style=\"height: 158px;width: 25%\" width=\"25%\"><a><img decoding=\"async\" class=\"alignleft\" src=\"https:\/\/www.mines-stetienne.fr\/spin\/wp-content\/uploads\/sites\/11\/2019\/02\/LaboCiment.jpg\" \/><\/a><\/td>\n<td style=\"height: 158px;width: 5%\" width=\"5%\"><\/td>\n<td style=\"height: 158px;width: 26.1209%\" width=\"25%\"><a><img decoding=\"async\" class=\"alignleft\" src=\"https:\/\/www.mines-stetienne.fr\/spin\/wp-content\/uploads\/sites\/11\/2019\/02\/LaboBio.jpg\" \/><\/a><a><br \/>\n<\/a><\/td>\n<\/tr>\n<tr style=\"height: 65px\">\n<td style=\"height: 19px;width: 25%\" align=\"center\" width=\"25%\">\n<h4><a>Labos Hydrates<\/a><\/h4>\n<\/td>\n<td style=\"height: 19px;width: 5%\" width=\"5%\"><\/td>\n<td style=\"height: 19px;width: 25%\" align=\"center\" width=\"25%\">\n<h4><a>Labos Ciment<\/a><\/h4>\n<\/td>\n<td style=\"height: 19px;width: 5%\" width=\"5%\"><\/td>\n<td style=\"height: 19px;width: 26.1209%\" align=\"center\" width=\"25%\">\n<h4><a>Labo Bio<\/a><\/h4>\n<\/td>\n<\/tr>\n<tr style=\"height: 64px\">\n<td style=\"height: 43px;width: 25%\" align=\"center\" width=\"25%\">R\u00e9acteurs haute pression, basse temp\u00e9rature + boucle de circulation<\/td>\n<td style=\"height: 43px;width: 5%\" width=\"5%\"><\/td>\n<td style=\"height: 43px;width: 25%\" align=\"center\" width=\"25%\">Malaxeurs, TOC, analyse thermique, conductim\u00e9trie, rh\u00e9om\u00e9trie<\/td>\n<td style=\"height: 43px;width: 5%\" width=\"5%\"><\/td>\n<td style=\"height: 43px;width: 26.1209%\" align=\"center\" width=\"25%\">Salle st\u00e9rile 17 m\u00b2, autoclave, hotte de s\u00e9curit\u00e9 biologique<\/td>\n<\/tr>\n<tr style=\"height: 44px\">\n<td style=\"width: 25%;height: 44px\"><\/td>\n<td style=\"width: 5%;height: 44px\"><\/td>\n<td style=\"width: 25%;height: 44px\"><\/td>\n<td style=\"width: 5%;height: 44px\"><\/td>\n<td style=\"width: 26.1209%;height: 44px\"><\/td>\n<\/tr>\n<tr style=\"height: 202px\">\n<td style=\"height: 202px;width: 25%\" width=\"25%\"><a><img decoding=\"async\" class=\"alignnone\" src=\"https:\/\/www.mines-stetienne.fr\/spin\/wp-content\/uploads\/sites\/11\/2019\/02\/LaboNano.jpg\" \/><\/a><\/td>\n<td style=\"height: 202px;width: 5%\" width=\"5%\"><\/td>\n<td style=\"height: 202px;width: 25%\" width=\"25%\"><a><img decoding=\"async\" class=\"alignleft\" src=\"https:\/\/www.mines-stetienne.fr\/spin\/wp-content\/uploads\/sites\/11\/2019\/02\/LaboU.jpg\" \/><\/a><\/td>\n<td style=\"height: 202px;width: 5%\" width=\"5%\"><\/td>\n<td style=\"height: 202px;width: 26.1209%\" width=\"25%\"><a><img decoding=\"async\" class=\"alignleft\" src=\"https:\/\/www.mines-stetienne.fr\/spin\/wp-content\/uploads\/sites\/11\/2019\/02\/LaboPhyto.jpg\" \/><\/a><\/td>\n<\/tr>\n<tr style=\"height: 65px\">\n<td style=\"height: 40px;width: 25%\" align=\"center\" width=\"25%\">\n<h4><a>Labo Nano<\/a><\/h4>\n<\/td>\n<td style=\"height: 40px;width: 5%\" width=\"5%\"><\/td>\n<td style=\"height: 40px;width: 25%\" align=\"center\" width=\"25%\">\n<h4><a>Labo Uranium<\/a><\/h4>\n<\/td>\n<td style=\"height: 40px;width: 5%\" width=\"5%\"><\/td>\n<td style=\"height: 40px;width: 26.1209%\" align=\"center\" width=\"25%\">\n<h4><a>Labo Phyto<\/a><\/h4>\n<\/td>\n<\/tr>\n<tr style=\"height: 43px\">\n<td style=\"height: 10px;width: 25%\" align=\"center\" width=\"25%\">17 m\u00b2, 2 bo\u00eetes \u00e0 gants, balance, atmosph\u00e8re contr\u00f4l\u00e9e<\/td>\n<td style=\"height: 10px;width: 5%\" width=\"5%\"><\/td>\n<td style=\"height: 10px;width: 25%\" align=\"center\" width=\"25%\">20 m\u00b2, stockage de 1 kg, compteur Geiger<\/td>\n<td style=\"height: 10px;width: 5%\" width=\"5%\"><\/td>\n<td style=\"height: 10px;width: 26.1209%\" align=\"center\" width=\"25%\">Contr\u00f4le en humidit\u00e9, temp\u00e9rature et lumi\u00e8re<\/td>\n<\/tr>\n<\/tbody>\n<\/table>\n","protected":false},"excerpt":{"rendered":"<p>Le centre SPIN est dot\u00e9 de plusieurs laboratoires sp\u00e9calis\u00e9s avec acc\u00e8s s\u00e9curis\u00e9 : Labos Hydrates Labos Ciment Labo Bio R\u00e9acteurs haute pression, basse temp\u00e9rature + boucle de circulation Malaxeurs, TOC, analyse thermique, conductim\u00e9trie, rh\u00e9om\u00e9trie Salle st\u00e9rile 17 m\u00b2, autoclave, hotte &hellip;<\/p>\n","protected":false},"author":1478,"featured_media":0,"parent":5,"menu_order":21,"comment_status":"closed","ping_status":"closed","template":"","meta":{"footnotes":""},"tags":[],"class_list":["post-91","page","type-page","status-publish","hentry"],"pp_statuses_selecting_workflow":false,"pp_workflow_action":"current","pp_status_selection":"publish","pp_force_visibility":null,"pp_subpost_visibility":null,"pp_inherited_force_visibility":null,"pp_inherited_subpost_visibility":null,"yoast_head":"<!-- This site is optimized with the Yoast SEO plugin v27.5 - https:\/\/yoast.com\/product\/yoast-seo-wordpress\/ -->\n<title>Laboratoires sp\u00e9cialis\u00e9s - Centre SPIN<\/title>\n<meta name=\"robots\" content=\"index, follow, max-snippet:-1, max-image-preview:large, max-video-preview:-1\" \/>\n<link rel=\"canonical\" href=\"https:\/\/www.mines-stetienne.fr\/spin-fr\/ressources\/laboratoires-specialises\/\" \/>\n<meta property=\"og:locale\" content=\"fr_FR\" \/>\n<meta property=\"og:type\" content=\"article\" \/>\n<meta property=\"og:title\" content=\"Laboratoires sp\u00e9cialis\u00e9s - Centre SPIN\" \/>\n<meta property=\"og:description\" content=\"Le centre SPIN est dot\u00e9 de plusieurs laboratoires sp\u00e9calis\u00e9s avec acc\u00e8s s\u00e9curis\u00e9 : Labos Hydrates Labos Ciment Labo Bio R\u00e9acteurs haute pression, basse temp\u00e9rature + boucle de circulation Malaxeurs, TOC, analyse thermique, conductim\u00e9trie, rh\u00e9om\u00e9trie Salle st\u00e9rile 17 m\u00b2, autoclave, hotte &hellip;\" \/>\n<meta property=\"og:url\" content=\"https:\/\/www.mines-stetienne.fr\/spin-fr\/ressources\/laboratoires-specialises\/\" \/>\n<meta property=\"og:site_name\" content=\"Centre SPIN\" \/>\n<meta property=\"article:modified_time\" content=\"2022-02-03T15:35:54+00:00\" \/>\n<meta property=\"og:image\" content=\"https:\/\/www.mines-stetienne.fr\/spin\/wp-content\/uploads\/sites\/11\/2019\/02\/LaboHydrate.jpg\" \/>\n<meta name=\"twitter:card\" content=\"summary_large_image\" \/>\n<meta name=\"twitter:label1\" content=\"Dur\u00e9e de lecture estim\u00e9e\" \/>\n\t<meta name=\"twitter:data1\" content=\"2 minutes\" \/>\n<script type=\"application\/ld+json\" class=\"yoast-schema-graph\">{\"@context\":\"https:\\\/\\\/schema.org\",\"@graph\":[{\"@type\":\"WebPage\",\"@id\":\"https:\\\/\\\/www.mines-stetienne.fr\\\/spin-fr\\\/ressources\\\/laboratoires-specialises\\\/\",\"url\":\"https:\\\/\\\/www.mines-stetienne.fr\\\/spin-fr\\\/ressources\\\/laboratoires-specialises\\\/\",\"name\":\"Laboratoires sp\u00e9cialis\u00e9s - Centre SPIN\",\"isPartOf\":{\"@id\":\"https:\\\/\\\/www.mines-stetienne.fr\\\/spin-fr\\\/#website\"},\"primaryImageOfPage\":{\"@id\":\"https:\\\/\\\/www.mines-stetienne.fr\\\/spin-fr\\\/ressources\\\/laboratoires-specialises\\\/#primaryimage\"},\"image\":{\"@id\":\"https:\\\/\\\/www.mines-stetienne.fr\\\/spin-fr\\\/ressources\\\/laboratoires-specialises\\\/#primaryimage\"},\"thumbnailUrl\":\"https:\\\/\\\/www.mines-stetienne.fr\\\/spin\\\/wp-content\\\/uploads\\\/sites\\\/11\\\/2019\\\/02\\\/LaboHydrate.jpg\",\"datePublished\":\"2019-02-19T16:58:51+00:00\",\"dateModified\":\"2022-02-03T15:35:54+00:00\",\"breadcrumb\":{\"@id\":\"https:\\\/\\\/www.mines-stetienne.fr\\\/spin-fr\\\/ressources\\\/laboratoires-specialises\\\/#breadcrumb\"},\"inLanguage\":\"fr-FR\",\"potentialAction\":[{\"@type\":\"ReadAction\",\"target\":[\"https:\\\/\\\/www.mines-stetienne.fr\\\/spin-fr\\\/ressources\\\/laboratoires-specialises\\\/\"]}]},{\"@type\":\"ImageObject\",\"inLanguage\":\"fr-FR\",\"@id\":\"https:\\\/\\\/www.mines-stetienne.fr\\\/spin-fr\\\/ressources\\\/laboratoires-specialises\\\/#primaryimage\",\"url\":\"https:\\\/\\\/www.mines-stetienne.fr\\\/spin\\\/wp-content\\\/uploads\\\/sites\\\/11\\\/2019\\\/02\\\/LaboHydrate.jpg\",\"contentUrl\":\"https:\\\/\\\/www.mines-stetienne.fr\\\/spin\\\/wp-content\\\/uploads\\\/sites\\\/11\\\/2019\\\/02\\\/LaboHydrate.jpg\"},{\"@type\":\"BreadcrumbList\",\"@id\":\"https:\\\/\\\/www.mines-stetienne.fr\\\/spin-fr\\\/ressources\\\/laboratoires-specialises\\\/#breadcrumb\",\"itemListElement\":[{\"@type\":\"ListItem\",\"position\":1,\"name\":\"Accueil\",\"item\":\"https:\\\/\\\/www.mines-stetienne.fr\\\/spin-fr\\\/\"},{\"@type\":\"ListItem\",\"position\":2,\"name\":\"Ressources\",\"item\":\"https:\\\/\\\/www.mines-stetienne.fr\\\/spin-fr\\\/ressources\\\/\"},{\"@type\":\"ListItem\",\"position\":3,\"name\":\"Laboratoires sp\u00e9cialis\u00e9s\"}]},{\"@type\":\"WebSite\",\"@id\":\"https:\\\/\\\/www.mines-stetienne.fr\\\/spin-fr\\\/#website\",\"url\":\"https:\\\/\\\/www.mines-stetienne.fr\\\/spin-fr\\\/\",\"name\":\"Centre SPIN\",\"description\":\"\u2013 G\u00e9nie des Proc\u00e9d\u00e9s\",\"potentialAction\":[{\"@type\":\"SearchAction\",\"target\":{\"@type\":\"EntryPoint\",\"urlTemplate\":\"https:\\\/\\\/www.mines-stetienne.fr\\\/spin-fr\\\/?s={search_term_string}\"},\"query-input\":{\"@type\":\"PropertyValueSpecification\",\"valueRequired\":true,\"valueName\":\"search_term_string\"}}],\"inLanguage\":\"fr-FR\"}]}<\/script>\n<!-- \/ Yoast SEO plugin. -->","yoast_head_json":{"title":"Laboratoires sp\u00e9cialis\u00e9s - Centre SPIN","robots":{"index":"index","follow":"follow","max-snippet":"max-snippet:-1","max-image-preview":"max-image-preview:large","max-video-preview":"max-video-preview:-1"},"canonical":"https:\/\/www.mines-stetienne.fr\/spin-fr\/ressources\/laboratoires-specialises\/","og_locale":"fr_FR","og_type":"article","og_title":"Laboratoires sp\u00e9cialis\u00e9s - Centre SPIN","og_description":"Le centre SPIN est dot\u00e9 de plusieurs laboratoires sp\u00e9calis\u00e9s avec acc\u00e8s s\u00e9curis\u00e9 : Labos Hydrates Labos Ciment Labo Bio R\u00e9acteurs haute pression, basse temp\u00e9rature + boucle de circulation Malaxeurs, TOC, analyse thermique, conductim\u00e9trie, rh\u00e9om\u00e9trie Salle st\u00e9rile 17 m\u00b2, autoclave, hotte &hellip;","og_url":"https:\/\/www.mines-stetienne.fr\/spin-fr\/ressources\/laboratoires-specialises\/","og_site_name":"Centre SPIN","article_modified_time":"2022-02-03T15:35:54+00:00","og_image":[{"url":"https:\/\/www.mines-stetienne.fr\/spin\/wp-content\/uploads\/sites\/11\/2019\/02\/LaboHydrate.jpg","type":"","width":"","height":""}],"twitter_card":"summary_large_image","twitter_misc":{"Dur\u00e9e de lecture estim\u00e9e":"2 minutes"},"schema":{"@context":"https:\/\/schema.org","@graph":[{"@type":"WebPage","@id":"https:\/\/www.mines-stetienne.fr\/spin-fr\/ressources\/laboratoires-specialises\/","url":"https:\/\/www.mines-stetienne.fr\/spin-fr\/ressources\/laboratoires-specialises\/","name":"Laboratoires sp\u00e9cialis\u00e9s - Centre SPIN","isPartOf":{"@id":"https:\/\/www.mines-stetienne.fr\/spin-fr\/#website"},"primaryImageOfPage":{"@id":"https:\/\/www.mines-stetienne.fr\/spin-fr\/ressources\/laboratoires-specialises\/#primaryimage"},"image":{"@id":"https:\/\/www.mines-stetienne.fr\/spin-fr\/ressources\/laboratoires-specialises\/#primaryimage"},"thumbnailUrl":"https:\/\/www.mines-stetienne.fr\/spin\/wp-content\/uploads\/sites\/11\/2019\/02\/LaboHydrate.jpg","datePublished":"2019-02-19T16:58:51+00:00","dateModified":"2022-02-03T15:35:54+00:00","breadcrumb":{"@id":"https:\/\/www.mines-stetienne.fr\/spin-fr\/ressources\/laboratoires-specialises\/#breadcrumb"},"inLanguage":"fr-FR","potentialAction":[{"@type":"ReadAction","target":["https:\/\/www.mines-stetienne.fr\/spin-fr\/ressources\/laboratoires-specialises\/"]}]},{"@type":"ImageObject","inLanguage":"fr-FR","@id":"https:\/\/www.mines-stetienne.fr\/spin-fr\/ressources\/laboratoires-specialises\/#primaryimage","url":"https:\/\/www.mines-stetienne.fr\/spin\/wp-content\/uploads\/sites\/11\/2019\/02\/LaboHydrate.jpg","contentUrl":"https:\/\/www.mines-stetienne.fr\/spin\/wp-content\/uploads\/sites\/11\/2019\/02\/LaboHydrate.jpg"},{"@type":"BreadcrumbList","@id":"https:\/\/www.mines-stetienne.fr\/spin-fr\/ressources\/laboratoires-specialises\/#breadcrumb","itemListElement":[{"@type":"ListItem","position":1,"name":"Accueil","item":"https:\/\/www.mines-stetienne.fr\/spin-fr\/"},{"@type":"ListItem","position":2,"name":"Ressources","item":"https:\/\/www.mines-stetienne.fr\/spin-fr\/ressources\/"},{"@type":"ListItem","position":3,"name":"Laboratoires sp\u00e9cialis\u00e9s"}]},{"@type":"WebSite","@id":"https:\/\/www.mines-stetienne.fr\/spin-fr\/#website","url":"https:\/\/www.mines-stetienne.fr\/spin-fr\/","name":"Centre SPIN","description":"\u2013 G\u00e9nie des Proc\u00e9d\u00e9s","potentialAction":[{"@type":"SearchAction","target":{"@type":"EntryPoint","urlTemplate":"https:\/\/www.mines-stetienne.fr\/spin-fr\/?s={search_term_string}"},"query-input":{"@type":"PropertyValueSpecification","valueRequired":true,"valueName":"search_term_string"}}],"inLanguage":"fr-FR"}]}},"_links":{"self":[{"href":"https:\/\/www.mines-stetienne.fr\/spin-fr\/wp-json\/wp\/v2\/pages\/91","targetHints":{"allow":["GET"]}}],"collection":[{"href":"https:\/\/www.mines-stetienne.fr\/spin-fr\/wp-json\/wp\/v2\/pages"}],"about":[{"href":"https:\/\/www.mines-stetienne.fr\/spin-fr\/wp-json\/wp\/v2\/types\/page"}],"author":[{"embeddable":true,"href":"https:\/\/www.mines-stetienne.fr\/spin-fr\/wp-json\/wp\/v2\/users\/1478"}],"replies":[{"embeddable":true,"href":"https:\/\/www.mines-stetienne.fr\/spin-fr\/wp-json\/wp\/v2\/comments?post=91"}],"version-history":[{"count":8,"href":"https:\/\/www.mines-stetienne.fr\/spin-fr\/wp-json\/wp\/v2\/pages\/91\/revisions"}],"predecessor-version":[{"id":606,"href":"https:\/\/www.mines-stetienne.fr\/spin-fr\/wp-json\/wp\/v2\/pages\/91\/revisions\/606"}],"up":[{"embeddable":true,"href":"https:\/\/www.mines-stetienne.fr\/spin-fr\/wp-json\/wp\/v2\/pages\/5"}],"wp:attachment":[{"href":"https:\/\/www.mines-stetienne.fr\/spin-fr\/wp-json\/wp\/v2\/media?parent=91"}],"wp:term":[{"taxonomy":"post_tag","embeddable":true,"href":"https:\/\/www.mines-stetienne.fr\/spin-fr\/wp-json\/wp\/v2\/tags?post=91"}],"curies":[{"name":"wp","href":"https:\/\/api.w.org\/{rel}","templated":true}]}}