{"id":88,"date":"2019-02-19T17:55:03","date_gmt":"2019-02-19T16:55:03","guid":{"rendered":"https:\/\/www.mines-stetienne.fr\/spin-fr\/?page_id=88"},"modified":"2023-06-13T17:21:19","modified_gmt":"2023-06-13T15:21:19","slug":"caracterisation","status":"publish","type":"page","link":"https:\/\/www.mines-stetienne.fr\/spin-fr\/ressources\/caracterisation\/","title":{"rendered":"Instruments de caract\u00e9risation"},"content":{"rendered":"<h3 class=\"collapseomatic arrowright\" id=\"id69f5860b20df7\"  tabindex=\"0\" title=\"Analyse g\u00e9om\u00e9trique (surface et volume)\"    >Analyse g\u00e9om\u00e9trique (surface et volume)<\/h3><div id=\"target-id69f5860b20df7\" class=\"collapseomatic_content \">\n<ul>\n<li>Imagerie\n<ul>\n<li>Microscopie optique<\/li>\n<li>Traitement et analyse d&rsquo;images<\/li>\n<li>Cam\u00e9ra rapide<\/li>\n<li>AFM &#8211; Microscope \u00e0 Force Atomique (paratag\u00e9)<\/li>\n<li>Profilom\u00e9trie<\/li>\n<li>MEB &#8211; Microscopie Electronique \u00e0 Balayage (paratag\u00e9)<\/li>\n<li>MET &#8211; Microscopie Electronique \u00e0 Transmission (conventionelle ou in-situ) (partag\u00e9)<\/li>\n<li><a href=\"https:\/\/www.mines-stetienne.fr\/spin-fr\/ressources\/caracterisation\/micro-tomographie-3d-par-rayons-x\/\" target=\"_blank\" rel=\"noopener noreferrer\">Micro Tomographie 3D par rayons X<\/a><\/li>\n<li>Synchrotron @ ESRF-Grenoble (acc\u00e8s)<\/li>\n<\/ul>\n<\/li>\n<li>Mesure de taille\n<ul>\n<li>Surface sp\u00e9cifique BET<\/li>\n<li>Pycnom\u00e9trie H\u00e9lium<\/li>\n<li>Granulom\u00e9trie Laser<\/li>\n<li>Porosim\u00e9trie par intrusion de mercure<\/li>\n<\/ul>\n<\/li>\n<\/ul>\n<\/div>\n<h3 class=\"collapseomatic arrowright\" id=\"id69f5860b20ee5\"  tabindex=\"0\" title=\"Analyse thermique\"    >Analyse thermique<\/h3><div id=\"target-id69f5860b20ee5\" class=\"collapseomatic_content \">\n<ul>\n<li>Thermo-gravim\u00e9trique\n<ul>\n<li><a href=\"https:\/\/www.mines-stetienne.fr\/spin-fr\/ressources\/caracterisation\/analyse-thermogravimetrique-thermobalance-symetrique-tag-24\/\" target=\"_blank\" rel=\"noopener noreferrer\">ATG Sym\u00e9trique<\/a><\/li>\n<li><a href=\"https:\/\/www.mines-stetienne.fr\/spin-fr\/ressources\/caracterisation\/analyse-calorimetrique-differentielle-a-balayage-dsc\/\" target=\"_blank\" rel=\"noopener noreferrer\">DSC<\/a><\/li>\n<li><a href=\"https:\/\/www.mines-stetienne.fr\/spin-fr\/ressources\/caracterisation\/analyse-thermogravimetrique-tg-92\/\" target=\"_blank\" rel=\"noopener noreferrer\">ATG<\/a><\/li>\n<li><a href=\"https:\/\/www.mines-stetienne.fr\/spin-fr\/ressources\/caracterisation\/analyse-thermogravimetrique-couplee-dsc-calorimetrie-differentielle-a-balayage\/\" target=\"_blank\" rel=\"noopener noreferrer\">ATG-DSC<\/a><\/li>\n<\/ul>\n<\/li>\n<li><a href=\"https:\/\/www.mines-stetienne.fr\/spin-fr\/ressources\/caracterisation\/dilatometrie-tma-analyseur-thermomecanique-modulaire\/\" target=\"_blank\" rel=\"noopener noreferrer\">Dilatom\u00e9trie<\/a><\/li>\n<li><a href=\"https:\/\/www.mines-stetienne.fr\/spin-fr\/ressources\/caracterisation\/calorimetrie\/\" target=\"_blank\" rel=\"noopener noreferrer\">Calorim\u00e9trie<\/a><\/li>\n<li><a href=\"https:\/\/www.mines-stetienne.fr\/spin-fr\/thermodesorption-programmee-en-temperature\/\" target=\"_blank\" rel=\"noopener noreferrer\">Thermod\u00e9sorption programm\u00e9e en temp\u00e9rature<\/a><\/li>\n<\/ul>\n<\/div>\n<h3 class=\"collapseomatic arrowright\" id=\"id69f5860b20f1f\"  tabindex=\"0\" title=\"Analyse chimique\"    >Analyse chimique<\/h3><div id=\"target-id69f5860b20f1f\" class=\"collapseomatic_content \">\n<ul>\n<li>Analyse spectroscopique\n<ul>\n<li><a href=\"https:\/\/www.mines-stetienne.fr\/spin-fr\/microscope-raman-confocal\/\" target=\"_blank\" rel=\"noopener noreferrer\">Raman<\/a><\/li>\n<li><a href=\"https:\/\/www.mines-stetienne.fr\/spin-fr\/ressources\/caracterisation\/ftir\/\" target=\"_blank\" rel=\"noopener noreferrer\">Infra-Rouge<\/a><\/li>\n<li>XPS et ESCA &#8211; X-Ray Photoelectron spectrometry (partag\u00e9)<\/li>\n<li>Spectrom\u00e9trie Auger (partag\u00e9)<\/li>\n<li><a href=\"https:\/\/www.mines-stetienne.fr\/spin-fr\/ressources\/caracterisation\/spectrophotometre-uv-visible\/\" target=\"_blank\" rel=\"noopener noreferrer\">Spectrophotom\u00e8tre UV-Visible<\/a><\/li>\n<\/ul>\n<\/li>\n<li>Analyse \u00e9l\u00e9mentaire\n<ul>\n<li><a href=\"https:\/\/www.mines-stetienne.fr\/spin-fr\/ressources\/caracterisation\/icp-aes\/\" target=\"_blank\" rel=\"noopener noreferrer\">ICP-AES<\/a><\/li>\n<li><a href=\"https:\/\/www.mines-stetienne.fr\/spin-fr\/ressources\/caracterisation\/icp-ms\/\" target=\"_blank\" rel=\"noopener noreferrer\">ICP-MS<\/a><\/li>\n<li>AAS (Atomic Absorption Spectroscopy)<\/li>\n<\/ul>\n<\/li>\n<li>Analyse chromatographique\n<ul>\n<li><a href=\"https:\/\/www.mines-stetienne.fr\/spin-fr\/ressources\/caracterisation\/chromatographie-ionique\/\" target=\"_blank\" rel=\"noopener noreferrer\">Chromatographie ionique<\/a><\/li>\n<li>Chromatographie Gaz<\/li>\n<li><a href=\"https:\/\/www.mines-stetienne.fr\/spin-fr\/ressources\/caracterisation\/chromatographie-liquide-a-haute-performance\/\" target=\"_blank\" rel=\"noopener noreferrer\">HPLC (High Pressure Liquid Chromatography)<\/a><\/li>\n<\/ul>\n<\/li>\n<li><a href=\"https:\/\/www.mines-stetienne.fr\/spin-fr\/ressources\/caracterisation\/diffraction-des-rayons-x\/\" target=\"_blank\" rel=\"noopener noreferrer\">Diffractom\u00e9trie par rayons X (partag\u00e9)<\/a><\/li>\n<\/ul>\n<\/div>\n<h3 class=\"collapseomatic arrowright\" id=\"id69f5860b20f4f\"  tabindex=\"0\" title=\"Analyse \u00e9lectrique\"    >Analyse \u00e9lectrique<\/h3><div id=\"target-id69f5860b20f4f\" class=\"collapseomatic_content \">\n<ul>\n<li>Microscopie \u00e0 Force Electrique EFM (partag\u00e9)<\/li>\n<li>Cage de Faraday + \u00e9lectrom\u00e8tre<\/li>\n<li>Spectroscopie d&rsquo;imp\u00e9dance complexe<\/li>\n<\/ul>\n<\/div>\n<h3 class=\"collapseomatic arrowright\" id=\"id69f5860b20f7b\"  tabindex=\"0\" title=\"Analyse acoustiques \/ vibrations\"    >Analyse acoustiques \/ vibrations<\/h3><div id=\"target-id69f5860b20f7b\" class=\"collapseomatic_content \">\n<ul>\n<li>Emission acoustique<\/li>\n<li>Transducteurs ultrasoniques + g\u00e9n\u00e9rateurs de signaux<\/li>\n<li>Emetteur\/r\u00e9cepteur de pulses<\/li>\n<li>Mesure de temps de vol<\/li>\n<li>Pots vibrants \u00e9lectromagn\u00e9tiques<\/li>\n<\/ul>\n<\/div>\n<h3 class=\"collapseomatic arrowright\" id=\"id69f5860b20fa7\"  tabindex=\"0\" title=\"Analyse m\u00e9canique\"    >Analyse m\u00e9canique<\/h3><div id=\"target-id69f5860b20fa7\" class=\"collapseomatic_content \">\n<ul>\n<li>Machine de traction\/compression<\/li>\n<li>Nano-indentation (coupl\u00e9e au MEB) (partag\u00e9)<\/li>\n<li>Dilatom\u00e9trie<\/li>\n<li><a href=\"https:\/\/www.mines-stetienne.fr\/spin-fr\/ressources\/caracterisation\/powder-rheometer\/\" target=\"_blank\" rel=\"noopener noreferrer\">Rheom\u00e9trie (poudres, liquide, p\u00e2te)<\/a><\/li>\n<li>Tension superficielle par goutte pendante<\/li>\n<\/ul>\n<\/div>\n<h3 class=\"collapseomatic arrowright\" id=\"id69f5860b20fd0\"  tabindex=\"0\" title=\"Analyse de terrain\"    >Analyse de terrain<\/h3><div id=\"target-id69f5860b20fd0\" class=\"collapseomatic_content \">\n<ul>\n<li>GPS<\/li>\n<li>Conductim\u00e9trie<\/li>\n<\/ul>\n<\/div>\n","protected":false},"excerpt":{"rendered":"","protected":false},"author":1478,"featured_media":0,"parent":5,"menu_order":20,"comment_status":"closed","ping_status":"closed","template":"","meta":{"footnotes":""},"tags":[],"class_list":["post-88","page","type-page","status-publish","hentry"],"pp_statuses_selecting_workflow":false,"pp_workflow_action":"current","pp_status_selection":"publish","pp_force_visibility":null,"pp_subpost_visibility":null,"pp_inherited_force_visibility":null,"pp_inherited_subpost_visibility":null,"yoast_head":"<!-- This site is optimized with the Yoast SEO plugin v27.5 - https:\/\/yoast.com\/product\/yoast-seo-wordpress\/ -->\n<title>Instruments de caract\u00e9risation - Centre SPIN<\/title>\n<meta name=\"robots\" content=\"index, follow, max-snippet:-1, max-image-preview:large, max-video-preview:-1\" \/>\n<link rel=\"canonical\" href=\"https:\/\/www.mines-stetienne.fr\/spin-fr\/ressources\/caracterisation\/\" \/>\n<meta property=\"og:locale\" content=\"fr_FR\" \/>\n<meta property=\"og:type\" content=\"article\" \/>\n<meta property=\"og:title\" content=\"Instruments de caract\u00e9risation - Centre SPIN\" \/>\n<meta property=\"og:url\" content=\"https:\/\/www.mines-stetienne.fr\/spin-fr\/ressources\/caracterisation\/\" \/>\n<meta property=\"og:site_name\" content=\"Centre SPIN\" \/>\n<meta property=\"article:modified_time\" content=\"2023-06-13T15:21:19+00:00\" \/>\n<meta name=\"twitter:card\" content=\"summary_large_image\" \/>\n<meta name=\"twitter:label1\" content=\"Dur\u00e9e de lecture estim\u00e9e\" \/>\n\t<meta name=\"twitter:data1\" content=\"2 minutes\" \/>\n<script type=\"application\/ld+json\" class=\"yoast-schema-graph\">{\"@context\":\"https:\\\/\\\/schema.org\",\"@graph\":[{\"@type\":\"WebPage\",\"@id\":\"https:\\\/\\\/www.mines-stetienne.fr\\\/spin-fr\\\/ressources\\\/caracterisation\\\/\",\"url\":\"https:\\\/\\\/www.mines-stetienne.fr\\\/spin-fr\\\/ressources\\\/caracterisation\\\/\",\"name\":\"Instruments de caract\u00e9risation - Centre SPIN\",\"isPartOf\":{\"@id\":\"https:\\\/\\\/www.mines-stetienne.fr\\\/spin-fr\\\/#website\"},\"datePublished\":\"2019-02-19T16:55:03+00:00\",\"dateModified\":\"2023-06-13T15:21:19+00:00\",\"breadcrumb\":{\"@id\":\"https:\\\/\\\/www.mines-stetienne.fr\\\/spin-fr\\\/ressources\\\/caracterisation\\\/#breadcrumb\"},\"inLanguage\":\"fr-FR\",\"potentialAction\":[{\"@type\":\"ReadAction\",\"target\":[\"https:\\\/\\\/www.mines-stetienne.fr\\\/spin-fr\\\/ressources\\\/caracterisation\\\/\"]}]},{\"@type\":\"BreadcrumbList\",\"@id\":\"https:\\\/\\\/www.mines-stetienne.fr\\\/spin-fr\\\/ressources\\\/caracterisation\\\/#breadcrumb\",\"itemListElement\":[{\"@type\":\"ListItem\",\"position\":1,\"name\":\"Accueil\",\"item\":\"https:\\\/\\\/www.mines-stetienne.fr\\\/spin-fr\\\/\"},{\"@type\":\"ListItem\",\"position\":2,\"name\":\"Ressources\",\"item\":\"https:\\\/\\\/www.mines-stetienne.fr\\\/spin-fr\\\/ressources\\\/\"},{\"@type\":\"ListItem\",\"position\":3,\"name\":\"Instruments de caract\u00e9risation\"}]},{\"@type\":\"WebSite\",\"@id\":\"https:\\\/\\\/www.mines-stetienne.fr\\\/spin-fr\\\/#website\",\"url\":\"https:\\\/\\\/www.mines-stetienne.fr\\\/spin-fr\\\/\",\"name\":\"Centre SPIN\",\"description\":\"\u2013 G\u00e9nie des Proc\u00e9d\u00e9s\",\"potentialAction\":[{\"@type\":\"SearchAction\",\"target\":{\"@type\":\"EntryPoint\",\"urlTemplate\":\"https:\\\/\\\/www.mines-stetienne.fr\\\/spin-fr\\\/?s={search_term_string}\"},\"query-input\":{\"@type\":\"PropertyValueSpecification\",\"valueRequired\":true,\"valueName\":\"search_term_string\"}}],\"inLanguage\":\"fr-FR\"}]}<\/script>\n<!-- \/ Yoast SEO plugin. -->","yoast_head_json":{"title":"Instruments de caract\u00e9risation - Centre SPIN","robots":{"index":"index","follow":"follow","max-snippet":"max-snippet:-1","max-image-preview":"max-image-preview:large","max-video-preview":"max-video-preview:-1"},"canonical":"https:\/\/www.mines-stetienne.fr\/spin-fr\/ressources\/caracterisation\/","og_locale":"fr_FR","og_type":"article","og_title":"Instruments de caract\u00e9risation - Centre SPIN","og_url":"https:\/\/www.mines-stetienne.fr\/spin-fr\/ressources\/caracterisation\/","og_site_name":"Centre SPIN","article_modified_time":"2023-06-13T15:21:19+00:00","twitter_card":"summary_large_image","twitter_misc":{"Dur\u00e9e de lecture estim\u00e9e":"2 minutes"},"schema":{"@context":"https:\/\/schema.org","@graph":[{"@type":"WebPage","@id":"https:\/\/www.mines-stetienne.fr\/spin-fr\/ressources\/caracterisation\/","url":"https:\/\/www.mines-stetienne.fr\/spin-fr\/ressources\/caracterisation\/","name":"Instruments de caract\u00e9risation - Centre SPIN","isPartOf":{"@id":"https:\/\/www.mines-stetienne.fr\/spin-fr\/#website"},"datePublished":"2019-02-19T16:55:03+00:00","dateModified":"2023-06-13T15:21:19+00:00","breadcrumb":{"@id":"https:\/\/www.mines-stetienne.fr\/spin-fr\/ressources\/caracterisation\/#breadcrumb"},"inLanguage":"fr-FR","potentialAction":[{"@type":"ReadAction","target":["https:\/\/www.mines-stetienne.fr\/spin-fr\/ressources\/caracterisation\/"]}]},{"@type":"BreadcrumbList","@id":"https:\/\/www.mines-stetienne.fr\/spin-fr\/ressources\/caracterisation\/#breadcrumb","itemListElement":[{"@type":"ListItem","position":1,"name":"Accueil","item":"https:\/\/www.mines-stetienne.fr\/spin-fr\/"},{"@type":"ListItem","position":2,"name":"Ressources","item":"https:\/\/www.mines-stetienne.fr\/spin-fr\/ressources\/"},{"@type":"ListItem","position":3,"name":"Instruments de caract\u00e9risation"}]},{"@type":"WebSite","@id":"https:\/\/www.mines-stetienne.fr\/spin-fr\/#website","url":"https:\/\/www.mines-stetienne.fr\/spin-fr\/","name":"Centre SPIN","description":"\u2013 G\u00e9nie des Proc\u00e9d\u00e9s","potentialAction":[{"@type":"SearchAction","target":{"@type":"EntryPoint","urlTemplate":"https:\/\/www.mines-stetienne.fr\/spin-fr\/?s={search_term_string}"},"query-input":{"@type":"PropertyValueSpecification","valueRequired":true,"valueName":"search_term_string"}}],"inLanguage":"fr-FR"}]}},"_links":{"self":[{"href":"https:\/\/www.mines-stetienne.fr\/spin-fr\/wp-json\/wp\/v2\/pages\/88","targetHints":{"allow":["GET"]}}],"collection":[{"href":"https:\/\/www.mines-stetienne.fr\/spin-fr\/wp-json\/wp\/v2\/pages"}],"about":[{"href":"https:\/\/www.mines-stetienne.fr\/spin-fr\/wp-json\/wp\/v2\/types\/page"}],"author":[{"embeddable":true,"href":"https:\/\/www.mines-stetienne.fr\/spin-fr\/wp-json\/wp\/v2\/users\/1478"}],"replies":[{"embeddable":true,"href":"https:\/\/www.mines-stetienne.fr\/spin-fr\/wp-json\/wp\/v2\/comments?post=88"}],"version-history":[{"count":30,"href":"https:\/\/www.mines-stetienne.fr\/spin-fr\/wp-json\/wp\/v2\/pages\/88\/revisions"}],"predecessor-version":[{"id":1738,"href":"https:\/\/www.mines-stetienne.fr\/spin-fr\/wp-json\/wp\/v2\/pages\/88\/revisions\/1738"}],"up":[{"embeddable":true,"href":"https:\/\/www.mines-stetienne.fr\/spin-fr\/wp-json\/wp\/v2\/pages\/5"}],"wp:attachment":[{"href":"https:\/\/www.mines-stetienne.fr\/spin-fr\/wp-json\/wp\/v2\/media?parent=88"}],"wp:term":[{"taxonomy":"post_tag","embeddable":true,"href":"https:\/\/www.mines-stetienne.fr\/spin-fr\/wp-json\/wp\/v2\/tags?post=88"}],"curies":[{"name":"wp","href":"https:\/\/api.w.org\/{rel}","templated":true}]}}