{"id":68,"date":"2019-02-19T15:57:34","date_gmt":"2019-02-19T14:57:34","guid":{"rendered":"https:\/\/www.mines-stetienne.fr\/spin-fr\/?page_id=68"},"modified":"2026-02-16T08:09:56","modified_gmt":"2026-02-16T07:09:56","slug":"capteurs-de-gaz","status":"publish","type":"page","link":"https:\/\/www.mines-stetienne.fr\/spin-fr\/domaines-de-recherche\/capteurs-de-gaz\/","title":{"rendered":"Capteurs"},"content":{"rendered":"\n<p>Les activit\u00e9s de recherche concernent les propri\u00e9t\u00e9s \u00e9lectriques des solides en interaction avec un gaz, et se d\u00e9clinent du point de vue applicatif dans le d\u00e9veloppement de capteur de gaz et de particules.<br>Elles couvrent toute la chaine de valeur depuis les principes physico-chimiques d&rsquo;interactions gaz-solide et leur mod\u00e9lisation, le d\u00e9veloppement de capteurs chimiques bas\u00e9s sur des mat\u00e9riaux semi-conducteurs ou conducteurs ioniques <em>via<\/em> diff\u00e9rentes technologies de mises en forme (s\u00e9rigraphie, jet d&rsquo;encre , &#8230;), la mise en \u0153uvre et l\u2019\u00e9valuation des performances des capteurs sur des bancs de tests laboratoire ou sur site, le traitement des donn\u00e9es.<\/p>\n\n\n\n<figure class=\"wp-block-table\"><table class=\"has-fixed-layout\"><tbody><tr><td><\/td><\/tr><\/tbody><\/table><\/figure>\n\n\n\n<figure class=\"wp-block-image alignnone wp-image-266 size-medium\"><img decoding=\"async\" width=\"300\" height=\"150\" src=\"https:\/\/www.mines-stetienne.fr\/spin-fr\/wp-content\/uploads\/sites\/10\/2020\/02\/Image1-300x150.png\" alt=\"\" class=\"wp-image-266\" srcset=\"https:\/\/www.mines-stetienne.fr\/spin-fr\/wp-content\/uploads\/sites\/10\/2020\/02\/Image1-300x150.png 300w, https:\/\/www.mines-stetienne.fr\/spin-fr\/wp-content\/uploads\/sites\/10\/2020\/02\/Image1.png 451w\" sizes=\"(max-width: 300px) 100vw, 300px\" \/><figcaption class=\"wp-element-caption\">Capteur NOx &#8211; Capteur suies<\/figcaption><\/figure>\n\n\n\n<figure class=\"wp-block-image alignnone wp-image-267 size-medium\"><img decoding=\"async\" width=\"300\" height=\"151\" src=\"https:\/\/www.mines-stetienne.fr\/spin-fr\/wp-content\/uploads\/sites\/10\/2020\/02\/Image4-300x151.png\" alt=\"\" class=\"wp-image-267\" srcset=\"https:\/\/www.mines-stetienne.fr\/spin-fr\/wp-content\/uploads\/sites\/10\/2020\/02\/Image4-300x151.png 300w, https:\/\/www.mines-stetienne.fr\/spin-fr\/wp-content\/uploads\/sites\/10\/2020\/02\/Image4.png 448w\" sizes=\"(max-width: 300px) 100vw, 300px\" \/><figcaption class=\"wp-element-caption\">Encre SnO2 &#8211; Capteur imprim\u00e9<\/figcaption><\/figure>\n\n\n\n<figure class=\"wp-block-image alignnone wp-image-268 size-medium\"><img decoding=\"async\" width=\"300\" height=\"150\" src=\"https:\/\/www.mines-stetienne.fr\/spin-fr\/wp-content\/uploads\/sites\/10\/2020\/02\/Image5-300x150.png\" alt=\"\" class=\"wp-image-268\" srcset=\"https:\/\/www.mines-stetienne.fr\/spin-fr\/wp-content\/uploads\/sites\/10\/2020\/02\/Image5-300x150.png 300w, https:\/\/www.mines-stetienne.fr\/spin-fr\/wp-content\/uploads\/sites\/10\/2020\/02\/Image5.png 450w\" sizes=\"(max-width: 300px) 100vw, 300px\" \/><figcaption class=\"wp-element-caption\">Plateforme multi-capteurs<\/figcaption><\/figure>\n\n\n\n<p><a>&nbsp;<\/a><\/p>\n\n\n\n<h4 class=\"wp-block-heading\">Axes de recherche<\/h4>\n\n\n\n<p><span style=\"text-decoration: underline;\">Capteurs robustes et haute temp\u00e9rature<\/span><br>Capteurs de gaz potentiom\u00e9triques<br>Capteurs de particules\/suies<br>Capteurs pour l\u2019\u00e9chappement (gaz et particules)<br>Capteurs hydrog\u00e8ne, Biogaz, application Power to Gas, SOFC monochambre<\/p>\n\n\n\n<p><span style=\"text-decoration: underline;\">Capteurs basse temp\u00e9rature<\/span><br>SnO2 fonctionnalis\u00e9<br>Support flexible<br>D\u00e9tection de NH3 et de COV Electronique imprim\u00e9e, Emballage, Analyse d\u2019haleine,Pr\u00e9concentrateur de gaz<\/p>\n\n\n\n<p><span style=\"text-decoration: underline;\">Evaluation de capteurs et d\u2019analyseurs<\/span><br>Mod\u00e9lisation comportementale de multicapteurs<br>Contr\u00f4le de proc\u00e9d\u00e9s en ligne<br>Syst\u00e8me de qualit\u00e9 de l\u2019air: pollution int\u00e9rieure et ext\u00e9rieure<br>D\u00e9tection de drogues et d\u2019explosifs<\/p>\n\n\n\n<figure class=\"wp-block-image alignnone size-medium wp-image-269\"><img loading=\"lazy\" decoding=\"async\" width=\"300\" height=\"114\" src=\"https:\/\/www.mines-stetienne.fr\/spin-fr\/wp-content\/uploads\/sites\/10\/2020\/02\/Image6-300x114.jpg\" alt=\"\" class=\"wp-image-269\" srcset=\"https:\/\/www.mines-stetienne.fr\/spin-fr\/wp-content\/uploads\/sites\/10\/2020\/02\/Image6-300x114.jpg 300w, https:\/\/www.mines-stetienne.fr\/spin-fr\/wp-content\/uploads\/sites\/10\/2020\/02\/Image6.jpg 430w\" sizes=\"(max-width: 300px) 100vw, 300px\" \/><figcaption class=\"wp-element-caption\">Capteur prototype<\/figcaption><\/figure>\n\n\n\n<h4 class=\"wp-block-heading\">Comp\u00e9tences<\/h4>\n\n\n\n<p><strong>Caract\u00e9risations et mod\u00e9lisations physico<\/strong><br><strong>chimiques des interactions solide gaz<\/strong><br>Elaboration de rev\u00eatements minces et \u00e9pais,<br>formulation d\u2019encres<br>D\u00e9veloppement de bancs de test<br>Mise en oeuvre des gaz, M\u00e9trologie des gaz<br>Mesures \u00e9lectriques, \u00e9lectrochimiques<br>Traitement du signal, traitement de donn\u00e9es<br>Mod\u00e9lisation comportementale pour multi-capteurs<\/p>\n\n\n\n<figure class=\"wp-block-image\"><img loading=\"lazy\" decoding=\"async\" width=\"300\" height=\"236\" src=\"https:\/\/www.mines-stetienne.fr\/spin-fr\/wp-content\/uploads\/sites\/10\/2020\/02\/Image6-300x236.png\" alt=\"\" class=\"wp-image-271\" srcset=\"https:\/\/www.mines-stetienne.fr\/spin-fr\/wp-content\/uploads\/sites\/10\/2020\/02\/Image6-300x236.png 300w, https:\/\/www.mines-stetienne.fr\/spin-fr\/wp-content\/uploads\/sites\/10\/2020\/02\/Image6.png 401w\" sizes=\"(max-width: 300px) 100vw, 300px\" \/><\/figure>\n\n\n\n<figure class=\"wp-block-image alignnone wp-image-272 size-medium\"><img loading=\"lazy\" decoding=\"async\" width=\"225\" height=\"300\" src=\"https:\/\/www.mines-stetienne.fr\/spin-fr\/wp-content\/uploads\/sites\/10\/2020\/02\/Image7-225x300.jpg\" alt=\"\" class=\"wp-image-272\" srcset=\"https:\/\/www.mines-stetienne.fr\/spin-fr\/wp-content\/uploads\/sites\/10\/2020\/02\/Image7-225x300.jpg 225w, https:\/\/www.mines-stetienne.fr\/spin-fr\/wp-content\/uploads\/sites\/10\/2020\/02\/Image7.jpg 332w\" sizes=\"(max-width: 225px) 100vw, 225px\" \/><figcaption class=\"wp-element-caption\">S\u00e9rigraphie<\/figcaption><\/figure>\n\n\n\n<figure class=\"wp-block-image alignnone wp-image-273 size-medium\"><img loading=\"lazy\" decoding=\"async\" width=\"300\" height=\"200\" src=\"https:\/\/www.mines-stetienne.fr\/spin-fr\/wp-content\/uploads\/sites\/10\/2020\/02\/Image8-300x200.jpg\" alt=\"\" class=\"wp-image-273\" srcset=\"https:\/\/www.mines-stetienne.fr\/spin-fr\/wp-content\/uploads\/sites\/10\/2020\/02\/Image8-300x200.jpg 300w, https:\/\/www.mines-stetienne.fr\/spin-fr\/wp-content\/uploads\/sites\/10\/2020\/02\/Image8.jpg 597w\" sizes=\"(max-width: 300px) 100vw, 300px\" \/><figcaption class=\"wp-element-caption\">Banc de test de pile SOFC et de catalyse<\/figcaption><\/figure>\n\n\n\n<figure class=\"wp-block-image alignnone wp-image-274 size-medium\"><img loading=\"lazy\" decoding=\"async\" width=\"289\" height=\"300\" src=\"https:\/\/www.mines-stetienne.fr\/spin-fr\/wp-content\/uploads\/sites\/10\/2020\/02\/Image9-289x300.jpg\" alt=\"\" class=\"wp-image-274\" srcset=\"https:\/\/www.mines-stetienne.fr\/spin-fr\/wp-content\/uploads\/sites\/10\/2020\/02\/Image9-289x300.jpg 289w, https:\/\/www.mines-stetienne.fr\/spin-fr\/wp-content\/uploads\/sites\/10\/2020\/02\/Image9.jpg 382w\" sizes=\"(max-width: 289px) 100vw, 289px\" \/><figcaption class=\"wp-element-caption\">Banc de test de capteurs, \u00e9valuation d\u2019analyseurs<\/figcaption><\/figure>\n\n\n\n<p><a>&nbsp;<\/a><\/p>\n\n\n\n<h4 class=\"wp-block-heading\">Equipements exp\u00e9rimentaux<\/h4>\n\n\n\n<p><span style=\"text-decoration: underline;\">Caract\u00e9risations physico chimiques \u00e0 L\u2019Ecole des Mines de St Etienne<\/span><br>MEB, TEM, DRX, Analyses thermiques, Analyses<br>spectroscopiques et chimiques (XPS, Raman, FTIR, ICP)<\/p>\n\n\n\n<p><span style=\"text-decoration: underline;\">Equipements d\u00e9di\u00e9s<\/span><br><em><strong>Outils de mise en forme<\/strong><\/em><br>S\u00e9rigraphie<br>Coulage en bande<br>Jet d\u2019encre<br>Gravure laser<br>Fours haute temp\u00e9rature<\/p>\n\n\n\n<p><em><strong>Equipements de caract\u00e9risation pour capteurs gaz et particules<\/strong><\/em><br>Bancs de tests sous gaz et contr\u00f4l\u00e9s en temp\u00e9rature,<br>g\u00e9n\u00e9ration gazeuse du ppb au %<br><em><strong>Outils sp\u00e9cifiques pour l\u2019instrumentation, l\u2019acquisition et le traitement des donn\u00e9es<\/strong><\/em><br>Unit\u00e9s \u00e9lectroniques pour le monitoring de capteurs : mesures \u00e9lectriques et contr\u00f4le<br><em><strong>Mesures \u00e9lectriques et \u00e9lectrochimiques<\/strong><\/em><br>Potentiostats-galvanostats , Analyseur de r\u00e9ponses en fr\u00e9quences pour l\u2019imp\u00e9dance<br><em><strong>Equipements de caract\u00e9risations chimiques et thermiques<\/strong><\/em><br>Chromatographe gaz coupl\u00e9 spectrom\u00e8tre de masse<br>Analyseurs de gaz (NO, NO 2 , CO, NH 3 , O 2 ,etc..)<br>Equipement de thermo-d\u00e9sorption<\/p>\n\n\n\n<h3 class=\"wp-block-heading\">Membres du groupe<\/h3>\n\n\n\n<ul class=\"wp-block-list\">\n<li><strong>Nadine BRUYERE<\/strong> : <a href=\"https:\/\/www.mines-stetienne.fr\/author\/nadine-bruyere\/\">curriculum<\/a><\/li>\n\n\n\n<li><strong>Abhishek KUMAR<\/strong> : <a href=\"https:\/\/www.mines-stetienne.fr\/author\/abhishek-kumar\/\">curriculum<\/a><\/li>\n\n\n\n<li><strong>Riadh LAKHMI<\/strong> : <a href=\"https:\/\/www.mines-stetienne.fr\/en\/author\/riadh-lakhmi\">curriculum<\/a><\/li>\n\n\n\n<li><strong>Maxime MINOT<\/strong> : <a href=\"https:\/\/www.mines-stetienne.fr\/author\/minot\/\">curriculum<\/a><\/li>\n\n\n\n<li><strong>Mathilde RIEU<\/strong> : <a href=\"https:\/\/www.mines-stetienne.fr\/en\/author\/rieu\">curriculum<\/a><\/li>\n<\/ul>\n","protected":false},"excerpt":{"rendered":"<p>Les activit\u00e9s de recherche concernent les propri\u00e9t\u00e9s \u00e9lectriques des solides en interaction avec un gaz, et se d\u00e9clinent du point de vue applicatif dans le d\u00e9veloppement de capteur de gaz et de particules.Elles couvrent toute la chaine de valeur depuis &hellip;<\/p>\n","protected":false},"author":1478,"featured_media":0,"parent":15,"menu_order":22,"comment_status":"closed","ping_status":"closed","template":"","meta":{"footnotes":""},"tags":[],"class_list":["post-68","page","type-page","status-publish","hentry"],"pp_statuses_selecting_workflow":false,"pp_workflow_action":"current","pp_status_selection":"publish","pp_force_visibility":null,"pp_subpost_visibility":null,"pp_inherited_force_visibility":null,"pp_inherited_subpost_visibility":null,"yoast_head":"<!-- This site is optimized with the Yoast SEO plugin v27.4 - https:\/\/yoast.com\/product\/yoast-seo-wordpress\/ -->\n<title>Capteurs - Centre SPIN<\/title>\n<meta name=\"robots\" content=\"index, follow, max-snippet:-1, max-image-preview:large, max-video-preview:-1\" \/>\n<link rel=\"canonical\" href=\"https:\/\/www.mines-stetienne.fr\/spin-fr\/domaines-de-recherche\/capteurs-de-gaz\/\" \/>\n<meta property=\"og:locale\" content=\"fr_FR\" \/>\n<meta property=\"og:type\" content=\"article\" \/>\n<meta property=\"og:title\" content=\"Capteurs - Centre SPIN\" \/>\n<meta property=\"og:description\" content=\"Les activit\u00e9s de recherche concernent les propri\u00e9t\u00e9s \u00e9lectriques des solides en interaction avec un gaz, et se d\u00e9clinent du point de vue applicatif dans le d\u00e9veloppement de capteur de gaz et de particules.Elles couvrent toute la chaine de valeur depuis &hellip;\" \/>\n<meta property=\"og:url\" content=\"https:\/\/www.mines-stetienne.fr\/spin-fr\/domaines-de-recherche\/capteurs-de-gaz\/\" \/>\n<meta property=\"og:site_name\" content=\"Centre SPIN\" \/>\n<meta property=\"article:modified_time\" content=\"2026-02-16T07:09:56+00:00\" \/>\n<meta property=\"og:image\" content=\"https:\/\/www.mines-stetienne.fr\/spin-fr\/wp-content\/uploads\/sites\/10\/2020\/02\/Image1.png\" \/>\n\t<meta property=\"og:image:width\" content=\"451\" \/>\n\t<meta property=\"og:image:height\" content=\"225\" \/>\n\t<meta property=\"og:image:type\" content=\"image\/png\" \/>\n<meta name=\"twitter:card\" content=\"summary_large_image\" \/>\n<meta name=\"twitter:label1\" content=\"Dur\u00e9e de lecture estim\u00e9e\" \/>\n\t<meta name=\"twitter:data1\" content=\"4 minutes\" \/>\n<script type=\"application\/ld+json\" class=\"yoast-schema-graph\">{\"@context\":\"https:\\\/\\\/schema.org\",\"@graph\":[{\"@type\":\"WebPage\",\"@id\":\"https:\\\/\\\/www.mines-stetienne.fr\\\/spin-fr\\\/domaines-de-recherche\\\/capteurs-de-gaz\\\/\",\"url\":\"https:\\\/\\\/www.mines-stetienne.fr\\\/spin-fr\\\/domaines-de-recherche\\\/capteurs-de-gaz\\\/\",\"name\":\"Capteurs - Centre SPIN\",\"isPartOf\":{\"@id\":\"https:\\\/\\\/www.mines-stetienne.fr\\\/spin-fr\\\/#website\"},\"primaryImageOfPage\":{\"@id\":\"https:\\\/\\\/www.mines-stetienne.fr\\\/spin-fr\\\/domaines-de-recherche\\\/capteurs-de-gaz\\\/#primaryimage\"},\"image\":{\"@id\":\"https:\\\/\\\/www.mines-stetienne.fr\\\/spin-fr\\\/domaines-de-recherche\\\/capteurs-de-gaz\\\/#primaryimage\"},\"thumbnailUrl\":\"https:\\\/\\\/www.mines-stetienne.fr\\\/spin-fr\\\/wp-content\\\/uploads\\\/sites\\\/10\\\/2020\\\/02\\\/Image1-300x150.png\",\"datePublished\":\"2019-02-19T14:57:34+00:00\",\"dateModified\":\"2026-02-16T07:09:56+00:00\",\"breadcrumb\":{\"@id\":\"https:\\\/\\\/www.mines-stetienne.fr\\\/spin-fr\\\/domaines-de-recherche\\\/capteurs-de-gaz\\\/#breadcrumb\"},\"inLanguage\":\"fr-FR\",\"potentialAction\":[{\"@type\":\"ReadAction\",\"target\":[\"https:\\\/\\\/www.mines-stetienne.fr\\\/spin-fr\\\/domaines-de-recherche\\\/capteurs-de-gaz\\\/\"]}]},{\"@type\":\"ImageObject\",\"inLanguage\":\"fr-FR\",\"@id\":\"https:\\\/\\\/www.mines-stetienne.fr\\\/spin-fr\\\/domaines-de-recherche\\\/capteurs-de-gaz\\\/#primaryimage\",\"url\":\"https:\\\/\\\/www.mines-stetienne.fr\\\/spin-fr\\\/wp-content\\\/uploads\\\/sites\\\/10\\\/2020\\\/02\\\/Image1.png\",\"contentUrl\":\"https:\\\/\\\/www.mines-stetienne.fr\\\/spin-fr\\\/wp-content\\\/uploads\\\/sites\\\/10\\\/2020\\\/02\\\/Image1.png\",\"width\":451,\"height\":225},{\"@type\":\"BreadcrumbList\",\"@id\":\"https:\\\/\\\/www.mines-stetienne.fr\\\/spin-fr\\\/domaines-de-recherche\\\/capteurs-de-gaz\\\/#breadcrumb\",\"itemListElement\":[{\"@type\":\"ListItem\",\"position\":1,\"name\":\"Accueil\",\"item\":\"https:\\\/\\\/www.mines-stetienne.fr\\\/spin-fr\\\/\"},{\"@type\":\"ListItem\",\"position\":2,\"name\":\"Expertise\",\"item\":\"https:\\\/\\\/www.mines-stetienne.fr\\\/spin-fr\\\/domaines-de-recherche\\\/\"},{\"@type\":\"ListItem\",\"position\":3,\"name\":\"Capteurs\"}]},{\"@type\":\"WebSite\",\"@id\":\"https:\\\/\\\/www.mines-stetienne.fr\\\/spin-fr\\\/#website\",\"url\":\"https:\\\/\\\/www.mines-stetienne.fr\\\/spin-fr\\\/\",\"name\":\"Centre SPIN\",\"description\":\"\u2013 G\u00e9nie des Proc\u00e9d\u00e9s\",\"potentialAction\":[{\"@type\":\"SearchAction\",\"target\":{\"@type\":\"EntryPoint\",\"urlTemplate\":\"https:\\\/\\\/www.mines-stetienne.fr\\\/spin-fr\\\/?s={search_term_string}\"},\"query-input\":{\"@type\":\"PropertyValueSpecification\",\"valueRequired\":true,\"valueName\":\"search_term_string\"}}],\"inLanguage\":\"fr-FR\"}]}<\/script>\n<!-- \/ Yoast SEO plugin. -->","yoast_head_json":{"title":"Capteurs - Centre SPIN","robots":{"index":"index","follow":"follow","max-snippet":"max-snippet:-1","max-image-preview":"max-image-preview:large","max-video-preview":"max-video-preview:-1"},"canonical":"https:\/\/www.mines-stetienne.fr\/spin-fr\/domaines-de-recherche\/capteurs-de-gaz\/","og_locale":"fr_FR","og_type":"article","og_title":"Capteurs - Centre SPIN","og_description":"Les activit\u00e9s de recherche concernent les propri\u00e9t\u00e9s \u00e9lectriques des solides en interaction avec un gaz, et se d\u00e9clinent du point de vue applicatif dans le d\u00e9veloppement de capteur de gaz et de particules.Elles couvrent toute la chaine de valeur depuis &hellip;","og_url":"https:\/\/www.mines-stetienne.fr\/spin-fr\/domaines-de-recherche\/capteurs-de-gaz\/","og_site_name":"Centre SPIN","article_modified_time":"2026-02-16T07:09:56+00:00","og_image":[{"width":451,"height":225,"url":"https:\/\/www.mines-stetienne.fr\/spin-fr\/wp-content\/uploads\/sites\/10\/2020\/02\/Image1.png","type":"image\/png"}],"twitter_card":"summary_large_image","twitter_misc":{"Dur\u00e9e de lecture estim\u00e9e":"4 minutes"},"schema":{"@context":"https:\/\/schema.org","@graph":[{"@type":"WebPage","@id":"https:\/\/www.mines-stetienne.fr\/spin-fr\/domaines-de-recherche\/capteurs-de-gaz\/","url":"https:\/\/www.mines-stetienne.fr\/spin-fr\/domaines-de-recherche\/capteurs-de-gaz\/","name":"Capteurs - Centre SPIN","isPartOf":{"@id":"https:\/\/www.mines-stetienne.fr\/spin-fr\/#website"},"primaryImageOfPage":{"@id":"https:\/\/www.mines-stetienne.fr\/spin-fr\/domaines-de-recherche\/capteurs-de-gaz\/#primaryimage"},"image":{"@id":"https:\/\/www.mines-stetienne.fr\/spin-fr\/domaines-de-recherche\/capteurs-de-gaz\/#primaryimage"},"thumbnailUrl":"https:\/\/www.mines-stetienne.fr\/spin-fr\/wp-content\/uploads\/sites\/10\/2020\/02\/Image1-300x150.png","datePublished":"2019-02-19T14:57:34+00:00","dateModified":"2026-02-16T07:09:56+00:00","breadcrumb":{"@id":"https:\/\/www.mines-stetienne.fr\/spin-fr\/domaines-de-recherche\/capteurs-de-gaz\/#breadcrumb"},"inLanguage":"fr-FR","potentialAction":[{"@type":"ReadAction","target":["https:\/\/www.mines-stetienne.fr\/spin-fr\/domaines-de-recherche\/capteurs-de-gaz\/"]}]},{"@type":"ImageObject","inLanguage":"fr-FR","@id":"https:\/\/www.mines-stetienne.fr\/spin-fr\/domaines-de-recherche\/capteurs-de-gaz\/#primaryimage","url":"https:\/\/www.mines-stetienne.fr\/spin-fr\/wp-content\/uploads\/sites\/10\/2020\/02\/Image1.png","contentUrl":"https:\/\/www.mines-stetienne.fr\/spin-fr\/wp-content\/uploads\/sites\/10\/2020\/02\/Image1.png","width":451,"height":225},{"@type":"BreadcrumbList","@id":"https:\/\/www.mines-stetienne.fr\/spin-fr\/domaines-de-recherche\/capteurs-de-gaz\/#breadcrumb","itemListElement":[{"@type":"ListItem","position":1,"name":"Accueil","item":"https:\/\/www.mines-stetienne.fr\/spin-fr\/"},{"@type":"ListItem","position":2,"name":"Expertise","item":"https:\/\/www.mines-stetienne.fr\/spin-fr\/domaines-de-recherche\/"},{"@type":"ListItem","position":3,"name":"Capteurs"}]},{"@type":"WebSite","@id":"https:\/\/www.mines-stetienne.fr\/spin-fr\/#website","url":"https:\/\/www.mines-stetienne.fr\/spin-fr\/","name":"Centre SPIN","description":"\u2013 G\u00e9nie des Proc\u00e9d\u00e9s","potentialAction":[{"@type":"SearchAction","target":{"@type":"EntryPoint","urlTemplate":"https:\/\/www.mines-stetienne.fr\/spin-fr\/?s={search_term_string}"},"query-input":{"@type":"PropertyValueSpecification","valueRequired":true,"valueName":"search_term_string"}}],"inLanguage":"fr-FR"}]}},"_links":{"self":[{"href":"https:\/\/www.mines-stetienne.fr\/spin-fr\/wp-json\/wp\/v2\/pages\/68","targetHints":{"allow":["GET"]}}],"collection":[{"href":"https:\/\/www.mines-stetienne.fr\/spin-fr\/wp-json\/wp\/v2\/pages"}],"about":[{"href":"https:\/\/www.mines-stetienne.fr\/spin-fr\/wp-json\/wp\/v2\/types\/page"}],"author":[{"embeddable":true,"href":"https:\/\/www.mines-stetienne.fr\/spin-fr\/wp-json\/wp\/v2\/users\/1478"}],"replies":[{"embeddable":true,"href":"https:\/\/www.mines-stetienne.fr\/spin-fr\/wp-json\/wp\/v2\/comments?post=68"}],"version-history":[{"count":12,"href":"https:\/\/www.mines-stetienne.fr\/spin-fr\/wp-json\/wp\/v2\/pages\/68\/revisions"}],"predecessor-version":[{"id":1782,"href":"https:\/\/www.mines-stetienne.fr\/spin-fr\/wp-json\/wp\/v2\/pages\/68\/revisions\/1782"}],"up":[{"embeddable":true,"href":"https:\/\/www.mines-stetienne.fr\/spin-fr\/wp-json\/wp\/v2\/pages\/15"}],"wp:attachment":[{"href":"https:\/\/www.mines-stetienne.fr\/spin-fr\/wp-json\/wp\/v2\/media?parent=68"}],"wp:term":[{"taxonomy":"post_tag","embeddable":true,"href":"https:\/\/www.mines-stetienne.fr\/spin-fr\/wp-json\/wp\/v2\/tags?post=68"}],"curies":[{"name":"wp","href":"https:\/\/api.w.org\/{rel}","templated":true}]}}