{"id":64,"date":"2019-02-19T15:56:42","date_gmt":"2019-02-19T14:56:42","guid":{"rendered":"https:\/\/www.mines-stetienne.fr\/spin-fr\/?page_id=64"},"modified":"2020-02-05T09:53:00","modified_gmt":"2020-02-05T08:53:00","slug":"reactivite-des-poudres","status":"publish","type":"page","link":"https:\/\/www.mines-stetienne.fr\/spin-fr\/domaines-de-recherche\/reactivite-des-poudres\/","title":{"rendered":"R\u00e9activit\u00e9 des poudres"},"content":{"rendered":"<p>Les r\u00e9actions gaz-solide sont d\u2019un int\u00e9r\u00eat majeur dans de nombreux domaines industriels tels que les proc\u00e9d\u00e9s de fabrication additive, la chimie, l\u2019industrie de l\u2019\u00e9nergie nucl\u00e9aire, la m\u00e9tallurgie, la cimenterie, la production mini\u00e8re, l\u2019a\u00e9ronautique, l\u2019industrie automobile, le captage et le stockage de gaz et d\u2019\u00e9nergie, etc\u2026, ce qui engendre des enjeux environnementaux et \u00e9conomiques capitaux.\u00a0Qu\u2019elles soient souhait\u00e9es ou au contraire ind\u00e9sirables, ces r\u00e9actions doivent \u00eatre maitris\u00e9es afin de s\u2019assurer la qualit\u00e9 d&rsquo;usage d\u2019un produit, de contr\u00f4ler ou optimiser l\u2019efficacit\u00e9 d\u2019une installation, de r\u00e9pondre aux exigences pour la conduite d\u2019un proc\u00e9d\u00e9.<\/p>\n<p>Ainsi nos objectifs sont la caract\u00e9risation de la r\u00e9activit\u00e9 chimique des syst\u00e8mes solide-gaz, l\u2019identification des m\u00e9canismes r\u00e9actionnels et la mod\u00e9lisation des transformations chimiques dans les solides pour obtenir des lois pr\u00e9dictives et enfin la simulation des r\u00e9acteurs industriels.<\/p>\n<table border=\"0\" cellspacing=\"0\" cellpadding=\"0\">\n<tbody>\n<tr>\n<td width=\"27%\"><img decoding=\"async\" class=\"alignnone size-medium wp-image-260\" src=\"https:\/\/www.mines-stetienne.fr\/spin-fr\/wp-content\/uploads\/sites\/10\/2020\/02\/image-1-1-300x161.jpg\" alt=\"\" width=\"300\" height=\"161\" srcset=\"https:\/\/www.mines-stetienne.fr\/spin-fr\/wp-content\/uploads\/sites\/10\/2020\/02\/image-1-1-300x161.jpg 300w, https:\/\/www.mines-stetienne.fr\/spin-fr\/wp-content\/uploads\/sites\/10\/2020\/02\/image-1-1.jpg 570w\" sizes=\"(max-width: 300px) 100vw, 300px\" \/><\/td>\n<td width=\"3%\"><\/td>\n<td valign=\"top\" width=\"70%\">\n<h4>Exp\u00e9riences<\/h4>\n<p>La d\u00e9termination de la r\u00e9activit\u00e9 chimique des syst\u00e8mes solide-gaz n\u00e9cessite d\u2019une part l\u2019acquisition de donn\u00e9es cin\u00e9tiques et d\u2019autre part la caract\u00e9risation d\u00e9taill\u00e9e des solides r\u00e9actifs et produits ainsi que des gaz consomm\u00e9s et\/ou produits par la r\u00e9action.\u00a0 Nos \u00e9tudes exp\u00e9rimentales s\u2019appuient donc sur deux cat\u00e9gories d\u2019instruments\u00a0:<\/p>\n<ul>\n<li>Des outils d\u2019analyse thermique et de calorim\u00e9trie tels que des thermobalances, des calorim\u00e8tres, des DSC, des dilatom\u00e8tres, des couplages TG-DSC et TG-ATD, ainsi qu\u2019un couplage TG-Emission Acoustique<\/li>\n<li>Des outils de caract\u00e9risations des solides ex- et\/ou in-situ (composition chimique, composition de phase, morphologie, texture,\u2026) et de gaz (spectrom\u00e8tre de masse, spectrom\u00e8tre infra-rouge, chromatographie en phase gaz, hygrom\u00e8tre \u00e0 miroir, sonde O<sub>2<\/sub>,\u2026)<\/li>\n<\/ul>\n<\/td>\n<\/tr>\n<tr>\n<td width=\"27%\"><\/td>\n<td width=\"3%\"><\/td>\n<td width=\"70%\"><\/td>\n<\/tr>\n<tr>\n<td width=\"27%\"><a> <img decoding=\"async\" class=\"alignnone size-medium wp-image-262\" src=\"https:\/\/www.mines-stetienne.fr\/spin-fr\/wp-content\/uploads\/sites\/10\/2020\/02\/Image2-300x104.png\" alt=\"\" width=\"300\" height=\"104\" srcset=\"https:\/\/www.mines-stetienne.fr\/spin-fr\/wp-content\/uploads\/sites\/10\/2020\/02\/Image2-300x104.png 300w, https:\/\/www.mines-stetienne.fr\/spin-fr\/wp-content\/uploads\/sites\/10\/2020\/02\/Image2.png 765w\" sizes=\"(max-width: 300px) 100vw, 300px\" \/><\/a><\/td>\n<td width=\"3%\"><\/td>\n<td valign=\"top\" width=\"70%\">\n<h4>Mod\u00e9lisation<\/h4>\n<p>La transformation chimique d&rsquo;un solide soit par d\u00e9composition thermique soit par r\u00e9action avec un ou plusieurs gaz met en jeu les processus de germination et de croissance de la nouvelle phase. Nous avons d\u00e9velopp\u00e9 depuis plusieurs d\u00e9cennies une expertise en cin\u00e9tique h\u00e9t\u00e9rog\u00e8ne qui inclue la mod\u00e9lisation de ces processus de germination et de croissance. Ces mod\u00e8les cin\u00e9tiques s\u2019appuient sur une description physique (m\u00e9canistique) et g\u00e9om\u00e9trique de la r\u00e9action et ont pour objectif sa compr\u00e9hension et sa pr\u00e9diction afin de r\u00e9pondre aux probl\u00e9matiques industrielles.<\/td>\n<\/tr>\n<tr>\n<td width=\"27%\"><\/td>\n<td width=\"3%\"><\/td>\n<td width=\"70%\"><\/td>\n<\/tr>\n<tr>\n<td width=\"27%\"><a><img fetchpriority=\"high\" decoding=\"async\" class=\"alignnone size-medium wp-image-263\" src=\"https:\/\/www.mines-stetienne.fr\/spin-fr\/wp-content\/uploads\/sites\/10\/2020\/02\/image-3-300x239.png\" alt=\"\" width=\"300\" height=\"239\" srcset=\"https:\/\/www.mines-stetienne.fr\/spin-fr\/wp-content\/uploads\/sites\/10\/2020\/02\/image-3-300x239.png 300w, https:\/\/www.mines-stetienne.fr\/spin-fr\/wp-content\/uploads\/sites\/10\/2020\/02\/image-3-768x612.png 768w, https:\/\/www.mines-stetienne.fr\/spin-fr\/wp-content\/uploads\/sites\/10\/2020\/02\/image-3.png 792w\" sizes=\"(max-width: 300px) 100vw, 300px\" \/>\u00a0<\/a><\/td>\n<td width=\"3%\"><\/td>\n<td valign=\"top\" width=\"70%\">\n<h4>Simulation<\/h4>\n<p>Les r\u00e9acteurs industriels o\u00f9 se d\u00e9roulent les r\u00e9actions h\u00e9t\u00e9rog\u00e8nes sont des dispositifs complexes, difficiles \u00e0 appr\u00e9hender : le milieu granulaire form\u00e9 par les phases solides et les gaz r\u00e9actifs et produits voit ses propri\u00e9t\u00e9s modifi\u00e9es \u00e0 chaque instant par les r\u00e9actions chimiques qui s\u2019y d\u00e9roulent. Il apparait donc essentiel de d\u00e9velopper des outils d\u2019aide \u00e0 la conception, \u00e0 l\u2019optimisation, \u00e0 la maintenance et au diagnostic de ces installations. Cela exige donc de conna\u00eetre \u00e0 la fois la cin\u00e9tique chimique \u00e0 l&rsquo;\u00e9chelle de grains, et de consid\u00e9rer la forme et la taille du r\u00e9acteur, les sources de chauffage, les entr\u00e9es et sorties de flux gazeux, le lit de poudre, etc\u2026Cette approche a \u00e9t\u00e9 utilis\u00e9e pour le d\u00e9veloppement du code de calcul CIN4 qui allie la mod\u00e9lisation des ph\u00e9nom\u00e8nes thermohydrauliques par la m\u00e9thode des \u00e9l\u00e9ments finis aux simulations de cin\u00e9tiques h\u00e9t\u00e9rog\u00e8nes sur des populations de grains structur\u00e9s ou non en agr\u00e9gats.<\/td>\n<\/tr>\n<\/tbody>\n<\/table>\n<h3>Membres du groupe<\/h3>\n<ul>\n<li><strong>FAVERGEON Lo\u00efc<\/strong> : <a href=\"https:\/\/www.mines-stetienne.fr\/en\/author\/favergeon\/\">curriculum<\/a><\/li>\n<li><strong>FISCHER Marc<\/strong> : <a href=\"https:\/\/www.mines-stetienne.fr\/en\/author\/marc-fischer\">curriculum<\/a><\/li>\n<li><strong>OLLIVIER Ma\u00eblig<\/strong> : <a href=\"https:\/\/www.mines-stetienne.fr\/en\/author\/maelig-ollivier\">curriculum<\/a><\/li>\n<li><strong>VIEILLE La\u00ebtitia<\/strong> : <a href=\"https:\/\/www.mines-stetienne.fr\/en\/author\/vieille\">curriculum<\/a><\/li>\n<\/ul>\n","protected":false},"excerpt":{"rendered":"<p>Les r\u00e9actions gaz-solide sont d\u2019un int\u00e9r\u00eat majeur dans de nombreux domaines industriels tels que les proc\u00e9d\u00e9s de fabrication additive, la chimie, l\u2019industrie de l\u2019\u00e9nergie nucl\u00e9aire, la m\u00e9tallurgie, la cimenterie, la production mini\u00e8re, l\u2019a\u00e9ronautique, l\u2019industrie automobile, le captage et le stockage &hellip;<\/p>\n","protected":false},"author":1478,"featured_media":0,"parent":15,"menu_order":21,"comment_status":"closed","ping_status":"closed","template":"","meta":{"footnotes":""},"tags":[],"class_list":["post-64","page","type-page","status-publish","hentry"],"pp_statuses_selecting_workflow":false,"pp_workflow_action":"current","pp_status_selection":"publish","pp_force_visibility":null,"pp_subpost_visibility":null,"pp_inherited_force_visibility":null,"pp_inherited_subpost_visibility":null,"yoast_head":"<!-- This site is optimized with the Yoast SEO plugin v27.4 - https:\/\/yoast.com\/product\/yoast-seo-wordpress\/ -->\n<title>R\u00e9activit\u00e9 des poudres - Centre SPIN<\/title>\n<meta name=\"robots\" content=\"index, follow, max-snippet:-1, max-image-preview:large, max-video-preview:-1\" \/>\n<link rel=\"canonical\" href=\"https:\/\/www.mines-stetienne.fr\/spin-fr\/domaines-de-recherche\/reactivite-des-poudres\/\" \/>\n<meta property=\"og:locale\" content=\"fr_FR\" \/>\n<meta property=\"og:type\" content=\"article\" \/>\n<meta property=\"og:title\" content=\"R\u00e9activit\u00e9 des poudres - Centre SPIN\" \/>\n<meta property=\"og:description\" content=\"Les r\u00e9actions gaz-solide sont d\u2019un int\u00e9r\u00eat majeur dans de nombreux domaines industriels tels que les proc\u00e9d\u00e9s de fabrication additive, la chimie, l\u2019industrie de l\u2019\u00e9nergie nucl\u00e9aire, la m\u00e9tallurgie, la cimenterie, la production mini\u00e8re, l\u2019a\u00e9ronautique, l\u2019industrie automobile, le captage et le stockage &hellip;\" \/>\n<meta property=\"og:url\" content=\"https:\/\/www.mines-stetienne.fr\/spin-fr\/domaines-de-recherche\/reactivite-des-poudres\/\" \/>\n<meta property=\"og:site_name\" content=\"Centre SPIN\" \/>\n<meta property=\"article:modified_time\" content=\"2020-02-05T08:53:00+00:00\" \/>\n<meta property=\"og:image\" content=\"https:\/\/www.mines-stetienne.fr\/spin-fr\/wp-content\/uploads\/sites\/10\/2020\/02\/image-1-1-300x161.jpg\" \/>\n<meta name=\"twitter:card\" content=\"summary_large_image\" \/>\n<meta name=\"twitter:label1\" content=\"Dur\u00e9e de lecture estim\u00e9e\" \/>\n\t<meta name=\"twitter:data1\" content=\"3 minutes\" \/>\n<script type=\"application\/ld+json\" class=\"yoast-schema-graph\">{\"@context\":\"https:\\\/\\\/schema.org\",\"@graph\":[{\"@type\":\"WebPage\",\"@id\":\"https:\\\/\\\/www.mines-stetienne.fr\\\/spin-fr\\\/domaines-de-recherche\\\/reactivite-des-poudres\\\/\",\"url\":\"https:\\\/\\\/www.mines-stetienne.fr\\\/spin-fr\\\/domaines-de-recherche\\\/reactivite-des-poudres\\\/\",\"name\":\"R\u00e9activit\u00e9 des poudres - Centre SPIN\",\"isPartOf\":{\"@id\":\"https:\\\/\\\/www.mines-stetienne.fr\\\/spin-fr\\\/#website\"},\"primaryImageOfPage\":{\"@id\":\"https:\\\/\\\/www.mines-stetienne.fr\\\/spin-fr\\\/domaines-de-recherche\\\/reactivite-des-poudres\\\/#primaryimage\"},\"image\":{\"@id\":\"https:\\\/\\\/www.mines-stetienne.fr\\\/spin-fr\\\/domaines-de-recherche\\\/reactivite-des-poudres\\\/#primaryimage\"},\"thumbnailUrl\":\"https:\\\/\\\/www.mines-stetienne.fr\\\/spin-fr\\\/wp-content\\\/uploads\\\/sites\\\/10\\\/2020\\\/02\\\/image-1-1-300x161.jpg\",\"datePublished\":\"2019-02-19T14:56:42+00:00\",\"dateModified\":\"2020-02-05T08:53:00+00:00\",\"breadcrumb\":{\"@id\":\"https:\\\/\\\/www.mines-stetienne.fr\\\/spin-fr\\\/domaines-de-recherche\\\/reactivite-des-poudres\\\/#breadcrumb\"},\"inLanguage\":\"fr-FR\",\"potentialAction\":[{\"@type\":\"ReadAction\",\"target\":[\"https:\\\/\\\/www.mines-stetienne.fr\\\/spin-fr\\\/domaines-de-recherche\\\/reactivite-des-poudres\\\/\"]}]},{\"@type\":\"ImageObject\",\"inLanguage\":\"fr-FR\",\"@id\":\"https:\\\/\\\/www.mines-stetienne.fr\\\/spin-fr\\\/domaines-de-recherche\\\/reactivite-des-poudres\\\/#primaryimage\",\"url\":\"https:\\\/\\\/www.mines-stetienne.fr\\\/spin-fr\\\/wp-content\\\/uploads\\\/sites\\\/10\\\/2020\\\/02\\\/image-1-1.jpg\",\"contentUrl\":\"https:\\\/\\\/www.mines-stetienne.fr\\\/spin-fr\\\/wp-content\\\/uploads\\\/sites\\\/10\\\/2020\\\/02\\\/image-1-1.jpg\",\"width\":570,\"height\":305},{\"@type\":\"BreadcrumbList\",\"@id\":\"https:\\\/\\\/www.mines-stetienne.fr\\\/spin-fr\\\/domaines-de-recherche\\\/reactivite-des-poudres\\\/#breadcrumb\",\"itemListElement\":[{\"@type\":\"ListItem\",\"position\":1,\"name\":\"Accueil\",\"item\":\"https:\\\/\\\/www.mines-stetienne.fr\\\/spin-fr\\\/\"},{\"@type\":\"ListItem\",\"position\":2,\"name\":\"Expertise\",\"item\":\"https:\\\/\\\/www.mines-stetienne.fr\\\/spin-fr\\\/domaines-de-recherche\\\/\"},{\"@type\":\"ListItem\",\"position\":3,\"name\":\"R\u00e9activit\u00e9 des poudres\"}]},{\"@type\":\"WebSite\",\"@id\":\"https:\\\/\\\/www.mines-stetienne.fr\\\/spin-fr\\\/#website\",\"url\":\"https:\\\/\\\/www.mines-stetienne.fr\\\/spin-fr\\\/\",\"name\":\"Centre SPIN\",\"description\":\"\u2013 G\u00e9nie des Proc\u00e9d\u00e9s\",\"potentialAction\":[{\"@type\":\"SearchAction\",\"target\":{\"@type\":\"EntryPoint\",\"urlTemplate\":\"https:\\\/\\\/www.mines-stetienne.fr\\\/spin-fr\\\/?s={search_term_string}\"},\"query-input\":{\"@type\":\"PropertyValueSpecification\",\"valueRequired\":true,\"valueName\":\"search_term_string\"}}],\"inLanguage\":\"fr-FR\"}]}<\/script>\n<!-- \/ Yoast SEO plugin. -->","yoast_head_json":{"title":"R\u00e9activit\u00e9 des poudres - Centre SPIN","robots":{"index":"index","follow":"follow","max-snippet":"max-snippet:-1","max-image-preview":"max-image-preview:large","max-video-preview":"max-video-preview:-1"},"canonical":"https:\/\/www.mines-stetienne.fr\/spin-fr\/domaines-de-recherche\/reactivite-des-poudres\/","og_locale":"fr_FR","og_type":"article","og_title":"R\u00e9activit\u00e9 des poudres - Centre SPIN","og_description":"Les r\u00e9actions gaz-solide sont d\u2019un int\u00e9r\u00eat majeur dans de nombreux domaines industriels tels que les proc\u00e9d\u00e9s de fabrication additive, la chimie, l\u2019industrie de l\u2019\u00e9nergie nucl\u00e9aire, la m\u00e9tallurgie, la cimenterie, la production mini\u00e8re, l\u2019a\u00e9ronautique, l\u2019industrie automobile, le captage et le stockage &hellip;","og_url":"https:\/\/www.mines-stetienne.fr\/spin-fr\/domaines-de-recherche\/reactivite-des-poudres\/","og_site_name":"Centre SPIN","article_modified_time":"2020-02-05T08:53:00+00:00","og_image":[{"url":"https:\/\/www.mines-stetienne.fr\/spin-fr\/wp-content\/uploads\/sites\/10\/2020\/02\/image-1-1-300x161.jpg","type":"","width":"","height":""}],"twitter_card":"summary_large_image","twitter_misc":{"Dur\u00e9e de lecture estim\u00e9e":"3 minutes"},"schema":{"@context":"https:\/\/schema.org","@graph":[{"@type":"WebPage","@id":"https:\/\/www.mines-stetienne.fr\/spin-fr\/domaines-de-recherche\/reactivite-des-poudres\/","url":"https:\/\/www.mines-stetienne.fr\/spin-fr\/domaines-de-recherche\/reactivite-des-poudres\/","name":"R\u00e9activit\u00e9 des poudres - Centre SPIN","isPartOf":{"@id":"https:\/\/www.mines-stetienne.fr\/spin-fr\/#website"},"primaryImageOfPage":{"@id":"https:\/\/www.mines-stetienne.fr\/spin-fr\/domaines-de-recherche\/reactivite-des-poudres\/#primaryimage"},"image":{"@id":"https:\/\/www.mines-stetienne.fr\/spin-fr\/domaines-de-recherche\/reactivite-des-poudres\/#primaryimage"},"thumbnailUrl":"https:\/\/www.mines-stetienne.fr\/spin-fr\/wp-content\/uploads\/sites\/10\/2020\/02\/image-1-1-300x161.jpg","datePublished":"2019-02-19T14:56:42+00:00","dateModified":"2020-02-05T08:53:00+00:00","breadcrumb":{"@id":"https:\/\/www.mines-stetienne.fr\/spin-fr\/domaines-de-recherche\/reactivite-des-poudres\/#breadcrumb"},"inLanguage":"fr-FR","potentialAction":[{"@type":"ReadAction","target":["https:\/\/www.mines-stetienne.fr\/spin-fr\/domaines-de-recherche\/reactivite-des-poudres\/"]}]},{"@type":"ImageObject","inLanguage":"fr-FR","@id":"https:\/\/www.mines-stetienne.fr\/spin-fr\/domaines-de-recherche\/reactivite-des-poudres\/#primaryimage","url":"https:\/\/www.mines-stetienne.fr\/spin-fr\/wp-content\/uploads\/sites\/10\/2020\/02\/image-1-1.jpg","contentUrl":"https:\/\/www.mines-stetienne.fr\/spin-fr\/wp-content\/uploads\/sites\/10\/2020\/02\/image-1-1.jpg","width":570,"height":305},{"@type":"BreadcrumbList","@id":"https:\/\/www.mines-stetienne.fr\/spin-fr\/domaines-de-recherche\/reactivite-des-poudres\/#breadcrumb","itemListElement":[{"@type":"ListItem","position":1,"name":"Accueil","item":"https:\/\/www.mines-stetienne.fr\/spin-fr\/"},{"@type":"ListItem","position":2,"name":"Expertise","item":"https:\/\/www.mines-stetienne.fr\/spin-fr\/domaines-de-recherche\/"},{"@type":"ListItem","position":3,"name":"R\u00e9activit\u00e9 des poudres"}]},{"@type":"WebSite","@id":"https:\/\/www.mines-stetienne.fr\/spin-fr\/#website","url":"https:\/\/www.mines-stetienne.fr\/spin-fr\/","name":"Centre SPIN","description":"\u2013 G\u00e9nie des Proc\u00e9d\u00e9s","potentialAction":[{"@type":"SearchAction","target":{"@type":"EntryPoint","urlTemplate":"https:\/\/www.mines-stetienne.fr\/spin-fr\/?s={search_term_string}"},"query-input":{"@type":"PropertyValueSpecification","valueRequired":true,"valueName":"search_term_string"}}],"inLanguage":"fr-FR"}]}},"_links":{"self":[{"href":"https:\/\/www.mines-stetienne.fr\/spin-fr\/wp-json\/wp\/v2\/pages\/64","targetHints":{"allow":["GET"]}}],"collection":[{"href":"https:\/\/www.mines-stetienne.fr\/spin-fr\/wp-json\/wp\/v2\/pages"}],"about":[{"href":"https:\/\/www.mines-stetienne.fr\/spin-fr\/wp-json\/wp\/v2\/types\/page"}],"author":[{"embeddable":true,"href":"https:\/\/www.mines-stetienne.fr\/spin-fr\/wp-json\/wp\/v2\/users\/1478"}],"replies":[{"embeddable":true,"href":"https:\/\/www.mines-stetienne.fr\/spin-fr\/wp-json\/wp\/v2\/comments?post=64"}],"version-history":[{"count":6,"href":"https:\/\/www.mines-stetienne.fr\/spin-fr\/wp-json\/wp\/v2\/pages\/64\/revisions"}],"predecessor-version":[{"id":264,"href":"https:\/\/www.mines-stetienne.fr\/spin-fr\/wp-json\/wp\/v2\/pages\/64\/revisions\/264"}],"up":[{"embeddable":true,"href":"https:\/\/www.mines-stetienne.fr\/spin-fr\/wp-json\/wp\/v2\/pages\/15"}],"wp:attachment":[{"href":"https:\/\/www.mines-stetienne.fr\/spin-fr\/wp-json\/wp\/v2\/media?parent=64"}],"wp:term":[{"taxonomy":"post_tag","embeddable":true,"href":"https:\/\/www.mines-stetienne.fr\/spin-fr\/wp-json\/wp\/v2\/tags?post=64"}],"curies":[{"name":"wp","href":"https:\/\/api.w.org\/{rel}","templated":true}]}}