{"id":593,"date":"2022-02-03T15:03:12","date_gmt":"2022-02-03T14:03:12","guid":{"rendered":"https:\/\/www.mines-stetienne.fr\/spin-fr\/?page_id=593"},"modified":"2023-06-13T17:16:58","modified_gmt":"2023-06-13T15:16:58","slug":"modelisation-et-digitalisation-des-procedes","status":"publish","type":"page","link":"https:\/\/www.mines-stetienne.fr\/spin-fr\/ressources\/modelisation-et-digitalisation-des-procedes\/","title":{"rendered":"Digitalisation"},"content":{"rendered":"\n<ul>\n<li>Jumeaux num\u00e9riques<\/li>\n<li>Pilotage \u00e0 distance des proc\u00e9d\u00e9s :\n<ul>\n<li><a href=\"https:\/\/www.diwii.fr\/digital-for-ecoindustry\/\" target=\"_blank\" rel=\"noopener\"><strong>Projet Digital For Eco Industry<\/strong><\/a> sur la plateforme <strong>DIWII<\/strong> au sein du Campus r\u00e9gional du num\u00e9rique&nbsp; : cet atelier concerne l\u2019<strong style=\"font-size: revert;color: initial\">Optimisation Energ\u00e9tique et environnementale en temps r\u00e9el des proc\u00e9d\u00e9s<\/strong><span style=\"font-size: revert;color: initial\"> \u00e0 travers les outils du num\u00e9rique. <\/span><span style=\"font-size: revert;color: initial\">Port\u00e9 par le centre SPIN de Mines de St-Etienne, il s\u2019adresse aux industriels du G\u00e9nie des Proc\u00e9d\u00e9s chimiques. <\/span><span style=\"font-size: revert;color: initial\">Cr\u00e9ation d\u2019un&nbsp;<\/span><strong style=\"font-size: revert;color: initial\">showroom<\/strong><span style=\"font-size: revert;color: initial\">&nbsp;connect\u00e9 \u00e0 distance \u00e0&nbsp;<\/span><strong style=\"font-size: revert;color: initial\">3 pilotes instrument\u00e9s<\/strong><span style=\"font-size: revert;color: initial\">&nbsp;(cristallisoir, extrudeuse, r\u00e9acteur) et d\u2019une offre de&nbsp;<\/span><strong style=\"font-size: revert;color: initial\">formation professionnelle courte<\/strong><span style=\"font-size: revert;color: initial\">&nbsp;<\/span><span style=\"font-size: revert;color: initial\">\u00e0 la carte. <\/span>Les partenaires intervenants sur l\u2019atelier sont : <strong style=\"font-size: revert;color: initial\">INEVO, Optimistik, Axel\u2019One et Axelera.<\/strong><\/li>\n<\/ul>\n<\/li>\n<\/ul>\n<p>&nbsp;<\/p>\n<p>&nbsp;<\/p>\n","protected":false},"excerpt":{"rendered":"<p>Jumeaux num\u00e9riques Pilotage \u00e0 distance des proc\u00e9d\u00e9s : Projet Digital For Eco Industry sur la plateforme DIWII au sein du Campus r\u00e9gional du num\u00e9rique&nbsp; : cet atelier concerne l\u2019Optimisation Energ\u00e9tique et environnementale en temps r\u00e9el des proc\u00e9d\u00e9s \u00e0 travers les &hellip;<\/p>\n","protected":false},"author":2073,"featured_media":0,"parent":5,"menu_order":999,"comment_status":"closed","ping_status":"closed","template":"","meta":{"footnotes":""},"tags":[],"class_list":["post-593","page","type-page","status-publish","hentry"],"pp_statuses_selecting_workflow":false,"pp_workflow_action":"current","pp_status_selection":"publish","pp_force_visibility":null,"pp_subpost_visibility":null,"pp_inherited_force_visibility":null,"pp_inherited_subpost_visibility":null,"yoast_head":"<!-- This site is optimized with the Yoast SEO plugin v27.5 - https:\/\/yoast.com\/product\/yoast-seo-wordpress\/ -->\n<title>Digitalisation - Centre SPIN<\/title>\n<meta name=\"robots\" content=\"index, follow, max-snippet:-1, max-image-preview:large, max-video-preview:-1\" \/>\n<link rel=\"canonical\" href=\"https:\/\/www.mines-stetienne.fr\/spin-fr\/ressources\/modelisation-et-digitalisation-des-procedes\/\" \/>\n<meta property=\"og:locale\" content=\"fr_FR\" \/>\n<meta property=\"og:type\" content=\"article\" \/>\n<meta property=\"og:title\" content=\"Digitalisation - Centre SPIN\" \/>\n<meta property=\"og:description\" content=\"Jumeaux num\u00e9riques Pilotage \u00e0 distance des proc\u00e9d\u00e9s : Projet Digital For Eco Industry sur la plateforme DIWII au sein du Campus r\u00e9gional du num\u00e9rique&nbsp; : cet atelier concerne l\u2019Optimisation Energ\u00e9tique et environnementale en temps r\u00e9el des proc\u00e9d\u00e9s \u00e0 travers les &hellip;\" \/>\n<meta property=\"og:url\" content=\"https:\/\/www.mines-stetienne.fr\/spin-fr\/ressources\/modelisation-et-digitalisation-des-procedes\/\" \/>\n<meta property=\"og:site_name\" content=\"Centre SPIN\" \/>\n<meta property=\"article:modified_time\" content=\"2023-06-13T15:16:58+00:00\" \/>\n<meta name=\"twitter:card\" content=\"summary_large_image\" \/>\n<meta name=\"twitter:label1\" content=\"Dur\u00e9e de lecture estim\u00e9e\" \/>\n\t<meta name=\"twitter:data1\" content=\"1 minute\" \/>\n<script type=\"application\/ld+json\" class=\"yoast-schema-graph\">{\"@context\":\"https:\\\/\\\/schema.org\",\"@graph\":[{\"@type\":\"WebPage\",\"@id\":\"https:\\\/\\\/www.mines-stetienne.fr\\\/spin-fr\\\/ressources\\\/modelisation-et-digitalisation-des-procedes\\\/\",\"url\":\"https:\\\/\\\/www.mines-stetienne.fr\\\/spin-fr\\\/ressources\\\/modelisation-et-digitalisation-des-procedes\\\/\",\"name\":\"Digitalisation - Centre SPIN\",\"isPartOf\":{\"@id\":\"https:\\\/\\\/www.mines-stetienne.fr\\\/spin-fr\\\/#website\"},\"datePublished\":\"2022-02-03T14:03:12+00:00\",\"dateModified\":\"2023-06-13T15:16:58+00:00\",\"breadcrumb\":{\"@id\":\"https:\\\/\\\/www.mines-stetienne.fr\\\/spin-fr\\\/ressources\\\/modelisation-et-digitalisation-des-procedes\\\/#breadcrumb\"},\"inLanguage\":\"fr-FR\",\"potentialAction\":[{\"@type\":\"ReadAction\",\"target\":[\"https:\\\/\\\/www.mines-stetienne.fr\\\/spin-fr\\\/ressources\\\/modelisation-et-digitalisation-des-procedes\\\/\"]}]},{\"@type\":\"BreadcrumbList\",\"@id\":\"https:\\\/\\\/www.mines-stetienne.fr\\\/spin-fr\\\/ressources\\\/modelisation-et-digitalisation-des-procedes\\\/#breadcrumb\",\"itemListElement\":[{\"@type\":\"ListItem\",\"position\":1,\"name\":\"Accueil\",\"item\":\"https:\\\/\\\/www.mines-stetienne.fr\\\/spin-fr\\\/\"},{\"@type\":\"ListItem\",\"position\":2,\"name\":\"Ressources\",\"item\":\"https:\\\/\\\/www.mines-stetienne.fr\\\/spin-fr\\\/ressources\\\/\"},{\"@type\":\"ListItem\",\"position\":3,\"name\":\"Digitalisation\"}]},{\"@type\":\"WebSite\",\"@id\":\"https:\\\/\\\/www.mines-stetienne.fr\\\/spin-fr\\\/#website\",\"url\":\"https:\\\/\\\/www.mines-stetienne.fr\\\/spin-fr\\\/\",\"name\":\"Centre SPIN\",\"description\":\"\u2013 G\u00e9nie des Proc\u00e9d\u00e9s\",\"potentialAction\":[{\"@type\":\"SearchAction\",\"target\":{\"@type\":\"EntryPoint\",\"urlTemplate\":\"https:\\\/\\\/www.mines-stetienne.fr\\\/spin-fr\\\/?s={search_term_string}\"},\"query-input\":{\"@type\":\"PropertyValueSpecification\",\"valueRequired\":true,\"valueName\":\"search_term_string\"}}],\"inLanguage\":\"fr-FR\"}]}<\/script>\n<!-- \/ Yoast SEO plugin. -->","yoast_head_json":{"title":"Digitalisation - Centre SPIN","robots":{"index":"index","follow":"follow","max-snippet":"max-snippet:-1","max-image-preview":"max-image-preview:large","max-video-preview":"max-video-preview:-1"},"canonical":"https:\/\/www.mines-stetienne.fr\/spin-fr\/ressources\/modelisation-et-digitalisation-des-procedes\/","og_locale":"fr_FR","og_type":"article","og_title":"Digitalisation - Centre SPIN","og_description":"Jumeaux num\u00e9riques Pilotage \u00e0 distance des proc\u00e9d\u00e9s : Projet Digital For Eco Industry sur la plateforme DIWII au sein du Campus r\u00e9gional du num\u00e9rique&nbsp; : cet atelier concerne l\u2019Optimisation Energ\u00e9tique et environnementale en temps r\u00e9el des proc\u00e9d\u00e9s \u00e0 travers les &hellip;","og_url":"https:\/\/www.mines-stetienne.fr\/spin-fr\/ressources\/modelisation-et-digitalisation-des-procedes\/","og_site_name":"Centre SPIN","article_modified_time":"2023-06-13T15:16:58+00:00","twitter_card":"summary_large_image","twitter_misc":{"Dur\u00e9e de lecture estim\u00e9e":"1 minute"},"schema":{"@context":"https:\/\/schema.org","@graph":[{"@type":"WebPage","@id":"https:\/\/www.mines-stetienne.fr\/spin-fr\/ressources\/modelisation-et-digitalisation-des-procedes\/","url":"https:\/\/www.mines-stetienne.fr\/spin-fr\/ressources\/modelisation-et-digitalisation-des-procedes\/","name":"Digitalisation - Centre SPIN","isPartOf":{"@id":"https:\/\/www.mines-stetienne.fr\/spin-fr\/#website"},"datePublished":"2022-02-03T14:03:12+00:00","dateModified":"2023-06-13T15:16:58+00:00","breadcrumb":{"@id":"https:\/\/www.mines-stetienne.fr\/spin-fr\/ressources\/modelisation-et-digitalisation-des-procedes\/#breadcrumb"},"inLanguage":"fr-FR","potentialAction":[{"@type":"ReadAction","target":["https:\/\/www.mines-stetienne.fr\/spin-fr\/ressources\/modelisation-et-digitalisation-des-procedes\/"]}]},{"@type":"BreadcrumbList","@id":"https:\/\/www.mines-stetienne.fr\/spin-fr\/ressources\/modelisation-et-digitalisation-des-procedes\/#breadcrumb","itemListElement":[{"@type":"ListItem","position":1,"name":"Accueil","item":"https:\/\/www.mines-stetienne.fr\/spin-fr\/"},{"@type":"ListItem","position":2,"name":"Ressources","item":"https:\/\/www.mines-stetienne.fr\/spin-fr\/ressources\/"},{"@type":"ListItem","position":3,"name":"Digitalisation"}]},{"@type":"WebSite","@id":"https:\/\/www.mines-stetienne.fr\/spin-fr\/#website","url":"https:\/\/www.mines-stetienne.fr\/spin-fr\/","name":"Centre SPIN","description":"\u2013 G\u00e9nie des Proc\u00e9d\u00e9s","potentialAction":[{"@type":"SearchAction","target":{"@type":"EntryPoint","urlTemplate":"https:\/\/www.mines-stetienne.fr\/spin-fr\/?s={search_term_string}"},"query-input":{"@type":"PropertyValueSpecification","valueRequired":true,"valueName":"search_term_string"}}],"inLanguage":"fr-FR"}]}},"_links":{"self":[{"href":"https:\/\/www.mines-stetienne.fr\/spin-fr\/wp-json\/wp\/v2\/pages\/593","targetHints":{"allow":["GET"]}}],"collection":[{"href":"https:\/\/www.mines-stetienne.fr\/spin-fr\/wp-json\/wp\/v2\/pages"}],"about":[{"href":"https:\/\/www.mines-stetienne.fr\/spin-fr\/wp-json\/wp\/v2\/types\/page"}],"author":[{"embeddable":true,"href":"https:\/\/www.mines-stetienne.fr\/spin-fr\/wp-json\/wp\/v2\/users\/2073"}],"replies":[{"embeddable":true,"href":"https:\/\/www.mines-stetienne.fr\/spin-fr\/wp-json\/wp\/v2\/comments?post=593"}],"version-history":[{"count":13,"href":"https:\/\/www.mines-stetienne.fr\/spin-fr\/wp-json\/wp\/v2\/pages\/593\/revisions"}],"predecessor-version":[{"id":1733,"href":"https:\/\/www.mines-stetienne.fr\/spin-fr\/wp-json\/wp\/v2\/pages\/593\/revisions\/1733"}],"up":[{"embeddable":true,"href":"https:\/\/www.mines-stetienne.fr\/spin-fr\/wp-json\/wp\/v2\/pages\/5"}],"wp:attachment":[{"href":"https:\/\/www.mines-stetienne.fr\/spin-fr\/wp-json\/wp\/v2\/media?parent=593"}],"wp:term":[{"taxonomy":"post_tag","embeddable":true,"href":"https:\/\/www.mines-stetienne.fr\/spin-fr\/wp-json\/wp\/v2\/tags?post=593"}],"curies":[{"name":"wp","href":"https:\/\/api.w.org\/{rel}","templated":true}]}}