{"id":5,"date":"2019-01-18T15:40:17","date_gmt":"2019-01-18T14:40:17","guid":{"rendered":"https:\/\/www.mines-stetienne.fr\/spin1\/?page_id=5"},"modified":"2024-02-02T10:48:38","modified_gmt":"2024-02-02T09:48:38","slug":"ressources","status":"publish","type":"page","link":"https:\/\/www.mines-stetienne.fr\/spin-fr\/ressources\/","title":{"rendered":"Ressources"},"content":{"rendered":"<p>Nous utilisons et d\u00e9veloppons des outils pour \u00e9tudier les mat\u00e9riaux et les ph\u00e9nom\u00e8nes qu&rsquo;ils subissent, depuis l&rsquo;\u00e9chelle micro jusqu&rsquo;\u00e0 l&rsquo;\u00e9chelle macro.<\/p>\n<p><img fetchpriority=\"high\" decoding=\"async\" class=\"wp-image-612  aligncenter\" src=\"https:\/\/www.mines-stetienne.fr\/spin-fr\/wp-content\/uploads\/sites\/10\/2022\/02\/Diapositive1-e1643965722707-300x147.jpg\" alt=\"\" width=\"362\" height=\"178\" srcset=\"https:\/\/www.mines-stetienne.fr\/spin-fr\/wp-content\/uploads\/sites\/10\/2022\/02\/Diapositive1-e1643965722707-300x147.jpg 300w, https:\/\/www.mines-stetienne.fr\/spin-fr\/wp-content\/uploads\/sites\/10\/2022\/02\/Diapositive1-e1643965722707-768x375.jpg 768w, https:\/\/www.mines-stetienne.fr\/spin-fr\/wp-content\/uploads\/sites\/10\/2022\/02\/Diapositive1-e1643965722707.jpg 995w\" sizes=\"(max-width: 362px) 100vw, 362px\" \/><\/p>\n<table style=\"width: 99.881%;height: 243px\" border=\"0\" width=\"100%\" cellspacing=\"0\" cellpadding=\"0\">\n<tbody>\n<tr style=\"height: 158px\">\n<td style=\"height: 158px;width: 25%\" width=\"25%\"><a href=\"https:\/\/www.mines-stetienne.fr\/spin-fr\/ressources\/caracterisation\/\"><br \/><img decoding=\"async\" src=\"https:\/\/www.mines-stetienne.fr\/spin\/wp-content\/uploads\/sites\/11\/2019\/01\/TA6V-1.jpg\" \/> <\/a><\/td>\n<td style=\"height: 158px;width: 5%\" width=\"5%\">\u00a0<\/td>\n<td style=\"height: 158px;width: 25%\" width=\"25%\"><a href=\"https:\/\/www.mines-stetienne.fr\/spin-fr\/ressources\/laboratoires-specialises\/\"><br \/><img decoding=\"async\" src=\"https:\/\/www.mines-stetienne.fr\/spin\/wp-content\/uploads\/sites\/11\/2019\/02\/BancCapteurs600.jpg\" \/> <\/a><\/td>\n<td style=\"height: 158px;width: 5%\" width=\"5%\">\u00a0<\/td>\n<td style=\"height: 158px;width: 25%;vertical-align: bottom\" width=\"25%\"><img decoding=\"async\" class=\"alignnone\" src=\"https:\/\/www.mines-stetienne.fr\/spin\/wp-content\/uploads\/sites\/11\/2019\/01\/Manip2-08.jpg\" alt=\"\" width=\"242\" height=\"130\" \/><\/td>\n<\/tr>\n<tr style=\"height: 97px\">\n<td style=\"height: 85px;width: 25%\" align=\"center\" width=\"25%\">\n<h4><a href=\"https:\/\/www.mines-stetienne.fr\/spin-fr\/ressources\/caracterisation\/\" target=\"_blank\" rel=\"noopener\">Instruments de caract\u00e9risation<\/a><\/h4>\n<\/td>\n<td style=\"height: 85px;width: 5%\" width=\"5%\">\u00a0<\/td>\n<td style=\"height: 85px;width: 25%\" align=\"center\" width=\"25%\">\n<h4 style=\"text-align: center\"><a href=\"https:\/\/www.mines-stetienne.fr\/spin-fr\/ressources\/laboratoires-specialises\/\" target=\"_blank\" rel=\"noopener\">Laboratoires sp\u00e9cialis\u00e9s<\/a><\/h4>\n<\/td>\n<td style=\"height: 85px;width: 5%\" width=\"5%\">\u00a0<\/td>\n<td style=\"height: 85px;width: 25%\" align=\"center\" width=\"25%\">\n<h4 style=\"text-align: center\"><a href=\"https:\/\/www.mines-stetienne.fr\/spin-fr\/ressources\/transfert-de-technologies\/\" target=\"_blank\" rel=\"noopener\">Pilotes et prototypes<\/a><\/h4>\n<\/td>\n<\/tr>\n<\/tbody>\n<\/table>\n<table style=\"width: 100.117%;height: 190px\" border=\"0\" width=\"100%\" cellspacing=\"0\" cellpadding=\"0\">\n<tbody>\n<tr style=\"height: 38px\">\n<td style=\"width: 29.3111%;height: 65px\">\u00a0<\/td>\n<td style=\"width: 6.08919%;height: 65px\">\u00a0<\/td>\n<td style=\"width: 29.3948%;height: 65px\">\u00a0<\/td>\n<td style=\"width: 5.74518%;height: 65px\">\u00a0<\/td>\n<td style=\"width: 44.0424%;height: 65px\">\u00a0<\/td>\n<td style=\"width: 52.0718%;height: 65px\">\u00a0<\/td>\n<\/tr>\n<tr style=\"height: 136px\">\n<td style=\"width: 29.3111%;height: 91px\" width=\"14%\"><img decoding=\"async\" class=\"alignnone\" src=\"https:\/\/www.mines-stetienne.fr\/spin\/wp-content\/uploads\/sites\/11\/2019\/02\/ModelCIN4600.jpg\" width=\"248\" height=\"132\" \/><\/td>\n<td style=\"width: 6.08919%;height: 91px\">\u00a0<\/td>\n<td style=\"width: 29.3948%;height: 91px\" width=\"29%\"><img loading=\"lazy\" decoding=\"async\" class=\"wp-image-630 aligncenter\" src=\"https:\/\/www.mines-stetienne.fr\/spin-fr\/wp-content\/uploads\/sites\/10\/2022\/03\/Image1-simulation.png\" alt=\"\" width=\"214\" height=\"141\" \/><\/td>\n<td style=\"width: 5.74518%;height: 91px\" width=\"14%\">\u00a0<\/td>\n<td style=\"width: 44.0424%;height: 91px\" width=\"29%\"><a href=\"https:\/\/www.mines-stetienne.fr\/spin-fr\/ressources\/logiciels\/\"><img loading=\"lazy\" decoding=\"async\" class=\"aligncenter\" src=\"https:\/\/www.mines-stetienne.fr\/spin\/wp-content\/uploads\/sites\/11\/2019\/02\/Codegepra600.jpg\" width=\"200\" height=\"107\" \/><\/a><\/td>\n<td style=\"width: 52.0718%;height: 91px\" width=\"14%\">\u00a0<\/td>\n<\/tr>\n<tr style=\"height: 34px\">\n<td style=\"width: 29.3111%;height: 34px;text-align: center\" width=\"14%\">\n<h4><a href=\"https:\/\/www.mines-stetienne.fr\/spin-fr\/ressources\/modelisation-et-digitalisation-des-procedes\/modelisation\/\" target=\"_blank\" rel=\"noopener\">Mod\u00e9lisation<\/a><\/h4>\n<\/td>\n<td style=\"width: 6.08919%;height: 34px\">\n<h4>\u00a0<\/h4>\n<\/td>\n<td style=\"width: 29.3948%;height: 34px\" align=\"center\" width=\"29%\">\n<h4><a href=\"https:\/\/www.mines-stetienne.fr\/spin-fr\/ressources\/modelisation-et-digitalisation-des-procedes\/logiciels\/\" target=\"_blank\" rel=\"noopener\">Simulation num\u00e9rique <\/a><\/h4>\n<\/td>\n<td style=\"width: 5.74518%;height: 34px\" width=\"14%\">\u00a0<\/td>\n<td style=\"width: 44.0424%;height: 34px\" align=\"center\" width=\"29%\">\n<h4><a href=\"https:\/\/www.mines-stetienne.fr\/spin-fr\/ressources\/modelisation-et-digitalisation-des-procedes\/\" target=\"_blank\" rel=\"noopener\">Digitalisation<\/a><\/h4>\n<\/td>\n<td style=\"width: 52.0718%;height: 34px\" width=\"14%\">\u00a0<\/td>\n<\/tr>\n<\/tbody>\n<\/table>\n\n","protected":false},"excerpt":{"rendered":"<p>Nous utilisons et d\u00e9veloppons des outils pour \u00e9tudier les mat\u00e9riaux et les ph\u00e9nom\u00e8nes qu&rsquo;ils subissent, depuis l&rsquo;\u00e9chelle micro jusqu&rsquo;\u00e0 l&rsquo;\u00e9chelle macro. \u00a0 \u00a0 Instruments de caract\u00e9risation \u00a0 Laboratoires sp\u00e9cialis\u00e9s \u00a0 Pilotes et prototypes \u00a0 \u00a0 \u00a0 \u00a0 \u00a0 \u00a0 \u00a0 &hellip;<\/p>\n","protected":false},"author":1478,"featured_media":0,"parent":0,"menu_order":20,"comment_status":"closed","ping_status":"closed","template":"","meta":{"footnotes":""},"tags":[],"class_list":["post-5","page","type-page","status-publish","hentry"],"pp_statuses_selecting_workflow":false,"pp_workflow_action":"current","pp_status_selection":"publish","pp_force_visibility":null,"pp_subpost_visibility":null,"pp_inherited_force_visibility":null,"pp_inherited_subpost_visibility":null,"yoast_head":"<!-- This site is optimized with the Yoast SEO plugin v27.4 - https:\/\/yoast.com\/product\/yoast-seo-wordpress\/ -->\n<title>Ressources - Centre SPIN<\/title>\n<meta name=\"robots\" content=\"index, follow, max-snippet:-1, max-image-preview:large, max-video-preview:-1\" \/>\n<link rel=\"canonical\" href=\"https:\/\/www.mines-stetienne.fr\/spin-fr\/ressources\/\" \/>\n<meta property=\"og:locale\" content=\"fr_FR\" \/>\n<meta property=\"og:type\" content=\"article\" \/>\n<meta property=\"og:title\" content=\"Ressources - Centre SPIN\" \/>\n<meta property=\"og:description\" content=\"Nous utilisons et d\u00e9veloppons des outils pour \u00e9tudier les mat\u00e9riaux et les ph\u00e9nom\u00e8nes qu&rsquo;ils subissent, depuis l&rsquo;\u00e9chelle micro jusqu&rsquo;\u00e0 l&rsquo;\u00e9chelle macro. \u00a0 \u00a0 Instruments de caract\u00e9risation \u00a0 Laboratoires sp\u00e9cialis\u00e9s \u00a0 Pilotes et prototypes \u00a0 \u00a0 \u00a0 \u00a0 \u00a0 \u00a0 \u00a0 &hellip;\" \/>\n<meta property=\"og:url\" content=\"https:\/\/www.mines-stetienne.fr\/spin-fr\/ressources\/\" \/>\n<meta property=\"og:site_name\" content=\"Centre SPIN\" \/>\n<meta property=\"article:modified_time\" content=\"2024-02-02T09:48:38+00:00\" \/>\n<meta property=\"og:image\" content=\"https:\/\/www.mines-stetienne.fr\/spin-fr\/wp-content\/uploads\/sites\/10\/2022\/02\/Diapositive1-e1643965722707-300x147.jpg\" \/>\n<meta name=\"twitter:card\" content=\"summary_large_image\" \/>\n<meta name=\"twitter:label1\" content=\"Dur\u00e9e de lecture estim\u00e9e\" \/>\n\t<meta name=\"twitter:data1\" content=\"2 minutes\" \/>\n<script type=\"application\/ld+json\" class=\"yoast-schema-graph\">{\"@context\":\"https:\\\/\\\/schema.org\",\"@graph\":[{\"@type\":\"WebPage\",\"@id\":\"https:\\\/\\\/www.mines-stetienne.fr\\\/spin-fr\\\/ressources\\\/\",\"url\":\"https:\\\/\\\/www.mines-stetienne.fr\\\/spin-fr\\\/ressources\\\/\",\"name\":\"Ressources - Centre SPIN\",\"isPartOf\":{\"@id\":\"https:\\\/\\\/www.mines-stetienne.fr\\\/spin-fr\\\/#website\"},\"primaryImageOfPage\":{\"@id\":\"https:\\\/\\\/www.mines-stetienne.fr\\\/spin-fr\\\/ressources\\\/#primaryimage\"},\"image\":{\"@id\":\"https:\\\/\\\/www.mines-stetienne.fr\\\/spin-fr\\\/ressources\\\/#primaryimage\"},\"thumbnailUrl\":\"https:\\\/\\\/www.mines-stetienne.fr\\\/spin-fr\\\/wp-content\\\/uploads\\\/sites\\\/10\\\/2022\\\/02\\\/Diapositive1-e1643965722707-300x147.jpg\",\"datePublished\":\"2019-01-18T14:40:17+00:00\",\"dateModified\":\"2024-02-02T09:48:38+00:00\",\"breadcrumb\":{\"@id\":\"https:\\\/\\\/www.mines-stetienne.fr\\\/spin-fr\\\/ressources\\\/#breadcrumb\"},\"inLanguage\":\"fr-FR\",\"potentialAction\":[{\"@type\":\"ReadAction\",\"target\":[\"https:\\\/\\\/www.mines-stetienne.fr\\\/spin-fr\\\/ressources\\\/\"]}]},{\"@type\":\"ImageObject\",\"inLanguage\":\"fr-FR\",\"@id\":\"https:\\\/\\\/www.mines-stetienne.fr\\\/spin-fr\\\/ressources\\\/#primaryimage\",\"url\":\"https:\\\/\\\/www.mines-stetienne.fr\\\/spin-fr\\\/wp-content\\\/uploads\\\/sites\\\/10\\\/2022\\\/02\\\/Diapositive1-e1643965722707.jpg\",\"contentUrl\":\"https:\\\/\\\/www.mines-stetienne.fr\\\/spin-fr\\\/wp-content\\\/uploads\\\/sites\\\/10\\\/2022\\\/02\\\/Diapositive1-e1643965722707.jpg\",\"width\":995,\"height\":486},{\"@type\":\"BreadcrumbList\",\"@id\":\"https:\\\/\\\/www.mines-stetienne.fr\\\/spin-fr\\\/ressources\\\/#breadcrumb\",\"itemListElement\":[{\"@type\":\"ListItem\",\"position\":1,\"name\":\"Accueil\",\"item\":\"https:\\\/\\\/www.mines-stetienne.fr\\\/spin-fr\\\/\"},{\"@type\":\"ListItem\",\"position\":2,\"name\":\"Ressources\"}]},{\"@type\":\"WebSite\",\"@id\":\"https:\\\/\\\/www.mines-stetienne.fr\\\/spin-fr\\\/#website\",\"url\":\"https:\\\/\\\/www.mines-stetienne.fr\\\/spin-fr\\\/\",\"name\":\"Centre SPIN\",\"description\":\"\u2013 G\u00e9nie des Proc\u00e9d\u00e9s\",\"potentialAction\":[{\"@type\":\"SearchAction\",\"target\":{\"@type\":\"EntryPoint\",\"urlTemplate\":\"https:\\\/\\\/www.mines-stetienne.fr\\\/spin-fr\\\/?s={search_term_string}\"},\"query-input\":{\"@type\":\"PropertyValueSpecification\",\"valueRequired\":true,\"valueName\":\"search_term_string\"}}],\"inLanguage\":\"fr-FR\"}]}<\/script>\n<!-- \/ Yoast SEO plugin. -->","yoast_head_json":{"title":"Ressources - Centre SPIN","robots":{"index":"index","follow":"follow","max-snippet":"max-snippet:-1","max-image-preview":"max-image-preview:large","max-video-preview":"max-video-preview:-1"},"canonical":"https:\/\/www.mines-stetienne.fr\/spin-fr\/ressources\/","og_locale":"fr_FR","og_type":"article","og_title":"Ressources - Centre SPIN","og_description":"Nous utilisons et d\u00e9veloppons des outils pour \u00e9tudier les mat\u00e9riaux et les ph\u00e9nom\u00e8nes qu&rsquo;ils subissent, depuis l&rsquo;\u00e9chelle micro jusqu&rsquo;\u00e0 l&rsquo;\u00e9chelle macro. \u00a0 \u00a0 Instruments de caract\u00e9risation \u00a0 Laboratoires sp\u00e9cialis\u00e9s \u00a0 Pilotes et prototypes \u00a0 \u00a0 \u00a0 \u00a0 \u00a0 \u00a0 \u00a0 &hellip;","og_url":"https:\/\/www.mines-stetienne.fr\/spin-fr\/ressources\/","og_site_name":"Centre SPIN","article_modified_time":"2024-02-02T09:48:38+00:00","og_image":[{"url":"https:\/\/www.mines-stetienne.fr\/spin-fr\/wp-content\/uploads\/sites\/10\/2022\/02\/Diapositive1-e1643965722707-300x147.jpg","type":"","width":"","height":""}],"twitter_card":"summary_large_image","twitter_misc":{"Dur\u00e9e de lecture estim\u00e9e":"2 minutes"},"schema":{"@context":"https:\/\/schema.org","@graph":[{"@type":"WebPage","@id":"https:\/\/www.mines-stetienne.fr\/spin-fr\/ressources\/","url":"https:\/\/www.mines-stetienne.fr\/spin-fr\/ressources\/","name":"Ressources - Centre SPIN","isPartOf":{"@id":"https:\/\/www.mines-stetienne.fr\/spin-fr\/#website"},"primaryImageOfPage":{"@id":"https:\/\/www.mines-stetienne.fr\/spin-fr\/ressources\/#primaryimage"},"image":{"@id":"https:\/\/www.mines-stetienne.fr\/spin-fr\/ressources\/#primaryimage"},"thumbnailUrl":"https:\/\/www.mines-stetienne.fr\/spin-fr\/wp-content\/uploads\/sites\/10\/2022\/02\/Diapositive1-e1643965722707-300x147.jpg","datePublished":"2019-01-18T14:40:17+00:00","dateModified":"2024-02-02T09:48:38+00:00","breadcrumb":{"@id":"https:\/\/www.mines-stetienne.fr\/spin-fr\/ressources\/#breadcrumb"},"inLanguage":"fr-FR","potentialAction":[{"@type":"ReadAction","target":["https:\/\/www.mines-stetienne.fr\/spin-fr\/ressources\/"]}]},{"@type":"ImageObject","inLanguage":"fr-FR","@id":"https:\/\/www.mines-stetienne.fr\/spin-fr\/ressources\/#primaryimage","url":"https:\/\/www.mines-stetienne.fr\/spin-fr\/wp-content\/uploads\/sites\/10\/2022\/02\/Diapositive1-e1643965722707.jpg","contentUrl":"https:\/\/www.mines-stetienne.fr\/spin-fr\/wp-content\/uploads\/sites\/10\/2022\/02\/Diapositive1-e1643965722707.jpg","width":995,"height":486},{"@type":"BreadcrumbList","@id":"https:\/\/www.mines-stetienne.fr\/spin-fr\/ressources\/#breadcrumb","itemListElement":[{"@type":"ListItem","position":1,"name":"Accueil","item":"https:\/\/www.mines-stetienne.fr\/spin-fr\/"},{"@type":"ListItem","position":2,"name":"Ressources"}]},{"@type":"WebSite","@id":"https:\/\/www.mines-stetienne.fr\/spin-fr\/#website","url":"https:\/\/www.mines-stetienne.fr\/spin-fr\/","name":"Centre SPIN","description":"\u2013 G\u00e9nie des Proc\u00e9d\u00e9s","potentialAction":[{"@type":"SearchAction","target":{"@type":"EntryPoint","urlTemplate":"https:\/\/www.mines-stetienne.fr\/spin-fr\/?s={search_term_string}"},"query-input":{"@type":"PropertyValueSpecification","valueRequired":true,"valueName":"search_term_string"}}],"inLanguage":"fr-FR"}]}},"_links":{"self":[{"href":"https:\/\/www.mines-stetienne.fr\/spin-fr\/wp-json\/wp\/v2\/pages\/5","targetHints":{"allow":["GET"]}}],"collection":[{"href":"https:\/\/www.mines-stetienne.fr\/spin-fr\/wp-json\/wp\/v2\/pages"}],"about":[{"href":"https:\/\/www.mines-stetienne.fr\/spin-fr\/wp-json\/wp\/v2\/types\/page"}],"author":[{"embeddable":true,"href":"https:\/\/www.mines-stetienne.fr\/spin-fr\/wp-json\/wp\/v2\/users\/1478"}],"replies":[{"embeddable":true,"href":"https:\/\/www.mines-stetienne.fr\/spin-fr\/wp-json\/wp\/v2\/comments?post=5"}],"version-history":[{"count":26,"href":"https:\/\/www.mines-stetienne.fr\/spin-fr\/wp-json\/wp\/v2\/pages\/5\/revisions"}],"predecessor-version":[{"id":1743,"href":"https:\/\/www.mines-stetienne.fr\/spin-fr\/wp-json\/wp\/v2\/pages\/5\/revisions\/1743"}],"wp:attachment":[{"href":"https:\/\/www.mines-stetienne.fr\/spin-fr\/wp-json\/wp\/v2\/media?parent=5"}],"wp:term":[{"taxonomy":"post_tag","embeddable":true,"href":"https:\/\/www.mines-stetienne.fr\/spin-fr\/wp-json\/wp\/v2\/tags?post=5"}],"curies":[{"name":"wp","href":"https:\/\/api.w.org\/{rel}","templated":true}]}}