{"id":482,"date":"2020-10-02T08:39:42","date_gmt":"2020-10-02T06:39:42","guid":{"rendered":"https:\/\/www.mines-stetienne.fr\/spin-fr\/?page_id=482"},"modified":"2022-02-03T11:51:44","modified_gmt":"2022-02-03T10:51:44","slug":"banc-dessais-pour-capteur-de-gaz","status":"publish","type":"page","link":"https:\/\/www.mines-stetienne.fr\/spin-fr\/ressources\/transfert-de-technologies\/banc-dessais-pour-capteur-de-gaz\/","title":{"rendered":"Plateforme Capteurs"},"content":{"rendered":"\n<p><img fetchpriority=\"high\" decoding=\"async\" class=\"alignnone size-medium wp-image-483\" src=\"https:\/\/www.mines-stetienne.fr\/spin-fr\/wp-content\/uploads\/sites\/10\/2020\/10\/banc-essai-300x200.jpg\" alt=\"\" width=\"300\" height=\"200\" srcset=\"https:\/\/www.mines-stetienne.fr\/spin-fr\/wp-content\/uploads\/sites\/10\/2020\/10\/banc-essai-300x200.jpg 300w, https:\/\/www.mines-stetienne.fr\/spin-fr\/wp-content\/uploads\/sites\/10\/2020\/10\/banc-essai-1024x682.jpg 1024w, https:\/\/www.mines-stetienne.fr\/spin-fr\/wp-content\/uploads\/sites\/10\/2020\/10\/banc-essai-768x512.jpg 768w, https:\/\/www.mines-stetienne.fr\/spin-fr\/wp-content\/uploads\/sites\/10\/2020\/10\/banc-essai.jpg 1156w\" sizes=\"(max-width: 300px) 100vw, 300px\" \/><\/p>\n<p>Au sein du d\u00e9partement PTSI, nous disposons de plusieurs bancs d\u2019essais pour capteurs de gaz.<\/p>\n<p>Nous pouvons \u00e9valuer tous types de capteurs de gaz, commerciaux ou exp\u00e9rimentaux moyennant une r\u00e9alisation ou adaptation des \u00e9lectroniques de commande que nous r\u00e9alisons nous-m\u00eame, dans une large gamme de conditions exp\u00e9rimentales. Les gaz que nous utilisons r\u00e9guli\u00e8rement sont les suivants\u00a0: O<sub>2<\/sub>, H<sub>2<\/sub>, NOx, CO, CO<sub>2<\/sub>, CH<sub>4<\/sub>, NH<sub>3<\/sub>, COV, Formald\u00e9hyde et ce pour des concentrations allant du ppb au %, l\u2019humidit\u00e9 absolue \u00e9tant contr\u00f4l\u00e9e. Tous les m\u00e9langes gazeux sont m\u00e9trologiquement raccord\u00e9s, car ils sont r\u00e9alis\u00e9s avec des d\u00e9bitm\u00e8tres massiques \u00e9talonn\u00e9s, et \u00e0 partir de bouteilles de gaz ou de tubes \u00e0 perm\u00e9ation certifi\u00e9s.<\/p>\n<p><strong>Caract\u00e9ristiques principales\u00a0:<\/strong><\/p>\n<p>Dur\u00e9e des tests\u00a0: illimit\u00e9e, programmation de profils de concentration et de divers param\u00e8tres exp\u00e9rimentaux.<\/p>\n<p>Gamme de d\u00e9bit\u00a0: 10 \u00e0 120 Nl\/h<\/p>\n<p>Gamme d\u2019humidit\u00e9\u00a0absolue : 0 \u00e0 2%<\/p>\n<p>Gamme de temp\u00e9rature\u00a0: ambiante \u00e0 40\u00b0C<\/p>\n<p>Gamme de pression\u00a0: atmosph\u00e9rique \u00e0 10 bars relatifs<\/p>\n\n\n","protected":false},"excerpt":{"rendered":"<p>Au sein du d\u00e9partement PTSI, nous disposons de plusieurs bancs d\u2019essais pour capteurs de gaz. Nous pouvons \u00e9valuer tous types de capteurs de gaz, commerciaux ou exp\u00e9rimentaux moyennant une r\u00e9alisation ou adaptation des \u00e9lectroniques de commande que nous r\u00e9alisons nous-m\u00eame, &hellip;<\/p>\n","protected":false},"author":2073,"featured_media":0,"parent":96,"menu_order":0,"comment_status":"closed","ping_status":"closed","template":"","meta":{"footnotes":""},"tags":[],"class_list":["post-482","page","type-page","status-publish","hentry"],"pp_statuses_selecting_workflow":false,"pp_workflow_action":"current","pp_status_selection":"publish","pp_force_visibility":null,"pp_subpost_visibility":null,"pp_inherited_force_visibility":null,"pp_inherited_subpost_visibility":null,"yoast_head":"<!-- This site is optimized with the Yoast SEO plugin v27.5 - https:\/\/yoast.com\/product\/yoast-seo-wordpress\/ -->\n<title>Plateforme Capteurs - Centre SPIN<\/title>\n<meta name=\"robots\" content=\"index, follow, max-snippet:-1, max-image-preview:large, max-video-preview:-1\" \/>\n<link rel=\"canonical\" href=\"https:\/\/www.mines-stetienne.fr\/spin-fr\/ressources\/transfert-de-technologies\/banc-dessais-pour-capteur-de-gaz\/\" \/>\n<meta property=\"og:locale\" content=\"fr_FR\" \/>\n<meta property=\"og:type\" content=\"article\" \/>\n<meta property=\"og:title\" content=\"Plateforme Capteurs - Centre SPIN\" \/>\n<meta property=\"og:description\" content=\"Au sein du d\u00e9partement PTSI, nous disposons de plusieurs bancs d\u2019essais pour capteurs de gaz. Nous pouvons \u00e9valuer tous types de capteurs de gaz, commerciaux ou exp\u00e9rimentaux moyennant une r\u00e9alisation ou adaptation des \u00e9lectroniques de commande que nous r\u00e9alisons nous-m\u00eame, &hellip;\" \/>\n<meta property=\"og:url\" content=\"https:\/\/www.mines-stetienne.fr\/spin-fr\/ressources\/transfert-de-technologies\/banc-dessais-pour-capteur-de-gaz\/\" \/>\n<meta property=\"og:site_name\" content=\"Centre SPIN\" \/>\n<meta property=\"article:modified_time\" content=\"2022-02-03T10:51:44+00:00\" \/>\n<meta property=\"og:image\" content=\"https:\/\/www.mines-stetienne.fr\/spin-fr\/wp-content\/uploads\/sites\/10\/2020\/10\/banc-essai-300x200.jpg\" \/>\n<meta name=\"twitter:card\" content=\"summary_large_image\" \/>\n<meta name=\"twitter:label1\" content=\"Dur\u00e9e de lecture estim\u00e9e\" \/>\n\t<meta name=\"twitter:data1\" content=\"1 minute\" \/>\n<script type=\"application\/ld+json\" class=\"yoast-schema-graph\">{\"@context\":\"https:\\\/\\\/schema.org\",\"@graph\":[{\"@type\":\"WebPage\",\"@id\":\"https:\\\/\\\/www.mines-stetienne.fr\\\/spin-fr\\\/ressources\\\/transfert-de-technologies\\\/banc-dessais-pour-capteur-de-gaz\\\/\",\"url\":\"https:\\\/\\\/www.mines-stetienne.fr\\\/spin-fr\\\/ressources\\\/transfert-de-technologies\\\/banc-dessais-pour-capteur-de-gaz\\\/\",\"name\":\"Plateforme Capteurs - Centre SPIN\",\"isPartOf\":{\"@id\":\"https:\\\/\\\/www.mines-stetienne.fr\\\/spin-fr\\\/#website\"},\"primaryImageOfPage\":{\"@id\":\"https:\\\/\\\/www.mines-stetienne.fr\\\/spin-fr\\\/ressources\\\/transfert-de-technologies\\\/banc-dessais-pour-capteur-de-gaz\\\/#primaryimage\"},\"image\":{\"@id\":\"https:\\\/\\\/www.mines-stetienne.fr\\\/spin-fr\\\/ressources\\\/transfert-de-technologies\\\/banc-dessais-pour-capteur-de-gaz\\\/#primaryimage\"},\"thumbnailUrl\":\"https:\\\/\\\/www.mines-stetienne.fr\\\/spin-fr\\\/wp-content\\\/uploads\\\/sites\\\/10\\\/2020\\\/10\\\/banc-essai-300x200.jpg\",\"datePublished\":\"2020-10-02T06:39:42+00:00\",\"dateModified\":\"2022-02-03T10:51:44+00:00\",\"breadcrumb\":{\"@id\":\"https:\\\/\\\/www.mines-stetienne.fr\\\/spin-fr\\\/ressources\\\/transfert-de-technologies\\\/banc-dessais-pour-capteur-de-gaz\\\/#breadcrumb\"},\"inLanguage\":\"fr-FR\",\"potentialAction\":[{\"@type\":\"ReadAction\",\"target\":[\"https:\\\/\\\/www.mines-stetienne.fr\\\/spin-fr\\\/ressources\\\/transfert-de-technologies\\\/banc-dessais-pour-capteur-de-gaz\\\/\"]}]},{\"@type\":\"ImageObject\",\"inLanguage\":\"fr-FR\",\"@id\":\"https:\\\/\\\/www.mines-stetienne.fr\\\/spin-fr\\\/ressources\\\/transfert-de-technologies\\\/banc-dessais-pour-capteur-de-gaz\\\/#primaryimage\",\"url\":\"https:\\\/\\\/www.mines-stetienne.fr\\\/spin-fr\\\/wp-content\\\/uploads\\\/sites\\\/10\\\/2020\\\/10\\\/banc-essai-300x200.jpg\",\"contentUrl\":\"https:\\\/\\\/www.mines-stetienne.fr\\\/spin-fr\\\/wp-content\\\/uploads\\\/sites\\\/10\\\/2020\\\/10\\\/banc-essai-300x200.jpg\"},{\"@type\":\"BreadcrumbList\",\"@id\":\"https:\\\/\\\/www.mines-stetienne.fr\\\/spin-fr\\\/ressources\\\/transfert-de-technologies\\\/banc-dessais-pour-capteur-de-gaz\\\/#breadcrumb\",\"itemListElement\":[{\"@type\":\"ListItem\",\"position\":1,\"name\":\"Accueil\",\"item\":\"https:\\\/\\\/www.mines-stetienne.fr\\\/spin-fr\\\/\"},{\"@type\":\"ListItem\",\"position\":2,\"name\":\"Ressources\",\"item\":\"https:\\\/\\\/www.mines-stetienne.fr\\\/spin-fr\\\/ressources\\\/\"},{\"@type\":\"ListItem\",\"position\":3,\"name\":\"Pilotes et prototypes\",\"item\":\"https:\\\/\\\/www.mines-stetienne.fr\\\/spin-fr\\\/ressources\\\/transfert-de-technologies\\\/\"},{\"@type\":\"ListItem\",\"position\":4,\"name\":\"Plateforme Capteurs\"}]},{\"@type\":\"WebSite\",\"@id\":\"https:\\\/\\\/www.mines-stetienne.fr\\\/spin-fr\\\/#website\",\"url\":\"https:\\\/\\\/www.mines-stetienne.fr\\\/spin-fr\\\/\",\"name\":\"Centre SPIN\",\"description\":\"\u2013 G\u00e9nie des Proc\u00e9d\u00e9s\",\"potentialAction\":[{\"@type\":\"SearchAction\",\"target\":{\"@type\":\"EntryPoint\",\"urlTemplate\":\"https:\\\/\\\/www.mines-stetienne.fr\\\/spin-fr\\\/?s={search_term_string}\"},\"query-input\":{\"@type\":\"PropertyValueSpecification\",\"valueRequired\":true,\"valueName\":\"search_term_string\"}}],\"inLanguage\":\"fr-FR\"}]}<\/script>\n<!-- \/ Yoast SEO plugin. -->","yoast_head_json":{"title":"Plateforme Capteurs - Centre SPIN","robots":{"index":"index","follow":"follow","max-snippet":"max-snippet:-1","max-image-preview":"max-image-preview:large","max-video-preview":"max-video-preview:-1"},"canonical":"https:\/\/www.mines-stetienne.fr\/spin-fr\/ressources\/transfert-de-technologies\/banc-dessais-pour-capteur-de-gaz\/","og_locale":"fr_FR","og_type":"article","og_title":"Plateforme Capteurs - Centre SPIN","og_description":"Au sein du d\u00e9partement PTSI, nous disposons de plusieurs bancs d\u2019essais pour capteurs de gaz. Nous pouvons \u00e9valuer tous types de capteurs de gaz, commerciaux ou exp\u00e9rimentaux moyennant une r\u00e9alisation ou adaptation des \u00e9lectroniques de commande que nous r\u00e9alisons nous-m\u00eame, &hellip;","og_url":"https:\/\/www.mines-stetienne.fr\/spin-fr\/ressources\/transfert-de-technologies\/banc-dessais-pour-capteur-de-gaz\/","og_site_name":"Centre SPIN","article_modified_time":"2022-02-03T10:51:44+00:00","og_image":[{"url":"https:\/\/www.mines-stetienne.fr\/spin-fr\/wp-content\/uploads\/sites\/10\/2020\/10\/banc-essai-300x200.jpg","type":"","width":"","height":""}],"twitter_card":"summary_large_image","twitter_misc":{"Dur\u00e9e de lecture estim\u00e9e":"1 minute"},"schema":{"@context":"https:\/\/schema.org","@graph":[{"@type":"WebPage","@id":"https:\/\/www.mines-stetienne.fr\/spin-fr\/ressources\/transfert-de-technologies\/banc-dessais-pour-capteur-de-gaz\/","url":"https:\/\/www.mines-stetienne.fr\/spin-fr\/ressources\/transfert-de-technologies\/banc-dessais-pour-capteur-de-gaz\/","name":"Plateforme Capteurs - Centre SPIN","isPartOf":{"@id":"https:\/\/www.mines-stetienne.fr\/spin-fr\/#website"},"primaryImageOfPage":{"@id":"https:\/\/www.mines-stetienne.fr\/spin-fr\/ressources\/transfert-de-technologies\/banc-dessais-pour-capteur-de-gaz\/#primaryimage"},"image":{"@id":"https:\/\/www.mines-stetienne.fr\/spin-fr\/ressources\/transfert-de-technologies\/banc-dessais-pour-capteur-de-gaz\/#primaryimage"},"thumbnailUrl":"https:\/\/www.mines-stetienne.fr\/spin-fr\/wp-content\/uploads\/sites\/10\/2020\/10\/banc-essai-300x200.jpg","datePublished":"2020-10-02T06:39:42+00:00","dateModified":"2022-02-03T10:51:44+00:00","breadcrumb":{"@id":"https:\/\/www.mines-stetienne.fr\/spin-fr\/ressources\/transfert-de-technologies\/banc-dessais-pour-capteur-de-gaz\/#breadcrumb"},"inLanguage":"fr-FR","potentialAction":[{"@type":"ReadAction","target":["https:\/\/www.mines-stetienne.fr\/spin-fr\/ressources\/transfert-de-technologies\/banc-dessais-pour-capteur-de-gaz\/"]}]},{"@type":"ImageObject","inLanguage":"fr-FR","@id":"https:\/\/www.mines-stetienne.fr\/spin-fr\/ressources\/transfert-de-technologies\/banc-dessais-pour-capteur-de-gaz\/#primaryimage","url":"https:\/\/www.mines-stetienne.fr\/spin-fr\/wp-content\/uploads\/sites\/10\/2020\/10\/banc-essai-300x200.jpg","contentUrl":"https:\/\/www.mines-stetienne.fr\/spin-fr\/wp-content\/uploads\/sites\/10\/2020\/10\/banc-essai-300x200.jpg"},{"@type":"BreadcrumbList","@id":"https:\/\/www.mines-stetienne.fr\/spin-fr\/ressources\/transfert-de-technologies\/banc-dessais-pour-capteur-de-gaz\/#breadcrumb","itemListElement":[{"@type":"ListItem","position":1,"name":"Accueil","item":"https:\/\/www.mines-stetienne.fr\/spin-fr\/"},{"@type":"ListItem","position":2,"name":"Ressources","item":"https:\/\/www.mines-stetienne.fr\/spin-fr\/ressources\/"},{"@type":"ListItem","position":3,"name":"Pilotes et prototypes","item":"https:\/\/www.mines-stetienne.fr\/spin-fr\/ressources\/transfert-de-technologies\/"},{"@type":"ListItem","position":4,"name":"Plateforme Capteurs"}]},{"@type":"WebSite","@id":"https:\/\/www.mines-stetienne.fr\/spin-fr\/#website","url":"https:\/\/www.mines-stetienne.fr\/spin-fr\/","name":"Centre SPIN","description":"\u2013 G\u00e9nie des Proc\u00e9d\u00e9s","potentialAction":[{"@type":"SearchAction","target":{"@type":"EntryPoint","urlTemplate":"https:\/\/www.mines-stetienne.fr\/spin-fr\/?s={search_term_string}"},"query-input":{"@type":"PropertyValueSpecification","valueRequired":true,"valueName":"search_term_string"}}],"inLanguage":"fr-FR"}]}},"_links":{"self":[{"href":"https:\/\/www.mines-stetienne.fr\/spin-fr\/wp-json\/wp\/v2\/pages\/482","targetHints":{"allow":["GET"]}}],"collection":[{"href":"https:\/\/www.mines-stetienne.fr\/spin-fr\/wp-json\/wp\/v2\/pages"}],"about":[{"href":"https:\/\/www.mines-stetienne.fr\/spin-fr\/wp-json\/wp\/v2\/types\/page"}],"author":[{"embeddable":true,"href":"https:\/\/www.mines-stetienne.fr\/spin-fr\/wp-json\/wp\/v2\/users\/2073"}],"replies":[{"embeddable":true,"href":"https:\/\/www.mines-stetienne.fr\/spin-fr\/wp-json\/wp\/v2\/comments?post=482"}],"version-history":[{"count":3,"href":"https:\/\/www.mines-stetienne.fr\/spin-fr\/wp-json\/wp\/v2\/pages\/482\/revisions"}],"predecessor-version":[{"id":574,"href":"https:\/\/www.mines-stetienne.fr\/spin-fr\/wp-json\/wp\/v2\/pages\/482\/revisions\/574"}],"up":[{"embeddable":true,"href":"https:\/\/www.mines-stetienne.fr\/spin-fr\/wp-json\/wp\/v2\/pages\/96"}],"wp:attachment":[{"href":"https:\/\/www.mines-stetienne.fr\/spin-fr\/wp-json\/wp\/v2\/media?parent=482"}],"wp:term":[{"taxonomy":"post_tag","embeddable":true,"href":"https:\/\/www.mines-stetienne.fr\/spin-fr\/wp-json\/wp\/v2\/tags?post=482"}],"curies":[{"name":"wp","href":"https:\/\/api.w.org\/{rel}","templated":true}]}}