{"id":460,"date":"2020-09-03T11:01:52","date_gmt":"2020-09-03T09:01:52","guid":{"rendered":"https:\/\/www.mines-stetienne.fr\/spin-fr\/?page_id=460"},"modified":"2020-09-03T11:01:52","modified_gmt":"2020-09-03T09:01:52","slug":"analyse-thermogravimetrique-tg-92","status":"publish","type":"page","link":"https:\/\/www.mines-stetienne.fr\/spin-fr\/ressources\/caracterisation\/analyse-thermogravimetrique-tg-92\/","title":{"rendered":"Analyse thermogravim\u00e9trique TG 92"},"content":{"rendered":"\n<p><img fetchpriority=\"high\" decoding=\"async\" class=\"alignnone size-medium wp-image-459\" src=\"https:\/\/www.mines-stetienne.fr\/spin-fr\/wp-content\/uploads\/sites\/10\/2020\/09\/TG92-e1599123593327-218x300.jpg\" alt=\"\" width=\"218\" height=\"300\" srcset=\"https:\/\/www.mines-stetienne.fr\/spin-fr\/wp-content\/uploads\/sites\/10\/2020\/09\/TG92-e1599123593327-218x300.jpg 218w, https:\/\/www.mines-stetienne.fr\/spin-fr\/wp-content\/uploads\/sites\/10\/2020\/09\/TG92-e1599123593327.jpg 237w\" sizes=\"(max-width: 218px) 100vw, 218px\" \/><\/p>\n<p><em>SETARAM<\/em><\/p>\n<p>L&rsquo;analyse thermogravim\u00e9trique (ATG) est une technique d&rsquo;analyse thermique qui consiste en la mesure de la variation de masse d&rsquo;un \u00e9chantillon en fonction du temps, pour une temp\u00e9rature ou un profil de temp\u00e9rature donn\u00e9. Une telle analyse suppose une bonne pr\u00e9cision pour les trois mesures\u00a0: masse, temps et temp\u00e9rature. La thermogravim\u00e9trie peut donc \u00eatre appliqu\u00e9e \u00e0 tout type d\u2019\u00e9chantillon qui subira une variation de masse au cours du temps sous l\u2019effet de la temp\u00e9rature dans une atmosph\u00e8re donn\u00e9e.<\/p>\n<p>L&rsquo;ATG est souvent employ\u00e9e dans la recherche pour d\u00e9terminer les caract\u00e9ristiques de mat\u00e9riaux tels que les polym\u00e8res, pour estimer la cin\u00e9tique d&rsquo;oxydation en corrosion \u00e0 haute temp\u00e9rature, pour d\u00e9terminer les temp\u00e9ratures de d\u00e9gradation, l&rsquo;humidit\u00e9 absorb\u00e9e par le mat\u00e9riau, la quantit\u00e9 en compos\u00e9s organiques et inorganiques d&rsquo;un mat\u00e9riau.<\/p>\n<p><strong>Caract\u00e9ristiques principales :<\/strong><\/p>\n<ul>\n<li>Temp\u00e9rature\u00a0: entre 20 et 1750\u00b0C<\/li>\n<li>Rampe en temp\u00e9rature\u00a0: 0,5 \u00e0 20 \u00b0C\/min<\/li>\n<li>Diff\u00e9rentes atmosph\u00e8res\u00a0: H\u00e9lium, Air, Azote, Argon, O<sub>2<\/sub>, CO<sub>2<\/sub> \u2026<\/li>\n<li>Diff\u00e9rents creusets\u00a0: alumine (55\u00b5L, 1500\u00b5L), Platine, Quartz<\/li>\n<li>R\u00e9solution de la balance\u00a0: 1\u00b5g<\/li>\n<li>Canne ATD\u00a0: Mesure de flux de chaleur possible<\/li>\n<\/ul>\n<p>Pour plus d\u2019informations, veuillez contacter Laetitia Vieille \u00e0 l\u2019adresse suivante: <a href=\"&#x6d;&#x61;&#x69;&#x6c;&#x74;&#x6f;&#x3a;&#x76;&#x69;&#x65;&#x69;&#x6c;&#x6c;&#x65;&#x40;&#x65;&#x6d;&#x73;&#x65;&#x2e;&#x66;&#x72;\">&#x76;i&#x65;&#105;l&#x6c;&#101;&#x40;&#x65;m&#x73;&#101;&#46;&#x66;&#114;<\/a><\/p>\n","protected":false},"excerpt":{"rendered":"<p>SETARAM L&rsquo;analyse thermogravim\u00e9trique (ATG) est une technique d&rsquo;analyse thermique qui consiste en la mesure de la variation de masse d&rsquo;un \u00e9chantillon en fonction du temps, pour une temp\u00e9rature ou un profil de temp\u00e9rature donn\u00e9. Une telle analyse suppose une bonne &hellip;<\/p>\n","protected":false},"author":2073,"featured_media":0,"parent":88,"menu_order":0,"comment_status":"closed","ping_status":"closed","template":"","meta":{"footnotes":""},"tags":[],"class_list":["post-460","page","type-page","status-publish","hentry"],"pp_statuses_selecting_workflow":false,"pp_workflow_action":"current","pp_status_selection":"publish","pp_force_visibility":null,"pp_subpost_visibility":null,"pp_inherited_force_visibility":null,"pp_inherited_subpost_visibility":null,"yoast_head":"<!-- This site is optimized with the Yoast SEO plugin v27.5 - https:\/\/yoast.com\/product\/yoast-seo-wordpress\/ -->\n<title>Analyse thermogravim\u00e9trique TG 92 - Centre SPIN<\/title>\n<meta name=\"robots\" content=\"index, follow, max-snippet:-1, max-image-preview:large, max-video-preview:-1\" \/>\n<link rel=\"canonical\" href=\"https:\/\/www.mines-stetienne.fr\/spin-fr\/ressources\/caracterisation\/analyse-thermogravimetrique-tg-92\/\" \/>\n<meta property=\"og:locale\" content=\"fr_FR\" \/>\n<meta property=\"og:type\" content=\"article\" \/>\n<meta property=\"og:title\" content=\"Analyse thermogravim\u00e9trique TG 92 - Centre SPIN\" \/>\n<meta property=\"og:description\" content=\"SETARAM L&rsquo;analyse thermogravim\u00e9trique (ATG) est une technique d&rsquo;analyse thermique qui consiste en la mesure de la variation de masse d&rsquo;un \u00e9chantillon en fonction du temps, pour une temp\u00e9rature ou un profil de temp\u00e9rature donn\u00e9. Une telle analyse suppose une bonne &hellip;\" \/>\n<meta property=\"og:url\" content=\"https:\/\/www.mines-stetienne.fr\/spin-fr\/ressources\/caracterisation\/analyse-thermogravimetrique-tg-92\/\" \/>\n<meta property=\"og:site_name\" content=\"Centre SPIN\" \/>\n<meta property=\"og:image\" content=\"https:\/\/www.mines-stetienne.fr\/spin-fr\/wp-content\/uploads\/sites\/10\/2020\/09\/TG92-e1599123593327-218x300.jpg\" \/>\n<meta name=\"twitter:card\" content=\"summary_large_image\" \/>\n<meta name=\"twitter:label1\" content=\"Dur\u00e9e de lecture estim\u00e9e\" \/>\n\t<meta name=\"twitter:data1\" content=\"1 minute\" \/>\n<script type=\"application\/ld+json\" class=\"yoast-schema-graph\">{\"@context\":\"https:\\\/\\\/schema.org\",\"@graph\":[{\"@type\":\"WebPage\",\"@id\":\"https:\\\/\\\/www.mines-stetienne.fr\\\/spin-fr\\\/ressources\\\/caracterisation\\\/analyse-thermogravimetrique-tg-92\\\/\",\"url\":\"https:\\\/\\\/www.mines-stetienne.fr\\\/spin-fr\\\/ressources\\\/caracterisation\\\/analyse-thermogravimetrique-tg-92\\\/\",\"name\":\"Analyse thermogravim\u00e9trique TG 92 - Centre SPIN\",\"isPartOf\":{\"@id\":\"https:\\\/\\\/www.mines-stetienne.fr\\\/spin-fr\\\/#website\"},\"primaryImageOfPage\":{\"@id\":\"https:\\\/\\\/www.mines-stetienne.fr\\\/spin-fr\\\/ressources\\\/caracterisation\\\/analyse-thermogravimetrique-tg-92\\\/#primaryimage\"},\"image\":{\"@id\":\"https:\\\/\\\/www.mines-stetienne.fr\\\/spin-fr\\\/ressources\\\/caracterisation\\\/analyse-thermogravimetrique-tg-92\\\/#primaryimage\"},\"thumbnailUrl\":\"https:\\\/\\\/www.mines-stetienne.fr\\\/spin-fr\\\/wp-content\\\/uploads\\\/sites\\\/10\\\/2020\\\/09\\\/TG92-e1599123593327-218x300.jpg\",\"datePublished\":\"2020-09-03T09:01:52+00:00\",\"breadcrumb\":{\"@id\":\"https:\\\/\\\/www.mines-stetienne.fr\\\/spin-fr\\\/ressources\\\/caracterisation\\\/analyse-thermogravimetrique-tg-92\\\/#breadcrumb\"},\"inLanguage\":\"fr-FR\",\"potentialAction\":[{\"@type\":\"ReadAction\",\"target\":[\"https:\\\/\\\/www.mines-stetienne.fr\\\/spin-fr\\\/ressources\\\/caracterisation\\\/analyse-thermogravimetrique-tg-92\\\/\"]}]},{\"@type\":\"ImageObject\",\"inLanguage\":\"fr-FR\",\"@id\":\"https:\\\/\\\/www.mines-stetienne.fr\\\/spin-fr\\\/ressources\\\/caracterisation\\\/analyse-thermogravimetrique-tg-92\\\/#primaryimage\",\"url\":\"https:\\\/\\\/www.mines-stetienne.fr\\\/spin-fr\\\/wp-content\\\/uploads\\\/sites\\\/10\\\/2020\\\/09\\\/TG92-e1599123593327-218x300.jpg\",\"contentUrl\":\"https:\\\/\\\/www.mines-stetienne.fr\\\/spin-fr\\\/wp-content\\\/uploads\\\/sites\\\/10\\\/2020\\\/09\\\/TG92-e1599123593327-218x300.jpg\"},{\"@type\":\"BreadcrumbList\",\"@id\":\"https:\\\/\\\/www.mines-stetienne.fr\\\/spin-fr\\\/ressources\\\/caracterisation\\\/analyse-thermogravimetrique-tg-92\\\/#breadcrumb\",\"itemListElement\":[{\"@type\":\"ListItem\",\"position\":1,\"name\":\"Accueil\",\"item\":\"https:\\\/\\\/www.mines-stetienne.fr\\\/spin-fr\\\/\"},{\"@type\":\"ListItem\",\"position\":2,\"name\":\"Ressources\",\"item\":\"https:\\\/\\\/www.mines-stetienne.fr\\\/spin-fr\\\/ressources\\\/\"},{\"@type\":\"ListItem\",\"position\":3,\"name\":\"Instruments de caract\u00e9risation\",\"item\":\"https:\\\/\\\/www.mines-stetienne.fr\\\/spin-fr\\\/ressources\\\/caracterisation\\\/\"},{\"@type\":\"ListItem\",\"position\":4,\"name\":\"Analyse thermogravim\u00e9trique TG 92\"}]},{\"@type\":\"WebSite\",\"@id\":\"https:\\\/\\\/www.mines-stetienne.fr\\\/spin-fr\\\/#website\",\"url\":\"https:\\\/\\\/www.mines-stetienne.fr\\\/spin-fr\\\/\",\"name\":\"Centre SPIN\",\"description\":\"\u2013 G\u00e9nie des Proc\u00e9d\u00e9s\",\"potentialAction\":[{\"@type\":\"SearchAction\",\"target\":{\"@type\":\"EntryPoint\",\"urlTemplate\":\"https:\\\/\\\/www.mines-stetienne.fr\\\/spin-fr\\\/?s={search_term_string}\"},\"query-input\":{\"@type\":\"PropertyValueSpecification\",\"valueRequired\":true,\"valueName\":\"search_term_string\"}}],\"inLanguage\":\"fr-FR\"}]}<\/script>\n<!-- \/ Yoast SEO plugin. -->","yoast_head_json":{"title":"Analyse thermogravim\u00e9trique TG 92 - Centre SPIN","robots":{"index":"index","follow":"follow","max-snippet":"max-snippet:-1","max-image-preview":"max-image-preview:large","max-video-preview":"max-video-preview:-1"},"canonical":"https:\/\/www.mines-stetienne.fr\/spin-fr\/ressources\/caracterisation\/analyse-thermogravimetrique-tg-92\/","og_locale":"fr_FR","og_type":"article","og_title":"Analyse thermogravim\u00e9trique TG 92 - Centre SPIN","og_description":"SETARAM L&rsquo;analyse thermogravim\u00e9trique (ATG) est une technique d&rsquo;analyse thermique qui consiste en la mesure de la variation de masse d&rsquo;un \u00e9chantillon en fonction du temps, pour une temp\u00e9rature ou un profil de temp\u00e9rature donn\u00e9. Une telle analyse suppose une bonne &hellip;","og_url":"https:\/\/www.mines-stetienne.fr\/spin-fr\/ressources\/caracterisation\/analyse-thermogravimetrique-tg-92\/","og_site_name":"Centre SPIN","og_image":[{"url":"https:\/\/www.mines-stetienne.fr\/spin-fr\/wp-content\/uploads\/sites\/10\/2020\/09\/TG92-e1599123593327-218x300.jpg","type":"","width":"","height":""}],"twitter_card":"summary_large_image","twitter_misc":{"Dur\u00e9e de lecture estim\u00e9e":"1 minute"},"schema":{"@context":"https:\/\/schema.org","@graph":[{"@type":"WebPage","@id":"https:\/\/www.mines-stetienne.fr\/spin-fr\/ressources\/caracterisation\/analyse-thermogravimetrique-tg-92\/","url":"https:\/\/www.mines-stetienne.fr\/spin-fr\/ressources\/caracterisation\/analyse-thermogravimetrique-tg-92\/","name":"Analyse thermogravim\u00e9trique TG 92 - Centre SPIN","isPartOf":{"@id":"https:\/\/www.mines-stetienne.fr\/spin-fr\/#website"},"primaryImageOfPage":{"@id":"https:\/\/www.mines-stetienne.fr\/spin-fr\/ressources\/caracterisation\/analyse-thermogravimetrique-tg-92\/#primaryimage"},"image":{"@id":"https:\/\/www.mines-stetienne.fr\/spin-fr\/ressources\/caracterisation\/analyse-thermogravimetrique-tg-92\/#primaryimage"},"thumbnailUrl":"https:\/\/www.mines-stetienne.fr\/spin-fr\/wp-content\/uploads\/sites\/10\/2020\/09\/TG92-e1599123593327-218x300.jpg","datePublished":"2020-09-03T09:01:52+00:00","breadcrumb":{"@id":"https:\/\/www.mines-stetienne.fr\/spin-fr\/ressources\/caracterisation\/analyse-thermogravimetrique-tg-92\/#breadcrumb"},"inLanguage":"fr-FR","potentialAction":[{"@type":"ReadAction","target":["https:\/\/www.mines-stetienne.fr\/spin-fr\/ressources\/caracterisation\/analyse-thermogravimetrique-tg-92\/"]}]},{"@type":"ImageObject","inLanguage":"fr-FR","@id":"https:\/\/www.mines-stetienne.fr\/spin-fr\/ressources\/caracterisation\/analyse-thermogravimetrique-tg-92\/#primaryimage","url":"https:\/\/www.mines-stetienne.fr\/spin-fr\/wp-content\/uploads\/sites\/10\/2020\/09\/TG92-e1599123593327-218x300.jpg","contentUrl":"https:\/\/www.mines-stetienne.fr\/spin-fr\/wp-content\/uploads\/sites\/10\/2020\/09\/TG92-e1599123593327-218x300.jpg"},{"@type":"BreadcrumbList","@id":"https:\/\/www.mines-stetienne.fr\/spin-fr\/ressources\/caracterisation\/analyse-thermogravimetrique-tg-92\/#breadcrumb","itemListElement":[{"@type":"ListItem","position":1,"name":"Accueil","item":"https:\/\/www.mines-stetienne.fr\/spin-fr\/"},{"@type":"ListItem","position":2,"name":"Ressources","item":"https:\/\/www.mines-stetienne.fr\/spin-fr\/ressources\/"},{"@type":"ListItem","position":3,"name":"Instruments de caract\u00e9risation","item":"https:\/\/www.mines-stetienne.fr\/spin-fr\/ressources\/caracterisation\/"},{"@type":"ListItem","position":4,"name":"Analyse thermogravim\u00e9trique TG 92"}]},{"@type":"WebSite","@id":"https:\/\/www.mines-stetienne.fr\/spin-fr\/#website","url":"https:\/\/www.mines-stetienne.fr\/spin-fr\/","name":"Centre SPIN","description":"\u2013 G\u00e9nie des Proc\u00e9d\u00e9s","potentialAction":[{"@type":"SearchAction","target":{"@type":"EntryPoint","urlTemplate":"https:\/\/www.mines-stetienne.fr\/spin-fr\/?s={search_term_string}"},"query-input":{"@type":"PropertyValueSpecification","valueRequired":true,"valueName":"search_term_string"}}],"inLanguage":"fr-FR"}]}},"_links":{"self":[{"href":"https:\/\/www.mines-stetienne.fr\/spin-fr\/wp-json\/wp\/v2\/pages\/460","targetHints":{"allow":["GET"]}}],"collection":[{"href":"https:\/\/www.mines-stetienne.fr\/spin-fr\/wp-json\/wp\/v2\/pages"}],"about":[{"href":"https:\/\/www.mines-stetienne.fr\/spin-fr\/wp-json\/wp\/v2\/types\/page"}],"author":[{"embeddable":true,"href":"https:\/\/www.mines-stetienne.fr\/spin-fr\/wp-json\/wp\/v2\/users\/2073"}],"replies":[{"embeddable":true,"href":"https:\/\/www.mines-stetienne.fr\/spin-fr\/wp-json\/wp\/v2\/comments?post=460"}],"version-history":[{"count":1,"href":"https:\/\/www.mines-stetienne.fr\/spin-fr\/wp-json\/wp\/v2\/pages\/460\/revisions"}],"predecessor-version":[{"id":461,"href":"https:\/\/www.mines-stetienne.fr\/spin-fr\/wp-json\/wp\/v2\/pages\/460\/revisions\/461"}],"up":[{"embeddable":true,"href":"https:\/\/www.mines-stetienne.fr\/spin-fr\/wp-json\/wp\/v2\/pages\/88"}],"wp:attachment":[{"href":"https:\/\/www.mines-stetienne.fr\/spin-fr\/wp-json\/wp\/v2\/media?parent=460"}],"wp:term":[{"taxonomy":"post_tag","embeddable":true,"href":"https:\/\/www.mines-stetienne.fr\/spin-fr\/wp-json\/wp\/v2\/tags?post=460"}],"curies":[{"name":"wp","href":"https:\/\/api.w.org\/{rel}","templated":true}]}}