{"id":444,"date":"2020-08-20T14:39:37","date_gmt":"2020-08-20T12:39:37","guid":{"rendered":"https:\/\/www.mines-stetienne.fr\/spin-fr\/?page_id=444"},"modified":"2020-09-03T11:14:10","modified_gmt":"2020-09-03T09:14:10","slug":"analyse-calorimetrique-differentielle-a-balayage-dsc","status":"publish","type":"page","link":"https:\/\/www.mines-stetienne.fr\/spin-fr\/ressources\/caracterisation\/analyse-calorimetrique-differentielle-a-balayage-dsc\/","title":{"rendered":"Analyse Calorim\u00e9trique Diff\u00e9rentielle \u00e0 Balayage DSC"},"content":{"rendered":"\n<p><img fetchpriority=\"high\" decoding=\"async\" class=\"alignnone size-medium wp-image-443\" src=\"https:\/\/www.mines-stetienne.fr\/spin-fr\/wp-content\/uploads\/sites\/10\/2020\/08\/DSC-300x206.jpg\" alt=\"\" width=\"300\" height=\"206\" srcset=\"https:\/\/www.mines-stetienne.fr\/spin-fr\/wp-content\/uploads\/sites\/10\/2020\/08\/DSC-300x206.jpg 300w, https:\/\/www.mines-stetienne.fr\/spin-fr\/wp-content\/uploads\/sites\/10\/2020\/08\/DSC-225x155.jpg 225w, https:\/\/www.mines-stetienne.fr\/spin-fr\/wp-content\/uploads\/sites\/10\/2020\/08\/DSC.jpg 769w\" sizes=\"(max-width: 300px) 100vw, 300px\" \/><\/p>\n<p><em>SETARAM DSC 131<\/em><\/p>\n<p>La calorim\u00e9trie diff\u00e9rentielle \u00e0 balayage (<em>Differential Scanning Calorimetry<\/em> ou DSC) est une technique d&rsquo;analyse thermique. Elle mesure les diff\u00e9rences des \u00e9changes de chaleur entre un \u00e9chantillon \u00e0 analyser et une r\u00e9f\u00e9rence (par exemple alumine, mais peut aussi \u00eatre de l&rsquo;air).<\/p>\n<p>Elle permet de d\u00e9terminer les transitions de phase\u00a0:<\/p>\n<ul>\n<li>la temp\u00e9rature de transition vitreuse (T<sub>g<\/sub>) des mat\u00e9riaux amorphes\u00a0: polym\u00e8res, verres (inorganiques, organiques ou m\u00e9talliques) et des liquides ioniques\u00a0;<\/li>\n<li>les temp\u00e9ratures de fusion et de cristallisation\u00a0;<\/li>\n<li>les enthalpies de r\u00e9action, pour conna\u00eetre les taux de r\u00e9ticulation de certains polym\u00e8res.<\/li>\n<\/ul>\n<p><strong>Caract\u00e9ristiques principales :<\/strong><\/p>\n<ul>\n<li>Temp\u00e9rature\u00a0: entre -170 et 500\u00b0C<\/li>\n<li>Rampe en temp\u00e9rature\u00a0: 0,5 \u00e0 20 \u00b0C\/min<\/li>\n<li>Diff\u00e9rents creusets\u00a0: Platine (scell\u00e9s ou non), Aluminium<\/li>\n<li>R\u00e9solution\u00a0: 0,8 \u00b5W<\/li>\n<\/ul>\n<p>Pour plus d\u2019informations, veuillez contacter Laetitia Vieille \u00e0 l\u2019adresse suivante: <a href=\"&#x6d;&#x61;&#105;&#108;t&#x6f;&#x3a;&#x76;&#105;ei&#x6c;&#x6c;&#101;&#64;e&#x6d;&#x73;&#x65;&#46;fr\">&#x76;i&#x65;&#105;&#x6c;&#108;e&#x40;&#101;&#x6d;&#115;e&#x2e;&#102;&#x72;<\/a><\/p>\n<p>\u00a0<\/p>\n","protected":false},"excerpt":{"rendered":"<p>SETARAM DSC 131 La calorim\u00e9trie diff\u00e9rentielle \u00e0 balayage (Differential Scanning Calorimetry ou DSC) est une technique d&rsquo;analyse thermique. Elle mesure les diff\u00e9rences des \u00e9changes de chaleur entre un \u00e9chantillon \u00e0 analyser et une r\u00e9f\u00e9rence (par exemple alumine, mais peut aussi &hellip;<\/p>\n","protected":false},"author":2073,"featured_media":0,"parent":88,"menu_order":0,"comment_status":"closed","ping_status":"closed","template":"","meta":{"footnotes":""},"tags":[],"class_list":["post-444","page","type-page","status-publish","hentry"],"pp_statuses_selecting_workflow":false,"pp_workflow_action":"current","pp_status_selection":"publish","pp_force_visibility":null,"pp_subpost_visibility":null,"pp_inherited_force_visibility":null,"pp_inherited_subpost_visibility":null,"yoast_head":"<!-- This site is optimized with the Yoast SEO plugin v27.5 - https:\/\/yoast.com\/product\/yoast-seo-wordpress\/ -->\n<title>Analyse Calorim\u00e9trique Diff\u00e9rentielle \u00e0 Balayage DSC - Centre SPIN<\/title>\n<meta name=\"robots\" content=\"index, follow, max-snippet:-1, max-image-preview:large, max-video-preview:-1\" \/>\n<link rel=\"canonical\" href=\"https:\/\/www.mines-stetienne.fr\/spin-fr\/ressources\/caracterisation\/analyse-calorimetrique-differentielle-a-balayage-dsc\/\" \/>\n<meta property=\"og:locale\" content=\"fr_FR\" \/>\n<meta property=\"og:type\" content=\"article\" \/>\n<meta property=\"og:title\" content=\"Analyse Calorim\u00e9trique Diff\u00e9rentielle \u00e0 Balayage DSC - Centre SPIN\" \/>\n<meta property=\"og:description\" content=\"SETARAM DSC 131 La calorim\u00e9trie diff\u00e9rentielle \u00e0 balayage (Differential Scanning Calorimetry ou DSC) est une technique d&rsquo;analyse thermique. Elle mesure les diff\u00e9rences des \u00e9changes de chaleur entre un \u00e9chantillon \u00e0 analyser et une r\u00e9f\u00e9rence (par exemple alumine, mais peut aussi &hellip;\" \/>\n<meta property=\"og:url\" content=\"https:\/\/www.mines-stetienne.fr\/spin-fr\/ressources\/caracterisation\/analyse-calorimetrique-differentielle-a-balayage-dsc\/\" \/>\n<meta property=\"og:site_name\" content=\"Centre SPIN\" \/>\n<meta property=\"article:modified_time\" content=\"2020-09-03T09:14:10+00:00\" \/>\n<meta property=\"og:image\" content=\"https:\/\/www.mines-stetienne.fr\/spin-fr\/wp-content\/uploads\/sites\/10\/2020\/08\/DSC-300x206.jpg\" \/>\n<meta name=\"twitter:card\" content=\"summary_large_image\" \/>\n<meta name=\"twitter:label1\" content=\"Dur\u00e9e de lecture estim\u00e9e\" \/>\n\t<meta name=\"twitter:data1\" content=\"1 minute\" \/>\n<script type=\"application\/ld+json\" class=\"yoast-schema-graph\">{\"@context\":\"https:\\\/\\\/schema.org\",\"@graph\":[{\"@type\":\"WebPage\",\"@id\":\"https:\\\/\\\/www.mines-stetienne.fr\\\/spin-fr\\\/ressources\\\/caracterisation\\\/analyse-calorimetrique-differentielle-a-balayage-dsc\\\/\",\"url\":\"https:\\\/\\\/www.mines-stetienne.fr\\\/spin-fr\\\/ressources\\\/caracterisation\\\/analyse-calorimetrique-differentielle-a-balayage-dsc\\\/\",\"name\":\"Analyse Calorim\u00e9trique Diff\u00e9rentielle \u00e0 Balayage DSC - Centre SPIN\",\"isPartOf\":{\"@id\":\"https:\\\/\\\/www.mines-stetienne.fr\\\/spin-fr\\\/#website\"},\"primaryImageOfPage\":{\"@id\":\"https:\\\/\\\/www.mines-stetienne.fr\\\/spin-fr\\\/ressources\\\/caracterisation\\\/analyse-calorimetrique-differentielle-a-balayage-dsc\\\/#primaryimage\"},\"image\":{\"@id\":\"https:\\\/\\\/www.mines-stetienne.fr\\\/spin-fr\\\/ressources\\\/caracterisation\\\/analyse-calorimetrique-differentielle-a-balayage-dsc\\\/#primaryimage\"},\"thumbnailUrl\":\"https:\\\/\\\/www.mines-stetienne.fr\\\/spin-fr\\\/wp-content\\\/uploads\\\/sites\\\/10\\\/2020\\\/08\\\/DSC-300x206.jpg\",\"datePublished\":\"2020-08-20T12:39:37+00:00\",\"dateModified\":\"2020-09-03T09:14:10+00:00\",\"breadcrumb\":{\"@id\":\"https:\\\/\\\/www.mines-stetienne.fr\\\/spin-fr\\\/ressources\\\/caracterisation\\\/analyse-calorimetrique-differentielle-a-balayage-dsc\\\/#breadcrumb\"},\"inLanguage\":\"fr-FR\",\"potentialAction\":[{\"@type\":\"ReadAction\",\"target\":[\"https:\\\/\\\/www.mines-stetienne.fr\\\/spin-fr\\\/ressources\\\/caracterisation\\\/analyse-calorimetrique-differentielle-a-balayage-dsc\\\/\"]}]},{\"@type\":\"ImageObject\",\"inLanguage\":\"fr-FR\",\"@id\":\"https:\\\/\\\/www.mines-stetienne.fr\\\/spin-fr\\\/ressources\\\/caracterisation\\\/analyse-calorimetrique-differentielle-a-balayage-dsc\\\/#primaryimage\",\"url\":\"https:\\\/\\\/www.mines-stetienne.fr\\\/spin-fr\\\/wp-content\\\/uploads\\\/sites\\\/10\\\/2020\\\/08\\\/DSC-300x206.jpg\",\"contentUrl\":\"https:\\\/\\\/www.mines-stetienne.fr\\\/spin-fr\\\/wp-content\\\/uploads\\\/sites\\\/10\\\/2020\\\/08\\\/DSC-300x206.jpg\"},{\"@type\":\"BreadcrumbList\",\"@id\":\"https:\\\/\\\/www.mines-stetienne.fr\\\/spin-fr\\\/ressources\\\/caracterisation\\\/analyse-calorimetrique-differentielle-a-balayage-dsc\\\/#breadcrumb\",\"itemListElement\":[{\"@type\":\"ListItem\",\"position\":1,\"name\":\"Accueil\",\"item\":\"https:\\\/\\\/www.mines-stetienne.fr\\\/spin-fr\\\/\"},{\"@type\":\"ListItem\",\"position\":2,\"name\":\"Ressources\",\"item\":\"https:\\\/\\\/www.mines-stetienne.fr\\\/spin-fr\\\/ressources\\\/\"},{\"@type\":\"ListItem\",\"position\":3,\"name\":\"Instruments de caract\u00e9risation\",\"item\":\"https:\\\/\\\/www.mines-stetienne.fr\\\/spin-fr\\\/ressources\\\/caracterisation\\\/\"},{\"@type\":\"ListItem\",\"position\":4,\"name\":\"Analyse Calorim\u00e9trique Diff\u00e9rentielle \u00e0 Balayage DSC\"}]},{\"@type\":\"WebSite\",\"@id\":\"https:\\\/\\\/www.mines-stetienne.fr\\\/spin-fr\\\/#website\",\"url\":\"https:\\\/\\\/www.mines-stetienne.fr\\\/spin-fr\\\/\",\"name\":\"Centre SPIN\",\"description\":\"\u2013 G\u00e9nie des Proc\u00e9d\u00e9s\",\"potentialAction\":[{\"@type\":\"SearchAction\",\"target\":{\"@type\":\"EntryPoint\",\"urlTemplate\":\"https:\\\/\\\/www.mines-stetienne.fr\\\/spin-fr\\\/?s={search_term_string}\"},\"query-input\":{\"@type\":\"PropertyValueSpecification\",\"valueRequired\":true,\"valueName\":\"search_term_string\"}}],\"inLanguage\":\"fr-FR\"}]}<\/script>\n<!-- \/ Yoast SEO plugin. -->","yoast_head_json":{"title":"Analyse Calorim\u00e9trique Diff\u00e9rentielle \u00e0 Balayage DSC - Centre SPIN","robots":{"index":"index","follow":"follow","max-snippet":"max-snippet:-1","max-image-preview":"max-image-preview:large","max-video-preview":"max-video-preview:-1"},"canonical":"https:\/\/www.mines-stetienne.fr\/spin-fr\/ressources\/caracterisation\/analyse-calorimetrique-differentielle-a-balayage-dsc\/","og_locale":"fr_FR","og_type":"article","og_title":"Analyse Calorim\u00e9trique Diff\u00e9rentielle \u00e0 Balayage DSC - Centre SPIN","og_description":"SETARAM DSC 131 La calorim\u00e9trie diff\u00e9rentielle \u00e0 balayage (Differential Scanning Calorimetry ou DSC) est une technique d&rsquo;analyse thermique. Elle mesure les diff\u00e9rences des \u00e9changes de chaleur entre un \u00e9chantillon \u00e0 analyser et une r\u00e9f\u00e9rence (par exemple alumine, mais peut aussi &hellip;","og_url":"https:\/\/www.mines-stetienne.fr\/spin-fr\/ressources\/caracterisation\/analyse-calorimetrique-differentielle-a-balayage-dsc\/","og_site_name":"Centre SPIN","article_modified_time":"2020-09-03T09:14:10+00:00","og_image":[{"url":"https:\/\/www.mines-stetienne.fr\/spin-fr\/wp-content\/uploads\/sites\/10\/2020\/08\/DSC-300x206.jpg","type":"","width":"","height":""}],"twitter_card":"summary_large_image","twitter_misc":{"Dur\u00e9e de lecture estim\u00e9e":"1 minute"},"schema":{"@context":"https:\/\/schema.org","@graph":[{"@type":"WebPage","@id":"https:\/\/www.mines-stetienne.fr\/spin-fr\/ressources\/caracterisation\/analyse-calorimetrique-differentielle-a-balayage-dsc\/","url":"https:\/\/www.mines-stetienne.fr\/spin-fr\/ressources\/caracterisation\/analyse-calorimetrique-differentielle-a-balayage-dsc\/","name":"Analyse Calorim\u00e9trique Diff\u00e9rentielle \u00e0 Balayage DSC - Centre SPIN","isPartOf":{"@id":"https:\/\/www.mines-stetienne.fr\/spin-fr\/#website"},"primaryImageOfPage":{"@id":"https:\/\/www.mines-stetienne.fr\/spin-fr\/ressources\/caracterisation\/analyse-calorimetrique-differentielle-a-balayage-dsc\/#primaryimage"},"image":{"@id":"https:\/\/www.mines-stetienne.fr\/spin-fr\/ressources\/caracterisation\/analyse-calorimetrique-differentielle-a-balayage-dsc\/#primaryimage"},"thumbnailUrl":"https:\/\/www.mines-stetienne.fr\/spin-fr\/wp-content\/uploads\/sites\/10\/2020\/08\/DSC-300x206.jpg","datePublished":"2020-08-20T12:39:37+00:00","dateModified":"2020-09-03T09:14:10+00:00","breadcrumb":{"@id":"https:\/\/www.mines-stetienne.fr\/spin-fr\/ressources\/caracterisation\/analyse-calorimetrique-differentielle-a-balayage-dsc\/#breadcrumb"},"inLanguage":"fr-FR","potentialAction":[{"@type":"ReadAction","target":["https:\/\/www.mines-stetienne.fr\/spin-fr\/ressources\/caracterisation\/analyse-calorimetrique-differentielle-a-balayage-dsc\/"]}]},{"@type":"ImageObject","inLanguage":"fr-FR","@id":"https:\/\/www.mines-stetienne.fr\/spin-fr\/ressources\/caracterisation\/analyse-calorimetrique-differentielle-a-balayage-dsc\/#primaryimage","url":"https:\/\/www.mines-stetienne.fr\/spin-fr\/wp-content\/uploads\/sites\/10\/2020\/08\/DSC-300x206.jpg","contentUrl":"https:\/\/www.mines-stetienne.fr\/spin-fr\/wp-content\/uploads\/sites\/10\/2020\/08\/DSC-300x206.jpg"},{"@type":"BreadcrumbList","@id":"https:\/\/www.mines-stetienne.fr\/spin-fr\/ressources\/caracterisation\/analyse-calorimetrique-differentielle-a-balayage-dsc\/#breadcrumb","itemListElement":[{"@type":"ListItem","position":1,"name":"Accueil","item":"https:\/\/www.mines-stetienne.fr\/spin-fr\/"},{"@type":"ListItem","position":2,"name":"Ressources","item":"https:\/\/www.mines-stetienne.fr\/spin-fr\/ressources\/"},{"@type":"ListItem","position":3,"name":"Instruments de caract\u00e9risation","item":"https:\/\/www.mines-stetienne.fr\/spin-fr\/ressources\/caracterisation\/"},{"@type":"ListItem","position":4,"name":"Analyse Calorim\u00e9trique Diff\u00e9rentielle \u00e0 Balayage DSC"}]},{"@type":"WebSite","@id":"https:\/\/www.mines-stetienne.fr\/spin-fr\/#website","url":"https:\/\/www.mines-stetienne.fr\/spin-fr\/","name":"Centre SPIN","description":"\u2013 G\u00e9nie des Proc\u00e9d\u00e9s","potentialAction":[{"@type":"SearchAction","target":{"@type":"EntryPoint","urlTemplate":"https:\/\/www.mines-stetienne.fr\/spin-fr\/?s={search_term_string}"},"query-input":{"@type":"PropertyValueSpecification","valueRequired":true,"valueName":"search_term_string"}}],"inLanguage":"fr-FR"}]}},"_links":{"self":[{"href":"https:\/\/www.mines-stetienne.fr\/spin-fr\/wp-json\/wp\/v2\/pages\/444","targetHints":{"allow":["GET"]}}],"collection":[{"href":"https:\/\/www.mines-stetienne.fr\/spin-fr\/wp-json\/wp\/v2\/pages"}],"about":[{"href":"https:\/\/www.mines-stetienne.fr\/spin-fr\/wp-json\/wp\/v2\/types\/page"}],"author":[{"embeddable":true,"href":"https:\/\/www.mines-stetienne.fr\/spin-fr\/wp-json\/wp\/v2\/users\/2073"}],"replies":[{"embeddable":true,"href":"https:\/\/www.mines-stetienne.fr\/spin-fr\/wp-json\/wp\/v2\/comments?post=444"}],"version-history":[{"count":2,"href":"https:\/\/www.mines-stetienne.fr\/spin-fr\/wp-json\/wp\/v2\/pages\/444\/revisions"}],"predecessor-version":[{"id":470,"href":"https:\/\/www.mines-stetienne.fr\/spin-fr\/wp-json\/wp\/v2\/pages\/444\/revisions\/470"}],"up":[{"embeddable":true,"href":"https:\/\/www.mines-stetienne.fr\/spin-fr\/wp-json\/wp\/v2\/pages\/88"}],"wp:attachment":[{"href":"https:\/\/www.mines-stetienne.fr\/spin-fr\/wp-json\/wp\/v2\/media?parent=444"}],"wp:term":[{"taxonomy":"post_tag","embeddable":true,"href":"https:\/\/www.mines-stetienne.fr\/spin-fr\/wp-json\/wp\/v2\/tags?post=444"}],"curies":[{"name":"wp","href":"https:\/\/api.w.org\/{rel}","templated":true}]}}