{"id":435,"date":"2020-08-19T15:28:30","date_gmt":"2020-08-19T13:28:30","guid":{"rendered":"https:\/\/www.mines-stetienne.fr\/spin-fr\/?page_id=435"},"modified":"2020-09-03T10:22:33","modified_gmt":"2020-09-03T08:22:33","slug":"calorimetrie","status":"publish","type":"page","link":"https:\/\/www.mines-stetienne.fr\/spin-fr\/ressources\/caracterisation\/calorimetrie\/","title":{"rendered":"Calorim\u00e9trie"},"content":{"rendered":"\n<p><img fetchpriority=\"high\" decoding=\"async\" class=\"alignnone size-medium wp-image-434\" src=\"https:\/\/www.mines-stetienne.fr\/spin-fr\/wp-content\/uploads\/sites\/10\/2020\/08\/Calorimetrie-168x300.jpg\" alt=\"\" width=\"168\" height=\"300\" srcset=\"https:\/\/www.mines-stetienne.fr\/spin-fr\/wp-content\/uploads\/sites\/10\/2020\/08\/Calorimetrie-168x300.jpg 168w, https:\/\/www.mines-stetienne.fr\/spin-fr\/wp-content\/uploads\/sites\/10\/2020\/08\/Calorimetrie.jpg 408w\" sizes=\"(max-width: 168px) 100vw, 168px\" \/><\/p>\n<p><em>SETARAM C80<\/em><\/p>\n<p>La calorim\u00e9trie est une technique qui consiste \u00e0 r\u00e9aliser une transformation dans un syst\u00e8me adiabatique et \u00e0 mesurer les variations de temp\u00e9rature qui accompagnent cette transformation.<\/p>\n<p>De ces variations de temp\u00e9rature, on peut d\u00e9duire les chaleurs de r\u00e9action associ\u00e9es \u00e0 la transformation.<\/p>\n<p>En utilisant la capacit\u00e9 du capteur, et la large gamme de cellules disponibles, le <strong>calorim\u00e8tre<\/strong> C80 permet de simuler presque n\u2019importe quelle condition de proc\u00e9d\u00e9.<\/p>\n<ul>\n<li>Calorim\u00e8tre isotherme de m\u00e9lange et de r\u00e9action<\/li>\n<li>Mesure de l\u2019enthalpie<\/li>\n<li>En isotherme : la mesure de chaleur est effectu\u00e9e \u00e0 temp\u00e9rature constante<\/li>\n<li>A vitesse de chauffe constante : la mesure de chaleur est effectu\u00e9e lors d\u2019un programme de temp\u00e9rature<\/li>\n<li>Calorim\u00e8tre de r\u00e9action : les cellules de m\u00e9lange permettent de reproduire des r\u00e9actions chimiques, des m\u00e9langes liquide\/liquide, solide\/liquide et m\u00eame des r\u00e9actions en phase gazeuse<\/li>\n<li>Mesure de Cp, de liquides, solides et poudres<\/li>\n<\/ul>\n<p><strong>\u00a0<\/strong><strong>Caract\u00e9ristiques principales :<\/strong><\/p>\n<ul>\n<li>Temp\u00e9rature\u00a0: entre 20 et 300\u00b0C<\/li>\n<li>Cellule \u00e0 basculement<\/li>\n<li>Cellule de cisaillement<\/li>\n<\/ul>\n<p>Pour plus d\u2019informations, veuillez contacter Laetitia Vieille \u00e0 l\u2019adresse suivante: <a href=\"&#x6d;&#97;&#x69;&#x6c;t&#x6f;&#58;v&#x69;&#101;i&#x6c;&#108;&#x65;&#x40;e&#x6d;&#115;e&#x2e;&#102;r\">&#118;&#x69;&#x65;i&#108;&#x6c;e&#64;&#x65;&#x6d;s&#101;&#x2e;f&#114;<\/a><\/p>\n<p>\u00a0<\/p>\n","protected":false},"excerpt":{"rendered":"<p>SETARAM C80 La calorim\u00e9trie est une technique qui consiste \u00e0 r\u00e9aliser une transformation dans un syst\u00e8me adiabatique et \u00e0 mesurer les variations de temp\u00e9rature qui accompagnent cette transformation. De ces variations de temp\u00e9rature, on peut d\u00e9duire les chaleurs de r\u00e9action &hellip;<\/p>\n","protected":false},"author":2073,"featured_media":0,"parent":88,"menu_order":0,"comment_status":"closed","ping_status":"closed","template":"","meta":{"footnotes":""},"tags":[],"class_list":["post-435","page","type-page","status-publish","hentry"],"pp_statuses_selecting_workflow":false,"pp_workflow_action":"current","pp_status_selection":"publish","pp_force_visibility":null,"pp_subpost_visibility":null,"pp_inherited_force_visibility":null,"pp_inherited_subpost_visibility":null,"yoast_head":"<!-- This site is optimized with the Yoast SEO plugin v27.4 - https:\/\/yoast.com\/product\/yoast-seo-wordpress\/ -->\n<title>Calorim\u00e9trie - Centre SPIN<\/title>\n<meta name=\"robots\" content=\"index, follow, max-snippet:-1, max-image-preview:large, max-video-preview:-1\" \/>\n<link rel=\"canonical\" href=\"https:\/\/www.mines-stetienne.fr\/spin-fr\/ressources\/caracterisation\/calorimetrie\/\" \/>\n<meta property=\"og:locale\" content=\"fr_FR\" \/>\n<meta property=\"og:type\" content=\"article\" \/>\n<meta property=\"og:title\" content=\"Calorim\u00e9trie - Centre SPIN\" \/>\n<meta property=\"og:description\" content=\"SETARAM C80 La calorim\u00e9trie est une technique qui consiste \u00e0 r\u00e9aliser une transformation dans un syst\u00e8me adiabatique et \u00e0 mesurer les variations de temp\u00e9rature qui accompagnent cette transformation. De ces variations de temp\u00e9rature, on peut d\u00e9duire les chaleurs de r\u00e9action &hellip;\" \/>\n<meta property=\"og:url\" content=\"https:\/\/www.mines-stetienne.fr\/spin-fr\/ressources\/caracterisation\/calorimetrie\/\" \/>\n<meta property=\"og:site_name\" content=\"Centre SPIN\" \/>\n<meta property=\"article:modified_time\" content=\"2020-09-03T08:22:33+00:00\" \/>\n<meta property=\"og:image\" content=\"https:\/\/www.mines-stetienne.fr\/spin-fr\/wp-content\/uploads\/sites\/10\/2020\/08\/Calorimetrie-168x300.jpg\" \/>\n<meta name=\"twitter:card\" content=\"summary_large_image\" \/>\n<meta name=\"twitter:label1\" content=\"Dur\u00e9e de lecture estim\u00e9e\" \/>\n\t<meta name=\"twitter:data1\" content=\"1 minute\" \/>\n<script type=\"application\/ld+json\" class=\"yoast-schema-graph\">{\"@context\":\"https:\\\/\\\/schema.org\",\"@graph\":[{\"@type\":\"WebPage\",\"@id\":\"https:\\\/\\\/www.mines-stetienne.fr\\\/spin-fr\\\/ressources\\\/caracterisation\\\/calorimetrie\\\/\",\"url\":\"https:\\\/\\\/www.mines-stetienne.fr\\\/spin-fr\\\/ressources\\\/caracterisation\\\/calorimetrie\\\/\",\"name\":\"Calorim\u00e9trie - Centre SPIN\",\"isPartOf\":{\"@id\":\"https:\\\/\\\/www.mines-stetienne.fr\\\/spin-fr\\\/#website\"},\"primaryImageOfPage\":{\"@id\":\"https:\\\/\\\/www.mines-stetienne.fr\\\/spin-fr\\\/ressources\\\/caracterisation\\\/calorimetrie\\\/#primaryimage\"},\"image\":{\"@id\":\"https:\\\/\\\/www.mines-stetienne.fr\\\/spin-fr\\\/ressources\\\/caracterisation\\\/calorimetrie\\\/#primaryimage\"},\"thumbnailUrl\":\"https:\\\/\\\/www.mines-stetienne.fr\\\/spin-fr\\\/wp-content\\\/uploads\\\/sites\\\/10\\\/2020\\\/08\\\/Calorimetrie-168x300.jpg\",\"datePublished\":\"2020-08-19T13:28:30+00:00\",\"dateModified\":\"2020-09-03T08:22:33+00:00\",\"breadcrumb\":{\"@id\":\"https:\\\/\\\/www.mines-stetienne.fr\\\/spin-fr\\\/ressources\\\/caracterisation\\\/calorimetrie\\\/#breadcrumb\"},\"inLanguage\":\"fr-FR\",\"potentialAction\":[{\"@type\":\"ReadAction\",\"target\":[\"https:\\\/\\\/www.mines-stetienne.fr\\\/spin-fr\\\/ressources\\\/caracterisation\\\/calorimetrie\\\/\"]}]},{\"@type\":\"ImageObject\",\"inLanguage\":\"fr-FR\",\"@id\":\"https:\\\/\\\/www.mines-stetienne.fr\\\/spin-fr\\\/ressources\\\/caracterisation\\\/calorimetrie\\\/#primaryimage\",\"url\":\"https:\\\/\\\/www.mines-stetienne.fr\\\/spin-fr\\\/wp-content\\\/uploads\\\/sites\\\/10\\\/2020\\\/08\\\/Calorimetrie-168x300.jpg\",\"contentUrl\":\"https:\\\/\\\/www.mines-stetienne.fr\\\/spin-fr\\\/wp-content\\\/uploads\\\/sites\\\/10\\\/2020\\\/08\\\/Calorimetrie-168x300.jpg\"},{\"@type\":\"BreadcrumbList\",\"@id\":\"https:\\\/\\\/www.mines-stetienne.fr\\\/spin-fr\\\/ressources\\\/caracterisation\\\/calorimetrie\\\/#breadcrumb\",\"itemListElement\":[{\"@type\":\"ListItem\",\"position\":1,\"name\":\"Accueil\",\"item\":\"https:\\\/\\\/www.mines-stetienne.fr\\\/spin-fr\\\/\"},{\"@type\":\"ListItem\",\"position\":2,\"name\":\"Ressources\",\"item\":\"https:\\\/\\\/www.mines-stetienne.fr\\\/spin-fr\\\/ressources\\\/\"},{\"@type\":\"ListItem\",\"position\":3,\"name\":\"Instruments de caract\u00e9risation\",\"item\":\"https:\\\/\\\/www.mines-stetienne.fr\\\/spin-fr\\\/ressources\\\/caracterisation\\\/\"},{\"@type\":\"ListItem\",\"position\":4,\"name\":\"Calorim\u00e9trie\"}]},{\"@type\":\"WebSite\",\"@id\":\"https:\\\/\\\/www.mines-stetienne.fr\\\/spin-fr\\\/#website\",\"url\":\"https:\\\/\\\/www.mines-stetienne.fr\\\/spin-fr\\\/\",\"name\":\"Centre SPIN\",\"description\":\"\u2013 G\u00e9nie des Proc\u00e9d\u00e9s\",\"potentialAction\":[{\"@type\":\"SearchAction\",\"target\":{\"@type\":\"EntryPoint\",\"urlTemplate\":\"https:\\\/\\\/www.mines-stetienne.fr\\\/spin-fr\\\/?s={search_term_string}\"},\"query-input\":{\"@type\":\"PropertyValueSpecification\",\"valueRequired\":true,\"valueName\":\"search_term_string\"}}],\"inLanguage\":\"fr-FR\"}]}<\/script>\n<!-- \/ Yoast SEO plugin. -->","yoast_head_json":{"title":"Calorim\u00e9trie - Centre SPIN","robots":{"index":"index","follow":"follow","max-snippet":"max-snippet:-1","max-image-preview":"max-image-preview:large","max-video-preview":"max-video-preview:-1"},"canonical":"https:\/\/www.mines-stetienne.fr\/spin-fr\/ressources\/caracterisation\/calorimetrie\/","og_locale":"fr_FR","og_type":"article","og_title":"Calorim\u00e9trie - Centre SPIN","og_description":"SETARAM C80 La calorim\u00e9trie est une technique qui consiste \u00e0 r\u00e9aliser une transformation dans un syst\u00e8me adiabatique et \u00e0 mesurer les variations de temp\u00e9rature qui accompagnent cette transformation. De ces variations de temp\u00e9rature, on peut d\u00e9duire les chaleurs de r\u00e9action &hellip;","og_url":"https:\/\/www.mines-stetienne.fr\/spin-fr\/ressources\/caracterisation\/calorimetrie\/","og_site_name":"Centre SPIN","article_modified_time":"2020-09-03T08:22:33+00:00","og_image":[{"url":"https:\/\/www.mines-stetienne.fr\/spin-fr\/wp-content\/uploads\/sites\/10\/2020\/08\/Calorimetrie-168x300.jpg","type":"","width":"","height":""}],"twitter_card":"summary_large_image","twitter_misc":{"Dur\u00e9e de lecture estim\u00e9e":"1 minute"},"schema":{"@context":"https:\/\/schema.org","@graph":[{"@type":"WebPage","@id":"https:\/\/www.mines-stetienne.fr\/spin-fr\/ressources\/caracterisation\/calorimetrie\/","url":"https:\/\/www.mines-stetienne.fr\/spin-fr\/ressources\/caracterisation\/calorimetrie\/","name":"Calorim\u00e9trie - Centre SPIN","isPartOf":{"@id":"https:\/\/www.mines-stetienne.fr\/spin-fr\/#website"},"primaryImageOfPage":{"@id":"https:\/\/www.mines-stetienne.fr\/spin-fr\/ressources\/caracterisation\/calorimetrie\/#primaryimage"},"image":{"@id":"https:\/\/www.mines-stetienne.fr\/spin-fr\/ressources\/caracterisation\/calorimetrie\/#primaryimage"},"thumbnailUrl":"https:\/\/www.mines-stetienne.fr\/spin-fr\/wp-content\/uploads\/sites\/10\/2020\/08\/Calorimetrie-168x300.jpg","datePublished":"2020-08-19T13:28:30+00:00","dateModified":"2020-09-03T08:22:33+00:00","breadcrumb":{"@id":"https:\/\/www.mines-stetienne.fr\/spin-fr\/ressources\/caracterisation\/calorimetrie\/#breadcrumb"},"inLanguage":"fr-FR","potentialAction":[{"@type":"ReadAction","target":["https:\/\/www.mines-stetienne.fr\/spin-fr\/ressources\/caracterisation\/calorimetrie\/"]}]},{"@type":"ImageObject","inLanguage":"fr-FR","@id":"https:\/\/www.mines-stetienne.fr\/spin-fr\/ressources\/caracterisation\/calorimetrie\/#primaryimage","url":"https:\/\/www.mines-stetienne.fr\/spin-fr\/wp-content\/uploads\/sites\/10\/2020\/08\/Calorimetrie-168x300.jpg","contentUrl":"https:\/\/www.mines-stetienne.fr\/spin-fr\/wp-content\/uploads\/sites\/10\/2020\/08\/Calorimetrie-168x300.jpg"},{"@type":"BreadcrumbList","@id":"https:\/\/www.mines-stetienne.fr\/spin-fr\/ressources\/caracterisation\/calorimetrie\/#breadcrumb","itemListElement":[{"@type":"ListItem","position":1,"name":"Accueil","item":"https:\/\/www.mines-stetienne.fr\/spin-fr\/"},{"@type":"ListItem","position":2,"name":"Ressources","item":"https:\/\/www.mines-stetienne.fr\/spin-fr\/ressources\/"},{"@type":"ListItem","position":3,"name":"Instruments de caract\u00e9risation","item":"https:\/\/www.mines-stetienne.fr\/spin-fr\/ressources\/caracterisation\/"},{"@type":"ListItem","position":4,"name":"Calorim\u00e9trie"}]},{"@type":"WebSite","@id":"https:\/\/www.mines-stetienne.fr\/spin-fr\/#website","url":"https:\/\/www.mines-stetienne.fr\/spin-fr\/","name":"Centre SPIN","description":"\u2013 G\u00e9nie des Proc\u00e9d\u00e9s","potentialAction":[{"@type":"SearchAction","target":{"@type":"EntryPoint","urlTemplate":"https:\/\/www.mines-stetienne.fr\/spin-fr\/?s={search_term_string}"},"query-input":{"@type":"PropertyValueSpecification","valueRequired":true,"valueName":"search_term_string"}}],"inLanguage":"fr-FR"}]}},"_links":{"self":[{"href":"https:\/\/www.mines-stetienne.fr\/spin-fr\/wp-json\/wp\/v2\/pages\/435","targetHints":{"allow":["GET"]}}],"collection":[{"href":"https:\/\/www.mines-stetienne.fr\/spin-fr\/wp-json\/wp\/v2\/pages"}],"about":[{"href":"https:\/\/www.mines-stetienne.fr\/spin-fr\/wp-json\/wp\/v2\/types\/page"}],"author":[{"embeddable":true,"href":"https:\/\/www.mines-stetienne.fr\/spin-fr\/wp-json\/wp\/v2\/users\/2073"}],"replies":[{"embeddable":true,"href":"https:\/\/www.mines-stetienne.fr\/spin-fr\/wp-json\/wp\/v2\/comments?post=435"}],"version-history":[{"count":3,"href":"https:\/\/www.mines-stetienne.fr\/spin-fr\/wp-json\/wp\/v2\/pages\/435\/revisions"}],"predecessor-version":[{"id":454,"href":"https:\/\/www.mines-stetienne.fr\/spin-fr\/wp-json\/wp\/v2\/pages\/435\/revisions\/454"}],"up":[{"embeddable":true,"href":"https:\/\/www.mines-stetienne.fr\/spin-fr\/wp-json\/wp\/v2\/pages\/88"}],"wp:attachment":[{"href":"https:\/\/www.mines-stetienne.fr\/spin-fr\/wp-json\/wp\/v2\/media?parent=435"}],"wp:term":[{"taxonomy":"post_tag","embeddable":true,"href":"https:\/\/www.mines-stetienne.fr\/spin-fr\/wp-json\/wp\/v2\/tags?post=435"}],"curies":[{"name":"wp","href":"https:\/\/api.w.org\/{rel}","templated":true}]}}