{"id":396,"date":"2020-04-28T14:11:35","date_gmt":"2020-04-28T12:11:35","guid":{"rendered":"https:\/\/www.mines-stetienne.fr\/spin-fr\/?page_id=396"},"modified":"2020-08-19T15:12:46","modified_gmt":"2020-08-19T13:12:46","slug":"diffraction-des-rayons-x","status":"publish","type":"page","link":"https:\/\/www.mines-stetienne.fr\/spin-fr\/ressources\/caracterisation\/diffraction-des-rayons-x\/","title":{"rendered":"Diffraction des rayons X"},"content":{"rendered":"\n<p><img fetchpriority=\"high\" decoding=\"async\" class=\"alignnone size-medium wp-image-397\" src=\"https:\/\/www.mines-stetienne.fr\/spin-fr\/wp-content\/uploads\/sites\/10\/2020\/04\/aa-300x225.jpg\" alt=\"\" width=\"300\" height=\"225\" srcset=\"https:\/\/www.mines-stetienne.fr\/spin-fr\/wp-content\/uploads\/sites\/10\/2020\/04\/aa-300x225.jpg 300w, https:\/\/www.mines-stetienne.fr\/spin-fr\/wp-content\/uploads\/sites\/10\/2020\/04\/aa.jpg 511w\" sizes=\"(max-width: 300px) 100vw, 300px\" \/><\/p>\n<p><img decoding=\"async\" class=\"alignnone size-medium wp-image-398\" src=\"https:\/\/www.mines-stetienne.fr\/spin-fr\/wp-content\/uploads\/sites\/10\/2020\/04\/bb-300x225.jpg\" alt=\"\" width=\"300\" height=\"225\" srcset=\"https:\/\/www.mines-stetienne.fr\/spin-fr\/wp-content\/uploads\/sites\/10\/2020\/04\/bb-300x225.jpg 300w, https:\/\/www.mines-stetienne.fr\/spin-fr\/wp-content\/uploads\/sites\/10\/2020\/04\/bb.jpg 639w\" sizes=\"(max-width: 300px) 100vw, 300px\" \/><\/p>\n\n\n\n<p><em>Bruker D8A25<\/em><\/p>\n<p><em>Bruker D8Advance avec chambre haute temp\u00e9rature HTK16 d\u2019Anton Paar<\/em><\/p>\n<p>La diffraction des rayons X permet de d\u00e9terminer l\u2019arrangement atomique d\u2019une structure cristallis\u00e9e, et donc d\u2019identifier la nature des phases pr\u00e9sentes dans un \u00e9chantillon. Cet \u00e9chantillon peut se pr\u00e9senter sous la forme d\u2019une poudre (grains de taille d\u2019environ 10 \u00e0 20\u00b5m dans l\u2019id\u00e9al) ou d\u2019un petit \u00e9chantillon massif. Une \u00e9valuation quantitative est possible dans le cas d\u2019\u00e9chantillons bien cristallis\u00e9s. L\u2019\u00e9tude en chambre haute temp\u00e9rature est un moyen pour caract\u00e9riser les transformations structurales au cours d\u2019un traitement thermique. \u00a0\u00a0\u00a0\u00a0\u00a0<\/p>\n<p><strong>Caract\u00e9ristiques principales\u00a0:<\/strong><\/p>\n<ul>\n<li>Rayonnement Cuivre (lKa1=1,5406 \u00c5)<\/li>\n<li>Optique primaire\u00a0: au choix, fente de divergence motoris\u00e9e ou miroir de G\u00f6ebel pour D8A25, syst\u00e8me optique fixe pour D8Advance<\/li>\n<li>Passeur d\u2019\u00e9chantillons AUTO CHANGER avec platine tournante pour D8A25, chambre chauffante avec barreau en platine pour D8Advance<\/li>\n<li>Couteau anti-diffusion motoris\u00e9 permettant de s\u2019affranchir du fond diffus\u00e9 (D8A25)<\/li>\n<li>D\u00e9tecteur Lynxeye XE-T pour D8A25, scintillateur pr\u00e9c\u00e9d\u00e9 d\u2019un monochromateur pour D8Advance<\/li>\n<li>Exploitation des r\u00e9sultats\u00a0: Diffrac.EVA, Topas V6, base de donn\u00e9es PDF4+ et COD<\/li>\n<\/ul>\n<p>Pour plus d\u2019information, veuillez contacter Olivier Valfort \u00e0 l\u2019adresse suivante\u00a0: &#x76;&#x61;&#x6c;&#x66;&#x6f;&#x72;&#x74;&#64;&#101;&#109;&#115;&#101;&#46;fr<\/p>\n<p>\u00a0<\/p>\n","protected":false},"excerpt":{"rendered":"<p>Bruker D8A25 Bruker D8Advance avec chambre haute temp\u00e9rature HTK16 d\u2019Anton Paar La diffraction des rayons X permet de d\u00e9terminer l\u2019arrangement atomique d\u2019une structure cristallis\u00e9e, et donc d\u2019identifier la nature des phases pr\u00e9sentes dans un \u00e9chantillon. Cet \u00e9chantillon peut se pr\u00e9senter &hellip;<\/p>\n","protected":false},"author":2073,"featured_media":0,"parent":88,"menu_order":0,"comment_status":"closed","ping_status":"closed","template":"","meta":{"footnotes":""},"tags":[],"class_list":["post-396","page","type-page","status-publish","hentry"],"pp_statuses_selecting_workflow":false,"pp_workflow_action":"current","pp_status_selection":"publish","pp_force_visibility":null,"pp_subpost_visibility":null,"pp_inherited_force_visibility":null,"pp_inherited_subpost_visibility":null,"yoast_head":"<!-- This site is optimized with the Yoast SEO plugin v27.4 - https:\/\/yoast.com\/product\/yoast-seo-wordpress\/ -->\n<title>Diffraction des rayons X - Centre SPIN<\/title>\n<meta name=\"robots\" content=\"index, follow, max-snippet:-1, max-image-preview:large, max-video-preview:-1\" \/>\n<link rel=\"canonical\" href=\"https:\/\/www.mines-stetienne.fr\/spin-fr\/ressources\/caracterisation\/diffraction-des-rayons-x\/\" \/>\n<meta property=\"og:locale\" content=\"fr_FR\" \/>\n<meta property=\"og:type\" content=\"article\" \/>\n<meta property=\"og:title\" content=\"Diffraction des rayons X - Centre SPIN\" \/>\n<meta property=\"og:description\" content=\"Bruker D8A25 Bruker D8Advance avec chambre haute temp\u00e9rature HTK16 d\u2019Anton Paar La diffraction des rayons X permet de d\u00e9terminer l\u2019arrangement atomique d\u2019une structure cristallis\u00e9e, et donc d\u2019identifier la nature des phases pr\u00e9sentes dans un \u00e9chantillon. Cet \u00e9chantillon peut se pr\u00e9senter &hellip;\" \/>\n<meta property=\"og:url\" content=\"https:\/\/www.mines-stetienne.fr\/spin-fr\/ressources\/caracterisation\/diffraction-des-rayons-x\/\" \/>\n<meta property=\"og:site_name\" content=\"Centre SPIN\" \/>\n<meta property=\"article:modified_time\" content=\"2020-08-19T13:12:46+00:00\" \/>\n<meta property=\"og:image\" content=\"https:\/\/www.mines-stetienne.fr\/spin-fr\/wp-content\/uploads\/sites\/10\/2020\/04\/aa-300x225.jpg\" \/>\n<meta name=\"twitter:card\" content=\"summary_large_image\" \/>\n<meta name=\"twitter:label1\" content=\"Dur\u00e9e de lecture estim\u00e9e\" \/>\n\t<meta name=\"twitter:data1\" content=\"1 minute\" \/>\n<script type=\"application\/ld+json\" class=\"yoast-schema-graph\">{\"@context\":\"https:\\\/\\\/schema.org\",\"@graph\":[{\"@type\":\"WebPage\",\"@id\":\"https:\\\/\\\/www.mines-stetienne.fr\\\/spin-fr\\\/ressources\\\/caracterisation\\\/diffraction-des-rayons-x\\\/\",\"url\":\"https:\\\/\\\/www.mines-stetienne.fr\\\/spin-fr\\\/ressources\\\/caracterisation\\\/diffraction-des-rayons-x\\\/\",\"name\":\"Diffraction des rayons X - Centre SPIN\",\"isPartOf\":{\"@id\":\"https:\\\/\\\/www.mines-stetienne.fr\\\/spin-fr\\\/#website\"},\"primaryImageOfPage\":{\"@id\":\"https:\\\/\\\/www.mines-stetienne.fr\\\/spin-fr\\\/ressources\\\/caracterisation\\\/diffraction-des-rayons-x\\\/#primaryimage\"},\"image\":{\"@id\":\"https:\\\/\\\/www.mines-stetienne.fr\\\/spin-fr\\\/ressources\\\/caracterisation\\\/diffraction-des-rayons-x\\\/#primaryimage\"},\"thumbnailUrl\":\"https:\\\/\\\/www.mines-stetienne.fr\\\/spin-fr\\\/wp-content\\\/uploads\\\/sites\\\/10\\\/2020\\\/04\\\/aa-300x225.jpg\",\"datePublished\":\"2020-04-28T12:11:35+00:00\",\"dateModified\":\"2020-08-19T13:12:46+00:00\",\"breadcrumb\":{\"@id\":\"https:\\\/\\\/www.mines-stetienne.fr\\\/spin-fr\\\/ressources\\\/caracterisation\\\/diffraction-des-rayons-x\\\/#breadcrumb\"},\"inLanguage\":\"fr-FR\",\"potentialAction\":[{\"@type\":\"ReadAction\",\"target\":[\"https:\\\/\\\/www.mines-stetienne.fr\\\/spin-fr\\\/ressources\\\/caracterisation\\\/diffraction-des-rayons-x\\\/\"]}]},{\"@type\":\"ImageObject\",\"inLanguage\":\"fr-FR\",\"@id\":\"https:\\\/\\\/www.mines-stetienne.fr\\\/spin-fr\\\/ressources\\\/caracterisation\\\/diffraction-des-rayons-x\\\/#primaryimage\",\"url\":\"https:\\\/\\\/www.mines-stetienne.fr\\\/spin-fr\\\/wp-content\\\/uploads\\\/sites\\\/10\\\/2020\\\/04\\\/aa.jpg\",\"contentUrl\":\"https:\\\/\\\/www.mines-stetienne.fr\\\/spin-fr\\\/wp-content\\\/uploads\\\/sites\\\/10\\\/2020\\\/04\\\/aa.jpg\",\"width\":511,\"height\":383},{\"@type\":\"BreadcrumbList\",\"@id\":\"https:\\\/\\\/www.mines-stetienne.fr\\\/spin-fr\\\/ressources\\\/caracterisation\\\/diffraction-des-rayons-x\\\/#breadcrumb\",\"itemListElement\":[{\"@type\":\"ListItem\",\"position\":1,\"name\":\"Accueil\",\"item\":\"https:\\\/\\\/www.mines-stetienne.fr\\\/spin-fr\\\/\"},{\"@type\":\"ListItem\",\"position\":2,\"name\":\"Ressources\",\"item\":\"https:\\\/\\\/www.mines-stetienne.fr\\\/spin-fr\\\/ressources\\\/\"},{\"@type\":\"ListItem\",\"position\":3,\"name\":\"Instruments de caract\u00e9risation\",\"item\":\"https:\\\/\\\/www.mines-stetienne.fr\\\/spin-fr\\\/ressources\\\/caracterisation\\\/\"},{\"@type\":\"ListItem\",\"position\":4,\"name\":\"Diffraction des rayons X\"}]},{\"@type\":\"WebSite\",\"@id\":\"https:\\\/\\\/www.mines-stetienne.fr\\\/spin-fr\\\/#website\",\"url\":\"https:\\\/\\\/www.mines-stetienne.fr\\\/spin-fr\\\/\",\"name\":\"Centre SPIN\",\"description\":\"\u2013 G\u00e9nie des Proc\u00e9d\u00e9s\",\"potentialAction\":[{\"@type\":\"SearchAction\",\"target\":{\"@type\":\"EntryPoint\",\"urlTemplate\":\"https:\\\/\\\/www.mines-stetienne.fr\\\/spin-fr\\\/?s={search_term_string}\"},\"query-input\":{\"@type\":\"PropertyValueSpecification\",\"valueRequired\":true,\"valueName\":\"search_term_string\"}}],\"inLanguage\":\"fr-FR\"}]}<\/script>\n<!-- \/ Yoast SEO plugin. -->","yoast_head_json":{"title":"Diffraction des rayons X - Centre SPIN","robots":{"index":"index","follow":"follow","max-snippet":"max-snippet:-1","max-image-preview":"max-image-preview:large","max-video-preview":"max-video-preview:-1"},"canonical":"https:\/\/www.mines-stetienne.fr\/spin-fr\/ressources\/caracterisation\/diffraction-des-rayons-x\/","og_locale":"fr_FR","og_type":"article","og_title":"Diffraction des rayons X - Centre SPIN","og_description":"Bruker D8A25 Bruker D8Advance avec chambre haute temp\u00e9rature HTK16 d\u2019Anton Paar La diffraction des rayons X permet de d\u00e9terminer l\u2019arrangement atomique d\u2019une structure cristallis\u00e9e, et donc d\u2019identifier la nature des phases pr\u00e9sentes dans un \u00e9chantillon. Cet \u00e9chantillon peut se pr\u00e9senter &hellip;","og_url":"https:\/\/www.mines-stetienne.fr\/spin-fr\/ressources\/caracterisation\/diffraction-des-rayons-x\/","og_site_name":"Centre SPIN","article_modified_time":"2020-08-19T13:12:46+00:00","og_image":[{"url":"https:\/\/www.mines-stetienne.fr\/spin-fr\/wp-content\/uploads\/sites\/10\/2020\/04\/aa-300x225.jpg","type":"","width":"","height":""}],"twitter_card":"summary_large_image","twitter_misc":{"Dur\u00e9e de lecture estim\u00e9e":"1 minute"},"schema":{"@context":"https:\/\/schema.org","@graph":[{"@type":"WebPage","@id":"https:\/\/www.mines-stetienne.fr\/spin-fr\/ressources\/caracterisation\/diffraction-des-rayons-x\/","url":"https:\/\/www.mines-stetienne.fr\/spin-fr\/ressources\/caracterisation\/diffraction-des-rayons-x\/","name":"Diffraction des rayons X - Centre SPIN","isPartOf":{"@id":"https:\/\/www.mines-stetienne.fr\/spin-fr\/#website"},"primaryImageOfPage":{"@id":"https:\/\/www.mines-stetienne.fr\/spin-fr\/ressources\/caracterisation\/diffraction-des-rayons-x\/#primaryimage"},"image":{"@id":"https:\/\/www.mines-stetienne.fr\/spin-fr\/ressources\/caracterisation\/diffraction-des-rayons-x\/#primaryimage"},"thumbnailUrl":"https:\/\/www.mines-stetienne.fr\/spin-fr\/wp-content\/uploads\/sites\/10\/2020\/04\/aa-300x225.jpg","datePublished":"2020-04-28T12:11:35+00:00","dateModified":"2020-08-19T13:12:46+00:00","breadcrumb":{"@id":"https:\/\/www.mines-stetienne.fr\/spin-fr\/ressources\/caracterisation\/diffraction-des-rayons-x\/#breadcrumb"},"inLanguage":"fr-FR","potentialAction":[{"@type":"ReadAction","target":["https:\/\/www.mines-stetienne.fr\/spin-fr\/ressources\/caracterisation\/diffraction-des-rayons-x\/"]}]},{"@type":"ImageObject","inLanguage":"fr-FR","@id":"https:\/\/www.mines-stetienne.fr\/spin-fr\/ressources\/caracterisation\/diffraction-des-rayons-x\/#primaryimage","url":"https:\/\/www.mines-stetienne.fr\/spin-fr\/wp-content\/uploads\/sites\/10\/2020\/04\/aa.jpg","contentUrl":"https:\/\/www.mines-stetienne.fr\/spin-fr\/wp-content\/uploads\/sites\/10\/2020\/04\/aa.jpg","width":511,"height":383},{"@type":"BreadcrumbList","@id":"https:\/\/www.mines-stetienne.fr\/spin-fr\/ressources\/caracterisation\/diffraction-des-rayons-x\/#breadcrumb","itemListElement":[{"@type":"ListItem","position":1,"name":"Accueil","item":"https:\/\/www.mines-stetienne.fr\/spin-fr\/"},{"@type":"ListItem","position":2,"name":"Ressources","item":"https:\/\/www.mines-stetienne.fr\/spin-fr\/ressources\/"},{"@type":"ListItem","position":3,"name":"Instruments de caract\u00e9risation","item":"https:\/\/www.mines-stetienne.fr\/spin-fr\/ressources\/caracterisation\/"},{"@type":"ListItem","position":4,"name":"Diffraction des rayons X"}]},{"@type":"WebSite","@id":"https:\/\/www.mines-stetienne.fr\/spin-fr\/#website","url":"https:\/\/www.mines-stetienne.fr\/spin-fr\/","name":"Centre SPIN","description":"\u2013 G\u00e9nie des Proc\u00e9d\u00e9s","potentialAction":[{"@type":"SearchAction","target":{"@type":"EntryPoint","urlTemplate":"https:\/\/www.mines-stetienne.fr\/spin-fr\/?s={search_term_string}"},"query-input":{"@type":"PropertyValueSpecification","valueRequired":true,"valueName":"search_term_string"}}],"inLanguage":"fr-FR"}]}},"_links":{"self":[{"href":"https:\/\/www.mines-stetienne.fr\/spin-fr\/wp-json\/wp\/v2\/pages\/396","targetHints":{"allow":["GET"]}}],"collection":[{"href":"https:\/\/www.mines-stetienne.fr\/spin-fr\/wp-json\/wp\/v2\/pages"}],"about":[{"href":"https:\/\/www.mines-stetienne.fr\/spin-fr\/wp-json\/wp\/v2\/types\/page"}],"author":[{"embeddable":true,"href":"https:\/\/www.mines-stetienne.fr\/spin-fr\/wp-json\/wp\/v2\/users\/2073"}],"replies":[{"embeddable":true,"href":"https:\/\/www.mines-stetienne.fr\/spin-fr\/wp-json\/wp\/v2\/comments?post=396"}],"version-history":[{"count":2,"href":"https:\/\/www.mines-stetienne.fr\/spin-fr\/wp-json\/wp\/v2\/pages\/396\/revisions"}],"predecessor-version":[{"id":420,"href":"https:\/\/www.mines-stetienne.fr\/spin-fr\/wp-json\/wp\/v2\/pages\/396\/revisions\/420"}],"up":[{"embeddable":true,"href":"https:\/\/www.mines-stetienne.fr\/spin-fr\/wp-json\/wp\/v2\/pages\/88"}],"wp:attachment":[{"href":"https:\/\/www.mines-stetienne.fr\/spin-fr\/wp-json\/wp\/v2\/media?parent=396"}],"wp:term":[{"taxonomy":"post_tag","embeddable":true,"href":"https:\/\/www.mines-stetienne.fr\/spin-fr\/wp-json\/wp\/v2\/tags?post=396"}],"curies":[{"name":"wp","href":"https:\/\/api.w.org\/{rel}","templated":true}]}}