{"id":326,"date":"2020-03-19T11:39:26","date_gmt":"2020-03-19T10:39:26","guid":{"rendered":"https:\/\/www.mines-stetienne.fr\/spin-fr\/?page_id=326"},"modified":"2020-03-19T11:45:27","modified_gmt":"2020-03-19T10:45:27","slug":"applications","status":"publish","type":"page","link":"https:\/\/www.mines-stetienne.fr\/spin-fr\/applications\/","title":{"rendered":"Applications"},"content":{"rendered":"\n<p>Les domaines d&rsquo;application du G\u00e9nie des Proc\u00e9d\u00e9s sont vastes. Au sein du centre SPIN, nous nous int\u00e9ressons tout particuli\u00e8rement \u00e0 l&rsquo;environnement, \u00e0 l&rsquo;\u00e9nergie et aux mat\u00e9riaux innovants.<\/p>\n<table width=\"100%\" cellspacing=\"0\" cellpadding=\"0\" border=\"0\">\n<tbody>\n<tr>\n<td width=\"25%\" align=\"center\">\n<h4><a>ENVIRONNEMENT<\/a><\/h4>\n<\/td>\n<td width=\"5%\">&nbsp;<\/td>\n<td width=\"25%\" align=\"center\">\n<h4><a>ENERGIE<\/a><\/h4>\n<\/td>\n<td width=\"5%\">&nbsp;<\/td>\n<td width=\"25%\" align=\"center\">\n<h4><a>MATERIAUX<\/a><\/h4>\n<\/td>\n<\/tr>\n<tr>\n<td width=\"25%\"><a><img decoding=\"async\" src=\"https:\/\/www.mines-stetienne.fr\/spin-fr\/wp-content\/uploads\/sites\/10\/2020\/03\/environnement.jpg\"> <\/a><\/td>\n<td width=\"5%\">&nbsp;<\/td>\n<td width=\"25%\"><a><img decoding=\"async\" src=\"https:\/\/www.mines-stetienne.fr\/spin-fr\/wp-content\/uploads\/sites\/10\/2020\/03\/energie.jpg\"> <\/a><\/td>\n<td width=\"5%\">&nbsp;<\/td>\n<td width=\"25%\"><a><img decoding=\"async\" src=\"https:\/\/www.mines-stetienne.fr\/spin-fr\/wp-content\/uploads\/sites\/10\/2020\/03\/materiaux.jpg\"> <\/a><\/td>\n<\/tr>\n<\/tbody>\n<\/table>\n<p>&nbsp;<\/p>\n<table>\n<tbody>\n<tr>\n<td width=\"25%\" valign=\"top\" align=\"center\">\n<p><a href=\"https:\/\/www.mines-stetienne.fr\/spin-fr\/applications\/captage-de-co2\/\">Captage CO2<\/a><\/p>\n<p>D\u00e9pollution des sols<\/p>\n<p>D\u00e9pollution des eaux<\/p>\n<p>Capteurs de gaz et polluants atmosph\u00e9riques<\/p>\n<p>Contr\u00f4le des nappes phr\u00e9atiques et aquif\u00e8res<\/p>\n<\/td>\n<td width=\"5%\">&nbsp;<\/td>\n<td width=\"25%\" valign=\"top\" align=\"center\">\n<p>Fabrication et recyclage de combustible nucl\u00e9aire<\/p>\n<p>Production p\u00e9troli\u00e8re<\/p>\n<p>Stockage d&rsquo;\u00e9nergie<\/p>\n<\/td>\n<td width=\"5%\">&nbsp;<\/td>\n<td width=\"25%\" valign=\"top\" align=\"center\">\n<p>Ciments \u00e0 haute performance<\/p>\n<p>Ciment \u00e0 faible impact CO2<\/p>\n<p>Mat\u00e9riaux composites biosourc\u00e9s<\/p>\n<\/td>\n<\/tr>\n<\/tbody>\n<\/table>\n","protected":false},"excerpt":{"rendered":"<p>Les domaines d&rsquo;application du G\u00e9nie des Proc\u00e9d\u00e9s sont vastes. Au sein du centre SPIN, nous nous int\u00e9ressons tout particuli\u00e8rement \u00e0 l&rsquo;environnement, \u00e0 l&rsquo;\u00e9nergie et aux mat\u00e9riaux innovants. ENVIRONNEMENT &nbsp; ENERGIE &nbsp; MATERIAUX &nbsp; &nbsp; &nbsp; Captage CO2 D\u00e9pollution des sols &hellip;<\/p>\n","protected":false},"author":1478,"featured_media":0,"parent":0,"menu_order":0,"comment_status":"closed","ping_status":"closed","template":"","meta":{"footnotes":""},"tags":[],"class_list":["post-326","page","type-page","status-publish","hentry"],"pp_statuses_selecting_workflow":false,"pp_workflow_action":"current","pp_status_selection":"publish","pp_force_visibility":null,"pp_subpost_visibility":null,"pp_inherited_force_visibility":null,"pp_inherited_subpost_visibility":null,"yoast_head":"<!-- This site is optimized with the Yoast SEO plugin v27.5 - https:\/\/yoast.com\/product\/yoast-seo-wordpress\/ -->\n<title>Applications - Centre SPIN<\/title>\n<meta name=\"robots\" content=\"index, follow, max-snippet:-1, max-image-preview:large, max-video-preview:-1\" \/>\n<link rel=\"canonical\" href=\"https:\/\/www.mines-stetienne.fr\/spin-fr\/applications\/\" \/>\n<meta property=\"og:locale\" content=\"fr_FR\" \/>\n<meta property=\"og:type\" content=\"article\" \/>\n<meta property=\"og:title\" content=\"Applications - Centre SPIN\" \/>\n<meta property=\"og:description\" content=\"Les domaines d&rsquo;application du G\u00e9nie des Proc\u00e9d\u00e9s sont vastes. Au sein du centre SPIN, nous nous int\u00e9ressons tout particuli\u00e8rement \u00e0 l&rsquo;environnement, \u00e0 l&rsquo;\u00e9nergie et aux mat\u00e9riaux innovants. ENVIRONNEMENT &nbsp; ENERGIE &nbsp; MATERIAUX &nbsp; &nbsp; &nbsp; Captage CO2 D\u00e9pollution des sols &hellip;\" \/>\n<meta property=\"og:url\" content=\"https:\/\/www.mines-stetienne.fr\/spin-fr\/applications\/\" \/>\n<meta property=\"og:site_name\" content=\"Centre SPIN\" \/>\n<meta property=\"article:modified_time\" content=\"2020-03-19T10:45:27+00:00\" \/>\n<meta property=\"og:image\" content=\"https:\/\/www.mines-stetienne.fr\/spin-fr\/wp-content\/uploads\/sites\/10\/2020\/03\/environnement.jpg\" \/>\n<meta name=\"twitter:card\" content=\"summary_large_image\" \/>\n<script type=\"application\/ld+json\" class=\"yoast-schema-graph\">{\"@context\":\"https:\\\/\\\/schema.org\",\"@graph\":[{\"@type\":\"WebPage\",\"@id\":\"https:\\\/\\\/www.mines-stetienne.fr\\\/spin-fr\\\/applications\\\/\",\"url\":\"https:\\\/\\\/www.mines-stetienne.fr\\\/spin-fr\\\/applications\\\/\",\"name\":\"Applications - Centre SPIN\",\"isPartOf\":{\"@id\":\"https:\\\/\\\/www.mines-stetienne.fr\\\/spin-fr\\\/#website\"},\"primaryImageOfPage\":{\"@id\":\"https:\\\/\\\/www.mines-stetienne.fr\\\/spin-fr\\\/applications\\\/#primaryimage\"},\"image\":{\"@id\":\"https:\\\/\\\/www.mines-stetienne.fr\\\/spin-fr\\\/applications\\\/#primaryimage\"},\"thumbnailUrl\":\"https:\\\/\\\/www.mines-stetienne.fr\\\/spin-fr\\\/wp-content\\\/uploads\\\/sites\\\/10\\\/2020\\\/03\\\/environnement.jpg\",\"datePublished\":\"2020-03-19T10:39:26+00:00\",\"dateModified\":\"2020-03-19T10:45:27+00:00\",\"breadcrumb\":{\"@id\":\"https:\\\/\\\/www.mines-stetienne.fr\\\/spin-fr\\\/applications\\\/#breadcrumb\"},\"inLanguage\":\"fr-FR\",\"potentialAction\":[{\"@type\":\"ReadAction\",\"target\":[\"https:\\\/\\\/www.mines-stetienne.fr\\\/spin-fr\\\/applications\\\/\"]}]},{\"@type\":\"ImageObject\",\"inLanguage\":\"fr-FR\",\"@id\":\"https:\\\/\\\/www.mines-stetienne.fr\\\/spin-fr\\\/applications\\\/#primaryimage\",\"url\":\"https:\\\/\\\/www.mines-stetienne.fr\\\/spin-fr\\\/wp-content\\\/uploads\\\/sites\\\/10\\\/2020\\\/03\\\/environnement.jpg\",\"contentUrl\":\"https:\\\/\\\/www.mines-stetienne.fr\\\/spin-fr\\\/wp-content\\\/uploads\\\/sites\\\/10\\\/2020\\\/03\\\/environnement.jpg\",\"width\":941,\"height\":466},{\"@type\":\"BreadcrumbList\",\"@id\":\"https:\\\/\\\/www.mines-stetienne.fr\\\/spin-fr\\\/applications\\\/#breadcrumb\",\"itemListElement\":[{\"@type\":\"ListItem\",\"position\":1,\"name\":\"Accueil\",\"item\":\"https:\\\/\\\/www.mines-stetienne.fr\\\/spin-fr\\\/\"},{\"@type\":\"ListItem\",\"position\":2,\"name\":\"Applications\"}]},{\"@type\":\"WebSite\",\"@id\":\"https:\\\/\\\/www.mines-stetienne.fr\\\/spin-fr\\\/#website\",\"url\":\"https:\\\/\\\/www.mines-stetienne.fr\\\/spin-fr\\\/\",\"name\":\"Centre SPIN\",\"description\":\"\u2013 G\u00e9nie des Proc\u00e9d\u00e9s\",\"potentialAction\":[{\"@type\":\"SearchAction\",\"target\":{\"@type\":\"EntryPoint\",\"urlTemplate\":\"https:\\\/\\\/www.mines-stetienne.fr\\\/spin-fr\\\/?s={search_term_string}\"},\"query-input\":{\"@type\":\"PropertyValueSpecification\",\"valueRequired\":true,\"valueName\":\"search_term_string\"}}],\"inLanguage\":\"fr-FR\"}]}<\/script>\n<!-- \/ Yoast SEO plugin. -->","yoast_head_json":{"title":"Applications - Centre SPIN","robots":{"index":"index","follow":"follow","max-snippet":"max-snippet:-1","max-image-preview":"max-image-preview:large","max-video-preview":"max-video-preview:-1"},"canonical":"https:\/\/www.mines-stetienne.fr\/spin-fr\/applications\/","og_locale":"fr_FR","og_type":"article","og_title":"Applications - Centre SPIN","og_description":"Les domaines d&rsquo;application du G\u00e9nie des Proc\u00e9d\u00e9s sont vastes. Au sein du centre SPIN, nous nous int\u00e9ressons tout particuli\u00e8rement \u00e0 l&rsquo;environnement, \u00e0 l&rsquo;\u00e9nergie et aux mat\u00e9riaux innovants. ENVIRONNEMENT &nbsp; ENERGIE &nbsp; MATERIAUX &nbsp; &nbsp; &nbsp; Captage CO2 D\u00e9pollution des sols &hellip;","og_url":"https:\/\/www.mines-stetienne.fr\/spin-fr\/applications\/","og_site_name":"Centre SPIN","article_modified_time":"2020-03-19T10:45:27+00:00","og_image":[{"url":"https:\/\/www.mines-stetienne.fr\/spin-fr\/wp-content\/uploads\/sites\/10\/2020\/03\/environnement.jpg","type":"","width":"","height":""}],"twitter_card":"summary_large_image","schema":{"@context":"https:\/\/schema.org","@graph":[{"@type":"WebPage","@id":"https:\/\/www.mines-stetienne.fr\/spin-fr\/applications\/","url":"https:\/\/www.mines-stetienne.fr\/spin-fr\/applications\/","name":"Applications - Centre SPIN","isPartOf":{"@id":"https:\/\/www.mines-stetienne.fr\/spin-fr\/#website"},"primaryImageOfPage":{"@id":"https:\/\/www.mines-stetienne.fr\/spin-fr\/applications\/#primaryimage"},"image":{"@id":"https:\/\/www.mines-stetienne.fr\/spin-fr\/applications\/#primaryimage"},"thumbnailUrl":"https:\/\/www.mines-stetienne.fr\/spin-fr\/wp-content\/uploads\/sites\/10\/2020\/03\/environnement.jpg","datePublished":"2020-03-19T10:39:26+00:00","dateModified":"2020-03-19T10:45:27+00:00","breadcrumb":{"@id":"https:\/\/www.mines-stetienne.fr\/spin-fr\/applications\/#breadcrumb"},"inLanguage":"fr-FR","potentialAction":[{"@type":"ReadAction","target":["https:\/\/www.mines-stetienne.fr\/spin-fr\/applications\/"]}]},{"@type":"ImageObject","inLanguage":"fr-FR","@id":"https:\/\/www.mines-stetienne.fr\/spin-fr\/applications\/#primaryimage","url":"https:\/\/www.mines-stetienne.fr\/spin-fr\/wp-content\/uploads\/sites\/10\/2020\/03\/environnement.jpg","contentUrl":"https:\/\/www.mines-stetienne.fr\/spin-fr\/wp-content\/uploads\/sites\/10\/2020\/03\/environnement.jpg","width":941,"height":466},{"@type":"BreadcrumbList","@id":"https:\/\/www.mines-stetienne.fr\/spin-fr\/applications\/#breadcrumb","itemListElement":[{"@type":"ListItem","position":1,"name":"Accueil","item":"https:\/\/www.mines-stetienne.fr\/spin-fr\/"},{"@type":"ListItem","position":2,"name":"Applications"}]},{"@type":"WebSite","@id":"https:\/\/www.mines-stetienne.fr\/spin-fr\/#website","url":"https:\/\/www.mines-stetienne.fr\/spin-fr\/","name":"Centre SPIN","description":"\u2013 G\u00e9nie des Proc\u00e9d\u00e9s","potentialAction":[{"@type":"SearchAction","target":{"@type":"EntryPoint","urlTemplate":"https:\/\/www.mines-stetienne.fr\/spin-fr\/?s={search_term_string}"},"query-input":{"@type":"PropertyValueSpecification","valueRequired":true,"valueName":"search_term_string"}}],"inLanguage":"fr-FR"}]}},"_links":{"self":[{"href":"https:\/\/www.mines-stetienne.fr\/spin-fr\/wp-json\/wp\/v2\/pages\/326","targetHints":{"allow":["GET"]}}],"collection":[{"href":"https:\/\/www.mines-stetienne.fr\/spin-fr\/wp-json\/wp\/v2\/pages"}],"about":[{"href":"https:\/\/www.mines-stetienne.fr\/spin-fr\/wp-json\/wp\/v2\/types\/page"}],"author":[{"embeddable":true,"href":"https:\/\/www.mines-stetienne.fr\/spin-fr\/wp-json\/wp\/v2\/users\/1478"}],"replies":[{"embeddable":true,"href":"https:\/\/www.mines-stetienne.fr\/spin-fr\/wp-json\/wp\/v2\/comments?post=326"}],"version-history":[{"count":24,"href":"https:\/\/www.mines-stetienne.fr\/spin-fr\/wp-json\/wp\/v2\/pages\/326\/revisions"}],"predecessor-version":[{"id":370,"href":"https:\/\/www.mines-stetienne.fr\/spin-fr\/wp-json\/wp\/v2\/pages\/326\/revisions\/370"}],"wp:attachment":[{"href":"https:\/\/www.mines-stetienne.fr\/spin-fr\/wp-json\/wp\/v2\/media?parent=326"}],"wp:term":[{"taxonomy":"post_tag","embeddable":true,"href":"https:\/\/www.mines-stetienne.fr\/spin-fr\/wp-json\/wp\/v2\/tags?post=326"}],"curies":[{"name":"wp","href":"https:\/\/api.w.org\/{rel}","templated":true}]}}