{"id":291,"date":"2020-02-05T14:27:01","date_gmt":"2020-02-05T13:27:01","guid":{"rendered":"https:\/\/www.mines-stetienne.fr\/spin-fr\/?page_id=291"},"modified":"2020-08-19T15:13:51","modified_gmt":"2020-08-19T13:13:51","slug":"ftir","status":"publish","type":"page","link":"https:\/\/www.mines-stetienne.fr\/spin-fr\/ressources\/caracterisation\/ftir\/","title":{"rendered":"FTIR"},"content":{"rendered":"\n<p><img fetchpriority=\"high\" decoding=\"async\" class=\"alignnone size-medium wp-image-292\" src=\"https:\/\/www.mines-stetienne.fr\/spin-fr\/wp-content\/uploads\/sites\/10\/2020\/02\/image-11-300x169.jpg\" alt=\"\" width=\"300\" height=\"169\" srcset=\"https:\/\/www.mines-stetienne.fr\/spin-fr\/wp-content\/uploads\/sites\/10\/2020\/02\/image-11-300x169.jpg 300w, https:\/\/www.mines-stetienne.fr\/spin-fr\/wp-content\/uploads\/sites\/10\/2020\/02\/image-11-1024x576.jpg 1024w, https:\/\/www.mines-stetienne.fr\/spin-fr\/wp-content\/uploads\/sites\/10\/2020\/02\/image-11-768x432.jpg 768w, https:\/\/www.mines-stetienne.fr\/spin-fr\/wp-content\/uploads\/sites\/10\/2020\/02\/image-11.jpg 1285w\" sizes=\"(max-width: 300px) 100vw, 300px\" \/><\/p>\n\n\n\n<p><strong>Spectrom\u00e8tre Infra-Rouge \u00e0 Transform\u00e9e de Fourier<\/strong><\/p>\n<p><em>Bruker Vertex 70<\/em><\/p>\n<p>Comme pour le Raman, la spectroscopie IRTF (Infra Rouge \u00e0 Transform\u00e9e de Fourier) est une technique non destructive fond\u00e9e sur la mesure des \u00e9nergies de vibration atomique\/mol\u00e9culaire des mat\u00e9riaux. Cette m\u00e9thode permet de d\u00e9terminer la nature des liaisons chimiques pr\u00e9sentes dans un \u00e9chantillon solide, liquide ou gazeux, d&rsquo;origine organique ou inorganique. Les donn\u00e9es sont collect\u00e9es simultan\u00e9ment sur un large spectre, ce qui permet des mesures rapides.<\/p>\n<p><strong>Caract\u00e9ristiques principales :<\/strong><\/p>\n<ul>\n<li>R\u00e9solution spectrale : 2 cm<sup>-1<\/sup><\/li>\n<li>Gamme spectrale : 400 &#8211; 4000 cm<sup>-1<\/sup><\/li>\n<li>Equip\u00e9 d&rsquo;un interf\u00e9rom\u00e8tre Michelson<\/li>\n<li>Modes d&rsquo;analyse : Transmission (avec une pastille de KBr ou une cellule liquide), ATR (pour les \u00e9chantillons solides, les poudres ou les liquides) et DRIFT (pour les poudres)<\/li>\n<li>Les mesures in situ peuvent \u00eatre effectu\u00e9es en r\u00e9flexion diffuse jusqu&rsquo;\u00e0 300 \u00b0C et sous atmosph\u00e8re contr\u00f4l\u00e9e.<\/li>\n<\/ul>\n<p>Pour plus d\u2019informations, veuillez contacter Laetitia Vieille et Steve Peuble \u00e0 l\u2019adresse suivante: f&#116;&#105;&#x72;&#x40;&#x6c;i&#115;&#116;&#x65;&#x73;&#x2e;em&#115;&#x65;&#x2e;&#x66;r<\/p>\n<p>\u00a0<\/p>\n","protected":false},"excerpt":{"rendered":"<p>Spectrom\u00e8tre Infra-Rouge \u00e0 Transform\u00e9e de Fourier Bruker Vertex 70 Comme pour le Raman, la spectroscopie IRTF (Infra Rouge \u00e0 Transform\u00e9e de Fourier) est une technique non destructive fond\u00e9e sur la mesure des \u00e9nergies de vibration atomique\/mol\u00e9culaire des mat\u00e9riaux. Cette m\u00e9thode &hellip;<\/p>\n","protected":false},"author":2073,"featured_media":0,"parent":88,"menu_order":0,"comment_status":"closed","ping_status":"closed","template":"","meta":{"footnotes":""},"tags":[],"class_list":["post-291","page","type-page","status-publish","hentry"],"pp_statuses_selecting_workflow":false,"pp_workflow_action":"current","pp_status_selection":"publish","pp_force_visibility":null,"pp_subpost_visibility":null,"pp_inherited_force_visibility":null,"pp_inherited_subpost_visibility":null,"yoast_head":"<!-- This site is optimized with the Yoast SEO plugin v27.4 - https:\/\/yoast.com\/product\/yoast-seo-wordpress\/ -->\n<title>FTIR - Centre SPIN<\/title>\n<meta name=\"robots\" content=\"index, follow, max-snippet:-1, max-image-preview:large, max-video-preview:-1\" \/>\n<link rel=\"canonical\" href=\"https:\/\/www.mines-stetienne.fr\/spin-fr\/ressources\/caracterisation\/ftir\/\" \/>\n<meta property=\"og:locale\" content=\"fr_FR\" \/>\n<meta property=\"og:type\" content=\"article\" \/>\n<meta property=\"og:title\" content=\"FTIR - Centre SPIN\" \/>\n<meta property=\"og:description\" content=\"Spectrom\u00e8tre Infra-Rouge \u00e0 Transform\u00e9e de Fourier Bruker Vertex 70 Comme pour le Raman, la spectroscopie IRTF (Infra Rouge \u00e0 Transform\u00e9e de Fourier) est une technique non destructive fond\u00e9e sur la mesure des \u00e9nergies de vibration atomique\/mol\u00e9culaire des mat\u00e9riaux. Cette m\u00e9thode &hellip;\" \/>\n<meta property=\"og:url\" content=\"https:\/\/www.mines-stetienne.fr\/spin-fr\/ressources\/caracterisation\/ftir\/\" \/>\n<meta property=\"og:site_name\" content=\"Centre SPIN\" \/>\n<meta property=\"article:modified_time\" content=\"2020-08-19T13:13:51+00:00\" \/>\n<meta property=\"og:image\" content=\"https:\/\/www.mines-stetienne.fr\/spin-fr\/wp-content\/uploads\/sites\/10\/2020\/02\/image-11-300x169.jpg\" \/>\n<meta name=\"twitter:card\" content=\"summary_large_image\" \/>\n<meta name=\"twitter:label1\" content=\"Dur\u00e9e de lecture estim\u00e9e\" \/>\n\t<meta name=\"twitter:data1\" content=\"1 minute\" \/>\n<script type=\"application\/ld+json\" class=\"yoast-schema-graph\">{\"@context\":\"https:\\\/\\\/schema.org\",\"@graph\":[{\"@type\":\"WebPage\",\"@id\":\"https:\\\/\\\/www.mines-stetienne.fr\\\/spin-fr\\\/ressources\\\/caracterisation\\\/ftir\\\/\",\"url\":\"https:\\\/\\\/www.mines-stetienne.fr\\\/spin-fr\\\/ressources\\\/caracterisation\\\/ftir\\\/\",\"name\":\"FTIR - Centre SPIN\",\"isPartOf\":{\"@id\":\"https:\\\/\\\/www.mines-stetienne.fr\\\/spin-fr\\\/#website\"},\"primaryImageOfPage\":{\"@id\":\"https:\\\/\\\/www.mines-stetienne.fr\\\/spin-fr\\\/ressources\\\/caracterisation\\\/ftir\\\/#primaryimage\"},\"image\":{\"@id\":\"https:\\\/\\\/www.mines-stetienne.fr\\\/spin-fr\\\/ressources\\\/caracterisation\\\/ftir\\\/#primaryimage\"},\"thumbnailUrl\":\"https:\\\/\\\/www.mines-stetienne.fr\\\/spin-fr\\\/wp-content\\\/uploads\\\/sites\\\/10\\\/2020\\\/02\\\/image-11-300x169.jpg\",\"datePublished\":\"2020-02-05T13:27:01+00:00\",\"dateModified\":\"2020-08-19T13:13:51+00:00\",\"breadcrumb\":{\"@id\":\"https:\\\/\\\/www.mines-stetienne.fr\\\/spin-fr\\\/ressources\\\/caracterisation\\\/ftir\\\/#breadcrumb\"},\"inLanguage\":\"fr-FR\",\"potentialAction\":[{\"@type\":\"ReadAction\",\"target\":[\"https:\\\/\\\/www.mines-stetienne.fr\\\/spin-fr\\\/ressources\\\/caracterisation\\\/ftir\\\/\"]}]},{\"@type\":\"ImageObject\",\"inLanguage\":\"fr-FR\",\"@id\":\"https:\\\/\\\/www.mines-stetienne.fr\\\/spin-fr\\\/ressources\\\/caracterisation\\\/ftir\\\/#primaryimage\",\"url\":\"https:\\\/\\\/www.mines-stetienne.fr\\\/spin-fr\\\/wp-content\\\/uploads\\\/sites\\\/10\\\/2020\\\/02\\\/image-11.jpg\",\"contentUrl\":\"https:\\\/\\\/www.mines-stetienne.fr\\\/spin-fr\\\/wp-content\\\/uploads\\\/sites\\\/10\\\/2020\\\/02\\\/image-11.jpg\",\"width\":1285,\"height\":723},{\"@type\":\"BreadcrumbList\",\"@id\":\"https:\\\/\\\/www.mines-stetienne.fr\\\/spin-fr\\\/ressources\\\/caracterisation\\\/ftir\\\/#breadcrumb\",\"itemListElement\":[{\"@type\":\"ListItem\",\"position\":1,\"name\":\"Accueil\",\"item\":\"https:\\\/\\\/www.mines-stetienne.fr\\\/spin-fr\\\/\"},{\"@type\":\"ListItem\",\"position\":2,\"name\":\"Ressources\",\"item\":\"https:\\\/\\\/www.mines-stetienne.fr\\\/spin-fr\\\/ressources\\\/\"},{\"@type\":\"ListItem\",\"position\":3,\"name\":\"Instruments de caract\u00e9risation\",\"item\":\"https:\\\/\\\/www.mines-stetienne.fr\\\/spin-fr\\\/ressources\\\/caracterisation\\\/\"},{\"@type\":\"ListItem\",\"position\":4,\"name\":\"FTIR\"}]},{\"@type\":\"WebSite\",\"@id\":\"https:\\\/\\\/www.mines-stetienne.fr\\\/spin-fr\\\/#website\",\"url\":\"https:\\\/\\\/www.mines-stetienne.fr\\\/spin-fr\\\/\",\"name\":\"Centre SPIN\",\"description\":\"\u2013 G\u00e9nie des Proc\u00e9d\u00e9s\",\"potentialAction\":[{\"@type\":\"SearchAction\",\"target\":{\"@type\":\"EntryPoint\",\"urlTemplate\":\"https:\\\/\\\/www.mines-stetienne.fr\\\/spin-fr\\\/?s={search_term_string}\"},\"query-input\":{\"@type\":\"PropertyValueSpecification\",\"valueRequired\":true,\"valueName\":\"search_term_string\"}}],\"inLanguage\":\"fr-FR\"}]}<\/script>\n<!-- \/ Yoast SEO plugin. -->","yoast_head_json":{"title":"FTIR - Centre SPIN","robots":{"index":"index","follow":"follow","max-snippet":"max-snippet:-1","max-image-preview":"max-image-preview:large","max-video-preview":"max-video-preview:-1"},"canonical":"https:\/\/www.mines-stetienne.fr\/spin-fr\/ressources\/caracterisation\/ftir\/","og_locale":"fr_FR","og_type":"article","og_title":"FTIR - Centre SPIN","og_description":"Spectrom\u00e8tre Infra-Rouge \u00e0 Transform\u00e9e de Fourier Bruker Vertex 70 Comme pour le Raman, la spectroscopie IRTF (Infra Rouge \u00e0 Transform\u00e9e de Fourier) est une technique non destructive fond\u00e9e sur la mesure des \u00e9nergies de vibration atomique\/mol\u00e9culaire des mat\u00e9riaux. Cette m\u00e9thode &hellip;","og_url":"https:\/\/www.mines-stetienne.fr\/spin-fr\/ressources\/caracterisation\/ftir\/","og_site_name":"Centre SPIN","article_modified_time":"2020-08-19T13:13:51+00:00","og_image":[{"url":"https:\/\/www.mines-stetienne.fr\/spin-fr\/wp-content\/uploads\/sites\/10\/2020\/02\/image-11-300x169.jpg","type":"","width":"","height":""}],"twitter_card":"summary_large_image","twitter_misc":{"Dur\u00e9e de lecture estim\u00e9e":"1 minute"},"schema":{"@context":"https:\/\/schema.org","@graph":[{"@type":"WebPage","@id":"https:\/\/www.mines-stetienne.fr\/spin-fr\/ressources\/caracterisation\/ftir\/","url":"https:\/\/www.mines-stetienne.fr\/spin-fr\/ressources\/caracterisation\/ftir\/","name":"FTIR - Centre SPIN","isPartOf":{"@id":"https:\/\/www.mines-stetienne.fr\/spin-fr\/#website"},"primaryImageOfPage":{"@id":"https:\/\/www.mines-stetienne.fr\/spin-fr\/ressources\/caracterisation\/ftir\/#primaryimage"},"image":{"@id":"https:\/\/www.mines-stetienne.fr\/spin-fr\/ressources\/caracterisation\/ftir\/#primaryimage"},"thumbnailUrl":"https:\/\/www.mines-stetienne.fr\/spin-fr\/wp-content\/uploads\/sites\/10\/2020\/02\/image-11-300x169.jpg","datePublished":"2020-02-05T13:27:01+00:00","dateModified":"2020-08-19T13:13:51+00:00","breadcrumb":{"@id":"https:\/\/www.mines-stetienne.fr\/spin-fr\/ressources\/caracterisation\/ftir\/#breadcrumb"},"inLanguage":"fr-FR","potentialAction":[{"@type":"ReadAction","target":["https:\/\/www.mines-stetienne.fr\/spin-fr\/ressources\/caracterisation\/ftir\/"]}]},{"@type":"ImageObject","inLanguage":"fr-FR","@id":"https:\/\/www.mines-stetienne.fr\/spin-fr\/ressources\/caracterisation\/ftir\/#primaryimage","url":"https:\/\/www.mines-stetienne.fr\/spin-fr\/wp-content\/uploads\/sites\/10\/2020\/02\/image-11.jpg","contentUrl":"https:\/\/www.mines-stetienne.fr\/spin-fr\/wp-content\/uploads\/sites\/10\/2020\/02\/image-11.jpg","width":1285,"height":723},{"@type":"BreadcrumbList","@id":"https:\/\/www.mines-stetienne.fr\/spin-fr\/ressources\/caracterisation\/ftir\/#breadcrumb","itemListElement":[{"@type":"ListItem","position":1,"name":"Accueil","item":"https:\/\/www.mines-stetienne.fr\/spin-fr\/"},{"@type":"ListItem","position":2,"name":"Ressources","item":"https:\/\/www.mines-stetienne.fr\/spin-fr\/ressources\/"},{"@type":"ListItem","position":3,"name":"Instruments de caract\u00e9risation","item":"https:\/\/www.mines-stetienne.fr\/spin-fr\/ressources\/caracterisation\/"},{"@type":"ListItem","position":4,"name":"FTIR"}]},{"@type":"WebSite","@id":"https:\/\/www.mines-stetienne.fr\/spin-fr\/#website","url":"https:\/\/www.mines-stetienne.fr\/spin-fr\/","name":"Centre SPIN","description":"\u2013 G\u00e9nie des Proc\u00e9d\u00e9s","potentialAction":[{"@type":"SearchAction","target":{"@type":"EntryPoint","urlTemplate":"https:\/\/www.mines-stetienne.fr\/spin-fr\/?s={search_term_string}"},"query-input":{"@type":"PropertyValueSpecification","valueRequired":true,"valueName":"search_term_string"}}],"inLanguage":"fr-FR"}]}},"_links":{"self":[{"href":"https:\/\/www.mines-stetienne.fr\/spin-fr\/wp-json\/wp\/v2\/pages\/291","targetHints":{"allow":["GET"]}}],"collection":[{"href":"https:\/\/www.mines-stetienne.fr\/spin-fr\/wp-json\/wp\/v2\/pages"}],"about":[{"href":"https:\/\/www.mines-stetienne.fr\/spin-fr\/wp-json\/wp\/v2\/types\/page"}],"author":[{"embeddable":true,"href":"https:\/\/www.mines-stetienne.fr\/spin-fr\/wp-json\/wp\/v2\/users\/2073"}],"replies":[{"embeddable":true,"href":"https:\/\/www.mines-stetienne.fr\/spin-fr\/wp-json\/wp\/v2\/comments?post=291"}],"version-history":[{"count":2,"href":"https:\/\/www.mines-stetienne.fr\/spin-fr\/wp-json\/wp\/v2\/pages\/291\/revisions"}],"predecessor-version":[{"id":422,"href":"https:\/\/www.mines-stetienne.fr\/spin-fr\/wp-json\/wp\/v2\/pages\/291\/revisions\/422"}],"up":[{"embeddable":true,"href":"https:\/\/www.mines-stetienne.fr\/spin-fr\/wp-json\/wp\/v2\/pages\/88"}],"wp:attachment":[{"href":"https:\/\/www.mines-stetienne.fr\/spin-fr\/wp-json\/wp\/v2\/media?parent=291"}],"wp:term":[{"taxonomy":"post_tag","embeddable":true,"href":"https:\/\/www.mines-stetienne.fr\/spin-fr\/wp-json\/wp\/v2\/tags?post=291"}],"curies":[{"name":"wp","href":"https:\/\/api.w.org\/{rel}","templated":true}]}}