{"id":282,"date":"2020-02-05T14:07:43","date_gmt":"2020-02-05T13:07:43","guid":{"rendered":"https:\/\/www.mines-stetienne.fr\/spin-fr\/?page_id=282"},"modified":"2020-08-19T15:15:04","modified_gmt":"2020-08-19T13:15:04","slug":"icp-aes","status":"publish","type":"page","link":"https:\/\/www.mines-stetienne.fr\/spin-fr\/ressources\/caracterisation\/icp-aes\/","title":{"rendered":"ICP &#8211; AES"},"content":{"rendered":"\n<p><img fetchpriority=\"high\" decoding=\"async\" class=\"alignnone size-medium wp-image-279\" src=\"https:\/\/www.mines-stetienne.fr\/spin-fr\/wp-content\/uploads\/sites\/10\/2020\/02\/image-10-300x216.jpg\" alt=\"\" width=\"300\" height=\"216\" srcset=\"https:\/\/www.mines-stetienne.fr\/spin-fr\/wp-content\/uploads\/sites\/10\/2020\/02\/image-10-300x216.jpg 300w, https:\/\/www.mines-stetienne.fr\/spin-fr\/wp-content\/uploads\/sites\/10\/2020\/02\/image-10-768x553.jpg 768w, https:\/\/www.mines-stetienne.fr\/spin-fr\/wp-content\/uploads\/sites\/10\/2020\/02\/image-10.jpg 1004w\" sizes=\"(max-width: 300px) 100vw, 300px\" \/><\/p>\n\n\n\n<p><em>Horiba Scientific Activa<\/em><\/p>\n<p>La spectrom\u00e9trie d&rsquo;\u00e9mission atomique &#8211; plasma \u00e0 couplage inductif (ICP-AES), \u00e9galement appel\u00e9e spectrom\u00e9trie d&rsquo;\u00e9mission optique &#8211; plasma \u00e0 couplage inductif (ICP-OES), est une technique d&rsquo;analyse simultan\u00e9e des \u00e9l\u00e9ments majeurs et mineurs. Cette m\u00e9thode utilise un plasma \u00e0 couplage inductif pour exciter les atomes et ions d&rsquo;un \u00e9chantillon qui \u00e9mettent en retour un rayonnement \u00e9lectromagn\u00e9tique avec une longueur d&rsquo;onde caract\u00e9ristique pour chaque \u00e9l\u00e9ment chimique. Les analyses sont r\u00e9alis\u00e9es en voie liquide, soit apr\u00e8s dilution ad\u00e9quate pour les solutions aqueuses (ex. eaux de rivi\u00e8re, saumures), soit apr\u00e8s dissolution acide ou fusion alcaline pour les mat\u00e9riaux solides (ex. poudres naturelles ou synth\u00e9tiques, roches, sols, plantes).<\/p>\n<p><strong>Caract\u00e9ristiques principales<\/strong><\/p>\n<ul>\n<li>D\u00e9termination de plus de 70 \u00e9l\u00e9ments<\/li>\n<li>Limite de d\u00e9tection : 10<sup>aine<\/sup> ppb (\u00b5g\/L)<\/li>\n<li>Gamme spectrale \u00e9tendue de 160 \u00e0 800 nm<\/li>\n<li>Effets de matrice r\u00e9duits et haute s\u00e9lectivit\u00e9 spectrale offrant un vaste choix de longueurs d&rsquo;ondes sans interf\u00e9rences pour l&rsquo;analyse multi-lignes<\/li>\n<li>R\u00e9ponse lin\u00e9aire sur au moins 5 ordres de grandeur, ce qui \u00e9vite les risques de courbure des analyses et de saturation du d\u00e9tecteur afin d\u2019am\u00e9liorer la qualit\u00e9 des r\u00e9sultats<\/li>\n<li>Analyse de solutions \u00e0 forte teneur en sel (ex. eau de mer, saumure)<\/li>\n<li>Passeur automatique d&rsquo;\u00e9chantillons<\/li>\n<\/ul>\n<p>Pour plus d\u2019informations, veuillez contacter Fr\u00e9d\u00e9ric Gallice et Steve Peuble \u00e0 l\u2019adresse suivante: &#x69;&#99;p&#x40;&#108;i&#x73;&#116;e&#x73;&#46;e&#x6d;&#115;e&#x2e;&#102;r<\/p>\n<p>\u00a0<\/p>\n","protected":false},"excerpt":{"rendered":"<p>Horiba Scientific Activa La spectrom\u00e9trie d&rsquo;\u00e9mission atomique &#8211; plasma \u00e0 couplage inductif (ICP-AES), \u00e9galement appel\u00e9e spectrom\u00e9trie d&rsquo;\u00e9mission optique &#8211; plasma \u00e0 couplage inductif (ICP-OES), est une technique d&rsquo;analyse simultan\u00e9e des \u00e9l\u00e9ments majeurs et mineurs. Cette m\u00e9thode utilise un plasma \u00e0 &hellip;<\/p>\n","protected":false},"author":2073,"featured_media":0,"parent":88,"menu_order":0,"comment_status":"closed","ping_status":"closed","template":"","meta":{"footnotes":""},"tags":[],"class_list":["post-282","page","type-page","status-publish","hentry"],"pp_statuses_selecting_workflow":false,"pp_workflow_action":"current","pp_status_selection":"publish","pp_force_visibility":null,"pp_subpost_visibility":null,"pp_inherited_force_visibility":null,"pp_inherited_subpost_visibility":null,"yoast_head":"<!-- This site is optimized with the Yoast SEO plugin v27.4 - https:\/\/yoast.com\/product\/yoast-seo-wordpress\/ -->\n<title>ICP - AES - Centre SPIN<\/title>\n<meta name=\"robots\" content=\"index, follow, max-snippet:-1, max-image-preview:large, max-video-preview:-1\" \/>\n<link rel=\"canonical\" href=\"https:\/\/www.mines-stetienne.fr\/spin-fr\/ressources\/caracterisation\/icp-aes\/\" \/>\n<meta property=\"og:locale\" content=\"fr_FR\" \/>\n<meta property=\"og:type\" content=\"article\" \/>\n<meta property=\"og:title\" content=\"ICP - AES - Centre SPIN\" \/>\n<meta property=\"og:description\" content=\"Horiba Scientific Activa La spectrom\u00e9trie d&rsquo;\u00e9mission atomique &#8211; plasma \u00e0 couplage inductif (ICP-AES), \u00e9galement appel\u00e9e spectrom\u00e9trie d&rsquo;\u00e9mission optique &#8211; plasma \u00e0 couplage inductif (ICP-OES), est une technique d&rsquo;analyse simultan\u00e9e des \u00e9l\u00e9ments majeurs et mineurs. Cette m\u00e9thode utilise un plasma \u00e0 &hellip;\" \/>\n<meta property=\"og:url\" content=\"https:\/\/www.mines-stetienne.fr\/spin-fr\/ressources\/caracterisation\/icp-aes\/\" \/>\n<meta property=\"og:site_name\" content=\"Centre SPIN\" \/>\n<meta property=\"article:modified_time\" content=\"2020-08-19T13:15:04+00:00\" \/>\n<meta property=\"og:image\" content=\"https:\/\/www.mines-stetienne.fr\/spin-fr\/wp-content\/uploads\/sites\/10\/2020\/02\/image-10-300x216.jpg\" \/>\n<meta name=\"twitter:card\" content=\"summary_large_image\" \/>\n<meta name=\"twitter:label1\" content=\"Dur\u00e9e de lecture estim\u00e9e\" \/>\n\t<meta name=\"twitter:data1\" content=\"1 minute\" \/>\n<script type=\"application\/ld+json\" class=\"yoast-schema-graph\">{\"@context\":\"https:\\\/\\\/schema.org\",\"@graph\":[{\"@type\":\"WebPage\",\"@id\":\"https:\\\/\\\/www.mines-stetienne.fr\\\/spin-fr\\\/ressources\\\/caracterisation\\\/icp-aes\\\/\",\"url\":\"https:\\\/\\\/www.mines-stetienne.fr\\\/spin-fr\\\/ressources\\\/caracterisation\\\/icp-aes\\\/\",\"name\":\"ICP - AES - Centre SPIN\",\"isPartOf\":{\"@id\":\"https:\\\/\\\/www.mines-stetienne.fr\\\/spin-fr\\\/#website\"},\"primaryImageOfPage\":{\"@id\":\"https:\\\/\\\/www.mines-stetienne.fr\\\/spin-fr\\\/ressources\\\/caracterisation\\\/icp-aes\\\/#primaryimage\"},\"image\":{\"@id\":\"https:\\\/\\\/www.mines-stetienne.fr\\\/spin-fr\\\/ressources\\\/caracterisation\\\/icp-aes\\\/#primaryimage\"},\"thumbnailUrl\":\"https:\\\/\\\/www.mines-stetienne.fr\\\/spin-fr\\\/wp-content\\\/uploads\\\/sites\\\/10\\\/2020\\\/02\\\/image-10-300x216.jpg\",\"datePublished\":\"2020-02-05T13:07:43+00:00\",\"dateModified\":\"2020-08-19T13:15:04+00:00\",\"breadcrumb\":{\"@id\":\"https:\\\/\\\/www.mines-stetienne.fr\\\/spin-fr\\\/ressources\\\/caracterisation\\\/icp-aes\\\/#breadcrumb\"},\"inLanguage\":\"fr-FR\",\"potentialAction\":[{\"@type\":\"ReadAction\",\"target\":[\"https:\\\/\\\/www.mines-stetienne.fr\\\/spin-fr\\\/ressources\\\/caracterisation\\\/icp-aes\\\/\"]}]},{\"@type\":\"ImageObject\",\"inLanguage\":\"fr-FR\",\"@id\":\"https:\\\/\\\/www.mines-stetienne.fr\\\/spin-fr\\\/ressources\\\/caracterisation\\\/icp-aes\\\/#primaryimage\",\"url\":\"https:\\\/\\\/www.mines-stetienne.fr\\\/spin-fr\\\/wp-content\\\/uploads\\\/sites\\\/10\\\/2020\\\/02\\\/image-10.jpg\",\"contentUrl\":\"https:\\\/\\\/www.mines-stetienne.fr\\\/spin-fr\\\/wp-content\\\/uploads\\\/sites\\\/10\\\/2020\\\/02\\\/image-10.jpg\",\"width\":1004,\"height\":723},{\"@type\":\"BreadcrumbList\",\"@id\":\"https:\\\/\\\/www.mines-stetienne.fr\\\/spin-fr\\\/ressources\\\/caracterisation\\\/icp-aes\\\/#breadcrumb\",\"itemListElement\":[{\"@type\":\"ListItem\",\"position\":1,\"name\":\"Accueil\",\"item\":\"https:\\\/\\\/www.mines-stetienne.fr\\\/spin-fr\\\/\"},{\"@type\":\"ListItem\",\"position\":2,\"name\":\"Ressources\",\"item\":\"https:\\\/\\\/www.mines-stetienne.fr\\\/spin-fr\\\/ressources\\\/\"},{\"@type\":\"ListItem\",\"position\":3,\"name\":\"Instruments de caract\u00e9risation\",\"item\":\"https:\\\/\\\/www.mines-stetienne.fr\\\/spin-fr\\\/ressources\\\/caracterisation\\\/\"},{\"@type\":\"ListItem\",\"position\":4,\"name\":\"ICP &#8211; AES\"}]},{\"@type\":\"WebSite\",\"@id\":\"https:\\\/\\\/www.mines-stetienne.fr\\\/spin-fr\\\/#website\",\"url\":\"https:\\\/\\\/www.mines-stetienne.fr\\\/spin-fr\\\/\",\"name\":\"Centre SPIN\",\"description\":\"\u2013 G\u00e9nie des Proc\u00e9d\u00e9s\",\"potentialAction\":[{\"@type\":\"SearchAction\",\"target\":{\"@type\":\"EntryPoint\",\"urlTemplate\":\"https:\\\/\\\/www.mines-stetienne.fr\\\/spin-fr\\\/?s={search_term_string}\"},\"query-input\":{\"@type\":\"PropertyValueSpecification\",\"valueRequired\":true,\"valueName\":\"search_term_string\"}}],\"inLanguage\":\"fr-FR\"}]}<\/script>\n<!-- \/ Yoast SEO plugin. -->","yoast_head_json":{"title":"ICP - AES - Centre SPIN","robots":{"index":"index","follow":"follow","max-snippet":"max-snippet:-1","max-image-preview":"max-image-preview:large","max-video-preview":"max-video-preview:-1"},"canonical":"https:\/\/www.mines-stetienne.fr\/spin-fr\/ressources\/caracterisation\/icp-aes\/","og_locale":"fr_FR","og_type":"article","og_title":"ICP - AES - Centre SPIN","og_description":"Horiba Scientific Activa La spectrom\u00e9trie d&rsquo;\u00e9mission atomique &#8211; plasma \u00e0 couplage inductif (ICP-AES), \u00e9galement appel\u00e9e spectrom\u00e9trie d&rsquo;\u00e9mission optique &#8211; plasma \u00e0 couplage inductif (ICP-OES), est une technique d&rsquo;analyse simultan\u00e9e des \u00e9l\u00e9ments majeurs et mineurs. Cette m\u00e9thode utilise un plasma \u00e0 &hellip;","og_url":"https:\/\/www.mines-stetienne.fr\/spin-fr\/ressources\/caracterisation\/icp-aes\/","og_site_name":"Centre SPIN","article_modified_time":"2020-08-19T13:15:04+00:00","og_image":[{"url":"https:\/\/www.mines-stetienne.fr\/spin-fr\/wp-content\/uploads\/sites\/10\/2020\/02\/image-10-300x216.jpg","type":"","width":"","height":""}],"twitter_card":"summary_large_image","twitter_misc":{"Dur\u00e9e de lecture estim\u00e9e":"1 minute"},"schema":{"@context":"https:\/\/schema.org","@graph":[{"@type":"WebPage","@id":"https:\/\/www.mines-stetienne.fr\/spin-fr\/ressources\/caracterisation\/icp-aes\/","url":"https:\/\/www.mines-stetienne.fr\/spin-fr\/ressources\/caracterisation\/icp-aes\/","name":"ICP - AES - Centre SPIN","isPartOf":{"@id":"https:\/\/www.mines-stetienne.fr\/spin-fr\/#website"},"primaryImageOfPage":{"@id":"https:\/\/www.mines-stetienne.fr\/spin-fr\/ressources\/caracterisation\/icp-aes\/#primaryimage"},"image":{"@id":"https:\/\/www.mines-stetienne.fr\/spin-fr\/ressources\/caracterisation\/icp-aes\/#primaryimage"},"thumbnailUrl":"https:\/\/www.mines-stetienne.fr\/spin-fr\/wp-content\/uploads\/sites\/10\/2020\/02\/image-10-300x216.jpg","datePublished":"2020-02-05T13:07:43+00:00","dateModified":"2020-08-19T13:15:04+00:00","breadcrumb":{"@id":"https:\/\/www.mines-stetienne.fr\/spin-fr\/ressources\/caracterisation\/icp-aes\/#breadcrumb"},"inLanguage":"fr-FR","potentialAction":[{"@type":"ReadAction","target":["https:\/\/www.mines-stetienne.fr\/spin-fr\/ressources\/caracterisation\/icp-aes\/"]}]},{"@type":"ImageObject","inLanguage":"fr-FR","@id":"https:\/\/www.mines-stetienne.fr\/spin-fr\/ressources\/caracterisation\/icp-aes\/#primaryimage","url":"https:\/\/www.mines-stetienne.fr\/spin-fr\/wp-content\/uploads\/sites\/10\/2020\/02\/image-10.jpg","contentUrl":"https:\/\/www.mines-stetienne.fr\/spin-fr\/wp-content\/uploads\/sites\/10\/2020\/02\/image-10.jpg","width":1004,"height":723},{"@type":"BreadcrumbList","@id":"https:\/\/www.mines-stetienne.fr\/spin-fr\/ressources\/caracterisation\/icp-aes\/#breadcrumb","itemListElement":[{"@type":"ListItem","position":1,"name":"Accueil","item":"https:\/\/www.mines-stetienne.fr\/spin-fr\/"},{"@type":"ListItem","position":2,"name":"Ressources","item":"https:\/\/www.mines-stetienne.fr\/spin-fr\/ressources\/"},{"@type":"ListItem","position":3,"name":"Instruments de caract\u00e9risation","item":"https:\/\/www.mines-stetienne.fr\/spin-fr\/ressources\/caracterisation\/"},{"@type":"ListItem","position":4,"name":"ICP &#8211; AES"}]},{"@type":"WebSite","@id":"https:\/\/www.mines-stetienne.fr\/spin-fr\/#website","url":"https:\/\/www.mines-stetienne.fr\/spin-fr\/","name":"Centre SPIN","description":"\u2013 G\u00e9nie des Proc\u00e9d\u00e9s","potentialAction":[{"@type":"SearchAction","target":{"@type":"EntryPoint","urlTemplate":"https:\/\/www.mines-stetienne.fr\/spin-fr\/?s={search_term_string}"},"query-input":{"@type":"PropertyValueSpecification","valueRequired":true,"valueName":"search_term_string"}}],"inLanguage":"fr-FR"}]}},"_links":{"self":[{"href":"https:\/\/www.mines-stetienne.fr\/spin-fr\/wp-json\/wp\/v2\/pages\/282","targetHints":{"allow":["GET"]}}],"collection":[{"href":"https:\/\/www.mines-stetienne.fr\/spin-fr\/wp-json\/wp\/v2\/pages"}],"about":[{"href":"https:\/\/www.mines-stetienne.fr\/spin-fr\/wp-json\/wp\/v2\/types\/page"}],"author":[{"embeddable":true,"href":"https:\/\/www.mines-stetienne.fr\/spin-fr\/wp-json\/wp\/v2\/users\/2073"}],"replies":[{"embeddable":true,"href":"https:\/\/www.mines-stetienne.fr\/spin-fr\/wp-json\/wp\/v2\/comments?post=282"}],"version-history":[{"count":2,"href":"https:\/\/www.mines-stetienne.fr\/spin-fr\/wp-json\/wp\/v2\/pages\/282\/revisions"}],"predecessor-version":[{"id":424,"href":"https:\/\/www.mines-stetienne.fr\/spin-fr\/wp-json\/wp\/v2\/pages\/282\/revisions\/424"}],"up":[{"embeddable":true,"href":"https:\/\/www.mines-stetienne.fr\/spin-fr\/wp-json\/wp\/v2\/pages\/88"}],"wp:attachment":[{"href":"https:\/\/www.mines-stetienne.fr\/spin-fr\/wp-json\/wp\/v2\/media?parent=282"}],"wp:term":[{"taxonomy":"post_tag","embeddable":true,"href":"https:\/\/www.mines-stetienne.fr\/spin-fr\/wp-json\/wp\/v2\/tags?post=282"}],"curies":[{"name":"wp","href":"https:\/\/api.w.org\/{rel}","templated":true}]}}