{"id":27,"date":"2019-01-24T14:45:03","date_gmt":"2019-01-24T13:45:03","guid":{"rendered":"https:\/\/www.mines-stetienne.fr\/spin-fr\/?page_id=27"},"modified":"2022-05-02T09:33:46","modified_gmt":"2022-05-02T07:33:46","slug":"mentions-legales","status":"publish","type":"page","link":"https:\/\/www.mines-stetienne.fr\/spin-fr\/mentions-legales\/","title":{"rendered":"Mentions l\u00e9gales"},"content":{"rendered":"\n<h2 class=\"wp-block-heading\" id=\"pr\u00e9sentation-du-site\">Pr\u00e9sentation du site<\/h2>\n\n\n\n<p>En vertu de l\u2019article 6 de la loi no 2004-575 du 21 juin 2004 pour la confiance dans l\u2019\u00e9conomie num\u00e9rique, il est pr\u00e9cis\u00e9 aux utilisateurs du site <a href=\"https:\/\/www.mines-stetienne.fr\/spin-fr\">www.mines-stetienne.fr\/spin-fr\/<\/a> l\u2019identit\u00e9 des diff\u00e9rents intervenants dans le cadre de sa r\u00e9alisation et de son suivi.<\/p>\n\n\n\n<h3 class=\"wp-block-heading\" id=\"propri\u00e9taire\">Propri\u00e9taire<\/h3>\n\n\n\n<p>\u00c9cole nationale sup\u00e9rieure des Mines de Saint-\u00c9tienne<br>158, cours Fauriel,&nbsp;CS 62362,&nbsp;42023, Saint-\u00c9tienne Cedex 2<\/p>\n\n\n\n<h3 class=\"wp-block-heading\" id=\"directeur-de-la-publication\">Directeur de la publication<\/h3>\n\n\n\n<ul class=\"wp-block-list\"><li>Jacques Fayolle<br>Directeur de l&rsquo;\u00c9cole des Mines de Saint-\u00c9tienne<\/li><\/ul>\n\n\n\n<h3 class=\"wp-block-heading\" id=\"responsable-\u00e9ditorial\">Responsable \u00e9ditorial<\/h3>\n\n\n\n<ul class=\"wp-block-list\"><li>D\u00e9l\u00e9gation \u00e0 la communication<br>T\u00e9l. :&nbsp;+33 4 77 42 01 23<\/li><\/ul>\n\n\n\n<h3 class=\"wp-block-heading\" id=\"conception-et-r\u00e9alisation\">Conception et r\u00e9alisation<\/h3>\n\n\n\n<ul class=\"wp-block-list\"><li><a title=\"http:\/\/www.iris-interactive.fr\/\" href=\"http:\/\/www.iris-interactive.fr\/\" data-from-md=\"\">IRIS Interactive<\/a><\/li><li><a title=\"ma&#105;&#108;&#x74;&#x6f;&#x3a;&#x67;re&#103;&#111;&#x69;&#x72;&#x65;&#x2e;be&#114;&#116;&#104;&#x65;&#x7a;&#x65;&#x6e;e&#64;&#109;&#105;&#x6e;&#x65;&#x73;&#x2d;st&#101;&#116;&#x69;&#x65;&#x6e;&#x6e;e&#46;&#102;&#114;\" href=\"&#x6d;&#x61;&#x69;&#x6c;&#116;&#111;:gr&#x65;&#x67;&#x6f;&#x69;&#114;&#101;&#46;be&#x72;&#x74;&#x68;&#x65;&#122;&#101;&#110;e&#64;&#x6d;&#x69;&#x6e;&#x65;&#115;&#45;&#115;te&#x74;&#x69;&#x65;&#x6e;&#110;&#101;&#46;fr\" data-from-md=\"\">Gr\u00e9goire Berth\u00e9z\u00e8ne<\/a><br>Direction de la communication<br>\u00c9cole des Mines de Saint-\u00c9tienne<\/li><li>Ce site a \u00e9t\u00e9 r\u00e9alis\u00e9&nbsp;en utilisant&nbsp;&nbsp;<a title=\"https:\/\/woocommerce.com\/\" href=\"https:\/\/woocommerce.com\/\" data-from-md=\"\">WordPress<\/a>.<\/li><\/ul>\n\n\n\n<h3 class=\"wp-block-heading\" id=\"h\u00e9bergeur\">H\u00e9bergeur<\/h3>\n\n\n\n<ul class=\"wp-block-list\"><li>\u00c9cole des mines de Saint-\u00c9tienne<br>158, cours Fauriel<br>CS 62362<br>42023 Saint-\u00c9tienne cedex 2<br><a title=\"&#x6d;&#x61;&#x69;&#x6c;&#x74;&#x6f;&#x3a;&#x77;&#x65;&#x62;&#x6d;&#x61;&#x73;&#x74;&#x65;&#x72;&#x40;&#x6d;&#x69;&#x6e;&#x65;&#x73;&#45;&#115;&#116;&#101;&#116;&#105;&#101;&#110;&#110;&#101;&#46;&#102;&#114;\" href=\"&#x6d;&#97;i&#x6c;&#116;o&#x3a;&#x77;&#101;&#x62;&#x6d;&#97;s&#x74;&#101;r&#x40;&#x6d;&#105;&#x6e;&#x65;&#115;-&#x73;&#116;e&#x74;&#x69;&#101;&#x6e;&#x6e;&#101;&#46;&#x66;&#114;\" data-from-md=\"\">webm&#97;&#115;&#116;&#101;&#114;&#x40;&#x6d;&#x69;&#x6e;&#x65;&#x73;&#x2d;stet&#105;&#101;&#110;&#110;&#101;&#x2e;&#x66;&#x72;<\/a><\/li><\/ul>\n\n\n\n<h3 class=\"wp-block-heading\" id=\"cr\u00e9dits-photos\">Cr\u00e9dits photos<\/h3>\n\n\n\n<p>Sauf mentions contraires :<\/p>\n\n\n\n<ul class=\"wp-block-list\"><li>Mines Saint-\u00c9tienne<\/li><\/ul>\n\n\n\n<h2 class=\"wp-block-heading\" id=\"propri\u00e9t\u00e9-intellectuelle\">Propri\u00e9t\u00e9 intellectuelle<\/h2>\n\n\n\n<p>L\u2019ensemble de ce site est prot\u00e9g\u00e9 par la l\u00e9gislation fran\u00e7aise sur la propri\u00e9t\u00e9 intellectuelle. Tous les droits sont r\u00e9serv\u00e9s.<\/p>\n\n\n\n<p>Tous les \u00e9l\u00e9ments de ce site restent la propri\u00e9t\u00e9 exclusive de leurs auteurs respectifs conform\u00e9ment au code de la propri\u00e9t\u00e9 intellectuelle.<\/p>\n\n\n\n<p>La reproduction des textes de ce site est autoris\u00e9e dans le cadre p\u00e9dagogique, sous r\u00e9serve du respect des conditions suivantes&nbsp;: gratuit\u00e9 de la diffusion, respect de l\u2019int\u00e9grit\u00e9 des documents reproduits, citation claire et lisible de la source par exemple sous la forme suivante&nbsp;: \u00ab\u00a0Ce document provient du site internet de l\u2019\u00c9cole des mines de Saint-\u00c9tienne (<a title=\"https:\/\/www.mines-stetienne.fr\/\" href=\"https:\/\/www.mines-stetienne.fr\/\" data-from-md=\"\">www.mines-stetienne.fr\/<\/a>). Les droits de reproduction sont r\u00e9serv\u00e9s\u00a0\u00bb.<\/p>\n\n\n\n<p>Tout autre acte de reproduction ainsi que toute repr\u00e9sentation, adaptation, traduction et\/ou modification int\u00e9grale ou partielle, sur quelque support que ce soit de ce site ou des \u00e9l\u00e9ments qui le composent, qu\u2019il s\u2019agisse de textes, d\u2019illustrations graphiques anim\u00e9es ou non, d\u2019ic\u00f4nes, de photographies, de plans, de cartes, de logos, de s\u00e9quences vid\u00e9o, de sons ou d\u2019images (\u2026) est interdite sauf autorisation expresse et pr\u00e9alable de l\u2019\u00c9cole des mines de Saint-\u00c9tienne. Le transfert d\u2019un quelconque \u00e9l\u00e9ment de ce site vers un autre site est interdit sauf autorisation expresse et pr\u00e9alable de l\u2019\u00c9cole des mines de Saint-\u00c9tienne.<\/p>\n\n\n\n<p>Le non-respect de cette interdiction constitue un acte de contrefa\u00e7on pouvant engager la responsabilit\u00e9 civile et\/ou p\u00e9nale de son auteur. L\u2019\u00c9cole des mines de Saint-\u00c9tienne se r\u00e9serve le droit d\u2019engager des poursuites judiciaires \u00e0 l\u2019encontre de toute personne qui n\u2019aurait pas respect\u00e9 cette interdiction.<\/p>\n\n\n\n<p>Pour toute demande d&rsquo;autorisation, veuillez contacter l&rsquo;\u00c9cole des Mines de Saint-\u00c9tienne.<\/p>\n\n\n\n<h2 class=\"wp-block-heading\" id=\"consultation-du-site\">Consultation du site<\/h2>\n\n\n\n<p>Les informations en consultation sur ce site sont propos\u00e9es sous r\u00e9serve d\u2019erreur et d\u2019omission. Les dates figurant sur le site ne sont donn\u00e9es qu\u2019\u00e0 titre purement indicatif. Les informations contenues dans le site peuvent faire l\u2019objet de modification ou de suppression \u00e0 tout moment et sans pr\u00e9avis. Les liens vers d\u2019autres sites sont donn\u00e9s \u00e0 titre indicatif. La pr\u00e9sence de lien hypertexte vers d\u2019autres sites Internet ne peut engager l\u2019\u00c9cole des mines de Saint-\u00c9tienne sur le contenu de ces sites.<\/p>\n\n\n\n<h2 class=\"wp-block-heading\" id=\"nous-contacter\">Nous contacter<\/h2>\n\n\n\n<p>Pour toute question, remarque ou observation, n\u2019h\u00e9sitez pas \u00e0 prendre contact avec nous :<\/p>\n\n\n\n<ul class=\"wp-block-list\"><li>directement \u00e0 :&nbsp;<a title=\"m&#97;&#x69;&#x6c;t&#111;&#x3a;&#x77;e&#98;&#109;&#x61;&#x73;t&#101;&#x72;&#x40;m&#105;&#x6e;&#x65;s&#45;&#115;&#x74;&#x65;t&#105;&#x65;&#x6e;n&#101;&#x2e;&#x66;r\" href=\"m&#97;&#105;&#x6c;&#x74;&#x6f;&#x3a;w&#101;&#98;&#109;&#x61;&#x73;&#x74;er&#64;&#109;&#x69;&#x6e;&#x65;s-&#115;&#116;&#x65;&#x74;&#x69;en&#110;&#101;&#x2e;&#x66;&#x72;\" data-from-md=\"\">webmaster&#64;mi&#110;&#101;&#115;&#45;&#115;&#116;&#101;&#116;&#105;&#101;&#110;&#110;&#101;&#46;&#102;&#x72;<\/a><\/li><li>par t\u00e9l\u00e9phone : 04 77 42 01 23<\/li><\/ul>\n\n\n\n<p>Vous pouvez aussi nous joindre par voie postale \u00e0 l\u2019adresse suivante&nbsp;:<\/p>\n\n\n\n<p><strong>\u00c9cole des Mines de Saint-\u00c9tienne<\/strong><br>Direction de la communication<br>158, cours Fauriel<br>CS 62362<br>42023 Saint-\u00c9tienne Cedex 2<\/p>\n\n\n","protected":false},"excerpt":{"rendered":"<p>Pr\u00e9sentation du site En vertu de l\u2019article 6 de la loi no 2004-575 du 21 juin 2004 pour la confiance dans l\u2019\u00e9conomie num\u00e9rique, il est pr\u00e9cis\u00e9 aux utilisateurs du site www.mines-stetienne.fr\/spin-fr\/ l\u2019identit\u00e9 des diff\u00e9rents intervenants dans le cadre de sa &hellip;<\/p>\n","protected":false},"author":2,"featured_media":0,"parent":0,"menu_order":900,"comment_status":"closed","ping_status":"closed","template":"","meta":{"footnotes":""},"tags":[],"class_list":["post-27","page","type-page","status-publish","hentry"],"pp_statuses_selecting_workflow":false,"pp_workflow_action":"current","pp_status_selection":"publish","pp_force_visibility":null,"pp_subpost_visibility":null,"pp_inherited_force_visibility":null,"pp_inherited_subpost_visibility":null,"yoast_head":"<!-- This site is optimized with the Yoast SEO plugin v27.4 - https:\/\/yoast.com\/product\/yoast-seo-wordpress\/ -->\n<title>Mentions l\u00e9gales - Centre SPIN<\/title>\n<meta name=\"robots\" content=\"index, follow, max-snippet:-1, max-image-preview:large, max-video-preview:-1\" \/>\n<link rel=\"canonical\" href=\"https:\/\/www.mines-stetienne.fr\/spin-fr\/mentions-legales\/\" \/>\n<meta property=\"og:locale\" content=\"fr_FR\" \/>\n<meta property=\"og:type\" content=\"article\" \/>\n<meta property=\"og:title\" content=\"Mentions l\u00e9gales - Centre SPIN\" \/>\n<meta property=\"og:description\" content=\"Pr\u00e9sentation du site En vertu de l\u2019article 6 de la loi no 2004-575 du 21 juin 2004 pour la confiance dans l\u2019\u00e9conomie num\u00e9rique, il est pr\u00e9cis\u00e9 aux utilisateurs du site www.mines-stetienne.fr\/spin-fr\/ l\u2019identit\u00e9 des diff\u00e9rents intervenants dans le cadre de sa &hellip;\" \/>\n<meta property=\"og:url\" content=\"https:\/\/www.mines-stetienne.fr\/spin-fr\/mentions-legales\/\" \/>\n<meta property=\"og:site_name\" content=\"Centre SPIN\" \/>\n<meta property=\"article:modified_time\" content=\"2022-05-02T07:33:46+00:00\" \/>\n<meta name=\"twitter:card\" content=\"summary_large_image\" \/>\n<meta name=\"twitter:label1\" content=\"Dur\u00e9e de lecture estim\u00e9e\" \/>\n\t<meta name=\"twitter:data1\" content=\"3 minutes\" \/>\n<script type=\"application\/ld+json\" class=\"yoast-schema-graph\">{\"@context\":\"https:\\\/\\\/schema.org\",\"@graph\":[{\"@type\":\"WebPage\",\"@id\":\"https:\\\/\\\/www.mines-stetienne.fr\\\/spin-fr\\\/mentions-legales\\\/\",\"url\":\"https:\\\/\\\/www.mines-stetienne.fr\\\/spin-fr\\\/mentions-legales\\\/\",\"name\":\"Mentions l\u00e9gales - Centre SPIN\",\"isPartOf\":{\"@id\":\"https:\\\/\\\/www.mines-stetienne.fr\\\/spin-fr\\\/#website\"},\"datePublished\":\"2019-01-24T13:45:03+00:00\",\"dateModified\":\"2022-05-02T07:33:46+00:00\",\"breadcrumb\":{\"@id\":\"https:\\\/\\\/www.mines-stetienne.fr\\\/spin-fr\\\/mentions-legales\\\/#breadcrumb\"},\"inLanguage\":\"fr-FR\",\"potentialAction\":[{\"@type\":\"ReadAction\",\"target\":[\"https:\\\/\\\/www.mines-stetienne.fr\\\/spin-fr\\\/mentions-legales\\\/\"]}]},{\"@type\":\"BreadcrumbList\",\"@id\":\"https:\\\/\\\/www.mines-stetienne.fr\\\/spin-fr\\\/mentions-legales\\\/#breadcrumb\",\"itemListElement\":[{\"@type\":\"ListItem\",\"position\":1,\"name\":\"Accueil\",\"item\":\"https:\\\/\\\/www.mines-stetienne.fr\\\/spin-fr\\\/\"},{\"@type\":\"ListItem\",\"position\":2,\"name\":\"Mentions l\u00e9gales\"}]},{\"@type\":\"WebSite\",\"@id\":\"https:\\\/\\\/www.mines-stetienne.fr\\\/spin-fr\\\/#website\",\"url\":\"https:\\\/\\\/www.mines-stetienne.fr\\\/spin-fr\\\/\",\"name\":\"Centre SPIN\",\"description\":\"\u2013 G\u00e9nie des Proc\u00e9d\u00e9s\",\"potentialAction\":[{\"@type\":\"SearchAction\",\"target\":{\"@type\":\"EntryPoint\",\"urlTemplate\":\"https:\\\/\\\/www.mines-stetienne.fr\\\/spin-fr\\\/?s={search_term_string}\"},\"query-input\":{\"@type\":\"PropertyValueSpecification\",\"valueRequired\":true,\"valueName\":\"search_term_string\"}}],\"inLanguage\":\"fr-FR\"}]}<\/script>\n<!-- \/ Yoast SEO plugin. -->","yoast_head_json":{"title":"Mentions l\u00e9gales - Centre SPIN","robots":{"index":"index","follow":"follow","max-snippet":"max-snippet:-1","max-image-preview":"max-image-preview:large","max-video-preview":"max-video-preview:-1"},"canonical":"https:\/\/www.mines-stetienne.fr\/spin-fr\/mentions-legales\/","og_locale":"fr_FR","og_type":"article","og_title":"Mentions l\u00e9gales - Centre SPIN","og_description":"Pr\u00e9sentation du site En vertu de l\u2019article 6 de la loi no 2004-575 du 21 juin 2004 pour la confiance dans l\u2019\u00e9conomie num\u00e9rique, il est pr\u00e9cis\u00e9 aux utilisateurs du site www.mines-stetienne.fr\/spin-fr\/ l\u2019identit\u00e9 des diff\u00e9rents intervenants dans le cadre de sa &hellip;","og_url":"https:\/\/www.mines-stetienne.fr\/spin-fr\/mentions-legales\/","og_site_name":"Centre SPIN","article_modified_time":"2022-05-02T07:33:46+00:00","twitter_card":"summary_large_image","twitter_misc":{"Dur\u00e9e de lecture estim\u00e9e":"3 minutes"},"schema":{"@context":"https:\/\/schema.org","@graph":[{"@type":"WebPage","@id":"https:\/\/www.mines-stetienne.fr\/spin-fr\/mentions-legales\/","url":"https:\/\/www.mines-stetienne.fr\/spin-fr\/mentions-legales\/","name":"Mentions l\u00e9gales - Centre SPIN","isPartOf":{"@id":"https:\/\/www.mines-stetienne.fr\/spin-fr\/#website"},"datePublished":"2019-01-24T13:45:03+00:00","dateModified":"2022-05-02T07:33:46+00:00","breadcrumb":{"@id":"https:\/\/www.mines-stetienne.fr\/spin-fr\/mentions-legales\/#breadcrumb"},"inLanguage":"fr-FR","potentialAction":[{"@type":"ReadAction","target":["https:\/\/www.mines-stetienne.fr\/spin-fr\/mentions-legales\/"]}]},{"@type":"BreadcrumbList","@id":"https:\/\/www.mines-stetienne.fr\/spin-fr\/mentions-legales\/#breadcrumb","itemListElement":[{"@type":"ListItem","position":1,"name":"Accueil","item":"https:\/\/www.mines-stetienne.fr\/spin-fr\/"},{"@type":"ListItem","position":2,"name":"Mentions l\u00e9gales"}]},{"@type":"WebSite","@id":"https:\/\/www.mines-stetienne.fr\/spin-fr\/#website","url":"https:\/\/www.mines-stetienne.fr\/spin-fr\/","name":"Centre SPIN","description":"\u2013 G\u00e9nie des Proc\u00e9d\u00e9s","potentialAction":[{"@type":"SearchAction","target":{"@type":"EntryPoint","urlTemplate":"https:\/\/www.mines-stetienne.fr\/spin-fr\/?s={search_term_string}"},"query-input":{"@type":"PropertyValueSpecification","valueRequired":true,"valueName":"search_term_string"}}],"inLanguage":"fr-FR"}]}},"_links":{"self":[{"href":"https:\/\/www.mines-stetienne.fr\/spin-fr\/wp-json\/wp\/v2\/pages\/27","targetHints":{"allow":["GET"]}}],"collection":[{"href":"https:\/\/www.mines-stetienne.fr\/spin-fr\/wp-json\/wp\/v2\/pages"}],"about":[{"href":"https:\/\/www.mines-stetienne.fr\/spin-fr\/wp-json\/wp\/v2\/types\/page"}],"author":[{"embeddable":true,"href":"https:\/\/www.mines-stetienne.fr\/spin-fr\/wp-json\/wp\/v2\/users\/2"}],"replies":[{"embeddable":true,"href":"https:\/\/www.mines-stetienne.fr\/spin-fr\/wp-json\/wp\/v2\/comments?post=27"}],"version-history":[{"count":6,"href":"https:\/\/www.mines-stetienne.fr\/spin-fr\/wp-json\/wp\/v2\/pages\/27\/revisions"}],"predecessor-version":[{"id":640,"href":"https:\/\/www.mines-stetienne.fr\/spin-fr\/wp-json\/wp\/v2\/pages\/27\/revisions\/640"}],"wp:attachment":[{"href":"https:\/\/www.mines-stetienne.fr\/spin-fr\/wp-json\/wp\/v2\/media?parent=27"}],"wp:term":[{"taxonomy":"post_tag","embeddable":true,"href":"https:\/\/www.mines-stetienne.fr\/spin-fr\/wp-json\/wp\/v2\/tags?post=27"}],"curies":[{"name":"wp","href":"https:\/\/api.w.org\/{rel}","templated":true}]}}