{"id":2,"date":"2019-01-17T19:10:58","date_gmt":"2019-01-17T18:10:58","guid":{"rendered":"https:\/\/www.mines-stetienne.fr\/spin\/?page_id=2"},"modified":"2024-05-16T15:49:07","modified_gmt":"2024-05-16T13:49:07","slug":"accueil","status":"publish","type":"page","link":"https:\/\/www.mines-stetienne.fr\/spin-fr\/","title":{"rendered":"Bienvenue"},"content":{"rendered":"\n<p>Le centre SPIN d\u00e9veloppe son expertise dans le domaine du G\u00e9nie des Proc\u00e9d\u00e9s appliqu\u00e9s aux syst\u00e8mes dispers\u00e9s : grains, particules, gouttes, bulles, milieux poreux&#8230; La quasi-totalit\u00e9 de son personnel appartient aux unit\u00e9s <span style=\"float: none;background-color: transparent;color: #191e23;cursor: text;font-family: 'Noto Serif';font-size: 16px;font-style: normal;font-variant: normal;font-weight: 400;letter-spacing: normal;text-align: left;text-decoration: none;text-indent: 0px;text-transform: none\">mixtes <\/span>de recherche CNRS <a href=\"https:\/\/www.mines-stetienne.fr\/lgf\/\" target=\"_blank\" rel=\"noopener\">UMR 5307<\/a> et <a href=\"http:\/\/umr5600.cnrs.fr\/en\/homepage\/\">UMR 5600<\/a>.<\/p>\n\n\n\n<p>Actuellement, plus de 80 employ\u00e9s et \u00e9tudiants travaillent au centre SPIN dans un environnement de recherche interdisciplinaire et stimulant. Un grand nombre de collaborations sont \u00e9tablies avec des groupes de recherche, fran\u00e7ais et \u00e9trangers, ainsi qu&rsquo;avec des PME et grands groupes industriels.<\/p>\n\n\n\n<p>En attendant de faire plus ample connaissance, je vous invite cordialement \u00e0 d\u00e9couvrir nos diff\u00e9rentes activit\u00e9s et projets de recherche !<\/p>\n\n\n\n<p>Ana CAMEIRAO<br>Directrice du centre SPIN<\/p>\n\n\n\n<figure class=\"wp-block-embed is-type-video is-provider-youtube wp-block-embed-youtube wp-embed-aspect-16-9 wp-has-aspect-ratio\"><div class=\"wp-block-embed__wrapper\">\n<iframe title=\"Le centre de formation et de recherche SPIN (Science des Processus Industriels et Naturels)\" width=\"640\" height=\"360\" src=\"https:\/\/www.youtube.com\/embed\/RlPWAdWuLRQ?feature=oembed\" frameborder=\"0\" allow=\"accelerometer; autoplay; clipboard-write; encrypted-media; gyroscope; picture-in-picture; web-share\" referrerpolicy=\"strict-origin-when-cross-origin\" allowfullscreen><\/iframe>\n<\/div><\/figure>\n\n\n\n<div class=\"wp-block-columns is-layout-flex wp-container-core-columns-is-layout-9d6595d7 wp-block-columns-is-layout-flex\">\n<div class=\"wp-block-column is-layout-flow wp-block-column-is-layout-flow\">\n<figure class=\"wp-block-image size-medium is-resized\"><img decoding=\"async\" width=\"300\" height=\"116\" src=\"https:\/\/www.mines-stetienne.fr\/spin-fr\/wp-content\/uploads\/sites\/10\/2020\/09\/Logo_LEurope_sengage_FEDER_2017_Quadri-1-300x116.jpg\" alt=\"\" class=\"wp-image-472\" style=\"width:150px;height:auto\" srcset=\"https:\/\/www.mines-stetienne.fr\/spin-fr\/wp-content\/uploads\/sites\/10\/2020\/09\/Logo_LEurope_sengage_FEDER_2017_Quadri-1-300x116.jpg 300w, https:\/\/www.mines-stetienne.fr\/spin-fr\/wp-content\/uploads\/sites\/10\/2020\/09\/Logo_LEurope_sengage_FEDER_2017_Quadri-1-1024x396.jpg 1024w, https:\/\/www.mines-stetienne.fr\/spin-fr\/wp-content\/uploads\/sites\/10\/2020\/09\/Logo_LEurope_sengage_FEDER_2017_Quadri-1-768x297.jpg 768w, https:\/\/www.mines-stetienne.fr\/spin-fr\/wp-content\/uploads\/sites\/10\/2020\/09\/Logo_LEurope_sengage_FEDER_2017_Quadri-1-1536x594.jpg 1536w, https:\/\/www.mines-stetienne.fr\/spin-fr\/wp-content\/uploads\/sites\/10\/2020\/09\/Logo_LEurope_sengage_FEDER_2017_Quadri-1-2048x792.jpg 2048w\" sizes=\"(max-width: 300px) 100vw, 300px\" \/><\/figure>\n<\/div>\n\n\n\n<div class=\"wp-block-column is-layout-flow wp-block-column-is-layout-flow\"><div class=\"wp-block-image\">\n<figure class=\"alignleft is-resized\"><img fetchpriority=\"high\" decoding=\"async\" width=\"300\" height=\"248\" src=\"https:\/\/www.mines-stetienne.fr\/spin-fr\/wp-content\/uploads\/sites\/10\/2020\/09\/Logo-UE-scaled-e1599487001391-300x248.jpg\" alt=\"\" class=\"wp-image-473\" style=\"width:150px\" srcset=\"https:\/\/www.mines-stetienne.fr\/spin-fr\/wp-content\/uploads\/sites\/10\/2020\/09\/Logo-UE-scaled-e1599487001391-300x248.jpg 300w, https:\/\/www.mines-stetienne.fr\/spin-fr\/wp-content\/uploads\/sites\/10\/2020\/09\/Logo-UE-scaled-e1599487001391-1024x847.jpg 1024w, https:\/\/www.mines-stetienne.fr\/spin-fr\/wp-content\/uploads\/sites\/10\/2020\/09\/Logo-UE-scaled-e1599487001391-768x635.jpg 768w, https:\/\/www.mines-stetienne.fr\/spin-fr\/wp-content\/uploads\/sites\/10\/2020\/09\/Logo-UE-scaled-e1599487001391.jpg 1068w\" sizes=\"(max-width: 300px) 100vw, 300px\" \/><\/figure>\n<\/div><\/div>\n\n\n\n<div class=\"wp-block-column is-layout-flow wp-block-column-is-layout-flow\">\n<figure class=\"wp-block-image is-resized\"><img decoding=\"async\" width=\"300\" height=\"168\" src=\"https:\/\/www.mines-stetienne.fr\/spin-fr\/wp-content\/uploads\/sites\/10\/2020\/09\/Logo_RegionARA_Partenaire_typo-gris-pastille-bleu-300x168.png\" alt=\"\" class=\"wp-image-474\" style=\"width:150px\" srcset=\"https:\/\/www.mines-stetienne.fr\/spin-fr\/wp-content\/uploads\/sites\/10\/2020\/09\/Logo_RegionARA_Partenaire_typo-gris-pastille-bleu-300x168.png 300w, https:\/\/www.mines-stetienne.fr\/spin-fr\/wp-content\/uploads\/sites\/10\/2020\/09\/Logo_RegionARA_Partenaire_typo-gris-pastille-bleu-1024x574.png 1024w, https:\/\/www.mines-stetienne.fr\/spin-fr\/wp-content\/uploads\/sites\/10\/2020\/09\/Logo_RegionARA_Partenaire_typo-gris-pastille-bleu-768x431.png 768w, https:\/\/www.mines-stetienne.fr\/spin-fr\/wp-content\/uploads\/sites\/10\/2020\/09\/Logo_RegionARA_Partenaire_typo-gris-pastille-bleu-1536x861.png 1536w, https:\/\/www.mines-stetienne.fr\/spin-fr\/wp-content\/uploads\/sites\/10\/2020\/09\/Logo_RegionARA_Partenaire_typo-gris-pastille-bleu-2048x1148.png 2048w\" sizes=\"(max-width: 300px) 100vw, 300px\" \/><\/figure>\n<\/div>\n<\/div>\n\n\n\n<p>Ce projet est cofinanc\u00e9 par l\u2019Union Europ\u00e9enne avec le fond FEDER&nbsp; :<\/p>\n\n\n\n<ul class=\"wp-block-list\">\n<li>2019 \u2013 2023 : Projet SmartSolid : D\u00e9veloppement d\u2019outils et de services permettant d\u2019optimiser le fonctionnement et la maintenance de cristallisoirs industriels. Le montant de la subvention s\u2019\u00e9l\u00e8ve \u00e0<strong> 197 435 \u20ac<\/strong><\/li>\n<\/ul>\n\n\n\n<p><img loading=\"lazy\" decoding=\"async\" class=\"wp-image-1772 aligncenter\" src=\"https:\/\/www.mines-stetienne.fr\/spin-fr\/wp-content\/uploads\/sites\/10\/2024\/05\/Capture-decran-2024-05-16-154703.jpg\" alt=\"\" width=\"198\" height=\"54\" \/><\/p>\n\n\n\n<p><b>Le centre SPIN et Mines St Etienne b\u00e9n\u00e9ficient du soutien <\/b><b>financier de l\u2019Agence de l\u2019eau Rh\u00f4ne, M\u00e9diterran\u00e9e, Corse, \u00e0 hauteur de 12 <\/b><b>997<\/b><b>\u20ac.<\/b><\/p>\n<p>Cette demande est une composante du \u00ab projet 2023-Disteel \u00bb dont le co\u00fbt total est de 135 077 K\u20ac<\/p>\n","protected":false},"excerpt":{"rendered":"<p>Le centre SPIN d\u00e9veloppe son expertise dans le domaine du G\u00e9nie des Proc\u00e9d\u00e9s appliqu\u00e9s aux syst\u00e8mes dispers\u00e9s : grains, particules, gouttes, bulles, milieux poreux&#8230; La quasi-totalit\u00e9 de son personnel appartient aux unit\u00e9s mixtes de recherche CNRS UMR 5307 et UMR &hellip;<\/p>\n","protected":false},"author":1478,"featured_media":0,"parent":0,"menu_order":0,"comment_status":"closed","ping_status":"closed","template":"","meta":{"footnotes":""},"tags":[],"class_list":["post-2","page","type-page","status-publish","hentry"],"pp_statuses_selecting_workflow":false,"pp_workflow_action":"current","pp_status_selection":"publish","pp_force_visibility":null,"pp_subpost_visibility":null,"pp_inherited_force_visibility":null,"pp_inherited_subpost_visibility":null,"yoast_head":"<!-- This site is optimized with the Yoast SEO plugin v27.4 - https:\/\/yoast.com\/product\/yoast-seo-wordpress\/ -->\n<title>Bienvenue - Centre SPIN<\/title>\n<meta name=\"description\" content=\"Le centre SPIN est sp\u00e9cialis\u00e9 dans le G\u00e9nie des Proc\u00e9d\u00e9s appliqu\u00e9s aux syst\u00e8mes dispers\u00e9s : grains, particules, gouttes, bulles, milieux poreux, \u2026\" \/>\n<meta name=\"robots\" content=\"index, follow, max-snippet:-1, max-image-preview:large, max-video-preview:-1\" \/>\n<link rel=\"canonical\" href=\"https:\/\/www.mines-stetienne.fr\/spin-fr\/\" \/>\n<meta property=\"og:locale\" content=\"fr_FR\" \/>\n<meta property=\"og:type\" content=\"article\" \/>\n<meta property=\"og:title\" content=\"Bienvenue - Centre SPIN\" \/>\n<meta property=\"og:description\" content=\"Le centre SPIN est sp\u00e9cialis\u00e9 dans le G\u00e9nie des Proc\u00e9d\u00e9s appliqu\u00e9s aux syst\u00e8mes dispers\u00e9s : grains, particules, gouttes, bulles, milieux poreux, \u2026\" \/>\n<meta property=\"og:url\" content=\"https:\/\/www.mines-stetienne.fr\/spin-fr\/\" \/>\n<meta property=\"og:site_name\" content=\"Centre SPIN\" \/>\n<meta property=\"article:modified_time\" content=\"2024-05-16T13:49:07+00:00\" \/>\n<meta property=\"og:image\" content=\"https:\/\/www.mines-stetienne.fr\/spin-fr\/wp-content\/uploads\/sites\/10\/2020\/09\/Logo_LEurope_sengage_FEDER_2017_Quadri-1-300x116.jpg\" \/>\n<meta name=\"twitter:card\" content=\"summary_large_image\" \/>\n<meta name=\"twitter:label1\" content=\"Dur\u00e9e de lecture estim\u00e9e\" \/>\n\t<meta name=\"twitter:data1\" content=\"2 minutes\" \/>\n<script type=\"application\/ld+json\" class=\"yoast-schema-graph\">{\"@context\":\"https:\\\/\\\/schema.org\",\"@graph\":[{\"@type\":\"WebPage\",\"@id\":\"https:\\\/\\\/www.mines-stetienne.fr\\\/spin-fr\\\/\",\"url\":\"https:\\\/\\\/www.mines-stetienne.fr\\\/spin-fr\\\/\",\"name\":\"Bienvenue - Centre SPIN\",\"isPartOf\":{\"@id\":\"https:\\\/\\\/www.mines-stetienne.fr\\\/spin-fr\\\/#website\"},\"primaryImageOfPage\":{\"@id\":\"https:\\\/\\\/www.mines-stetienne.fr\\\/spin-fr\\\/#primaryimage\"},\"image\":{\"@id\":\"https:\\\/\\\/www.mines-stetienne.fr\\\/spin-fr\\\/#primaryimage\"},\"thumbnailUrl\":\"https:\\\/\\\/www.mines-stetienne.fr\\\/spin-fr\\\/wp-content\\\/uploads\\\/sites\\\/10\\\/2020\\\/09\\\/Logo_LEurope_sengage_FEDER_2017_Quadri-1-300x116.jpg\",\"datePublished\":\"2019-01-17T18:10:58+00:00\",\"dateModified\":\"2024-05-16T13:49:07+00:00\",\"description\":\"Le centre SPIN est sp\u00e9cialis\u00e9 dans le G\u00e9nie des Proc\u00e9d\u00e9s appliqu\u00e9s aux syst\u00e8mes dispers\u00e9s : grains, particules, gouttes, bulles, milieux poreux, \u2026\",\"breadcrumb\":{\"@id\":\"https:\\\/\\\/www.mines-stetienne.fr\\\/spin-fr\\\/#breadcrumb\"},\"inLanguage\":\"fr-FR\",\"potentialAction\":[{\"@type\":\"ReadAction\",\"target\":[\"https:\\\/\\\/www.mines-stetienne.fr\\\/spin-fr\\\/\"]}]},{\"@type\":\"ImageObject\",\"inLanguage\":\"fr-FR\",\"@id\":\"https:\\\/\\\/www.mines-stetienne.fr\\\/spin-fr\\\/#primaryimage\",\"url\":\"https:\\\/\\\/www.mines-stetienne.fr\\\/spin-fr\\\/wp-content\\\/uploads\\\/sites\\\/10\\\/2020\\\/09\\\/Logo_LEurope_sengage_FEDER_2017_Quadri-1-scaled.jpg\",\"contentUrl\":\"https:\\\/\\\/www.mines-stetienne.fr\\\/spin-fr\\\/wp-content\\\/uploads\\\/sites\\\/10\\\/2020\\\/09\\\/Logo_LEurope_sengage_FEDER_2017_Quadri-1-scaled.jpg\",\"width\":2560,\"height\":990},{\"@type\":\"BreadcrumbList\",\"@id\":\"https:\\\/\\\/www.mines-stetienne.fr\\\/spin-fr\\\/#breadcrumb\",\"itemListElement\":[{\"@type\":\"ListItem\",\"position\":1,\"name\":\"Accueil\",\"item\":\"https:\\\/\\\/www.mines-stetienne.fr\\\/spin-fr\\\/\"},{\"@type\":\"ListItem\",\"position\":2,\"name\":\"Bienvenue\"}]},{\"@type\":\"WebSite\",\"@id\":\"https:\\\/\\\/www.mines-stetienne.fr\\\/spin-fr\\\/#website\",\"url\":\"https:\\\/\\\/www.mines-stetienne.fr\\\/spin-fr\\\/\",\"name\":\"Centre SPIN\",\"description\":\"\u2013 G\u00e9nie des Proc\u00e9d\u00e9s\",\"potentialAction\":[{\"@type\":\"SearchAction\",\"target\":{\"@type\":\"EntryPoint\",\"urlTemplate\":\"https:\\\/\\\/www.mines-stetienne.fr\\\/spin-fr\\\/?s={search_term_string}\"},\"query-input\":{\"@type\":\"PropertyValueSpecification\",\"valueRequired\":true,\"valueName\":\"search_term_string\"}}],\"inLanguage\":\"fr-FR\"}]}<\/script>\n<!-- \/ Yoast SEO plugin. -->","yoast_head_json":{"title":"Bienvenue - Centre SPIN","description":"Le centre SPIN est sp\u00e9cialis\u00e9 dans le G\u00e9nie des Proc\u00e9d\u00e9s appliqu\u00e9s aux syst\u00e8mes dispers\u00e9s : grains, particules, gouttes, bulles, milieux poreux, \u2026","robots":{"index":"index","follow":"follow","max-snippet":"max-snippet:-1","max-image-preview":"max-image-preview:large","max-video-preview":"max-video-preview:-1"},"canonical":"https:\/\/www.mines-stetienne.fr\/spin-fr\/","og_locale":"fr_FR","og_type":"article","og_title":"Bienvenue - Centre SPIN","og_description":"Le centre SPIN est sp\u00e9cialis\u00e9 dans le G\u00e9nie des Proc\u00e9d\u00e9s appliqu\u00e9s aux syst\u00e8mes dispers\u00e9s : grains, particules, gouttes, bulles, milieux poreux, \u2026","og_url":"https:\/\/www.mines-stetienne.fr\/spin-fr\/","og_site_name":"Centre SPIN","article_modified_time":"2024-05-16T13:49:07+00:00","og_image":[{"url":"https:\/\/www.mines-stetienne.fr\/spin-fr\/wp-content\/uploads\/sites\/10\/2020\/09\/Logo_LEurope_sengage_FEDER_2017_Quadri-1-300x116.jpg","type":"","width":"","height":""}],"twitter_card":"summary_large_image","twitter_misc":{"Dur\u00e9e de lecture estim\u00e9e":"2 minutes"},"schema":{"@context":"https:\/\/schema.org","@graph":[{"@type":"WebPage","@id":"https:\/\/www.mines-stetienne.fr\/spin-fr\/","url":"https:\/\/www.mines-stetienne.fr\/spin-fr\/","name":"Bienvenue - Centre SPIN","isPartOf":{"@id":"https:\/\/www.mines-stetienne.fr\/spin-fr\/#website"},"primaryImageOfPage":{"@id":"https:\/\/www.mines-stetienne.fr\/spin-fr\/#primaryimage"},"image":{"@id":"https:\/\/www.mines-stetienne.fr\/spin-fr\/#primaryimage"},"thumbnailUrl":"https:\/\/www.mines-stetienne.fr\/spin-fr\/wp-content\/uploads\/sites\/10\/2020\/09\/Logo_LEurope_sengage_FEDER_2017_Quadri-1-300x116.jpg","datePublished":"2019-01-17T18:10:58+00:00","dateModified":"2024-05-16T13:49:07+00:00","description":"Le centre SPIN est sp\u00e9cialis\u00e9 dans le G\u00e9nie des Proc\u00e9d\u00e9s appliqu\u00e9s aux syst\u00e8mes dispers\u00e9s : grains, particules, gouttes, bulles, milieux poreux, \u2026","breadcrumb":{"@id":"https:\/\/www.mines-stetienne.fr\/spin-fr\/#breadcrumb"},"inLanguage":"fr-FR","potentialAction":[{"@type":"ReadAction","target":["https:\/\/www.mines-stetienne.fr\/spin-fr\/"]}]},{"@type":"ImageObject","inLanguage":"fr-FR","@id":"https:\/\/www.mines-stetienne.fr\/spin-fr\/#primaryimage","url":"https:\/\/www.mines-stetienne.fr\/spin-fr\/wp-content\/uploads\/sites\/10\/2020\/09\/Logo_LEurope_sengage_FEDER_2017_Quadri-1-scaled.jpg","contentUrl":"https:\/\/www.mines-stetienne.fr\/spin-fr\/wp-content\/uploads\/sites\/10\/2020\/09\/Logo_LEurope_sengage_FEDER_2017_Quadri-1-scaled.jpg","width":2560,"height":990},{"@type":"BreadcrumbList","@id":"https:\/\/www.mines-stetienne.fr\/spin-fr\/#breadcrumb","itemListElement":[{"@type":"ListItem","position":1,"name":"Accueil","item":"https:\/\/www.mines-stetienne.fr\/spin-fr\/"},{"@type":"ListItem","position":2,"name":"Bienvenue"}]},{"@type":"WebSite","@id":"https:\/\/www.mines-stetienne.fr\/spin-fr\/#website","url":"https:\/\/www.mines-stetienne.fr\/spin-fr\/","name":"Centre SPIN","description":"\u2013 G\u00e9nie des Proc\u00e9d\u00e9s","potentialAction":[{"@type":"SearchAction","target":{"@type":"EntryPoint","urlTemplate":"https:\/\/www.mines-stetienne.fr\/spin-fr\/?s={search_term_string}"},"query-input":{"@type":"PropertyValueSpecification","valueRequired":true,"valueName":"search_term_string"}}],"inLanguage":"fr-FR"}]}},"_links":{"self":[{"href":"https:\/\/www.mines-stetienne.fr\/spin-fr\/wp-json\/wp\/v2\/pages\/2","targetHints":{"allow":["GET"]}}],"collection":[{"href":"https:\/\/www.mines-stetienne.fr\/spin-fr\/wp-json\/wp\/v2\/pages"}],"about":[{"href":"https:\/\/www.mines-stetienne.fr\/spin-fr\/wp-json\/wp\/v2\/types\/page"}],"author":[{"embeddable":true,"href":"https:\/\/www.mines-stetienne.fr\/spin-fr\/wp-json\/wp\/v2\/users\/1478"}],"replies":[{"embeddable":true,"href":"https:\/\/www.mines-stetienne.fr\/spin-fr\/wp-json\/wp\/v2\/comments?post=2"}],"version-history":[{"count":20,"href":"https:\/\/www.mines-stetienne.fr\/spin-fr\/wp-json\/wp\/v2\/pages\/2\/revisions"}],"predecessor-version":[{"id":1774,"href":"https:\/\/www.mines-stetienne.fr\/spin-fr\/wp-json\/wp\/v2\/pages\/2\/revisions\/1774"}],"wp:attachment":[{"href":"https:\/\/www.mines-stetienne.fr\/spin-fr\/wp-json\/wp\/v2\/media?parent=2"}],"wp:term":[{"taxonomy":"post_tag","embeddable":true,"href":"https:\/\/www.mines-stetienne.fr\/spin-fr\/wp-json\/wp\/v2\/tags?post=2"}],"curies":[{"name":"wp","href":"https:\/\/api.w.org\/{rel}","templated":true}]}}