{"id":196,"date":"2019-02-27T18:08:01","date_gmt":"2019-02-27T17:08:01","guid":{"rendered":"https:\/\/www.mines-stetienne.fr\/spin-fr\/?page_id=196"},"modified":"2019-02-27T21:30:11","modified_gmt":"2019-02-27T20:30:11","slug":"physique-des-milieux-divises","status":"publish","type":"page","link":"https:\/\/www.mines-stetienne.fr\/spin-fr\/physique-des-milieux-divises\/","title":{"rendered":"Recrutement d&rsquo;un ma\u00eetre-assistant en Physique des Milieux Divis\u00e9s"},"content":{"rendered":"<p><strong>(click <a href=\"https:\/\/www.mines-stetienne.fr\/spin\/physics-of-dispersed-media\/\">HERE<\/a> for the English version)<\/strong><\/p>\n<h3>Fiche de poste compl\u00e8te \/ officielle<\/h3>\n<p>La fiche de poste compl\u00e8te et officielle est accessible en cliquant sur ce <a href=\"https:\/\/www.mines-stetienne.fr\/spin-fr\/wp-content\/uploads\/sites\/10\/2019\/02\/Mines-Saint-Etienne-MCF-Physique-Milieux-Divis\u00e9s.pdf\"><strong>LIEN.<\/strong><\/a><\/p>\n<h3>Date limite<\/h3>\n<p>30 avril 2019 (cachet de la poste faisant foi)<\/p>\n<h3>Description courte<\/h3>\n<h4>Activit\u00e9s de recherche<\/h4>\n<p>Le candidat travaillera dans le domaine du G\u00e9nie des Proc\u00e9d\u00e9s appliqu\u00e9s aux proc\u00e9d\u00e9s en milieux divis\u00e9s (granulaires secs, suspensions, \u00e9mulsions, &#8230;). Son objectif principal sera de renforcer les comp\u00e9tences du groupe en d\u00e9veloppant des mod\u00e8les destin\u00e9s \u00e0 \u00eatre utilis\u00e9s pour simuler des op\u00e9rations unitaires \u00e0 l&rsquo;\u00e9chelle industrielle. Il les appliquera notamment aux proc\u00e9d\u00e9s impliquant des couplages forts (m\u00e9canique, thermique, chimique, &#8230;) et couramment rencontr\u00e9s dans l&rsquo;industrie : \u00e9coulements granulaires (lits fluidis\u00e9s, four tournant,&#8230;) pour des applications diverses (oxydation, hydratation, gaz\u00e9ification,&#8230;).<\/p>\n<h4>Activit\u00e9s d&rsquo;enseignement<\/h4>\n<p>Cours, travaux dirig\u00e9s, encadrements de projets dans les formations d\u2019ing\u00e9nieur et de master recherche. Disciplines principales : G\u00e9nie des Proc\u00e9d\u00e9s (transferts thermiques, op\u00e9rations unitaires, m\u00e9canique des fluides &#8211; bases, turbulence, hydrog\u00e9ologie -,  \u2026) et Physique des Milieux Divis\u00e9s (physique du solide, physique statistique, \u00e9coulements polyphasiques, rh\u00e9ologie des suspensions, caract\u00e9risation g\u00e9om\u00e9trique, \u2026).<\/p>\n<h4>Profil<\/h4>\n<p>Le candidat d\u00e9montrera qu\u2019il poss\u00e8de des comp\u00e9tences scientifiques approfondies dans un ou plusieurs des domaines suivants :<\/p>\n<ul>\n<li>physique statistique d\u2019\u00e9quilibre et hors \u00e9quilibre<\/li>\n<li>physique de la mati\u00e8re molle et des syst\u00e8mes complexes<\/li>\n<li>m\u00e9canique des fluides, en particulier des syst\u00e8mes polyphasiques<\/li>\n<li>g\u00e9nie des proc\u00e9d\u00e9s, en particulier appliqu\u00e9 aux milieux granulaires<\/li>\n<li>bilans de population<\/li>\n<li>r\u00e9duction de mod\u00e8les (RB, POD, PGD, \u2026)<\/li>\n<li>intelligence artificielle (machine learning)<\/li>\n<li>calcul haute performance (GPU ou CPU)<\/li>\n<\/ul>\n","protected":false},"excerpt":{"rendered":"<p>(click HERE for the English version) Fiche de poste compl\u00e8te \/ officielle La fiche de poste compl\u00e8te et officielle est accessible en cliquant sur ce LIEN. Date limite 30 avril 2019 (cachet de la poste faisant foi) Description courte Activit\u00e9s &hellip;<\/p>\n","protected":false},"author":1478,"featured_media":0,"parent":0,"menu_order":0,"comment_status":"closed","ping_status":"closed","template":"","meta":{"footnotes":""},"tags":[],"class_list":["post-196","page","type-page","status-publish","hentry"],"pp_statuses_selecting_workflow":false,"pp_workflow_action":"current","pp_status_selection":"publish","pp_force_visibility":null,"pp_subpost_visibility":null,"pp_inherited_force_visibility":null,"pp_inherited_subpost_visibility":null,"yoast_head":"<!-- This site is optimized with the Yoast SEO plugin v27.5 - https:\/\/yoast.com\/product\/yoast-seo-wordpress\/ -->\n<title>Recrutement d&#039;un ma\u00eetre-assistant en Physique des Milieux Divis\u00e9s - Centre SPIN<\/title>\n<meta name=\"robots\" content=\"index, follow, max-snippet:-1, max-image-preview:large, max-video-preview:-1\" \/>\n<link rel=\"canonical\" href=\"https:\/\/www.mines-stetienne.fr\/spin-fr\/physique-des-milieux-divises\/\" \/>\n<meta property=\"og:locale\" content=\"fr_FR\" \/>\n<meta property=\"og:type\" content=\"article\" \/>\n<meta property=\"og:title\" content=\"Recrutement d&#039;un ma\u00eetre-assistant en Physique des Milieux Divis\u00e9s - Centre SPIN\" \/>\n<meta property=\"og:description\" content=\"(click HERE for the English version) Fiche de poste compl\u00e8te \/ officielle La fiche de poste compl\u00e8te et officielle est accessible en cliquant sur ce LIEN. Date limite 30 avril 2019 (cachet de la poste faisant foi) Description courte Activit\u00e9s &hellip;\" \/>\n<meta property=\"og:url\" content=\"https:\/\/www.mines-stetienne.fr\/spin-fr\/physique-des-milieux-divises\/\" \/>\n<meta property=\"og:site_name\" content=\"Centre SPIN\" \/>\n<meta property=\"article:modified_time\" content=\"2019-02-27T20:30:11+00:00\" \/>\n<meta name=\"twitter:card\" content=\"summary_large_image\" \/>\n<meta name=\"twitter:label1\" content=\"Dur\u00e9e de lecture estim\u00e9e\" \/>\n\t<meta name=\"twitter:data1\" content=\"1 minute\" \/>\n<script type=\"application\/ld+json\" class=\"yoast-schema-graph\">{\"@context\":\"https:\\\/\\\/schema.org\",\"@graph\":[{\"@type\":\"WebPage\",\"@id\":\"https:\\\/\\\/www.mines-stetienne.fr\\\/spin-fr\\\/physique-des-milieux-divises\\\/\",\"url\":\"https:\\\/\\\/www.mines-stetienne.fr\\\/spin-fr\\\/physique-des-milieux-divises\\\/\",\"name\":\"Recrutement d'un ma\u00eetre-assistant en Physique des Milieux Divis\u00e9s - Centre SPIN\",\"isPartOf\":{\"@id\":\"https:\\\/\\\/www.mines-stetienne.fr\\\/spin-fr\\\/#website\"},\"datePublished\":\"2019-02-27T17:08:01+00:00\",\"dateModified\":\"2019-02-27T20:30:11+00:00\",\"breadcrumb\":{\"@id\":\"https:\\\/\\\/www.mines-stetienne.fr\\\/spin-fr\\\/physique-des-milieux-divises\\\/#breadcrumb\"},\"inLanguage\":\"fr-FR\",\"potentialAction\":[{\"@type\":\"ReadAction\",\"target\":[\"https:\\\/\\\/www.mines-stetienne.fr\\\/spin-fr\\\/physique-des-milieux-divises\\\/\"]}]},{\"@type\":\"BreadcrumbList\",\"@id\":\"https:\\\/\\\/www.mines-stetienne.fr\\\/spin-fr\\\/physique-des-milieux-divises\\\/#breadcrumb\",\"itemListElement\":[{\"@type\":\"ListItem\",\"position\":1,\"name\":\"Accueil\",\"item\":\"https:\\\/\\\/www.mines-stetienne.fr\\\/spin-fr\\\/\"},{\"@type\":\"ListItem\",\"position\":2,\"name\":\"Recrutement d&rsquo;un ma\u00eetre-assistant en Physique des Milieux Divis\u00e9s\"}]},{\"@type\":\"WebSite\",\"@id\":\"https:\\\/\\\/www.mines-stetienne.fr\\\/spin-fr\\\/#website\",\"url\":\"https:\\\/\\\/www.mines-stetienne.fr\\\/spin-fr\\\/\",\"name\":\"Centre SPIN\",\"description\":\"\u2013 G\u00e9nie des Proc\u00e9d\u00e9s\",\"potentialAction\":[{\"@type\":\"SearchAction\",\"target\":{\"@type\":\"EntryPoint\",\"urlTemplate\":\"https:\\\/\\\/www.mines-stetienne.fr\\\/spin-fr\\\/?s={search_term_string}\"},\"query-input\":{\"@type\":\"PropertyValueSpecification\",\"valueRequired\":true,\"valueName\":\"search_term_string\"}}],\"inLanguage\":\"fr-FR\"}]}<\/script>\n<!-- \/ Yoast SEO plugin. -->","yoast_head_json":{"title":"Recrutement d'un ma\u00eetre-assistant en Physique des Milieux Divis\u00e9s - Centre SPIN","robots":{"index":"index","follow":"follow","max-snippet":"max-snippet:-1","max-image-preview":"max-image-preview:large","max-video-preview":"max-video-preview:-1"},"canonical":"https:\/\/www.mines-stetienne.fr\/spin-fr\/physique-des-milieux-divises\/","og_locale":"fr_FR","og_type":"article","og_title":"Recrutement d'un ma\u00eetre-assistant en Physique des Milieux Divis\u00e9s - Centre SPIN","og_description":"(click HERE for the English version) Fiche de poste compl\u00e8te \/ officielle La fiche de poste compl\u00e8te et officielle est accessible en cliquant sur ce LIEN. Date limite 30 avril 2019 (cachet de la poste faisant foi) Description courte Activit\u00e9s &hellip;","og_url":"https:\/\/www.mines-stetienne.fr\/spin-fr\/physique-des-milieux-divises\/","og_site_name":"Centre SPIN","article_modified_time":"2019-02-27T20:30:11+00:00","twitter_card":"summary_large_image","twitter_misc":{"Dur\u00e9e de lecture estim\u00e9e":"1 minute"},"schema":{"@context":"https:\/\/schema.org","@graph":[{"@type":"WebPage","@id":"https:\/\/www.mines-stetienne.fr\/spin-fr\/physique-des-milieux-divises\/","url":"https:\/\/www.mines-stetienne.fr\/spin-fr\/physique-des-milieux-divises\/","name":"Recrutement d'un ma\u00eetre-assistant en Physique des Milieux Divis\u00e9s - Centre SPIN","isPartOf":{"@id":"https:\/\/www.mines-stetienne.fr\/spin-fr\/#website"},"datePublished":"2019-02-27T17:08:01+00:00","dateModified":"2019-02-27T20:30:11+00:00","breadcrumb":{"@id":"https:\/\/www.mines-stetienne.fr\/spin-fr\/physique-des-milieux-divises\/#breadcrumb"},"inLanguage":"fr-FR","potentialAction":[{"@type":"ReadAction","target":["https:\/\/www.mines-stetienne.fr\/spin-fr\/physique-des-milieux-divises\/"]}]},{"@type":"BreadcrumbList","@id":"https:\/\/www.mines-stetienne.fr\/spin-fr\/physique-des-milieux-divises\/#breadcrumb","itemListElement":[{"@type":"ListItem","position":1,"name":"Accueil","item":"https:\/\/www.mines-stetienne.fr\/spin-fr\/"},{"@type":"ListItem","position":2,"name":"Recrutement d&rsquo;un ma\u00eetre-assistant en Physique des Milieux Divis\u00e9s"}]},{"@type":"WebSite","@id":"https:\/\/www.mines-stetienne.fr\/spin-fr\/#website","url":"https:\/\/www.mines-stetienne.fr\/spin-fr\/","name":"Centre SPIN","description":"\u2013 G\u00e9nie des Proc\u00e9d\u00e9s","potentialAction":[{"@type":"SearchAction","target":{"@type":"EntryPoint","urlTemplate":"https:\/\/www.mines-stetienne.fr\/spin-fr\/?s={search_term_string}"},"query-input":{"@type":"PropertyValueSpecification","valueRequired":true,"valueName":"search_term_string"}}],"inLanguage":"fr-FR"}]}},"_links":{"self":[{"href":"https:\/\/www.mines-stetienne.fr\/spin-fr\/wp-json\/wp\/v2\/pages\/196","targetHints":{"allow":["GET"]}}],"collection":[{"href":"https:\/\/www.mines-stetienne.fr\/spin-fr\/wp-json\/wp\/v2\/pages"}],"about":[{"href":"https:\/\/www.mines-stetienne.fr\/spin-fr\/wp-json\/wp\/v2\/types\/page"}],"author":[{"embeddable":true,"href":"https:\/\/www.mines-stetienne.fr\/spin-fr\/wp-json\/wp\/v2\/users\/1478"}],"replies":[{"embeddable":true,"href":"https:\/\/www.mines-stetienne.fr\/spin-fr\/wp-json\/wp\/v2\/comments?post=196"}],"version-history":[{"count":2,"href":"https:\/\/www.mines-stetienne.fr\/spin-fr\/wp-json\/wp\/v2\/pages\/196\/revisions"}],"predecessor-version":[{"id":199,"href":"https:\/\/www.mines-stetienne.fr\/spin-fr\/wp-json\/wp\/v2\/pages\/196\/revisions\/199"}],"wp:attachment":[{"href":"https:\/\/www.mines-stetienne.fr\/spin-fr\/wp-json\/wp\/v2\/media?parent=196"}],"wp:term":[{"taxonomy":"post_tag","embeddable":true,"href":"https:\/\/www.mines-stetienne.fr\/spin-fr\/wp-json\/wp\/v2\/tags?post=196"}],"curies":[{"name":"wp","href":"https:\/\/api.w.org\/{rel}","templated":true}]}}