{"id":142,"date":"2019-02-19T19:37:03","date_gmt":"2019-02-19T18:37:03","guid":{"rendered":"https:\/\/www.mines-stetienne.fr\/spin-fr\/?page_id=142"},"modified":"2020-03-19T11:42:29","modified_gmt":"2020-03-19T10:42:29","slug":"personnel","status":"publish","type":"page","link":"https:\/\/www.mines-stetienne.fr\/spin-fr\/contact\/personnel\/","title":{"rendered":"Personnel"},"content":{"rendered":"<h3>Personnel scientifique permanent<\/h3>\n<table style=\"width: 100%\">\n<tbody>\n<tr>\n<td style=\"width: 30%\" valign=\"top\"><strong>De A \u00e0 F<\/strong><\/p>\n<ul>\n<li><a href=\"https:\/\/www.mines-stetienne.fr\/fr\/author\/bartholin\" target=\"_blank\" rel=\"noopener noreferrer\">BARTHOLIN Marie-Claude<\/a><\/li>\n<li><a href=\"https:\/\/www.mines-stetienne.fr\/fr\/author\/ebilal\/\" target=\"_blank\" rel=\"noopener noreferrer\">BILAL Essa\u00efd<\/a><\/li>\n<li><a href=\"https:\/\/www.mines-stetienne.fr\/fr\/author\/bonnefoy\/\" target=\"_blank\" rel=\"noopener noreferrer\">BONNEFOY Olivier<\/a><\/li>\n<li><a href=\"https:\/\/www.mines-stetienne.fr\/fr\/author\/bouillot\/\" target=\"_blank\" rel=\"noopener noreferrer\">BOUILLOT Baptiste<\/a><\/li>\n<li><a href=\"https:\/\/www.mines-stetienne.fr\/fr\/author\/bourgois\" target=\"_blank\" rel=\"noopener noreferrer\">BOURGOIS Jacques<\/a><\/li>\n<li><a href=\"https:\/\/www.mines-stetienne.fr\/fr\/author\/pbreuil\" target=\"_blank\" rel=\"noopener noreferrer\">BREUIL Philippe<\/a><\/li>\n<li><a href=\"https:\/\/www.mines-stetienne.fr\/fr\/author\/cameirao\" target=\"_blank\" rel=\"noopener noreferrer\">CAMEIRAO Ana<\/a><\/li>\n<li><a href=\"https:\/\/www.mines-stetienne.fr\/fr\/author\/chauvy\" target=\"_blank\" rel=\"noopener noreferrer\">CHAUVY Fabien<\/a><\/li>\n<li><a href=\"https:\/\/www.mines-stetienne.fr\/fr\/author\/debayle\" target=\"_blank\" rel=\"noopener noreferrer\">DEBAYLE Johan<\/a><\/li>\n<li><a href=\"https:\/\/www.mines-stetienne.fr\/fr\/author\/douzet\" target=\"_blank\" rel=\"noopener noreferrer\">DOUZET J\u00e9r\u00f4me<\/a><\/li>\n<li><a href=\"https:\/\/www.mines-stetienne.fr\/fr\/author\/drogo\" target=\"_blank\" rel=\"noopener noreferrer\">DROGO Richard<\/a><\/li>\n<li><a href=\"https:\/\/www.mines-stetienne.fr\/fr\/author\/dujardin\" target=\"_blank\" rel=\"noopener noreferrer\">DUJARDIN Florence<\/a><\/li>\n<li><a href=\"https:\/\/www.mines-stetienne.fr\/fr\/author\/guillaume-dumazer\" target=\"_blank\" rel=\"noopener noreferrer\" data-wplink-url-error=\"true\">DUMAZER Guillaume<\/a><\/li>\n<li><a href=\"https:\/\/www.mines-stetienne.fr\/fr\/author\/hubert-faure\" target=\"_blank\" rel=\"noopener noreferrer\">FAURE Hubert<\/a><\/li>\n<li><a href=\"https:\/\/www.mines-stetienne.fr\/fr\/author\/ofaure\" target=\"_blank\" rel=\"noopener noreferrer\">FAURE Olivier<\/a><\/li>\n<li><a href=\"https:\/\/www.mines-stetienne.fr\/fr\/author\/favergeon\" target=\"_blank\" rel=\"noopener noreferrer\">FAVERGEON Lo\u00efc<\/a><\/li>\n<li><a href=\"https:\/\/www.mines-stetienne.fr\/fr\/author\/marc-fischer\" target=\"_blank\" rel=\"noopener noreferrer\">FISCHER Marc<\/a><\/li>\n<\/ul>\n<\/td>\n<td style=\"width: 5%\"><\/td>\n<td style=\"width: 30%\" valign=\"top\"><strong>De G \u00e0 N<\/strong><\/p>\n<ul>\n<li><a href=\"https:\/\/www.mines-stetienne.fr\/fr\/author\/gallice\" target=\"_blank\" rel=\"noopener noreferrer\">GALLICE Fr\u00e9d\u00e9ric<\/a><\/li>\n<li><a href=\"https:\/\/www.mines-stetienne.fr\/fr\/author\/garcia\" target=\"_blank\" rel=\"noopener noreferrer\">GARCIA Daniel<\/a><\/li>\n<li><a href=\"https:\/\/www.mines-stetienne.fr\/fr\/author\/gavet\" target=\"_blank\" rel=\"noopener noreferrer\">GAVET Yann<\/a><\/li>\n<li><a href=\"https:\/\/www.mines-stetienne.fr\/fr\/author\/govin\" target=\"_blank\" rel=\"noopener noreferrer\">GOVIN Alexandre<\/a><\/li>\n<li><a href=\"https:\/\/www.mines-stetienne.fr\/fr\/author\/graillot\" target=\"_blank\" rel=\"noopener noreferrer\">GRAILLOT Didier<\/a><\/li>\n<li><a href=\"https:\/\/www.mines-stetienne.fr\/fr\/author\/grosseau\" target=\"_blank\" rel=\"noopener noreferrer\">GROSSEAU Philippe<\/a><\/li>\n<li><a href=\"https:\/\/www.mines-stetienne.fr\/fr\/author\/fgruy\" target=\"_blank\" rel=\"noopener noreferrer\">GRUY Fr\u00e9d\u00e9ric<\/a><\/li>\n<li><a href=\"https:\/\/www.mines-stetienne.fr\/fr\/author\/bguy\" target=\"_blank\" rel=\"noopener noreferrer\">GUY Bernard<\/a><\/li>\n<li><a href=\"https:\/\/www.mines-stetienne.fr\/fr\/author\/jmherri\" target=\"_blank\" rel=\"noopener noreferrer\">HERRI Jean-Michel<\/a><\/li>\n<li><a href=\"https:\/\/www.mines-stetienne.fr\/fr\/author\/riadh-lakhmi\" target=\"_blank\" rel=\"noopener noreferrer\">LAKHMI Riadh<\/a><\/li>\n<li><a href=\"https:\/\/www.mines-stetienne.fr\/fr\/author\/sylvain-martin\" target=\"_blank\" rel=\"noopener noreferrer\">MARTIN Sylvain<\/a><\/li>\n<li><a href=\"https:\/\/www.mines-stetienne.fr\/fr\/author\/minot\" target=\"_blank\" rel=\"noopener noreferrer\">MINOT Maxime<\/a><\/li>\n<li><a href=\"https:\/\/www.mines-stetienne.fr\/fr\/author\/jmoutte\" target=\"_blank\" rel=\"noopener noreferrer\">MOUTTE Jacques<\/a><\/li>\n<\/ul>\n<\/td>\n<td style=\"width: 5%\"><\/td>\n<td style=\"width: 30%\" valign=\"top\"><strong>De O \u00e0 Z<\/strong><\/p>\n<ul>\n<li><a href=\"https:\/\/www.mines-stetienne.fr\/fr\/author\/maelig-ollivier\" target=\"_blank\" rel=\"noopener noreferrer\">OLLIVIER Ma\u00eblig<\/a><\/li>\n<li><a href=\"https:\/\/www.mines-stetienne.fr\/fr\/author\/paran\" target=\"_blank\" rel=\"noopener noreferrer\">PARAN Fr\u00e9d\u00e9ric<\/a><\/li>\n<li><a href=\"https:\/\/www.mines-stetienne.fr\/fr\/author\/yvan-pascoletti\" target=\"_blank\" rel=\"noopener noreferrer\">PASCOLETTI Yvan<\/a><\/li>\n<li><a href=\"https:\/\/www.mines-stetienne.fr\/fr\/author\/fernando-pereira\" target=\"_blank\" rel=\"noopener noreferrer\">PEREIRA Fernando<\/a><\/li>\n<li><a href=\"https:\/\/www.mines-stetienne.fr\/fr\/author\/steve-peuble\" target=\"_blank\" rel=\"noopener noreferrer\">PEUBLE Steve<\/a><\/li>\n<li><a href=\"https:\/\/www.mines-stetienne.fr\/fr\/author\/cpijolat\" target=\"_blank\" rel=\"noopener noreferrer\">PIJOLAT Christophe<\/a><\/li>\n<li><a href=\"https:\/\/www.mines-stetienne.fr\/fr\/author\/pinoli\" target=\"_blank\" rel=\"noopener noreferrer\">PINOLI Jean-Charles<\/a><\/li>\n<li><a href=\"https:\/\/www.mines-stetienne.fr\/fr\/author\/rieu\" target=\"_blank\" rel=\"noopener noreferrer\">RIEU Mathilde<\/a><\/li>\n<li><a href=\"https:\/\/www.mines-stetienne.fr\/fr\/author\/serris\" target=\"_blank\" rel=\"noopener noreferrer\">SERRIS Eric<\/a><\/li>\n<li><a href=\"https:\/\/www.mines-stetienne.fr\/fr\/author\/gthomas\" target=\"_blank\" rel=\"noopener noreferrer\">THOMAS G\u00e9rard<\/a><\/li>\n<li><a href=\"https:\/\/www.mines-stetienne.fr\/fr\/author\/valfort\" target=\"_blank\" rel=\"noopener noreferrer\">VALFORT Olivier<\/a><\/li>\n<li><a href=\"https:\/\/www.mines-stetienne.fr\/fr\/author\/vieille\" target=\"_blank\" rel=\"noopener noreferrer\">VIEILLE La\u00ebtitia<\/a><\/li>\n<li><a href=\"https:\/\/www.mines-stetienne.fr\/fr\/author\/viricelle\" target=\"_blank\" rel=\"noopener noreferrer\">VIRICELLE Jean-Paul<\/a><\/li>\n<\/ul>\n<\/td>\n<\/tr>\n<\/tbody>\n<\/table>\n<h3>Fonctions support (secr\u00e9tariat + service informatique)<\/h3>\n<table style=\"width: 100%\">\n<tbody>\n<tr>\n<td style=\"width: 30%\" valign=\"top\">\n<ul>\n<li><a href=\"https:\/\/www.mines-stetienne.fr\/fr\/author\/bigouraux\" target=\"_blank\" rel=\"noopener noreferrer\">BIGOURAUX Carole<\/a><\/li>\n<li><a href=\"https:\/\/www.mines-stetienne.fr\/fr\/author\/celle\" target=\"_blank\" rel=\"noopener noreferrer\">CELLE Nathalie<\/a><\/li>\n<li><a href=\"https:\/\/www.mines-stetienne.fr\/fr\/author\/doumas\" target=\"_blank\" rel=\"noopener noreferrer\">DOUMAS Marc<\/a><\/li>\n<\/ul>\n<\/td>\n<td style=\"width: 5%\"><\/td>\n<td style=\"width: 30%\" valign=\"top\">\n<ul>\n<li><a href=\"https:\/\/www.mines-stetienne.fr\/fr\/author\/lillouch\" target=\"_blank\" rel=\"noopener noreferrer\">LILLOUCH Fatima<\/a><\/li>\n<li><a href=\"https:\/\/www.mines-stetienne.fr\/author\/sophie-magand\/\" target=\"_blank\" rel=\"noopener noreferrer\">MAGAND Sophie<\/a><\/li>\n<li><a href=\"https:\/\/www.mines-stetienne.fr\/fr\/author\/mancuso\" target=\"_blank\" rel=\"noopener noreferrer\">MANCUSO J\u00e9r\u00f4me<\/a><\/li>\n<\/ul>\n<\/td>\n<td style=\"width: 5%\"><\/td>\n<td style=\"width: 30%\" valign=\"top\">\n<ul>\n<li><a href=\"https:\/\/www.mines-stetienne.fr\/fr\/author\/rouviere\" target=\"_blank\" rel=\"noopener noreferrer\">ROUVIERE Marc<\/a><\/li>\n<li><a href=\"https:\/\/www.mines-stetienne.fr\/author\/vendeville\/\" target=\"_blank\" rel=\"noopener noreferrer\">VENDEVILLE Christine<\/a><\/li>\n<li><a href=\"https:\/\/www.mines-stetienne.fr\/fr\/author\/jverney\" target=\"_blank\" rel=\"noopener noreferrer\">VERNEY Jo\u00eblle<\/a><\/li>\n<\/ul>\n<\/td>\n<\/tr>\n<\/tbody>\n<\/table>\n<h3>Doctorants et post-docs<\/h3>\n<table style=\"width: 100%\">\n<tbody>\n<tr>\n<td style=\"width: 30%\" valign=\"top\"><strong>De A \u00e0 H<\/strong><\/p>\n<ul>\n<li><a href=\"https:\/\/www.mines-stetienne.fr\/author\/concettina-andrello\/\" target=\"_blank\" rel=\"noopener noreferrer\">ANDRELLO Concettina<\/a><\/li>\n<li><a href=\"https:\/\/www.mines-stetienne.fr\/author\/rachid-belhadi\/\" target=\"_blank\" rel=\"noopener noreferrer\">BELHADI Rachid<\/a><\/li>\n<li><a href=\"https:\/\/www.mines-stetienne.fr\/author\/lenaic-desfougeres\/\" target=\"_blank\" rel=\"noopener noreferrer\">DESFOUGERES Lena\u00efc<\/a><\/li>\n<li><a href=\"https:\/\/www.mines-stetienne.fr\/author\/tatyana-eremina\/\" target=\"_blank\" rel=\"noopener noreferrer\">EREMINA Tatyana<\/a><\/li>\n<li><a href=\"https:\/\/www.mines-stetienne.fr\/author\/sandra-geara\/\" target=\"_blank\" rel=\"noopener noreferrer\">GEARA Sandra<\/a><\/li>\n<li><a href=\"https:\/\/www.mines-stetienne.fr\/author\/son-ho-van\/\" target=\"_blank\" rel=\"noopener noreferrer\">HO-VAN Son<\/a><\/li>\n<\/ul>\n<\/td>\n<td style=\"width: 5%\"><\/td>\n<td style=\"width: 30%\" valign=\"top\"><strong>De K \u00e0 N<\/strong><\/p>\n<ul>\n<li><a href=\"https:\/\/www.mines-stetienne.fr\/author\/malgorzata-kaminska\/\" target=\"_blank\" rel=\"noopener noreferrer\">KAMINSKA Malgorzata<\/a><\/li>\n<li><a href=\"https:\/\/www.mines-stetienne.fr\/author\/amel-kort\/\" target=\"_blank\" rel=\"noopener noreferrer\">KORT Amel<\/a><\/li>\n<li><a href=\"https:\/\/www.mines-stetienne.fr\/en\/author\/simon-nadeau\" target=\"_blank\" rel=\"noopener noreferrer\">NADEAU Simon<\/a><\/li>\n<li><a href=\"https:\/\/www.mines-stetienne.fr\/author\/madina-naukanova\/\" target=\"_blank\" rel=\"noopener noreferrer\">NAUKAMOVA Madina<\/a><\/li>\n<\/ul>\n<\/td>\n<td style=\"width: 5%\"><\/td>\n<td style=\"width: 30%\" valign=\"top\"><strong>De P \u00e0 Z<\/strong><\/p>\n<ul>\n<li><a href=\"https:\/\/www.mines-stetienne.fr\/author\/victor-rabiet\/\" target=\"_blank\" rel=\"noopener noreferrer\">RABIET Victor<\/a><\/li>\n<li><a href=\"https:\/\/www.mines-stetienne.fr\/author\/vinicius-de-almeida\/\" target=\"_blank\" rel=\"noopener noreferrer\">RODRIGUES-DE-ALMEIDA Vinicius<\/a><\/li>\n<li><a href=\"https:\/\/www.mines-stetienne.fr\/author\/mathieu-scattolin\/\" target=\"_blank\" rel=\"noopener noreferrer\">SCATTOLIN Mathieu<\/a><\/li>\n<li><a href=\"https:\/\/www.mines-stetienne.fr\/author\/a-serikkali\/\" target=\"_blank\" rel=\"noopener noreferrer\">SERIKKALI Angsar<\/a><\/li>\n<li><a href=\"https:\/\/www.mines-stetienne.fr\/author\/mohamad-siblani\/\" target=\"_blank\" rel=\"noopener noreferrer\">SIBLANI Mohamad-Mahdi<\/a><\/li>\n<li><a href=\"https:\/\/www.mines-stetienne.fr\/author\/nikhil-tembhurnikar\/\" target=\"_blank\" rel=\"noopener noreferrer\">TEMBHURNIKAR Nikhil-Vinayak<\/a><\/li>\n<li><a href=\"https:\/\/www.mines-stetienne.fr\/author\/roland-zino\/\" target=\"_blank\" rel=\"noopener noreferrer\">ZINO Roland<\/a><\/li>\n<\/ul>\n<\/td>\n<\/tr>\n<\/tbody>\n<\/table>\n","protected":false},"excerpt":{"rendered":"<p>Personnel scientifique permanent De A \u00e0 F BARTHOLIN Marie-Claude BILAL Essa\u00efd BONNEFOY Olivier BOUILLOT Baptiste BOURGOIS Jacques BREUIL Philippe CAMEIRAO Ana CHAUVY Fabien DEBAYLE Johan DOUZET J\u00e9r\u00f4me DROGO Richard DUJARDIN Florence DUMAZER Guillaume FAURE Hubert FAURE Olivier FAVERGEON Lo\u00efc FISCHER &hellip;<\/p>\n","protected":false},"author":1478,"featured_media":0,"parent":12,"menu_order":20,"comment_status":"closed","ping_status":"closed","template":"","meta":{"footnotes":""},"tags":[],"class_list":["post-142","page","type-page","status-publish","hentry"],"pp_statuses_selecting_workflow":false,"pp_workflow_action":"current","pp_status_selection":"publish","pp_force_visibility":null,"pp_subpost_visibility":null,"pp_inherited_force_visibility":null,"pp_inherited_subpost_visibility":null,"yoast_head":"<!-- This site is optimized with the Yoast SEO plugin v27.5 - https:\/\/yoast.com\/product\/yoast-seo-wordpress\/ -->\n<title>Personnel - Centre SPIN<\/title>\n<meta name=\"robots\" content=\"index, follow, max-snippet:-1, max-image-preview:large, max-video-preview:-1\" \/>\n<link rel=\"canonical\" href=\"https:\/\/www.mines-stetienne.fr\/spin-fr\/contact\/personnel\/\" \/>\n<meta property=\"og:locale\" content=\"fr_FR\" \/>\n<meta property=\"og:type\" content=\"article\" \/>\n<meta property=\"og:title\" content=\"Personnel - Centre SPIN\" \/>\n<meta property=\"og:description\" content=\"Personnel scientifique permanent De A \u00e0 F BARTHOLIN Marie-Claude BILAL Essa\u00efd BONNEFOY Olivier BOUILLOT Baptiste BOURGOIS Jacques BREUIL Philippe CAMEIRAO Ana CHAUVY Fabien DEBAYLE Johan DOUZET J\u00e9r\u00f4me DROGO Richard DUJARDIN Florence DUMAZER Guillaume FAURE Hubert FAURE Olivier FAVERGEON Lo\u00efc FISCHER &hellip;\" \/>\n<meta property=\"og:url\" content=\"https:\/\/www.mines-stetienne.fr\/spin-fr\/contact\/personnel\/\" \/>\n<meta property=\"og:site_name\" content=\"Centre SPIN\" \/>\n<meta property=\"article:modified_time\" content=\"2020-03-19T10:42:29+00:00\" \/>\n<meta name=\"twitter:card\" content=\"summary_large_image\" \/>\n<meta name=\"twitter:label1\" content=\"Dur\u00e9e de lecture estim\u00e9e\" \/>\n\t<meta name=\"twitter:data1\" content=\"1 minute\" \/>\n<script type=\"application\/ld+json\" class=\"yoast-schema-graph\">{\"@context\":\"https:\\\/\\\/schema.org\",\"@graph\":[{\"@type\":\"WebPage\",\"@id\":\"https:\\\/\\\/www.mines-stetienne.fr\\\/spin-fr\\\/contact\\\/personnel\\\/\",\"url\":\"https:\\\/\\\/www.mines-stetienne.fr\\\/spin-fr\\\/contact\\\/personnel\\\/\",\"name\":\"Personnel - Centre SPIN\",\"isPartOf\":{\"@id\":\"https:\\\/\\\/www.mines-stetienne.fr\\\/spin-fr\\\/#website\"},\"datePublished\":\"2019-02-19T18:37:03+00:00\",\"dateModified\":\"2020-03-19T10:42:29+00:00\",\"breadcrumb\":{\"@id\":\"https:\\\/\\\/www.mines-stetienne.fr\\\/spin-fr\\\/contact\\\/personnel\\\/#breadcrumb\"},\"inLanguage\":\"fr-FR\",\"potentialAction\":[{\"@type\":\"ReadAction\",\"target\":[\"https:\\\/\\\/www.mines-stetienne.fr\\\/spin-fr\\\/contact\\\/personnel\\\/\"]}]},{\"@type\":\"BreadcrumbList\",\"@id\":\"https:\\\/\\\/www.mines-stetienne.fr\\\/spin-fr\\\/contact\\\/personnel\\\/#breadcrumb\",\"itemListElement\":[{\"@type\":\"ListItem\",\"position\":1,\"name\":\"Accueil\",\"item\":\"https:\\\/\\\/www.mines-stetienne.fr\\\/spin-fr\\\/\"},{\"@type\":\"ListItem\",\"position\":2,\"name\":\"Contact\",\"item\":\"https:\\\/\\\/www.mines-stetienne.fr\\\/spin-fr\\\/contact\\\/\"},{\"@type\":\"ListItem\",\"position\":3,\"name\":\"Personnel\"}]},{\"@type\":\"WebSite\",\"@id\":\"https:\\\/\\\/www.mines-stetienne.fr\\\/spin-fr\\\/#website\",\"url\":\"https:\\\/\\\/www.mines-stetienne.fr\\\/spin-fr\\\/\",\"name\":\"Centre SPIN\",\"description\":\"\u2013 G\u00e9nie des Proc\u00e9d\u00e9s\",\"potentialAction\":[{\"@type\":\"SearchAction\",\"target\":{\"@type\":\"EntryPoint\",\"urlTemplate\":\"https:\\\/\\\/www.mines-stetienne.fr\\\/spin-fr\\\/?s={search_term_string}\"},\"query-input\":{\"@type\":\"PropertyValueSpecification\",\"valueRequired\":true,\"valueName\":\"search_term_string\"}}],\"inLanguage\":\"fr-FR\"}]}<\/script>\n<!-- \/ Yoast SEO plugin. -->","yoast_head_json":{"title":"Personnel - Centre SPIN","robots":{"index":"index","follow":"follow","max-snippet":"max-snippet:-1","max-image-preview":"max-image-preview:large","max-video-preview":"max-video-preview:-1"},"canonical":"https:\/\/www.mines-stetienne.fr\/spin-fr\/contact\/personnel\/","og_locale":"fr_FR","og_type":"article","og_title":"Personnel - Centre SPIN","og_description":"Personnel scientifique permanent De A \u00e0 F BARTHOLIN Marie-Claude BILAL Essa\u00efd BONNEFOY Olivier BOUILLOT Baptiste BOURGOIS Jacques BREUIL Philippe CAMEIRAO Ana CHAUVY Fabien DEBAYLE Johan DOUZET J\u00e9r\u00f4me DROGO Richard DUJARDIN Florence DUMAZER Guillaume FAURE Hubert FAURE Olivier FAVERGEON Lo\u00efc FISCHER &hellip;","og_url":"https:\/\/www.mines-stetienne.fr\/spin-fr\/contact\/personnel\/","og_site_name":"Centre SPIN","article_modified_time":"2020-03-19T10:42:29+00:00","twitter_card":"summary_large_image","twitter_misc":{"Dur\u00e9e de lecture estim\u00e9e":"1 minute"},"schema":{"@context":"https:\/\/schema.org","@graph":[{"@type":"WebPage","@id":"https:\/\/www.mines-stetienne.fr\/spin-fr\/contact\/personnel\/","url":"https:\/\/www.mines-stetienne.fr\/spin-fr\/contact\/personnel\/","name":"Personnel - Centre SPIN","isPartOf":{"@id":"https:\/\/www.mines-stetienne.fr\/spin-fr\/#website"},"datePublished":"2019-02-19T18:37:03+00:00","dateModified":"2020-03-19T10:42:29+00:00","breadcrumb":{"@id":"https:\/\/www.mines-stetienne.fr\/spin-fr\/contact\/personnel\/#breadcrumb"},"inLanguage":"fr-FR","potentialAction":[{"@type":"ReadAction","target":["https:\/\/www.mines-stetienne.fr\/spin-fr\/contact\/personnel\/"]}]},{"@type":"BreadcrumbList","@id":"https:\/\/www.mines-stetienne.fr\/spin-fr\/contact\/personnel\/#breadcrumb","itemListElement":[{"@type":"ListItem","position":1,"name":"Accueil","item":"https:\/\/www.mines-stetienne.fr\/spin-fr\/"},{"@type":"ListItem","position":2,"name":"Contact","item":"https:\/\/www.mines-stetienne.fr\/spin-fr\/contact\/"},{"@type":"ListItem","position":3,"name":"Personnel"}]},{"@type":"WebSite","@id":"https:\/\/www.mines-stetienne.fr\/spin-fr\/#website","url":"https:\/\/www.mines-stetienne.fr\/spin-fr\/","name":"Centre SPIN","description":"\u2013 G\u00e9nie des Proc\u00e9d\u00e9s","potentialAction":[{"@type":"SearchAction","target":{"@type":"EntryPoint","urlTemplate":"https:\/\/www.mines-stetienne.fr\/spin-fr\/?s={search_term_string}"},"query-input":{"@type":"PropertyValueSpecification","valueRequired":true,"valueName":"search_term_string"}}],"inLanguage":"fr-FR"}]}},"_links":{"self":[{"href":"https:\/\/www.mines-stetienne.fr\/spin-fr\/wp-json\/wp\/v2\/pages\/142","targetHints":{"allow":["GET"]}}],"collection":[{"href":"https:\/\/www.mines-stetienne.fr\/spin-fr\/wp-json\/wp\/v2\/pages"}],"about":[{"href":"https:\/\/www.mines-stetienne.fr\/spin-fr\/wp-json\/wp\/v2\/types\/page"}],"author":[{"embeddable":true,"href":"https:\/\/www.mines-stetienne.fr\/spin-fr\/wp-json\/wp\/v2\/users\/1478"}],"replies":[{"embeddable":true,"href":"https:\/\/www.mines-stetienne.fr\/spin-fr\/wp-json\/wp\/v2\/comments?post=142"}],"version-history":[{"count":13,"href":"https:\/\/www.mines-stetienne.fr\/spin-fr\/wp-json\/wp\/v2\/pages\/142\/revisions"}],"predecessor-version":[{"id":365,"href":"https:\/\/www.mines-stetienne.fr\/spin-fr\/wp-json\/wp\/v2\/pages\/142\/revisions\/365"}],"up":[{"embeddable":true,"href":"https:\/\/www.mines-stetienne.fr\/spin-fr\/wp-json\/wp\/v2\/pages\/12"}],"wp:attachment":[{"href":"https:\/\/www.mines-stetienne.fr\/spin-fr\/wp-json\/wp\/v2\/media?parent=142"}],"wp:term":[{"taxonomy":"post_tag","embeddable":true,"href":"https:\/\/www.mines-stetienne.fr\/spin-fr\/wp-json\/wp\/v2\/tags?post=142"}],"curies":[{"name":"wp","href":"https:\/\/api.w.org\/{rel}","templated":true}]}}