{"id":133,"date":"2019-02-19T19:31:48","date_gmt":"2019-02-19T18:31:48","guid":{"rendered":"https:\/\/www.mines-stetienne.fr\/spin-fr\/?page_id=133"},"modified":"2024-07-05T11:24:37","modified_gmt":"2024-07-05T09:24:37","slug":"envoyer-un-email","status":"publish","type":"page","link":"https:\/\/www.mines-stetienne.fr\/spin-fr\/contact\/envoyer-un-email\/","title":{"rendered":"Envoyer un Email"},"content":{"rendered":"<div class=\"frm_forms  with_frm_style frm_style_style-formidable\" id=\"frm_form_1_container\" >\n<form enctype=\"multipart\/form-data\" method=\"post\" class=\"frm-show-form  frm_pro_form \" id=\"form_contact-form\" >\n<div class=\"frm_form_fields \">\n<fieldset>\n<legend class=\"frm_screen_reader\">Contact<\/legend>\r\n\r\n<div class=\"frm_fields_container\">\n<input type=\"hidden\" name=\"frm_action\" value=\"create\" \/>\n<input type=\"hidden\" name=\"form_id\" value=\"1\" \/>\n<input type=\"hidden\" name=\"frm_hide_fields_1\" id=\"frm_hide_fields_1\" value=\"\" \/>\n<input type=\"hidden\" name=\"form_key\" value=\"contact-form\" \/>\n<input type=\"hidden\" name=\"item_meta[0]\" value=\"\" \/>\n<input type=\"hidden\" id=\"frm_submit_entry_1\" name=\"frm_submit_entry_1\" value=\"d7175df685\" \/><input type=\"hidden\" name=\"_wp_http_referer\" value=\"\/spin-fr\/wp-json\/wp\/v2\/pages\/133\" \/><div id=\"frm_field_1_container\" class=\"frm_form_field form-field  frm_required_field frm_top_container frm_first frm_half\">\r\n\t<label for=\"field_qh4icy\" id=\"field_qh4icy_label\" class=\"frm_primary_label\">Pr\u00e9nom\r\n\t\t<span class=\"frm_required\" aria-hidden=\"true\">*<\/span>\r\n\t<\/label>\r\n\t<input  type=\"text\" id=\"field_qh4icy\" name=\"item_meta[1]\" value=\"\"  data-reqmsg=\"Pr\u00e9nom ne peut pas \u00eatre vide.\" aria-required=\"true\" data-invmsg=\"Pr\u00e9nom est non valide\" aria-invalid=\"false\"   \/>\r\n\t\r\n\t\r\n<\/div>\n<div id=\"frm_field_2_container\" class=\"frm_form_field form-field  frm_required_field frm_top_container frm_half\">\r\n\t<label for=\"field_ocfup1\" id=\"field_ocfup1_label\" class=\"frm_primary_label\">Nom\r\n\t\t<span class=\"frm_required\" aria-hidden=\"true\">*<\/span>\r\n\t<\/label>\r\n\t<input  type=\"text\" id=\"field_ocfup1\" name=\"item_meta[2]\" value=\"\"  data-reqmsg=\"Nom ne peut pas \u00eatre vide.\" aria-required=\"true\" data-invmsg=\"Nom est non valide\" aria-invalid=\"false\"   \/>\r\n\t\r\n\t\r\n<\/div>\n<div id=\"frm_field_3_container\" class=\"frm_form_field form-field  frm_required_field frm_top_container frm_full\">\r\n\t<label for=\"field_29yf4d\" id=\"field_29yf4d_label\" class=\"frm_primary_label\">Email\r\n\t\t<span class=\"frm_required\" aria-hidden=\"true\">*<\/span>\r\n\t<\/label>\r\n\t<input type=\"email\" id=\"field_29yf4d\" name=\"item_meta[3]\" value=\"\"  data-reqmsg=\"Email ne peut pas \u00eatre vide.\" aria-required=\"true\" data-invmsg=\"Please enter a valid email address\" aria-invalid=\"false\"  \/>\r\n\t\r\n\t\r\n<\/div>\n<div id=\"frm_field_4_container\" class=\"frm_form_field form-field  frm_required_field frm_top_container frm_full\">\r\n\t<label for=\"field_e6lis6\" id=\"field_e6lis6_label\" class=\"frm_primary_label\">Objet\r\n\t\t<span class=\"frm_required\" aria-hidden=\"true\">*<\/span>\r\n\t<\/label>\r\n\t<input  type=\"text\" id=\"field_e6lis6\" name=\"item_meta[4]\" value=\"\"  data-reqmsg=\"Objet ne peut pas \u00eatre vide.\" aria-required=\"true\" data-invmsg=\"Objet est non valide\" aria-invalid=\"false\"   \/>\r\n\t\r\n\t\r\n<\/div>\n<div id=\"frm_field_5_container\" class=\"frm_form_field form-field  frm_required_field frm_top_container frm_full\">\r\n\t<label for=\"field_9jv0r1\" id=\"field_9jv0r1_label\" class=\"frm_primary_label\">Message\r\n\t\t<span class=\"frm_required\" aria-hidden=\"true\">*<\/span>\r\n\t<\/label>\r\n\t<textarea name=\"item_meta[5]\" id=\"field_9jv0r1\" rows=\"5\"  data-reqmsg=\"Message ne peut pas \u00eatre vide.\" aria-required=\"true\" data-invmsg=\"Message est non valide\" aria-invalid=\"false\"  ><\/textarea>\r\n\t\r\n\t\r\n<\/div>\n<div id=\"frm_field_6_container\" class=\"frm_form_field form-field \">\r\n\t<div class=\"frm_submit frm_flex\">\r\n<button class=\"frm_button_submit frm_final_submit\" type=\"submit\"   formnovalidate=\"formnovalidate\">Envoyer<\/button>\r\n\r\n\r\n\r\n<\/div>\r\n<\/div>\n<div id=\"frm_field_7_container\" class=\"frm_form_field form-field  frm_required_field frm_top_container vertical_radio\">\r\n\t<div  id=\"field_7c9oi_label\" class=\"frm_primary_label\">RGPD\r\n\t\t<span class=\"frm_required\" aria-hidden=\"true\">*<\/span>\r\n\t<\/div>\r\n\t<div class=\"frm_opt_container\" aria-labelledby=\"field_7c9oi_label\" role=\"group\">\t\t<div class=\"frm_checkbox\" id=\"frm_checkbox_7-0\">\t\t\t<label  for=\"field_7c9oi-0\">\n\t\t\t<input type=\"checkbox\" name=\"item_meta[7][]\" id=\"field_7c9oi-0\" value=\"En cochant cette case, j\u2019accepte les conditions g\u00e9n\u00e9rales d\u2019utilisation du site et donne mon consentement pour le stockage de mes donn\u00e9es personnelles.\"  data-reqmsg=\"RGPD ne peut pas \u00eatre vide.\" data-invmsg=\"RGPD est non valide\"   aria-required=\"true\"  \/> En cochant cette case, j\u2019accepte les conditions g\u00e9n\u00e9rales d\u2019utilisation du site et donne mon consentement pour le stockage de mes donn\u00e9es personnelles.<\/label><\/div>\n<\/div>\r\n\t<div class=\"frm_description\" id=\"frm_desc_field_7c9oi\">Consultez la page des <a href=\"https:\/\/www.mines-stetienne.fr\/informations-legales\/\">mentions l\u00e9gales et politique de confidentialit\u00e9<\/a>.<\/div>\r\n\t\r\n<\/div>\n\t<input type=\"hidden\" name=\"item_key\" value=\"\" \/>\n\t\t\t<div id=\"frm_field_8_container\">\n\t\t\t<label for=\"field_v7qcz\" >\n\t\t\t\tSi vous \u00eates un humain, ne remplissez pas ce champ.\t\t\t<\/label>\n\t\t\t<input  id=\"field_v7qcz\" type=\"text\" class=\"frm_form_field form-field frm_verify\" name=\"item_meta[8]\" value=\"\"  \/>\n\t\t<\/div>\n\t\t<input name=\"frm_state\" type=\"hidden\" value=\"5\/kGTQPGZ8ZYE8M\/7wLJKV2DwW8sOSvaa+6nZyOG9aA8eb62+7aco7COJruApLo7\" \/><\/div>\n<\/fieldset>\n<\/div>\n\n<\/form>\n<\/div>\n\n","protected":false},"excerpt":{"rendered":"","protected":false},"author":1478,"featured_media":0,"parent":12,"menu_order":22,"comment_status":"closed","ping_status":"closed","template":"","meta":{"footnotes":""},"tags":[],"class_list":["post-133","page","type-page","status-publish","hentry"],"pp_statuses_selecting_workflow":false,"pp_workflow_action":"current","pp_status_selection":"publish","pp_force_visibility":null,"pp_subpost_visibility":null,"pp_inherited_force_visibility":null,"pp_inherited_subpost_visibility":null,"yoast_head":"<!-- This site is optimized with the Yoast SEO plugin v27.5 - https:\/\/yoast.com\/product\/yoast-seo-wordpress\/ -->\n<title>Envoyer un Email - Centre SPIN<\/title>\n<meta name=\"robots\" content=\"index, follow, max-snippet:-1, max-image-preview:large, max-video-preview:-1\" \/>\n<link rel=\"canonical\" href=\"https:\/\/www.mines-stetienne.fr\/spin-fr\/contact\/envoyer-un-email\/\" \/>\n<meta property=\"og:locale\" content=\"fr_FR\" \/>\n<meta property=\"og:type\" content=\"article\" \/>\n<meta property=\"og:title\" content=\"Envoyer un Email - Centre SPIN\" \/>\n<meta property=\"og:url\" content=\"https:\/\/www.mines-stetienne.fr\/spin-fr\/contact\/envoyer-un-email\/\" \/>\n<meta property=\"og:site_name\" content=\"Centre SPIN\" \/>\n<meta property=\"article:modified_time\" content=\"2024-07-05T09:24:37+00:00\" \/>\n<meta name=\"twitter:card\" content=\"summary_large_image\" \/>\n<meta name=\"twitter:label1\" content=\"Dur\u00e9e de lecture estim\u00e9e\" \/>\n\t<meta name=\"twitter:data1\" content=\"1 minute\" \/>\n<script type=\"application\/ld+json\" class=\"yoast-schema-graph\">{\"@context\":\"https:\\\/\\\/schema.org\",\"@graph\":[{\"@type\":\"WebPage\",\"@id\":\"https:\\\/\\\/www.mines-stetienne.fr\\\/spin-fr\\\/contact\\\/envoyer-un-email\\\/\",\"url\":\"https:\\\/\\\/www.mines-stetienne.fr\\\/spin-fr\\\/contact\\\/envoyer-un-email\\\/\",\"name\":\"Envoyer un Email - Centre SPIN\",\"isPartOf\":{\"@id\":\"https:\\\/\\\/www.mines-stetienne.fr\\\/spin-fr\\\/#website\"},\"datePublished\":\"2019-02-19T18:31:48+00:00\",\"dateModified\":\"2024-07-05T09:24:37+00:00\",\"breadcrumb\":{\"@id\":\"https:\\\/\\\/www.mines-stetienne.fr\\\/spin-fr\\\/contact\\\/envoyer-un-email\\\/#breadcrumb\"},\"inLanguage\":\"fr-FR\",\"potentialAction\":[{\"@type\":\"ReadAction\",\"target\":[\"https:\\\/\\\/www.mines-stetienne.fr\\\/spin-fr\\\/contact\\\/envoyer-un-email\\\/\"]}]},{\"@type\":\"BreadcrumbList\",\"@id\":\"https:\\\/\\\/www.mines-stetienne.fr\\\/spin-fr\\\/contact\\\/envoyer-un-email\\\/#breadcrumb\",\"itemListElement\":[{\"@type\":\"ListItem\",\"position\":1,\"name\":\"Accueil\",\"item\":\"https:\\\/\\\/www.mines-stetienne.fr\\\/spin-fr\\\/\"},{\"@type\":\"ListItem\",\"position\":2,\"name\":\"Contact\",\"item\":\"https:\\\/\\\/www.mines-stetienne.fr\\\/spin-fr\\\/contact\\\/\"},{\"@type\":\"ListItem\",\"position\":3,\"name\":\"Envoyer un Email\"}]},{\"@type\":\"WebSite\",\"@id\":\"https:\\\/\\\/www.mines-stetienne.fr\\\/spin-fr\\\/#website\",\"url\":\"https:\\\/\\\/www.mines-stetienne.fr\\\/spin-fr\\\/\",\"name\":\"Centre SPIN\",\"description\":\"\u2013 G\u00e9nie des Proc\u00e9d\u00e9s\",\"potentialAction\":[{\"@type\":\"SearchAction\",\"target\":{\"@type\":\"EntryPoint\",\"urlTemplate\":\"https:\\\/\\\/www.mines-stetienne.fr\\\/spin-fr\\\/?s={search_term_string}\"},\"query-input\":{\"@type\":\"PropertyValueSpecification\",\"valueRequired\":true,\"valueName\":\"search_term_string\"}}],\"inLanguage\":\"fr-FR\"}]}<\/script>\n<!-- \/ Yoast SEO plugin. -->","yoast_head_json":{"title":"Envoyer un Email - Centre SPIN","robots":{"index":"index","follow":"follow","max-snippet":"max-snippet:-1","max-image-preview":"max-image-preview:large","max-video-preview":"max-video-preview:-1"},"canonical":"https:\/\/www.mines-stetienne.fr\/spin-fr\/contact\/envoyer-un-email\/","og_locale":"fr_FR","og_type":"article","og_title":"Envoyer un Email - Centre SPIN","og_url":"https:\/\/www.mines-stetienne.fr\/spin-fr\/contact\/envoyer-un-email\/","og_site_name":"Centre SPIN","article_modified_time":"2024-07-05T09:24:37+00:00","twitter_card":"summary_large_image","twitter_misc":{"Dur\u00e9e de lecture estim\u00e9e":"1 minute"},"schema":{"@context":"https:\/\/schema.org","@graph":[{"@type":"WebPage","@id":"https:\/\/www.mines-stetienne.fr\/spin-fr\/contact\/envoyer-un-email\/","url":"https:\/\/www.mines-stetienne.fr\/spin-fr\/contact\/envoyer-un-email\/","name":"Envoyer un Email - Centre SPIN","isPartOf":{"@id":"https:\/\/www.mines-stetienne.fr\/spin-fr\/#website"},"datePublished":"2019-02-19T18:31:48+00:00","dateModified":"2024-07-05T09:24:37+00:00","breadcrumb":{"@id":"https:\/\/www.mines-stetienne.fr\/spin-fr\/contact\/envoyer-un-email\/#breadcrumb"},"inLanguage":"fr-FR","potentialAction":[{"@type":"ReadAction","target":["https:\/\/www.mines-stetienne.fr\/spin-fr\/contact\/envoyer-un-email\/"]}]},{"@type":"BreadcrumbList","@id":"https:\/\/www.mines-stetienne.fr\/spin-fr\/contact\/envoyer-un-email\/#breadcrumb","itemListElement":[{"@type":"ListItem","position":1,"name":"Accueil","item":"https:\/\/www.mines-stetienne.fr\/spin-fr\/"},{"@type":"ListItem","position":2,"name":"Contact","item":"https:\/\/www.mines-stetienne.fr\/spin-fr\/contact\/"},{"@type":"ListItem","position":3,"name":"Envoyer un Email"}]},{"@type":"WebSite","@id":"https:\/\/www.mines-stetienne.fr\/spin-fr\/#website","url":"https:\/\/www.mines-stetienne.fr\/spin-fr\/","name":"Centre SPIN","description":"\u2013 G\u00e9nie des Proc\u00e9d\u00e9s","potentialAction":[{"@type":"SearchAction","target":{"@type":"EntryPoint","urlTemplate":"https:\/\/www.mines-stetienne.fr\/spin-fr\/?s={search_term_string}"},"query-input":{"@type":"PropertyValueSpecification","valueRequired":true,"valueName":"search_term_string"}}],"inLanguage":"fr-FR"}]}},"_links":{"self":[{"href":"https:\/\/www.mines-stetienne.fr\/spin-fr\/wp-json\/wp\/v2\/pages\/133","targetHints":{"allow":["GET"]}}],"collection":[{"href":"https:\/\/www.mines-stetienne.fr\/spin-fr\/wp-json\/wp\/v2\/pages"}],"about":[{"href":"https:\/\/www.mines-stetienne.fr\/spin-fr\/wp-json\/wp\/v2\/types\/page"}],"author":[{"embeddable":true,"href":"https:\/\/www.mines-stetienne.fr\/spin-fr\/wp-json\/wp\/v2\/users\/1478"}],"replies":[{"embeddable":true,"href":"https:\/\/www.mines-stetienne.fr\/spin-fr\/wp-json\/wp\/v2\/comments?post=133"}],"version-history":[{"count":2,"href":"https:\/\/www.mines-stetienne.fr\/spin-fr\/wp-json\/wp\/v2\/pages\/133\/revisions"}],"predecessor-version":[{"id":1779,"href":"https:\/\/www.mines-stetienne.fr\/spin-fr\/wp-json\/wp\/v2\/pages\/133\/revisions\/1779"}],"up":[{"embeddable":true,"href":"https:\/\/www.mines-stetienne.fr\/spin-fr\/wp-json\/wp\/v2\/pages\/12"}],"wp:attachment":[{"href":"https:\/\/www.mines-stetienne.fr\/spin-fr\/wp-json\/wp\/v2\/media?parent=133"}],"wp:term":[{"taxonomy":"post_tag","embeddable":true,"href":"https:\/\/www.mines-stetienne.fr\/spin-fr\/wp-json\/wp\/v2\/tags?post=133"}],"curies":[{"name":"wp","href":"https:\/\/api.w.org\/{rel}","templated":true}]}}