{"id":12,"date":"2019-01-18T15:41:26","date_gmt":"2019-01-18T14:41:26","guid":{"rendered":"https:\/\/www.mines-stetienne.fr\/spin1\/?page_id=12"},"modified":"2024-02-02T10:48:58","modified_gmt":"2024-02-02T09:48:58","slug":"contact","status":"publish","type":"page","link":"https:\/\/www.mines-stetienne.fr\/spin-fr\/contact\/","title":{"rendered":"Contact"},"content":{"rendered":"<p>&nbsp;<\/p>\n<table style=\"width: 100%\">\n<tbody>\n<tr style=\"height: 60px\">\n<td style=\"width: 142.9px;height: 60px;text-align: center\"><a href=\"https:\/\/www.mines-stetienne.fr\/spin-fr\/contac\/personnel\/\"><img decoding=\"async\" class=\"alignnone wp-image-216 size-medium\" src=\"https:\/\/www.mines-stetienne.fr\/spin\/wp-content\/uploads\/sites\/11\/2019\/01\/DIrectory.png\" alt=\"\" width=\"200\" height=\"155\" \/><\/a><\/td>\n<td style=\"width: 7.26667px;height: 60px;text-align: center\"><\/td>\n<td style=\"width: 142.9px;height: 84px;text-align: center\"><a href=\"https:\/\/www.mines-stetienne.fr\/spin-fr\/contac\/ou-nous-trouver\/\"><img decoding=\"async\" class=\"alignnone size-medium wp-image-216\" src=\"https:\/\/www.mines-stetienne.fr\/spin\/wp-content\/uploads\/sites\/11\/2019\/01\/WhereToFindUs.png\" alt=\"\" width=\"200\" height=\"155\" \/><\/a><\/td>\n<td style=\"width: 10.2667px;height: 60px;text-align: center\"><\/td>\n<td style=\"width: 142.9px;height: 84px;text-align: center\"><a href=\"https:\/\/www.mines-stetienne.fr\/spin-fr\/contac\/envoyer-un-email\/\"><img decoding=\"async\" class=\"alignnone size-medium wp-image-216\" src=\"https:\/\/www.mines-stetienne.fr\/spin\/wp-content\/uploads\/sites\/11\/2019\/01\/SendAnEmail.jpg\" alt=\"\" width=\"200\" height=\"155\" \/><\/a><\/td>\n<\/tr>\n<tr style=\"height: 10px\">\n<td style=\"width: 142.9px;height: 24px;text-align: center\">\n<h4><a href=\"https:\/\/www.mines-stetienne.fr\/spin-fr\/contac\/personnel\/\">Personnel<\/a><\/h4>\n<\/td>\n<td style=\"width: 7.26667px;height: 24px;text-align: center\"><\/td>\n<td style=\"width: 126.817px;height: 24px;text-align: center\">\n<h4><a href=\"https:\/\/www.mines-stetienne.fr\/spin-fr\/contac\/ou-nous-trouver\/\">O\u00f9 nous trouver ?<\/a><\/h4>\n<\/td>\n<td style=\"width: 10.2667px;height: 24px;text-align: center\"><\/td>\n<td style=\"width: 110.75px;height: 24px;text-align: center\">\n<h4><a href=\"https:\/\/www.mines-stetienne.fr\/spin-fr\/contac\/envoyer-un-email\/\">Envoyer un e-mail<\/a><\/h4>\n<\/td>\n<\/tr>\n<\/tbody>\n<\/table>\n","protected":false},"excerpt":{"rendered":"<p>&nbsp; Personnel O\u00f9 nous trouver ? Envoyer un e-mail<\/p>\n","protected":false},"author":1478,"featured_media":0,"parent":0,"menu_order":100,"comment_status":"closed","ping_status":"closed","template":"","meta":{"footnotes":""},"tags":[],"class_list":["post-12","page","type-page","status-publish","hentry"],"pp_statuses_selecting_workflow":false,"pp_workflow_action":"current","pp_status_selection":"publish","pp_force_visibility":null,"pp_subpost_visibility":null,"pp_inherited_force_visibility":null,"pp_inherited_subpost_visibility":null,"yoast_head":"<!-- This site is optimized with the Yoast SEO plugin v27.5 - https:\/\/yoast.com\/product\/yoast-seo-wordpress\/ -->\n<title>Contact - Centre SPIN<\/title>\n<meta name=\"robots\" content=\"index, follow, max-snippet:-1, max-image-preview:large, max-video-preview:-1\" \/>\n<link rel=\"canonical\" href=\"https:\/\/www.mines-stetienne.fr\/spin-fr\/contact\/\" \/>\n<meta property=\"og:locale\" content=\"fr_FR\" \/>\n<meta property=\"og:type\" content=\"article\" \/>\n<meta property=\"og:title\" content=\"Contact - Centre SPIN\" \/>\n<meta property=\"og:description\" content=\"&nbsp; Personnel O\u00f9 nous trouver ? Envoyer un e-mail\" \/>\n<meta property=\"og:url\" content=\"https:\/\/www.mines-stetienne.fr\/spin-fr\/contact\/\" \/>\n<meta property=\"og:site_name\" content=\"Centre SPIN\" \/>\n<meta property=\"article:modified_time\" content=\"2024-02-02T09:48:58+00:00\" \/>\n<meta property=\"og:image\" content=\"https:\/\/www.mines-stetienne.fr\/spin\/wp-content\/uploads\/sites\/11\/2019\/01\/DIrectory.png\" \/>\n<meta name=\"twitter:card\" content=\"summary_large_image\" \/>\n<script type=\"application\/ld+json\" class=\"yoast-schema-graph\">{\"@context\":\"https:\\\/\\\/schema.org\",\"@graph\":[{\"@type\":\"WebPage\",\"@id\":\"https:\\\/\\\/www.mines-stetienne.fr\\\/spin-fr\\\/contact\\\/\",\"url\":\"https:\\\/\\\/www.mines-stetienne.fr\\\/spin-fr\\\/contact\\\/\",\"name\":\"Contact - Centre SPIN\",\"isPartOf\":{\"@id\":\"https:\\\/\\\/www.mines-stetienne.fr\\\/spin-fr\\\/#website\"},\"primaryImageOfPage\":{\"@id\":\"https:\\\/\\\/www.mines-stetienne.fr\\\/spin-fr\\\/contact\\\/#primaryimage\"},\"image\":{\"@id\":\"https:\\\/\\\/www.mines-stetienne.fr\\\/spin-fr\\\/contact\\\/#primaryimage\"},\"thumbnailUrl\":\"https:\\\/\\\/www.mines-stetienne.fr\\\/spin\\\/wp-content\\\/uploads\\\/sites\\\/11\\\/2019\\\/01\\\/DIrectory.png\",\"datePublished\":\"2019-01-18T14:41:26+00:00\",\"dateModified\":\"2024-02-02T09:48:58+00:00\",\"breadcrumb\":{\"@id\":\"https:\\\/\\\/www.mines-stetienne.fr\\\/spin-fr\\\/contact\\\/#breadcrumb\"},\"inLanguage\":\"fr-FR\",\"potentialAction\":[{\"@type\":\"ReadAction\",\"target\":[\"https:\\\/\\\/www.mines-stetienne.fr\\\/spin-fr\\\/contact\\\/\"]}]},{\"@type\":\"ImageObject\",\"inLanguage\":\"fr-FR\",\"@id\":\"https:\\\/\\\/www.mines-stetienne.fr\\\/spin-fr\\\/contact\\\/#primaryimage\",\"url\":\"https:\\\/\\\/www.mines-stetienne.fr\\\/spin\\\/wp-content\\\/uploads\\\/sites\\\/11\\\/2019\\\/01\\\/DIrectory.png\",\"contentUrl\":\"https:\\\/\\\/www.mines-stetienne.fr\\\/spin\\\/wp-content\\\/uploads\\\/sites\\\/11\\\/2019\\\/01\\\/DIrectory.png\"},{\"@type\":\"BreadcrumbList\",\"@id\":\"https:\\\/\\\/www.mines-stetienne.fr\\\/spin-fr\\\/contact\\\/#breadcrumb\",\"itemListElement\":[{\"@type\":\"ListItem\",\"position\":1,\"name\":\"Accueil\",\"item\":\"https:\\\/\\\/www.mines-stetienne.fr\\\/spin-fr\\\/\"},{\"@type\":\"ListItem\",\"position\":2,\"name\":\"Contact\"}]},{\"@type\":\"WebSite\",\"@id\":\"https:\\\/\\\/www.mines-stetienne.fr\\\/spin-fr\\\/#website\",\"url\":\"https:\\\/\\\/www.mines-stetienne.fr\\\/spin-fr\\\/\",\"name\":\"Centre SPIN\",\"description\":\"\u2013 G\u00e9nie des Proc\u00e9d\u00e9s\",\"potentialAction\":[{\"@type\":\"SearchAction\",\"target\":{\"@type\":\"EntryPoint\",\"urlTemplate\":\"https:\\\/\\\/www.mines-stetienne.fr\\\/spin-fr\\\/?s={search_term_string}\"},\"query-input\":{\"@type\":\"PropertyValueSpecification\",\"valueRequired\":true,\"valueName\":\"search_term_string\"}}],\"inLanguage\":\"fr-FR\"}]}<\/script>\n<!-- \/ Yoast SEO plugin. -->","yoast_head_json":{"title":"Contact - Centre SPIN","robots":{"index":"index","follow":"follow","max-snippet":"max-snippet:-1","max-image-preview":"max-image-preview:large","max-video-preview":"max-video-preview:-1"},"canonical":"https:\/\/www.mines-stetienne.fr\/spin-fr\/contact\/","og_locale":"fr_FR","og_type":"article","og_title":"Contact - Centre SPIN","og_description":"&nbsp; Personnel O\u00f9 nous trouver ? Envoyer un e-mail","og_url":"https:\/\/www.mines-stetienne.fr\/spin-fr\/contact\/","og_site_name":"Centre SPIN","article_modified_time":"2024-02-02T09:48:58+00:00","og_image":[{"url":"https:\/\/www.mines-stetienne.fr\/spin\/wp-content\/uploads\/sites\/11\/2019\/01\/DIrectory.png","type":"","width":"","height":""}],"twitter_card":"summary_large_image","schema":{"@context":"https:\/\/schema.org","@graph":[{"@type":"WebPage","@id":"https:\/\/www.mines-stetienne.fr\/spin-fr\/contact\/","url":"https:\/\/www.mines-stetienne.fr\/spin-fr\/contact\/","name":"Contact - Centre SPIN","isPartOf":{"@id":"https:\/\/www.mines-stetienne.fr\/spin-fr\/#website"},"primaryImageOfPage":{"@id":"https:\/\/www.mines-stetienne.fr\/spin-fr\/contact\/#primaryimage"},"image":{"@id":"https:\/\/www.mines-stetienne.fr\/spin-fr\/contact\/#primaryimage"},"thumbnailUrl":"https:\/\/www.mines-stetienne.fr\/spin\/wp-content\/uploads\/sites\/11\/2019\/01\/DIrectory.png","datePublished":"2019-01-18T14:41:26+00:00","dateModified":"2024-02-02T09:48:58+00:00","breadcrumb":{"@id":"https:\/\/www.mines-stetienne.fr\/spin-fr\/contact\/#breadcrumb"},"inLanguage":"fr-FR","potentialAction":[{"@type":"ReadAction","target":["https:\/\/www.mines-stetienne.fr\/spin-fr\/contact\/"]}]},{"@type":"ImageObject","inLanguage":"fr-FR","@id":"https:\/\/www.mines-stetienne.fr\/spin-fr\/contact\/#primaryimage","url":"https:\/\/www.mines-stetienne.fr\/spin\/wp-content\/uploads\/sites\/11\/2019\/01\/DIrectory.png","contentUrl":"https:\/\/www.mines-stetienne.fr\/spin\/wp-content\/uploads\/sites\/11\/2019\/01\/DIrectory.png"},{"@type":"BreadcrumbList","@id":"https:\/\/www.mines-stetienne.fr\/spin-fr\/contact\/#breadcrumb","itemListElement":[{"@type":"ListItem","position":1,"name":"Accueil","item":"https:\/\/www.mines-stetienne.fr\/spin-fr\/"},{"@type":"ListItem","position":2,"name":"Contact"}]},{"@type":"WebSite","@id":"https:\/\/www.mines-stetienne.fr\/spin-fr\/#website","url":"https:\/\/www.mines-stetienne.fr\/spin-fr\/","name":"Centre SPIN","description":"\u2013 G\u00e9nie des Proc\u00e9d\u00e9s","potentialAction":[{"@type":"SearchAction","target":{"@type":"EntryPoint","urlTemplate":"https:\/\/www.mines-stetienne.fr\/spin-fr\/?s={search_term_string}"},"query-input":{"@type":"PropertyValueSpecification","valueRequired":true,"valueName":"search_term_string"}}],"inLanguage":"fr-FR"}]}},"_links":{"self":[{"href":"https:\/\/www.mines-stetienne.fr\/spin-fr\/wp-json\/wp\/v2\/pages\/12","targetHints":{"allow":["GET"]}}],"collection":[{"href":"https:\/\/www.mines-stetienne.fr\/spin-fr\/wp-json\/wp\/v2\/pages"}],"about":[{"href":"https:\/\/www.mines-stetienne.fr\/spin-fr\/wp-json\/wp\/v2\/types\/page"}],"author":[{"embeddable":true,"href":"https:\/\/www.mines-stetienne.fr\/spin-fr\/wp-json\/wp\/v2\/users\/1478"}],"replies":[{"embeddable":true,"href":"https:\/\/www.mines-stetienne.fr\/spin-fr\/wp-json\/wp\/v2\/comments?post=12"}],"version-history":[{"count":12,"href":"https:\/\/www.mines-stetienne.fr\/spin-fr\/wp-json\/wp\/v2\/pages\/12\/revisions"}],"predecessor-version":[{"id":154,"href":"https:\/\/www.mines-stetienne.fr\/spin-fr\/wp-json\/wp\/v2\/pages\/12\/revisions\/154"}],"wp:attachment":[{"href":"https:\/\/www.mines-stetienne.fr\/spin-fr\/wp-json\/wp\/v2\/media?parent=12"}],"wp:term":[{"taxonomy":"post_tag","embeddable":true,"href":"https:\/\/www.mines-stetienne.fr\/spin-fr\/wp-json\/wp\/v2\/tags?post=12"}],"curies":[{"name":"wp","href":"https:\/\/api.w.org\/{rel}","templated":true}]}}