{"id":109,"date":"2019-02-19T18:41:39","date_gmt":"2019-02-19T17:41:39","guid":{"rendered":"https:\/\/www.mines-stetienne.fr\/spin-fr\/?page_id=109"},"modified":"2019-02-19T18:47:47","modified_gmt":"2019-02-19T17:47:47","slug":"partenariat-industriel","status":"publish","type":"page","link":"https:\/\/www.mines-stetienne.fr\/spin-fr\/collaborations\/partenariat-industriel\/","title":{"rendered":"Partenariat industriel"},"content":{"rendered":"<p>Contribuer \u00e0 la r\u00e9solution de challenges industriels est au coeur des pr\u00e9occupations dans nos activit\u00e9s de recherche. Pour cette raison, nous offrons \u00e0 nos partenaires industriels :<\/p>\n<h3>Services<\/h3>\n<ul>\n<li>caract\u00e9risation d&rsquo;\u00e9chantillons<\/li>\n<li>consulting, sur site ou dans un service R&amp;D<\/li>\n<li>Revue de la litt\u00e9rature<\/li>\n<li>Conseil dans un comit\u00e9 scientifique<\/li>\n<li>H\u00e9bergement de start-up et spin-off<\/li>\n<\/ul>\n<h3>Formation du personnel, recrutement<\/h3>\n<ul>\n<li>formation de 2-3 jours, sur catalogue<\/li>\n<li>formation personnalis\u00e9, \u00e9ventuellement sur site<\/li>\n<li>formation \u00e0 distance (skype, &#8230;)<\/li>\n<li>vivier de candidats form\u00e9s \u00e0 la recherche<\/li>\n<\/ul>\n<h3>Conduite de projets de recherche<\/h3>\n<ul>\n<li>structuration en work-packages et d\u00e9livrables<\/li>\n<li>recherche de co-financements<\/li>\n<li>d\u00e9p\u00f4t de brevet<\/li>\n<li>supervision de jeunes chercheurs (Master, post-doc, doc, &#8230;)<\/li>\n<\/ul>\n<p>&nbsp;<\/p>\n<p>Les partenaires industriels suivants font confiance au centre SPIN :<\/p>\n<p><img decoding=\"async\" class=\"\" src=\"https:\/\/www.mines-stetienne.fr\/spin-en\/wp-content\/uploads\/sites\/11\/2019\/01\/Kerneos500200.png\" width=\"125\" height=\"100\" \/> <img decoding=\"async\" class=\"\" src=\"https:\/\/www.mines-stetienne.fr\/spin-en\/wp-content\/uploads\/sites\/11\/2019\/01\/Ifpen500200.png\" width=\"125\" height=\"100\" \/> <img decoding=\"async\" class=\"\" src=\"https:\/\/www.mines-stetienne.fr\/spin-en\/wp-content\/uploads\/sites\/11\/2019\/01\/LogoLafargeHolcim500200.jpg\" width=\"125\" height=\"100\" \/> <img loading=\"lazy\" decoding=\"async\" class=\"\" src=\"https:\/\/www.mines-stetienne.fr\/spin-en\/wp-content\/uploads\/sites\/11\/2019\/01\/Michelin500200.png\" width=\"125\" height=\"100\" \/> <img loading=\"lazy\" decoding=\"async\" class=\"\" src=\"https:\/\/www.mines-stetienne.fr\/spin-en\/wp-content\/uploads\/sites\/11\/2019\/01\/Mersen500200.png\" width=\"125\" height=\"100\" \/> <img loading=\"lazy\" decoding=\"async\" class=\"\" src=\"https:\/\/www.mines-stetienne.fr\/spin-en\/wp-content\/uploads\/sites\/11\/2019\/01\/Orano500200.png\" width=\"125\" height=\"100\" \/> <img loading=\"lazy\" decoding=\"async\" class=\"\" src=\"https:\/\/www.mines-stetienne.fr\/spin-en\/wp-content\/uploads\/sites\/11\/2019\/01\/Renault500200.png\" width=\"125\" height=\"100\" \/> <img loading=\"lazy\" decoding=\"async\" class=\"\" src=\"https:\/\/www.mines-stetienne.fr\/spin-en\/wp-content\/uploads\/sites\/11\/2019\/01\/RioTintoAlcan500200.png\" width=\"125\" height=\"100\" \/> <img loading=\"lazy\" decoding=\"async\" class=\"\" src=\"https:\/\/www.mines-stetienne.fr\/spin-en\/wp-content\/uploads\/sites\/11\/2019\/01\/SEB500200.png\" width=\"125\" height=\"100\" \/> <img loading=\"lazy\" decoding=\"async\" class=\"\" src=\"https:\/\/www.mines-stetienne.fr\/spin-en\/wp-content\/uploads\/sites\/11\/2019\/01\/Cea500200.gif\" width=\"125\" height=\"100\" \/> <img loading=\"lazy\" decoding=\"async\" class=\"\" src=\"https:\/\/www.mines-stetienne.fr\/spin-en\/wp-content\/uploads\/sites\/11\/2019\/01\/Areva500200.jpg\" width=\"125\" height=\"100\" \/> <img loading=\"lazy\" decoding=\"async\" class=\"\" src=\"https:\/\/www.mines-stetienne.fr\/spin-en\/wp-content\/uploads\/sites\/11\/2019\/01\/ArcelorMittal500200.png\" width=\"125\" height=\"100\" \/> <img loading=\"lazy\" decoding=\"async\" class=\"\" src=\"https:\/\/www.mines-stetienne.fr\/spin-en\/wp-content\/uploads\/sites\/11\/2019\/01\/Total500200.png\" width=\"125\" height=\"100\" \/> <img loading=\"lazy\" decoding=\"async\" class=\"\" src=\"https:\/\/www.mines-stetienne.fr\/spin-en\/wp-content\/uploads\/sites\/11\/2019\/01\/Solvay500200.jpg\" width=\"125\" height=\"100\" \/> <img loading=\"lazy\" decoding=\"async\" class=\"\" src=\"https:\/\/www.mines-stetienne.fr\/spin-en\/wp-content\/uploads\/sites\/11\/2019\/01\/SaintGobain500200.png\" width=\"125\" height=\"100\" \/> <img loading=\"lazy\" decoding=\"async\" class=\"\" src=\"https:\/\/www.mines-stetienne.fr\/spin-en\/wp-content\/uploads\/sites\/11\/2019\/01\/Constellium500200.png\" width=\"125\" height=\"100\" \/> <img loading=\"lazy\" decoding=\"async\" class=\"\" src=\"https:\/\/www.mines-stetienne.fr\/spin-en\/wp-content\/uploads\/sites\/11\/2019\/01\/ElectricFil500200.png\" width=\"125\" height=\"100\" \/> <img loading=\"lazy\" decoding=\"async\" class=\"\" src=\"https:\/\/www.mines-stetienne.fr\/spin-en\/wp-content\/uploads\/sites\/11\/2019\/01\/Eramet500200.png\" width=\"125\" height=\"100\" \/> <img loading=\"lazy\" decoding=\"async\" class=\"\" src=\"https:\/\/www.mines-stetienne.fr\/spin-en\/wp-content\/uploads\/sites\/11\/2019\/01\/Faurecia500200.png\" width=\"125\" height=\"100\" \/> <img loading=\"lazy\" decoding=\"async\" class=\"\" src=\"https:\/\/www.mines-stetienne.fr\/spin-en\/wp-content\/uploads\/sites\/11\/2019\/01\/Imerys500200.png\" width=\"125\" height=\"100\" \/> <img loading=\"lazy\" decoding=\"async\" class=\"\" src=\"https:\/\/www.mines-stetienne.fr\/spin-en\/wp-content\/uploads\/sites\/11\/2019\/01\/IRSN500200.png\" width=\"125\" height=\"100\" \/> <img loading=\"lazy\" decoding=\"async\" class=\"\" src=\"https:\/\/www.mines-stetienne.fr\/spin-en\/wp-content\/uploads\/sites\/11\/2019\/01\/Inevo500200.png\" width=\"125\" height=\"100\" \/><\/p>\n","protected":false},"excerpt":{"rendered":"<p>Contribuer \u00e0 la r\u00e9solution de challenges industriels est au coeur des pr\u00e9occupations dans nos activit\u00e9s de recherche. Pour cette raison, nous offrons \u00e0 nos partenaires industriels : Services caract\u00e9risation d&rsquo;\u00e9chantillons consulting, sur site ou dans un service R&amp;D Revue de &hellip;<\/p>\n","protected":false},"author":1478,"featured_media":0,"parent":8,"menu_order":21,"comment_status":"closed","ping_status":"closed","template":"","meta":{"footnotes":""},"tags":[],"class_list":["post-109","page","type-page","status-publish","hentry"],"pp_statuses_selecting_workflow":false,"pp_workflow_action":"current","pp_status_selection":"publish","pp_force_visibility":null,"pp_subpost_visibility":null,"pp_inherited_force_visibility":null,"pp_inherited_subpost_visibility":null,"yoast_head":"<!-- This site is optimized with the Yoast SEO plugin v27.5 - https:\/\/yoast.com\/product\/yoast-seo-wordpress\/ -->\n<title>Partenariat industriel - Centre SPIN<\/title>\n<meta name=\"robots\" content=\"index, follow, max-snippet:-1, max-image-preview:large, max-video-preview:-1\" \/>\n<link rel=\"canonical\" href=\"https:\/\/www.mines-stetienne.fr\/spin-fr\/collaborations\/partenariat-industriel\/\" \/>\n<meta property=\"og:locale\" content=\"fr_FR\" \/>\n<meta property=\"og:type\" content=\"article\" \/>\n<meta property=\"og:title\" content=\"Partenariat industriel - Centre SPIN\" \/>\n<meta property=\"og:description\" content=\"Contribuer \u00e0 la r\u00e9solution de challenges industriels est au coeur des pr\u00e9occupations dans nos activit\u00e9s de recherche. Pour cette raison, nous offrons \u00e0 nos partenaires industriels : Services caract\u00e9risation d&rsquo;\u00e9chantillons consulting, sur site ou dans un service R&amp;D Revue de &hellip;\" \/>\n<meta property=\"og:url\" content=\"https:\/\/www.mines-stetienne.fr\/spin-fr\/collaborations\/partenariat-industriel\/\" \/>\n<meta property=\"og:site_name\" content=\"Centre SPIN\" \/>\n<meta property=\"article:modified_time\" content=\"2019-02-19T17:47:47+00:00\" \/>\n<meta property=\"og:image\" content=\"https:\/\/www.mines-stetienne.fr\/spin-en\/wp-content\/uploads\/sites\/11\/2019\/01\/Kerneos500200.png\" \/>\n<meta name=\"twitter:card\" content=\"summary_large_image\" \/>\n<meta name=\"twitter:label1\" content=\"Dur\u00e9e de lecture estim\u00e9e\" \/>\n\t<meta name=\"twitter:data1\" content=\"1 minute\" \/>\n<script type=\"application\/ld+json\" class=\"yoast-schema-graph\">{\"@context\":\"https:\\\/\\\/schema.org\",\"@graph\":[{\"@type\":\"WebPage\",\"@id\":\"https:\\\/\\\/www.mines-stetienne.fr\\\/spin-fr\\\/collaborations\\\/partenariat-industriel\\\/\",\"url\":\"https:\\\/\\\/www.mines-stetienne.fr\\\/spin-fr\\\/collaborations\\\/partenariat-industriel\\\/\",\"name\":\"Partenariat industriel - Centre SPIN\",\"isPartOf\":{\"@id\":\"https:\\\/\\\/www.mines-stetienne.fr\\\/spin-fr\\\/#website\"},\"primaryImageOfPage\":{\"@id\":\"https:\\\/\\\/www.mines-stetienne.fr\\\/spin-fr\\\/collaborations\\\/partenariat-industriel\\\/#primaryimage\"},\"image\":{\"@id\":\"https:\\\/\\\/www.mines-stetienne.fr\\\/spin-fr\\\/collaborations\\\/partenariat-industriel\\\/#primaryimage\"},\"thumbnailUrl\":\"https:\\\/\\\/www.mines-stetienne.fr\\\/spin-en\\\/wp-content\\\/uploads\\\/sites\\\/11\\\/2019\\\/01\\\/Kerneos500200.png\",\"datePublished\":\"2019-02-19T17:41:39+00:00\",\"dateModified\":\"2019-02-19T17:47:47+00:00\",\"breadcrumb\":{\"@id\":\"https:\\\/\\\/www.mines-stetienne.fr\\\/spin-fr\\\/collaborations\\\/partenariat-industriel\\\/#breadcrumb\"},\"inLanguage\":\"fr-FR\",\"potentialAction\":[{\"@type\":\"ReadAction\",\"target\":[\"https:\\\/\\\/www.mines-stetienne.fr\\\/spin-fr\\\/collaborations\\\/partenariat-industriel\\\/\"]}]},{\"@type\":\"ImageObject\",\"inLanguage\":\"fr-FR\",\"@id\":\"https:\\\/\\\/www.mines-stetienne.fr\\\/spin-fr\\\/collaborations\\\/partenariat-industriel\\\/#primaryimage\",\"url\":\"https:\\\/\\\/www.mines-stetienne.fr\\\/spin-en\\\/wp-content\\\/uploads\\\/sites\\\/11\\\/2019\\\/01\\\/Kerneos500200.png\",\"contentUrl\":\"https:\\\/\\\/www.mines-stetienne.fr\\\/spin-en\\\/wp-content\\\/uploads\\\/sites\\\/11\\\/2019\\\/01\\\/Kerneos500200.png\"},{\"@type\":\"BreadcrumbList\",\"@id\":\"https:\\\/\\\/www.mines-stetienne.fr\\\/spin-fr\\\/collaborations\\\/partenariat-industriel\\\/#breadcrumb\",\"itemListElement\":[{\"@type\":\"ListItem\",\"position\":1,\"name\":\"Accueil\",\"item\":\"https:\\\/\\\/www.mines-stetienne.fr\\\/spin-fr\\\/\"},{\"@type\":\"ListItem\",\"position\":2,\"name\":\"Collaborations\",\"item\":\"https:\\\/\\\/www.mines-stetienne.fr\\\/spin-fr\\\/collaborations\\\/\"},{\"@type\":\"ListItem\",\"position\":3,\"name\":\"Partenariat industriel\"}]},{\"@type\":\"WebSite\",\"@id\":\"https:\\\/\\\/www.mines-stetienne.fr\\\/spin-fr\\\/#website\",\"url\":\"https:\\\/\\\/www.mines-stetienne.fr\\\/spin-fr\\\/\",\"name\":\"Centre SPIN\",\"description\":\"\u2013 G\u00e9nie des Proc\u00e9d\u00e9s\",\"potentialAction\":[{\"@type\":\"SearchAction\",\"target\":{\"@type\":\"EntryPoint\",\"urlTemplate\":\"https:\\\/\\\/www.mines-stetienne.fr\\\/spin-fr\\\/?s={search_term_string}\"},\"query-input\":{\"@type\":\"PropertyValueSpecification\",\"valueRequired\":true,\"valueName\":\"search_term_string\"}}],\"inLanguage\":\"fr-FR\"}]}<\/script>\n<!-- \/ Yoast SEO plugin. -->","yoast_head_json":{"title":"Partenariat industriel - Centre SPIN","robots":{"index":"index","follow":"follow","max-snippet":"max-snippet:-1","max-image-preview":"max-image-preview:large","max-video-preview":"max-video-preview:-1"},"canonical":"https:\/\/www.mines-stetienne.fr\/spin-fr\/collaborations\/partenariat-industriel\/","og_locale":"fr_FR","og_type":"article","og_title":"Partenariat industriel - Centre SPIN","og_description":"Contribuer \u00e0 la r\u00e9solution de challenges industriels est au coeur des pr\u00e9occupations dans nos activit\u00e9s de recherche. Pour cette raison, nous offrons \u00e0 nos partenaires industriels : Services caract\u00e9risation d&rsquo;\u00e9chantillons consulting, sur site ou dans un service R&amp;D Revue de &hellip;","og_url":"https:\/\/www.mines-stetienne.fr\/spin-fr\/collaborations\/partenariat-industriel\/","og_site_name":"Centre SPIN","article_modified_time":"2019-02-19T17:47:47+00:00","og_image":[{"url":"https:\/\/www.mines-stetienne.fr\/spin-en\/wp-content\/uploads\/sites\/11\/2019\/01\/Kerneos500200.png","type":"","width":"","height":""}],"twitter_card":"summary_large_image","twitter_misc":{"Dur\u00e9e de lecture estim\u00e9e":"1 minute"},"schema":{"@context":"https:\/\/schema.org","@graph":[{"@type":"WebPage","@id":"https:\/\/www.mines-stetienne.fr\/spin-fr\/collaborations\/partenariat-industriel\/","url":"https:\/\/www.mines-stetienne.fr\/spin-fr\/collaborations\/partenariat-industriel\/","name":"Partenariat industriel - Centre SPIN","isPartOf":{"@id":"https:\/\/www.mines-stetienne.fr\/spin-fr\/#website"},"primaryImageOfPage":{"@id":"https:\/\/www.mines-stetienne.fr\/spin-fr\/collaborations\/partenariat-industriel\/#primaryimage"},"image":{"@id":"https:\/\/www.mines-stetienne.fr\/spin-fr\/collaborations\/partenariat-industriel\/#primaryimage"},"thumbnailUrl":"https:\/\/www.mines-stetienne.fr\/spin-en\/wp-content\/uploads\/sites\/11\/2019\/01\/Kerneos500200.png","datePublished":"2019-02-19T17:41:39+00:00","dateModified":"2019-02-19T17:47:47+00:00","breadcrumb":{"@id":"https:\/\/www.mines-stetienne.fr\/spin-fr\/collaborations\/partenariat-industriel\/#breadcrumb"},"inLanguage":"fr-FR","potentialAction":[{"@type":"ReadAction","target":["https:\/\/www.mines-stetienne.fr\/spin-fr\/collaborations\/partenariat-industriel\/"]}]},{"@type":"ImageObject","inLanguage":"fr-FR","@id":"https:\/\/www.mines-stetienne.fr\/spin-fr\/collaborations\/partenariat-industriel\/#primaryimage","url":"https:\/\/www.mines-stetienne.fr\/spin-en\/wp-content\/uploads\/sites\/11\/2019\/01\/Kerneos500200.png","contentUrl":"https:\/\/www.mines-stetienne.fr\/spin-en\/wp-content\/uploads\/sites\/11\/2019\/01\/Kerneos500200.png"},{"@type":"BreadcrumbList","@id":"https:\/\/www.mines-stetienne.fr\/spin-fr\/collaborations\/partenariat-industriel\/#breadcrumb","itemListElement":[{"@type":"ListItem","position":1,"name":"Accueil","item":"https:\/\/www.mines-stetienne.fr\/spin-fr\/"},{"@type":"ListItem","position":2,"name":"Collaborations","item":"https:\/\/www.mines-stetienne.fr\/spin-fr\/collaborations\/"},{"@type":"ListItem","position":3,"name":"Partenariat industriel"}]},{"@type":"WebSite","@id":"https:\/\/www.mines-stetienne.fr\/spin-fr\/#website","url":"https:\/\/www.mines-stetienne.fr\/spin-fr\/","name":"Centre SPIN","description":"\u2013 G\u00e9nie des Proc\u00e9d\u00e9s","potentialAction":[{"@type":"SearchAction","target":{"@type":"EntryPoint","urlTemplate":"https:\/\/www.mines-stetienne.fr\/spin-fr\/?s={search_term_string}"},"query-input":{"@type":"PropertyValueSpecification","valueRequired":true,"valueName":"search_term_string"}}],"inLanguage":"fr-FR"}]}},"_links":{"self":[{"href":"https:\/\/www.mines-stetienne.fr\/spin-fr\/wp-json\/wp\/v2\/pages\/109","targetHints":{"allow":["GET"]}}],"collection":[{"href":"https:\/\/www.mines-stetienne.fr\/spin-fr\/wp-json\/wp\/v2\/pages"}],"about":[{"href":"https:\/\/www.mines-stetienne.fr\/spin-fr\/wp-json\/wp\/v2\/types\/page"}],"author":[{"embeddable":true,"href":"https:\/\/www.mines-stetienne.fr\/spin-fr\/wp-json\/wp\/v2\/users\/1478"}],"replies":[{"embeddable":true,"href":"https:\/\/www.mines-stetienne.fr\/spin-fr\/wp-json\/wp\/v2\/comments?post=109"}],"version-history":[{"count":3,"href":"https:\/\/www.mines-stetienne.fr\/spin-fr\/wp-json\/wp\/v2\/pages\/109\/revisions"}],"predecessor-version":[{"id":112,"href":"https:\/\/www.mines-stetienne.fr\/spin-fr\/wp-json\/wp\/v2\/pages\/109\/revisions\/112"}],"up":[{"embeddable":true,"href":"https:\/\/www.mines-stetienne.fr\/spin-fr\/wp-json\/wp\/v2\/pages\/8"}],"wp:attachment":[{"href":"https:\/\/www.mines-stetienne.fr\/spin-fr\/wp-json\/wp\/v2\/media?parent=109"}],"wp:term":[{"taxonomy":"post_tag","embeddable":true,"href":"https:\/\/www.mines-stetienne.fr\/spin-fr\/wp-json\/wp\/v2\/tags?post=109"}],"curies":[{"name":"wp","href":"https:\/\/api.w.org\/{rel}","templated":true}]}}