{"id":106,"date":"2019-02-19T18:40:36","date_gmt":"2019-02-19T17:40:36","guid":{"rendered":"https:\/\/www.mines-stetienne.fr\/spin-fr\/?page_id=106"},"modified":"2019-06-11T19:39:40","modified_gmt":"2019-06-11T17:39:40","slug":"reseau-academique","status":"publish","type":"page","link":"https:\/\/www.mines-stetienne.fr\/spin-fr\/collaborations\/reseau-academique\/","title":{"rendered":"R\u00e9seau acad\u00e9mique"},"content":{"rendered":"<h3>Ouvert \u00e0 toute collaboration !<\/h3>\n<p>Le centre SPIN est engag\u00e9 de mani\u00e8re pro-active dans des collaborations avec des partenaires acad\u00e9miques fran\u00e7ais et internationaux. Nous pensons que rencontrer des coll\u00e8gues et \u00e9changer des id\u00e9es contribue \u00e0 augmenter l&rsquo;efficacit\u00e9 de la recherche des deux parties.<\/p>\n<p>Les collaborations scientifiques peuvent prendre plusieurs formes :<\/p>\n<ul>\n<li>rencontres lors de conf\u00e9rences et groupes de travail ou simplement ici, \u00e0 Saint-Etienne<\/li>\n<li>\u00e9changes unilat\u00e9raux ou bilat\u00e9raux de chercheurs pour un cong\u00e9 sabbatique<\/li>\n<li>co-r\u00e9daction d&rsquo;articles et de chapitres de livres<\/li>\n<li>co-supervision de post-docs ou de doctorants, partage des co\u00fbts associ\u00e9s<\/li>\n<li>regroupement pour demander des subventions (nationales ou Europ\u00e9ennes notamment)<\/li>\n<li>acc\u00e8s facilit\u00e9 \u00e0 des \u00e9quipements exp\u00e9rimentaux<\/li>\n<\/ul>\n<p>Pour l&rsquo;une ou l&rsquo;autre de ces possibilit\u00e9s, contacter Jean-Michel Herri ou bien directement un personnel du centre SPIN.<\/p>\n<p>Vous serez toujours les bienvenus !<\/p>\n<p><a href=\"https:\/\/www.chalmers.se\/en\/\" rel=\" \"><img decoding=\"async\" class=\"alignnone\" src=\"https:\/\/www.mines-stetienne.fr\/spin-en\/wp-content\/uploads\/sites\/11\/2019\/01\/UTChalmersSweden.png\" alt=\"Technological University of Chalmers, Sweden\" width=\"53\" height=\"50\" \/><\/a>\u00a0 <a href=\"http:\/\/portal.utfpr.edu.br\/\" rel=\" \"><img decoding=\"async\" class=\"alignnone\" src=\"https:\/\/www.mines-stetienne.fr\/spin-en\/wp-content\/uploads\/sites\/11\/2019\/01\/UnivTechParanaBrazil.png\" alt=\"Universidade Tecnologica Federal do Parana\" width=\"135\" height=\"50\" \/><\/a> <a href=\"https:\/\/www.uqat.ca\"><img decoding=\"async\" class=\"alignnone\" src=\"https:\/\/www.mines-stetienne.fr\/spin-en\/wp-content\/uploads\/sites\/11\/2019\/01\/UnivQuebecATCanada.png\" alt=\"Universit\u00e9 du Qu\u00e9bec en Abitibi-T\u00e9miscamingue, Canada\" width=\"154\" height=\"50\" \/><\/a> <a href=\"https:\/\/www.unipd.it\/\"><img loading=\"lazy\" decoding=\"async\" class=\"alignnone\" src=\"https:\/\/www.mines-stetienne.fr\/spin-en\/wp-content\/uploads\/sites\/11\/2019\/01\/UnivPadovaItaly.png\" alt=\"Universit\u00e0 di Padova, Italy\" width=\"111\" height=\"50\" \/><\/a> <a href=\"https:\/\/www.unimi.it\/\"><img loading=\"lazy\" decoding=\"async\" class=\"alignnone\" src=\"https:\/\/www.mines-stetienne.fr\/spin-en\/wp-content\/uploads\/sites\/11\/2019\/01\/UniversityDSMilanoItaly.png\" alt=\"Universit\u00e0 degli Studi di Milano Statale, Italy\" width=\"153\" height=\"50\" \/><\/a> <a href=\"https:\/\/www.univ-bejaia.dz\/\"><img loading=\"lazy\" decoding=\"async\" class=\"alignnone\" src=\"https:\/\/www.mines-stetienne.fr\/spin-en\/wp-content\/uploads\/sites\/11\/2019\/01\/UniversityBejaiaAlgeria.png\" alt=\"Universit\u00e9 Abderrahmane Mira - Bejaia, Algeria\" width=\"117\" height=\"50\" \/><\/a> <a href=\"https:\/\/www.ul.edu.lb\"><img loading=\"lazy\" decoding=\"async\" class=\"alignnone\" src=\"https:\/\/www.mines-stetienne.fr\/spin-en\/wp-content\/uploads\/sites\/11\/2019\/01\/UniversiteLibanaiseLebanon.png\" alt=\"L'Universit\u00e9 Libanaise, Lebanon\" width=\"42\" height=\"50\" \/><\/a> <a href=\"https:\/\/www.keio.ac.jp\/\"><img loading=\"lazy\" decoding=\"async\" class=\"alignnone\" src=\"https:\/\/www.mines-stetienne.fr\/spin-en\/wp-content\/uploads\/sites\/11\/2019\/01\/KeioUniversityJapan.png\" alt=\"Keio University, Japan\" width=\"174\" height=\"50\" \/><\/a> <a href=\"https:\/\/www.polito.it\/\"><img loading=\"lazy\" decoding=\"async\" class=\"alignnone\" src=\"https:\/\/www.mines-stetienne.fr\/spin-en\/wp-content\/uploads\/sites\/11\/2019\/01\/PolitecnicoTorinoItaly.png\" alt=\"Politecnico di Torino, Italy\" width=\"113\" height=\"50\" \/><\/a> <a href=\"https:\/\/www.princeton.edu\/\"><img loading=\"lazy\" decoding=\"async\" class=\"alignnone\" src=\"https:\/\/www.mines-stetienne.fr\/spin-en\/wp-content\/uploads\/sites\/11\/2019\/01\/PrincetonUniversityUSA.png\" alt=\"Princeton University, USA\" width=\"175\" height=\"50\" \/><\/a> <a href=\"https:\/\/www.buap.mx\/\"><img loading=\"lazy\" decoding=\"async\" class=\"alignnone\" src=\"https:\/\/www.mines-stetienne.fr\/spin-en\/wp-content\/uploads\/sites\/11\/2019\/01\/PueblaUniversityMexico.png\" alt=\"Benem\u00e9rita Universidad Aut\u00f3noma de Puebla, Mexico\" width=\"50\" height=\"50\" \/><\/a> <a href=\"https:\/\/www.tum.de\/\"><img loading=\"lazy\" decoding=\"async\" class=\"alignnone\" src=\"https:\/\/www.mines-stetienne.fr\/spin-en\/wp-content\/uploads\/sites\/11\/2019\/01\/TechnicalUniversityMunchenGermany.png\" alt=\"Technical University of Munich, Germany\" width=\"148\" height=\"50\" \/><\/a> <a href=\"https:\/\/tu-dresden.de\/\"><img loading=\"lazy\" decoding=\"async\" class=\"alignnone\" src=\"https:\/\/www.mines-stetienne.fr\/spin-en\/wp-content\/uploads\/sites\/11\/2019\/01\/TUDresdenGermany.png\" alt=\"Technische Universit\u00e4t Dresden, Germany\" width=\"95\" height=\"50\" \/><\/a> <a href=\"https:\/\/www.uni-kl.de\/\"><img loading=\"lazy\" decoding=\"async\" class=\"alignnone\" src=\"https:\/\/www.mines-stetienne.fr\/spin-en\/wp-content\/uploads\/sites\/11\/2019\/01\/TUKaiserslauternGermany.png\" alt=\"Technische Universit\u00e4t Kaiserslautern, Germany\" width=\"179\" height=\"50\" \/><\/a> <a href=\"https:\/\/www.iitbhu.ac.in\/\"><img loading=\"lazy\" decoding=\"async\" class=\"alignnone\" src=\"https:\/\/www.mines-stetienne.fr\/spin-en\/wp-content\/uploads\/sites\/11\/2019\/01\/IITVaranasiIndia.png\" alt=\"Indian Institute of Technology of Varanasi, India\" width=\"45\" height=\"50\" \/><\/a> <a href=\"https:\/\/www.hiroshima-u.ac.jp\"><img loading=\"lazy\" decoding=\"async\" class=\"alignnone\" src=\"https:\/\/www.mines-stetienne.fr\/spin-en\/wp-content\/uploads\/sites\/11\/2019\/01\/HiroshimaUniversityJapan.png\" alt=\"Hiroshima University, Japan\" width=\"61\" height=\"50\" \/><\/a> <a href=\"http:\/\/www.hanu.edu.vn\/\"><img loading=\"lazy\" decoding=\"async\" class=\"alignnone\" src=\"https:\/\/www.mines-stetienne.fr\/spin-en\/wp-content\/uploads\/sites\/11\/2019\/01\/HanoiUniversityVietNam.png\" alt=\"Hanoi University, Viet-Nam\" width=\"50\" height=\"50\" \/><\/a> <a href=\"https:\/\/www.uny.ac.id\/\"><img loading=\"lazy\" decoding=\"async\" class=\"alignnone\" src=\"https:\/\/www.mines-stetienne.fr\/spin-en\/wp-content\/uploads\/sites\/11\/2019\/01\/GadjahMadaUniversityIndonesia.png\" alt=\"Universitas Negeri Yogyakarta, Indonesia\" width=\"50\" height=\"50\" \/><\/a> <a href=\"http:\/\/www.fsb.rnu.tn\/\"><img loading=\"lazy\" decoding=\"async\" class=\"alignnone\" src=\"https:\/\/www.mines-stetienne.fr\/spin-en\/wp-content\/uploads\/sites\/11\/2019\/01\/FaculteSciencesBizerteTunisia.png\" alt=\"Facult\u00e9 des Sciences de Bizerte, Tunisia\" width=\"39\" height=\"50\" \/><\/a> <a href=\"https:\/\/www.mines.edu\/\"><img loading=\"lazy\" decoding=\"async\" class=\"alignnone\" src=\"https:\/\/www.mines-stetienne.fr\/spin-en\/wp-content\/uploads\/sites\/11\/2019\/01\/ColoradoSchoolOfMinesUSA.png\" alt=\"Colorado School of Mines, USA\" width=\"49\" height=\"50\" \/><\/a> <a href=\"https:\/\/bam-berlin.com\/\"><img loading=\"lazy\" decoding=\"async\" class=\"alignnone\" src=\"https:\/\/www.mines-stetienne.fr\/spin-en\/wp-content\/uploads\/sites\/11\/2019\/01\/BAMBerlinGermany.png\" alt=\"BAM, Bundesanstalt f\u00fcr Materialforschung und -pr\u00fcfung, Germany\" width=\"124\" height=\"50\" \/><\/a> <a href=\"https:\/\/www.rmc-cmr.ca\/en\"><img loading=\"lazy\" decoding=\"async\" class=\"alignnone\" src=\"https:\/\/www.mines-stetienne.fr\/spin-en\/wp-content\/uploads\/sites\/11\/2019\/01\/MilitaryCollegeQueenCanada.png\" alt=\"Royal Military College of Canada\" width=\"103\" height=\"50\" \/><\/a> <a href=\"http:\/\/www.hlju.edu.cn\/\"><img loading=\"lazy\" decoding=\"async\" class=\"alignnone\" src=\"https:\/\/www.mines-stetienne.fr\/spin-en\/wp-content\/uploads\/sites\/11\/2019\/01\/HeilongjiangUniversityHarbinChina.png\" alt=\"Heilongjiang University, China\" width=\"50\" height=\"50\" \/><\/a><\/p>\n","protected":false},"excerpt":{"rendered":"<p>Ouvert \u00e0 toute collaboration ! Le centre SPIN est engag\u00e9 de mani\u00e8re pro-active dans des collaborations avec des partenaires acad\u00e9miques fran\u00e7ais et internationaux. Nous pensons que rencontrer des coll\u00e8gues et \u00e9changer des id\u00e9es contribue \u00e0 augmenter l&rsquo;efficacit\u00e9 de la recherche &hellip;<\/p>\n","protected":false},"author":1478,"featured_media":0,"parent":8,"menu_order":20,"comment_status":"closed","ping_status":"closed","template":"","meta":{"footnotes":""},"tags":[],"class_list":["post-106","page","type-page","status-publish","hentry"],"pp_statuses_selecting_workflow":false,"pp_workflow_action":"current","pp_status_selection":"publish","pp_force_visibility":null,"pp_subpost_visibility":null,"pp_inherited_force_visibility":null,"pp_inherited_subpost_visibility":null,"yoast_head":"<!-- This site is optimized with the Yoast SEO plugin v27.5 - https:\/\/yoast.com\/product\/yoast-seo-wordpress\/ -->\n<title>R\u00e9seau acad\u00e9mique - Centre SPIN<\/title>\n<meta name=\"robots\" content=\"index, follow, max-snippet:-1, max-image-preview:large, max-video-preview:-1\" \/>\n<link rel=\"canonical\" href=\"https:\/\/www.mines-stetienne.fr\/spin-fr\/collaborations\/reseau-academique\/\" \/>\n<meta property=\"og:locale\" content=\"fr_FR\" \/>\n<meta property=\"og:type\" content=\"article\" \/>\n<meta property=\"og:title\" content=\"R\u00e9seau acad\u00e9mique - Centre SPIN\" \/>\n<meta property=\"og:description\" content=\"Ouvert \u00e0 toute collaboration ! Le centre SPIN est engag\u00e9 de mani\u00e8re pro-active dans des collaborations avec des partenaires acad\u00e9miques fran\u00e7ais et internationaux. Nous pensons que rencontrer des coll\u00e8gues et \u00e9changer des id\u00e9es contribue \u00e0 augmenter l&rsquo;efficacit\u00e9 de la recherche &hellip;\" \/>\n<meta property=\"og:url\" content=\"https:\/\/www.mines-stetienne.fr\/spin-fr\/collaborations\/reseau-academique\/\" \/>\n<meta property=\"og:site_name\" content=\"Centre SPIN\" \/>\n<meta property=\"article:modified_time\" content=\"2019-06-11T17:39:40+00:00\" \/>\n<meta property=\"og:image\" content=\"https:\/\/www.mines-stetienne.fr\/spin-en\/wp-content\/uploads\/sites\/11\/2019\/01\/UTChalmersSweden.png\" \/>\n<meta name=\"twitter:card\" content=\"summary_large_image\" \/>\n<meta name=\"twitter:label1\" content=\"Dur\u00e9e de lecture estim\u00e9e\" \/>\n\t<meta name=\"twitter:data1\" content=\"1 minute\" \/>\n<script type=\"application\/ld+json\" class=\"yoast-schema-graph\">{\"@context\":\"https:\\\/\\\/schema.org\",\"@graph\":[{\"@type\":\"WebPage\",\"@id\":\"https:\\\/\\\/www.mines-stetienne.fr\\\/spin-fr\\\/collaborations\\\/reseau-academique\\\/\",\"url\":\"https:\\\/\\\/www.mines-stetienne.fr\\\/spin-fr\\\/collaborations\\\/reseau-academique\\\/\",\"name\":\"R\u00e9seau acad\u00e9mique - Centre SPIN\",\"isPartOf\":{\"@id\":\"https:\\\/\\\/www.mines-stetienne.fr\\\/spin-fr\\\/#website\"},\"primaryImageOfPage\":{\"@id\":\"https:\\\/\\\/www.mines-stetienne.fr\\\/spin-fr\\\/collaborations\\\/reseau-academique\\\/#primaryimage\"},\"image\":{\"@id\":\"https:\\\/\\\/www.mines-stetienne.fr\\\/spin-fr\\\/collaborations\\\/reseau-academique\\\/#primaryimage\"},\"thumbnailUrl\":\"https:\\\/\\\/www.mines-stetienne.fr\\\/spin-en\\\/wp-content\\\/uploads\\\/sites\\\/11\\\/2019\\\/01\\\/UTChalmersSweden.png\",\"datePublished\":\"2019-02-19T17:40:36+00:00\",\"dateModified\":\"2019-06-11T17:39:40+00:00\",\"breadcrumb\":{\"@id\":\"https:\\\/\\\/www.mines-stetienne.fr\\\/spin-fr\\\/collaborations\\\/reseau-academique\\\/#breadcrumb\"},\"inLanguage\":\"fr-FR\",\"potentialAction\":[{\"@type\":\"ReadAction\",\"target\":[\"https:\\\/\\\/www.mines-stetienne.fr\\\/spin-fr\\\/collaborations\\\/reseau-academique\\\/\"]}]},{\"@type\":\"ImageObject\",\"inLanguage\":\"fr-FR\",\"@id\":\"https:\\\/\\\/www.mines-stetienne.fr\\\/spin-fr\\\/collaborations\\\/reseau-academique\\\/#primaryimage\",\"url\":\"https:\\\/\\\/www.mines-stetienne.fr\\\/spin-en\\\/wp-content\\\/uploads\\\/sites\\\/11\\\/2019\\\/01\\\/UTChalmersSweden.png\",\"contentUrl\":\"https:\\\/\\\/www.mines-stetienne.fr\\\/spin-en\\\/wp-content\\\/uploads\\\/sites\\\/11\\\/2019\\\/01\\\/UTChalmersSweden.png\"},{\"@type\":\"BreadcrumbList\",\"@id\":\"https:\\\/\\\/www.mines-stetienne.fr\\\/spin-fr\\\/collaborations\\\/reseau-academique\\\/#breadcrumb\",\"itemListElement\":[{\"@type\":\"ListItem\",\"position\":1,\"name\":\"Accueil\",\"item\":\"https:\\\/\\\/www.mines-stetienne.fr\\\/spin-fr\\\/\"},{\"@type\":\"ListItem\",\"position\":2,\"name\":\"Collaborations\",\"item\":\"https:\\\/\\\/www.mines-stetienne.fr\\\/spin-fr\\\/collaborations\\\/\"},{\"@type\":\"ListItem\",\"position\":3,\"name\":\"R\u00e9seau acad\u00e9mique\"}]},{\"@type\":\"WebSite\",\"@id\":\"https:\\\/\\\/www.mines-stetienne.fr\\\/spin-fr\\\/#website\",\"url\":\"https:\\\/\\\/www.mines-stetienne.fr\\\/spin-fr\\\/\",\"name\":\"Centre SPIN\",\"description\":\"\u2013 G\u00e9nie des Proc\u00e9d\u00e9s\",\"potentialAction\":[{\"@type\":\"SearchAction\",\"target\":{\"@type\":\"EntryPoint\",\"urlTemplate\":\"https:\\\/\\\/www.mines-stetienne.fr\\\/spin-fr\\\/?s={search_term_string}\"},\"query-input\":{\"@type\":\"PropertyValueSpecification\",\"valueRequired\":true,\"valueName\":\"search_term_string\"}}],\"inLanguage\":\"fr-FR\"}]}<\/script>\n<!-- \/ Yoast SEO plugin. -->","yoast_head_json":{"title":"R\u00e9seau acad\u00e9mique - Centre SPIN","robots":{"index":"index","follow":"follow","max-snippet":"max-snippet:-1","max-image-preview":"max-image-preview:large","max-video-preview":"max-video-preview:-1"},"canonical":"https:\/\/www.mines-stetienne.fr\/spin-fr\/collaborations\/reseau-academique\/","og_locale":"fr_FR","og_type":"article","og_title":"R\u00e9seau acad\u00e9mique - Centre SPIN","og_description":"Ouvert \u00e0 toute collaboration ! Le centre SPIN est engag\u00e9 de mani\u00e8re pro-active dans des collaborations avec des partenaires acad\u00e9miques fran\u00e7ais et internationaux. Nous pensons que rencontrer des coll\u00e8gues et \u00e9changer des id\u00e9es contribue \u00e0 augmenter l&rsquo;efficacit\u00e9 de la recherche &hellip;","og_url":"https:\/\/www.mines-stetienne.fr\/spin-fr\/collaborations\/reseau-academique\/","og_site_name":"Centre SPIN","article_modified_time":"2019-06-11T17:39:40+00:00","og_image":[{"url":"https:\/\/www.mines-stetienne.fr\/spin-en\/wp-content\/uploads\/sites\/11\/2019\/01\/UTChalmersSweden.png","type":"","width":"","height":""}],"twitter_card":"summary_large_image","twitter_misc":{"Dur\u00e9e de lecture estim\u00e9e":"1 minute"},"schema":{"@context":"https:\/\/schema.org","@graph":[{"@type":"WebPage","@id":"https:\/\/www.mines-stetienne.fr\/spin-fr\/collaborations\/reseau-academique\/","url":"https:\/\/www.mines-stetienne.fr\/spin-fr\/collaborations\/reseau-academique\/","name":"R\u00e9seau acad\u00e9mique - Centre SPIN","isPartOf":{"@id":"https:\/\/www.mines-stetienne.fr\/spin-fr\/#website"},"primaryImageOfPage":{"@id":"https:\/\/www.mines-stetienne.fr\/spin-fr\/collaborations\/reseau-academique\/#primaryimage"},"image":{"@id":"https:\/\/www.mines-stetienne.fr\/spin-fr\/collaborations\/reseau-academique\/#primaryimage"},"thumbnailUrl":"https:\/\/www.mines-stetienne.fr\/spin-en\/wp-content\/uploads\/sites\/11\/2019\/01\/UTChalmersSweden.png","datePublished":"2019-02-19T17:40:36+00:00","dateModified":"2019-06-11T17:39:40+00:00","breadcrumb":{"@id":"https:\/\/www.mines-stetienne.fr\/spin-fr\/collaborations\/reseau-academique\/#breadcrumb"},"inLanguage":"fr-FR","potentialAction":[{"@type":"ReadAction","target":["https:\/\/www.mines-stetienne.fr\/spin-fr\/collaborations\/reseau-academique\/"]}]},{"@type":"ImageObject","inLanguage":"fr-FR","@id":"https:\/\/www.mines-stetienne.fr\/spin-fr\/collaborations\/reseau-academique\/#primaryimage","url":"https:\/\/www.mines-stetienne.fr\/spin-en\/wp-content\/uploads\/sites\/11\/2019\/01\/UTChalmersSweden.png","contentUrl":"https:\/\/www.mines-stetienne.fr\/spin-en\/wp-content\/uploads\/sites\/11\/2019\/01\/UTChalmersSweden.png"},{"@type":"BreadcrumbList","@id":"https:\/\/www.mines-stetienne.fr\/spin-fr\/collaborations\/reseau-academique\/#breadcrumb","itemListElement":[{"@type":"ListItem","position":1,"name":"Accueil","item":"https:\/\/www.mines-stetienne.fr\/spin-fr\/"},{"@type":"ListItem","position":2,"name":"Collaborations","item":"https:\/\/www.mines-stetienne.fr\/spin-fr\/collaborations\/"},{"@type":"ListItem","position":3,"name":"R\u00e9seau acad\u00e9mique"}]},{"@type":"WebSite","@id":"https:\/\/www.mines-stetienne.fr\/spin-fr\/#website","url":"https:\/\/www.mines-stetienne.fr\/spin-fr\/","name":"Centre SPIN","description":"\u2013 G\u00e9nie des Proc\u00e9d\u00e9s","potentialAction":[{"@type":"SearchAction","target":{"@type":"EntryPoint","urlTemplate":"https:\/\/www.mines-stetienne.fr\/spin-fr\/?s={search_term_string}"},"query-input":{"@type":"PropertyValueSpecification","valueRequired":true,"valueName":"search_term_string"}}],"inLanguage":"fr-FR"}]}},"_links":{"self":[{"href":"https:\/\/www.mines-stetienne.fr\/spin-fr\/wp-json\/wp\/v2\/pages\/106","targetHints":{"allow":["GET"]}}],"collection":[{"href":"https:\/\/www.mines-stetienne.fr\/spin-fr\/wp-json\/wp\/v2\/pages"}],"about":[{"href":"https:\/\/www.mines-stetienne.fr\/spin-fr\/wp-json\/wp\/v2\/types\/page"}],"author":[{"embeddable":true,"href":"https:\/\/www.mines-stetienne.fr\/spin-fr\/wp-json\/wp\/v2\/users\/1478"}],"replies":[{"embeddable":true,"href":"https:\/\/www.mines-stetienne.fr\/spin-fr\/wp-json\/wp\/v2\/comments?post=106"}],"version-history":[{"count":6,"href":"https:\/\/www.mines-stetienne.fr\/spin-fr\/wp-json\/wp\/v2\/pages\/106\/revisions"}],"predecessor-version":[{"id":229,"href":"https:\/\/www.mines-stetienne.fr\/spin-fr\/wp-json\/wp\/v2\/pages\/106\/revisions\/229"}],"up":[{"embeddable":true,"href":"https:\/\/www.mines-stetienne.fr\/spin-fr\/wp-json\/wp\/v2\/pages\/8"}],"wp:attachment":[{"href":"https:\/\/www.mines-stetienne.fr\/spin-fr\/wp-json\/wp\/v2\/media?parent=106"}],"wp:term":[{"taxonomy":"post_tag","embeddable":true,"href":"https:\/\/www.mines-stetienne.fr\/spin-fr\/wp-json\/wp\/v2\/tags?post=106"}],"curies":[{"name":"wp","href":"https:\/\/api.w.org\/{rel}","templated":true}]}}