{"id":102,"date":"2019-02-19T18:31:51","date_gmt":"2019-02-19T17:31:51","guid":{"rendered":"https:\/\/www.mines-stetienne.fr\/spin-fr\/?page_id=102"},"modified":"2023-06-13T17:18:58","modified_gmt":"2023-06-13T15:18:58","slug":"logiciels","status":"publish","type":"page","link":"https:\/\/www.mines-stetienne.fr\/spin-fr\/ressources\/logiciels\/","title":{"rendered":"Simulation num\u00e9rique"},"content":{"rendered":"<p>Le centre SPIN d\u00e9veloppe des codes de calcul pour simuler num\u00e9riquement des syst\u00e8mes dispers\u00e9s. Pour les faire tourner, nous avons acc\u00e8s \u00e0 notre cluster et aux supercalculateurs nationaux.<\/p>\n<h3>Thermodynamique<\/h3>\n<ul>\n<li>Equilibre de phase : FactSage, ArXim (esp\u00e8ces min\u00e9rales), GasHyDyn (hydrates de gaz)<\/li>\n<li>Cin\u00e9tique des r\u00e9actions gaz-solide : CIN4<\/li>\n<\/ul>\n<h3>M\u00e9canique<\/h3>\n<ul>\n<li>Fluides :\n<ul>\n<li>M\u00e9thode des El\u00e9ments Finis (FEM) : Comsol, Abaqus<\/li>\n<li>M\u00e9thode des Volumes Finis (FVM) : Fluent, Openfoam<\/li>\n<li>Smoothed Particles Hydrodynamics (SPH) : OpenSph<\/li>\n<li>M\u00e9thode de Boltzmann sur R\u00e9seau (LBM) : Tempo<\/li>\n<li>M\u00e9thode des Diff\u00e9rences Finies (CV-FD) : ModFlow<\/li>\n<\/ul>\n<\/li>\n<li>Particules, atomes :\n<ul>\n<li>M\u00e9thode des El\u00e9ments Discrets (DEM) : Liggghts, PFC3D<\/li>\n<li>Dynamique Mol\u00e9culaire (MD) : ReaxFF, Lammps<\/li>\n<\/ul>\n<\/li>\n<\/ul>\n<h3>G\u00e9nie des Proc\u00e9d\u00e9s<\/h3>\n<ul>\n<li>G\u00e9nie chimique : ProII<\/li>\n<li>Transformation des mati\u00e8res premi\u00e8res : Usimpack<\/li>\n<\/ul>\n<h3>Divers<\/h3>\n<ul>\n<li>Analyse d&rsquo;images : Avizo, ImageJ, Matlab toolbox<\/li>\n<li>Bilan de population : Parsival<\/li>\n<\/ul>\n<h3>Programmation<\/h3>\n<ul>\n<li>Programmation : Matlab, Scilab<\/li>\n<li>Langages de programmation : C++, Python, &#8230;<\/li>\n<li>Contr\u00f4le et acquisition de donn\u00e9es : LabVIEW<\/li>\n<\/ul>\n<h3>Calculateurs<\/h3>\n<ul>\n<li>Cluster maison : 656 coeurs sur 28 noeuds, avec 2,4 To de RAM<\/li>\n<li>Super-calculateurs : genci, prace, &#8230; (sur projet de recherche)<\/li>\n<\/ul>\n","protected":false},"excerpt":{"rendered":"<p>Le centre SPIN d\u00e9veloppe des codes de calcul pour simuler num\u00e9riquement des syst\u00e8mes dispers\u00e9s. Pour les faire tourner, nous avons acc\u00e8s \u00e0 notre cluster et aux supercalculateurs nationaux. Thermodynamique Equilibre de phase : FactSage, ArXim (esp\u00e8ces min\u00e9rales), GasHyDyn (hydrates de &hellip;<\/p>\n","protected":false},"author":1478,"featured_media":0,"parent":5,"menu_order":24,"comment_status":"closed","ping_status":"closed","template":"","meta":{"footnotes":""},"tags":[],"class_list":["post-102","page","type-page","status-publish","hentry"],"pp_statuses_selecting_workflow":false,"pp_workflow_action":"current","pp_status_selection":"publish","pp_force_visibility":null,"pp_subpost_visibility":null,"pp_inherited_force_visibility":null,"pp_inherited_subpost_visibility":null,"yoast_head":"<!-- This site is optimized with the Yoast SEO plugin v27.4 - https:\/\/yoast.com\/product\/yoast-seo-wordpress\/ -->\n<title>Simulation num\u00e9rique - Centre SPIN<\/title>\n<meta name=\"robots\" content=\"index, follow, max-snippet:-1, max-image-preview:large, max-video-preview:-1\" \/>\n<link rel=\"canonical\" href=\"https:\/\/www.mines-stetienne.fr\/spin-fr\/ressources\/logiciels\/\" \/>\n<meta property=\"og:locale\" content=\"fr_FR\" \/>\n<meta property=\"og:type\" content=\"article\" \/>\n<meta property=\"og:title\" content=\"Simulation num\u00e9rique - Centre SPIN\" \/>\n<meta property=\"og:description\" content=\"Le centre SPIN d\u00e9veloppe des codes de calcul pour simuler num\u00e9riquement des syst\u00e8mes dispers\u00e9s. Pour les faire tourner, nous avons acc\u00e8s \u00e0 notre cluster et aux supercalculateurs nationaux. Thermodynamique Equilibre de phase : FactSage, ArXim (esp\u00e8ces min\u00e9rales), GasHyDyn (hydrates de &hellip;\" \/>\n<meta property=\"og:url\" content=\"https:\/\/www.mines-stetienne.fr\/spin-fr\/ressources\/logiciels\/\" \/>\n<meta property=\"og:site_name\" content=\"Centre SPIN\" \/>\n<meta property=\"article:modified_time\" content=\"2023-06-13T15:18:58+00:00\" \/>\n<meta name=\"twitter:card\" content=\"summary_large_image\" \/>\n<meta name=\"twitter:label1\" content=\"Dur\u00e9e de lecture estim\u00e9e\" \/>\n\t<meta name=\"twitter:data1\" content=\"1 minute\" \/>\n<script type=\"application\/ld+json\" class=\"yoast-schema-graph\">{\"@context\":\"https:\\\/\\\/schema.org\",\"@graph\":[{\"@type\":\"WebPage\",\"@id\":\"https:\\\/\\\/www.mines-stetienne.fr\\\/spin-fr\\\/ressources\\\/logiciels\\\/\",\"url\":\"https:\\\/\\\/www.mines-stetienne.fr\\\/spin-fr\\\/ressources\\\/logiciels\\\/\",\"name\":\"Simulation num\u00e9rique - Centre SPIN\",\"isPartOf\":{\"@id\":\"https:\\\/\\\/www.mines-stetienne.fr\\\/spin-fr\\\/#website\"},\"datePublished\":\"2019-02-19T17:31:51+00:00\",\"dateModified\":\"2023-06-13T15:18:58+00:00\",\"breadcrumb\":{\"@id\":\"https:\\\/\\\/www.mines-stetienne.fr\\\/spin-fr\\\/ressources\\\/logiciels\\\/#breadcrumb\"},\"inLanguage\":\"fr-FR\",\"potentialAction\":[{\"@type\":\"ReadAction\",\"target\":[\"https:\\\/\\\/www.mines-stetienne.fr\\\/spin-fr\\\/ressources\\\/logiciels\\\/\"]}]},{\"@type\":\"BreadcrumbList\",\"@id\":\"https:\\\/\\\/www.mines-stetienne.fr\\\/spin-fr\\\/ressources\\\/logiciels\\\/#breadcrumb\",\"itemListElement\":[{\"@type\":\"ListItem\",\"position\":1,\"name\":\"Accueil\",\"item\":\"https:\\\/\\\/www.mines-stetienne.fr\\\/spin-fr\\\/\"},{\"@type\":\"ListItem\",\"position\":2,\"name\":\"Ressources\",\"item\":\"https:\\\/\\\/www.mines-stetienne.fr\\\/spin-fr\\\/ressources\\\/\"},{\"@type\":\"ListItem\",\"position\":3,\"name\":\"Simulation num\u00e9rique\"}]},{\"@type\":\"WebSite\",\"@id\":\"https:\\\/\\\/www.mines-stetienne.fr\\\/spin-fr\\\/#website\",\"url\":\"https:\\\/\\\/www.mines-stetienne.fr\\\/spin-fr\\\/\",\"name\":\"Centre SPIN\",\"description\":\"\u2013 G\u00e9nie des Proc\u00e9d\u00e9s\",\"potentialAction\":[{\"@type\":\"SearchAction\",\"target\":{\"@type\":\"EntryPoint\",\"urlTemplate\":\"https:\\\/\\\/www.mines-stetienne.fr\\\/spin-fr\\\/?s={search_term_string}\"},\"query-input\":{\"@type\":\"PropertyValueSpecification\",\"valueRequired\":true,\"valueName\":\"search_term_string\"}}],\"inLanguage\":\"fr-FR\"}]}<\/script>\n<!-- \/ Yoast SEO plugin. -->","yoast_head_json":{"title":"Simulation num\u00e9rique - Centre SPIN","robots":{"index":"index","follow":"follow","max-snippet":"max-snippet:-1","max-image-preview":"max-image-preview:large","max-video-preview":"max-video-preview:-1"},"canonical":"https:\/\/www.mines-stetienne.fr\/spin-fr\/ressources\/logiciels\/","og_locale":"fr_FR","og_type":"article","og_title":"Simulation num\u00e9rique - Centre SPIN","og_description":"Le centre SPIN d\u00e9veloppe des codes de calcul pour simuler num\u00e9riquement des syst\u00e8mes dispers\u00e9s. Pour les faire tourner, nous avons acc\u00e8s \u00e0 notre cluster et aux supercalculateurs nationaux. Thermodynamique Equilibre de phase : FactSage, ArXim (esp\u00e8ces min\u00e9rales), GasHyDyn (hydrates de &hellip;","og_url":"https:\/\/www.mines-stetienne.fr\/spin-fr\/ressources\/logiciels\/","og_site_name":"Centre SPIN","article_modified_time":"2023-06-13T15:18:58+00:00","twitter_card":"summary_large_image","twitter_misc":{"Dur\u00e9e de lecture estim\u00e9e":"1 minute"},"schema":{"@context":"https:\/\/schema.org","@graph":[{"@type":"WebPage","@id":"https:\/\/www.mines-stetienne.fr\/spin-fr\/ressources\/logiciels\/","url":"https:\/\/www.mines-stetienne.fr\/spin-fr\/ressources\/logiciels\/","name":"Simulation num\u00e9rique - Centre SPIN","isPartOf":{"@id":"https:\/\/www.mines-stetienne.fr\/spin-fr\/#website"},"datePublished":"2019-02-19T17:31:51+00:00","dateModified":"2023-06-13T15:18:58+00:00","breadcrumb":{"@id":"https:\/\/www.mines-stetienne.fr\/spin-fr\/ressources\/logiciels\/#breadcrumb"},"inLanguage":"fr-FR","potentialAction":[{"@type":"ReadAction","target":["https:\/\/www.mines-stetienne.fr\/spin-fr\/ressources\/logiciels\/"]}]},{"@type":"BreadcrumbList","@id":"https:\/\/www.mines-stetienne.fr\/spin-fr\/ressources\/logiciels\/#breadcrumb","itemListElement":[{"@type":"ListItem","position":1,"name":"Accueil","item":"https:\/\/www.mines-stetienne.fr\/spin-fr\/"},{"@type":"ListItem","position":2,"name":"Ressources","item":"https:\/\/www.mines-stetienne.fr\/spin-fr\/ressources\/"},{"@type":"ListItem","position":3,"name":"Simulation num\u00e9rique"}]},{"@type":"WebSite","@id":"https:\/\/www.mines-stetienne.fr\/spin-fr\/#website","url":"https:\/\/www.mines-stetienne.fr\/spin-fr\/","name":"Centre SPIN","description":"\u2013 G\u00e9nie des Proc\u00e9d\u00e9s","potentialAction":[{"@type":"SearchAction","target":{"@type":"EntryPoint","urlTemplate":"https:\/\/www.mines-stetienne.fr\/spin-fr\/?s={search_term_string}"},"query-input":{"@type":"PropertyValueSpecification","valueRequired":true,"valueName":"search_term_string"}}],"inLanguage":"fr-FR"}]}},"_links":{"self":[{"href":"https:\/\/www.mines-stetienne.fr\/spin-fr\/wp-json\/wp\/v2\/pages\/102","targetHints":{"allow":["GET"]}}],"collection":[{"href":"https:\/\/www.mines-stetienne.fr\/spin-fr\/wp-json\/wp\/v2\/pages"}],"about":[{"href":"https:\/\/www.mines-stetienne.fr\/spin-fr\/wp-json\/wp\/v2\/types\/page"}],"author":[{"embeddable":true,"href":"https:\/\/www.mines-stetienne.fr\/spin-fr\/wp-json\/wp\/v2\/users\/1478"}],"replies":[{"embeddable":true,"href":"https:\/\/www.mines-stetienne.fr\/spin-fr\/wp-json\/wp\/v2\/comments?post=102"}],"version-history":[{"count":4,"href":"https:\/\/www.mines-stetienne.fr\/spin-fr\/wp-json\/wp\/v2\/pages\/102\/revisions"}],"predecessor-version":[{"id":1735,"href":"https:\/\/www.mines-stetienne.fr\/spin-fr\/wp-json\/wp\/v2\/pages\/102\/revisions\/1735"}],"up":[{"embeddable":true,"href":"https:\/\/www.mines-stetienne.fr\/spin-fr\/wp-json\/wp\/v2\/pages\/5"}],"wp:attachment":[{"href":"https:\/\/www.mines-stetienne.fr\/spin-fr\/wp-json\/wp\/v2\/media?parent=102"}],"wp:term":[{"taxonomy":"post_tag","embeddable":true,"href":"https:\/\/www.mines-stetienne.fr\/spin-fr\/wp-json\/wp\/v2\/tags?post=102"}],"curies":[{"name":"wp","href":"https:\/\/api.w.org\/{rel}","templated":true}]}}