{"id":10,"date":"2019-01-18T15:41:12","date_gmt":"2019-01-18T14:41:12","guid":{"rendered":"https:\/\/www.mines-stetienne.fr\/spin1\/?page_id=10"},"modified":"2024-02-02T10:48:37","modified_gmt":"2024-02-02T09:48:37","slug":"opportunites","status":"publish","type":"page","link":"https:\/\/www.mines-stetienne.fr\/spin-fr\/opportunites\/","title":{"rendered":"Opportunit\u00e9s"},"content":{"rendered":"<table border=\"0\" width=\"70%\" cellspacing=\"0\" cellpadding=\"0\">\n<tbody>\n<tr>\n<td width=\"45%\"><a href=\"https:\/\/www.mines-stetienne.fr\/spin-fr\/opportunites\/offres-demploi\/\"><br \/>\n<\/a><a href=\"https:\/\/www.mines-stetienne.fr\/spin-fr\/opportunites\/offresdemploi\/\"><img fetchpriority=\"high\" decoding=\"async\" class=\"alignnone\" src=\"https:\/\/www.mines-stetienne.fr\/spin\/wp-content\/uploads\/sites\/11\/2019\/01\/Lilstreet_jobOpportunities_2018_Banner2.jpg\" alt=\"\" width=\"689\" height=\"383\" \/><\/a><\/td>\n<td width=\"10%\"><\/td>\n<td width=\"45%\"><a href=\"https:\/\/www.mines-stetienne.fr\/spin-fr\/opportunites\/vie-etudiante\/\"><br \/>\n<img decoding=\"async\" src=\"https:\/\/www.mines-stetienne.fr\/spin\/wp-content\/uploads\/sites\/11\/2019\/01\/VieEtudiante-Copie.jpg\" \/> <\/a><\/td>\n<\/tr>\n<tr>\n<td align=\"center\" width=\"45%\">\n<h4><a href=\"https:\/\/www.mines-stetienne.fr\/spin-fr\/opportunites\/offresdemploi\/\">Offres d&#8217;emploi,<br \/>\nstages, th\u00e8ses<\/a><\/h4>\n<\/td>\n<td width=\"10%\"><\/td>\n<td align=\"center\" width=\"45%\">\n<h4><a href=\"https:\/\/www.mines-stetienne.fr\/spin-fr\/opportunites\/vie-etudiante\/\">Vie \u00e9tudiante<\/a><\/h4>\n<\/td>\n<\/tr>\n<\/tbody>\n<\/table>\n","protected":false},"excerpt":{"rendered":"<p>Offres d&#8217;emploi, stages, th\u00e8ses Vie \u00e9tudiante<\/p>\n","protected":false},"author":1478,"featured_media":0,"parent":0,"menu_order":10,"comment_status":"closed","ping_status":"closed","template":"","meta":{"footnotes":""},"tags":[],"class_list":["post-10","page","type-page","status-publish","hentry"],"pp_statuses_selecting_workflow":false,"pp_workflow_action":"current","pp_status_selection":"publish","pp_force_visibility":null,"pp_subpost_visibility":null,"pp_inherited_force_visibility":null,"pp_inherited_subpost_visibility":null,"yoast_head":"<!-- This site is optimized with the Yoast SEO plugin v27.5 - https:\/\/yoast.com\/product\/yoast-seo-wordpress\/ -->\n<title>Opportunit\u00e9s - Centre SPIN<\/title>\n<meta name=\"robots\" content=\"index, follow, max-snippet:-1, max-image-preview:large, max-video-preview:-1\" \/>\n<link rel=\"canonical\" href=\"https:\/\/www.mines-stetienne.fr\/spin-fr\/opportunites\/\" \/>\n<meta property=\"og:locale\" content=\"fr_FR\" \/>\n<meta property=\"og:type\" content=\"article\" \/>\n<meta property=\"og:title\" content=\"Opportunit\u00e9s - Centre SPIN\" \/>\n<meta property=\"og:description\" content=\"Offres d&#8217;emploi, stages, th\u00e8ses Vie \u00e9tudiante\" \/>\n<meta property=\"og:url\" content=\"https:\/\/www.mines-stetienne.fr\/spin-fr\/opportunites\/\" \/>\n<meta property=\"og:site_name\" content=\"Centre SPIN\" \/>\n<meta property=\"article:modified_time\" content=\"2024-02-02T09:48:37+00:00\" \/>\n<meta property=\"og:image\" content=\"https:\/\/www.mines-stetienne.fr\/spin\/wp-content\/uploads\/sites\/11\/2019\/01\/Lilstreet_jobOpportunities_2018_Banner2.jpg\" \/>\n<meta name=\"twitter:card\" content=\"summary_large_image\" \/>\n<script type=\"application\/ld+json\" class=\"yoast-schema-graph\">{\"@context\":\"https:\\\/\\\/schema.org\",\"@graph\":[{\"@type\":\"WebPage\",\"@id\":\"https:\\\/\\\/www.mines-stetienne.fr\\\/spin-fr\\\/opportunites\\\/\",\"url\":\"https:\\\/\\\/www.mines-stetienne.fr\\\/spin-fr\\\/opportunites\\\/\",\"name\":\"Opportunit\u00e9s - Centre SPIN\",\"isPartOf\":{\"@id\":\"https:\\\/\\\/www.mines-stetienne.fr\\\/spin-fr\\\/#website\"},\"primaryImageOfPage\":{\"@id\":\"https:\\\/\\\/www.mines-stetienne.fr\\\/spin-fr\\\/opportunites\\\/#primaryimage\"},\"image\":{\"@id\":\"https:\\\/\\\/www.mines-stetienne.fr\\\/spin-fr\\\/opportunites\\\/#primaryimage\"},\"thumbnailUrl\":\"https:\\\/\\\/www.mines-stetienne.fr\\\/spin\\\/wp-content\\\/uploads\\\/sites\\\/11\\\/2019\\\/01\\\/Lilstreet_jobOpportunities_2018_Banner2.jpg\",\"datePublished\":\"2019-01-18T14:41:12+00:00\",\"dateModified\":\"2024-02-02T09:48:37+00:00\",\"breadcrumb\":{\"@id\":\"https:\\\/\\\/www.mines-stetienne.fr\\\/spin-fr\\\/opportunites\\\/#breadcrumb\"},\"inLanguage\":\"fr-FR\",\"potentialAction\":[{\"@type\":\"ReadAction\",\"target\":[\"https:\\\/\\\/www.mines-stetienne.fr\\\/spin-fr\\\/opportunites\\\/\"]}]},{\"@type\":\"ImageObject\",\"inLanguage\":\"fr-FR\",\"@id\":\"https:\\\/\\\/www.mines-stetienne.fr\\\/spin-fr\\\/opportunites\\\/#primaryimage\",\"url\":\"https:\\\/\\\/www.mines-stetienne.fr\\\/spin\\\/wp-content\\\/uploads\\\/sites\\\/11\\\/2019\\\/01\\\/Lilstreet_jobOpportunities_2018_Banner2.jpg\",\"contentUrl\":\"https:\\\/\\\/www.mines-stetienne.fr\\\/spin\\\/wp-content\\\/uploads\\\/sites\\\/11\\\/2019\\\/01\\\/Lilstreet_jobOpportunities_2018_Banner2.jpg\"},{\"@type\":\"BreadcrumbList\",\"@id\":\"https:\\\/\\\/www.mines-stetienne.fr\\\/spin-fr\\\/opportunites\\\/#breadcrumb\",\"itemListElement\":[{\"@type\":\"ListItem\",\"position\":1,\"name\":\"Accueil\",\"item\":\"https:\\\/\\\/www.mines-stetienne.fr\\\/spin-fr\\\/\"},{\"@type\":\"ListItem\",\"position\":2,\"name\":\"Opportunit\u00e9s\"}]},{\"@type\":\"WebSite\",\"@id\":\"https:\\\/\\\/www.mines-stetienne.fr\\\/spin-fr\\\/#website\",\"url\":\"https:\\\/\\\/www.mines-stetienne.fr\\\/spin-fr\\\/\",\"name\":\"Centre SPIN\",\"description\":\"\u2013 G\u00e9nie des Proc\u00e9d\u00e9s\",\"potentialAction\":[{\"@type\":\"SearchAction\",\"target\":{\"@type\":\"EntryPoint\",\"urlTemplate\":\"https:\\\/\\\/www.mines-stetienne.fr\\\/spin-fr\\\/?s={search_term_string}\"},\"query-input\":{\"@type\":\"PropertyValueSpecification\",\"valueRequired\":true,\"valueName\":\"search_term_string\"}}],\"inLanguage\":\"fr-FR\"}]}<\/script>\n<!-- \/ Yoast SEO plugin. -->","yoast_head_json":{"title":"Opportunit\u00e9s - Centre SPIN","robots":{"index":"index","follow":"follow","max-snippet":"max-snippet:-1","max-image-preview":"max-image-preview:large","max-video-preview":"max-video-preview:-1"},"canonical":"https:\/\/www.mines-stetienne.fr\/spin-fr\/opportunites\/","og_locale":"fr_FR","og_type":"article","og_title":"Opportunit\u00e9s - Centre SPIN","og_description":"Offres d&#8217;emploi, stages, th\u00e8ses Vie \u00e9tudiante","og_url":"https:\/\/www.mines-stetienne.fr\/spin-fr\/opportunites\/","og_site_name":"Centre SPIN","article_modified_time":"2024-02-02T09:48:37+00:00","og_image":[{"url":"https:\/\/www.mines-stetienne.fr\/spin\/wp-content\/uploads\/sites\/11\/2019\/01\/Lilstreet_jobOpportunities_2018_Banner2.jpg","type":"","width":"","height":""}],"twitter_card":"summary_large_image","schema":{"@context":"https:\/\/schema.org","@graph":[{"@type":"WebPage","@id":"https:\/\/www.mines-stetienne.fr\/spin-fr\/opportunites\/","url":"https:\/\/www.mines-stetienne.fr\/spin-fr\/opportunites\/","name":"Opportunit\u00e9s - Centre SPIN","isPartOf":{"@id":"https:\/\/www.mines-stetienne.fr\/spin-fr\/#website"},"primaryImageOfPage":{"@id":"https:\/\/www.mines-stetienne.fr\/spin-fr\/opportunites\/#primaryimage"},"image":{"@id":"https:\/\/www.mines-stetienne.fr\/spin-fr\/opportunites\/#primaryimage"},"thumbnailUrl":"https:\/\/www.mines-stetienne.fr\/spin\/wp-content\/uploads\/sites\/11\/2019\/01\/Lilstreet_jobOpportunities_2018_Banner2.jpg","datePublished":"2019-01-18T14:41:12+00:00","dateModified":"2024-02-02T09:48:37+00:00","breadcrumb":{"@id":"https:\/\/www.mines-stetienne.fr\/spin-fr\/opportunites\/#breadcrumb"},"inLanguage":"fr-FR","potentialAction":[{"@type":"ReadAction","target":["https:\/\/www.mines-stetienne.fr\/spin-fr\/opportunites\/"]}]},{"@type":"ImageObject","inLanguage":"fr-FR","@id":"https:\/\/www.mines-stetienne.fr\/spin-fr\/opportunites\/#primaryimage","url":"https:\/\/www.mines-stetienne.fr\/spin\/wp-content\/uploads\/sites\/11\/2019\/01\/Lilstreet_jobOpportunities_2018_Banner2.jpg","contentUrl":"https:\/\/www.mines-stetienne.fr\/spin\/wp-content\/uploads\/sites\/11\/2019\/01\/Lilstreet_jobOpportunities_2018_Banner2.jpg"},{"@type":"BreadcrumbList","@id":"https:\/\/www.mines-stetienne.fr\/spin-fr\/opportunites\/#breadcrumb","itemListElement":[{"@type":"ListItem","position":1,"name":"Accueil","item":"https:\/\/www.mines-stetienne.fr\/spin-fr\/"},{"@type":"ListItem","position":2,"name":"Opportunit\u00e9s"}]},{"@type":"WebSite","@id":"https:\/\/www.mines-stetienne.fr\/spin-fr\/#website","url":"https:\/\/www.mines-stetienne.fr\/spin-fr\/","name":"Centre SPIN","description":"\u2013 G\u00e9nie des Proc\u00e9d\u00e9s","potentialAction":[{"@type":"SearchAction","target":{"@type":"EntryPoint","urlTemplate":"https:\/\/www.mines-stetienne.fr\/spin-fr\/?s={search_term_string}"},"query-input":{"@type":"PropertyValueSpecification","valueRequired":true,"valueName":"search_term_string"}}],"inLanguage":"fr-FR"}]}},"_links":{"self":[{"href":"https:\/\/www.mines-stetienne.fr\/spin-fr\/wp-json\/wp\/v2\/pages\/10","targetHints":{"allow":["GET"]}}],"collection":[{"href":"https:\/\/www.mines-stetienne.fr\/spin-fr\/wp-json\/wp\/v2\/pages"}],"about":[{"href":"https:\/\/www.mines-stetienne.fr\/spin-fr\/wp-json\/wp\/v2\/types\/page"}],"author":[{"embeddable":true,"href":"https:\/\/www.mines-stetienne.fr\/spin-fr\/wp-json\/wp\/v2\/users\/1478"}],"replies":[{"embeddable":true,"href":"https:\/\/www.mines-stetienne.fr\/spin-fr\/wp-json\/wp\/v2\/comments?post=10"}],"version-history":[{"count":14,"href":"https:\/\/www.mines-stetienne.fr\/spin-fr\/wp-json\/wp\/v2\/pages\/10\/revisions"}],"predecessor-version":[{"id":514,"href":"https:\/\/www.mines-stetienne.fr\/spin-fr\/wp-json\/wp\/v2\/pages\/10\/revisions\/514"}],"wp:attachment":[{"href":"https:\/\/www.mines-stetienne.fr\/spin-fr\/wp-json\/wp\/v2\/media?parent=10"}],"wp:term":[{"taxonomy":"post_tag","embeddable":true,"href":"https:\/\/www.mines-stetienne.fr\/spin-fr\/wp-json\/wp\/v2\/tags?post=10"}],"curies":[{"name":"wp","href":"https:\/\/api.w.org\/{rel}","templated":true}]}}