{"id":19,"date":"2025-12-16T07:37:24","date_gmt":"2025-12-16T06:37:24","guid":{"rendered":"https:\/\/www.mines-stetienne.fr\/shiftprogram2026\/?page_id=19"},"modified":"2026-01-13T12:00:31","modified_gmt":"2026-01-13T11:00:31","slug":"sponsors","status":"publish","type":"page","link":"https:\/\/www.mines-stetienne.fr\/shiftprogram2026\/sponsors\/","title":{"rendered":"Financial support and strategic partners"},"content":{"rendered":"\n<div style=\"height:50px\" aria-hidden=\"true\" class=\"wp-block-spacer\"><\/div>\n\n\n\n<div class=\"wp-block-group is-layout-grid wp-container-core-group-is-layout-9a5b1ade wp-block-group-is-layout-grid\">\n<div class=\"wp-block-group is-nowrap is-layout-flex wp-container-core-group-is-layout-e3e06330 wp-block-group-is-layout-flex\">\n<figure class=\"wp-block-image size-full wp-container-content-9cfa9a5a\"><a href=\"https:\/\/www.auvergnerhonealpes.fr\/\"><img loading=\"lazy\" decoding=\"async\" width=\"300\" height=\"69\" src=\"https:\/\/www.mines-stetienne.fr\/shiftprogram2026\/wp-content\/uploads\/sites\/22\/2025\/12\/Logo_Region_AURA_rbv-bleu-gris-300px.png\" alt=\"La R\u00e9gion Auvergne-Rh\u00f4ne-Alpes\" class=\"wp-image-140\" \/><\/a><\/figure>\n<\/div>\n\n\n\n<figure class=\"wp-block-image size-full\"><a href=\"https:\/\/www.saint-etienne-metropole.fr\/\" target=\"_blank\" rel=\" noreferrer noopener\"><img loading=\"lazy\" decoding=\"async\" width=\"300\" height=\"119\" src=\"https:\/\/www.mines-stetienne.fr\/shiftprogram2026\/wp-content\/uploads\/sites\/22\/2025\/12\/logo_sem_rvb_rvb-300px.jpg\" alt=\"Saint-\u00c9tienne la m\u00e9tropole\" class=\"wp-image-141\" \/><\/a><\/figure>\n<\/div>\n\n\n\n<div style=\"height:50px\" aria-hidden=\"true\" class=\"wp-block-spacer\"><\/div>\n\n\n\n<div class=\"wp-block-group is-layout-grid wp-container-core-group-is-layout-9a5b1ade wp-block-group-is-layout-grid\">\n<figure class=\"wp-block-image size-full\"><a href=\"https:\/\/www.mines-stetienne.fr\/\" target=\"_blank\" rel=\" noreferrer noopener\"><img loading=\"lazy\" decoding=\"async\" width=\"300\" height=\"109\" src=\"https:\/\/www.mines-stetienne.fr\/shiftprogram2026\/wp-content\/uploads\/sites\/22\/2025\/12\/MSE-IMT_Hor_RVB-300px.png\" alt=\"\u00c9cole des Mines de Saint-\u00c9tienne\" class=\"wp-image-142\" \/><\/a><\/figure>\n\n\n\n<figure class=\"wp-block-image size-full\"><a href=\"https:\/\/www.txst.edu\/\" target=\"_blank\" rel=\" noreferrer noopener\"><img loading=\"lazy\" decoding=\"async\" width=\"300\" height=\"83\" src=\"https:\/\/www.mines-stetienne.fr\/shiftprogram2026\/wp-content\/uploads\/sites\/22\/2025\/12\/Logo_Texas_State_University-300px.jpg\" alt=\"Texas State University\" class=\"wp-image-143\" \/><\/a><\/figure>\n\n\n\n<figure class=\"wp-block-image size-full\"><a href=\"https:\/\/noveka.org\/\" target=\"_blank\" rel=\" noreferrer noopener\"><img loading=\"lazy\" decoding=\"async\" width=\"300\" height=\"72\" src=\"https:\/\/www.mines-stetienne.fr\/shiftprogram2026\/wp-content\/uploads\/sites\/22\/2025\/12\/Noveka-logo-300px.png\" alt=\"Nov\u00e9ka ! - Saint-\u00c9tienne Innovation Sant\u00e9\" class=\"wp-image-144\" \/><\/a><\/figure>\n<\/div>\n","protected":false},"excerpt":{"rendered":"","protected":false},"author":2,"featured_media":0,"parent":0,"menu_order":50,"comment_status":"closed","ping_status":"closed","template":"","meta":{"advgb_blocks_editor_width":"","advgb_blocks_columns_visual_guide":"","footnotes":""},"tags":[],"class_list":["post-19","page","type-page","status-publish","hentry"],"pp_statuses_selecting_workflow":false,"pp_workflow_action":"current","pp_status_selection":"publish","pp_force_visibility":null,"pp_subpost_visibility":null,"pp_inherited_force_visibility":null,"pp_inherited_subpost_visibility":null,"yoast_head":"<!-- This site is optimized with the Yoast SEO plugin v27.5 - https:\/\/yoast.com\/product\/yoast-seo-wordpress\/ -->\n<title>Financial support and strategic partners - SHIFT 2026<\/title>\n<meta name=\"robots\" content=\"index, follow, max-snippet:-1, max-image-preview:large, max-video-preview:-1\" \/>\n<link rel=\"canonical\" href=\"https:\/\/www.mines-stetienne.fr\/shiftprogram2026\/sponsors\/\" \/>\n<meta property=\"og:locale\" content=\"en_US\" \/>\n<meta property=\"og:type\" content=\"article\" \/>\n<meta property=\"og:title\" content=\"Financial support and strategic partners - SHIFT 2026\" \/>\n<meta property=\"og:url\" content=\"https:\/\/www.mines-stetienne.fr\/shiftprogram2026\/sponsors\/\" \/>\n<meta property=\"og:site_name\" content=\"SHIFT 2026\" \/>\n<meta property=\"article:publisher\" content=\"https:\/\/www.facebook.com\/MinesSaintEtienne\" \/>\n<meta property=\"article:modified_time\" content=\"2026-01-13T11:00:31+00:00\" \/>\n<meta property=\"og:image\" content=\"https:\/\/www.mines-stetienne.fr\/shiftprogram2026\/wp-content\/uploads\/sites\/22\/2025\/12\/Logo_Region_AURA_rbv-bleu-gris-300px.png\" \/>\n\t<meta property=\"og:image:width\" content=\"300\" \/>\n\t<meta property=\"og:image:height\" content=\"69\" \/>\n\t<meta property=\"og:image:type\" content=\"image\/png\" \/>\n<meta name=\"twitter:card\" content=\"summary_large_image\" \/>\n<meta name=\"twitter:site\" content=\"@MINES_StEtienne\" \/>\n<meta name=\"twitter:label1\" content=\"Est. reading time\" \/>\n\t<meta name=\"twitter:data1\" content=\"1 minute\" \/>\n<script type=\"application\/ld+json\" class=\"yoast-schema-graph\">{\"@context\":\"https:\\\/\\\/schema.org\",\"@graph\":[{\"@type\":\"WebPage\",\"@id\":\"https:\\\/\\\/www.mines-stetienne.fr\\\/shiftprogram2026\\\/sponsors\\\/\",\"url\":\"https:\\\/\\\/www.mines-stetienne.fr\\\/shiftprogram2026\\\/sponsors\\\/\",\"name\":\"Financial support and strategic partners - SHIFT 2026\",\"isPartOf\":{\"@id\":\"https:\\\/\\\/www.mines-stetienne.fr\\\/shiftprogram2026\\\/#website\"},\"primaryImageOfPage\":{\"@id\":\"https:\\\/\\\/www.mines-stetienne.fr\\\/shiftprogram2026\\\/sponsors\\\/#primaryimage\"},\"image\":{\"@id\":\"https:\\\/\\\/www.mines-stetienne.fr\\\/shiftprogram2026\\\/sponsors\\\/#primaryimage\"},\"thumbnailUrl\":\"https:\\\/\\\/www.mines-stetienne.fr\\\/shiftprogram2026\\\/wp-content\\\/uploads\\\/sites\\\/22\\\/2025\\\/12\\\/Logo_Region_AURA_rbv-bleu-gris-300px.png\",\"datePublished\":\"2025-12-16T06:37:24+00:00\",\"dateModified\":\"2026-01-13T11:00:31+00:00\",\"breadcrumb\":{\"@id\":\"https:\\\/\\\/www.mines-stetienne.fr\\\/shiftprogram2026\\\/sponsors\\\/#breadcrumb\"},\"inLanguage\":\"en-US\",\"potentialAction\":[{\"@type\":\"ReadAction\",\"target\":[\"https:\\\/\\\/www.mines-stetienne.fr\\\/shiftprogram2026\\\/sponsors\\\/\"]}]},{\"@type\":\"ImageObject\",\"inLanguage\":\"en-US\",\"@id\":\"https:\\\/\\\/www.mines-stetienne.fr\\\/shiftprogram2026\\\/sponsors\\\/#primaryimage\",\"url\":\"https:\\\/\\\/www.mines-stetienne.fr\\\/shiftprogram2026\\\/wp-content\\\/uploads\\\/sites\\\/22\\\/2025\\\/12\\\/Logo_Region_AURA_rbv-bleu-gris-300px.png\",\"contentUrl\":\"https:\\\/\\\/www.mines-stetienne.fr\\\/shiftprogram2026\\\/wp-content\\\/uploads\\\/sites\\\/22\\\/2025\\\/12\\\/Logo_Region_AURA_rbv-bleu-gris-300px.png\",\"width\":300,\"height\":69},{\"@type\":\"BreadcrumbList\",\"@id\":\"https:\\\/\\\/www.mines-stetienne.fr\\\/shiftprogram2026\\\/sponsors\\\/#breadcrumb\",\"itemListElement\":[{\"@type\":\"ListItem\",\"position\":1,\"name\":\"Accueil\",\"item\":\"https:\\\/\\\/www.mines-stetienne.fr\\\/shiftprogram2026\\\/\"},{\"@type\":\"ListItem\",\"position\":2,\"name\":\"Financial support and strategic partners\"}]},{\"@type\":\"WebSite\",\"@id\":\"https:\\\/\\\/www.mines-stetienne.fr\\\/shiftprogram2026\\\/#website\",\"url\":\"https:\\\/\\\/www.mines-stetienne.fr\\\/shiftprogram2026\\\/\",\"name\":\"SHIFT 2026\",\"description\":\"Shaping Health Innovation for the Future of Technology\",\"publisher\":{\"@id\":\"https:\\\/\\\/www.mines-stetienne.fr\\\/shiftprogram2026\\\/#organization\"},\"potentialAction\":[{\"@type\":\"SearchAction\",\"target\":{\"@type\":\"EntryPoint\",\"urlTemplate\":\"https:\\\/\\\/www.mines-stetienne.fr\\\/shiftprogram2026\\\/?s={search_term_string}\"},\"query-input\":{\"@type\":\"PropertyValueSpecification\",\"valueRequired\":true,\"valueName\":\"search_term_string\"}}],\"inLanguage\":\"en-US\"},{\"@type\":\"Organization\",\"@id\":\"https:\\\/\\\/www.mines-stetienne.fr\\\/shiftprogram2026\\\/#organization\",\"name\":\"\u00c9cole des Mines de Saint-\u00c9tienne\",\"url\":\"https:\\\/\\\/www.mines-stetienne.fr\\\/shiftprogram2026\\\/\",\"logo\":{\"@type\":\"ImageObject\",\"inLanguage\":\"en-US\",\"@id\":\"https:\\\/\\\/www.mines-stetienne.fr\\\/shiftprogram2026\\\/#\\\/schema\\\/logo\\\/image\\\/\",\"url\":\"https:\\\/\\\/www.mines-stetienne.fr\\\/wp-content\\\/uploads\\\/2018\\\/05\\\/Mines_Saint_Etienne_IMT_RVB.png\",\"contentUrl\":\"https:\\\/\\\/www.mines-stetienne.fr\\\/wp-content\\\/uploads\\\/2018\\\/05\\\/Mines_Saint_Etienne_IMT_RVB.png\",\"width\":316,\"height\":315,\"caption\":\"\u00c9cole des Mines de Saint-\u00c9tienne\"},\"image\":{\"@id\":\"https:\\\/\\\/www.mines-stetienne.fr\\\/shiftprogram2026\\\/#\\\/schema\\\/logo\\\/image\\\/\"},\"sameAs\":[\"https:\\\/\\\/www.facebook.com\\\/MinesSaintEtienne\",\"https:\\\/\\\/x.com\\\/MINES_StEtienne\",\"https:\\\/\\\/www.youtube.com\\\/channel\\\/UCVSdpdmJccvUngjJ2on1n3A\"]}]}<\/script>\n<!-- \/ Yoast SEO plugin. -->","yoast_head_json":{"title":"Financial support and strategic partners - SHIFT 2026","robots":{"index":"index","follow":"follow","max-snippet":"max-snippet:-1","max-image-preview":"max-image-preview:large","max-video-preview":"max-video-preview:-1"},"canonical":"https:\/\/www.mines-stetienne.fr\/shiftprogram2026\/sponsors\/","og_locale":"en_US","og_type":"article","og_title":"Financial support and strategic partners - SHIFT 2026","og_url":"https:\/\/www.mines-stetienne.fr\/shiftprogram2026\/sponsors\/","og_site_name":"SHIFT 2026","article_publisher":"https:\/\/www.facebook.com\/MinesSaintEtienne","article_modified_time":"2026-01-13T11:00:31+00:00","og_image":[{"width":300,"height":69,"url":"https:\/\/www.mines-stetienne.fr\/shiftprogram2026\/wp-content\/uploads\/sites\/22\/2025\/12\/Logo_Region_AURA_rbv-bleu-gris-300px.png","type":"image\/png"}],"twitter_card":"summary_large_image","twitter_site":"@MINES_StEtienne","twitter_misc":{"Est. reading time":"1 minute"},"schema":{"@context":"https:\/\/schema.org","@graph":[{"@type":"WebPage","@id":"https:\/\/www.mines-stetienne.fr\/shiftprogram2026\/sponsors\/","url":"https:\/\/www.mines-stetienne.fr\/shiftprogram2026\/sponsors\/","name":"Financial support and strategic partners - SHIFT 2026","isPartOf":{"@id":"https:\/\/www.mines-stetienne.fr\/shiftprogram2026\/#website"},"primaryImageOfPage":{"@id":"https:\/\/www.mines-stetienne.fr\/shiftprogram2026\/sponsors\/#primaryimage"},"image":{"@id":"https:\/\/www.mines-stetienne.fr\/shiftprogram2026\/sponsors\/#primaryimage"},"thumbnailUrl":"https:\/\/www.mines-stetienne.fr\/shiftprogram2026\/wp-content\/uploads\/sites\/22\/2025\/12\/Logo_Region_AURA_rbv-bleu-gris-300px.png","datePublished":"2025-12-16T06:37:24+00:00","dateModified":"2026-01-13T11:00:31+00:00","breadcrumb":{"@id":"https:\/\/www.mines-stetienne.fr\/shiftprogram2026\/sponsors\/#breadcrumb"},"inLanguage":"en-US","potentialAction":[{"@type":"ReadAction","target":["https:\/\/www.mines-stetienne.fr\/shiftprogram2026\/sponsors\/"]}]},{"@type":"ImageObject","inLanguage":"en-US","@id":"https:\/\/www.mines-stetienne.fr\/shiftprogram2026\/sponsors\/#primaryimage","url":"https:\/\/www.mines-stetienne.fr\/shiftprogram2026\/wp-content\/uploads\/sites\/22\/2025\/12\/Logo_Region_AURA_rbv-bleu-gris-300px.png","contentUrl":"https:\/\/www.mines-stetienne.fr\/shiftprogram2026\/wp-content\/uploads\/sites\/22\/2025\/12\/Logo_Region_AURA_rbv-bleu-gris-300px.png","width":300,"height":69},{"@type":"BreadcrumbList","@id":"https:\/\/www.mines-stetienne.fr\/shiftprogram2026\/sponsors\/#breadcrumb","itemListElement":[{"@type":"ListItem","position":1,"name":"Accueil","item":"https:\/\/www.mines-stetienne.fr\/shiftprogram2026\/"},{"@type":"ListItem","position":2,"name":"Financial support and strategic partners"}]},{"@type":"WebSite","@id":"https:\/\/www.mines-stetienne.fr\/shiftprogram2026\/#website","url":"https:\/\/www.mines-stetienne.fr\/shiftprogram2026\/","name":"SHIFT 2026","description":"Shaping Health Innovation for the Future of Technology","publisher":{"@id":"https:\/\/www.mines-stetienne.fr\/shiftprogram2026\/#organization"},"potentialAction":[{"@type":"SearchAction","target":{"@type":"EntryPoint","urlTemplate":"https:\/\/www.mines-stetienne.fr\/shiftprogram2026\/?s={search_term_string}"},"query-input":{"@type":"PropertyValueSpecification","valueRequired":true,"valueName":"search_term_string"}}],"inLanguage":"en-US"},{"@type":"Organization","@id":"https:\/\/www.mines-stetienne.fr\/shiftprogram2026\/#organization","name":"\u00c9cole des Mines de Saint-\u00c9tienne","url":"https:\/\/www.mines-stetienne.fr\/shiftprogram2026\/","logo":{"@type":"ImageObject","inLanguage":"en-US","@id":"https:\/\/www.mines-stetienne.fr\/shiftprogram2026\/#\/schema\/logo\/image\/","url":"https:\/\/www.mines-stetienne.fr\/wp-content\/uploads\/2018\/05\/Mines_Saint_Etienne_IMT_RVB.png","contentUrl":"https:\/\/www.mines-stetienne.fr\/wp-content\/uploads\/2018\/05\/Mines_Saint_Etienne_IMT_RVB.png","width":316,"height":315,"caption":"\u00c9cole des Mines de Saint-\u00c9tienne"},"image":{"@id":"https:\/\/www.mines-stetienne.fr\/shiftprogram2026\/#\/schema\/logo\/image\/"},"sameAs":["https:\/\/www.facebook.com\/MinesSaintEtienne","https:\/\/x.com\/MINES_StEtienne","https:\/\/www.youtube.com\/channel\/UCVSdpdmJccvUngjJ2on1n3A"]}]}},"coauthors":[],"author_meta":{"author_link":"https:\/\/www.mines-stetienne.fr\/shiftprogram2026\/author\/gregoire\/","display_name":"Gr\u00e9goire"},"relative_dates":{"created":"Posted 5 months ago","modified":"Updated 4 months ago"},"absolute_dates":{"created":"Posted on 16 December 2025","modified":"Updated on 13 January 2026"},"absolute_dates_time":{"created":"Posted on 16 December 2025 7h37","modified":"Updated on 13 January 2026 12h00"},"featured_img_caption":"","featured_img":false,"series_order":"","_links":{"self":[{"href":"https:\/\/www.mines-stetienne.fr\/shiftprogram2026\/wp-json\/wp\/v2\/pages\/19","targetHints":{"allow":["GET"]}}],"collection":[{"href":"https:\/\/www.mines-stetienne.fr\/shiftprogram2026\/wp-json\/wp\/v2\/pages"}],"about":[{"href":"https:\/\/www.mines-stetienne.fr\/shiftprogram2026\/wp-json\/wp\/v2\/types\/page"}],"author":[{"embeddable":true,"href":"https:\/\/www.mines-stetienne.fr\/shiftprogram2026\/wp-json\/wp\/v2\/users\/2"}],"replies":[{"embeddable":true,"href":"https:\/\/www.mines-stetienne.fr\/shiftprogram2026\/wp-json\/wp\/v2\/comments?post=19"}],"version-history":[{"count":23,"href":"https:\/\/www.mines-stetienne.fr\/shiftprogram2026\/wp-json\/wp\/v2\/pages\/19\/revisions"}],"predecessor-version":[{"id":271,"href":"https:\/\/www.mines-stetienne.fr\/shiftprogram2026\/wp-json\/wp\/v2\/pages\/19\/revisions\/271"}],"wp:attachment":[{"href":"https:\/\/www.mines-stetienne.fr\/shiftprogram2026\/wp-json\/wp\/v2\/media?parent=19"}],"wp:term":[{"taxonomy":"post_tag","embeddable":true,"href":"https:\/\/www.mines-stetienne.fr\/shiftprogram2026\/wp-json\/wp\/v2\/tags?post=19"}],"curies":[{"name":"wp","href":"https:\/\/api.w.org\/{rel}","templated":true}]}}