{"id":5839,"date":"2017-01-11T17:28:25","date_gmt":"2017-01-11T16:28:25","guid":{"rendered":"https:\/\/mindev.mines-stetienne.fr\/lgf\/?page_id=2"},"modified":"2024-09-10T11:56:23","modified_gmt":"2024-09-10T09:56:23","slug":"laboratoire","status":"publish","type":"page","link":"https:\/\/www.mines-stetienne.fr\/lgf\/laboratoire\/","title":{"rendered":"Laboratoire Georges Friedel"},"content":{"rendered":"<div class=\"wpb-content-wrapper\">[vc_row css_animation=&#8221;fadeIn&#8221;][vc_column css_animation=&#8221;fadeIn&#8221;][vc_column_text css=&#8221;&#8221;]Le <strong>Laboratoire Georges Friedel<\/strong> est une Unit\u00e9 Mixte de Recherche du <a href=\"http:\/\/www.cnrs.fr\">CNRS<\/a> (UMR 5307) et appartient \u00e0 l\u2019<a href=\"http:\/\/www.cnrs.fr\/insis\/\">Institut des Sciences de l\u2019Ing\u00e9nierie et des Syst\u00e8mes<\/a> (INSIS). Situ\u00e9 \u00e0 l\u2019\u00c9cole des Mines de Saint-\u00c9tienne et port\u00e9 par les deux tutelles (Mines de Saint-\u00c9tienne et CNRS), le laboratoire regroupe tout le potentiel de l\u2019\u00c9cole des Mines de Saint-\u00c9tienne dans les domaines des mat\u00e9riaux, de la m\u00e9canique et des proc\u00e9d\u00e9s.<\/p>\n<p>Le LGF est un <strong>acteur de recherche acad\u00e9mique, en partenariat fort avec l\u2019Industrie<\/strong> qui se positionne comme un des acteurs majeurs pour r\u00e9pondre aux probl\u00e9matiques :<\/p>\n<ul>\n<li><strong>durabilit\u00e9 et efficacit\u00e9 \u00e9nerg\u00e9tique des composants et de l\u2019usine ;<br \/>\n<\/strong><\/li>\n<li><strong>du grain \u00e0 l\u2019usine \/ du mat\u00e9riau au composant.<\/strong><\/li>\n<\/ul>\n<p>Le LGF\u00a0est engag\u00e9 avec les partenaires acad\u00e9miques locaux dans des r\u00e9seaux structurants tels que le LABEX\u00a0MANUTECH-SISE, l\u2019EUR MANUTECH-SLEIGHT, \u00e0 l\u2019\u00e9chelle nationale via la participation \u00e0 de nombreux Groupements De Recherches (GDR CNRS) ou \u00e0 des F\u00e9d\u00e9rations de Recherche (INGELYSE, HYDROGENE) \u00a0et contribue aux\u00a0grands projets soci\u00e9taux\u00a0\u00e0 l\u2019\u00e9chelle nationale (plan de relance) et internationale sur les des volets tels que l\u2019\u00e9nergie d\u00e9carbon\u00e9e, l\u2019hydrog\u00e8ne, et plus g\u00e9n\u00e9ralement la transition de l\u2019industrie\u00a0vers le num\u00e9rique avec des mat\u00e9riaux\u00a0et proc\u00e9d\u00e9s innovants\u2026<\/p>\n<p><strong>Guillaume Kermouche, Directeur<\/strong>[\/vc_column_text]<div class=\"vcex-spacing wpex-w-100 wpex-clear\" style=\"height:25px;\"><\/div>[\/vc_column][\/vc_row][vc_row][vc_column css_animation=&#8221;fadeIn&#8221; css_animation_delay=&#8221;0.5&#8243;]<h2 class=\"vcex-heading vcex-heading-bottom-border-w-color vcex-module wpex-heading wpex-text-2xl wpex-mb-15 wpex-text-center wpex-border-b-2 wpex-border-solid wpex-border-main\"><span class=\"vcex-heading-inner wpex-inline-block wpex-relative wpex-pb-5 wpex-border-b-2 wpex-border-solid wpex-border-accent\">4 \u00e9quipes de recherche<\/span><\/h2>[\/vc_column][\/vc_row][vc_row][vc_column css_animation=&#8221;fadeIn&#8221; css_animation_delay=&#8221;0.5&#8243;]<style class=\"vcex-carousel-preload-css\">.vcex_69f9a860bfea0{--wpex-carousel-gap:15px;}.vcex_69f9a860bfea0{--wpex-carousel-columns:1;}.vcex_69f9a860bfea0.wpex-carousel:not(.wpex-carousel--loaded) > *:not(:nth-child(1n+2)){display: flex !important;}@media only screen and (min-width: 480px) {.vcex_69f9a860bfea0{--wpex-carousel-columns:2;}.vcex_69f9a860bfea0.wpex-carousel:not(.wpex-carousel--loaded) > *:not(:nth-child(1n+3)){display: flex !important;}}@media only screen and (min-width: 768px) {.vcex_69f9a860bfea0{--wpex-carousel-columns:3;}.vcex_69f9a860bfea0.wpex-carousel:not(.wpex-carousel--loaded) > *:not(:nth-child(1n+4)){display: flex !important;}}@media only screen and (min-width: 960px) {.vcex_69f9a860bfea0{--wpex-carousel-columns:4;}.vcex_69f9a860bfea0.wpex-carousel:not(.wpex-carousel--loaded) > *:not(:nth-child(1n+5)){display: flex !important;}}<\/style><div class=\"vcex-portfolio-carousel wpex-carousel wpex-carousel-portfolio wpex-clr vcex-module owl-carousel wpex-carousel--render-onload vcex_69f9a860bfea0 wpex-text-center arrwstyle-default\" data-wpex-carousel=\"{&quot;slideBy&quot;:1,&quot;responsive&quot;:{&quot;0&quot;:{&quot;items&quot;:&quot;1&quot;},&quot;480&quot;:{&quot;items&quot;:&quot;2&quot;},&quot;768&quot;:{&quot;items&quot;:&quot;3&quot;},&quot;960&quot;:{&quot;items&quot;:&quot;4&quot;}}}\"><div class=\"wpex-carousel-slide\"><div class=\"wpex-carousel-entry-media entry-media wpex-relative\"><a href=\"https:\/\/www.mines-stetienne.fr\/lgf\/equipe\/mpe\/\" title=\"MPE\" class=\"wpex-carousel-entry-img\"><img width=\"600\" height=\"400\" src=\"https:\/\/www.mines-stetienne.fr\/lgf\/wp-content\/uploads\/sites\/6\/2015\/05\/mpe.png\" class=\"wpex-carousel-entry-img wpex-align-middle skip-lazy\" alt=\"\" data-no-lazy=\"1\" srcset=\"https:\/\/www.mines-stetienne.fr\/lgf\/wp-content\/uploads\/sites\/6\/2015\/05\/mpe.png 600w, https:\/\/www.mines-stetienne.fr\/lgf\/wp-content\/uploads\/sites\/6\/2015\/05\/mpe-300x200.png 300w\" sizes=\"(max-width: 600px) 100vw, 600px\" \/><\/a><\/div><div class=\"wpex-carousel-entry-details entry-details wpex-boxed wpex-first-mt-0 wpex-last-mb-0 wpex-clr\"><div class=\"wpex-carousel-entry-title entry-title wpex-mb-5\"><a href=\"https:\/\/www.mines-stetienne.fr\/lgf\/equipe\/mpe\/\">MPE<\/a><\/div><\/div><\/div><div class=\"wpex-carousel-slide\"><div class=\"wpex-carousel-entry-media entry-media wpex-relative\"><a href=\"https:\/\/www.mines-stetienne.fr\/lgf\/equipe\/pmdm\/\" title=\"PMDM\" class=\"wpex-carousel-entry-img\"><img width=\"600\" height=\"400\" src=\"https:\/\/www.mines-stetienne.fr\/lgf\/wp-content\/uploads\/sites\/6\/2015\/05\/pmdm.png\" class=\"wpex-carousel-entry-img wpex-align-middle skip-lazy\" alt=\"\" data-no-lazy=\"1\" srcset=\"https:\/\/www.mines-stetienne.fr\/lgf\/wp-content\/uploads\/sites\/6\/2015\/05\/pmdm.png 600w, https:\/\/www.mines-stetienne.fr\/lgf\/wp-content\/uploads\/sites\/6\/2015\/05\/pmdm-300x200.png 300w\" sizes=\"(max-width: 600px) 100vw, 600px\" \/><\/a><\/div><div class=\"wpex-carousel-entry-details entry-details wpex-boxed wpex-first-mt-0 wpex-last-mb-0 wpex-clr\"><div class=\"wpex-carousel-entry-title entry-title wpex-mb-5\"><a href=\"https:\/\/www.mines-stetienne.fr\/lgf\/equipe\/pmdm\/\">PMDM<\/a><\/div><\/div><\/div><div class=\"wpex-carousel-slide\"><div class=\"wpex-carousel-entry-media entry-media wpex-relative\"><a href=\"https:\/\/www.mines-stetienne.fr\/lgf\/equipe\/pmm\/\" title=\"PMM\" class=\"wpex-carousel-entry-img\"><img width=\"600\" height=\"400\" src=\"https:\/\/www.mines-stetienne.fr\/lgf\/wp-content\/uploads\/sites\/6\/2015\/05\/pmm.png\" class=\"wpex-carousel-entry-img wpex-align-middle skip-lazy\" alt=\"\" data-no-lazy=\"1\" srcset=\"https:\/\/www.mines-stetienne.fr\/lgf\/wp-content\/uploads\/sites\/6\/2015\/05\/pmm.png 600w, https:\/\/www.mines-stetienne.fr\/lgf\/wp-content\/uploads\/sites\/6\/2015\/05\/pmm-300x200.png 300w\" sizes=\"(max-width: 600px) 100vw, 600px\" \/><\/a><\/div><div class=\"wpex-carousel-entry-details entry-details wpex-boxed wpex-first-mt-0 wpex-last-mb-0 wpex-clr\"><div class=\"wpex-carousel-entry-title entry-title wpex-mb-5\"><a href=\"https:\/\/www.mines-stetienne.fr\/lgf\/equipe\/pmm\/\">PMM<\/a><\/div><\/div><\/div><div class=\"wpex-carousel-slide\"><div class=\"wpex-carousel-entry-media entry-media wpex-relative\"><a href=\"https:\/\/www.mines-stetienne.fr\/lgf\/equipe\/surf\/\" title=\"SURF\" class=\"wpex-carousel-entry-img\"><img width=\"600\" height=\"400\" src=\"https:\/\/www.mines-stetienne.fr\/lgf\/wp-content\/uploads\/sites\/6\/2015\/05\/surf-1.png\" class=\"wpex-carousel-entry-img wpex-align-middle skip-lazy\" alt=\"\" data-no-lazy=\"1\" srcset=\"https:\/\/www.mines-stetienne.fr\/lgf\/wp-content\/uploads\/sites\/6\/2015\/05\/surf-1.png 600w, https:\/\/www.mines-stetienne.fr\/lgf\/wp-content\/uploads\/sites\/6\/2015\/05\/surf-1-300x200.png 300w\" sizes=\"(max-width: 600px) 100vw, 600px\" \/><\/a><\/div><div class=\"wpex-carousel-entry-details entry-details wpex-boxed wpex-first-mt-0 wpex-last-mb-0 wpex-clr\"><div class=\"wpex-carousel-entry-title entry-title wpex-mb-5\"><a href=\"https:\/\/www.mines-stetienne.fr\/lgf\/equipe\/surf\/\">SURF<\/a><\/div><\/div><\/div><\/div>[\/vc_column][\/vc_row][vc_row css_animation=&#8221;fadeIn&#8221;][vc_column]<h2 class=\"vcex-heading vcex-heading-bottom-border-w-color vcex-module wpex-heading wpex-text-2xl wpex-mb-15 wpex-text-center wpex-border-b-2 wpex-border-solid wpex-border-main\"><span class=\"vcex-heading-inner wpex-inline-block wpex-relative wpex-pb-5 wpex-border-b-2 wpex-border-solid wpex-border-accent\">Plateaux d'instruments<\/span><\/h2><div class=\"vcex-module vcex-post-type-grid-wrap wpex-clr\"><div class=\"wpex-row vcex-post-type-grid entries wpex-clr\"><div class=\"vcex-post-type-entry vcex-grid-item wpex-clr col span_1_of_3 vcex-post-type-no-media-entry col-1 entry post-5084 type-page no-media\"><div class=\"vcex-post-type-entry-inner entry-inner wpex-first-mt-0 wpex-last-mb-0 wpex-clr\"><div class=\"vcex-post-type-entry-details entry-details wpex-bordered wpex-first-mt-0 wpex-last-mb-0 wpex-clr\"><h3 class=\"vcex-post-type-entry-title entry-title wpex-mb-5\"><a href=\"https:\/\/www.mines-stetienne.fr\/lgf\/plateaux\/plateaux-dinstruments\/analyses-par-rayons-x\/\">Analyses par rayons X (RX)<\/a><\/h3 ><\/div><\/div><\/div><div class=\"vcex-post-type-entry vcex-grid-item wpex-clr col span_1_of_3 vcex-post-type-no-media-entry col-2 entry post-4845 type-page no-media\"><div class=\"vcex-post-type-entry-inner entry-inner wpex-first-mt-0 wpex-last-mb-0 wpex-clr\"><div class=\"vcex-post-type-entry-details entry-details wpex-bordered wpex-first-mt-0 wpex-last-mb-0 wpex-clr\"><h3 class=\"vcex-post-type-entry-title entry-title wpex-mb-5\"><a href=\"https:\/\/www.mines-stetienne.fr\/lgf\/plateaux\/plateaux-dinstruments\/caracterisation-des-microstructures-et-des-surfaces-cms\/\">Caract\u00e9risation des Microstructures et des Surfaces (CMS)<\/a><\/h3 ><\/div><\/div><\/div><div class=\"vcex-post-type-entry vcex-grid-item wpex-clr col span_1_of_3 vcex-post-type-no-media-entry col-3 entry post-5082 type-page no-media\"><div class=\"vcex-post-type-entry-inner entry-inner wpex-first-mt-0 wpex-last-mb-0 wpex-clr\"><div class=\"vcex-post-type-entry-details entry-details wpex-bordered wpex-first-mt-0 wpex-last-mb-0 wpex-clr\"><h3 class=\"vcex-post-type-entry-title entry-title wpex-mb-5\"><a href=\"https:\/\/www.mines-stetienne.fr\/lgf\/plateaux\/plateaux-dinstruments\/caracterisation-physico-chimique-des-poudres-pc2\/\">Caract\u00e9risation physico-chimique des poudres (PC2)<\/a><\/h3 ><\/div><\/div><\/div><div class=\"vcex-post-type-entry vcex-grid-item wpex-clr col span_1_of_3 vcex-post-type-no-media-entry col-1 entry post-5076 type-page no-media\"><div class=\"vcex-post-type-entry-inner entry-inner wpex-first-mt-0 wpex-last-mb-0 wpex-clr\"><div class=\"vcex-post-type-entry-details entry-details wpex-bordered wpex-first-mt-0 wpex-last-mb-0 wpex-clr\"><h3 class=\"vcex-post-type-entry-title entry-title wpex-mb-5\"><a href=\"https:\/\/www.mines-stetienne.fr\/lgf\/plateaux\/plateaux-dinstruments\/etude-de-solides-par-micro-analyse-thermique\/\">\u00c9tude de Solides par Micro-Analyse Thermique (ESMAT)<\/a><\/h3 ><\/div><\/div><\/div><div class=\"vcex-post-type-entry vcex-grid-item wpex-clr col span_1_of_3 vcex-post-type-no-media-entry col-2 entry post-5831 type-page no-media\"><div class=\"vcex-post-type-entry-inner entry-inner wpex-first-mt-0 wpex-last-mb-0 wpex-clr\"><div class=\"vcex-post-type-entry-details entry-details wpex-bordered wpex-first-mt-0 wpex-last-mb-0 wpex-clr\"><h3 class=\"vcex-post-type-entry-title entry-title wpex-mb-5\"><a href=\"https:\/\/www.mines-stetienne.fr\/lgf\/plateaux\/plateaux-dinstruments\/spectroscopie-et-analyse-chimique-sac\/\">Spectroscopie et Analyse Chimique (SAC)<\/a><\/h3 ><\/div><\/div><\/div><\/div><\/div>[\/vc_column][\/vc_row][vc_row css_animation=&#8221;fadeIn&#8221;][vc_column]<h2 class=\"vcex-heading vcex-heading-bottom-border-w-color vcex-module wpex-heading wpex-text-2xl wpex-mb-15 wpex-text-center wpex-border-b-2 wpex-border-solid wpex-border-main\"><span class=\"vcex-heading-inner wpex-inline-block wpex-relative wpex-pb-5 wpex-border-b-2 wpex-border-solid wpex-border-accent\">Plateaux technologiques et num\u00e9riques<\/span><\/h2><div class=\"vcex-module vcex-post-type-grid-wrap wpex-clr\"><div class=\"wpex-row vcex-post-type-grid entries wpex-clr\"><div class=\"vcex-post-type-entry vcex-grid-item wpex-clr col span_1_of_3 vcex-post-type-no-media-entry col-1 entry post-5317 type-page no-media\"><div class=\"vcex-post-type-entry-inner entry-inner wpex-first-mt-0 wpex-last-mb-0 wpex-clr\"><div class=\"vcex-post-type-entry-details entry-details wpex-bordered wpex-first-mt-0 wpex-last-mb-0 wpex-clr\"><h3 class=\"vcex-post-type-entry-title entry-title wpex-mb-5\"><a href=\"https:\/\/www.mines-stetienne.fr\/lgf\/plateaux\/plateaux-technologiques-et-numeriques\/capteurs\/\">Capteurs<\/a><\/h3 ><\/div><\/div><\/div><div class=\"vcex-post-type-entry vcex-grid-item wpex-clr col span_1_of_3 vcex-post-type-no-media-entry col-2 entry post-5090 type-page no-media\"><div class=\"vcex-post-type-entry-inner entry-inner wpex-first-mt-0 wpex-last-mb-0 wpex-clr\"><div class=\"vcex-post-type-entry-details entry-details wpex-bordered wpex-first-mt-0 wpex-last-mb-0 wpex-clr\"><h3 class=\"vcex-post-type-entry-title entry-title wpex-mb-5\"><a href=\"https:\/\/www.mines-stetienne.fr\/lgf\/plateaux\/plateaux-technologiques-et-numeriques\/materiaux-et-structures-modeles-msm\/\">Mat\u00e9riaux et Structures Mod\u00e8les (MSM)<\/a><\/h3 ><\/div><\/div><\/div><\/div><\/div>[\/vc_column][\/vc_row][vc_row][vc_column css_animation=&#8221;fadeIn&#8221; css_animation_delay=&#8221;0.5&#8243;]<h2 class=\"vcex-heading vcex-heading-bottom-border-w-color vcex-module wpex-heading wpex-text-2xl wpex-mb-15 wpex-text-center wpex-border-b-2 wpex-border-solid wpex-border-main\"><span class=\"vcex-heading-inner wpex-inline-block wpex-relative wpex-pb-5 wpex-border-b-2 wpex-border-solid wpex-border-accent\">Projets structurants transverses<\/span><\/h2><div class=\"vcex-module vcex-post-type-grid-wrap wpex-clr\"><div class=\"wpex-row vcex-post-type-grid entries wpex-clr\"><div class=\"vcex-post-type-entry vcex-grid-item wpex-clr col span_1_of_3 vcex-post-type-no-media-entry col-1 entry post-6047 type-page no-media\"><div class=\"vcex-post-type-entry-inner entry-inner wpex-first-mt-0 wpex-last-mb-0 wpex-clr\"><div class=\"vcex-post-type-entry-details entry-details wpex-bordered wpex-first-mt-0 wpex-last-mb-0 wpex-clr\"><h3 class=\"vcex-post-type-entry-title entry-title wpex-mb-5\"><a href=\"https:\/\/www.mines-stetienne.fr\/lgf\/projets-phares\/fabrication-additive\/\">Fabrication additive<\/a><\/h3 ><\/div><\/div><\/div><div class=\"vcex-post-type-entry vcex-grid-item wpex-clr col span_1_of_3 vcex-post-type-no-media-entry col-2 entry post-5767 type-page no-media\"><div class=\"vcex-post-type-entry-inner entry-inner wpex-first-mt-0 wpex-last-mb-0 wpex-clr\"><div class=\"vcex-post-type-entry-details entry-details wpex-bordered wpex-first-mt-0 wpex-last-mb-0 wpex-clr\"><h3 class=\"vcex-post-type-entry-title entry-title wpex-mb-5\"><a href=\"https:\/\/www.mines-stetienne.fr\/lgf\/projets-phares\/surfaces-et-interfaces\/\">Surfaces et interfaces<\/a><\/h3 ><\/div><\/div><\/div><div class=\"vcex-post-type-entry vcex-grid-item wpex-clr col span_1_of_3 vcex-post-type-no-media-entry col-3 entry post-5764 type-page no-media\"><div class=\"vcex-post-type-entry-inner entry-inner wpex-first-mt-0 wpex-last-mb-0 wpex-clr\"><div class=\"vcex-post-type-entry-details entry-details wpex-bordered wpex-first-mt-0 wpex-last-mb-0 wpex-clr\"><h3 class=\"vcex-post-type-entry-title entry-title wpex-mb-5\"><a href=\"https:\/\/www.mines-stetienne.fr\/lgf\/projets-phares\/technologie-des-poudres\/\">Technologie des poudres<\/a><\/h3 ><\/div><\/div><\/div><\/div><\/div>[\/vc_column][\/vc_row]\n<\/div>","protected":false},"excerpt":{"rendered":"<p>[vc_row css_animation=&#8221;fadeIn&#8221;][vc_column css_animation=&#8221;fadeIn&#8221;][vc_column_text css=&#8221;&#8221;]Le Laboratoire Georges Friedel est une Unit\u00e9 Mixte de Recherche du CNRS (UMR 5307) et appartient \u00e0 l\u2019Institut des Sciences de l\u2019Ing\u00e9nierie et des Syst\u00e8mes (INSIS). Situ\u00e9 \u00e0 l\u2019\u00c9cole des Mines de Saint-\u00c9tienne et port\u00e9 par les deux tutelles (Mines de Saint-\u00c9tienne et CNRS), le laboratoire regroupe tout le potentiel de l\u2019\u00c9cole&hellip;<\/p>\n","protected":false},"author":2,"featured_media":0,"parent":0,"menu_order":0,"comment_status":"closed","ping_status":"open","template":"","meta":{"_relevanssi_hide_post":"","_relevanssi_hide_content":"","_relevanssi_pin_for_all":"","_relevanssi_pin_keywords":"","_relevanssi_unpin_keywords":"","_relevanssi_related_keywords":"","_relevanssi_related_include_ids":"","_relevanssi_related_exclude_ids":"","_relevanssi_related_no_append":"","_relevanssi_related_not_related":"","_relevanssi_related_posts":"","_relevanssi_noindex_reason":"","footnotes":""},"tags":[],"class_list":["post-5839","page","type-page","status-publish","hentry","entry","no-media"],"pp_statuses_selecting_workflow":false,"pp_workflow_action":"current","pp_status_selection":"publish","pp_force_visibility":null,"pp_subpost_visibility":null,"pp_inherited_force_visibility":null,"pp_inherited_subpost_visibility":null,"yoast_head":"<!-- This site is optimized with the Yoast SEO plugin v27.5 - https:\/\/yoast.com\/product\/yoast-seo-wordpress\/ -->\n<title>Laboratoire Georges Friedel - Laboratoire Georges Friedel<\/title>\n<meta name=\"robots\" content=\"index, follow, max-snippet:-1, max-image-preview:large, max-video-preview:-1\" \/>\n<link rel=\"canonical\" href=\"https:\/\/www.mines-stetienne.fr\/lgf\/laboratoire\/\" \/>\n<meta property=\"og:locale\" content=\"fr_FR\" \/>\n<meta property=\"og:type\" content=\"article\" \/>\n<meta property=\"og:title\" content=\"Laboratoire Georges Friedel - Laboratoire Georges Friedel\" \/>\n<meta property=\"og:description\" content=\"[vc_row css_animation=&#8221;fadeIn&#8221;][vc_column css_animation=&#8221;fadeIn&#8221;][vc_column_text css=&#8221;&#8221;]Le Laboratoire Georges Friedel est une Unit\u00e9 Mixte de Recherche du CNRS (UMR 5307) et appartient \u00e0 l\u2019Institut des Sciences de l\u2019Ing\u00e9nierie et des Syst\u00e8mes (INSIS). Situ\u00e9 \u00e0 l\u2019\u00c9cole des Mines de Saint-\u00c9tienne et port\u00e9 par les deux tutelles (Mines de Saint-\u00c9tienne et CNRS), le laboratoire regroupe tout le potentiel de l\u2019\u00c9cole&hellip;\" \/>\n<meta property=\"og:url\" content=\"https:\/\/www.mines-stetienne.fr\/lgf\/laboratoire\/\" \/>\n<meta property=\"og:site_name\" content=\"Laboratoire Georges Friedel\" \/>\n<meta property=\"article:modified_time\" content=\"2024-09-10T09:56:23+00:00\" \/>\n<meta name=\"twitter:card\" content=\"summary_large_image\" \/>\n<meta name=\"twitter:label1\" content=\"Dur\u00e9e de lecture estim\u00e9e\" \/>\n\t<meta name=\"twitter:data1\" content=\"2 minutes\" \/>\n<script type=\"application\/ld+json\" class=\"yoast-schema-graph\">{\"@context\":\"https:\\\/\\\/schema.org\",\"@graph\":[{\"@type\":\"WebPage\",\"@id\":\"https:\\\/\\\/www.mines-stetienne.fr\\\/lgf\\\/laboratoire\\\/\",\"url\":\"https:\\\/\\\/www.mines-stetienne.fr\\\/lgf\\\/laboratoire\\\/\",\"name\":\"Laboratoire Georges Friedel - Laboratoire Georges Friedel\",\"isPartOf\":{\"@id\":\"https:\\\/\\\/www.mines-stetienne.fr\\\/lgf\\\/#website\"},\"datePublished\":\"2017-01-11T16:28:25+00:00\",\"dateModified\":\"2024-09-10T09:56:23+00:00\",\"inLanguage\":\"fr-FR\",\"potentialAction\":[{\"@type\":\"ReadAction\",\"target\":[\"https:\\\/\\\/www.mines-stetienne.fr\\\/lgf\\\/laboratoire\\\/\"]}]},{\"@type\":\"WebSite\",\"@id\":\"https:\\\/\\\/www.mines-stetienne.fr\\\/lgf\\\/#website\",\"url\":\"https:\\\/\\\/www.mines-stetienne.fr\\\/lgf\\\/\",\"name\":\"Laboratoire Georges Friedel\",\"description\":\"\",\"publisher\":{\"@id\":\"https:\\\/\\\/www.mines-stetienne.fr\\\/lgf\\\/#organization\"},\"potentialAction\":[{\"@type\":\"SearchAction\",\"target\":{\"@type\":\"EntryPoint\",\"urlTemplate\":\"https:\\\/\\\/www.mines-stetienne.fr\\\/lgf\\\/?s={search_term_string}\"},\"query-input\":{\"@type\":\"PropertyValueSpecification\",\"valueRequired\":true,\"valueName\":\"search_term_string\"}}],\"inLanguage\":\"fr-FR\"},{\"@type\":\"Organization\",\"@id\":\"https:\\\/\\\/www.mines-stetienne.fr\\\/lgf\\\/#organization\",\"name\":\"Laboratoire Georges Friedel\",\"url\":\"https:\\\/\\\/www.mines-stetienne.fr\\\/lgf\\\/\",\"logo\":{\"@type\":\"ImageObject\",\"inLanguage\":\"fr-FR\",\"@id\":\"https:\\\/\\\/www.mines-stetienne.fr\\\/lgf\\\/#\\\/schema\\\/logo\\\/image\\\/\",\"url\":\"https:\\\/\\\/www.mines-stetienne.fr\\\/lgf\\\/wp-content\\\/uploads\\\/sites\\\/6\\\/2024\\\/07\\\/EMSE_LGF_CNRS_logo.png\",\"contentUrl\":\"https:\\\/\\\/www.mines-stetienne.fr\\\/lgf\\\/wp-content\\\/uploads\\\/sites\\\/6\\\/2024\\\/07\\\/EMSE_LGF_CNRS_logo.png\",\"width\":1930,\"height\":440,\"caption\":\"Laboratoire Georges Friedel\"},\"image\":{\"@id\":\"https:\\\/\\\/www.mines-stetienne.fr\\\/lgf\\\/#\\\/schema\\\/logo\\\/image\\\/\"}}]}<\/script>\n<!-- \/ Yoast SEO plugin. -->","yoast_head_json":{"title":"Laboratoire Georges Friedel - Laboratoire Georges Friedel","robots":{"index":"index","follow":"follow","max-snippet":"max-snippet:-1","max-image-preview":"max-image-preview:large","max-video-preview":"max-video-preview:-1"},"canonical":"https:\/\/www.mines-stetienne.fr\/lgf\/laboratoire\/","og_locale":"fr_FR","og_type":"article","og_title":"Laboratoire Georges Friedel - Laboratoire Georges Friedel","og_description":"[vc_row css_animation=&#8221;fadeIn&#8221;][vc_column css_animation=&#8221;fadeIn&#8221;][vc_column_text css=&#8221;&#8221;]Le Laboratoire Georges Friedel est une Unit\u00e9 Mixte de Recherche du CNRS (UMR 5307) et appartient \u00e0 l\u2019Institut des Sciences de l\u2019Ing\u00e9nierie et des Syst\u00e8mes (INSIS). Situ\u00e9 \u00e0 l\u2019\u00c9cole des Mines de Saint-\u00c9tienne et port\u00e9 par les deux tutelles (Mines de Saint-\u00c9tienne et CNRS), le laboratoire regroupe tout le potentiel de l\u2019\u00c9cole&hellip;","og_url":"https:\/\/www.mines-stetienne.fr\/lgf\/laboratoire\/","og_site_name":"Laboratoire Georges Friedel","article_modified_time":"2024-09-10T09:56:23+00:00","twitter_card":"summary_large_image","twitter_misc":{"Dur\u00e9e de lecture estim\u00e9e":"2 minutes"},"schema":{"@context":"https:\/\/schema.org","@graph":[{"@type":"WebPage","@id":"https:\/\/www.mines-stetienne.fr\/lgf\/laboratoire\/","url":"https:\/\/www.mines-stetienne.fr\/lgf\/laboratoire\/","name":"Laboratoire Georges Friedel - Laboratoire Georges Friedel","isPartOf":{"@id":"https:\/\/www.mines-stetienne.fr\/lgf\/#website"},"datePublished":"2017-01-11T16:28:25+00:00","dateModified":"2024-09-10T09:56:23+00:00","inLanguage":"fr-FR","potentialAction":[{"@type":"ReadAction","target":["https:\/\/www.mines-stetienne.fr\/lgf\/laboratoire\/"]}]},{"@type":"WebSite","@id":"https:\/\/www.mines-stetienne.fr\/lgf\/#website","url":"https:\/\/www.mines-stetienne.fr\/lgf\/","name":"Laboratoire Georges Friedel","description":"","publisher":{"@id":"https:\/\/www.mines-stetienne.fr\/lgf\/#organization"},"potentialAction":[{"@type":"SearchAction","target":{"@type":"EntryPoint","urlTemplate":"https:\/\/www.mines-stetienne.fr\/lgf\/?s={search_term_string}"},"query-input":{"@type":"PropertyValueSpecification","valueRequired":true,"valueName":"search_term_string"}}],"inLanguage":"fr-FR"},{"@type":"Organization","@id":"https:\/\/www.mines-stetienne.fr\/lgf\/#organization","name":"Laboratoire Georges Friedel","url":"https:\/\/www.mines-stetienne.fr\/lgf\/","logo":{"@type":"ImageObject","inLanguage":"fr-FR","@id":"https:\/\/www.mines-stetienne.fr\/lgf\/#\/schema\/logo\/image\/","url":"https:\/\/www.mines-stetienne.fr\/lgf\/wp-content\/uploads\/sites\/6\/2024\/07\/EMSE_LGF_CNRS_logo.png","contentUrl":"https:\/\/www.mines-stetienne.fr\/lgf\/wp-content\/uploads\/sites\/6\/2024\/07\/EMSE_LGF_CNRS_logo.png","width":1930,"height":440,"caption":"Laboratoire Georges Friedel"},"image":{"@id":"https:\/\/www.mines-stetienne.fr\/lgf\/#\/schema\/logo\/image\/"}}]}},"_links":{"self":[{"href":"https:\/\/www.mines-stetienne.fr\/lgf\/wp-json\/wp\/v2\/pages\/5839","targetHints":{"allow":["GET"]}}],"collection":[{"href":"https:\/\/www.mines-stetienne.fr\/lgf\/wp-json\/wp\/v2\/pages"}],"about":[{"href":"https:\/\/www.mines-stetienne.fr\/lgf\/wp-json\/wp\/v2\/types\/page"}],"author":[{"embeddable":true,"href":"https:\/\/www.mines-stetienne.fr\/lgf\/wp-json\/wp\/v2\/users\/2"}],"replies":[{"embeddable":true,"href":"https:\/\/www.mines-stetienne.fr\/lgf\/wp-json\/wp\/v2\/comments?post=5839"}],"version-history":[{"count":4,"href":"https:\/\/www.mines-stetienne.fr\/lgf\/wp-json\/wp\/v2\/pages\/5839\/revisions"}],"predecessor-version":[{"id":6482,"href":"https:\/\/www.mines-stetienne.fr\/lgf\/wp-json\/wp\/v2\/pages\/5839\/revisions\/6482"}],"wp:attachment":[{"href":"https:\/\/www.mines-stetienne.fr\/lgf\/wp-json\/wp\/v2\/media?parent=5839"}],"wp:term":[{"taxonomy":"post_tag","embeddable":true,"href":"https:\/\/www.mines-stetienne.fr\/lgf\/wp-json\/wp\/v2\/tags?post=5839"}],"curies":[{"name":"wp","href":"https:\/\/api.w.org\/{rel}","templated":true}]}}