{"id":5739,"date":"2022-07-18T15:54:49","date_gmt":"2022-07-18T13:54:49","guid":{"rendered":"https:\/\/mindev.mines-stetienne.fr\/lgf\/?page_id=5739"},"modified":"2022-07-18T15:54:49","modified_gmt":"2022-07-18T13:54:49","slug":"plateaux-dinstruments","status":"publish","type":"page","link":"https:\/\/www.mines-stetienne.fr\/lgf\/plateaux\/plateaux-dinstruments\/","title":{"rendered":"Plateaux d\u2019instruments"},"content":{"rendered":"<div class=\"wpb-content-wrapper\">[vc_row][vc_column][vc_column_text]Les <strong>plateaux d\u2019instruments<\/strong> correspondent \u00e0 des ensembles de moyens exp\u00e9rimentaux regroup\u00e9s par types de caract\u00e9risation et \u00e0 une offre de service \u00e0 usage interne en support aux activit\u00e9s recherches laboratoire les plus amonts couvrant des TRL de 1 \u00e0 3.[\/vc_column_text]<div class=\"vcex-spacing wpex-w-100 wpex-clear\" style=\"height:35px;\"><\/div><div class=\"vcex-module vcex-post-type-grid-wrap wpex-clr\"><div class=\"wpex-row vcex-post-type-grid entries wpex-clr vcex-isotope-grid wpex-overflow-hidden match-height-grid\"><div class=\"vcex-post-type-entry vcex-grid-item wpex-clr col span_1_of_3 vcex-isotope-entry col-1 entry post-5084 type-page no-media\"><div class=\"vcex-post-type-entry-inner entry-inner wpex-first-mt-0 wpex-last-mb-0 wpex-clr\"><div class=\"vcex-post-type-entry-details entry-details wpex-bordered wpex-first-mt-0 wpex-last-mb-0 wpex-clr\"><div class=\"match-height-content\"><h2 class=\"vcex-post-type-entry-title entry-title wpex-mb-5\"><a href=\"https:\/\/www.mines-stetienne.fr\/lgf\/plateaux\/plateaux-dinstruments\/analyses-par-rayons-x\/\">Analyses par rayons X (RX)<\/a><\/h2 ><div class=\"vcex-post-type-entry-excerpt entry-excerpt wpex-my-15 wpex-text-pretty wpex-last-mb-0 wpex-clr\"><b>Ce plateau a pour objectif de caract\u00e9riser les mat\u00e9riaux issus de la recherche du LGF.<\/b>\n<p>Deux techniques sont repr\u00e9sent\u00e9es\u00a0: la tomographie par absorption de rayons X et la diffraction des rayons X sur poudres ou sur \u00e9chantillons massifs.<\/p><\/div><\/div><\/div><\/div><\/div><div class=\"vcex-post-type-entry vcex-grid-item wpex-clr col span_1_of_3 vcex-isotope-entry col-2 entry post-4845 type-page no-media\"><div class=\"vcex-post-type-entry-inner entry-inner wpex-first-mt-0 wpex-last-mb-0 wpex-clr\"><div class=\"vcex-post-type-entry-details entry-details wpex-bordered wpex-first-mt-0 wpex-last-mb-0 wpex-clr\"><div class=\"match-height-content\"><h2 class=\"vcex-post-type-entry-title entry-title wpex-mb-5\"><a href=\"https:\/\/www.mines-stetienne.fr\/lgf\/plateaux\/plateaux-dinstruments\/caracterisation-des-microstructures-et-des-surfaces-cms\/\">Caract\u00e9risation des Microstructures et des Surfaces (CMS)<\/a><\/h2 ><div class=\"vcex-post-type-entry-excerpt entry-excerpt wpex-my-15 wpex-text-pretty wpex-last-mb-0 wpex-clr\"><p>Ce plateau regroupe les moyens de caract\u00e9risation permettant d'acc\u00e9der \u00e0 des informations chimiques, structurales et microstructurales sur des \u00e9chelles allant de la centaine de micron jusqu\u2018au nanom\u00e8tre.<\/p><\/div><\/div><\/div><\/div><\/div><div class=\"vcex-post-type-entry vcex-grid-item wpex-clr col span_1_of_3 vcex-isotope-entry col-3 entry post-5082 type-page no-media\"><div class=\"vcex-post-type-entry-inner entry-inner wpex-first-mt-0 wpex-last-mb-0 wpex-clr\"><div class=\"vcex-post-type-entry-details entry-details wpex-bordered wpex-first-mt-0 wpex-last-mb-0 wpex-clr\"><div class=\"match-height-content\"><h2 class=\"vcex-post-type-entry-title entry-title wpex-mb-5\"><a href=\"https:\/\/www.mines-stetienne.fr\/lgf\/plateaux\/plateaux-dinstruments\/caracterisation-physico-chimique-des-poudres-pc2\/\">Caract\u00e9risation physico-chimique des poudres (PC2)<\/a><\/h2 ><div class=\"vcex-post-type-entry-excerpt entry-excerpt wpex-my-15 wpex-text-pretty wpex-last-mb-0 wpex-clr\"><p>Ce plateau permet de caract\u00e9riser la texture des poudres.<\/p><\/div><\/div><\/div><\/div><\/div><div class=\"vcex-post-type-entry vcex-grid-item wpex-clr col span_1_of_3 vcex-isotope-entry col-1 entry post-5076 type-page no-media\"><div class=\"vcex-post-type-entry-inner entry-inner wpex-first-mt-0 wpex-last-mb-0 wpex-clr\"><div class=\"vcex-post-type-entry-details entry-details wpex-bordered wpex-first-mt-0 wpex-last-mb-0 wpex-clr\"><div class=\"match-height-content\"><h2 class=\"vcex-post-type-entry-title entry-title wpex-mb-5\"><a href=\"https:\/\/www.mines-stetienne.fr\/lgf\/plateaux\/plateaux-dinstruments\/etude-de-solides-par-micro-analyse-thermique\/\">\u00c9tude de Solides par Micro-Analyse Thermique (ESMAT)<\/a><\/h2 ><div class=\"vcex-post-type-entry-excerpt entry-excerpt wpex-my-15 wpex-text-pretty wpex-last-mb-0 wpex-clr\"><p>Le plateau est \u00e9quip\u00e9 de 14 appareils de haute technologie pour satisfaire toutes les exigences en analyse thermique et calorim\u00e9trie. Il est possible de suivre le comportement de solides, massifs, poudres, soumis \u00e0 des conditions de temp\u00e9rature et de pressions de gaz contr\u00f4l\u00e9es.<\/p><\/div><\/div><\/div><\/div><\/div><div class=\"vcex-post-type-entry vcex-grid-item wpex-clr col span_1_of_3 vcex-isotope-entry col-2 entry post-5831 type-page no-media\"><div class=\"vcex-post-type-entry-inner entry-inner wpex-first-mt-0 wpex-last-mb-0 wpex-clr\"><div class=\"vcex-post-type-entry-details entry-details wpex-bordered wpex-first-mt-0 wpex-last-mb-0 wpex-clr\"><div class=\"match-height-content\"><h2 class=\"vcex-post-type-entry-title entry-title wpex-mb-5\"><a href=\"https:\/\/www.mines-stetienne.fr\/lgf\/plateaux\/plateaux-dinstruments\/spectroscopie-et-analyse-chimique-sac\/\">Spectroscopie et Analyse Chimique (SAC)<\/a><\/h2 ><div class=\"vcex-post-type-entry-excerpt entry-excerpt wpex-my-15 wpex-text-pretty wpex-last-mb-0 wpex-clr\"><p>La spectrom\u00e9trie ICP est une technique d\u2019analyse multi-\u00e9l\u00e9mentaire (\u00e9l\u00e9ments majeurs, mineurs et traces) avec une limite de d\u00e9tection de l\u2019ordre du ppb (\u00b5g\/L). Les mesures sont conduites sur diff\u00e9rents types de matrices : des solutions liquides (eaux, saumures) apr\u00e8s dilution ad\u00e9quate ; des \u00e9chantillons solides (poudres naturelles ou synth\u00e9tiques, roches, plantes) apr\u00e8s fusion alcaline ou dissolution acide.<\/p><\/div><\/div><\/div><\/div><\/div><\/div><\/div>[\/vc_column][\/vc_row]\n<\/div>","protected":false},"excerpt":{"rendered":"<p>[vc_row][vc_column][vc_column_text]Les plateaux d\u2019instruments correspondent \u00e0 des ensembles de moyens exp\u00e9rimentaux regroup\u00e9s par types de caract\u00e9risation et \u00e0 une offre de service \u00e0 usage interne en support aux activit\u00e9s recherches laboratoire les plus amonts couvrant des TRL de 1 \u00e0 3.[\/vc_column_text][\/vc_column][\/vc_row]<\/p>\n","protected":false},"author":2,"featured_media":0,"parent":4728,"menu_order":0,"comment_status":"closed","ping_status":"closed","template":"","meta":{"_relevanssi_hide_post":"","_relevanssi_hide_content":"","_relevanssi_pin_for_all":"","_relevanssi_pin_keywords":"","_relevanssi_unpin_keywords":"","_relevanssi_related_keywords":"","_relevanssi_related_include_ids":"","_relevanssi_related_exclude_ids":"","_relevanssi_related_no_append":"","_relevanssi_related_not_related":"","_relevanssi_related_posts":"","_relevanssi_noindex_reason":"","footnotes":""},"tags":[],"class_list":["post-5739","page","type-page","status-publish","hentry","entry","no-media"],"pp_statuses_selecting_workflow":false,"pp_workflow_action":"current","pp_status_selection":"publish","pp_force_visibility":null,"pp_subpost_visibility":null,"pp_inherited_force_visibility":null,"pp_inherited_subpost_visibility":null,"yoast_head":"<!-- This site is optimized with the Yoast SEO plugin v27.5 - https:\/\/yoast.com\/product\/yoast-seo-wordpress\/ -->\n<title>Plateaux d\u2019instruments - Laboratoire Georges Friedel<\/title>\n<meta name=\"robots\" content=\"index, follow, max-snippet:-1, max-image-preview:large, max-video-preview:-1\" \/>\n<link rel=\"canonical\" href=\"https:\/\/www.mines-stetienne.fr\/lgf\/plateaux\/plateaux-dinstruments\/\" \/>\n<meta property=\"og:locale\" content=\"fr_FR\" \/>\n<meta property=\"og:type\" content=\"article\" \/>\n<meta property=\"og:title\" content=\"Plateaux d\u2019instruments - Laboratoire Georges Friedel\" \/>\n<meta property=\"og:description\" content=\"[vc_row][vc_column][vc_column_text]Les plateaux d\u2019instruments correspondent \u00e0 des ensembles de moyens exp\u00e9rimentaux regroup\u00e9s par types de caract\u00e9risation et \u00e0 une offre de service \u00e0 usage interne en support aux activit\u00e9s recherches laboratoire les plus amonts couvrant des TRL de 1 \u00e0 3.[\/vc_column_text][\/vc_column][\/vc_row]\" \/>\n<meta property=\"og:url\" content=\"https:\/\/www.mines-stetienne.fr\/lgf\/plateaux\/plateaux-dinstruments\/\" \/>\n<meta property=\"og:site_name\" content=\"Laboratoire Georges Friedel\" \/>\n<meta name=\"twitter:card\" content=\"summary_large_image\" \/>\n<meta name=\"twitter:label1\" content=\"Dur\u00e9e de lecture estim\u00e9e\" \/>\n\t<meta name=\"twitter:data1\" content=\"1 minute\" \/>\n<script type=\"application\/ld+json\" class=\"yoast-schema-graph\">{\"@context\":\"https:\\\/\\\/schema.org\",\"@graph\":[{\"@type\":\"WebPage\",\"@id\":\"https:\\\/\\\/www.mines-stetienne.fr\\\/lgf\\\/plateaux\\\/plateaux-dinstruments\\\/\",\"url\":\"https:\\\/\\\/www.mines-stetienne.fr\\\/lgf\\\/plateaux\\\/plateaux-dinstruments\\\/\",\"name\":\"Plateaux d\u2019instruments - Laboratoire Georges Friedel\",\"isPartOf\":{\"@id\":\"https:\\\/\\\/www.mines-stetienne.fr\\\/lgf\\\/#website\"},\"datePublished\":\"2022-07-18T13:54:49+00:00\",\"breadcrumb\":{\"@id\":\"https:\\\/\\\/www.mines-stetienne.fr\\\/lgf\\\/plateaux\\\/plateaux-dinstruments\\\/#breadcrumb\"},\"inLanguage\":\"fr-FR\",\"potentialAction\":[{\"@type\":\"ReadAction\",\"target\":[\"https:\\\/\\\/www.mines-stetienne.fr\\\/lgf\\\/plateaux\\\/plateaux-dinstruments\\\/\"]}]},{\"@type\":\"BreadcrumbList\",\"@id\":\"https:\\\/\\\/www.mines-stetienne.fr\\\/lgf\\\/plateaux\\\/plateaux-dinstruments\\\/#breadcrumb\",\"itemListElement\":[{\"@type\":\"ListItem\",\"position\":1,\"name\":\"Plateaux\",\"item\":\"https:\\\/\\\/www.mines-stetienne.fr\\\/lgf\\\/plateaux\\\/\"},{\"@type\":\"ListItem\",\"position\":2,\"name\":\"Plateaux d\u2019instruments\"}]},{\"@type\":\"WebSite\",\"@id\":\"https:\\\/\\\/www.mines-stetienne.fr\\\/lgf\\\/#website\",\"url\":\"https:\\\/\\\/www.mines-stetienne.fr\\\/lgf\\\/\",\"name\":\"Laboratoire Georges Friedel\",\"description\":\"\",\"publisher\":{\"@id\":\"https:\\\/\\\/www.mines-stetienne.fr\\\/lgf\\\/#organization\"},\"potentialAction\":[{\"@type\":\"SearchAction\",\"target\":{\"@type\":\"EntryPoint\",\"urlTemplate\":\"https:\\\/\\\/www.mines-stetienne.fr\\\/lgf\\\/?s={search_term_string}\"},\"query-input\":{\"@type\":\"PropertyValueSpecification\",\"valueRequired\":true,\"valueName\":\"search_term_string\"}}],\"inLanguage\":\"fr-FR\"},{\"@type\":\"Organization\",\"@id\":\"https:\\\/\\\/www.mines-stetienne.fr\\\/lgf\\\/#organization\",\"name\":\"Laboratoire Georges Friedel\",\"url\":\"https:\\\/\\\/www.mines-stetienne.fr\\\/lgf\\\/\",\"logo\":{\"@type\":\"ImageObject\",\"inLanguage\":\"fr-FR\",\"@id\":\"https:\\\/\\\/www.mines-stetienne.fr\\\/lgf\\\/#\\\/schema\\\/logo\\\/image\\\/\",\"url\":\"https:\\\/\\\/www.mines-stetienne.fr\\\/lgf\\\/wp-content\\\/uploads\\\/sites\\\/6\\\/2024\\\/07\\\/EMSE_LGF_CNRS_logo.png\",\"contentUrl\":\"https:\\\/\\\/www.mines-stetienne.fr\\\/lgf\\\/wp-content\\\/uploads\\\/sites\\\/6\\\/2024\\\/07\\\/EMSE_LGF_CNRS_logo.png\",\"width\":1930,\"height\":440,\"caption\":\"Laboratoire Georges Friedel\"},\"image\":{\"@id\":\"https:\\\/\\\/www.mines-stetienne.fr\\\/lgf\\\/#\\\/schema\\\/logo\\\/image\\\/\"}}]}<\/script>\n<!-- \/ Yoast SEO plugin. -->","yoast_head_json":{"title":"Plateaux d\u2019instruments - Laboratoire Georges Friedel","robots":{"index":"index","follow":"follow","max-snippet":"max-snippet:-1","max-image-preview":"max-image-preview:large","max-video-preview":"max-video-preview:-1"},"canonical":"https:\/\/www.mines-stetienne.fr\/lgf\/plateaux\/plateaux-dinstruments\/","og_locale":"fr_FR","og_type":"article","og_title":"Plateaux d\u2019instruments - Laboratoire Georges Friedel","og_description":"[vc_row][vc_column][vc_column_text]Les plateaux d\u2019instruments correspondent \u00e0 des ensembles de moyens exp\u00e9rimentaux regroup\u00e9s par types de caract\u00e9risation et \u00e0 une offre de service \u00e0 usage interne en support aux activit\u00e9s recherches laboratoire les plus amonts couvrant des TRL de 1 \u00e0 3.[\/vc_column_text][\/vc_column][\/vc_row]","og_url":"https:\/\/www.mines-stetienne.fr\/lgf\/plateaux\/plateaux-dinstruments\/","og_site_name":"Laboratoire Georges Friedel","twitter_card":"summary_large_image","twitter_misc":{"Dur\u00e9e de lecture estim\u00e9e":"1 minute"},"schema":{"@context":"https:\/\/schema.org","@graph":[{"@type":"WebPage","@id":"https:\/\/www.mines-stetienne.fr\/lgf\/plateaux\/plateaux-dinstruments\/","url":"https:\/\/www.mines-stetienne.fr\/lgf\/plateaux\/plateaux-dinstruments\/","name":"Plateaux d\u2019instruments - Laboratoire Georges Friedel","isPartOf":{"@id":"https:\/\/www.mines-stetienne.fr\/lgf\/#website"},"datePublished":"2022-07-18T13:54:49+00:00","breadcrumb":{"@id":"https:\/\/www.mines-stetienne.fr\/lgf\/plateaux\/plateaux-dinstruments\/#breadcrumb"},"inLanguage":"fr-FR","potentialAction":[{"@type":"ReadAction","target":["https:\/\/www.mines-stetienne.fr\/lgf\/plateaux\/plateaux-dinstruments\/"]}]},{"@type":"BreadcrumbList","@id":"https:\/\/www.mines-stetienne.fr\/lgf\/plateaux\/plateaux-dinstruments\/#breadcrumb","itemListElement":[{"@type":"ListItem","position":1,"name":"Plateaux","item":"https:\/\/www.mines-stetienne.fr\/lgf\/plateaux\/"},{"@type":"ListItem","position":2,"name":"Plateaux d\u2019instruments"}]},{"@type":"WebSite","@id":"https:\/\/www.mines-stetienne.fr\/lgf\/#website","url":"https:\/\/www.mines-stetienne.fr\/lgf\/","name":"Laboratoire Georges Friedel","description":"","publisher":{"@id":"https:\/\/www.mines-stetienne.fr\/lgf\/#organization"},"potentialAction":[{"@type":"SearchAction","target":{"@type":"EntryPoint","urlTemplate":"https:\/\/www.mines-stetienne.fr\/lgf\/?s={search_term_string}"},"query-input":{"@type":"PropertyValueSpecification","valueRequired":true,"valueName":"search_term_string"}}],"inLanguage":"fr-FR"},{"@type":"Organization","@id":"https:\/\/www.mines-stetienne.fr\/lgf\/#organization","name":"Laboratoire Georges Friedel","url":"https:\/\/www.mines-stetienne.fr\/lgf\/","logo":{"@type":"ImageObject","inLanguage":"fr-FR","@id":"https:\/\/www.mines-stetienne.fr\/lgf\/#\/schema\/logo\/image\/","url":"https:\/\/www.mines-stetienne.fr\/lgf\/wp-content\/uploads\/sites\/6\/2024\/07\/EMSE_LGF_CNRS_logo.png","contentUrl":"https:\/\/www.mines-stetienne.fr\/lgf\/wp-content\/uploads\/sites\/6\/2024\/07\/EMSE_LGF_CNRS_logo.png","width":1930,"height":440,"caption":"Laboratoire Georges Friedel"},"image":{"@id":"https:\/\/www.mines-stetienne.fr\/lgf\/#\/schema\/logo\/image\/"}}]}},"_links":{"self":[{"href":"https:\/\/www.mines-stetienne.fr\/lgf\/wp-json\/wp\/v2\/pages\/5739","targetHints":{"allow":["GET"]}}],"collection":[{"href":"https:\/\/www.mines-stetienne.fr\/lgf\/wp-json\/wp\/v2\/pages"}],"about":[{"href":"https:\/\/www.mines-stetienne.fr\/lgf\/wp-json\/wp\/v2\/types\/page"}],"author":[{"embeddable":true,"href":"https:\/\/www.mines-stetienne.fr\/lgf\/wp-json\/wp\/v2\/users\/2"}],"replies":[{"embeddable":true,"href":"https:\/\/www.mines-stetienne.fr\/lgf\/wp-json\/wp\/v2\/comments?post=5739"}],"version-history":[{"count":0,"href":"https:\/\/www.mines-stetienne.fr\/lgf\/wp-json\/wp\/v2\/pages\/5739\/revisions"}],"up":[{"embeddable":true,"href":"https:\/\/www.mines-stetienne.fr\/lgf\/wp-json\/wp\/v2\/pages\/4728"}],"wp:attachment":[{"href":"https:\/\/www.mines-stetienne.fr\/lgf\/wp-json\/wp\/v2\/media?parent=5739"}],"wp:term":[{"taxonomy":"post_tag","embeddable":true,"href":"https:\/\/www.mines-stetienne.fr\/lgf\/wp-json\/wp\/v2\/tags?post=5739"}],"curies":[{"name":"wp","href":"https:\/\/api.w.org\/{rel}","templated":true}]}}