{"id":5317,"date":"2022-03-09T20:19:58","date_gmt":"2022-03-09T19:19:58","guid":{"rendered":"https:\/\/mindev.mines-stetienne.fr\/lgf\/?page_id=5317"},"modified":"2022-03-09T20:19:58","modified_gmt":"2022-03-09T19:19:58","slug":"capteurs","status":"publish","type":"page","link":"https:\/\/www.mines-stetienne.fr\/lgf\/plateaux\/plateaux-technologiques-et-numeriques\/capteurs\/","title":{"rendered":"Capteurs"},"content":{"rendered":"<div class=\"wpb-content-wrapper\">[vc_row css_animation=&#8221;fadeIn&#8221;][vc_column css_animation=&#8221;none&#8221;]<h2 class=\"vcex-heading vcex-heading-bottom-border-w-color vcex-module wpex-heading wpex-text-2xl wpex-mb-15 wpex-border-b-2 wpex-border-solid wpex-border-main\"><span class=\"vcex-heading-inner wpex-inline-block wpex-relative wpex-pb-5 wpex-border-b-2 wpex-border-solid wpex-border-accent\">Caract\u00e9risations physico-chimiques<\/span><\/h2>[vc_column_text]MEB, TEM, DRX, Analyses thermiques, Analyses spectroscopiques et chimiques (XPS, Raman, FTIR, ICP).[\/vc_column_text][\/vc_column][\/vc_row][vc_row css_animation=&#8221;fadeIn&#8221;][vc_column css_animation=&#8221;fadeIn&#8221; css_animation_delay=&#8221;0.5&#8243;]<h2 class=\"vcex-heading vcex-heading-bottom-border-w-color vcex-module wpex-heading wpex-text-2xl wpex-mb-15 wpex-border-b-2 wpex-border-solid wpex-border-main\"><span class=\"vcex-heading-inner wpex-inline-block wpex-relative wpex-pb-5 wpex-border-b-2 wpex-border-solid wpex-border-accent\">\u00c9quipements d\u00e9di\u00e9s<\/span><\/h2>[vc_column_text]\n<ul>\n<li><strong>Outils de mise en forme<\/strong>\n<ul>\n<li>S\u00e9rigraphie<\/li>\n<li>Coulage en bande<\/li>\n<li>Jet d\u2019encre<\/li>\n<li>Gravure laser<\/li>\n<li>Fours haute temp\u00e9rature<\/li>\n<\/ul>\n<\/li>\n<li><strong>\u00c9quipements de caract\u00e9risation pour capteurs gaz et particules<\/strong>\n<ul>\n<li>Bancs de tests sous gaz et contr\u00f4l\u00e9s en temp\u00e9rature, g\u00e9n\u00e9ration gazeuse du ppb au %<\/li>\n<\/ul>\n<\/li>\n<li><strong>Outils sp\u00e9cifiques pour l\u2019instrumentation, l\u2019acquisition et le traitement des donn\u00e9es<\/strong>\n<ul>\n<li>Unit\u00e9s \u00e9lectroniques pour le monitoring de capteurs : mesures \u00e9lectriques et contr\u00f4le<\/li>\n<\/ul>\n<\/li>\n<li><strong>Mesures \u00e9lectriques et \u00e9lectrochimiques<\/strong>\n<ul>\n<li>Potentiostats-galvanostats, Analyseur de r\u00e9ponses en fr\u00e9quences pour l\u2019imp\u00e9dance<\/li>\n<\/ul>\n<\/li>\n<li><strong>\u00c9quipements de caract\u00e9risations chimiques et thermiques<\/strong>\n<ul>\n<li>Chromatographe gaz coupl\u00e9 spectrom\u00e8tre de masse<\/li>\n<li>Analyseurs de gaz (NO, NO<sub>2<\/sub>, CO, NH<sub>3<\/sub>, O<sub>2<\/sub>, etc.)<\/li>\n<li>\u00c9quipement de thermo-d\u00e9sorption<\/li>\n<\/ul>\n<\/li>\n<\/ul>\n[\/vc_column_text][\/vc_column][\/vc_row][vc_row][vc_column]<style>.vcex-image-carousel.vcex_69e618a742d37{animation-duration:2s;animation-delay:0,5;}<\/style><style class=\"vcex-carousel-preload-css\">.vcex_69e618a748c10{--wpex-carousel-gap:15px;}.vcex_69e618a748c10{--wpex-carousel-columns:1;}.vcex_69e618a748c10.wpex-carousel:not(.wpex-carousel--loaded) > *:not(:nth-child(1n+2)){display: flex !important;}@media only screen and (min-width: 480px) {.vcex_69e618a748c10{--wpex-carousel-columns:2;}.vcex_69e618a748c10.wpex-carousel:not(.wpex-carousel--loaded) > *:not(:nth-child(1n+3)){display: flex !important;}}@media only screen and (min-width: 768px) {.vcex_69e618a748c10{--wpex-carousel-columns:3;}.vcex_69e618a748c10.wpex-carousel:not(.wpex-carousel--loaded) > *:not(:nth-child(1n+4)){display: flex !important;}}@media only screen and (min-width: 960px) {.vcex_69e618a748c10{--wpex-carousel-columns:4;}.vcex_69e618a748c10.wpex-carousel:not(.wpex-carousel--loaded) > *:not(:nth-child(1n+5)){display: flex !important;}}<\/style><div class=\"vcex-image-carousel wpex-carousel wpex-carousel-images wpex-clr vcex-module owl-carousel wpex-carousel--render-onload vcex_69e618a748c10 arrwstyle-default arrwpos-default  wpb_animate_when_almost_visible wpb_appear appear wpex-carousel-lightbox vcex_69e618a742d37\" data-wpex-carousel=\"{&quot;loop&quot;:&quot;false&quot;,&quot;slideBy&quot;:1,&quot;responsive&quot;:{&quot;0&quot;:{&quot;items&quot;:&quot;1&quot;},&quot;480&quot;:{&quot;items&quot;:&quot;2&quot;},&quot;768&quot;:{&quot;items&quot;:&quot;3&quot;},&quot;960&quot;:{&quot;items&quot;:&quot;4&quot;}}}\"><div class=\"wpex-carousel-slide wpex-text-center\"><figure class=\"wpex-carousel-entry-media entry-media wpex-relative wpex-image-hover grow\"><a href=\"https:\/\/www.mines-stetienne.fr\/lgf\/wp-content\/uploads\/sites\/6\/2022\/03\/capteurs_04.png\" title=\"Banc de test de capteurs, \u00e9valuation d&#039;analyseurs\" class=\"wpex-carousel-entry-img wpex-carousel-lightbox-item\" data-title=\"Banc de test de capteurs, \u00e9valuation d&#039;analyseurs\" data-count=\"1\" data-show_title=\"false\" data-caption=\"Banc de test de capteurs, \u00e9valuation d&#039;analyseurs\"><img data-no-lazy=\"1\" class=\"wpex-align-middle skip-lazy\" alt=\"Banc de test de capteurs, \u00e9valuation d&#039;analyseurs\" src=\"https:\/\/www.mines-stetienne.fr\/lgf\/wp-content\/uploads\/sites\/6\/2022\/03\/capteurs_04.png\" srcset=\"https:\/\/www.mines-stetienne.fr\/lgf\/wp-content\/uploads\/sites\/6\/2022\/03\/capteurs_04.png 400w, https:\/\/www.mines-stetienne.fr\/lgf\/wp-content\/uploads\/sites\/6\/2022\/03\/capteurs_04-300x300.png 300w, https:\/\/www.mines-stetienne.fr\/lgf\/wp-content\/uploads\/sites\/6\/2022\/03\/capteurs_04-150x150.png 150w\" width=\"400\" height=\"400\"><\/a><\/figure><div class=\"wpex-carousel-entry-details entry-details wpex-boxed wpex-first-mt-0 wpex-last-mb-0 wpex-clr\"><div class=\"wpex-carousel-entry-excerpt entry-excerpt wpex-my-15 wpex-text-pretty wpex-last-mb-0 wpex-clr\">Banc de test de capteurs, \u00e9valuation d'analyseurs<\/div><\/div><\/div><div class=\"wpex-carousel-slide wpex-text-center\"><figure class=\"wpex-carousel-entry-media entry-media wpex-relative wpex-image-hover grow\"><a href=\"https:\/\/www.mines-stetienne.fr\/lgf\/wp-content\/uploads\/sites\/6\/2022\/03\/capteurs_03.png\" title=\"Banc de test de pile SOFC et de catalyse\" class=\"wpex-carousel-entry-img wpex-carousel-lightbox-item\" data-title=\"Banc de test de pile SOFC et de catalyse\" data-count=\"2\" data-show_title=\"false\" data-caption=\"Banc de test de pile SOFC et de catalyse\"><img data-no-lazy=\"1\" class=\"wpex-align-middle skip-lazy\" alt=\"Banc de test de pile SOFC et de catalyse\" src=\"https:\/\/www.mines-stetienne.fr\/lgf\/wp-content\/uploads\/sites\/6\/2022\/03\/capteurs_03.png\" srcset=\"https:\/\/www.mines-stetienne.fr\/lgf\/wp-content\/uploads\/sites\/6\/2022\/03\/capteurs_03.png 450w, https:\/\/www.mines-stetienne.fr\/lgf\/wp-content\/uploads\/sites\/6\/2022\/03\/capteurs_03-300x200.png 300w\" width=\"450\" height=\"300\"><\/a><\/figure><div class=\"wpex-carousel-entry-details entry-details wpex-boxed wpex-first-mt-0 wpex-last-mb-0 wpex-clr\"><div class=\"wpex-carousel-entry-excerpt entry-excerpt wpex-my-15 wpex-text-pretty wpex-last-mb-0 wpex-clr\">Banc de test de pile SOFC et de catalyse<\/div><\/div><\/div><div class=\"wpex-carousel-slide wpex-text-center\"><figure class=\"wpex-carousel-entry-media entry-media wpex-relative wpex-image-hover grow\"><a href=\"https:\/\/www.mines-stetienne.fr\/lgf\/wp-content\/uploads\/sites\/6\/2022\/03\/capteurs_02.png\" title=\"S\u00e9rigraphie\" class=\"wpex-carousel-entry-img wpex-carousel-lightbox-item\" data-title=\"S\u00e9rigraphie\" data-count=\"3\" data-show_title=\"false\" data-caption=\"S\u00e9rigraphie\"><img data-no-lazy=\"1\" class=\"wpex-align-middle skip-lazy\" alt=\"S\u00e9rigraphie\" src=\"https:\/\/www.mines-stetienne.fr\/lgf\/wp-content\/uploads\/sites\/6\/2022\/03\/capteurs_02.png\" srcset=\"https:\/\/www.mines-stetienne.fr\/lgf\/wp-content\/uploads\/sites\/6\/2022\/03\/capteurs_02.png 400w, https:\/\/www.mines-stetienne.fr\/lgf\/wp-content\/uploads\/sites\/6\/2022\/03\/capteurs_02-200x300.png 200w\" width=\"400\" height=\"600\"><\/a><\/figure><div class=\"wpex-carousel-entry-details entry-details wpex-boxed wpex-first-mt-0 wpex-last-mb-0 wpex-clr\"><div class=\"wpex-carousel-entry-excerpt entry-excerpt wpex-my-15 wpex-text-pretty wpex-last-mb-0 wpex-clr\">S\u00e9rigraphie<\/div><\/div><\/div><div class=\"wpex-carousel-slide wpex-text-center\"><figure class=\"wpex-carousel-entry-media entry-media wpex-relative wpex-image-hover grow\"><a href=\"https:\/\/www.mines-stetienne.fr\/lgf\/wp-content\/uploads\/sites\/6\/2022\/03\/capteurs_01.png\" title=\"Gravure laser\" class=\"wpex-carousel-entry-img wpex-carousel-lightbox-item\" data-title=\"Gravure laser\" data-count=\"4\" data-show_title=\"false\" data-caption=\"Gravure laser\"><img data-no-lazy=\"1\" class=\"wpex-align-middle skip-lazy\" alt=\"Gravure laser\" src=\"https:\/\/www.mines-stetienne.fr\/lgf\/wp-content\/uploads\/sites\/6\/2022\/03\/capteurs_01.png\" srcset=\"https:\/\/www.mines-stetienne.fr\/lgf\/wp-content\/uploads\/sites\/6\/2022\/03\/capteurs_01.png 600w, https:\/\/www.mines-stetienne.fr\/lgf\/wp-content\/uploads\/sites\/6\/2022\/03\/capteurs_01-300x200.png 300w\" width=\"600\" height=\"400\"><\/a><\/figure><div class=\"wpex-carousel-entry-details entry-details wpex-boxed wpex-first-mt-0 wpex-last-mb-0 wpex-clr\"><div class=\"wpex-carousel-entry-excerpt entry-excerpt wpex-my-15 wpex-text-pretty wpex-last-mb-0 wpex-clr\">Gravure laser<\/div><\/div><\/div><\/div>[\/vc_column][\/vc_row][vc_row][vc_column][\/vc_column][\/vc_row]\n<\/div>","protected":false},"excerpt":{"rendered":"<p><b>Caract\u00e9risations physico-chimiques.<\/b><\/p>\n<p>MEB, TEM, DRX, Analyses thermiques, Analyses spectroscopiques et chimiques (XPS, Raman, FTIR, ICP).<\/p>\n","protected":false},"author":2,"featured_media":0,"parent":5741,"menu_order":0,"comment_status":"closed","ping_status":"closed","template":"","meta":{"_relevanssi_hide_post":"","_relevanssi_hide_content":"","_relevanssi_pin_for_all":"","_relevanssi_pin_keywords":"","_relevanssi_unpin_keywords":"","_relevanssi_related_keywords":"","_relevanssi_related_include_ids":"","_relevanssi_related_exclude_ids":"","_relevanssi_related_no_append":"","_relevanssi_related_not_related":"","_relevanssi_related_posts":"","_relevanssi_noindex_reason":"","footnotes":""},"tags":[],"class_list":["post-5317","page","type-page","status-publish","hentry","entry","no-media"],"pp_statuses_selecting_workflow":false,"pp_workflow_action":"current","pp_status_selection":"publish","pp_force_visibility":null,"pp_subpost_visibility":null,"pp_inherited_force_visibility":null,"pp_inherited_subpost_visibility":null,"yoast_head":"<!-- This site is optimized with the Yoast SEO plugin v27.4 - https:\/\/yoast.com\/product\/yoast-seo-wordpress\/ -->\n<title>Capteurs - Laboratoire Georges Friedel<\/title>\n<meta name=\"robots\" content=\"index, follow, max-snippet:-1, max-image-preview:large, max-video-preview:-1\" \/>\n<link rel=\"canonical\" href=\"https:\/\/www.mines-stetienne.fr\/lgf\/plateaux\/plateaux-technologiques-et-numeriques\/capteurs\/\" \/>\n<meta property=\"og:locale\" content=\"fr_FR\" \/>\n<meta property=\"og:type\" content=\"article\" \/>\n<meta property=\"og:title\" content=\"Capteurs - Laboratoire Georges Friedel\" \/>\n<meta property=\"og:description\" content=\"Caract\u00e9risations physico-chimiques. MEB, TEM, DRX, Analyses thermiques, Analyses spectroscopiques et chimiques (XPS, Raman, FTIR, ICP).\" \/>\n<meta property=\"og:url\" content=\"https:\/\/www.mines-stetienne.fr\/lgf\/plateaux\/plateaux-technologiques-et-numeriques\/capteurs\/\" \/>\n<meta property=\"og:site_name\" content=\"Laboratoire Georges Friedel\" \/>\n<meta name=\"twitter:card\" content=\"summary_large_image\" \/>\n<meta name=\"twitter:label1\" content=\"Dur\u00e9e de lecture estim\u00e9e\" \/>\n\t<meta name=\"twitter:data1\" content=\"2 minutes\" \/>\n<script type=\"application\/ld+json\" class=\"yoast-schema-graph\">{\"@context\":\"https:\\\/\\\/schema.org\",\"@graph\":[{\"@type\":\"WebPage\",\"@id\":\"https:\\\/\\\/www.mines-stetienne.fr\\\/lgf\\\/plateaux\\\/plateaux-technologiques-et-numeriques\\\/capteurs\\\/\",\"url\":\"https:\\\/\\\/www.mines-stetienne.fr\\\/lgf\\\/plateaux\\\/plateaux-technologiques-et-numeriques\\\/capteurs\\\/\",\"name\":\"Capteurs - Laboratoire Georges Friedel\",\"isPartOf\":{\"@id\":\"https:\\\/\\\/www.mines-stetienne.fr\\\/lgf\\\/#website\"},\"datePublished\":\"2022-03-09T19:19:58+00:00\",\"breadcrumb\":{\"@id\":\"https:\\\/\\\/www.mines-stetienne.fr\\\/lgf\\\/plateaux\\\/plateaux-technologiques-et-numeriques\\\/capteurs\\\/#breadcrumb\"},\"inLanguage\":\"fr-FR\",\"potentialAction\":[{\"@type\":\"ReadAction\",\"target\":[\"https:\\\/\\\/www.mines-stetienne.fr\\\/lgf\\\/plateaux\\\/plateaux-technologiques-et-numeriques\\\/capteurs\\\/\"]}]},{\"@type\":\"BreadcrumbList\",\"@id\":\"https:\\\/\\\/www.mines-stetienne.fr\\\/lgf\\\/plateaux\\\/plateaux-technologiques-et-numeriques\\\/capteurs\\\/#breadcrumb\",\"itemListElement\":[{\"@type\":\"ListItem\",\"position\":1,\"name\":\"Plateaux\",\"item\":\"https:\\\/\\\/www.mines-stetienne.fr\\\/lgf\\\/plateaux\\\/\"},{\"@type\":\"ListItem\",\"position\":2,\"name\":\"Plateaux technologiques et num\u00e9riques\",\"item\":\"https:\\\/\\\/www.mines-stetienne.fr\\\/lgf\\\/plateaux\\\/plateaux-technologiques-et-numeriques\\\/\"},{\"@type\":\"ListItem\",\"position\":3,\"name\":\"Capteurs\"}]},{\"@type\":\"WebSite\",\"@id\":\"https:\\\/\\\/www.mines-stetienne.fr\\\/lgf\\\/#website\",\"url\":\"https:\\\/\\\/www.mines-stetienne.fr\\\/lgf\\\/\",\"name\":\"Laboratoire Georges Friedel\",\"description\":\"\",\"publisher\":{\"@id\":\"https:\\\/\\\/www.mines-stetienne.fr\\\/lgf\\\/#organization\"},\"potentialAction\":[{\"@type\":\"SearchAction\",\"target\":{\"@type\":\"EntryPoint\",\"urlTemplate\":\"https:\\\/\\\/www.mines-stetienne.fr\\\/lgf\\\/?s={search_term_string}\"},\"query-input\":{\"@type\":\"PropertyValueSpecification\",\"valueRequired\":true,\"valueName\":\"search_term_string\"}}],\"inLanguage\":\"fr-FR\"},{\"@type\":\"Organization\",\"@id\":\"https:\\\/\\\/www.mines-stetienne.fr\\\/lgf\\\/#organization\",\"name\":\"Laboratoire Georges Friedel\",\"url\":\"https:\\\/\\\/www.mines-stetienne.fr\\\/lgf\\\/\",\"logo\":{\"@type\":\"ImageObject\",\"inLanguage\":\"fr-FR\",\"@id\":\"https:\\\/\\\/www.mines-stetienne.fr\\\/lgf\\\/#\\\/schema\\\/logo\\\/image\\\/\",\"url\":\"https:\\\/\\\/www.mines-stetienne.fr\\\/lgf\\\/wp-content\\\/uploads\\\/sites\\\/6\\\/2024\\\/07\\\/EMSE_LGF_CNRS_logo.png\",\"contentUrl\":\"https:\\\/\\\/www.mines-stetienne.fr\\\/lgf\\\/wp-content\\\/uploads\\\/sites\\\/6\\\/2024\\\/07\\\/EMSE_LGF_CNRS_logo.png\",\"width\":1930,\"height\":440,\"caption\":\"Laboratoire Georges Friedel\"},\"image\":{\"@id\":\"https:\\\/\\\/www.mines-stetienne.fr\\\/lgf\\\/#\\\/schema\\\/logo\\\/image\\\/\"}}]}<\/script>\n<!-- \/ Yoast SEO plugin. -->","yoast_head_json":{"title":"Capteurs - Laboratoire Georges Friedel","robots":{"index":"index","follow":"follow","max-snippet":"max-snippet:-1","max-image-preview":"max-image-preview:large","max-video-preview":"max-video-preview:-1"},"canonical":"https:\/\/www.mines-stetienne.fr\/lgf\/plateaux\/plateaux-technologiques-et-numeriques\/capteurs\/","og_locale":"fr_FR","og_type":"article","og_title":"Capteurs - Laboratoire Georges Friedel","og_description":"Caract\u00e9risations physico-chimiques. MEB, TEM, DRX, Analyses thermiques, Analyses spectroscopiques et chimiques (XPS, Raman, FTIR, ICP).","og_url":"https:\/\/www.mines-stetienne.fr\/lgf\/plateaux\/plateaux-technologiques-et-numeriques\/capteurs\/","og_site_name":"Laboratoire Georges Friedel","twitter_card":"summary_large_image","twitter_misc":{"Dur\u00e9e de lecture estim\u00e9e":"2 minutes"},"schema":{"@context":"https:\/\/schema.org","@graph":[{"@type":"WebPage","@id":"https:\/\/www.mines-stetienne.fr\/lgf\/plateaux\/plateaux-technologiques-et-numeriques\/capteurs\/","url":"https:\/\/www.mines-stetienne.fr\/lgf\/plateaux\/plateaux-technologiques-et-numeriques\/capteurs\/","name":"Capteurs - Laboratoire Georges Friedel","isPartOf":{"@id":"https:\/\/www.mines-stetienne.fr\/lgf\/#website"},"datePublished":"2022-03-09T19:19:58+00:00","breadcrumb":{"@id":"https:\/\/www.mines-stetienne.fr\/lgf\/plateaux\/plateaux-technologiques-et-numeriques\/capteurs\/#breadcrumb"},"inLanguage":"fr-FR","potentialAction":[{"@type":"ReadAction","target":["https:\/\/www.mines-stetienne.fr\/lgf\/plateaux\/plateaux-technologiques-et-numeriques\/capteurs\/"]}]},{"@type":"BreadcrumbList","@id":"https:\/\/www.mines-stetienne.fr\/lgf\/plateaux\/plateaux-technologiques-et-numeriques\/capteurs\/#breadcrumb","itemListElement":[{"@type":"ListItem","position":1,"name":"Plateaux","item":"https:\/\/www.mines-stetienne.fr\/lgf\/plateaux\/"},{"@type":"ListItem","position":2,"name":"Plateaux technologiques et num\u00e9riques","item":"https:\/\/www.mines-stetienne.fr\/lgf\/plateaux\/plateaux-technologiques-et-numeriques\/"},{"@type":"ListItem","position":3,"name":"Capteurs"}]},{"@type":"WebSite","@id":"https:\/\/www.mines-stetienne.fr\/lgf\/#website","url":"https:\/\/www.mines-stetienne.fr\/lgf\/","name":"Laboratoire Georges Friedel","description":"","publisher":{"@id":"https:\/\/www.mines-stetienne.fr\/lgf\/#organization"},"potentialAction":[{"@type":"SearchAction","target":{"@type":"EntryPoint","urlTemplate":"https:\/\/www.mines-stetienne.fr\/lgf\/?s={search_term_string}"},"query-input":{"@type":"PropertyValueSpecification","valueRequired":true,"valueName":"search_term_string"}}],"inLanguage":"fr-FR"},{"@type":"Organization","@id":"https:\/\/www.mines-stetienne.fr\/lgf\/#organization","name":"Laboratoire Georges Friedel","url":"https:\/\/www.mines-stetienne.fr\/lgf\/","logo":{"@type":"ImageObject","inLanguage":"fr-FR","@id":"https:\/\/www.mines-stetienne.fr\/lgf\/#\/schema\/logo\/image\/","url":"https:\/\/www.mines-stetienne.fr\/lgf\/wp-content\/uploads\/sites\/6\/2024\/07\/EMSE_LGF_CNRS_logo.png","contentUrl":"https:\/\/www.mines-stetienne.fr\/lgf\/wp-content\/uploads\/sites\/6\/2024\/07\/EMSE_LGF_CNRS_logo.png","width":1930,"height":440,"caption":"Laboratoire Georges Friedel"},"image":{"@id":"https:\/\/www.mines-stetienne.fr\/lgf\/#\/schema\/logo\/image\/"}}]}},"_links":{"self":[{"href":"https:\/\/www.mines-stetienne.fr\/lgf\/wp-json\/wp\/v2\/pages\/5317","targetHints":{"allow":["GET"]}}],"collection":[{"href":"https:\/\/www.mines-stetienne.fr\/lgf\/wp-json\/wp\/v2\/pages"}],"about":[{"href":"https:\/\/www.mines-stetienne.fr\/lgf\/wp-json\/wp\/v2\/types\/page"}],"author":[{"embeddable":true,"href":"https:\/\/www.mines-stetienne.fr\/lgf\/wp-json\/wp\/v2\/users\/2"}],"replies":[{"embeddable":true,"href":"https:\/\/www.mines-stetienne.fr\/lgf\/wp-json\/wp\/v2\/comments?post=5317"}],"version-history":[{"count":0,"href":"https:\/\/www.mines-stetienne.fr\/lgf\/wp-json\/wp\/v2\/pages\/5317\/revisions"}],"up":[{"embeddable":true,"href":"https:\/\/www.mines-stetienne.fr\/lgf\/wp-json\/wp\/v2\/pages\/5741"}],"wp:attachment":[{"href":"https:\/\/www.mines-stetienne.fr\/lgf\/wp-json\/wp\/v2\/media?parent=5317"}],"wp:term":[{"taxonomy":"post_tag","embeddable":true,"href":"https:\/\/www.mines-stetienne.fr\/lgf\/wp-json\/wp\/v2\/tags?post=5317"}],"curies":[{"name":"wp","href":"https:\/\/api.w.org\/{rel}","templated":true}]}}