{"id":5274,"date":"2022-03-09T19:50:45","date_gmt":"2022-03-09T18:50:45","guid":{"rendered":"https:\/\/mindev.mines-stetienne.fr\/lgf\/?page_id=5274"},"modified":"2022-09-07T13:30:36","modified_gmt":"2022-09-07T11:30:36","slug":"composites-modeles","status":"publish","type":"page","link":"https:\/\/www.mines-stetienne.fr\/lgf\/plateaux\/plateaux-technologiques-et-numeriques\/materiaux-et-structures-modeles-msm\/composites-modeles\/","title":{"rendered":"Composites mod\u00e8les"},"content":{"rendered":"<div class=\"wpb-content-wrapper\">[vc_row css_animation=&#8221;fadeIn&#8221;][vc_column css_animation=&#8221;none&#8221;][vc_column_text]L\u2019activit\u00e9 exp\u00e9rimentale d\u00e9velopp\u00e9e autour de la ma\u00eetrise de l\u2019\u00e9laboration des mat\u00e9riaux composites couvre plusieurs \u00e9chelles, allant de l\u2019\u00e9tude de fibre unitaire \u00e0 la production de pi\u00e8ces complexes par infusion Un dialogue fort entre ces r\u00e9sultats exp\u00e9rimentaux et les travaux en simulations num\u00e9riques port\u00e9s par l\u2019\u00e9quipe MPE permet une interpr\u00e9tation pouss\u00e9e des ph\u00e9nom\u00e8nes physiques mis en jeu.<\/p>\r\n<!-- \/wp:post-content -->\r\n<p><!-- wp:paragraph -->Le laboratoire est dot\u00e9 d\u2019\u00e9quipements d\u2019\u00e9laboration et de mise en forme de mat\u00e9riaux composites\u00a0: dispositif pilote de fabrication de structures mod\u00e8le (\u00e9chelle labo) par injection\/infusion de r\u00e9sine ainsi qu\u2019une presse \u00e0 plateaux chauffants pour des pr\u00e9-impr\u00e9gn\u00e9s. Il est \u00e9galement \u00e9quip\u00e9 de bancs exp\u00e9rimentaux mod\u00e8les permettant un suivi <em>in situ<\/em> de l\u2019avancement de la r\u00e9sine au sein du renfort\u00a0: banc de perm\u00e9abilit\u00e9 transverse \/ dans le plan et caract\u00e9risation du front fluide. Ces moyens sont utilis\u00e9s dans le cadre de recherches men\u00e9es aussi bien sur des composites \u00e0 renforts synth\u00e9tiques (fibre de carbone ou fibre de verre) que sur des bio-composites (\u00e0 base de fibre de lin, par exemple).<\/p>\r\n<!-- \/wp:paragraph -->\r\n<p><!-- wp:paragraph -->Egalement, une plateforme de conditionnement en temp\u00e9rature et en humidit\u00e9 permet de reproduire des variations extr\u00eames, par exemple pour des pi\u00e8ces a\u00e9ronautiques soumises \u00e0 des cycles de vol mod\u00e8les.[\/vc_column_text][\/vc_column][\/vc_row][vc_row css_animation=&#8221;fadeIn&#8221;][vc_column css_animation=&#8221;fadeIn&#8221; css_animation_delay=&#8221;0.5&#8243;]<h2 class=\"vcex-heading vcex-heading-bottom-border-w-color vcex-module wpex-heading wpex-text-2xl wpex-mb-15 wpex-border-b-2 wpex-border-solid wpex-border-main\"><span class=\"vcex-heading-inner wpex-inline-block wpex-relative wpex-pb-5 wpex-border-b-2 wpex-border-solid wpex-border-accent\">\u00c9quipements disponibles<\/span><\/h2>[vc_column_text]\r\n<ul>\r\n<li>Dispositif d\u2019infusion\/injection de r\u00e9sine liquide<\/li>\r\n<li>Presse \u00e0 plateaux chauffants<\/li>\r\n<li>Bancs de mesure de la perm\u00e9abilit\u00e9 transitoire transverse et dans le plan<\/li>\r\n<\/ul>\r\n[\/vc_column_text][\/vc_column][\/vc_row][vc_row css_animation=&#8221;fadeIn&#8221;][vc_column css_animation=&#8221;fadeIn&#8221; css_animation_delay=&#8221;1&#8243;]<h2 class=\"vcex-heading vcex-heading-bottom-border-w-color vcex-module wpex-heading wpex-text-2xl wpex-mb-15 wpex-border-b-2 wpex-border-solid wpex-border-main\"><span class=\"vcex-heading-inner wpex-inline-block wpex-relative wpex-pb-5 wpex-border-b-2 wpex-border-solid wpex-border-accent\">Contact<\/span><\/h2>[vc_column_text]\r\n<ul>\r\n<li><strong>Paul Baral<\/strong><br \/><a href=\"&#109;&#97;&#x69;l&#116;&#x6f;&#x3a;p&#97;&#x75;&#x6c;&#46;&#98;&#x61;&#x72;a&#108;&#x40;&#x6d;i&#110;&#x65;&#x73;-&#115;&#x74;e&#116;&#105;&#x65;n&#110;&#x65;&#x2e;f&#114;\">&#x70;&#x61;&#117;&#108;&#46;&#x62;&#x61;&#x72;&#97;&#108;&#64;&#x6d;&#x69;&#x6e;&#101;&#115;-&#x73;&#x74;&#x65;&#116;&#105;e&#x6e;&#x6e;&#x65;&#46;fr<\/a><\/li>\r\n<\/ul>\r\n[\/vc_column_text][\/vc_column][\/vc_row][vc_row][vc_column]<style>.vcex-image-carousel.vcex_69f71150466b1{animation-duration:2s;animation-delay:0,5;}<\/style><style class=\"vcex-carousel-preload-css\">.vcex_69f711504918c{--wpex-carousel-gap:15px;}.vcex_69f711504918c{--wpex-carousel-columns:1;}.vcex_69f711504918c.wpex-carousel:not(.wpex-carousel--loaded) > *:not(:nth-child(1n+2)){display: flex !important;}@media only screen and (min-width: 480px) {.vcex_69f711504918c{--wpex-carousel-columns:2;}.vcex_69f711504918c.wpex-carousel:not(.wpex-carousel--loaded) > *:not(:nth-child(1n+3)){display: flex !important;}}@media only screen and (min-width: 768px) {.vcex_69f711504918c{--wpex-carousel-columns:3;}.vcex_69f711504918c.wpex-carousel:not(.wpex-carousel--loaded) > *:not(:nth-child(1n+4)){display: flex !important;}}@media only screen and (min-width: 960px) {.vcex_69f711504918c{--wpex-carousel-columns:4;}.vcex_69f711504918c.wpex-carousel:not(.wpex-carousel--loaded) > *:not(:nth-child(1n+5)){display: flex !important;}}<\/style><div class=\"vcex-image-carousel wpex-carousel wpex-carousel-images wpex-clr vcex-module owl-carousel wpex-carousel--render-onload vcex_69f711504918c arrwstyle-default arrwpos-default  wpb_animate_when_almost_visible wpb_appear appear wpex-carousel-lightbox vcex_69f71150466b1\" data-wpex-carousel=\"{&quot;loop&quot;:&quot;false&quot;,&quot;slideBy&quot;:1,&quot;responsive&quot;:{&quot;0&quot;:{&quot;items&quot;:&quot;1&quot;},&quot;480&quot;:{&quot;items&quot;:&quot;2&quot;},&quot;768&quot;:{&quot;items&quot;:&quot;3&quot;},&quot;960&quot;:{&quot;items&quot;:&quot;4&quot;}}}\"><div class=\"wpex-carousel-slide wpex-text-center\"><figure class=\"wpex-carousel-entry-media entry-media wpex-relative wpex-image-hover grow\"><a href=\"https:\/\/www.mines-stetienne.fr\/lgf\/wp-content\/uploads\/sites\/6\/2022\/03\/msm_composites_modeles_01.png\" title=\"Exemple de fibres (fibres de lin et fibres de carbone)\" class=\"wpex-carousel-entry-img wpex-carousel-lightbox-item\" data-title=\"Exemple de fibres (fibres de lin et fibres de carbone)\" data-count=\"1\" data-show_title=\"false\" data-caption=\"Exemple de fibres (fibres de lin et fibres de carbone)\"><img data-no-lazy=\"1\" class=\"wpex-align-middle skip-lazy\" alt=\"Exemple de fibres (fibres de lin et fibres de carbone)\" src=\"https:\/\/www.mines-stetienne.fr\/lgf\/wp-content\/uploads\/sites\/6\/2022\/03\/msm_composites_modeles_01.png\" srcset=\"https:\/\/www.mines-stetienne.fr\/lgf\/wp-content\/uploads\/sites\/6\/2022\/03\/msm_composites_modeles_01.png 600w, https:\/\/www.mines-stetienne.fr\/lgf\/wp-content\/uploads\/sites\/6\/2022\/03\/msm_composites_modeles_01-300x150.png 300w\" width=\"600\" height=\"300\"><\/a><\/figure><div class=\"wpex-carousel-entry-details entry-details wpex-boxed wpex-first-mt-0 wpex-last-mb-0 wpex-clr\"><div class=\"wpex-carousel-entry-excerpt entry-excerpt wpex-my-15 wpex-text-pretty wpex-last-mb-0 wpex-clr\">Exemple de fibres (fibres de lin et fibres de carbone)<\/div><\/div><\/div><div class=\"wpex-carousel-slide wpex-text-center\"><figure class=\"wpex-carousel-entry-media entry-media wpex-relative wpex-image-hover grow\"><a href=\"https:\/\/www.mines-stetienne.fr\/lgf\/wp-content\/uploads\/sites\/6\/2022\/03\/msm_composites_modeles_02.png\" title=\"Dispositif d&#039;infusion\/injection de r\u00e9sine\" class=\"wpex-carousel-entry-img wpex-carousel-lightbox-item\" data-title=\"Dispositif d&#039;infusion\/injection de r\u00e9sine\" data-count=\"2\" data-show_title=\"false\" data-caption=\"Dispositif d&#039;infusion\/injection de r\u00e9sine\"><img data-no-lazy=\"1\" class=\"wpex-align-middle skip-lazy\" alt=\"Dispositif d&#039;infusion\/injection de r\u00e9sine\" src=\"https:\/\/www.mines-stetienne.fr\/lgf\/wp-content\/uploads\/sites\/6\/2022\/03\/msm_composites_modeles_02.png\" srcset=\"https:\/\/www.mines-stetienne.fr\/lgf\/wp-content\/uploads\/sites\/6\/2022\/03\/msm_composites_modeles_02.png 600w, https:\/\/www.mines-stetienne.fr\/lgf\/wp-content\/uploads\/sites\/6\/2022\/03\/msm_composites_modeles_02-300x200.png 300w\" width=\"600\" height=\"400\"><\/a><\/figure><div class=\"wpex-carousel-entry-details entry-details wpex-boxed wpex-first-mt-0 wpex-last-mb-0 wpex-clr\"><div class=\"wpex-carousel-entry-excerpt entry-excerpt wpex-my-15 wpex-text-pretty wpex-last-mb-0 wpex-clr\">Dispositif d'infusion\/injection de r\u00e9sine<\/div><\/div><\/div><div class=\"wpex-carousel-slide wpex-text-center\"><figure class=\"wpex-carousel-entry-media entry-media wpex-relative wpex-image-hover grow\"><a href=\"https:\/\/www.mines-stetienne.fr\/lgf\/wp-content\/uploads\/sites\/6\/2022\/03\/msm_composites_modeles_03.png\" title=\"Enceinte climatique hautes performances\" class=\"wpex-carousel-entry-img wpex-carousel-lightbox-item\" data-title=\"Enceinte climatique hautes performances\" data-count=\"3\" data-show_title=\"false\" data-caption=\"Enceinte climatique hautes performances\"><img data-no-lazy=\"1\" class=\"wpex-align-middle skip-lazy\" alt=\"Enceinte climatique hautes performances\" src=\"https:\/\/www.mines-stetienne.fr\/lgf\/wp-content\/uploads\/sites\/6\/2022\/03\/msm_composites_modeles_03.png\" srcset=\"https:\/\/www.mines-stetienne.fr\/lgf\/wp-content\/uploads\/sites\/6\/2022\/03\/msm_composites_modeles_03.png 600w, https:\/\/www.mines-stetienne.fr\/lgf\/wp-content\/uploads\/sites\/6\/2022\/03\/msm_composites_modeles_03-300x150.png 300w\" width=\"600\" height=\"300\"><\/a><\/figure><div class=\"wpex-carousel-entry-details entry-details wpex-boxed wpex-first-mt-0 wpex-last-mb-0 wpex-clr\"><div class=\"wpex-carousel-entry-excerpt entry-excerpt wpex-my-15 wpex-text-pretty wpex-last-mb-0 wpex-clr\">Enceinte climatique hautes performances<\/div><\/div><\/div><\/div>[\/vc_column][\/vc_row][vc_row][vc_column]<nav class=\"vcex-navbar vcex-module\"><div class=\"vcex-navbar-inner wpex-clr wpex-last-mr-0\"><a href=\"https:\/\/www.mines-stetienne.fr\/lgf\/plateaux\/plateaux-technologiques-et-numeriques\/materiaux-et-structures-modeles-msm\/alliages-modeles\/\" class=\"vcex-navbar-link vcex-navbar-link--5251 wpex-block wpex-float-left wpex-mr-5 wpex-mb-5 theme-button minimal-border\"><span class=\"vcex-navbar-link-text\">Alliages mod\u00e8les<\/span><\/a><a href=\"https:\/\/www.mines-stetienne.fr\/lgf\/plateaux\/plateaux-technologiques-et-numeriques\/materiaux-et-structures-modeles-msm\/ceramiques-modeles\/\" class=\"vcex-navbar-link vcex-navbar-link--5260 wpex-block wpex-float-left wpex-mr-5 wpex-mb-5 theme-button minimal-border\"><span class=\"vcex-navbar-link-text\">C\u00e9ramiques mod\u00e8les<\/span><\/a><a href=\"https:\/\/www.mines-stetienne.fr\/lgf\/plateaux\/plateaux-technologiques-et-numeriques\/materiaux-et-structures-modeles-msm\/composites-modeles\/\" class=\"vcex-navbar-link vcex-navbar-link--5274 wpex-block wpex-float-left wpex-mr-5 wpex-mb-5 theme-button minimal-border\"><span class=\"vcex-navbar-link-text\">Composites mod\u00e8les<\/span><\/a><a href=\"https:\/\/www.mines-stetienne.fr\/lgf\/plateaux\/plateaux-technologiques-et-numeriques\/materiaux-et-structures-modeles-msm\/service-de-metallographie\/\" class=\"vcex-navbar-link vcex-navbar-link--5283 wpex-block wpex-float-left wpex-mr-5 wpex-mb-5 theme-button minimal-border\"><span class=\"vcex-navbar-link-text\">Service de m\u00e9tallographie<\/span><\/a><\/div><\/nav>[\/vc_column][\/vc_row][vc_row][vc_column][\/vc_column][\/vc_row]<\/div>","protected":false},"excerpt":{"rendered":"<p>[vc_row css_animation=&#8221;fadeIn&#8221;][vc_column css_animation=&#8221;none&#8221;][vc_column_text]L\u2019activit\u00e9 exp\u00e9rimentale d\u00e9velopp\u00e9e autour de la ma\u00eetrise de l\u2019\u00e9laboration des mat\u00e9riaux composites couvre plusieurs \u00e9chelles, allant de l\u2019\u00e9tude de fibre unitaire \u00e0 la production de pi\u00e8ces complexes par infusion Un dialogue fort entre ces r\u00e9sultats exp\u00e9rimentaux et les travaux en simulations num\u00e9riques port\u00e9s par l\u2019\u00e9quipe MPE permet une interpr\u00e9tation pouss\u00e9e des ph\u00e9nom\u00e8nes physiques&hellip;<\/p>\n","protected":false},"author":2,"featured_media":0,"parent":5090,"menu_order":0,"comment_status":"closed","ping_status":"closed","template":"","meta":{"_relevanssi_hide_post":"","_relevanssi_hide_content":"","_relevanssi_pin_for_all":"","_relevanssi_pin_keywords":"","_relevanssi_unpin_keywords":"","_relevanssi_related_keywords":"","_relevanssi_related_include_ids":"","_relevanssi_related_exclude_ids":"","_relevanssi_related_no_append":"","_relevanssi_related_not_related":"","_relevanssi_related_posts":"","_relevanssi_noindex_reason":"","footnotes":""},"tags":[],"class_list":["post-5274","page","type-page","status-publish","hentry","entry","no-media"],"pp_statuses_selecting_workflow":false,"pp_workflow_action":"current","pp_status_selection":"publish","pp_force_visibility":null,"pp_subpost_visibility":null,"pp_inherited_force_visibility":null,"pp_inherited_subpost_visibility":null,"yoast_head":"<!-- This site is optimized with the Yoast SEO plugin v27.5 - https:\/\/yoast.com\/product\/yoast-seo-wordpress\/ -->\n<title>Composites mod\u00e8les - Laboratoire Georges Friedel<\/title>\n<meta name=\"robots\" content=\"index, follow, max-snippet:-1, max-image-preview:large, max-video-preview:-1\" \/>\n<link rel=\"canonical\" href=\"https:\/\/www.mines-stetienne.fr\/lgf\/plateaux\/plateaux-technologiques-et-numeriques\/materiaux-et-structures-modeles-msm\/composites-modeles\/\" \/>\n<meta property=\"og:locale\" content=\"fr_FR\" \/>\n<meta property=\"og:type\" content=\"article\" \/>\n<meta property=\"og:title\" content=\"Composites mod\u00e8les - Laboratoire Georges Friedel\" \/>\n<meta property=\"og:description\" content=\"[vc_row css_animation=&#8221;fadeIn&#8221;][vc_column css_animation=&#8221;none&#8221;][vc_column_text]L\u2019activit\u00e9 exp\u00e9rimentale d\u00e9velopp\u00e9e autour de la ma\u00eetrise de l\u2019\u00e9laboration des mat\u00e9riaux composites couvre plusieurs \u00e9chelles, allant de l\u2019\u00e9tude de fibre unitaire \u00e0 la production de pi\u00e8ces complexes par infusion Un dialogue fort entre ces r\u00e9sultats exp\u00e9rimentaux et les travaux en simulations num\u00e9riques port\u00e9s par l\u2019\u00e9quipe MPE permet une interpr\u00e9tation pouss\u00e9e des ph\u00e9nom\u00e8nes physiques&hellip;\" \/>\n<meta property=\"og:url\" content=\"https:\/\/www.mines-stetienne.fr\/lgf\/plateaux\/plateaux-technologiques-et-numeriques\/materiaux-et-structures-modeles-msm\/composites-modeles\/\" \/>\n<meta property=\"og:site_name\" content=\"Laboratoire Georges Friedel\" \/>\n<meta property=\"article:modified_time\" content=\"2022-09-07T11:30:36+00:00\" \/>\n<meta name=\"twitter:card\" content=\"summary_large_image\" \/>\n<meta name=\"twitter:label1\" content=\"Dur\u00e9e de lecture estim\u00e9e\" \/>\n\t<meta name=\"twitter:data1\" content=\"2 minutes\" \/>\n<script type=\"application\/ld+json\" class=\"yoast-schema-graph\">{\"@context\":\"https:\\\/\\\/schema.org\",\"@graph\":[{\"@type\":\"WebPage\",\"@id\":\"https:\\\/\\\/www.mines-stetienne.fr\\\/lgf\\\/plateaux\\\/plateaux-technologiques-et-numeriques\\\/materiaux-et-structures-modeles-msm\\\/composites-modeles\\\/\",\"url\":\"https:\\\/\\\/www.mines-stetienne.fr\\\/lgf\\\/plateaux\\\/plateaux-technologiques-et-numeriques\\\/materiaux-et-structures-modeles-msm\\\/composites-modeles\\\/\",\"name\":\"Composites mod\u00e8les - Laboratoire Georges Friedel\",\"isPartOf\":{\"@id\":\"https:\\\/\\\/www.mines-stetienne.fr\\\/lgf\\\/#website\"},\"datePublished\":\"2022-03-09T18:50:45+00:00\",\"dateModified\":\"2022-09-07T11:30:36+00:00\",\"breadcrumb\":{\"@id\":\"https:\\\/\\\/www.mines-stetienne.fr\\\/lgf\\\/plateaux\\\/plateaux-technologiques-et-numeriques\\\/materiaux-et-structures-modeles-msm\\\/composites-modeles\\\/#breadcrumb\"},\"inLanguage\":\"fr-FR\",\"potentialAction\":[{\"@type\":\"ReadAction\",\"target\":[\"https:\\\/\\\/www.mines-stetienne.fr\\\/lgf\\\/plateaux\\\/plateaux-technologiques-et-numeriques\\\/materiaux-et-structures-modeles-msm\\\/composites-modeles\\\/\"]}]},{\"@type\":\"BreadcrumbList\",\"@id\":\"https:\\\/\\\/www.mines-stetienne.fr\\\/lgf\\\/plateaux\\\/plateaux-technologiques-et-numeriques\\\/materiaux-et-structures-modeles-msm\\\/composites-modeles\\\/#breadcrumb\",\"itemListElement\":[{\"@type\":\"ListItem\",\"position\":1,\"name\":\"Plateaux\",\"item\":\"https:\\\/\\\/www.mines-stetienne.fr\\\/lgf\\\/plateaux\\\/\"},{\"@type\":\"ListItem\",\"position\":2,\"name\":\"Plateaux technologiques et num\u00e9riques\",\"item\":\"https:\\\/\\\/www.mines-stetienne.fr\\\/lgf\\\/plateaux\\\/plateaux-technologiques-et-numeriques\\\/\"},{\"@type\":\"ListItem\",\"position\":3,\"name\":\"Mat\u00e9riaux et Structures Mod\u00e8les (MSM)\",\"item\":\"https:\\\/\\\/www.mines-stetienne.fr\\\/lgf\\\/plateaux\\\/plateaux-technologiques-et-numeriques\\\/materiaux-et-structures-modeles-msm\\\/\"},{\"@type\":\"ListItem\",\"position\":4,\"name\":\"Composites mod\u00e8les\"}]},{\"@type\":\"WebSite\",\"@id\":\"https:\\\/\\\/www.mines-stetienne.fr\\\/lgf\\\/#website\",\"url\":\"https:\\\/\\\/www.mines-stetienne.fr\\\/lgf\\\/\",\"name\":\"Laboratoire Georges Friedel\",\"description\":\"\",\"publisher\":{\"@id\":\"https:\\\/\\\/www.mines-stetienne.fr\\\/lgf\\\/#organization\"},\"potentialAction\":[{\"@type\":\"SearchAction\",\"target\":{\"@type\":\"EntryPoint\",\"urlTemplate\":\"https:\\\/\\\/www.mines-stetienne.fr\\\/lgf\\\/?s={search_term_string}\"},\"query-input\":{\"@type\":\"PropertyValueSpecification\",\"valueRequired\":true,\"valueName\":\"search_term_string\"}}],\"inLanguage\":\"fr-FR\"},{\"@type\":\"Organization\",\"@id\":\"https:\\\/\\\/www.mines-stetienne.fr\\\/lgf\\\/#organization\",\"name\":\"Laboratoire Georges Friedel\",\"url\":\"https:\\\/\\\/www.mines-stetienne.fr\\\/lgf\\\/\",\"logo\":{\"@type\":\"ImageObject\",\"inLanguage\":\"fr-FR\",\"@id\":\"https:\\\/\\\/www.mines-stetienne.fr\\\/lgf\\\/#\\\/schema\\\/logo\\\/image\\\/\",\"url\":\"https:\\\/\\\/www.mines-stetienne.fr\\\/lgf\\\/wp-content\\\/uploads\\\/sites\\\/6\\\/2024\\\/07\\\/EMSE_LGF_CNRS_logo.png\",\"contentUrl\":\"https:\\\/\\\/www.mines-stetienne.fr\\\/lgf\\\/wp-content\\\/uploads\\\/sites\\\/6\\\/2024\\\/07\\\/EMSE_LGF_CNRS_logo.png\",\"width\":1930,\"height\":440,\"caption\":\"Laboratoire Georges Friedel\"},\"image\":{\"@id\":\"https:\\\/\\\/www.mines-stetienne.fr\\\/lgf\\\/#\\\/schema\\\/logo\\\/image\\\/\"}}]}<\/script>\n<!-- \/ Yoast SEO plugin. -->","yoast_head_json":{"title":"Composites mod\u00e8les - Laboratoire Georges Friedel","robots":{"index":"index","follow":"follow","max-snippet":"max-snippet:-1","max-image-preview":"max-image-preview:large","max-video-preview":"max-video-preview:-1"},"canonical":"https:\/\/www.mines-stetienne.fr\/lgf\/plateaux\/plateaux-technologiques-et-numeriques\/materiaux-et-structures-modeles-msm\/composites-modeles\/","og_locale":"fr_FR","og_type":"article","og_title":"Composites mod\u00e8les - Laboratoire Georges Friedel","og_description":"[vc_row css_animation=&#8221;fadeIn&#8221;][vc_column css_animation=&#8221;none&#8221;][vc_column_text]L\u2019activit\u00e9 exp\u00e9rimentale d\u00e9velopp\u00e9e autour de la ma\u00eetrise de l\u2019\u00e9laboration des mat\u00e9riaux composites couvre plusieurs \u00e9chelles, allant de l\u2019\u00e9tude de fibre unitaire \u00e0 la production de pi\u00e8ces complexes par infusion Un dialogue fort entre ces r\u00e9sultats exp\u00e9rimentaux et les travaux en simulations num\u00e9riques port\u00e9s par l\u2019\u00e9quipe MPE permet une interpr\u00e9tation pouss\u00e9e des ph\u00e9nom\u00e8nes physiques&hellip;","og_url":"https:\/\/www.mines-stetienne.fr\/lgf\/plateaux\/plateaux-technologiques-et-numeriques\/materiaux-et-structures-modeles-msm\/composites-modeles\/","og_site_name":"Laboratoire Georges Friedel","article_modified_time":"2022-09-07T11:30:36+00:00","twitter_card":"summary_large_image","twitter_misc":{"Dur\u00e9e de lecture estim\u00e9e":"2 minutes"},"schema":{"@context":"https:\/\/schema.org","@graph":[{"@type":"WebPage","@id":"https:\/\/www.mines-stetienne.fr\/lgf\/plateaux\/plateaux-technologiques-et-numeriques\/materiaux-et-structures-modeles-msm\/composites-modeles\/","url":"https:\/\/www.mines-stetienne.fr\/lgf\/plateaux\/plateaux-technologiques-et-numeriques\/materiaux-et-structures-modeles-msm\/composites-modeles\/","name":"Composites mod\u00e8les - Laboratoire Georges Friedel","isPartOf":{"@id":"https:\/\/www.mines-stetienne.fr\/lgf\/#website"},"datePublished":"2022-03-09T18:50:45+00:00","dateModified":"2022-09-07T11:30:36+00:00","breadcrumb":{"@id":"https:\/\/www.mines-stetienne.fr\/lgf\/plateaux\/plateaux-technologiques-et-numeriques\/materiaux-et-structures-modeles-msm\/composites-modeles\/#breadcrumb"},"inLanguage":"fr-FR","potentialAction":[{"@type":"ReadAction","target":["https:\/\/www.mines-stetienne.fr\/lgf\/plateaux\/plateaux-technologiques-et-numeriques\/materiaux-et-structures-modeles-msm\/composites-modeles\/"]}]},{"@type":"BreadcrumbList","@id":"https:\/\/www.mines-stetienne.fr\/lgf\/plateaux\/plateaux-technologiques-et-numeriques\/materiaux-et-structures-modeles-msm\/composites-modeles\/#breadcrumb","itemListElement":[{"@type":"ListItem","position":1,"name":"Plateaux","item":"https:\/\/www.mines-stetienne.fr\/lgf\/plateaux\/"},{"@type":"ListItem","position":2,"name":"Plateaux technologiques et num\u00e9riques","item":"https:\/\/www.mines-stetienne.fr\/lgf\/plateaux\/plateaux-technologiques-et-numeriques\/"},{"@type":"ListItem","position":3,"name":"Mat\u00e9riaux et Structures Mod\u00e8les (MSM)","item":"https:\/\/www.mines-stetienne.fr\/lgf\/plateaux\/plateaux-technologiques-et-numeriques\/materiaux-et-structures-modeles-msm\/"},{"@type":"ListItem","position":4,"name":"Composites mod\u00e8les"}]},{"@type":"WebSite","@id":"https:\/\/www.mines-stetienne.fr\/lgf\/#website","url":"https:\/\/www.mines-stetienne.fr\/lgf\/","name":"Laboratoire Georges Friedel","description":"","publisher":{"@id":"https:\/\/www.mines-stetienne.fr\/lgf\/#organization"},"potentialAction":[{"@type":"SearchAction","target":{"@type":"EntryPoint","urlTemplate":"https:\/\/www.mines-stetienne.fr\/lgf\/?s={search_term_string}"},"query-input":{"@type":"PropertyValueSpecification","valueRequired":true,"valueName":"search_term_string"}}],"inLanguage":"fr-FR"},{"@type":"Organization","@id":"https:\/\/www.mines-stetienne.fr\/lgf\/#organization","name":"Laboratoire Georges Friedel","url":"https:\/\/www.mines-stetienne.fr\/lgf\/","logo":{"@type":"ImageObject","inLanguage":"fr-FR","@id":"https:\/\/www.mines-stetienne.fr\/lgf\/#\/schema\/logo\/image\/","url":"https:\/\/www.mines-stetienne.fr\/lgf\/wp-content\/uploads\/sites\/6\/2024\/07\/EMSE_LGF_CNRS_logo.png","contentUrl":"https:\/\/www.mines-stetienne.fr\/lgf\/wp-content\/uploads\/sites\/6\/2024\/07\/EMSE_LGF_CNRS_logo.png","width":1930,"height":440,"caption":"Laboratoire Georges Friedel"},"image":{"@id":"https:\/\/www.mines-stetienne.fr\/lgf\/#\/schema\/logo\/image\/"}}]}},"_links":{"self":[{"href":"https:\/\/www.mines-stetienne.fr\/lgf\/wp-json\/wp\/v2\/pages\/5274","targetHints":{"allow":["GET"]}}],"collection":[{"href":"https:\/\/www.mines-stetienne.fr\/lgf\/wp-json\/wp\/v2\/pages"}],"about":[{"href":"https:\/\/www.mines-stetienne.fr\/lgf\/wp-json\/wp\/v2\/types\/page"}],"author":[{"embeddable":true,"href":"https:\/\/www.mines-stetienne.fr\/lgf\/wp-json\/wp\/v2\/users\/2"}],"replies":[{"embeddable":true,"href":"https:\/\/www.mines-stetienne.fr\/lgf\/wp-json\/wp\/v2\/comments?post=5274"}],"version-history":[{"count":1,"href":"https:\/\/www.mines-stetienne.fr\/lgf\/wp-json\/wp\/v2\/pages\/5274\/revisions"}],"predecessor-version":[{"id":6008,"href":"https:\/\/www.mines-stetienne.fr\/lgf\/wp-json\/wp\/v2\/pages\/5274\/revisions\/6008"}],"up":[{"embeddable":true,"href":"https:\/\/www.mines-stetienne.fr\/lgf\/wp-json\/wp\/v2\/pages\/5090"}],"wp:attachment":[{"href":"https:\/\/www.mines-stetienne.fr\/lgf\/wp-json\/wp\/v2\/media?parent=5274"}],"wp:term":[{"taxonomy":"post_tag","embeddable":true,"href":"https:\/\/www.mines-stetienne.fr\/lgf\/wp-json\/wp\/v2\/tags?post=5274"}],"curies":[{"name":"wp","href":"https:\/\/api.w.org\/{rel}","templated":true}]}}