{"id":4958,"date":"2022-03-04T17:25:47","date_gmt":"2022-03-04T16:25:47","guid":{"rendered":"https:\/\/mindev.mines-stetienne.fr\/lgf\/?page_id=4958"},"modified":"2022-09-07T14:24:15","modified_gmt":"2022-09-07T12:24:15","slug":"axe-deformation-microstructures","status":"publish","type":"page","link":"https:\/\/www.mines-stetienne.fr\/lgf\/equipes-2\/pmm\/axe-deformation-microstructures\/","title":{"rendered":"Axe D\u00e9formation &amp; Microstructures"},"content":{"rendered":"<div class=\"wpb-content-wrapper\">[vc_row][vc_column][vc_column_text]L\u2019\u00e9volution des microstructures polycristallines au cours des proc\u00e9d\u00e9s de d\u00e9formation (laminage, forgeage, etc.) est complexe et a un impact important sur leurs propri\u00e9t\u00e9s m\u00e9caniques finales du mat\u00e9riau. L\u2019optimisation des microstructures requiert une meilleure compr\u00e9hension des m\u00e9canismes physiques mis en \u0153uvre lors des diff\u00e9rentes \u00e9tapes. Nous d\u00e9veloppons et exploitons \u00e0 la fois des m\u00e9thodes exp\u00e9rimentales, de mod\u00e9lisation \/ simulation, et th\u00e9oriques dans le but de mieux comprendre et contr\u00f4ler les \u00e9volutions microstructurales :<\/p>\n\n<p><strong>Le d\u00e9veloppement de m\u00e9thodes de caract\u00e9risation locales (HR-EBSD, diffraction des rayons X en laboratoire et en synchrotron)<\/strong> permet l\u2019analyse locale in situ ou ex situ des microstructures et de leurs \u00e9volution (orientations cristallines, densit\u00e9s de dislocations, d\u00e9formations \u00e9lastiques, &#8230;)<\/p>\n\n<p><strong>Le d\u00e9veloppement de m\u00e9thodes de mod\u00e9lisation et de simulation des \u00e9volutions microstructurales<\/strong> permet de pr\u00e9dire les \u00e9volutions microstructurales au cours de la d\u00e9formation. Nous d\u00e9veloppons \u00e0 la fois des approches en champs complets, de type \u00e9l\u00e9ments finis en plasticit\u00e9 cristalline, notamment via le d\u00e9veloppement du logiciel Neper (et FEPX), ainsi que des approches en champs moyens.<\/p>\n\n<p><strong>L\u2019analyse des \u00e9volutions microstructurales associ\u00e9es \u00e0 la d\u00e9formation, <\/strong>qu\u2019elles soient associ\u00e9es aux rotations cristallines induites par la plasticit\u00e9 (textures et microtextures de d\u00e9formation) ou aux ph\u00e9nom\u00e8nes de restauration et de recristallisation (statique et\/ou dynamique), permet d\u2019am\u00e9liorer la compr\u00e9hension des m\u00e9canismes m\u00e9caniques et physiques mis en jeu localement, \u00e0 partir desquels sont d\u00e9velopp\u00e9s de nouveaux concepts et mod\u00e8les pouvant \u00eatre exploit\u00e9s dans un cadre acad\u00e9mique comme industriel.<\/p>\n\n\n<figure class=\"wp-block-image size-full\"><img loading=\"lazy\" decoding=\"async\" width=\"980\" height=\"177\" src=\"https:\/\/www.mines-stetienne.fr\/lgf\/wp-content\/uploads\/sites\/6\/2022\/03\/pmm_03.png\" alt=\"\" class=\"wp-image-5095\" srcset=\"https:\/\/www.mines-stetienne.fr\/lgf\/wp-content\/uploads\/sites\/6\/2022\/03\/pmm_03.png 980w, https:\/\/www.mines-stetienne.fr\/lgf\/wp-content\/uploads\/sites\/6\/2022\/03\/pmm_03-300x54.png 300w, https:\/\/www.mines-stetienne.fr\/lgf\/wp-content\/uploads\/sites\/6\/2022\/03\/pmm_03-768x139.png 768w\" sizes=\"auto, (max-width: 980px) 100vw, 980px\" \/><\/p>\n<figcaption>D\u00e9veloppement des microtextures en compression plane, exp\u00e9rience et simulation<\/figcaption>\n<\/figure>\n\n\n<figure class=\"wp-block-image size-full\"><img loading=\"lazy\" decoding=\"async\" width=\"980\" height=\"391\" src=\"https:\/\/www.mines-stetienne.fr\/lgf\/wp-content\/uploads\/sites\/6\/2022\/03\/pmm_04.png\" alt=\"\" class=\"wp-image-5096\" srcset=\"https:\/\/www.mines-stetienne.fr\/lgf\/wp-content\/uploads\/sites\/6\/2022\/03\/pmm_04.png 980w, https:\/\/www.mines-stetienne.fr\/lgf\/wp-content\/uploads\/sites\/6\/2022\/03\/pmm_04-300x120.png 300w, https:\/\/www.mines-stetienne.fr\/lgf\/wp-content\/uploads\/sites\/6\/2022\/03\/pmm_04-768x306.png 768w\" sizes=\"auto, (max-width: 980px) 100vw, 980px\" \/><\/p>\n<figcaption>Relation entre la microstructure de d\u00e9formation et la germination recristallisation dans un tricrystal d\u2019aluminium, et concept \u00ab d&#8217;\u00e9nergie stock\u00e9e primaire \u00bb<\/figcaption>\n<\/figure>\n[\/vc_column_text][\/vc_column][\/vc_row][vc_row][vc_column][vc_column_text]\n<h3>Autres axes<\/h3>\n[\/vc_column_text][\/vc_column][\/vc_row][vc_row][vc_column]<nav class=\"vcex-navbar vcex-module\"><div class=\"vcex-navbar-inner wpex-clr wpex-last-mr-0\"><a href=\"https:\/\/www.mines-stetienne.fr\/lgf\/equipes-2\/pmm\/axe-deformation-microstructures\/\" class=\"vcex-navbar-link vcex-navbar-link--4958 wpex-block wpex-float-left wpex-mr-5 wpex-mb-5 theme-button minimal-border\"><span class=\"vcex-navbar-link-text\">Axe D\u00e9formation &amp; Microstructures<\/span><\/a><a href=\"https:\/\/www.mines-stetienne.fr\/lgf\/equipes-2\/pmm\/axe-materiaux-mecanique-surfaces\/\" class=\"vcex-navbar-link vcex-navbar-link--4966 wpex-block wpex-float-left wpex-mr-5 wpex-mb-5 theme-button minimal-border\"><span class=\"vcex-navbar-link-text\">Axe Mat\u00e9riaux, M\u00e9canique &amp; Surfaces<\/span><\/a><a href=\"https:\/\/www.mines-stetienne.fr\/lgf\/equipes-2\/pmm\/axe-fabrication-additive-metallique\/\" class=\"vcex-navbar-link vcex-navbar-link--4968 wpex-block wpex-float-left wpex-mr-5 wpex-mb-5 theme-button minimal-border\"><span class=\"vcex-navbar-link-text\">Axe Fabrication Additive M\u00e9tallique<\/span><\/a><a href=\"https:\/\/www.mines-stetienne.fr\/lgf\/equipes-2\/pmm\/axe-alliages-a-haute-entropie\/\" class=\"vcex-navbar-link vcex-navbar-link--4970 wpex-block wpex-float-left wpex-mr-5 wpex-mb-5 theme-button minimal-border\"><span class=\"vcex-navbar-link-text\">Axe Alliages \u00e0 Haute Entropie<\/span><\/a><\/div><\/nav>[\/vc_column][\/vc_row]\n<\/div>","protected":false},"excerpt":{"rendered":"<p>[vc_row][vc_column][vc_column_text]L\u2019\u00e9volution des microstructures polycristallines au cours des proc\u00e9d\u00e9s de d\u00e9formation (laminage, forgeage, etc.) est complexe et a un impact important sur leurs propri\u00e9t\u00e9s m\u00e9caniques finales du mat\u00e9riau. L\u2019optimisation des microstructures requiert une meilleure compr\u00e9hension des m\u00e9canismes physiques mis en \u0153uvre lors des diff\u00e9rentes \u00e9tapes. Nous d\u00e9veloppons et exploitons \u00e0 la fois des m\u00e9thodes exp\u00e9rimentales, de&hellip;<\/p>\n","protected":false},"author":2,"featured_media":0,"parent":4962,"menu_order":10,"comment_status":"closed","ping_status":"closed","template":"","meta":{"_relevanssi_hide_post":"","_relevanssi_hide_content":"","_relevanssi_pin_for_all":"","_relevanssi_pin_keywords":"","_relevanssi_unpin_keywords":"","_relevanssi_related_keywords":"","_relevanssi_related_include_ids":"","_relevanssi_related_exclude_ids":"","_relevanssi_related_no_append":"","_relevanssi_related_not_related":"","_relevanssi_related_posts":"389,387,1,388","_relevanssi_noindex_reason":"","footnotes":""},"tags":[],"class_list":["post-4958","page","type-page","status-publish","hentry","entry","no-media"],"pp_statuses_selecting_workflow":false,"pp_workflow_action":"current","pp_status_selection":"publish","pp_force_visibility":null,"pp_subpost_visibility":null,"pp_inherited_force_visibility":null,"pp_inherited_subpost_visibility":null,"yoast_head":"<!-- This site is optimized with the Yoast SEO plugin v27.4 - https:\/\/yoast.com\/product\/yoast-seo-wordpress\/ -->\n<title>Axe D\u00e9formation &amp; Microstructures - Laboratoire Georges Friedel<\/title>\n<meta name=\"robots\" content=\"index, follow, max-snippet:-1, max-image-preview:large, max-video-preview:-1\" \/>\n<link rel=\"canonical\" href=\"https:\/\/www.mines-stetienne.fr\/lgf\/equipes-2\/pmm\/axe-deformation-microstructures\/\" \/>\n<meta property=\"og:locale\" content=\"fr_FR\" \/>\n<meta property=\"og:type\" content=\"article\" \/>\n<meta property=\"og:title\" content=\"Axe D\u00e9formation &amp; Microstructures - Laboratoire Georges Friedel\" \/>\n<meta property=\"og:description\" content=\"[vc_row][vc_column][vc_column_text]L\u2019\u00e9volution des microstructures polycristallines au cours des proc\u00e9d\u00e9s de d\u00e9formation (laminage, forgeage, etc.) est complexe et a un impact important sur leurs propri\u00e9t\u00e9s m\u00e9caniques finales du mat\u00e9riau. L\u2019optimisation des microstructures requiert une meilleure compr\u00e9hension des m\u00e9canismes physiques mis en \u0153uvre lors des diff\u00e9rentes \u00e9tapes. Nous d\u00e9veloppons et exploitons \u00e0 la fois des m\u00e9thodes exp\u00e9rimentales, de&hellip;\" \/>\n<meta property=\"og:url\" content=\"https:\/\/www.mines-stetienne.fr\/lgf\/equipes-2\/pmm\/axe-deformation-microstructures\/\" \/>\n<meta property=\"og:site_name\" content=\"Laboratoire Georges Friedel\" \/>\n<meta property=\"article:modified_time\" content=\"2022-09-07T12:24:15+00:00\" \/>\n<meta property=\"og:image\" content=\"https:\/\/www.mines-stetienne.fr\/lgf\/wp-content\/uploads\/sites\/6\/2022\/03\/pmm_03.png\" \/>\n<meta name=\"twitter:card\" content=\"summary_large_image\" \/>\n<meta name=\"twitter:label1\" content=\"Dur\u00e9e de lecture estim\u00e9e\" \/>\n\t<meta name=\"twitter:data1\" content=\"2 minutes\" \/>\n<script type=\"application\/ld+json\" class=\"yoast-schema-graph\">{\"@context\":\"https:\\\/\\\/schema.org\",\"@graph\":[{\"@type\":\"WebPage\",\"@id\":\"https:\\\/\\\/www.mines-stetienne.fr\\\/lgf\\\/equipes-2\\\/pmm\\\/axe-deformation-microstructures\\\/\",\"url\":\"https:\\\/\\\/www.mines-stetienne.fr\\\/lgf\\\/equipes-2\\\/pmm\\\/axe-deformation-microstructures\\\/\",\"name\":\"Axe D\u00e9formation &amp; Microstructures - Laboratoire Georges Friedel\",\"isPartOf\":{\"@id\":\"https:\\\/\\\/www.mines-stetienne.fr\\\/lgf\\\/#website\"},\"primaryImageOfPage\":{\"@id\":\"https:\\\/\\\/www.mines-stetienne.fr\\\/lgf\\\/equipes-2\\\/pmm\\\/axe-deformation-microstructures\\\/#primaryimage\"},\"image\":{\"@id\":\"https:\\\/\\\/www.mines-stetienne.fr\\\/lgf\\\/equipes-2\\\/pmm\\\/axe-deformation-microstructures\\\/#primaryimage\"},\"thumbnailUrl\":\"https:\\\/\\\/www.mines-stetienne.fr\\\/lgf\\\/wp-content\\\/uploads\\\/sites\\\/6\\\/2022\\\/03\\\/pmm_03.png\",\"datePublished\":\"2022-03-04T16:25:47+00:00\",\"dateModified\":\"2022-09-07T12:24:15+00:00\",\"breadcrumb\":{\"@id\":\"https:\\\/\\\/www.mines-stetienne.fr\\\/lgf\\\/equipes-2\\\/pmm\\\/axe-deformation-microstructures\\\/#breadcrumb\"},\"inLanguage\":\"fr-FR\",\"potentialAction\":[{\"@type\":\"ReadAction\",\"target\":[\"https:\\\/\\\/www.mines-stetienne.fr\\\/lgf\\\/equipes-2\\\/pmm\\\/axe-deformation-microstructures\\\/\"]}]},{\"@type\":\"ImageObject\",\"inLanguage\":\"fr-FR\",\"@id\":\"https:\\\/\\\/www.mines-stetienne.fr\\\/lgf\\\/equipes-2\\\/pmm\\\/axe-deformation-microstructures\\\/#primaryimage\",\"url\":\"https:\\\/\\\/www.mines-stetienne.fr\\\/lgf\\\/wp-content\\\/uploads\\\/sites\\\/6\\\/2022\\\/03\\\/pmm_03.png\",\"contentUrl\":\"https:\\\/\\\/www.mines-stetienne.fr\\\/lgf\\\/wp-content\\\/uploads\\\/sites\\\/6\\\/2022\\\/03\\\/pmm_03.png\",\"width\":980,\"height\":177,\"caption\":\"D\u00e9veloppement des microtextures en compression plane, exp\u00e9rience et simulation\"},{\"@type\":\"BreadcrumbList\",\"@id\":\"https:\\\/\\\/www.mines-stetienne.fr\\\/lgf\\\/equipes-2\\\/pmm\\\/axe-deformation-microstructures\\\/#breadcrumb\",\"itemListElement\":[{\"@type\":\"ListItem\",\"position\":1,\"name\":\"\u00c9quipes\",\"item\":\"https:\\\/\\\/www.mines-stetienne.fr\\\/lgf\\\/equipes-2\\\/\"},{\"@type\":\"ListItem\",\"position\":2,\"name\":\"PMM\",\"item\":\"https:\\\/\\\/www.mines-stetienne.fr\\\/lgf\\\/equipes-2\\\/pmm\\\/\"},{\"@type\":\"ListItem\",\"position\":3,\"name\":\"Axe D\u00e9formation &amp; Microstructures\"}]},{\"@type\":\"WebSite\",\"@id\":\"https:\\\/\\\/www.mines-stetienne.fr\\\/lgf\\\/#website\",\"url\":\"https:\\\/\\\/www.mines-stetienne.fr\\\/lgf\\\/\",\"name\":\"Laboratoire Georges Friedel\",\"description\":\"\",\"publisher\":{\"@id\":\"https:\\\/\\\/www.mines-stetienne.fr\\\/lgf\\\/#organization\"},\"potentialAction\":[{\"@type\":\"SearchAction\",\"target\":{\"@type\":\"EntryPoint\",\"urlTemplate\":\"https:\\\/\\\/www.mines-stetienne.fr\\\/lgf\\\/?s={search_term_string}\"},\"query-input\":{\"@type\":\"PropertyValueSpecification\",\"valueRequired\":true,\"valueName\":\"search_term_string\"}}],\"inLanguage\":\"fr-FR\"},{\"@type\":\"Organization\",\"@id\":\"https:\\\/\\\/www.mines-stetienne.fr\\\/lgf\\\/#organization\",\"name\":\"Laboratoire Georges Friedel\",\"url\":\"https:\\\/\\\/www.mines-stetienne.fr\\\/lgf\\\/\",\"logo\":{\"@type\":\"ImageObject\",\"inLanguage\":\"fr-FR\",\"@id\":\"https:\\\/\\\/www.mines-stetienne.fr\\\/lgf\\\/#\\\/schema\\\/logo\\\/image\\\/\",\"url\":\"https:\\\/\\\/www.mines-stetienne.fr\\\/lgf\\\/wp-content\\\/uploads\\\/sites\\\/6\\\/2024\\\/07\\\/EMSE_LGF_CNRS_logo.png\",\"contentUrl\":\"https:\\\/\\\/www.mines-stetienne.fr\\\/lgf\\\/wp-content\\\/uploads\\\/sites\\\/6\\\/2024\\\/07\\\/EMSE_LGF_CNRS_logo.png\",\"width\":1930,\"height\":440,\"caption\":\"Laboratoire Georges Friedel\"},\"image\":{\"@id\":\"https:\\\/\\\/www.mines-stetienne.fr\\\/lgf\\\/#\\\/schema\\\/logo\\\/image\\\/\"}}]}<\/script>\n<!-- \/ Yoast SEO plugin. -->","yoast_head_json":{"title":"Axe D\u00e9formation &amp; Microstructures - Laboratoire Georges Friedel","robots":{"index":"index","follow":"follow","max-snippet":"max-snippet:-1","max-image-preview":"max-image-preview:large","max-video-preview":"max-video-preview:-1"},"canonical":"https:\/\/www.mines-stetienne.fr\/lgf\/equipes-2\/pmm\/axe-deformation-microstructures\/","og_locale":"fr_FR","og_type":"article","og_title":"Axe D\u00e9formation &amp; Microstructures - Laboratoire Georges Friedel","og_description":"[vc_row][vc_column][vc_column_text]L\u2019\u00e9volution des microstructures polycristallines au cours des proc\u00e9d\u00e9s de d\u00e9formation (laminage, forgeage, etc.) est complexe et a un impact important sur leurs propri\u00e9t\u00e9s m\u00e9caniques finales du mat\u00e9riau. L\u2019optimisation des microstructures requiert une meilleure compr\u00e9hension des m\u00e9canismes physiques mis en \u0153uvre lors des diff\u00e9rentes \u00e9tapes. Nous d\u00e9veloppons et exploitons \u00e0 la fois des m\u00e9thodes exp\u00e9rimentales, de&hellip;","og_url":"https:\/\/www.mines-stetienne.fr\/lgf\/equipes-2\/pmm\/axe-deformation-microstructures\/","og_site_name":"Laboratoire Georges Friedel","article_modified_time":"2022-09-07T12:24:15+00:00","og_image":[{"url":"https:\/\/www.mines-stetienne.fr\/lgf\/wp-content\/uploads\/sites\/6\/2022\/03\/pmm_03.png","type":"","width":"","height":""}],"twitter_card":"summary_large_image","twitter_misc":{"Dur\u00e9e de lecture estim\u00e9e":"2 minutes"},"schema":{"@context":"https:\/\/schema.org","@graph":[{"@type":"WebPage","@id":"https:\/\/www.mines-stetienne.fr\/lgf\/equipes-2\/pmm\/axe-deformation-microstructures\/","url":"https:\/\/www.mines-stetienne.fr\/lgf\/equipes-2\/pmm\/axe-deformation-microstructures\/","name":"Axe D\u00e9formation &amp; Microstructures - Laboratoire Georges Friedel","isPartOf":{"@id":"https:\/\/www.mines-stetienne.fr\/lgf\/#website"},"primaryImageOfPage":{"@id":"https:\/\/www.mines-stetienne.fr\/lgf\/equipes-2\/pmm\/axe-deformation-microstructures\/#primaryimage"},"image":{"@id":"https:\/\/www.mines-stetienne.fr\/lgf\/equipes-2\/pmm\/axe-deformation-microstructures\/#primaryimage"},"thumbnailUrl":"https:\/\/www.mines-stetienne.fr\/lgf\/wp-content\/uploads\/sites\/6\/2022\/03\/pmm_03.png","datePublished":"2022-03-04T16:25:47+00:00","dateModified":"2022-09-07T12:24:15+00:00","breadcrumb":{"@id":"https:\/\/www.mines-stetienne.fr\/lgf\/equipes-2\/pmm\/axe-deformation-microstructures\/#breadcrumb"},"inLanguage":"fr-FR","potentialAction":[{"@type":"ReadAction","target":["https:\/\/www.mines-stetienne.fr\/lgf\/equipes-2\/pmm\/axe-deformation-microstructures\/"]}]},{"@type":"ImageObject","inLanguage":"fr-FR","@id":"https:\/\/www.mines-stetienne.fr\/lgf\/equipes-2\/pmm\/axe-deformation-microstructures\/#primaryimage","url":"https:\/\/www.mines-stetienne.fr\/lgf\/wp-content\/uploads\/sites\/6\/2022\/03\/pmm_03.png","contentUrl":"https:\/\/www.mines-stetienne.fr\/lgf\/wp-content\/uploads\/sites\/6\/2022\/03\/pmm_03.png","width":980,"height":177,"caption":"D\u00e9veloppement des microtextures en compression plane, exp\u00e9rience et simulation"},{"@type":"BreadcrumbList","@id":"https:\/\/www.mines-stetienne.fr\/lgf\/equipes-2\/pmm\/axe-deformation-microstructures\/#breadcrumb","itemListElement":[{"@type":"ListItem","position":1,"name":"\u00c9quipes","item":"https:\/\/www.mines-stetienne.fr\/lgf\/equipes-2\/"},{"@type":"ListItem","position":2,"name":"PMM","item":"https:\/\/www.mines-stetienne.fr\/lgf\/equipes-2\/pmm\/"},{"@type":"ListItem","position":3,"name":"Axe D\u00e9formation &amp; Microstructures"}]},{"@type":"WebSite","@id":"https:\/\/www.mines-stetienne.fr\/lgf\/#website","url":"https:\/\/www.mines-stetienne.fr\/lgf\/","name":"Laboratoire Georges Friedel","description":"","publisher":{"@id":"https:\/\/www.mines-stetienne.fr\/lgf\/#organization"},"potentialAction":[{"@type":"SearchAction","target":{"@type":"EntryPoint","urlTemplate":"https:\/\/www.mines-stetienne.fr\/lgf\/?s={search_term_string}"},"query-input":{"@type":"PropertyValueSpecification","valueRequired":true,"valueName":"search_term_string"}}],"inLanguage":"fr-FR"},{"@type":"Organization","@id":"https:\/\/www.mines-stetienne.fr\/lgf\/#organization","name":"Laboratoire Georges Friedel","url":"https:\/\/www.mines-stetienne.fr\/lgf\/","logo":{"@type":"ImageObject","inLanguage":"fr-FR","@id":"https:\/\/www.mines-stetienne.fr\/lgf\/#\/schema\/logo\/image\/","url":"https:\/\/www.mines-stetienne.fr\/lgf\/wp-content\/uploads\/sites\/6\/2024\/07\/EMSE_LGF_CNRS_logo.png","contentUrl":"https:\/\/www.mines-stetienne.fr\/lgf\/wp-content\/uploads\/sites\/6\/2024\/07\/EMSE_LGF_CNRS_logo.png","width":1930,"height":440,"caption":"Laboratoire Georges Friedel"},"image":{"@id":"https:\/\/www.mines-stetienne.fr\/lgf\/#\/schema\/logo\/image\/"}}]}},"_links":{"self":[{"href":"https:\/\/www.mines-stetienne.fr\/lgf\/wp-json\/wp\/v2\/pages\/4958","targetHints":{"allow":["GET"]}}],"collection":[{"href":"https:\/\/www.mines-stetienne.fr\/lgf\/wp-json\/wp\/v2\/pages"}],"about":[{"href":"https:\/\/www.mines-stetienne.fr\/lgf\/wp-json\/wp\/v2\/types\/page"}],"author":[{"embeddable":true,"href":"https:\/\/www.mines-stetienne.fr\/lgf\/wp-json\/wp\/v2\/users\/2"}],"replies":[{"embeddable":true,"href":"https:\/\/www.mines-stetienne.fr\/lgf\/wp-json\/wp\/v2\/comments?post=4958"}],"version-history":[{"count":1,"href":"https:\/\/www.mines-stetienne.fr\/lgf\/wp-json\/wp\/v2\/pages\/4958\/revisions"}],"predecessor-version":[{"id":6023,"href":"https:\/\/www.mines-stetienne.fr\/lgf\/wp-json\/wp\/v2\/pages\/4958\/revisions\/6023"}],"up":[{"embeddable":true,"href":"https:\/\/www.mines-stetienne.fr\/lgf\/wp-json\/wp\/v2\/pages\/4962"}],"wp:attachment":[{"href":"https:\/\/www.mines-stetienne.fr\/lgf\/wp-json\/wp\/v2\/media?parent=4958"}],"wp:term":[{"taxonomy":"post_tag","embeddable":true,"href":"https:\/\/www.mines-stetienne.fr\/lgf\/wp-json\/wp\/v2\/tags?post=4958"}],"curies":[{"name":"wp","href":"https:\/\/api.w.org\/{rel}","templated":true}]}}