{"id":4938,"date":"2022-03-04T16:58:38","date_gmt":"2022-03-04T15:58:38","guid":{"rendered":"https:\/\/mindev.mines-stetienne.fr\/lgf\/?page_id=4938"},"modified":"2022-03-04T16:58:38","modified_gmt":"2022-03-04T15:58:38","slug":"chimie-des-surfaces-et-des-interfaces","status":"publish","type":"page","link":"https:\/\/www.mines-stetienne.fr\/lgf\/equipes-2\/surf\/chimie-des-surfaces-et-des-interfaces\/","title":{"rendered":"Chimie des surfaces et des interfaces"},"content":{"rendered":"\n<p>Nous d\u00e9veloppons des <strong>m\u00e9thodologies d\u2019analyse chimique des surfaces et des interfaces <\/strong>dans les mat\u00e9riaux par XPS, Auger et MET. Ces m\u00e9thodologies sont mises au service des \u00e9tudes de <strong>corrosion, s\u00e9gr\u00e9gation, r\u00e9activit\u00e9 et fonctionnalisation de surface<\/strong>.<\/p>\n\n\n\n<h2 class=\"wp-block-heading\">Moyens<\/h2>\n\n\n\n<ul class=\"wp-block-list\"><li>Spectrom\u00e8tre Auger \/ XPS r\u00e9solu en angle, \u00e9quip\u00e9 de fractureurs in-situ et d\u2019une platine chauffante,<\/li><li>Microscopie en transmission.<\/li><\/ul>\n\n\n\n<figure class=\"wp-block-image size-full\"><img loading=\"lazy\" decoding=\"async\" width=\"980\" height=\"452\" src=\"https:\/\/www.mines-stetienne.fr\/lgf\/wp-content\/uploads\/sites\/6\/2022\/03\/surf_10.png\" alt=\"\" class=\"wp-image-5130\" srcset=\"https:\/\/www.mines-stetienne.fr\/lgf\/wp-content\/uploads\/sites\/6\/2022\/03\/surf_10.png 980w, https:\/\/www.mines-stetienne.fr\/lgf\/wp-content\/uploads\/sites\/6\/2022\/03\/surf_10-300x138.png 300w, https:\/\/www.mines-stetienne.fr\/lgf\/wp-content\/uploads\/sites\/6\/2022\/03\/surf_10-768x354.png 768w\" sizes=\"auto, (max-width: 980px) 100vw, 980px\" \/><figcaption>Analyse Auger de la s\u00e9gr\u00e9gation sur joints rompus (collab. GPM \/ Univ. Rouen)<\/figcaption><\/figure>\n\n\n\n<h2 class=\"wp-block-heading\">Th\u00e8ses<\/h2>\n\n\n\n<p><em>Etude quantitative par STEM-EDX de l\u2019effet de la microstructure martensitique ou bainitique sur le vieillissement par s\u00e9gr\u00e9gation interfaciale d\u2019un acier faiblement alli\u00e9.<\/em> Chih-Ying Vivienne Hsu, 2018-2021. Collab. EDF.<\/p>\n\n\n\n<p><em>Synth\u00e8se et propri\u00e9t\u00e9s physiques de couches de graph\u00e8ne \u00e9labor\u00e9es par ablation laser puls\u00e9. Caract\u00e9risations sur Grand Instrument.<\/em> Yannick Bleu, 2018-2021. Collab. LaHC \/ Labex Manutech.<\/p>\n\n\n\n<div class=\"wp-block-image\"><figure class=\"aligncenter size-large is-resized\"><img loading=\"lazy\" decoding=\"async\" src=\"https:\/\/www.mines-stetienne.fr\/lgf\/wp-content\/uploads\/sites\/6\/2022\/03\/surf_11-921x1024.png\" alt=\"\" class=\"wp-image-5131\" width=\"461\" height=\"512\" srcset=\"https:\/\/www.mines-stetienne.fr\/lgf\/wp-content\/uploads\/sites\/6\/2022\/03\/surf_11-921x1024.png 921w, https:\/\/www.mines-stetienne.fr\/lgf\/wp-content\/uploads\/sites\/6\/2022\/03\/surf_11-270x300.png 270w, https:\/\/www.mines-stetienne.fr\/lgf\/wp-content\/uploads\/sites\/6\/2022\/03\/surf_11-768x854.png 768w, https:\/\/www.mines-stetienne.fr\/lgf\/wp-content\/uploads\/sites\/6\/2022\/03\/surf_11.png 980w\" sizes=\"auto, (max-width: 461px) 100vw, 461px\" \/><figcaption>Mise en \u00e9vidence du soufre sur les l\u00e8vres d\u2019une fissure de soudage dans un alliage de nickel. Observation par FIB-STEM-EDX (th\u00e8se Rapetti, collab. EDF)<\/figcaption><\/figure><\/div>\n\n\n\n<h2 class=\"wp-block-heading\">Partenaires acad\u00e9miques et industriels<\/h2>\n\n\n\n<p>LaHC\/Univ. Jean Monnet, Labex Manutech, GPM\/Univ. Rouen, IMN\/Univ. Nantes, NTNU, EDF Lab, Framatome.<\/p>\n\n\n\n<h2 class=\"wp-block-heading\">Contact<\/h2>\n\n\n\n<p><strong>Fr\u00e9d\u00e9ric&nbsp;Christien<br><\/strong><a href=\"m&#97;&#x69;&#x6c;&#x74;o&#58;&#x66;&#x72;&#x65;d&#101;&#x72;&#x69;&#x63;&#46;&#99;&#x68;&#x72;&#x69;s&#116;&#x69;&#x65;&#x6e;&#64;&#109;&#x69;&#x6e;&#x65;s&#45;&#x73;&#x74;&#x65;t&#105;&#x65;&#x6e;&#x6e;e&#46;&#x66;&#x72;\">&#x66;&#114;&#x65;&#x64;&#101;&#x72;&#105;c&#x2e;&#99;h&#x72;&#105;s&#x74;&#105;e&#x6e;&#64;&#x6d;&#x69;&#110;&#x65;&#x73;&#45;&#x73;&#116;e&#x74;&#105;e&#x6e;&#110;e&#x2e;&#102;r<br><\/a>+33 4 77 42 00 18<\/p>\n","protected":false},"excerpt":{"rendered":"<p>Nous d\u00e9veloppons des m\u00e9thodologies d\u2019analyse chimique des surfaces et des interfaces dans les mat\u00e9riaux par XPS, Auger et MET. Ces m\u00e9thodologies sont mises au service des \u00e9tudes de corrosion, s\u00e9gr\u00e9gation, r\u00e9activit\u00e9 et fonctionnalisation de surface. Moyens Spectrom\u00e8tre Auger \/ XPS r\u00e9solu en angle, \u00e9quip\u00e9 de fractureurs in-situ et d\u2019une platine chauffante, Microscopie en transmission. Th\u00e8ses&hellip;<\/p>\n","protected":false},"author":2,"featured_media":0,"parent":4898,"menu_order":50,"comment_status":"closed","ping_status":"closed","template":"","meta":{"_relevanssi_hide_post":"","_relevanssi_hide_content":"","_relevanssi_pin_for_all":"","_relevanssi_pin_keywords":"","_relevanssi_unpin_keywords":"","_relevanssi_related_keywords":"","_relevanssi_related_include_ids":"","_relevanssi_related_exclude_ids":"","_relevanssi_related_no_append":"","_relevanssi_related_not_related":"","_relevanssi_related_posts":"1,388,389,387","_relevanssi_noindex_reason":"","footnotes":""},"tags":[],"class_list":["post-4938","page","type-page","status-publish","hentry","entry","no-media"],"pp_statuses_selecting_workflow":false,"pp_workflow_action":"current","pp_status_selection":"publish","pp_force_visibility":null,"pp_subpost_visibility":null,"pp_inherited_force_visibility":null,"pp_inherited_subpost_visibility":null,"yoast_head":"<!-- This site is optimized with the Yoast SEO plugin v27.5 - https:\/\/yoast.com\/product\/yoast-seo-wordpress\/ -->\n<title>Chimie des surfaces et des interfaces - Laboratoire Georges Friedel<\/title>\n<meta name=\"robots\" content=\"index, follow, max-snippet:-1, max-image-preview:large, max-video-preview:-1\" \/>\n<link rel=\"canonical\" href=\"https:\/\/www.mines-stetienne.fr\/lgf\/equipes-2\/surf\/chimie-des-surfaces-et-des-interfaces\/\" \/>\n<meta property=\"og:locale\" content=\"fr_FR\" \/>\n<meta property=\"og:type\" content=\"article\" \/>\n<meta property=\"og:title\" content=\"Chimie des surfaces et des interfaces - Laboratoire Georges Friedel\" \/>\n<meta property=\"og:description\" content=\"Nous d\u00e9veloppons des m\u00e9thodologies d\u2019analyse chimique des surfaces et des interfaces dans les mat\u00e9riaux par XPS, Auger et MET. Ces m\u00e9thodologies sont mises au service des \u00e9tudes de corrosion, s\u00e9gr\u00e9gation, r\u00e9activit\u00e9 et fonctionnalisation de surface. Moyens Spectrom\u00e8tre Auger \/ XPS r\u00e9solu en angle, \u00e9quip\u00e9 de fractureurs in-situ et d\u2019une platine chauffante, Microscopie en transmission. Th\u00e8ses&hellip;\" \/>\n<meta property=\"og:url\" content=\"https:\/\/www.mines-stetienne.fr\/lgf\/equipes-2\/surf\/chimie-des-surfaces-et-des-interfaces\/\" \/>\n<meta property=\"og:site_name\" content=\"Laboratoire Georges Friedel\" \/>\n<meta property=\"og:image\" content=\"https:\/\/www.mines-stetienne.fr\/lgf\/wp-content\/uploads\/sites\/6\/2022\/03\/surf_10.png\" \/>\n<meta name=\"twitter:card\" content=\"summary_large_image\" \/>\n<meta name=\"twitter:label1\" content=\"Dur\u00e9e de lecture estim\u00e9e\" \/>\n\t<meta name=\"twitter:data1\" content=\"2 minutes\" \/>\n<script type=\"application\/ld+json\" class=\"yoast-schema-graph\">{\"@context\":\"https:\\\/\\\/schema.org\",\"@graph\":[{\"@type\":\"WebPage\",\"@id\":\"https:\\\/\\\/www.mines-stetienne.fr\\\/lgf\\\/equipes-2\\\/surf\\\/chimie-des-surfaces-et-des-interfaces\\\/\",\"url\":\"https:\\\/\\\/www.mines-stetienne.fr\\\/lgf\\\/equipes-2\\\/surf\\\/chimie-des-surfaces-et-des-interfaces\\\/\",\"name\":\"Chimie des surfaces et des interfaces - Laboratoire Georges Friedel\",\"isPartOf\":{\"@id\":\"https:\\\/\\\/www.mines-stetienne.fr\\\/lgf\\\/#website\"},\"primaryImageOfPage\":{\"@id\":\"https:\\\/\\\/www.mines-stetienne.fr\\\/lgf\\\/equipes-2\\\/surf\\\/chimie-des-surfaces-et-des-interfaces\\\/#primaryimage\"},\"image\":{\"@id\":\"https:\\\/\\\/www.mines-stetienne.fr\\\/lgf\\\/equipes-2\\\/surf\\\/chimie-des-surfaces-et-des-interfaces\\\/#primaryimage\"},\"thumbnailUrl\":\"https:\\\/\\\/www.mines-stetienne.fr\\\/lgf\\\/wp-content\\\/uploads\\\/sites\\\/6\\\/2022\\\/03\\\/surf_10.png\",\"datePublished\":\"2022-03-04T15:58:38+00:00\",\"breadcrumb\":{\"@id\":\"https:\\\/\\\/www.mines-stetienne.fr\\\/lgf\\\/equipes-2\\\/surf\\\/chimie-des-surfaces-et-des-interfaces\\\/#breadcrumb\"},\"inLanguage\":\"fr-FR\",\"potentialAction\":[{\"@type\":\"ReadAction\",\"target\":[\"https:\\\/\\\/www.mines-stetienne.fr\\\/lgf\\\/equipes-2\\\/surf\\\/chimie-des-surfaces-et-des-interfaces\\\/\"]}]},{\"@type\":\"ImageObject\",\"inLanguage\":\"fr-FR\",\"@id\":\"https:\\\/\\\/www.mines-stetienne.fr\\\/lgf\\\/equipes-2\\\/surf\\\/chimie-des-surfaces-et-des-interfaces\\\/#primaryimage\",\"url\":\"https:\\\/\\\/www.mines-stetienne.fr\\\/lgf\\\/wp-content\\\/uploads\\\/sites\\\/6\\\/2022\\\/03\\\/surf_10.png\",\"contentUrl\":\"https:\\\/\\\/www.mines-stetienne.fr\\\/lgf\\\/wp-content\\\/uploads\\\/sites\\\/6\\\/2022\\\/03\\\/surf_10.png\",\"width\":980,\"height\":452,\"caption\":\"Analyse Auger de la s\u00e9gr\u00e9gation sur joints rompus (collab. GPM \\\/ Univ. Rouen)\"},{\"@type\":\"BreadcrumbList\",\"@id\":\"https:\\\/\\\/www.mines-stetienne.fr\\\/lgf\\\/equipes-2\\\/surf\\\/chimie-des-surfaces-et-des-interfaces\\\/#breadcrumb\",\"itemListElement\":[{\"@type\":\"ListItem\",\"position\":1,\"name\":\"\u00c9quipes\",\"item\":\"https:\\\/\\\/www.mines-stetienne.fr\\\/lgf\\\/equipes-2\\\/\"},{\"@type\":\"ListItem\",\"position\":2,\"name\":\"SURF\",\"item\":\"https:\\\/\\\/www.mines-stetienne.fr\\\/lgf\\\/equipes-2\\\/surf\\\/\"},{\"@type\":\"ListItem\",\"position\":3,\"name\":\"Chimie des surfaces et des interfaces\"}]},{\"@type\":\"WebSite\",\"@id\":\"https:\\\/\\\/www.mines-stetienne.fr\\\/lgf\\\/#website\",\"url\":\"https:\\\/\\\/www.mines-stetienne.fr\\\/lgf\\\/\",\"name\":\"Laboratoire Georges Friedel\",\"description\":\"\",\"publisher\":{\"@id\":\"https:\\\/\\\/www.mines-stetienne.fr\\\/lgf\\\/#organization\"},\"potentialAction\":[{\"@type\":\"SearchAction\",\"target\":{\"@type\":\"EntryPoint\",\"urlTemplate\":\"https:\\\/\\\/www.mines-stetienne.fr\\\/lgf\\\/?s={search_term_string}\"},\"query-input\":{\"@type\":\"PropertyValueSpecification\",\"valueRequired\":true,\"valueName\":\"search_term_string\"}}],\"inLanguage\":\"fr-FR\"},{\"@type\":\"Organization\",\"@id\":\"https:\\\/\\\/www.mines-stetienne.fr\\\/lgf\\\/#organization\",\"name\":\"Laboratoire Georges Friedel\",\"url\":\"https:\\\/\\\/www.mines-stetienne.fr\\\/lgf\\\/\",\"logo\":{\"@type\":\"ImageObject\",\"inLanguage\":\"fr-FR\",\"@id\":\"https:\\\/\\\/www.mines-stetienne.fr\\\/lgf\\\/#\\\/schema\\\/logo\\\/image\\\/\",\"url\":\"https:\\\/\\\/www.mines-stetienne.fr\\\/lgf\\\/wp-content\\\/uploads\\\/sites\\\/6\\\/2024\\\/07\\\/EMSE_LGF_CNRS_logo.png\",\"contentUrl\":\"https:\\\/\\\/www.mines-stetienne.fr\\\/lgf\\\/wp-content\\\/uploads\\\/sites\\\/6\\\/2024\\\/07\\\/EMSE_LGF_CNRS_logo.png\",\"width\":1930,\"height\":440,\"caption\":\"Laboratoire Georges Friedel\"},\"image\":{\"@id\":\"https:\\\/\\\/www.mines-stetienne.fr\\\/lgf\\\/#\\\/schema\\\/logo\\\/image\\\/\"}}]}<\/script>\n<!-- \/ Yoast SEO plugin. -->","yoast_head_json":{"title":"Chimie des surfaces et des interfaces - Laboratoire Georges Friedel","robots":{"index":"index","follow":"follow","max-snippet":"max-snippet:-1","max-image-preview":"max-image-preview:large","max-video-preview":"max-video-preview:-1"},"canonical":"https:\/\/www.mines-stetienne.fr\/lgf\/equipes-2\/surf\/chimie-des-surfaces-et-des-interfaces\/","og_locale":"fr_FR","og_type":"article","og_title":"Chimie des surfaces et des interfaces - Laboratoire Georges Friedel","og_description":"Nous d\u00e9veloppons des m\u00e9thodologies d\u2019analyse chimique des surfaces et des interfaces dans les mat\u00e9riaux par XPS, Auger et MET. Ces m\u00e9thodologies sont mises au service des \u00e9tudes de corrosion, s\u00e9gr\u00e9gation, r\u00e9activit\u00e9 et fonctionnalisation de surface. Moyens Spectrom\u00e8tre Auger \/ XPS r\u00e9solu en angle, \u00e9quip\u00e9 de fractureurs in-situ et d\u2019une platine chauffante, Microscopie en transmission. Th\u00e8ses&hellip;","og_url":"https:\/\/www.mines-stetienne.fr\/lgf\/equipes-2\/surf\/chimie-des-surfaces-et-des-interfaces\/","og_site_name":"Laboratoire Georges Friedel","og_image":[{"url":"https:\/\/www.mines-stetienne.fr\/lgf\/wp-content\/uploads\/sites\/6\/2022\/03\/surf_10.png","type":"","width":"","height":""}],"twitter_card":"summary_large_image","twitter_misc":{"Dur\u00e9e de lecture estim\u00e9e":"2 minutes"},"schema":{"@context":"https:\/\/schema.org","@graph":[{"@type":"WebPage","@id":"https:\/\/www.mines-stetienne.fr\/lgf\/equipes-2\/surf\/chimie-des-surfaces-et-des-interfaces\/","url":"https:\/\/www.mines-stetienne.fr\/lgf\/equipes-2\/surf\/chimie-des-surfaces-et-des-interfaces\/","name":"Chimie des surfaces et des interfaces - Laboratoire Georges Friedel","isPartOf":{"@id":"https:\/\/www.mines-stetienne.fr\/lgf\/#website"},"primaryImageOfPage":{"@id":"https:\/\/www.mines-stetienne.fr\/lgf\/equipes-2\/surf\/chimie-des-surfaces-et-des-interfaces\/#primaryimage"},"image":{"@id":"https:\/\/www.mines-stetienne.fr\/lgf\/equipes-2\/surf\/chimie-des-surfaces-et-des-interfaces\/#primaryimage"},"thumbnailUrl":"https:\/\/www.mines-stetienne.fr\/lgf\/wp-content\/uploads\/sites\/6\/2022\/03\/surf_10.png","datePublished":"2022-03-04T15:58:38+00:00","breadcrumb":{"@id":"https:\/\/www.mines-stetienne.fr\/lgf\/equipes-2\/surf\/chimie-des-surfaces-et-des-interfaces\/#breadcrumb"},"inLanguage":"fr-FR","potentialAction":[{"@type":"ReadAction","target":["https:\/\/www.mines-stetienne.fr\/lgf\/equipes-2\/surf\/chimie-des-surfaces-et-des-interfaces\/"]}]},{"@type":"ImageObject","inLanguage":"fr-FR","@id":"https:\/\/www.mines-stetienne.fr\/lgf\/equipes-2\/surf\/chimie-des-surfaces-et-des-interfaces\/#primaryimage","url":"https:\/\/www.mines-stetienne.fr\/lgf\/wp-content\/uploads\/sites\/6\/2022\/03\/surf_10.png","contentUrl":"https:\/\/www.mines-stetienne.fr\/lgf\/wp-content\/uploads\/sites\/6\/2022\/03\/surf_10.png","width":980,"height":452,"caption":"Analyse Auger de la s\u00e9gr\u00e9gation sur joints rompus (collab. GPM \/ Univ. Rouen)"},{"@type":"BreadcrumbList","@id":"https:\/\/www.mines-stetienne.fr\/lgf\/equipes-2\/surf\/chimie-des-surfaces-et-des-interfaces\/#breadcrumb","itemListElement":[{"@type":"ListItem","position":1,"name":"\u00c9quipes","item":"https:\/\/www.mines-stetienne.fr\/lgf\/equipes-2\/"},{"@type":"ListItem","position":2,"name":"SURF","item":"https:\/\/www.mines-stetienne.fr\/lgf\/equipes-2\/surf\/"},{"@type":"ListItem","position":3,"name":"Chimie des surfaces et des interfaces"}]},{"@type":"WebSite","@id":"https:\/\/www.mines-stetienne.fr\/lgf\/#website","url":"https:\/\/www.mines-stetienne.fr\/lgf\/","name":"Laboratoire Georges Friedel","description":"","publisher":{"@id":"https:\/\/www.mines-stetienne.fr\/lgf\/#organization"},"potentialAction":[{"@type":"SearchAction","target":{"@type":"EntryPoint","urlTemplate":"https:\/\/www.mines-stetienne.fr\/lgf\/?s={search_term_string}"},"query-input":{"@type":"PropertyValueSpecification","valueRequired":true,"valueName":"search_term_string"}}],"inLanguage":"fr-FR"},{"@type":"Organization","@id":"https:\/\/www.mines-stetienne.fr\/lgf\/#organization","name":"Laboratoire Georges Friedel","url":"https:\/\/www.mines-stetienne.fr\/lgf\/","logo":{"@type":"ImageObject","inLanguage":"fr-FR","@id":"https:\/\/www.mines-stetienne.fr\/lgf\/#\/schema\/logo\/image\/","url":"https:\/\/www.mines-stetienne.fr\/lgf\/wp-content\/uploads\/sites\/6\/2024\/07\/EMSE_LGF_CNRS_logo.png","contentUrl":"https:\/\/www.mines-stetienne.fr\/lgf\/wp-content\/uploads\/sites\/6\/2024\/07\/EMSE_LGF_CNRS_logo.png","width":1930,"height":440,"caption":"Laboratoire Georges Friedel"},"image":{"@id":"https:\/\/www.mines-stetienne.fr\/lgf\/#\/schema\/logo\/image\/"}}]}},"_links":{"self":[{"href":"https:\/\/www.mines-stetienne.fr\/lgf\/wp-json\/wp\/v2\/pages\/4938","targetHints":{"allow":["GET"]}}],"collection":[{"href":"https:\/\/www.mines-stetienne.fr\/lgf\/wp-json\/wp\/v2\/pages"}],"about":[{"href":"https:\/\/www.mines-stetienne.fr\/lgf\/wp-json\/wp\/v2\/types\/page"}],"author":[{"embeddable":true,"href":"https:\/\/www.mines-stetienne.fr\/lgf\/wp-json\/wp\/v2\/users\/2"}],"replies":[{"embeddable":true,"href":"https:\/\/www.mines-stetienne.fr\/lgf\/wp-json\/wp\/v2\/comments?post=4938"}],"version-history":[{"count":0,"href":"https:\/\/www.mines-stetienne.fr\/lgf\/wp-json\/wp\/v2\/pages\/4938\/revisions"}],"up":[{"embeddable":true,"href":"https:\/\/www.mines-stetienne.fr\/lgf\/wp-json\/wp\/v2\/pages\/4898"}],"wp:attachment":[{"href":"https:\/\/www.mines-stetienne.fr\/lgf\/wp-json\/wp\/v2\/media?parent=4938"}],"wp:term":[{"taxonomy":"post_tag","embeddable":true,"href":"https:\/\/www.mines-stetienne.fr\/lgf\/wp-json\/wp\/v2\/tags?post=4938"}],"curies":[{"name":"wp","href":"https:\/\/api.w.org\/{rel}","templated":true}]}}