{"id":4919,"date":"2022-03-04T16:41:24","date_gmt":"2022-03-04T15:41:24","guid":{"rendered":"https:\/\/mindev.mines-stetienne.fr\/lgf\/?page_id=4919"},"modified":"2022-03-04T16:41:24","modified_gmt":"2022-03-04T15:41:24","slug":"materiaux-design-et-industries-creatives","status":"publish","type":"page","link":"https:\/\/www.mines-stetienne.fr\/lgf\/equipes-2\/surf\/materiaux-design-et-industries-creatives\/","title":{"rendered":"Mat\u00e9riaux, design et industries cr\u00e9atives"},"content":{"rendered":"\n<p>Dans cette th\u00e9matique, nous \u00e9tudions les mat\u00e9riaux de mani\u00e8re pluridisciplinaire, en tant que leviers des valeurs (per\u00e7ues) des produits manufactur\u00e9s et plus g\u00e9n\u00e9ralement l\u2019exp\u00e9rience utilisateur. Ainsi, les mat\u00e9riaux sont \u00e9tudi\u00e9s dans leurs interactions avec l\u2019Humain et son syst\u00e8me perceptif selon deux axes scientifiques&nbsp;:<\/p>\n\n\n\n<ul class=\"wp-block-list\"><li>L\u2019axe \u00ab Mat\u00e9riaux Augment\u00e9s \u00bb se concentre sur les mat\u00e9riaux susceptibles d\u2019augmenter l\u2019exp\u00e9rience utilisateur tels que les mat\u00e9riaux composites fonctionnels et les mat\u00e9riaux \u00e0 effets visuels avec un focus sur la caract\u00e9risation et la mod\u00e9lisation des comportements.<\/li><li>L\u2019axe \u00ab&nbsp;Perception des mat\u00e9riaux&nbsp;\u00bb se concentre sur le d\u00e9veloppement de m\u00e9thodes d\u2019\u00e9valuation des valeurs des mat\u00e9riaux, avec un focus sur la valeur per\u00e7ue des mat\u00e9riaux de seconde vie afin d\u2019identifier des leviers d\u2019adoption.<\/li><\/ul>\n\n\n\n<div class=\"wp-block-image\"><figure class=\"aligncenter size-full is-resized\"><img loading=\"lazy\" decoding=\"async\" src=\"https:\/\/www.mines-stetienne.fr\/lgf\/wp-content\/uploads\/sites\/6\/2022\/03\/surf_05.png\" alt=\"\" class=\"wp-image-5125\" width=\"490\" height=\"352\" srcset=\"https:\/\/www.mines-stetienne.fr\/lgf\/wp-content\/uploads\/sites\/6\/2022\/03\/surf_05.png 980w, https:\/\/www.mines-stetienne.fr\/lgf\/wp-content\/uploads\/sites\/6\/2022\/03\/surf_05-300x216.png 300w, https:\/\/www.mines-stetienne.fr\/lgf\/wp-content\/uploads\/sites\/6\/2022\/03\/surf_05-768x552.png 768w\" sizes=\"auto, (max-width: 490px) 100vw, 490px\" \/><figcaption>Surfaces \u00e0 effets color\u00e9s : Elaboration d\u2019anneaux en titane anodis\u00e9 marbr\u00e9<\/figcaption><\/figure><\/div>\n\n\n\n<h2 class=\"wp-block-heading\">Moyens<\/h2>\n\n\n\n<ul class=\"wp-block-list\"><li>Outils de caract\u00e9risation des propri\u00e9t\u00e9s optiques des surfaces dans le Visible et le proche IR,<\/li><li>M\u00e9thodes d\u2019\u00e9valuation sensorielle des mat\u00e9riaux (en particulier visuelle, tactile et visio-tactile),<\/li><li>Approche de recherche pluridisciplinaire&nbsp;incluant une recherche par le design<\/li><\/ul>\n\n\n\n<div class=\"wp-block-image\"><figure class=\"aligncenter size-full is-resized\"><img loading=\"lazy\" decoding=\"async\" src=\"https:\/\/www.mines-stetienne.fr\/lgf\/wp-content\/uploads\/sites\/6\/2022\/03\/surf_06.png\" alt=\"\" class=\"wp-image-5126\" width=\"490\" height=\"433\" srcset=\"https:\/\/www.mines-stetienne.fr\/lgf\/wp-content\/uploads\/sites\/6\/2022\/03\/surf_06.png 980w, https:\/\/www.mines-stetienne.fr\/lgf\/wp-content\/uploads\/sites\/6\/2022\/03\/surf_06-300x265.png 300w, https:\/\/www.mines-stetienne.fr\/lgf\/wp-content\/uploads\/sites\/6\/2022\/03\/surf_06-768x679.png 768w\" sizes=\"auto, (max-width: 490px) 100vw, 490px\" \/><figcaption>Surfaces \u00e0 effets color\u00e9s : Caract\u00e9risation et mod\u00e9lisation de surfaces nano-textur\u00e9es<\/figcaption><\/figure><\/div>\n\n\n\n<h2 class=\"wp-block-heading\">Th\u00e8ses<\/h2>\n\n\n\n<p><em>Composites thermoactifs pour le contr\u00f4le thermique passif.<\/em> Cindy P\u00e9ralle, 2017-2020.<\/p>\n\n\n\n<p><em>Strat\u00e9gies territoriales de pr\u00e9servation de la valeur par le design&nbsp;: La valorisation des objets en question.<\/em> Baptiste Menu, 2017-2020.<\/p>\n\n\n\n<p><em>D\u00e9veloppement de nouveaux mat\u00e9riaux au rendu visuel particulier pour des applications en design industriel . <\/em>Quentin Cridling , 2018.<\/p>\n\n\n\n<p><em>Sensations et perceptions visuelles et tactiles.<\/em> Jessica Dacleu Ndengue, 2017.<\/p>\n\n\n\n<h2 class=\"wp-block-heading\">Partenaires acad\u00e9miques et industriels<\/h2>\n\n\n\n<p>Politecnico (Milan), Hexadrone, Manutech USD, Institut d\u2019Optique Graduate School, Laboratoire Icube (Strasbourg), Laboratoire Femto-ST (ENSMM-Besan\u00e7on), LaMCoS (INSA-Lyon), La Sapienza (Rome), Laboratoire C2P2 (CPE Lyon), ICCF (Clermont-Ferrand)<\/p>\n\n\n\n<h2 class=\"wp-block-heading\">Contact<\/h2>\n\n\n\n<p><strong>Jenny Faucheu<\/strong><strong><br><\/strong><a href=\"m&#97;&#x69;&#x6c;t&#111;&#58;&#x6a;&#x65;n&#110;&#121;&#x2e;&#x66;a&#117;&#x63;&#x68;&#x65;u&#64;&#x6d;&#x69;n&#101;&#115;&#x2d;&#x73;t&#101;&#116;&#x69;&#x65;n&#110;&#x65;&#x2e;&#x66;r\">&#x6a;&#x65;&#110;&#110;y&#x2e;&#x66;&#x61;&#117;ch&#x65;&#x75;&#64;&#109;i&#x6e;&#x65;&#x73;&#45;st&#x65;&#x74;&#105;&#101;n&#x6e;&#x65;&#x2e;&#102;r<br><\/a>+33 4&nbsp;77&nbsp;49&nbsp;97&nbsp;68<\/p>\n\n\n\n<div class=\"wp-block-image\"><figure class=\"aligncenter size-full is-resized\"><img loading=\"lazy\" decoding=\"async\" src=\"https:\/\/www.mines-stetienne.fr\/lgf\/wp-content\/uploads\/sites\/6\/2022\/03\/surf_07.png\" alt=\"\" class=\"wp-image-5127\" width=\"398\" height=\"442\" srcset=\"https:\/\/www.mines-stetienne.fr\/lgf\/wp-content\/uploads\/sites\/6\/2022\/03\/surf_07.png 796w, https:\/\/www.mines-stetienne.fr\/lgf\/wp-content\/uploads\/sites\/6\/2022\/03\/surf_07-270x300.png 270w, https:\/\/www.mines-stetienne.fr\/lgf\/wp-content\/uploads\/sites\/6\/2022\/03\/surf_07-768x853.png 768w\" sizes=\"auto, (max-width: 398px) 100vw, 398px\" \/><figcaption>Valorisation de rebuts de production industrielle : Cristal par fusion micro-onde<\/figcaption><\/figure><\/div>\n","protected":false},"excerpt":{"rendered":"<p>Dans cette th\u00e9matique, nous \u00e9tudions les mat\u00e9riaux de mani\u00e8re pluridisciplinaire, en tant que leviers des valeurs (per\u00e7ues) des produits manufactur\u00e9s et plus g\u00e9n\u00e9ralement l\u2019exp\u00e9rience utilisateur. Ainsi, les mat\u00e9riaux sont \u00e9tudi\u00e9s dans leurs interactions avec l\u2019Humain et son syst\u00e8me perceptif selon deux axes scientifiques&nbsp;: L\u2019axe \u00ab Mat\u00e9riaux Augment\u00e9s \u00bb se concentre sur les mat\u00e9riaux susceptibles d\u2019augmenter&hellip;<\/p>\n","protected":false},"author":2,"featured_media":0,"parent":4898,"menu_order":30,"comment_status":"closed","ping_status":"closed","template":"","meta":{"_relevanssi_hide_post":"","_relevanssi_hide_content":"","_relevanssi_pin_for_all":"","_relevanssi_pin_keywords":"","_relevanssi_unpin_keywords":"","_relevanssi_related_keywords":"","_relevanssi_related_include_ids":"","_relevanssi_related_exclude_ids":"","_relevanssi_related_no_append":"","_relevanssi_related_not_related":"","_relevanssi_related_posts":"387,388,389,1","_relevanssi_noindex_reason":"","footnotes":""},"tags":[],"class_list":["post-4919","page","type-page","status-publish","hentry","entry","no-media"],"pp_statuses_selecting_workflow":false,"pp_workflow_action":"current","pp_status_selection":"publish","pp_force_visibility":null,"pp_subpost_visibility":null,"pp_inherited_force_visibility":null,"pp_inherited_subpost_visibility":null,"yoast_head":"<!-- This site is optimized with the Yoast SEO plugin v27.5 - https:\/\/yoast.com\/product\/yoast-seo-wordpress\/ -->\n<title>Mat\u00e9riaux, design et industries cr\u00e9atives - Laboratoire Georges Friedel<\/title>\n<meta name=\"robots\" content=\"index, follow, max-snippet:-1, max-image-preview:large, max-video-preview:-1\" \/>\n<link rel=\"canonical\" href=\"https:\/\/www.mines-stetienne.fr\/lgf\/equipes-2\/surf\/materiaux-design-et-industries-creatives\/\" \/>\n<meta property=\"og:locale\" content=\"fr_FR\" \/>\n<meta property=\"og:type\" content=\"article\" \/>\n<meta property=\"og:title\" content=\"Mat\u00e9riaux, design et industries cr\u00e9atives - Laboratoire Georges Friedel\" \/>\n<meta property=\"og:description\" content=\"Dans cette th\u00e9matique, nous \u00e9tudions les mat\u00e9riaux de mani\u00e8re pluridisciplinaire, en tant que leviers des valeurs (per\u00e7ues) des produits manufactur\u00e9s et plus g\u00e9n\u00e9ralement l\u2019exp\u00e9rience utilisateur. Ainsi, les mat\u00e9riaux sont \u00e9tudi\u00e9s dans leurs interactions avec l\u2019Humain et son syst\u00e8me perceptif selon deux axes scientifiques&nbsp;: L\u2019axe \u00ab Mat\u00e9riaux Augment\u00e9s \u00bb se concentre sur les mat\u00e9riaux susceptibles d\u2019augmenter&hellip;\" \/>\n<meta property=\"og:url\" content=\"https:\/\/www.mines-stetienne.fr\/lgf\/equipes-2\/surf\/materiaux-design-et-industries-creatives\/\" \/>\n<meta property=\"og:site_name\" content=\"Laboratoire Georges Friedel\" \/>\n<meta property=\"og:image\" content=\"https:\/\/www.mines-stetienne.fr\/lgf\/wp-content\/uploads\/sites\/6\/2022\/03\/surf_05.png\" \/>\n<meta name=\"twitter:card\" content=\"summary_large_image\" \/>\n<meta name=\"twitter:label1\" content=\"Dur\u00e9e de lecture estim\u00e9e\" \/>\n\t<meta name=\"twitter:data1\" content=\"2 minutes\" \/>\n<script type=\"application\/ld+json\" class=\"yoast-schema-graph\">{\"@context\":\"https:\\\/\\\/schema.org\",\"@graph\":[{\"@type\":\"WebPage\",\"@id\":\"https:\\\/\\\/www.mines-stetienne.fr\\\/lgf\\\/equipes-2\\\/surf\\\/materiaux-design-et-industries-creatives\\\/\",\"url\":\"https:\\\/\\\/www.mines-stetienne.fr\\\/lgf\\\/equipes-2\\\/surf\\\/materiaux-design-et-industries-creatives\\\/\",\"name\":\"Mat\u00e9riaux, design et industries cr\u00e9atives - Laboratoire Georges Friedel\",\"isPartOf\":{\"@id\":\"https:\\\/\\\/www.mines-stetienne.fr\\\/lgf\\\/#website\"},\"primaryImageOfPage\":{\"@id\":\"https:\\\/\\\/www.mines-stetienne.fr\\\/lgf\\\/equipes-2\\\/surf\\\/materiaux-design-et-industries-creatives\\\/#primaryimage\"},\"image\":{\"@id\":\"https:\\\/\\\/www.mines-stetienne.fr\\\/lgf\\\/equipes-2\\\/surf\\\/materiaux-design-et-industries-creatives\\\/#primaryimage\"},\"thumbnailUrl\":\"https:\\\/\\\/www.mines-stetienne.fr\\\/lgf\\\/wp-content\\\/uploads\\\/sites\\\/6\\\/2022\\\/03\\\/surf_05.png\",\"datePublished\":\"2022-03-04T15:41:24+00:00\",\"breadcrumb\":{\"@id\":\"https:\\\/\\\/www.mines-stetienne.fr\\\/lgf\\\/equipes-2\\\/surf\\\/materiaux-design-et-industries-creatives\\\/#breadcrumb\"},\"inLanguage\":\"fr-FR\",\"potentialAction\":[{\"@type\":\"ReadAction\",\"target\":[\"https:\\\/\\\/www.mines-stetienne.fr\\\/lgf\\\/equipes-2\\\/surf\\\/materiaux-design-et-industries-creatives\\\/\"]}]},{\"@type\":\"ImageObject\",\"inLanguage\":\"fr-FR\",\"@id\":\"https:\\\/\\\/www.mines-stetienne.fr\\\/lgf\\\/equipes-2\\\/surf\\\/materiaux-design-et-industries-creatives\\\/#primaryimage\",\"url\":\"https:\\\/\\\/www.mines-stetienne.fr\\\/lgf\\\/wp-content\\\/uploads\\\/sites\\\/6\\\/2022\\\/03\\\/surf_05.png\",\"contentUrl\":\"https:\\\/\\\/www.mines-stetienne.fr\\\/lgf\\\/wp-content\\\/uploads\\\/sites\\\/6\\\/2022\\\/03\\\/surf_05.png\",\"width\":980,\"height\":704,\"caption\":\"Surfaces \u00e0 effets color\u00e9s : Elaboration d\u2019anneaux en titane anodis\u00e9 marbr\u00e9\"},{\"@type\":\"BreadcrumbList\",\"@id\":\"https:\\\/\\\/www.mines-stetienne.fr\\\/lgf\\\/equipes-2\\\/surf\\\/materiaux-design-et-industries-creatives\\\/#breadcrumb\",\"itemListElement\":[{\"@type\":\"ListItem\",\"position\":1,\"name\":\"\u00c9quipes\",\"item\":\"https:\\\/\\\/www.mines-stetienne.fr\\\/lgf\\\/equipes-2\\\/\"},{\"@type\":\"ListItem\",\"position\":2,\"name\":\"SURF\",\"item\":\"https:\\\/\\\/www.mines-stetienne.fr\\\/lgf\\\/equipes-2\\\/surf\\\/\"},{\"@type\":\"ListItem\",\"position\":3,\"name\":\"Mat\u00e9riaux, design et industries cr\u00e9atives\"}]},{\"@type\":\"WebSite\",\"@id\":\"https:\\\/\\\/www.mines-stetienne.fr\\\/lgf\\\/#website\",\"url\":\"https:\\\/\\\/www.mines-stetienne.fr\\\/lgf\\\/\",\"name\":\"Laboratoire Georges Friedel\",\"description\":\"\",\"publisher\":{\"@id\":\"https:\\\/\\\/www.mines-stetienne.fr\\\/lgf\\\/#organization\"},\"potentialAction\":[{\"@type\":\"SearchAction\",\"target\":{\"@type\":\"EntryPoint\",\"urlTemplate\":\"https:\\\/\\\/www.mines-stetienne.fr\\\/lgf\\\/?s={search_term_string}\"},\"query-input\":{\"@type\":\"PropertyValueSpecification\",\"valueRequired\":true,\"valueName\":\"search_term_string\"}}],\"inLanguage\":\"fr-FR\"},{\"@type\":\"Organization\",\"@id\":\"https:\\\/\\\/www.mines-stetienne.fr\\\/lgf\\\/#organization\",\"name\":\"Laboratoire Georges Friedel\",\"url\":\"https:\\\/\\\/www.mines-stetienne.fr\\\/lgf\\\/\",\"logo\":{\"@type\":\"ImageObject\",\"inLanguage\":\"fr-FR\",\"@id\":\"https:\\\/\\\/www.mines-stetienne.fr\\\/lgf\\\/#\\\/schema\\\/logo\\\/image\\\/\",\"url\":\"https:\\\/\\\/www.mines-stetienne.fr\\\/lgf\\\/wp-content\\\/uploads\\\/sites\\\/6\\\/2024\\\/07\\\/EMSE_LGF_CNRS_logo.png\",\"contentUrl\":\"https:\\\/\\\/www.mines-stetienne.fr\\\/lgf\\\/wp-content\\\/uploads\\\/sites\\\/6\\\/2024\\\/07\\\/EMSE_LGF_CNRS_logo.png\",\"width\":1930,\"height\":440,\"caption\":\"Laboratoire Georges Friedel\"},\"image\":{\"@id\":\"https:\\\/\\\/www.mines-stetienne.fr\\\/lgf\\\/#\\\/schema\\\/logo\\\/image\\\/\"}}]}<\/script>\n<!-- \/ Yoast SEO plugin. -->","yoast_head_json":{"title":"Mat\u00e9riaux, design et industries cr\u00e9atives - Laboratoire Georges Friedel","robots":{"index":"index","follow":"follow","max-snippet":"max-snippet:-1","max-image-preview":"max-image-preview:large","max-video-preview":"max-video-preview:-1"},"canonical":"https:\/\/www.mines-stetienne.fr\/lgf\/equipes-2\/surf\/materiaux-design-et-industries-creatives\/","og_locale":"fr_FR","og_type":"article","og_title":"Mat\u00e9riaux, design et industries cr\u00e9atives - Laboratoire Georges Friedel","og_description":"Dans cette th\u00e9matique, nous \u00e9tudions les mat\u00e9riaux de mani\u00e8re pluridisciplinaire, en tant que leviers des valeurs (per\u00e7ues) des produits manufactur\u00e9s et plus g\u00e9n\u00e9ralement l\u2019exp\u00e9rience utilisateur. Ainsi, les mat\u00e9riaux sont \u00e9tudi\u00e9s dans leurs interactions avec l\u2019Humain et son syst\u00e8me perceptif selon deux axes scientifiques&nbsp;: L\u2019axe \u00ab Mat\u00e9riaux Augment\u00e9s \u00bb se concentre sur les mat\u00e9riaux susceptibles d\u2019augmenter&hellip;","og_url":"https:\/\/www.mines-stetienne.fr\/lgf\/equipes-2\/surf\/materiaux-design-et-industries-creatives\/","og_site_name":"Laboratoire Georges Friedel","og_image":[{"url":"https:\/\/www.mines-stetienne.fr\/lgf\/wp-content\/uploads\/sites\/6\/2022\/03\/surf_05.png","type":"","width":"","height":""}],"twitter_card":"summary_large_image","twitter_misc":{"Dur\u00e9e de lecture estim\u00e9e":"2 minutes"},"schema":{"@context":"https:\/\/schema.org","@graph":[{"@type":"WebPage","@id":"https:\/\/www.mines-stetienne.fr\/lgf\/equipes-2\/surf\/materiaux-design-et-industries-creatives\/","url":"https:\/\/www.mines-stetienne.fr\/lgf\/equipes-2\/surf\/materiaux-design-et-industries-creatives\/","name":"Mat\u00e9riaux, design et industries cr\u00e9atives - Laboratoire Georges Friedel","isPartOf":{"@id":"https:\/\/www.mines-stetienne.fr\/lgf\/#website"},"primaryImageOfPage":{"@id":"https:\/\/www.mines-stetienne.fr\/lgf\/equipes-2\/surf\/materiaux-design-et-industries-creatives\/#primaryimage"},"image":{"@id":"https:\/\/www.mines-stetienne.fr\/lgf\/equipes-2\/surf\/materiaux-design-et-industries-creatives\/#primaryimage"},"thumbnailUrl":"https:\/\/www.mines-stetienne.fr\/lgf\/wp-content\/uploads\/sites\/6\/2022\/03\/surf_05.png","datePublished":"2022-03-04T15:41:24+00:00","breadcrumb":{"@id":"https:\/\/www.mines-stetienne.fr\/lgf\/equipes-2\/surf\/materiaux-design-et-industries-creatives\/#breadcrumb"},"inLanguage":"fr-FR","potentialAction":[{"@type":"ReadAction","target":["https:\/\/www.mines-stetienne.fr\/lgf\/equipes-2\/surf\/materiaux-design-et-industries-creatives\/"]}]},{"@type":"ImageObject","inLanguage":"fr-FR","@id":"https:\/\/www.mines-stetienne.fr\/lgf\/equipes-2\/surf\/materiaux-design-et-industries-creatives\/#primaryimage","url":"https:\/\/www.mines-stetienne.fr\/lgf\/wp-content\/uploads\/sites\/6\/2022\/03\/surf_05.png","contentUrl":"https:\/\/www.mines-stetienne.fr\/lgf\/wp-content\/uploads\/sites\/6\/2022\/03\/surf_05.png","width":980,"height":704,"caption":"Surfaces \u00e0 effets color\u00e9s : Elaboration d\u2019anneaux en titane anodis\u00e9 marbr\u00e9"},{"@type":"BreadcrumbList","@id":"https:\/\/www.mines-stetienne.fr\/lgf\/equipes-2\/surf\/materiaux-design-et-industries-creatives\/#breadcrumb","itemListElement":[{"@type":"ListItem","position":1,"name":"\u00c9quipes","item":"https:\/\/www.mines-stetienne.fr\/lgf\/equipes-2\/"},{"@type":"ListItem","position":2,"name":"SURF","item":"https:\/\/www.mines-stetienne.fr\/lgf\/equipes-2\/surf\/"},{"@type":"ListItem","position":3,"name":"Mat\u00e9riaux, design et industries cr\u00e9atives"}]},{"@type":"WebSite","@id":"https:\/\/www.mines-stetienne.fr\/lgf\/#website","url":"https:\/\/www.mines-stetienne.fr\/lgf\/","name":"Laboratoire Georges Friedel","description":"","publisher":{"@id":"https:\/\/www.mines-stetienne.fr\/lgf\/#organization"},"potentialAction":[{"@type":"SearchAction","target":{"@type":"EntryPoint","urlTemplate":"https:\/\/www.mines-stetienne.fr\/lgf\/?s={search_term_string}"},"query-input":{"@type":"PropertyValueSpecification","valueRequired":true,"valueName":"search_term_string"}}],"inLanguage":"fr-FR"},{"@type":"Organization","@id":"https:\/\/www.mines-stetienne.fr\/lgf\/#organization","name":"Laboratoire Georges Friedel","url":"https:\/\/www.mines-stetienne.fr\/lgf\/","logo":{"@type":"ImageObject","inLanguage":"fr-FR","@id":"https:\/\/www.mines-stetienne.fr\/lgf\/#\/schema\/logo\/image\/","url":"https:\/\/www.mines-stetienne.fr\/lgf\/wp-content\/uploads\/sites\/6\/2024\/07\/EMSE_LGF_CNRS_logo.png","contentUrl":"https:\/\/www.mines-stetienne.fr\/lgf\/wp-content\/uploads\/sites\/6\/2024\/07\/EMSE_LGF_CNRS_logo.png","width":1930,"height":440,"caption":"Laboratoire Georges Friedel"},"image":{"@id":"https:\/\/www.mines-stetienne.fr\/lgf\/#\/schema\/logo\/image\/"}}]}},"_links":{"self":[{"href":"https:\/\/www.mines-stetienne.fr\/lgf\/wp-json\/wp\/v2\/pages\/4919","targetHints":{"allow":["GET"]}}],"collection":[{"href":"https:\/\/www.mines-stetienne.fr\/lgf\/wp-json\/wp\/v2\/pages"}],"about":[{"href":"https:\/\/www.mines-stetienne.fr\/lgf\/wp-json\/wp\/v2\/types\/page"}],"author":[{"embeddable":true,"href":"https:\/\/www.mines-stetienne.fr\/lgf\/wp-json\/wp\/v2\/users\/2"}],"replies":[{"embeddable":true,"href":"https:\/\/www.mines-stetienne.fr\/lgf\/wp-json\/wp\/v2\/comments?post=4919"}],"version-history":[{"count":0,"href":"https:\/\/www.mines-stetienne.fr\/lgf\/wp-json\/wp\/v2\/pages\/4919\/revisions"}],"up":[{"embeddable":true,"href":"https:\/\/www.mines-stetienne.fr\/lgf\/wp-json\/wp\/v2\/pages\/4898"}],"wp:attachment":[{"href":"https:\/\/www.mines-stetienne.fr\/lgf\/wp-json\/wp\/v2\/media?parent=4919"}],"wp:term":[{"taxonomy":"post_tag","embeddable":true,"href":"https:\/\/www.mines-stetienne.fr\/lgf\/wp-json\/wp\/v2\/tags?post=4919"}],"curies":[{"name":"wp","href":"https:\/\/api.w.org\/{rel}","templated":true}]}}