{"id":4914,"date":"2022-03-04T16:35:01","date_gmt":"2022-03-04T15:35:01","guid":{"rendered":"https:\/\/mindev.mines-stetienne.fr\/lgf\/?page_id=4914"},"modified":"2022-03-04T16:35:01","modified_gmt":"2022-03-04T15:35:01","slug":"reactivite-des-solides-divises-et-corrosion-haute-temperature","status":"publish","type":"page","link":"https:\/\/www.mines-stetienne.fr\/lgf\/equipes-2\/surf\/reactivite-des-solides-divises-et-corrosion-haute-temperature\/","title":{"rendered":"R\u00e9activit\u00e9 des solides divis\u00e9s et corrosion haute temp\u00e9rature"},"content":{"rendered":"\n<p>Nous \u00e9tudions<strong> les transformations chimiques des solides <\/strong>sous l\u2019effet de la chaleur dans un environnement donn\u00e9, g\u00e9n\u00e9ralement gazeux. Ces transformations sont d\u2019un int\u00e9r\u00eat majeur dans de nombreux domaines industriels tels que les proc\u00e9d\u00e9s de fabrication additive, la chimie, l\u2019industrie de l\u2019\u00e9nergie nucl\u00e9aire, la m\u00e9tallurgie, la cimenterie, la production mini\u00e8re, l\u2019a\u00e9ronautique, l\u2019industrie automobile, le captage et le stockage de gaz et d\u2019\u00e9nergie, etc., ce qui engendre des enjeux environnementaux et \u00e9conomiques capitaux.<\/p>\n\n\n\n<p>Les solides peuvent \u00eatre des mat\u00e9riaux massifs ou des solides divis\u00e9s, et les transformations chimiques sont des d\u00e9compositions thermiques, des r\u00e9actions de corrosion \u00e0 haute temp\u00e9rature (oxydation, nitruration), ou des r\u00e9actions solide-gaz de type hydrofluoration, carbonatation, sulfuration, \u2026 Dans tous les cas, notre objectif est la <strong>compr\u00e9hension des m\u00e9canismes \u00e9l\u00e9mentaires et la mod\u00e9lisation cin\u00e9tique pr\u00e9dictive de la r\u00e9action<\/strong>.<\/p>\n\n\n\n<ul class=\"wp-block-list\"><li>Pour les solides massifs, cette approche fournit des pistes d\u2019am\u00e9lioration relatives \u00e0 la composition, aux proc\u00e9d\u00e9s d\u2019\u00e9laboration ou aux conditions d\u2019usage des mat\u00e9riaux.<\/li><li>Pour les solides divis\u00e9s, c\u2019est un ingr\u00e9dient pour le design, la mise en \u0153uvre et la ma\u00eetrise de r\u00e9acteurs et de proc\u00e9d\u00e9s industriels, via des <strong>jumeaux num\u00e9riques<\/strong>.<\/li><\/ul>\n\n\n\n<div class=\"wp-block-image\"><figure class=\"aligncenter size-full is-resized\"><img loading=\"lazy\" decoding=\"async\" src=\"https:\/\/www.mines-stetienne.fr\/lgf\/wp-content\/uploads\/sites\/6\/2022\/03\/surf_03.png\" alt=\"\" class=\"wp-image-5123\" width=\"735\" height=\"493\" srcset=\"https:\/\/www.mines-stetienne.fr\/lgf\/wp-content\/uploads\/sites\/6\/2022\/03\/surf_03.png 980w, https:\/\/www.mines-stetienne.fr\/lgf\/wp-content\/uploads\/sites\/6\/2022\/03\/surf_03-300x201.png 300w, https:\/\/www.mines-stetienne.fr\/lgf\/wp-content\/uploads\/sites\/6\/2022\/03\/surf_03-768x515.png 768w\" sizes=\"auto, (max-width: 735px) 100vw, 735px\" \/><figcaption>Observation de la germination-croissance interne isotrope lors de la d\u00e9composition du sulfate de calcium dihydrat\u00e9 (gypse) en sulfate de calcium hemihydrat\u00e9 (th\u00e8se Joao Preturlan)<\/figcaption><\/figure><\/div>\n\n\n\n<h2 class=\"wp-block-heading\">Moyens<\/h2>\n\n\n\n<ul class=\"wp-block-list\"><li>Analyse thermique et calorim\u00e9trie (plateau ESMAT)&nbsp;: ATG, ATD, DSC, calorim\u00e9trie, thermodesorption<\/li><li>Caract\u00e9risations par adsorption de gaz, porosim\u00e9trie Hg, MEB-EDX, MET, IRTF, Raman, Auger\/XPS, diffraction et tomographie X,<\/li><li>Mod\u00e9lisation en cin\u00e9tique h\u00e9t\u00e9rog\u00e8ne<\/li><li>Simulation par couplage multi-\u00e9chelle<\/li><\/ul>\n\n\n\n<div class=\"wp-block-image\"><figure class=\"aligncenter size-full is-resized\"><img loading=\"lazy\" decoding=\"async\" src=\"https:\/\/www.mines-stetienne.fr\/lgf\/wp-content\/uploads\/sites\/6\/2022\/03\/surf_04.png\" alt=\"\" class=\"wp-image-5124\" width=\"612\" height=\"458\" srcset=\"https:\/\/www.mines-stetienne.fr\/lgf\/wp-content\/uploads\/sites\/6\/2022\/03\/surf_04.png 816w, https:\/\/www.mines-stetienne.fr\/lgf\/wp-content\/uploads\/sites\/6\/2022\/03\/surf_04-300x224.png 300w, https:\/\/www.mines-stetienne.fr\/lgf\/wp-content\/uploads\/sites\/6\/2022\/03\/surf_04-768x574.png 768w\" sizes=\"auto, (max-width: 612px) 100vw, 612px\" \/><figcaption>Observation en coupe d\u2019une poudre d\u2019alliage TA6V partiellement oxyd\u00e9e (th\u00e8se Mohamad Siblani)<\/figcaption><\/figure><\/div>\n\n\n\n<h2 class=\"wp-block-heading\">Th\u00e8se<\/h2>\n\n\n\n<p><em>M\u00e9canisme et cin\u00e9tique de la r\u00e9action entre le sodium liquide et le combustible nucl\u00e9aire des futurs r\u00e9acteurs \u00e0 neutrons rapides,<\/em> Concettina Andrello, 2020, coll. CEA Cadarache, JRC Karlsruhe<\/p>\n\n\n\n<p><em>Oxydation Zr sous vapeur d&#8217;eau<\/em>, Roland Zino, 2021, coll. Framatome, EDF, CEA<\/p>\n\n\n\n<p><em>\u00c9tude et mod\u00e9lisation ph\u00e9nom\u00e9nologique de la conversion de l\u2019oxalate d\u2019uranium en oxyde<\/em>, L\u00e9na\u00efc Desfoug\u00e8res, 2021, coll. CEA Marcoule, ICSM<\/p>\n\n\n\n<p><em>Mod\u00e9lisation thermo-cin\u00e9tique de l\u2019oxydation \u00e0 haute temp\u00e9rature d\u2019une poudre de TA6V<\/em>, Mohamad Mahdi Siblani, 2022, coll. Polytech Montreal<\/p>\n\n\n\n<p><em>R\u00f4le de l\u2019irradiation sur la cin\u00e9tique de la r\u00e9action entre le sodium et le combustible MOX<\/em>, Tristan Bossert, 2020-2023, coll. CEA Cadarache, JRC Karlsruhe<\/p>\n\n\n\n<p><em>Comportement de nouveaux alliages d\u2019aluminium pour la fabrication additive<\/em>, Maxence Buttard, 2020-2023, coll. SIMAP, Constellium<\/p>\n\n\n\n<p><em>D\u00e9veloppement d&#8217;aimants permanents hautes performances NdFeB par Powder Injection Moulding<\/em>, Thomas Bioud, 2021-2024, coll. CEA Grenoble<\/p>\n\n\n\n<p><em>Etude de la cin\u00e9tique et des m\u00e9canismes de suroxydation des oxydes mixtes (U,Pu)O<sub>2<\/sub> \u2013 impact sur leur comportement \u00e0 la dissolution<\/em>, Priscilla Berenguer-Besnard, 2021-2024, coll. CEA Marcoule<\/p>\n\n\n\n<h2 class=\"wp-block-heading\">Partenaires acad\u00e9miques et industriels<\/h2>\n\n\n\n<p>Univ. Hiroshima, Polytech Montreal, CEA, JRC Karlsruhe, CETHIL\/INSA Lyon, SIMAP\/Univ. Grenoble Alpes, UMET Univ. Lille, UCCS\/ENS Chimie Lille, Orano, Framatome, Constellium, Eramet, Saint-Gobain<\/p>\n\n\n\n<h2 class=\"wp-block-heading\">Contact<\/h2>\n\n\n\n<p><strong>Lo\u00efc Favergeon<br><\/strong><a href=\"m&#97;&#x69;&#x6c;t&#111;&#58;&#x6c;&#x6f;i&#99;&#46;&#x66;&#x61;v&#101;&#x72;&#x67;&#x65;o&#110;&#x40;&#x6d;i&#110;&#101;&#x73;&#x2d;s&#116;&#101;&#x74;&#x69;e&#110;&#x6e;&#x65;&#x2e;f&#114;\">&#x6c;&#111;i&#x63;&#x2e;&#102;a&#x76;&#x65;&#114;g&#x65;&#x6f;&#110;&#64;&#x6d;&#x69;&#110;e&#x73;&#45;&#115;t&#x65;&#116;i&#x65;&#x6e;&#110;e&#x2e;&#x66;&#114;<\/a><br>+33 4 77 42 02 93<\/p>\n","protected":false},"excerpt":{"rendered":"<p>Nous \u00e9tudions les transformations chimiques des solides sous l\u2019effet de la chaleur dans un environnement donn\u00e9, g\u00e9n\u00e9ralement gazeux. Ces transformations sont d\u2019un int\u00e9r\u00eat majeur dans de nombreux domaines industriels tels que les proc\u00e9d\u00e9s de fabrication additive, la chimie, l\u2019industrie de l\u2019\u00e9nergie nucl\u00e9aire, la m\u00e9tallurgie, la cimenterie, la production mini\u00e8re, l\u2019a\u00e9ronautique, l\u2019industrie automobile, le captage et&hellip;<\/p>\n","protected":false},"author":2,"featured_media":0,"parent":4898,"menu_order":20,"comment_status":"closed","ping_status":"closed","template":"","meta":{"_relevanssi_hide_post":"","_relevanssi_hide_content":"","_relevanssi_pin_for_all":"","_relevanssi_pin_keywords":"","_relevanssi_unpin_keywords":"","_relevanssi_related_keywords":"","_relevanssi_related_include_ids":"","_relevanssi_related_exclude_ids":"","_relevanssi_related_no_append":"","_relevanssi_related_not_related":"","_relevanssi_related_posts":"389,388,1,387","_relevanssi_noindex_reason":"","footnotes":""},"tags":[],"class_list":["post-4914","page","type-page","status-publish","hentry","entry","no-media"],"pp_statuses_selecting_workflow":false,"pp_workflow_action":"current","pp_status_selection":"publish","pp_force_visibility":null,"pp_subpost_visibility":null,"pp_inherited_force_visibility":null,"pp_inherited_subpost_visibility":null,"yoast_head":"<!-- This site is optimized with the Yoast SEO plugin v27.5 - https:\/\/yoast.com\/product\/yoast-seo-wordpress\/ -->\n<title>R\u00e9activit\u00e9 des solides divis\u00e9s et corrosion haute temp\u00e9rature - Laboratoire Georges Friedel<\/title>\n<meta name=\"robots\" content=\"index, follow, max-snippet:-1, max-image-preview:large, max-video-preview:-1\" \/>\n<link rel=\"canonical\" href=\"https:\/\/www.mines-stetienne.fr\/lgf\/equipes-2\/surf\/reactivite-des-solides-divises-et-corrosion-haute-temperature\/\" \/>\n<meta property=\"og:locale\" content=\"fr_FR\" \/>\n<meta property=\"og:type\" content=\"article\" \/>\n<meta property=\"og:title\" content=\"R\u00e9activit\u00e9 des solides divis\u00e9s et corrosion haute temp\u00e9rature - Laboratoire Georges Friedel\" \/>\n<meta property=\"og:description\" content=\"Nous \u00e9tudions les transformations chimiques des solides sous l\u2019effet de la chaleur dans un environnement donn\u00e9, g\u00e9n\u00e9ralement gazeux. Ces transformations sont d\u2019un int\u00e9r\u00eat majeur dans de nombreux domaines industriels tels que les proc\u00e9d\u00e9s de fabrication additive, la chimie, l\u2019industrie de l\u2019\u00e9nergie nucl\u00e9aire, la m\u00e9tallurgie, la cimenterie, la production mini\u00e8re, l\u2019a\u00e9ronautique, l\u2019industrie automobile, le captage et&hellip;\" \/>\n<meta property=\"og:url\" content=\"https:\/\/www.mines-stetienne.fr\/lgf\/equipes-2\/surf\/reactivite-des-solides-divises-et-corrosion-haute-temperature\/\" \/>\n<meta property=\"og:site_name\" content=\"Laboratoire Georges Friedel\" \/>\n<meta property=\"og:image\" content=\"https:\/\/www.mines-stetienne.fr\/lgf\/wp-content\/uploads\/sites\/6\/2022\/03\/surf_03.png\" \/>\n<meta name=\"twitter:card\" content=\"summary_large_image\" \/>\n<meta name=\"twitter:label1\" content=\"Dur\u00e9e de lecture estim\u00e9e\" \/>\n\t<meta name=\"twitter:data1\" content=\"3 minutes\" \/>\n<script type=\"application\/ld+json\" class=\"yoast-schema-graph\">{\"@context\":\"https:\\\/\\\/schema.org\",\"@graph\":[{\"@type\":\"WebPage\",\"@id\":\"https:\\\/\\\/www.mines-stetienne.fr\\\/lgf\\\/equipes-2\\\/surf\\\/reactivite-des-solides-divises-et-corrosion-haute-temperature\\\/\",\"url\":\"https:\\\/\\\/www.mines-stetienne.fr\\\/lgf\\\/equipes-2\\\/surf\\\/reactivite-des-solides-divises-et-corrosion-haute-temperature\\\/\",\"name\":\"R\u00e9activit\u00e9 des solides divis\u00e9s et corrosion haute temp\u00e9rature - Laboratoire Georges Friedel\",\"isPartOf\":{\"@id\":\"https:\\\/\\\/www.mines-stetienne.fr\\\/lgf\\\/#website\"},\"primaryImageOfPage\":{\"@id\":\"https:\\\/\\\/www.mines-stetienne.fr\\\/lgf\\\/equipes-2\\\/surf\\\/reactivite-des-solides-divises-et-corrosion-haute-temperature\\\/#primaryimage\"},\"image\":{\"@id\":\"https:\\\/\\\/www.mines-stetienne.fr\\\/lgf\\\/equipes-2\\\/surf\\\/reactivite-des-solides-divises-et-corrosion-haute-temperature\\\/#primaryimage\"},\"thumbnailUrl\":\"https:\\\/\\\/www.mines-stetienne.fr\\\/lgf\\\/wp-content\\\/uploads\\\/sites\\\/6\\\/2022\\\/03\\\/surf_03.png\",\"datePublished\":\"2022-03-04T15:35:01+00:00\",\"breadcrumb\":{\"@id\":\"https:\\\/\\\/www.mines-stetienne.fr\\\/lgf\\\/equipes-2\\\/surf\\\/reactivite-des-solides-divises-et-corrosion-haute-temperature\\\/#breadcrumb\"},\"inLanguage\":\"fr-FR\",\"potentialAction\":[{\"@type\":\"ReadAction\",\"target\":[\"https:\\\/\\\/www.mines-stetienne.fr\\\/lgf\\\/equipes-2\\\/surf\\\/reactivite-des-solides-divises-et-corrosion-haute-temperature\\\/\"]}]},{\"@type\":\"ImageObject\",\"inLanguage\":\"fr-FR\",\"@id\":\"https:\\\/\\\/www.mines-stetienne.fr\\\/lgf\\\/equipes-2\\\/surf\\\/reactivite-des-solides-divises-et-corrosion-haute-temperature\\\/#primaryimage\",\"url\":\"https:\\\/\\\/www.mines-stetienne.fr\\\/lgf\\\/wp-content\\\/uploads\\\/sites\\\/6\\\/2022\\\/03\\\/surf_03.png\",\"contentUrl\":\"https:\\\/\\\/www.mines-stetienne.fr\\\/lgf\\\/wp-content\\\/uploads\\\/sites\\\/6\\\/2022\\\/03\\\/surf_03.png\",\"width\":980,\"height\":657,\"caption\":\"Observation de la germination-croissance interne isotrope lors de la d\u00e9composition du sulfate de calcium dihydrat\u00e9 (gypse) en sulfate de calcium hemihydrat\u00e9 (th\u00e8se Joao Preturlan)\"},{\"@type\":\"BreadcrumbList\",\"@id\":\"https:\\\/\\\/www.mines-stetienne.fr\\\/lgf\\\/equipes-2\\\/surf\\\/reactivite-des-solides-divises-et-corrosion-haute-temperature\\\/#breadcrumb\",\"itemListElement\":[{\"@type\":\"ListItem\",\"position\":1,\"name\":\"\u00c9quipes\",\"item\":\"https:\\\/\\\/www.mines-stetienne.fr\\\/lgf\\\/equipes-2\\\/\"},{\"@type\":\"ListItem\",\"position\":2,\"name\":\"SURF\",\"item\":\"https:\\\/\\\/www.mines-stetienne.fr\\\/lgf\\\/equipes-2\\\/surf\\\/\"},{\"@type\":\"ListItem\",\"position\":3,\"name\":\"R\u00e9activit\u00e9 des solides divis\u00e9s et corrosion haute temp\u00e9rature\"}]},{\"@type\":\"WebSite\",\"@id\":\"https:\\\/\\\/www.mines-stetienne.fr\\\/lgf\\\/#website\",\"url\":\"https:\\\/\\\/www.mines-stetienne.fr\\\/lgf\\\/\",\"name\":\"Laboratoire Georges Friedel\",\"description\":\"\",\"publisher\":{\"@id\":\"https:\\\/\\\/www.mines-stetienne.fr\\\/lgf\\\/#organization\"},\"potentialAction\":[{\"@type\":\"SearchAction\",\"target\":{\"@type\":\"EntryPoint\",\"urlTemplate\":\"https:\\\/\\\/www.mines-stetienne.fr\\\/lgf\\\/?s={search_term_string}\"},\"query-input\":{\"@type\":\"PropertyValueSpecification\",\"valueRequired\":true,\"valueName\":\"search_term_string\"}}],\"inLanguage\":\"fr-FR\"},{\"@type\":\"Organization\",\"@id\":\"https:\\\/\\\/www.mines-stetienne.fr\\\/lgf\\\/#organization\",\"name\":\"Laboratoire Georges Friedel\",\"url\":\"https:\\\/\\\/www.mines-stetienne.fr\\\/lgf\\\/\",\"logo\":{\"@type\":\"ImageObject\",\"inLanguage\":\"fr-FR\",\"@id\":\"https:\\\/\\\/www.mines-stetienne.fr\\\/lgf\\\/#\\\/schema\\\/logo\\\/image\\\/\",\"url\":\"https:\\\/\\\/www.mines-stetienne.fr\\\/lgf\\\/wp-content\\\/uploads\\\/sites\\\/6\\\/2024\\\/07\\\/EMSE_LGF_CNRS_logo.png\",\"contentUrl\":\"https:\\\/\\\/www.mines-stetienne.fr\\\/lgf\\\/wp-content\\\/uploads\\\/sites\\\/6\\\/2024\\\/07\\\/EMSE_LGF_CNRS_logo.png\",\"width\":1930,\"height\":440,\"caption\":\"Laboratoire Georges Friedel\"},\"image\":{\"@id\":\"https:\\\/\\\/www.mines-stetienne.fr\\\/lgf\\\/#\\\/schema\\\/logo\\\/image\\\/\"}}]}<\/script>\n<!-- \/ Yoast SEO plugin. -->","yoast_head_json":{"title":"R\u00e9activit\u00e9 des solides divis\u00e9s et corrosion haute temp\u00e9rature - Laboratoire Georges Friedel","robots":{"index":"index","follow":"follow","max-snippet":"max-snippet:-1","max-image-preview":"max-image-preview:large","max-video-preview":"max-video-preview:-1"},"canonical":"https:\/\/www.mines-stetienne.fr\/lgf\/equipes-2\/surf\/reactivite-des-solides-divises-et-corrosion-haute-temperature\/","og_locale":"fr_FR","og_type":"article","og_title":"R\u00e9activit\u00e9 des solides divis\u00e9s et corrosion haute temp\u00e9rature - Laboratoire Georges Friedel","og_description":"Nous \u00e9tudions les transformations chimiques des solides sous l\u2019effet de la chaleur dans un environnement donn\u00e9, g\u00e9n\u00e9ralement gazeux. Ces transformations sont d\u2019un int\u00e9r\u00eat majeur dans de nombreux domaines industriels tels que les proc\u00e9d\u00e9s de fabrication additive, la chimie, l\u2019industrie de l\u2019\u00e9nergie nucl\u00e9aire, la m\u00e9tallurgie, la cimenterie, la production mini\u00e8re, l\u2019a\u00e9ronautique, l\u2019industrie automobile, le captage et&hellip;","og_url":"https:\/\/www.mines-stetienne.fr\/lgf\/equipes-2\/surf\/reactivite-des-solides-divises-et-corrosion-haute-temperature\/","og_site_name":"Laboratoire Georges Friedel","og_image":[{"url":"https:\/\/www.mines-stetienne.fr\/lgf\/wp-content\/uploads\/sites\/6\/2022\/03\/surf_03.png","type":"","width":"","height":""}],"twitter_card":"summary_large_image","twitter_misc":{"Dur\u00e9e de lecture estim\u00e9e":"3 minutes"},"schema":{"@context":"https:\/\/schema.org","@graph":[{"@type":"WebPage","@id":"https:\/\/www.mines-stetienne.fr\/lgf\/equipes-2\/surf\/reactivite-des-solides-divises-et-corrosion-haute-temperature\/","url":"https:\/\/www.mines-stetienne.fr\/lgf\/equipes-2\/surf\/reactivite-des-solides-divises-et-corrosion-haute-temperature\/","name":"R\u00e9activit\u00e9 des solides divis\u00e9s et corrosion haute temp\u00e9rature - Laboratoire Georges Friedel","isPartOf":{"@id":"https:\/\/www.mines-stetienne.fr\/lgf\/#website"},"primaryImageOfPage":{"@id":"https:\/\/www.mines-stetienne.fr\/lgf\/equipes-2\/surf\/reactivite-des-solides-divises-et-corrosion-haute-temperature\/#primaryimage"},"image":{"@id":"https:\/\/www.mines-stetienne.fr\/lgf\/equipes-2\/surf\/reactivite-des-solides-divises-et-corrosion-haute-temperature\/#primaryimage"},"thumbnailUrl":"https:\/\/www.mines-stetienne.fr\/lgf\/wp-content\/uploads\/sites\/6\/2022\/03\/surf_03.png","datePublished":"2022-03-04T15:35:01+00:00","breadcrumb":{"@id":"https:\/\/www.mines-stetienne.fr\/lgf\/equipes-2\/surf\/reactivite-des-solides-divises-et-corrosion-haute-temperature\/#breadcrumb"},"inLanguage":"fr-FR","potentialAction":[{"@type":"ReadAction","target":["https:\/\/www.mines-stetienne.fr\/lgf\/equipes-2\/surf\/reactivite-des-solides-divises-et-corrosion-haute-temperature\/"]}]},{"@type":"ImageObject","inLanguage":"fr-FR","@id":"https:\/\/www.mines-stetienne.fr\/lgf\/equipes-2\/surf\/reactivite-des-solides-divises-et-corrosion-haute-temperature\/#primaryimage","url":"https:\/\/www.mines-stetienne.fr\/lgf\/wp-content\/uploads\/sites\/6\/2022\/03\/surf_03.png","contentUrl":"https:\/\/www.mines-stetienne.fr\/lgf\/wp-content\/uploads\/sites\/6\/2022\/03\/surf_03.png","width":980,"height":657,"caption":"Observation de la germination-croissance interne isotrope lors de la d\u00e9composition du sulfate de calcium dihydrat\u00e9 (gypse) en sulfate de calcium hemihydrat\u00e9 (th\u00e8se Joao Preturlan)"},{"@type":"BreadcrumbList","@id":"https:\/\/www.mines-stetienne.fr\/lgf\/equipes-2\/surf\/reactivite-des-solides-divises-et-corrosion-haute-temperature\/#breadcrumb","itemListElement":[{"@type":"ListItem","position":1,"name":"\u00c9quipes","item":"https:\/\/www.mines-stetienne.fr\/lgf\/equipes-2\/"},{"@type":"ListItem","position":2,"name":"SURF","item":"https:\/\/www.mines-stetienne.fr\/lgf\/equipes-2\/surf\/"},{"@type":"ListItem","position":3,"name":"R\u00e9activit\u00e9 des solides divis\u00e9s et corrosion haute temp\u00e9rature"}]},{"@type":"WebSite","@id":"https:\/\/www.mines-stetienne.fr\/lgf\/#website","url":"https:\/\/www.mines-stetienne.fr\/lgf\/","name":"Laboratoire Georges Friedel","description":"","publisher":{"@id":"https:\/\/www.mines-stetienne.fr\/lgf\/#organization"},"potentialAction":[{"@type":"SearchAction","target":{"@type":"EntryPoint","urlTemplate":"https:\/\/www.mines-stetienne.fr\/lgf\/?s={search_term_string}"},"query-input":{"@type":"PropertyValueSpecification","valueRequired":true,"valueName":"search_term_string"}}],"inLanguage":"fr-FR"},{"@type":"Organization","@id":"https:\/\/www.mines-stetienne.fr\/lgf\/#organization","name":"Laboratoire Georges Friedel","url":"https:\/\/www.mines-stetienne.fr\/lgf\/","logo":{"@type":"ImageObject","inLanguage":"fr-FR","@id":"https:\/\/www.mines-stetienne.fr\/lgf\/#\/schema\/logo\/image\/","url":"https:\/\/www.mines-stetienne.fr\/lgf\/wp-content\/uploads\/sites\/6\/2024\/07\/EMSE_LGF_CNRS_logo.png","contentUrl":"https:\/\/www.mines-stetienne.fr\/lgf\/wp-content\/uploads\/sites\/6\/2024\/07\/EMSE_LGF_CNRS_logo.png","width":1930,"height":440,"caption":"Laboratoire Georges Friedel"},"image":{"@id":"https:\/\/www.mines-stetienne.fr\/lgf\/#\/schema\/logo\/image\/"}}]}},"_links":{"self":[{"href":"https:\/\/www.mines-stetienne.fr\/lgf\/wp-json\/wp\/v2\/pages\/4914","targetHints":{"allow":["GET"]}}],"collection":[{"href":"https:\/\/www.mines-stetienne.fr\/lgf\/wp-json\/wp\/v2\/pages"}],"about":[{"href":"https:\/\/www.mines-stetienne.fr\/lgf\/wp-json\/wp\/v2\/types\/page"}],"author":[{"embeddable":true,"href":"https:\/\/www.mines-stetienne.fr\/lgf\/wp-json\/wp\/v2\/users\/2"}],"replies":[{"embeddable":true,"href":"https:\/\/www.mines-stetienne.fr\/lgf\/wp-json\/wp\/v2\/comments?post=4914"}],"version-history":[{"count":0,"href":"https:\/\/www.mines-stetienne.fr\/lgf\/wp-json\/wp\/v2\/pages\/4914\/revisions"}],"up":[{"embeddable":true,"href":"https:\/\/www.mines-stetienne.fr\/lgf\/wp-json\/wp\/v2\/pages\/4898"}],"wp:attachment":[{"href":"https:\/\/www.mines-stetienne.fr\/lgf\/wp-json\/wp\/v2\/media?parent=4914"}],"wp:term":[{"taxonomy":"post_tag","embeddable":true,"href":"https:\/\/www.mines-stetienne.fr\/lgf\/wp-json\/wp\/v2\/tags?post=4914"}],"curies":[{"name":"wp","href":"https:\/\/api.w.org\/{rel}","templated":true}]}}