{"id":4728,"date":"2021-11-20T17:25:12","date_gmt":"2021-11-20T16:25:12","guid":{"rendered":"https:\/\/mindev.mines-stetienne.fr\/lgf\/?page_id=4728"},"modified":"2022-09-07T14:27:56","modified_gmt":"2022-09-07T12:27:56","slug":"plateaux","status":"publish","type":"page","link":"https:\/\/www.mines-stetienne.fr\/lgf\/plateaux\/","title":{"rendered":"Plateaux"},"content":{"rendered":"<div class=\"wpb-content-wrapper\">[vc_row][vc_column][vc_column_text]Les <a href=\"https:\/\/www.mines-stetienne.fr\/lgf\/plateaux\/plateaux-dinstruments\/\"><strong>plateaux d\u2019instruments<\/strong><\/a> correspondent \u00e0 des ensembles de moyens exp\u00e9rimentaux regroup\u00e9s par types de caract\u00e9risation et \u00e0 une offre de service \u00e0 usage interne en support aux activit\u00e9s recherches laboratoire les plus amonts couvrant des TRL de 1 \u00e0 3.[\/vc_column_text][\/vc_column][\/vc_row][vc_row][vc_column css_animation=&#8221;slideInRight&#8221;]<div class=\"vcex-module vcex-post-type-grid-wrap wpex-clr\"><div class=\"wpex-row vcex-post-type-grid entries wpex-clr vcex-isotope-grid wpex-overflow-hidden match-height-grid\"><div class=\"vcex-post-type-entry vcex-grid-item wpex-clr col span_1_of_3 vcex-isotope-entry col-1 entry post-5084 type-page no-media\"><div class=\"vcex-post-type-entry-inner entry-inner wpex-first-mt-0 wpex-last-mb-0 wpex-clr\"><div class=\"vcex-post-type-entry-details entry-details wpex-bordered wpex-first-mt-0 wpex-last-mb-0 wpex-clr\"><div class=\"match-height-content\"><h2 class=\"vcex-post-type-entry-title entry-title wpex-mb-5\"><a href=\"https:\/\/www.mines-stetienne.fr\/lgf\/plateaux\/plateaux-dinstruments\/analyses-par-rayons-x\/\">Analyses par rayons X (RX)<\/a><\/h2 ><div class=\"vcex-post-type-entry-excerpt entry-excerpt wpex-my-15 wpex-text-pretty wpex-last-mb-0 wpex-clr\"><b>Ce plateau a pour objectif de caract\u00e9riser les mat\u00e9riaux issus de la recherche du LGF.<\/b>\n<p>Deux techniques sont repr\u00e9sent\u00e9es\u00a0: la tomographie par absorption de rayons X et la diffraction des rayons X sur poudres ou sur \u00e9chantillons massifs.<\/p><\/div><\/div><\/div><\/div><\/div><div class=\"vcex-post-type-entry vcex-grid-item wpex-clr col span_1_of_3 vcex-isotope-entry col-2 entry post-4845 type-page no-media\"><div class=\"vcex-post-type-entry-inner entry-inner wpex-first-mt-0 wpex-last-mb-0 wpex-clr\"><div class=\"vcex-post-type-entry-details entry-details wpex-bordered wpex-first-mt-0 wpex-last-mb-0 wpex-clr\"><div class=\"match-height-content\"><h2 class=\"vcex-post-type-entry-title entry-title wpex-mb-5\"><a href=\"https:\/\/www.mines-stetienne.fr\/lgf\/plateaux\/plateaux-dinstruments\/caracterisation-des-microstructures-et-des-surfaces-cms\/\">Caract\u00e9risation des Microstructures et des Surfaces (CMS)<\/a><\/h2 ><div class=\"vcex-post-type-entry-excerpt entry-excerpt wpex-my-15 wpex-text-pretty wpex-last-mb-0 wpex-clr\"><p>Ce plateau regroupe les moyens de caract\u00e9risation permettant d'acc\u00e9der \u00e0 des informations chimiques, structurales et microstructurales sur des \u00e9chelles allant de la centaine de micron jusqu\u2018au nanom\u00e8tre.<\/p><\/div><\/div><\/div><\/div><\/div><div class=\"vcex-post-type-entry vcex-grid-item wpex-clr col span_1_of_3 vcex-isotope-entry col-3 entry post-5082 type-page no-media\"><div class=\"vcex-post-type-entry-inner entry-inner wpex-first-mt-0 wpex-last-mb-0 wpex-clr\"><div class=\"vcex-post-type-entry-details entry-details wpex-bordered wpex-first-mt-0 wpex-last-mb-0 wpex-clr\"><div class=\"match-height-content\"><h2 class=\"vcex-post-type-entry-title entry-title wpex-mb-5\"><a href=\"https:\/\/www.mines-stetienne.fr\/lgf\/plateaux\/plateaux-dinstruments\/caracterisation-physico-chimique-des-poudres-pc2\/\">Caract\u00e9risation physico-chimique des poudres (PC2)<\/a><\/h2 ><div class=\"vcex-post-type-entry-excerpt entry-excerpt wpex-my-15 wpex-text-pretty wpex-last-mb-0 wpex-clr\"><p>Ce plateau permet de caract\u00e9riser la texture des poudres.<\/p><\/div><\/div><\/div><\/div><\/div><div class=\"vcex-post-type-entry vcex-grid-item wpex-clr col span_1_of_3 vcex-isotope-entry col-1 entry post-5076 type-page no-media\"><div class=\"vcex-post-type-entry-inner entry-inner wpex-first-mt-0 wpex-last-mb-0 wpex-clr\"><div class=\"vcex-post-type-entry-details entry-details wpex-bordered wpex-first-mt-0 wpex-last-mb-0 wpex-clr\"><div class=\"match-height-content\"><h2 class=\"vcex-post-type-entry-title entry-title wpex-mb-5\"><a href=\"https:\/\/www.mines-stetienne.fr\/lgf\/plateaux\/plateaux-dinstruments\/etude-de-solides-par-micro-analyse-thermique\/\">\u00c9tude de Solides par Micro-Analyse Thermique (ESMAT)<\/a><\/h2 ><div class=\"vcex-post-type-entry-excerpt entry-excerpt wpex-my-15 wpex-text-pretty wpex-last-mb-0 wpex-clr\"><p>Le plateau est \u00e9quip\u00e9 de 14 appareils de haute technologie pour satisfaire toutes les exigences en analyse thermique et calorim\u00e9trie. Il est possible de suivre le comportement de solides, massifs, poudres, soumis \u00e0 des conditions de temp\u00e9rature et de pressions de gaz contr\u00f4l\u00e9es.<\/p><\/div><\/div><\/div><\/div><\/div><div class=\"vcex-post-type-entry vcex-grid-item wpex-clr col span_1_of_3 vcex-isotope-entry col-2 entry post-5831 type-page no-media\"><div class=\"vcex-post-type-entry-inner entry-inner wpex-first-mt-0 wpex-last-mb-0 wpex-clr\"><div class=\"vcex-post-type-entry-details entry-details wpex-bordered wpex-first-mt-0 wpex-last-mb-0 wpex-clr\"><div class=\"match-height-content\"><h2 class=\"vcex-post-type-entry-title entry-title wpex-mb-5\"><a href=\"https:\/\/www.mines-stetienne.fr\/lgf\/plateaux\/plateaux-dinstruments\/spectroscopie-et-analyse-chimique-sac\/\">Spectroscopie et Analyse Chimique (SAC)<\/a><\/h2 ><div class=\"vcex-post-type-entry-excerpt entry-excerpt wpex-my-15 wpex-text-pretty wpex-last-mb-0 wpex-clr\"><p>La spectrom\u00e9trie ICP est une technique d\u2019analyse multi-\u00e9l\u00e9mentaire (\u00e9l\u00e9ments majeurs, mineurs et traces) avec une limite de d\u00e9tection de l\u2019ordre du ppb (\u00b5g\/L). Les mesures sont conduites sur diff\u00e9rents types de matrices : des solutions liquides (eaux, saumures) apr\u00e8s dilution ad\u00e9quate ; des \u00e9chantillons solides (poudres naturelles ou synth\u00e9tiques, roches, plantes) apr\u00e8s fusion alcaline ou dissolution acide.<\/p><\/div><\/div><\/div><\/div><\/div><\/div><\/div>[\/vc_column][\/vc_row][vc_row][vc_column][vc_column_text]Les <a href=\"https:\/\/www.mines-stetienne.fr\/lgf\/plateaux\/plateaux-technologiques-et-numeriques\/\"><strong>plateaux technologiques et num\u00e9riques<\/strong><\/a> (TRL 1 \u00e0 6).[\/vc_column_text][\/vc_column][\/vc_row][vc_row][vc_column css_animation=&#8221;slideInRight&#8221;]<div class=\"vcex-module vcex-post-type-grid-wrap wpex-clr\"><div class=\"wpex-row vcex-post-type-grid entries wpex-clr vcex-isotope-grid wpex-overflow-hidden match-height-grid\"><div class=\"vcex-post-type-entry vcex-grid-item wpex-clr col span_1_of_3 vcex-isotope-entry col-1 entry post-5317 type-page no-media\"><div class=\"vcex-post-type-entry-inner entry-inner wpex-first-mt-0 wpex-last-mb-0 wpex-clr\"><div class=\"vcex-post-type-entry-details entry-details wpex-bordered wpex-first-mt-0 wpex-last-mb-0 wpex-clr\"><div class=\"match-height-content\"><h2 class=\"vcex-post-type-entry-title entry-title wpex-mb-5\"><a href=\"https:\/\/www.mines-stetienne.fr\/lgf\/plateaux\/plateaux-technologiques-et-numeriques\/capteurs\/\">Capteurs<\/a><\/h2 ><div class=\"vcex-post-type-entry-excerpt entry-excerpt wpex-my-15 wpex-text-pretty wpex-last-mb-0 wpex-clr\"><b>Caract\u00e9risations physico-chimiques.<\/b>\n<p>MEB, TEM, DRX, Analyses thermiques, Analyses spectroscopiques et chimiques (XPS, Raman, FTIR, ICP).<\/p><\/div><\/div><\/div><\/div><\/div><div class=\"vcex-post-type-entry vcex-grid-item wpex-clr col span_1_of_3 vcex-isotope-entry col-2 entry post-5090 type-page no-media\"><div class=\"vcex-post-type-entry-inner entry-inner wpex-first-mt-0 wpex-last-mb-0 wpex-clr\"><div class=\"vcex-post-type-entry-details entry-details wpex-bordered wpex-first-mt-0 wpex-last-mb-0 wpex-clr\"><div class=\"match-height-content\"><h2 class=\"vcex-post-type-entry-title entry-title wpex-mb-5\"><a href=\"https:\/\/www.mines-stetienne.fr\/lgf\/plateaux\/plateaux-technologiques-et-numeriques\/materiaux-et-structures-modeles-msm\/\">Mat\u00e9riaux et Structures Mod\u00e8les (MSM)<\/a><\/h2 ><div class=\"vcex-post-type-entry-excerpt entry-excerpt wpex-my-15 wpex-text-pretty wpex-last-mb-0 wpex-clr\"><p>Regroupe l\u2019ensemble des moyens d\u2019\u00e9laboration des mat\u00e9riaux et des structures mod\u00e8les pour le laboratoire LGF. En particulier il dispose d\u2019\u00e9quipements permettant la r\u00e9alisation d\u2019alliages m\u00e9talliques de haute puret\u00e9, de mat\u00e9riaux c\u00e9ramiques par des proc\u00e9d\u00e9s innovants (fabrication additive, frittage micro-ondes\u2026) et de composites structuraux \u00e0 matrice organique par des proc\u00e9d\u00e9s d\u2019\u00e9laboration directe. Associ\u00e9 au plateau MSM, un service de m\u00e9tallographie apporte des moyens de caract\u00e9risations microstructurales. <\/p><\/div><\/div><\/div><\/div><\/div><\/div><\/div>[\/vc_column][\/vc_row]\n<\/div>","protected":false},"excerpt":{"rendered":"<p>[vc_row][vc_column][vc_column_text]Les plateaux d\u2019instruments correspondent \u00e0 des ensembles de moyens exp\u00e9rimentaux regroup\u00e9s par types de caract\u00e9risation et \u00e0 une offre de service \u00e0 usage interne en support aux activit\u00e9s recherches laboratoire les plus amonts couvrant des TRL de 1 \u00e0 3.[\/vc_column_text][\/vc_column][\/vc_row][vc_row][vc_column css_animation=&#8221;slideInRight&#8221;][\/vc_column][\/vc_row][vc_row][vc_column][vc_column_text]Les plateaux technologiques et num\u00e9riques (TRL 1 \u00e0 6).[\/vc_column_text][\/vc_column][\/vc_row][vc_row][vc_column css_animation=&#8221;slideInRight&#8221;][\/vc_column][\/vc_row]<\/p>\n","protected":false},"author":2,"featured_media":0,"parent":0,"menu_order":30,"comment_status":"closed","ping_status":"closed","template":"","meta":{"_relevanssi_hide_post":"","_relevanssi_hide_content":"","_relevanssi_pin_for_all":"","_relevanssi_pin_keywords":"","_relevanssi_unpin_keywords":"","_relevanssi_related_keywords":"","_relevanssi_related_include_ids":"","_relevanssi_related_exclude_ids":"","_relevanssi_related_no_append":"","_relevanssi_related_not_related":"","_relevanssi_related_posts":"","_relevanssi_noindex_reason":"","footnotes":""},"tags":[],"class_list":["post-4728","page","type-page","status-publish","hentry","entry","no-media"],"pp_statuses_selecting_workflow":false,"pp_workflow_action":"current","pp_status_selection":"publish","pp_force_visibility":null,"pp_subpost_visibility":null,"pp_inherited_force_visibility":null,"pp_inherited_subpost_visibility":null,"yoast_head":"<!-- This site is optimized with the Yoast SEO plugin v27.5 - https:\/\/yoast.com\/product\/yoast-seo-wordpress\/ -->\n<title>Plateaux - Laboratoire Georges Friedel<\/title>\n<meta name=\"robots\" content=\"index, follow, max-snippet:-1, max-image-preview:large, max-video-preview:-1\" \/>\n<link rel=\"canonical\" href=\"https:\/\/www.mines-stetienne.fr\/lgf\/plateaux\/\" \/>\n<meta property=\"og:locale\" content=\"fr_FR\" \/>\n<meta property=\"og:type\" content=\"article\" \/>\n<meta property=\"og:title\" content=\"Plateaux - Laboratoire Georges Friedel\" \/>\n<meta property=\"og:description\" content=\"[vc_row][vc_column][vc_column_text]Les plateaux d\u2019instruments correspondent \u00e0 des ensembles de moyens exp\u00e9rimentaux regroup\u00e9s par types de caract\u00e9risation et \u00e0 une offre de service \u00e0 usage interne en support aux activit\u00e9s recherches laboratoire les plus amonts couvrant des TRL de 1 \u00e0 3.[\/vc_column_text][\/vc_column][\/vc_row][vc_row][vc_column css_animation=&#8221;slideInRight&#8221;][\/vc_column][\/vc_row][vc_row][vc_column][vc_column_text]Les plateaux technologiques et num\u00e9riques (TRL 1 \u00e0 6).[\/vc_column_text][\/vc_column][\/vc_row][vc_row][vc_column css_animation=&#8221;slideInRight&#8221;][\/vc_column][\/vc_row]\" \/>\n<meta property=\"og:url\" content=\"https:\/\/www.mines-stetienne.fr\/lgf\/plateaux\/\" \/>\n<meta property=\"og:site_name\" content=\"Laboratoire Georges Friedel\" \/>\n<meta property=\"article:modified_time\" content=\"2022-09-07T12:27:56+00:00\" \/>\n<meta name=\"twitter:card\" content=\"summary_large_image\" \/>\n<meta name=\"twitter:label1\" content=\"Dur\u00e9e de lecture estim\u00e9e\" \/>\n\t<meta name=\"twitter:data1\" content=\"1 minute\" \/>\n<script type=\"application\/ld+json\" class=\"yoast-schema-graph\">{\"@context\":\"https:\\\/\\\/schema.org\",\"@graph\":[{\"@type\":\"WebPage\",\"@id\":\"https:\\\/\\\/www.mines-stetienne.fr\\\/lgf\\\/plateaux\\\/\",\"url\":\"https:\\\/\\\/www.mines-stetienne.fr\\\/lgf\\\/plateaux\\\/\",\"name\":\"Plateaux - Laboratoire Georges Friedel\",\"isPartOf\":{\"@id\":\"https:\\\/\\\/www.mines-stetienne.fr\\\/lgf\\\/#website\"},\"datePublished\":\"2021-11-20T16:25:12+00:00\",\"dateModified\":\"2022-09-07T12:27:56+00:00\",\"inLanguage\":\"fr-FR\",\"potentialAction\":[{\"@type\":\"ReadAction\",\"target\":[\"https:\\\/\\\/www.mines-stetienne.fr\\\/lgf\\\/plateaux\\\/\"]}]},{\"@type\":\"WebSite\",\"@id\":\"https:\\\/\\\/www.mines-stetienne.fr\\\/lgf\\\/#website\",\"url\":\"https:\\\/\\\/www.mines-stetienne.fr\\\/lgf\\\/\",\"name\":\"Laboratoire Georges Friedel\",\"description\":\"\",\"publisher\":{\"@id\":\"https:\\\/\\\/www.mines-stetienne.fr\\\/lgf\\\/#organization\"},\"potentialAction\":[{\"@type\":\"SearchAction\",\"target\":{\"@type\":\"EntryPoint\",\"urlTemplate\":\"https:\\\/\\\/www.mines-stetienne.fr\\\/lgf\\\/?s={search_term_string}\"},\"query-input\":{\"@type\":\"PropertyValueSpecification\",\"valueRequired\":true,\"valueName\":\"search_term_string\"}}],\"inLanguage\":\"fr-FR\"},{\"@type\":\"Organization\",\"@id\":\"https:\\\/\\\/www.mines-stetienne.fr\\\/lgf\\\/#organization\",\"name\":\"Laboratoire Georges Friedel\",\"url\":\"https:\\\/\\\/www.mines-stetienne.fr\\\/lgf\\\/\",\"logo\":{\"@type\":\"ImageObject\",\"inLanguage\":\"fr-FR\",\"@id\":\"https:\\\/\\\/www.mines-stetienne.fr\\\/lgf\\\/#\\\/schema\\\/logo\\\/image\\\/\",\"url\":\"https:\\\/\\\/www.mines-stetienne.fr\\\/lgf\\\/wp-content\\\/uploads\\\/sites\\\/6\\\/2024\\\/07\\\/EMSE_LGF_CNRS_logo.png\",\"contentUrl\":\"https:\\\/\\\/www.mines-stetienne.fr\\\/lgf\\\/wp-content\\\/uploads\\\/sites\\\/6\\\/2024\\\/07\\\/EMSE_LGF_CNRS_logo.png\",\"width\":1930,\"height\":440,\"caption\":\"Laboratoire Georges Friedel\"},\"image\":{\"@id\":\"https:\\\/\\\/www.mines-stetienne.fr\\\/lgf\\\/#\\\/schema\\\/logo\\\/image\\\/\"}}]}<\/script>\n<!-- \/ Yoast SEO plugin. -->","yoast_head_json":{"title":"Plateaux - Laboratoire Georges Friedel","robots":{"index":"index","follow":"follow","max-snippet":"max-snippet:-1","max-image-preview":"max-image-preview:large","max-video-preview":"max-video-preview:-1"},"canonical":"https:\/\/www.mines-stetienne.fr\/lgf\/plateaux\/","og_locale":"fr_FR","og_type":"article","og_title":"Plateaux - Laboratoire Georges Friedel","og_description":"[vc_row][vc_column][vc_column_text]Les plateaux d\u2019instruments correspondent \u00e0 des ensembles de moyens exp\u00e9rimentaux regroup\u00e9s par types de caract\u00e9risation et \u00e0 une offre de service \u00e0 usage interne en support aux activit\u00e9s recherches laboratoire les plus amonts couvrant des TRL de 1 \u00e0 3.[\/vc_column_text][\/vc_column][\/vc_row][vc_row][vc_column css_animation=&#8221;slideInRight&#8221;][\/vc_column][\/vc_row][vc_row][vc_column][vc_column_text]Les plateaux technologiques et num\u00e9riques (TRL 1 \u00e0 6).[\/vc_column_text][\/vc_column][\/vc_row][vc_row][vc_column css_animation=&#8221;slideInRight&#8221;][\/vc_column][\/vc_row]","og_url":"https:\/\/www.mines-stetienne.fr\/lgf\/plateaux\/","og_site_name":"Laboratoire Georges Friedel","article_modified_time":"2022-09-07T12:27:56+00:00","twitter_card":"summary_large_image","twitter_misc":{"Dur\u00e9e de lecture estim\u00e9e":"1 minute"},"schema":{"@context":"https:\/\/schema.org","@graph":[{"@type":"WebPage","@id":"https:\/\/www.mines-stetienne.fr\/lgf\/plateaux\/","url":"https:\/\/www.mines-stetienne.fr\/lgf\/plateaux\/","name":"Plateaux - Laboratoire Georges Friedel","isPartOf":{"@id":"https:\/\/www.mines-stetienne.fr\/lgf\/#website"},"datePublished":"2021-11-20T16:25:12+00:00","dateModified":"2022-09-07T12:27:56+00:00","inLanguage":"fr-FR","potentialAction":[{"@type":"ReadAction","target":["https:\/\/www.mines-stetienne.fr\/lgf\/plateaux\/"]}]},{"@type":"WebSite","@id":"https:\/\/www.mines-stetienne.fr\/lgf\/#website","url":"https:\/\/www.mines-stetienne.fr\/lgf\/","name":"Laboratoire Georges Friedel","description":"","publisher":{"@id":"https:\/\/www.mines-stetienne.fr\/lgf\/#organization"},"potentialAction":[{"@type":"SearchAction","target":{"@type":"EntryPoint","urlTemplate":"https:\/\/www.mines-stetienne.fr\/lgf\/?s={search_term_string}"},"query-input":{"@type":"PropertyValueSpecification","valueRequired":true,"valueName":"search_term_string"}}],"inLanguage":"fr-FR"},{"@type":"Organization","@id":"https:\/\/www.mines-stetienne.fr\/lgf\/#organization","name":"Laboratoire Georges Friedel","url":"https:\/\/www.mines-stetienne.fr\/lgf\/","logo":{"@type":"ImageObject","inLanguage":"fr-FR","@id":"https:\/\/www.mines-stetienne.fr\/lgf\/#\/schema\/logo\/image\/","url":"https:\/\/www.mines-stetienne.fr\/lgf\/wp-content\/uploads\/sites\/6\/2024\/07\/EMSE_LGF_CNRS_logo.png","contentUrl":"https:\/\/www.mines-stetienne.fr\/lgf\/wp-content\/uploads\/sites\/6\/2024\/07\/EMSE_LGF_CNRS_logo.png","width":1930,"height":440,"caption":"Laboratoire Georges Friedel"},"image":{"@id":"https:\/\/www.mines-stetienne.fr\/lgf\/#\/schema\/logo\/image\/"}}]}},"_links":{"self":[{"href":"https:\/\/www.mines-stetienne.fr\/lgf\/wp-json\/wp\/v2\/pages\/4728","targetHints":{"allow":["GET"]}}],"collection":[{"href":"https:\/\/www.mines-stetienne.fr\/lgf\/wp-json\/wp\/v2\/pages"}],"about":[{"href":"https:\/\/www.mines-stetienne.fr\/lgf\/wp-json\/wp\/v2\/types\/page"}],"author":[{"embeddable":true,"href":"https:\/\/www.mines-stetienne.fr\/lgf\/wp-json\/wp\/v2\/users\/2"}],"replies":[{"embeddable":true,"href":"https:\/\/www.mines-stetienne.fr\/lgf\/wp-json\/wp\/v2\/comments?post=4728"}],"version-history":[{"count":2,"href":"https:\/\/www.mines-stetienne.fr\/lgf\/wp-json\/wp\/v2\/pages\/4728\/revisions"}],"predecessor-version":[{"id":6028,"href":"https:\/\/www.mines-stetienne.fr\/lgf\/wp-json\/wp\/v2\/pages\/4728\/revisions\/6028"}],"wp:attachment":[{"href":"https:\/\/www.mines-stetienne.fr\/lgf\/wp-json\/wp\/v2\/media?parent=4728"}],"wp:term":[{"taxonomy":"post_tag","embeddable":true,"href":"https:\/\/www.mines-stetienne.fr\/lgf\/wp-json\/wp\/v2\/tags?post=4728"}],"curies":[{"name":"wp","href":"https:\/\/api.w.org\/{rel}","templated":true}]}}