{"id":7,"date":"2024-12-13T13:57:28","date_gmt":"2024-12-13T12:57:28","guid":{"rendered":"https:\/\/www.mines-stetienne.fr\/juven-twin-fr\/?page_id=7"},"modified":"2025-01-13T15:55:59","modified_gmt":"2025-01-13T14:55:59","slug":"le-projet","status":"publish","type":"page","link":"https:\/\/www.mines-stetienne.fr\/juven-twin-fr\/le-projet\/","title":{"rendered":"Le projet JuvenTwin"},"content":{"rendered":"\n<p>Le&nbsp;<strong>vieillissement vasculaire<\/strong>&nbsp;joue un r\u00f4le cl\u00e9 dans de nombreuses maladies chroniques. Un des principaux facteurs de risque associ\u00e9s \u00e0 ce processus est&nbsp;<strong>l\u2019augmentation de la rigidit\u00e9 art\u00e9rielle<\/strong>. Lorsque les art\u00e8res perdent leur \u00e9lasticit\u00e9, elles ne peuvent plus absorber efficacement les fluctuations de la pression art\u00e9rielle, ce qui peut pr\u00e9c\u00e9der des probl\u00e8mes tels que l\u2019hypertension et conduire \u00e0 diverses pathologies graves.<\/p>\n\n\n\n<p><\/p>\n\n\n\n<h2 class=\"wp-block-heading\">Les cons\u00e9quences de la rigidit\u00e9 art\u00e9rielle<\/h2>\n\n\n\n<ul class=\"wp-block-list\">\n<li><strong>Les maladies cardiaques<\/strong>&nbsp;(35 % des plus de 65 ans) : La rigidit\u00e9 art\u00e9rielle surcharge le ventricule gauche, provoquant une insuffisance cardiaque qui peut \u00e9voluer jusqu\u2019\u00e0 une crise cardiaque.<\/li>\n\n\n\n<li><strong>Les maladies c\u00e9r\u00e9brovasculaires et la d\u00e9mence<\/strong>&nbsp;(15 % des plus de 65 ans) : Elle entra\u00eene des micro-dommages dans les vaisseaux du cerveau, jouant un r\u00f4le dans des pathologies telles qu\u2019<strong>Alzheimer<\/strong>&nbsp;et&nbsp;<strong>Parkinson<\/strong>.<\/li>\n<\/ul>\n\n\n\n<h2 class=\"wp-block-heading\">Une approche novatrice : les jumeaux num\u00e9riques multi-\u00e9chelles<\/h2>\n\n\n\n<p>Pour contrer ces probl\u00e8mes, le projet JuvenTwin propose une&nbsp;<strong>nouvelle approche scientifique<\/strong>&nbsp;bas\u00e9e sur l\u2019utilisation de&nbsp;<strong>jumeaux num\u00e9riques multi-\u00e9chelles<\/strong>. Ces mod\u00e8les avanc\u00e9s permettent d\u2019\u00e9tudier et de tenter d\u2019inverser la rigidification art\u00e9rielle li\u00e9e \u00e0 l\u2019\u00e2ge.<\/p>\n\n\n\n<p>Contrairement aux approches actuelles qui ciblent principalement les sympt\u00f4mes, cette m\u00e9thode vise \u00e0&nbsp;<strong>restaurer les propri\u00e9t\u00e9s m\u00e9caniques des cellules vasculaires<\/strong>, permettant ainsi un&nbsp;<strong>rajeunissement des art\u00e8res<\/strong>.<\/p>\n\n\n\n<h2 class=\"wp-block-heading\">Des enjeux complexes<\/h2>\n\n\n<div class=\"wp-block-image\">\n<figure class=\"alignright size-full is-resized\"><img loading=\"lazy\" decoding=\"async\" width=\"1416\" height=\"438\" src=\"https:\/\/www.mines-stetienne.fr\/juven-twin-fr\/wp-content\/uploads\/sites\/20\/2025\/01\/PAGE-PROJET_schema.png\" alt=\"\" class=\"wp-image-160\" style=\"width:550px\" srcset=\"https:\/\/www.mines-stetienne.fr\/juven-twin-fr\/wp-content\/uploads\/sites\/20\/2025\/01\/PAGE-PROJET_schema.png 1416w, https:\/\/www.mines-stetienne.fr\/juven-twin-fr\/wp-content\/uploads\/sites\/20\/2025\/01\/PAGE-PROJET_schema-300x93.png 300w, https:\/\/www.mines-stetienne.fr\/juven-twin-fr\/wp-content\/uploads\/sites\/20\/2025\/01\/PAGE-PROJET_schema-1024x317.png 1024w, https:\/\/www.mines-stetienne.fr\/juven-twin-fr\/wp-content\/uploads\/sites\/20\/2025\/01\/PAGE-PROJET_schema-768x238.png 768w\" sizes=\"auto, (max-width: 1416px) 100vw, 1416px\" \/><\/figure>\n<\/div>\n\n\n<p>Bien que prometteuse, cette strat\u00e9gie comporte des&nbsp;<strong>risques \u00e9lev\u00e9s<\/strong>, car les forces m\u00e9caniques dans les art\u00e8res interagissent avec des processus biologiques complexes, tels que :<\/p>\n\n\n\n<ul class=\"wp-block-list\">\n<li><strong>L\u2019inflammation<\/strong>,<\/li>\n\n\n\n<li><strong>L\u2019expression des g\u00e8nes<\/strong>.<\/li>\n<\/ul>\n\n\n\n<p>Pour garantir un \u00e9quilibre, le projet s\u2019appuie sur des&nbsp;<strong>mod\u00e8les num\u00e9riques avanc\u00e9s<\/strong>&nbsp;afin d\u2019\u00e9tudier ces interactions et de d\u00e9velopper des&nbsp;<strong>th\u00e9rapies \u00e0 la fois efficaces et s\u00fbres<\/strong>.<\/p>\n\n\n\n<h2 class=\"wp-block-heading\">Objectifs du projet JuvenTwin<\/h2>\n\n\n\n<p>L\u2019objectif principal du projet est de&nbsp;<strong>r\u00e9tablir une r\u00e9gulation m\u00e9canique stable<\/strong>&nbsp;dans les art\u00e8res des patients, lorsque celle-ci est alt\u00e9r\u00e9e par le vieillissement. Pour y parvenir, JuvenTwin se concentre sur :<\/p>\n\n\n\n<ul class=\"wp-block-list\">\n<li><strong>L\u2019analyse des m\u00e9canismes<\/strong>&nbsp;par lesquels les cellules art\u00e9rielles g\u00e8rent les forces m\u00e9caniques.<\/li>\n\n\n\n<li><strong>La compr\u00e9hension des processus<\/strong>&nbsp;responsables de la d\u00e9gradation progressive de cette r\u00e9gulation avec l\u2019\u00e2ge.<\/li>\n\n\n\n<li><strong>L\u2019identification de solutions personnalis\u00e9es<\/strong>&nbsp;permettant de restaurer cette r\u00e9gulation de mani\u00e8re efficace.<\/li>\n<\/ul>\n\n\n\n<h2 class=\"wp-block-heading\">Un impact pour tous les citoyens europ\u00e9ens<\/h2>\n\n\n\n<p>\u00c0 terme, JuvenTwin pourrait&nbsp;<strong>ouvrir la voie \u00e0 des th\u00e9rapies pr\u00e9ventives<\/strong>&nbsp;pour lutter contre le durcissement des art\u00e8res et&nbsp;<strong>prolonger la vie en bonne sant\u00e9<\/strong>&nbsp;des citoyens de l\u2019Union europ\u00e9enne.<\/p>\n\n\n\n<h2 class=\"wp-block-heading\">Les jumeaux num\u00e9riques multi-\u00e9chelles : une technologie r\u00e9volutionnaire<\/h2>\n\n\n\n<p>Les&nbsp;<strong>jumeaux num\u00e9riques multi-\u00e9chelles<\/strong>&nbsp;sont des mod\u00e8les num\u00e9riques avanc\u00e9s reproduisant, \u00e0 diff\u00e9rentes \u00e9chelles (du niveau cellulaire au niveau organique), les comportements, interactions et m\u00e9canismes d\u2019un syst\u00e8me biologique, physique ou m\u00e9canique. Cette technologie est au c\u0153ur de l\u2019innovation port\u00e9e par JuvenTwin.<\/p>\n","protected":false},"excerpt":{"rendered":"<p>Le&nbsp;vieillissement vasculaire&nbsp;joue un r\u00f4le cl\u00e9 dans de nombreuses maladies chroniques. Un des principaux facteurs de risque associ\u00e9s \u00e0 ce processus est&nbsp;l\u2019augmentation de la rigidit\u00e9 art\u00e9rielle. Lorsque les art\u00e8res perdent leur \u00e9lasticit\u00e9, elles ne peuvent plus absorber efficacement les fluctuations de &hellip;<\/p>\n","protected":false},"author":2,"featured_media":0,"parent":0,"menu_order":10,"comment_status":"closed","ping_status":"closed","template":"","meta":{"footnotes":""},"tags":[],"class_list":["post-7","page","type-page","status-publish","hentry"],"pp_statuses_selecting_workflow":false,"pp_workflow_action":"current","pp_status_selection":"publish","pp_force_visibility":null,"pp_subpost_visibility":null,"pp_inherited_force_visibility":null,"pp_inherited_subpost_visibility":null,"yoast_head":"<!-- This site is optimized with the Yoast SEO plugin v27.5 - https:\/\/yoast.com\/product\/yoast-seo-wordpress\/ -->\n<title>Le projet JuvenTwin - JuvenTwin<\/title>\n<meta name=\"robots\" content=\"index, follow, max-snippet:-1, max-image-preview:large, max-video-preview:-1\" \/>\n<link rel=\"canonical\" href=\"https:\/\/www.mines-stetienne.fr\/juven-twin-fr\/le-projet\/\" \/>\n<meta property=\"og:locale\" content=\"fr_FR\" \/>\n<meta property=\"og:type\" content=\"article\" \/>\n<meta property=\"og:title\" content=\"Le projet JuvenTwin - JuvenTwin\" \/>\n<meta property=\"og:description\" content=\"Le&nbsp;vieillissement vasculaire&nbsp;joue un r\u00f4le cl\u00e9 dans de nombreuses maladies chroniques. Un des principaux facteurs de risque associ\u00e9s \u00e0 ce processus est&nbsp;l\u2019augmentation de la rigidit\u00e9 art\u00e9rielle. Lorsque les art\u00e8res perdent leur \u00e9lasticit\u00e9, elles ne peuvent plus absorber efficacement les fluctuations de &hellip;\" \/>\n<meta property=\"og:url\" content=\"https:\/\/www.mines-stetienne.fr\/juven-twin-fr\/le-projet\/\" \/>\n<meta property=\"og:site_name\" content=\"JuvenTwin\" \/>\n<meta property=\"article:publisher\" content=\"https:\/\/www.facebook.com\/MinesSaintEtienne\" \/>\n<meta property=\"article:modified_time\" content=\"2025-01-13T14:55:59+00:00\" \/>\n<meta property=\"og:image\" content=\"https:\/\/www.mines-stetienne.fr\/juven-twin-fr\/wp-content\/uploads\/sites\/20\/2025\/01\/PAGE-PROJET_schema.png\" \/>\n\t<meta property=\"og:image:width\" content=\"1416\" \/>\n\t<meta property=\"og:image:height\" content=\"438\" \/>\n\t<meta property=\"og:image:type\" content=\"image\/png\" \/>\n<meta name=\"twitter:card\" content=\"summary_large_image\" \/>\n<meta name=\"twitter:site\" content=\"@MINES_StEtienne\" \/>\n<meta name=\"twitter:label1\" content=\"Dur\u00e9e de lecture estim\u00e9e\" \/>\n\t<meta name=\"twitter:data1\" content=\"3 minutes\" \/>\n<script type=\"application\/ld+json\" class=\"yoast-schema-graph\">{\"@context\":\"https:\\\/\\\/schema.org\",\"@graph\":[{\"@type\":\"WebPage\",\"@id\":\"https:\\\/\\\/www.mines-stetienne.fr\\\/juven-twin-fr\\\/le-projet\\\/\",\"url\":\"https:\\\/\\\/www.mines-stetienne.fr\\\/juven-twin-fr\\\/le-projet\\\/\",\"name\":\"Le projet JuvenTwin - JuvenTwin\",\"isPartOf\":{\"@id\":\"https:\\\/\\\/www.mines-stetienne.fr\\\/juven-twin-fr\\\/#website\"},\"primaryImageOfPage\":{\"@id\":\"https:\\\/\\\/www.mines-stetienne.fr\\\/juven-twin-fr\\\/le-projet\\\/#primaryimage\"},\"image\":{\"@id\":\"https:\\\/\\\/www.mines-stetienne.fr\\\/juven-twin-fr\\\/le-projet\\\/#primaryimage\"},\"thumbnailUrl\":\"https:\\\/\\\/www.mines-stetienne.fr\\\/juven-twin-fr\\\/wp-content\\\/uploads\\\/sites\\\/20\\\/2025\\\/01\\\/PAGE-PROJET_schema.png\",\"datePublished\":\"2024-12-13T12:57:28+00:00\",\"dateModified\":\"2025-01-13T14:55:59+00:00\",\"breadcrumb\":{\"@id\":\"https:\\\/\\\/www.mines-stetienne.fr\\\/juven-twin-fr\\\/le-projet\\\/#breadcrumb\"},\"inLanguage\":\"fr-FR\",\"potentialAction\":[{\"@type\":\"ReadAction\",\"target\":[\"https:\\\/\\\/www.mines-stetienne.fr\\\/juven-twin-fr\\\/le-projet\\\/\"]}]},{\"@type\":\"ImageObject\",\"inLanguage\":\"fr-FR\",\"@id\":\"https:\\\/\\\/www.mines-stetienne.fr\\\/juven-twin-fr\\\/le-projet\\\/#primaryimage\",\"url\":\"https:\\\/\\\/www.mines-stetienne.fr\\\/juven-twin-fr\\\/wp-content\\\/uploads\\\/sites\\\/20\\\/2025\\\/01\\\/PAGE-PROJET_schema.png\",\"contentUrl\":\"https:\\\/\\\/www.mines-stetienne.fr\\\/juven-twin-fr\\\/wp-content\\\/uploads\\\/sites\\\/20\\\/2025\\\/01\\\/PAGE-PROJET_schema.png\",\"width\":1416,\"height\":438},{\"@type\":\"BreadcrumbList\",\"@id\":\"https:\\\/\\\/www.mines-stetienne.fr\\\/juven-twin-fr\\\/le-projet\\\/#breadcrumb\",\"itemListElement\":[{\"@type\":\"ListItem\",\"position\":1,\"name\":\"Accueil\",\"item\":\"https:\\\/\\\/www.mines-stetienne.fr\\\/juven-twin-fr\\\/\"},{\"@type\":\"ListItem\",\"position\":2,\"name\":\"Le projet JuvenTwin\"}]},{\"@type\":\"WebSite\",\"@id\":\"https:\\\/\\\/www.mines-stetienne.fr\\\/juven-twin-fr\\\/#website\",\"url\":\"https:\\\/\\\/www.mines-stetienne.fr\\\/juven-twin-fr\\\/\",\"name\":\"JuvenTwin\",\"description\":\"Des jumeaux num\u00e9riques pour suivre l\u2019\u00e9volution des art\u00e8res\",\"publisher\":{\"@id\":\"https:\\\/\\\/www.mines-stetienne.fr\\\/juven-twin-fr\\\/#organization\"},\"potentialAction\":[{\"@type\":\"SearchAction\",\"target\":{\"@type\":\"EntryPoint\",\"urlTemplate\":\"https:\\\/\\\/www.mines-stetienne.fr\\\/juven-twin-fr\\\/?s={search_term_string}\"},\"query-input\":{\"@type\":\"PropertyValueSpecification\",\"valueRequired\":true,\"valueName\":\"search_term_string\"}}],\"inLanguage\":\"fr-FR\"},{\"@type\":\"Organization\",\"@id\":\"https:\\\/\\\/www.mines-stetienne.fr\\\/juven-twin-fr\\\/#organization\",\"name\":\"\u00c9cole des Mines de Saint-\u00c9tienne\",\"url\":\"https:\\\/\\\/www.mines-stetienne.fr\\\/juven-twin-fr\\\/\",\"logo\":{\"@type\":\"ImageObject\",\"inLanguage\":\"fr-FR\",\"@id\":\"https:\\\/\\\/www.mines-stetienne.fr\\\/juven-twin-fr\\\/#\\\/schema\\\/logo\\\/image\\\/\",\"url\":\"https:\\\/\\\/www.mines-stetienne.fr\\\/wp-content\\\/uploads\\\/2018\\\/05\\\/Mines_Saint_Etienne_IMT_RVB.png\",\"contentUrl\":\"https:\\\/\\\/www.mines-stetienne.fr\\\/wp-content\\\/uploads\\\/2018\\\/05\\\/Mines_Saint_Etienne_IMT_RVB.png\",\"width\":316,\"height\":315,\"caption\":\"\u00c9cole des Mines de Saint-\u00c9tienne\"},\"image\":{\"@id\":\"https:\\\/\\\/www.mines-stetienne.fr\\\/juven-twin-fr\\\/#\\\/schema\\\/logo\\\/image\\\/\"},\"sameAs\":[\"https:\\\/\\\/www.facebook.com\\\/MinesSaintEtienne\",\"https:\\\/\\\/x.com\\\/MINES_StEtienne\",\"https:\\\/\\\/www.youtube.com\\\/channel\\\/UCVSdpdmJccvUngjJ2on1n3A\"]}]}<\/script>\n<!-- \/ Yoast SEO plugin. -->","yoast_head_json":{"title":"Le projet JuvenTwin - JuvenTwin","robots":{"index":"index","follow":"follow","max-snippet":"max-snippet:-1","max-image-preview":"max-image-preview:large","max-video-preview":"max-video-preview:-1"},"canonical":"https:\/\/www.mines-stetienne.fr\/juven-twin-fr\/le-projet\/","og_locale":"fr_FR","og_type":"article","og_title":"Le projet JuvenTwin - JuvenTwin","og_description":"Le&nbsp;vieillissement vasculaire&nbsp;joue un r\u00f4le cl\u00e9 dans de nombreuses maladies chroniques. Un des principaux facteurs de risque associ\u00e9s \u00e0 ce processus est&nbsp;l\u2019augmentation de la rigidit\u00e9 art\u00e9rielle. Lorsque les art\u00e8res perdent leur \u00e9lasticit\u00e9, elles ne peuvent plus absorber efficacement les fluctuations de &hellip;","og_url":"https:\/\/www.mines-stetienne.fr\/juven-twin-fr\/le-projet\/","og_site_name":"JuvenTwin","article_publisher":"https:\/\/www.facebook.com\/MinesSaintEtienne","article_modified_time":"2025-01-13T14:55:59+00:00","og_image":[{"width":1416,"height":438,"url":"https:\/\/www.mines-stetienne.fr\/juven-twin-fr\/wp-content\/uploads\/sites\/20\/2025\/01\/PAGE-PROJET_schema.png","type":"image\/png"}],"twitter_card":"summary_large_image","twitter_site":"@MINES_StEtienne","twitter_misc":{"Dur\u00e9e de lecture estim\u00e9e":"3 minutes"},"schema":{"@context":"https:\/\/schema.org","@graph":[{"@type":"WebPage","@id":"https:\/\/www.mines-stetienne.fr\/juven-twin-fr\/le-projet\/","url":"https:\/\/www.mines-stetienne.fr\/juven-twin-fr\/le-projet\/","name":"Le projet JuvenTwin - JuvenTwin","isPartOf":{"@id":"https:\/\/www.mines-stetienne.fr\/juven-twin-fr\/#website"},"primaryImageOfPage":{"@id":"https:\/\/www.mines-stetienne.fr\/juven-twin-fr\/le-projet\/#primaryimage"},"image":{"@id":"https:\/\/www.mines-stetienne.fr\/juven-twin-fr\/le-projet\/#primaryimage"},"thumbnailUrl":"https:\/\/www.mines-stetienne.fr\/juven-twin-fr\/wp-content\/uploads\/sites\/20\/2025\/01\/PAGE-PROJET_schema.png","datePublished":"2024-12-13T12:57:28+00:00","dateModified":"2025-01-13T14:55:59+00:00","breadcrumb":{"@id":"https:\/\/www.mines-stetienne.fr\/juven-twin-fr\/le-projet\/#breadcrumb"},"inLanguage":"fr-FR","potentialAction":[{"@type":"ReadAction","target":["https:\/\/www.mines-stetienne.fr\/juven-twin-fr\/le-projet\/"]}]},{"@type":"ImageObject","inLanguage":"fr-FR","@id":"https:\/\/www.mines-stetienne.fr\/juven-twin-fr\/le-projet\/#primaryimage","url":"https:\/\/www.mines-stetienne.fr\/juven-twin-fr\/wp-content\/uploads\/sites\/20\/2025\/01\/PAGE-PROJET_schema.png","contentUrl":"https:\/\/www.mines-stetienne.fr\/juven-twin-fr\/wp-content\/uploads\/sites\/20\/2025\/01\/PAGE-PROJET_schema.png","width":1416,"height":438},{"@type":"BreadcrumbList","@id":"https:\/\/www.mines-stetienne.fr\/juven-twin-fr\/le-projet\/#breadcrumb","itemListElement":[{"@type":"ListItem","position":1,"name":"Accueil","item":"https:\/\/www.mines-stetienne.fr\/juven-twin-fr\/"},{"@type":"ListItem","position":2,"name":"Le projet JuvenTwin"}]},{"@type":"WebSite","@id":"https:\/\/www.mines-stetienne.fr\/juven-twin-fr\/#website","url":"https:\/\/www.mines-stetienne.fr\/juven-twin-fr\/","name":"JuvenTwin","description":"Des jumeaux num\u00e9riques pour suivre l\u2019\u00e9volution des art\u00e8res","publisher":{"@id":"https:\/\/www.mines-stetienne.fr\/juven-twin-fr\/#organization"},"potentialAction":[{"@type":"SearchAction","target":{"@type":"EntryPoint","urlTemplate":"https:\/\/www.mines-stetienne.fr\/juven-twin-fr\/?s={search_term_string}"},"query-input":{"@type":"PropertyValueSpecification","valueRequired":true,"valueName":"search_term_string"}}],"inLanguage":"fr-FR"},{"@type":"Organization","@id":"https:\/\/www.mines-stetienne.fr\/juven-twin-fr\/#organization","name":"\u00c9cole des Mines de Saint-\u00c9tienne","url":"https:\/\/www.mines-stetienne.fr\/juven-twin-fr\/","logo":{"@type":"ImageObject","inLanguage":"fr-FR","@id":"https:\/\/www.mines-stetienne.fr\/juven-twin-fr\/#\/schema\/logo\/image\/","url":"https:\/\/www.mines-stetienne.fr\/wp-content\/uploads\/2018\/05\/Mines_Saint_Etienne_IMT_RVB.png","contentUrl":"https:\/\/www.mines-stetienne.fr\/wp-content\/uploads\/2018\/05\/Mines_Saint_Etienne_IMT_RVB.png","width":316,"height":315,"caption":"\u00c9cole des Mines de Saint-\u00c9tienne"},"image":{"@id":"https:\/\/www.mines-stetienne.fr\/juven-twin-fr\/#\/schema\/logo\/image\/"},"sameAs":["https:\/\/www.facebook.com\/MinesSaintEtienne","https:\/\/x.com\/MINES_StEtienne","https:\/\/www.youtube.com\/channel\/UCVSdpdmJccvUngjJ2on1n3A"]}]}},"_links":{"self":[{"href":"https:\/\/www.mines-stetienne.fr\/juven-twin-fr\/wp-json\/wp\/v2\/pages\/7","targetHints":{"allow":["GET"]}}],"collection":[{"href":"https:\/\/www.mines-stetienne.fr\/juven-twin-fr\/wp-json\/wp\/v2\/pages"}],"about":[{"href":"https:\/\/www.mines-stetienne.fr\/juven-twin-fr\/wp-json\/wp\/v2\/types\/page"}],"author":[{"embeddable":true,"href":"https:\/\/www.mines-stetienne.fr\/juven-twin-fr\/wp-json\/wp\/v2\/users\/2"}],"replies":[{"embeddable":true,"href":"https:\/\/www.mines-stetienne.fr\/juven-twin-fr\/wp-json\/wp\/v2\/comments?post=7"}],"version-history":[{"count":19,"href":"https:\/\/www.mines-stetienne.fr\/juven-twin-fr\/wp-json\/wp\/v2\/pages\/7\/revisions"}],"predecessor-version":[{"id":161,"href":"https:\/\/www.mines-stetienne.fr\/juven-twin-fr\/wp-json\/wp\/v2\/pages\/7\/revisions\/161"}],"wp:attachment":[{"href":"https:\/\/www.mines-stetienne.fr\/juven-twin-fr\/wp-json\/wp\/v2\/media?parent=7"}],"wp:term":[{"taxonomy":"post_tag","embeddable":true,"href":"https:\/\/www.mines-stetienne.fr\/juven-twin-fr\/wp-json\/wp\/v2\/tags?post=7"}],"curies":[{"name":"wp","href":"https:\/\/api.w.org\/{rel}","templated":true}]}}