{"id":2,"date":"2024-12-13T11:41:15","date_gmt":"2024-12-13T10:41:15","guid":{"rendered":"https:\/\/www.mines-stetienne.fr\/juven-twin-fr\/?page_id=2"},"modified":"2024-12-18T07:30:10","modified_gmt":"2024-12-18T06:30:10","slug":"page-d-exemple","status":"publish","type":"page","link":"https:\/\/www.mines-stetienne.fr\/juven-twin-fr\/","title":{"rendered":"Accueil"},"content":{"rendered":"\n<figure class=\"wp-block-embed aligncenter is-type-video is-provider-youtube wp-block-embed-youtube center wp-embed-aspect-16-9 wp-has-aspect-ratio\"><div class=\"wp-block-embed__wrapper\">\n<iframe loading=\"lazy\" title=\"Peut-on retarder le vieillissement ? R\u00e9ponse avec le projet JUVEN TWIN men\u00e9 par St\u00e9phane Avril\" width=\"640\" height=\"360\" src=\"https:\/\/www.youtube.com\/embed\/JRqxXqP_XMg?feature=oembed\" frameborder=\"0\" allow=\"accelerometer; autoplay; clipboard-write; encrypted-media; gyroscope; picture-in-picture; web-share\" referrerpolicy=\"strict-origin-when-cross-origin\" allowfullscreen><\/iframe>\n<\/div><\/figure>\n\n\n\n<p>D\u2019ici 2050, 30 % des citoyens europ\u00e9ens auront plus de 65 ans, et 10 % d\u00e9passeront les 80 ans. Si l\u2019esp\u00e9rance de vie a progress\u00e9 de 30 ans au cours du dernier si\u00e8cle, cette long\u00e9vit\u00e9 accrue s\u2019accompagne souvent d\u2019un allongement des ann\u00e9es v\u00e9cues avec des maladies chroniques, notamment les maladies cardiovasculaires.<\/p>\n\n\n\n<p>Un facteur cl\u00e9 du vieillissement est la perte d\u2019\u00e9lasticit\u00e9 des art\u00e8res, un ph\u00e9nom\u00e8ne pouvant provoquer des pathologies graves telles que l\u2019hypertension, l\u2019ath\u00e9roscl\u00e9rose, les an\u00e9vrismes, ainsi que l\u2019insuffisance cardiaque ou encore des troubles neurovasculaires li\u00e9s \u00e0 la maladie d\u2019Alzheimer.<\/p>\n\n\n\n<p>Le projet&nbsp;<strong>JuvenTwin<\/strong>&nbsp;a pour ambition de comprendre et de contrer les m\u00e9canismes de rigidification des art\u00e8res. En s\u2019appuyant sur des \u00ab\u00a0jumeaux num\u00e9riques\u00a0\u00bb de pointe, il vise \u00e0 d\u00e9crypter les processus m\u00e9canobiologiques \u00e0 l\u2019\u00e9chelle cellulaire pour retarder, voire inverser, les effets du vieillissement art\u00e9riel.<\/p>\n\n\n\n<p><strong>Les quatre objectifs majeurs du projet sont :<\/strong><\/p>\n\n\n\n<ol class=\"wp-block-list\">\n<li>Identifier les impacts du vieillissement sur les cellules des parois art\u00e9rielles.<\/li>\n\n\n\n<li>\u00c9tudier les interactions m\u00e9canobiologiques qui influencent ces cellules.<\/li>\n\n\n\n<li>Simuler ces processus \u00e0 l\u2019\u00e9chelle syst\u00e9mique pour mieux les comprendre.<\/li>\n\n\n\n<li>D\u00e9velopper des th\u00e9rapies innovantes capables de pr\u00e9server ou restaurer la sant\u00e9 art\u00e9rielle.<\/li>\n<\/ol>\n\n\n\n<p>En mobilisant des technologies de pointe, telles que l\u2019intelligence artificielle, l\u2019interf\u00e9rom\u00e9trie et des mod\u00e8les math\u00e9matiques avanc\u00e9s, JuvenTwin esp\u00e8re mettre au point des traitements r\u00e9volutionnaires d\u2019ici 2030. L\u2019objectif est de prolonger la sant\u00e9 vasculaire et d\u2019am\u00e9liorer significativement la qualit\u00e9 de vie des personnes \u00e2g\u00e9es.<\/p>\n","protected":false},"excerpt":{"rendered":"<p>D\u2019ici 2050, 30 % des citoyens europ\u00e9ens auront plus de 65 ans, et 10 % d\u00e9passeront les 80 ans. Si l\u2019esp\u00e9rance de vie a progress\u00e9 de 30 ans au cours du dernier si\u00e8cle, cette long\u00e9vit\u00e9 accrue s\u2019accompagne souvent d\u2019un allongement &hellip;<\/p>\n","protected":false},"author":1482,"featured_media":0,"parent":0,"menu_order":0,"comment_status":"closed","ping_status":"open","template":"","meta":{"footnotes":""},"tags":[],"class_list":["post-2","page","type-page","status-publish","hentry"],"pp_statuses_selecting_workflow":false,"pp_workflow_action":"current","pp_status_selection":"publish","pp_force_visibility":null,"pp_subpost_visibility":null,"pp_inherited_force_visibility":null,"pp_inherited_subpost_visibility":null,"yoast_head":"<!-- This site is optimized with the Yoast SEO plugin v27.5 - https:\/\/yoast.com\/product\/yoast-seo-wordpress\/ -->\n<title>Accueil - JuvenTwin<\/title>\n<meta name=\"robots\" content=\"index, follow, max-snippet:-1, max-image-preview:large, max-video-preview:-1\" \/>\n<link rel=\"canonical\" href=\"https:\/\/www.mines-stetienne.fr\/juven-twin-fr\/\" \/>\n<meta property=\"og:locale\" content=\"fr_FR\" \/>\n<meta property=\"og:type\" content=\"article\" \/>\n<meta property=\"og:title\" content=\"Accueil - JuvenTwin\" \/>\n<meta property=\"og:description\" content=\"D\u2019ici 2050, 30 % des citoyens europ\u00e9ens auront plus de 65 ans, et 10 % d\u00e9passeront les 80 ans. Si l\u2019esp\u00e9rance de vie a progress\u00e9 de 30 ans au cours du dernier si\u00e8cle, cette long\u00e9vit\u00e9 accrue s\u2019accompagne souvent d\u2019un allongement &hellip;\" \/>\n<meta property=\"og:url\" content=\"https:\/\/www.mines-stetienne.fr\/juven-twin-fr\/\" \/>\n<meta property=\"og:site_name\" content=\"JuvenTwin\" \/>\n<meta property=\"article:publisher\" content=\"https:\/\/www.facebook.com\/MinesSaintEtienne\" \/>\n<meta property=\"article:modified_time\" content=\"2024-12-18T06:30:10+00:00\" \/>\n<meta name=\"twitter:card\" content=\"summary_large_image\" \/>\n<meta name=\"twitter:site\" content=\"@MINES_StEtienne\" \/>\n<meta name=\"twitter:label1\" content=\"Dur\u00e9e de lecture estim\u00e9e\" \/>\n\t<meta name=\"twitter:data1\" content=\"2 minutes\" \/>\n<script type=\"application\/ld+json\" class=\"yoast-schema-graph\">{\"@context\":\"https:\\\/\\\/schema.org\",\"@graph\":[{\"@type\":\"WebPage\",\"@id\":\"https:\\\/\\\/www.mines-stetienne.fr\\\/juven-twin-fr\\\/\",\"url\":\"https:\\\/\\\/www.mines-stetienne.fr\\\/juven-twin-fr\\\/\",\"name\":\"Accueil - JuvenTwin\",\"isPartOf\":{\"@id\":\"https:\\\/\\\/www.mines-stetienne.fr\\\/juven-twin-fr\\\/#website\"},\"datePublished\":\"2024-12-13T10:41:15+00:00\",\"dateModified\":\"2024-12-18T06:30:10+00:00\",\"breadcrumb\":{\"@id\":\"https:\\\/\\\/www.mines-stetienne.fr\\\/juven-twin-fr\\\/#breadcrumb\"},\"inLanguage\":\"fr-FR\",\"potentialAction\":[{\"@type\":\"ReadAction\",\"target\":[\"https:\\\/\\\/www.mines-stetienne.fr\\\/juven-twin-fr\\\/\"]}]},{\"@type\":\"BreadcrumbList\",\"@id\":\"https:\\\/\\\/www.mines-stetienne.fr\\\/juven-twin-fr\\\/#breadcrumb\",\"itemListElement\":[{\"@type\":\"ListItem\",\"position\":1,\"name\":\"Accueil\",\"item\":\"https:\\\/\\\/www.mines-stetienne.fr\\\/juven-twin-fr\\\/\"},{\"@type\":\"ListItem\",\"position\":2,\"name\":\"Accueil\"}]},{\"@type\":\"WebSite\",\"@id\":\"https:\\\/\\\/www.mines-stetienne.fr\\\/juven-twin-fr\\\/#website\",\"url\":\"https:\\\/\\\/www.mines-stetienne.fr\\\/juven-twin-fr\\\/\",\"name\":\"JuvenTwin\",\"description\":\"Des jumeaux num\u00e9riques pour suivre l\u2019\u00e9volution des art\u00e8res\",\"publisher\":{\"@id\":\"https:\\\/\\\/www.mines-stetienne.fr\\\/juven-twin-fr\\\/#organization\"},\"potentialAction\":[{\"@type\":\"SearchAction\",\"target\":{\"@type\":\"EntryPoint\",\"urlTemplate\":\"https:\\\/\\\/www.mines-stetienne.fr\\\/juven-twin-fr\\\/?s={search_term_string}\"},\"query-input\":{\"@type\":\"PropertyValueSpecification\",\"valueRequired\":true,\"valueName\":\"search_term_string\"}}],\"inLanguage\":\"fr-FR\"},{\"@type\":\"Organization\",\"@id\":\"https:\\\/\\\/www.mines-stetienne.fr\\\/juven-twin-fr\\\/#organization\",\"name\":\"\u00c9cole des Mines de Saint-\u00c9tienne\",\"url\":\"https:\\\/\\\/www.mines-stetienne.fr\\\/juven-twin-fr\\\/\",\"logo\":{\"@type\":\"ImageObject\",\"inLanguage\":\"fr-FR\",\"@id\":\"https:\\\/\\\/www.mines-stetienne.fr\\\/juven-twin-fr\\\/#\\\/schema\\\/logo\\\/image\\\/\",\"url\":\"https:\\\/\\\/www.mines-stetienne.fr\\\/wp-content\\\/uploads\\\/2018\\\/05\\\/Mines_Saint_Etienne_IMT_RVB.png\",\"contentUrl\":\"https:\\\/\\\/www.mines-stetienne.fr\\\/wp-content\\\/uploads\\\/2018\\\/05\\\/Mines_Saint_Etienne_IMT_RVB.png\",\"width\":316,\"height\":315,\"caption\":\"\u00c9cole des Mines de Saint-\u00c9tienne\"},\"image\":{\"@id\":\"https:\\\/\\\/www.mines-stetienne.fr\\\/juven-twin-fr\\\/#\\\/schema\\\/logo\\\/image\\\/\"},\"sameAs\":[\"https:\\\/\\\/www.facebook.com\\\/MinesSaintEtienne\",\"https:\\\/\\\/x.com\\\/MINES_StEtienne\",\"https:\\\/\\\/www.youtube.com\\\/channel\\\/UCVSdpdmJccvUngjJ2on1n3A\"]}]}<\/script>\n<!-- \/ Yoast SEO plugin. -->","yoast_head_json":{"title":"Accueil - JuvenTwin","robots":{"index":"index","follow":"follow","max-snippet":"max-snippet:-1","max-image-preview":"max-image-preview:large","max-video-preview":"max-video-preview:-1"},"canonical":"https:\/\/www.mines-stetienne.fr\/juven-twin-fr\/","og_locale":"fr_FR","og_type":"article","og_title":"Accueil - JuvenTwin","og_description":"D\u2019ici 2050, 30 % des citoyens europ\u00e9ens auront plus de 65 ans, et 10 % d\u00e9passeront les 80 ans. Si l\u2019esp\u00e9rance de vie a progress\u00e9 de 30 ans au cours du dernier si\u00e8cle, cette long\u00e9vit\u00e9 accrue s\u2019accompagne souvent d\u2019un allongement &hellip;","og_url":"https:\/\/www.mines-stetienne.fr\/juven-twin-fr\/","og_site_name":"JuvenTwin","article_publisher":"https:\/\/www.facebook.com\/MinesSaintEtienne","article_modified_time":"2024-12-18T06:30:10+00:00","twitter_card":"summary_large_image","twitter_site":"@MINES_StEtienne","twitter_misc":{"Dur\u00e9e de lecture estim\u00e9e":"2 minutes"},"schema":{"@context":"https:\/\/schema.org","@graph":[{"@type":"WebPage","@id":"https:\/\/www.mines-stetienne.fr\/juven-twin-fr\/","url":"https:\/\/www.mines-stetienne.fr\/juven-twin-fr\/","name":"Accueil - JuvenTwin","isPartOf":{"@id":"https:\/\/www.mines-stetienne.fr\/juven-twin-fr\/#website"},"datePublished":"2024-12-13T10:41:15+00:00","dateModified":"2024-12-18T06:30:10+00:00","breadcrumb":{"@id":"https:\/\/www.mines-stetienne.fr\/juven-twin-fr\/#breadcrumb"},"inLanguage":"fr-FR","potentialAction":[{"@type":"ReadAction","target":["https:\/\/www.mines-stetienne.fr\/juven-twin-fr\/"]}]},{"@type":"BreadcrumbList","@id":"https:\/\/www.mines-stetienne.fr\/juven-twin-fr\/#breadcrumb","itemListElement":[{"@type":"ListItem","position":1,"name":"Accueil","item":"https:\/\/www.mines-stetienne.fr\/juven-twin-fr\/"},{"@type":"ListItem","position":2,"name":"Accueil"}]},{"@type":"WebSite","@id":"https:\/\/www.mines-stetienne.fr\/juven-twin-fr\/#website","url":"https:\/\/www.mines-stetienne.fr\/juven-twin-fr\/","name":"JuvenTwin","description":"Des jumeaux num\u00e9riques pour suivre l\u2019\u00e9volution des art\u00e8res","publisher":{"@id":"https:\/\/www.mines-stetienne.fr\/juven-twin-fr\/#organization"},"potentialAction":[{"@type":"SearchAction","target":{"@type":"EntryPoint","urlTemplate":"https:\/\/www.mines-stetienne.fr\/juven-twin-fr\/?s={search_term_string}"},"query-input":{"@type":"PropertyValueSpecification","valueRequired":true,"valueName":"search_term_string"}}],"inLanguage":"fr-FR"},{"@type":"Organization","@id":"https:\/\/www.mines-stetienne.fr\/juven-twin-fr\/#organization","name":"\u00c9cole des Mines de Saint-\u00c9tienne","url":"https:\/\/www.mines-stetienne.fr\/juven-twin-fr\/","logo":{"@type":"ImageObject","inLanguage":"fr-FR","@id":"https:\/\/www.mines-stetienne.fr\/juven-twin-fr\/#\/schema\/logo\/image\/","url":"https:\/\/www.mines-stetienne.fr\/wp-content\/uploads\/2018\/05\/Mines_Saint_Etienne_IMT_RVB.png","contentUrl":"https:\/\/www.mines-stetienne.fr\/wp-content\/uploads\/2018\/05\/Mines_Saint_Etienne_IMT_RVB.png","width":316,"height":315,"caption":"\u00c9cole des Mines de Saint-\u00c9tienne"},"image":{"@id":"https:\/\/www.mines-stetienne.fr\/juven-twin-fr\/#\/schema\/logo\/image\/"},"sameAs":["https:\/\/www.facebook.com\/MinesSaintEtienne","https:\/\/x.com\/MINES_StEtienne","https:\/\/www.youtube.com\/channel\/UCVSdpdmJccvUngjJ2on1n3A"]}]}},"_links":{"self":[{"href":"https:\/\/www.mines-stetienne.fr\/juven-twin-fr\/wp-json\/wp\/v2\/pages\/2","targetHints":{"allow":["GET"]}}],"collection":[{"href":"https:\/\/www.mines-stetienne.fr\/juven-twin-fr\/wp-json\/wp\/v2\/pages"}],"about":[{"href":"https:\/\/www.mines-stetienne.fr\/juven-twin-fr\/wp-json\/wp\/v2\/types\/page"}],"author":[{"embeddable":true,"href":"https:\/\/www.mines-stetienne.fr\/juven-twin-fr\/wp-json\/wp\/v2\/users\/1482"}],"replies":[{"embeddable":true,"href":"https:\/\/www.mines-stetienne.fr\/juven-twin-fr\/wp-json\/wp\/v2\/comments?post=2"}],"version-history":[{"count":20,"href":"https:\/\/www.mines-stetienne.fr\/juven-twin-fr\/wp-json\/wp\/v2\/pages\/2\/revisions"}],"predecessor-version":[{"id":163,"href":"https:\/\/www.mines-stetienne.fr\/juven-twin-fr\/wp-json\/wp\/v2\/pages\/2\/revisions\/163"}],"wp:attachment":[{"href":"https:\/\/www.mines-stetienne.fr\/juven-twin-fr\/wp-json\/wp\/v2\/media?parent=2"}],"wp:term":[{"taxonomy":"post_tag","embeddable":true,"href":"https:\/\/www.mines-stetienne.fr\/juven-twin-fr\/wp-json\/wp\/v2\/tags?post=2"}],"curies":[{"name":"wp","href":"https:\/\/api.w.org\/{rel}","templated":true}]}}