{"id":15,"date":"2024-12-13T13:58:27","date_gmt":"2024-12-13T12:58:27","guid":{"rendered":"https:\/\/www.mines-stetienne.fr\/juven-twin-fr\/?page_id=15"},"modified":"2024-12-18T07:39:25","modified_gmt":"2024-12-18T06:39:25","slug":"contact","status":"publish","type":"page","link":"https:\/\/www.mines-stetienne.fr\/juven-twin-fr\/contact\/","title":{"rendered":"Contact et informations pratiques"},"content":{"rendered":"\n<div class=\"wp-block-columns is-layout-flex wp-container-core-columns-is-layout-9d6595d7 wp-block-columns-is-layout-flex\">\n<div class=\"wp-block-column is-layout-flow wp-block-column-is-layout-flow\">\n<ul class=\"wp-block-list\">\n<li><strong>Directeur<\/strong><br>St\u00e9phane Avril<\/li>\n\n\n\n<li><strong>Mail<\/strong><br><a href=\"&#109;&#x61;i&#108;&#x74;o&#58;&#x61;v&#114;&#x69;l&#64;&#x6d;&#105;&#x6e;&#x65;&#115;&#x2d;&#x73;&#116;&#x65;t&#105;&#x65;n&#110;&#x65;&#46;&#102;&#x72;\">&#x61;&#118;&#x72;&#x69;&#108;&#x40;&#x6d;&#105;&#x6e;&#x65;&#115;&#x2d;&#x73;t&#x65;&#x74;i&#x65;&#110;n&#x65;&#46;f&#x72;<\/a><\/li>\n\n\n\n<li><strong>T\u00e9l\u00e9phone<\/strong><br> +33 4 77 42 01 88<\/li>\n<\/ul>\n<\/div>\n\n\n\n<div class=\"wp-block-column is-layout-flow wp-block-column-is-layout-flow\">\n<ul class=\"wp-block-list\">\n<li><strong>Adresse<\/strong><br>\u00c9cole des mines de Saint-\u00c9tienne<br>Centre Ing\u00e9nierie et Sant\u00e9<br>10, rue de la Marandi\u00e8re,<br>42270 Saint-Priest-en-Jarez, France<\/li>\n\n\n\n<li><strong>Transport<\/strong><br>Tram T2, arr\u00eat \u00ab&nbsp;H\u00f4pital Nord&nbsp;\u00bb<\/li>\n<\/ul>\n<\/div>\n<\/div>\n\n\n\n<iframe loading=\"lazy\" width=\"100%\" height=\"350px\" frameborder=\"0\" allowfullscreen allow=\"geolocation\" src=\"\/\/umap.openstreetmap.fr\/fr\/map\/ecole-des-mines-de-saint-etienne-campus-sante-inno_1146721?scaleControl=false&#038;miniMap=false&#038;scrollWheelZoom=false&#038;zoomControl=true&#038;editMode=disabled&#038;moreControl=false&#038;searchControl=null&#038;tilelayersControl=null&#038;embedControl=null&#038;datalayersControl=true&#038;onLoadPanel=none&#038;captionBar=false&#038;captionMenus=true#15\/45.4833\/4.3606\"><\/iframe>\n","protected":false},"excerpt":{"rendered":"","protected":false},"author":2,"featured_media":0,"parent":0,"menu_order":50,"comment_status":"closed","ping_status":"closed","template":"","meta":{"footnotes":""},"tags":[],"class_list":["post-15","page","type-page","status-publish","hentry"],"pp_statuses_selecting_workflow":false,"pp_workflow_action":"current","pp_status_selection":"publish","pp_force_visibility":null,"pp_subpost_visibility":null,"pp_inherited_force_visibility":null,"pp_inherited_subpost_visibility":null,"yoast_head":"<!-- This site is optimized with the Yoast SEO plugin v27.5 - https:\/\/yoast.com\/product\/yoast-seo-wordpress\/ -->\n<title>Contact et informations pratiques - JuvenTwin<\/title>\n<meta name=\"robots\" content=\"index, follow, max-snippet:-1, max-image-preview:large, max-video-preview:-1\" \/>\n<link rel=\"canonical\" href=\"https:\/\/www.mines-stetienne.fr\/juven-twin-fr\/contact\/\" \/>\n<meta property=\"og:locale\" content=\"fr_FR\" \/>\n<meta property=\"og:type\" content=\"article\" \/>\n<meta property=\"og:title\" content=\"Contact et informations pratiques - JuvenTwin\" \/>\n<meta property=\"og:url\" content=\"https:\/\/www.mines-stetienne.fr\/juven-twin-fr\/contact\/\" \/>\n<meta property=\"og:site_name\" content=\"JuvenTwin\" \/>\n<meta property=\"article:publisher\" content=\"https:\/\/www.facebook.com\/MinesSaintEtienne\" \/>\n<meta property=\"article:modified_time\" content=\"2024-12-18T06:39:25+00:00\" \/>\n<meta name=\"twitter:card\" content=\"summary_large_image\" \/>\n<meta name=\"twitter:site\" content=\"@MINES_StEtienne\" \/>\n<meta name=\"twitter:label1\" content=\"Dur\u00e9e de lecture estim\u00e9e\" \/>\n\t<meta name=\"twitter:data1\" content=\"1 minute\" \/>\n<script type=\"application\/ld+json\" class=\"yoast-schema-graph\">{\"@context\":\"https:\\\/\\\/schema.org\",\"@graph\":[{\"@type\":\"WebPage\",\"@id\":\"https:\\\/\\\/www.mines-stetienne.fr\\\/juven-twin-fr\\\/contact\\\/\",\"url\":\"https:\\\/\\\/www.mines-stetienne.fr\\\/juven-twin-fr\\\/contact\\\/\",\"name\":\"Contact et informations pratiques - JuvenTwin\",\"isPartOf\":{\"@id\":\"https:\\\/\\\/www.mines-stetienne.fr\\\/juven-twin-fr\\\/#website\"},\"datePublished\":\"2024-12-13T12:58:27+00:00\",\"dateModified\":\"2024-12-18T06:39:25+00:00\",\"breadcrumb\":{\"@id\":\"https:\\\/\\\/www.mines-stetienne.fr\\\/juven-twin-fr\\\/contact\\\/#breadcrumb\"},\"inLanguage\":\"fr-FR\",\"potentialAction\":[{\"@type\":\"ReadAction\",\"target\":[\"https:\\\/\\\/www.mines-stetienne.fr\\\/juven-twin-fr\\\/contact\\\/\"]}]},{\"@type\":\"BreadcrumbList\",\"@id\":\"https:\\\/\\\/www.mines-stetienne.fr\\\/juven-twin-fr\\\/contact\\\/#breadcrumb\",\"itemListElement\":[{\"@type\":\"ListItem\",\"position\":1,\"name\":\"Accueil\",\"item\":\"https:\\\/\\\/www.mines-stetienne.fr\\\/juven-twin-fr\\\/\"},{\"@type\":\"ListItem\",\"position\":2,\"name\":\"Contact et informations pratiques\"}]},{\"@type\":\"WebSite\",\"@id\":\"https:\\\/\\\/www.mines-stetienne.fr\\\/juven-twin-fr\\\/#website\",\"url\":\"https:\\\/\\\/www.mines-stetienne.fr\\\/juven-twin-fr\\\/\",\"name\":\"JuvenTwin\",\"description\":\"Des jumeaux num\u00e9riques pour suivre l\u2019\u00e9volution des art\u00e8res\",\"publisher\":{\"@id\":\"https:\\\/\\\/www.mines-stetienne.fr\\\/juven-twin-fr\\\/#organization\"},\"potentialAction\":[{\"@type\":\"SearchAction\",\"target\":{\"@type\":\"EntryPoint\",\"urlTemplate\":\"https:\\\/\\\/www.mines-stetienne.fr\\\/juven-twin-fr\\\/?s={search_term_string}\"},\"query-input\":{\"@type\":\"PropertyValueSpecification\",\"valueRequired\":true,\"valueName\":\"search_term_string\"}}],\"inLanguage\":\"fr-FR\"},{\"@type\":\"Organization\",\"@id\":\"https:\\\/\\\/www.mines-stetienne.fr\\\/juven-twin-fr\\\/#organization\",\"name\":\"\u00c9cole des Mines de Saint-\u00c9tienne\",\"url\":\"https:\\\/\\\/www.mines-stetienne.fr\\\/juven-twin-fr\\\/\",\"logo\":{\"@type\":\"ImageObject\",\"inLanguage\":\"fr-FR\",\"@id\":\"https:\\\/\\\/www.mines-stetienne.fr\\\/juven-twin-fr\\\/#\\\/schema\\\/logo\\\/image\\\/\",\"url\":\"https:\\\/\\\/www.mines-stetienne.fr\\\/wp-content\\\/uploads\\\/2018\\\/05\\\/Mines_Saint_Etienne_IMT_RVB.png\",\"contentUrl\":\"https:\\\/\\\/www.mines-stetienne.fr\\\/wp-content\\\/uploads\\\/2018\\\/05\\\/Mines_Saint_Etienne_IMT_RVB.png\",\"width\":316,\"height\":315,\"caption\":\"\u00c9cole des Mines de Saint-\u00c9tienne\"},\"image\":{\"@id\":\"https:\\\/\\\/www.mines-stetienne.fr\\\/juven-twin-fr\\\/#\\\/schema\\\/logo\\\/image\\\/\"},\"sameAs\":[\"https:\\\/\\\/www.facebook.com\\\/MinesSaintEtienne\",\"https:\\\/\\\/x.com\\\/MINES_StEtienne\",\"https:\\\/\\\/www.youtube.com\\\/channel\\\/UCVSdpdmJccvUngjJ2on1n3A\"]}]}<\/script>\n<!-- \/ Yoast SEO plugin. -->","yoast_head_json":{"title":"Contact et informations pratiques - JuvenTwin","robots":{"index":"index","follow":"follow","max-snippet":"max-snippet:-1","max-image-preview":"max-image-preview:large","max-video-preview":"max-video-preview:-1"},"canonical":"https:\/\/www.mines-stetienne.fr\/juven-twin-fr\/contact\/","og_locale":"fr_FR","og_type":"article","og_title":"Contact et informations pratiques - JuvenTwin","og_url":"https:\/\/www.mines-stetienne.fr\/juven-twin-fr\/contact\/","og_site_name":"JuvenTwin","article_publisher":"https:\/\/www.facebook.com\/MinesSaintEtienne","article_modified_time":"2024-12-18T06:39:25+00:00","twitter_card":"summary_large_image","twitter_site":"@MINES_StEtienne","twitter_misc":{"Dur\u00e9e de lecture estim\u00e9e":"1 minute"},"schema":{"@context":"https:\/\/schema.org","@graph":[{"@type":"WebPage","@id":"https:\/\/www.mines-stetienne.fr\/juven-twin-fr\/contact\/","url":"https:\/\/www.mines-stetienne.fr\/juven-twin-fr\/contact\/","name":"Contact et informations pratiques - JuvenTwin","isPartOf":{"@id":"https:\/\/www.mines-stetienne.fr\/juven-twin-fr\/#website"},"datePublished":"2024-12-13T12:58:27+00:00","dateModified":"2024-12-18T06:39:25+00:00","breadcrumb":{"@id":"https:\/\/www.mines-stetienne.fr\/juven-twin-fr\/contact\/#breadcrumb"},"inLanguage":"fr-FR","potentialAction":[{"@type":"ReadAction","target":["https:\/\/www.mines-stetienne.fr\/juven-twin-fr\/contact\/"]}]},{"@type":"BreadcrumbList","@id":"https:\/\/www.mines-stetienne.fr\/juven-twin-fr\/contact\/#breadcrumb","itemListElement":[{"@type":"ListItem","position":1,"name":"Accueil","item":"https:\/\/www.mines-stetienne.fr\/juven-twin-fr\/"},{"@type":"ListItem","position":2,"name":"Contact et informations pratiques"}]},{"@type":"WebSite","@id":"https:\/\/www.mines-stetienne.fr\/juven-twin-fr\/#website","url":"https:\/\/www.mines-stetienne.fr\/juven-twin-fr\/","name":"JuvenTwin","description":"Des jumeaux num\u00e9riques pour suivre l\u2019\u00e9volution des art\u00e8res","publisher":{"@id":"https:\/\/www.mines-stetienne.fr\/juven-twin-fr\/#organization"},"potentialAction":[{"@type":"SearchAction","target":{"@type":"EntryPoint","urlTemplate":"https:\/\/www.mines-stetienne.fr\/juven-twin-fr\/?s={search_term_string}"},"query-input":{"@type":"PropertyValueSpecification","valueRequired":true,"valueName":"search_term_string"}}],"inLanguage":"fr-FR"},{"@type":"Organization","@id":"https:\/\/www.mines-stetienne.fr\/juven-twin-fr\/#organization","name":"\u00c9cole des Mines de Saint-\u00c9tienne","url":"https:\/\/www.mines-stetienne.fr\/juven-twin-fr\/","logo":{"@type":"ImageObject","inLanguage":"fr-FR","@id":"https:\/\/www.mines-stetienne.fr\/juven-twin-fr\/#\/schema\/logo\/image\/","url":"https:\/\/www.mines-stetienne.fr\/wp-content\/uploads\/2018\/05\/Mines_Saint_Etienne_IMT_RVB.png","contentUrl":"https:\/\/www.mines-stetienne.fr\/wp-content\/uploads\/2018\/05\/Mines_Saint_Etienne_IMT_RVB.png","width":316,"height":315,"caption":"\u00c9cole des Mines de Saint-\u00c9tienne"},"image":{"@id":"https:\/\/www.mines-stetienne.fr\/juven-twin-fr\/#\/schema\/logo\/image\/"},"sameAs":["https:\/\/www.facebook.com\/MinesSaintEtienne","https:\/\/x.com\/MINES_StEtienne","https:\/\/www.youtube.com\/channel\/UCVSdpdmJccvUngjJ2on1n3A"]}]}},"_links":{"self":[{"href":"https:\/\/www.mines-stetienne.fr\/juven-twin-fr\/wp-json\/wp\/v2\/pages\/15","targetHints":{"allow":["GET"]}}],"collection":[{"href":"https:\/\/www.mines-stetienne.fr\/juven-twin-fr\/wp-json\/wp\/v2\/pages"}],"about":[{"href":"https:\/\/www.mines-stetienne.fr\/juven-twin-fr\/wp-json\/wp\/v2\/types\/page"}],"author":[{"embeddable":true,"href":"https:\/\/www.mines-stetienne.fr\/juven-twin-fr\/wp-json\/wp\/v2\/users\/2"}],"replies":[{"embeddable":true,"href":"https:\/\/www.mines-stetienne.fr\/juven-twin-fr\/wp-json\/wp\/v2\/comments?post=15"}],"version-history":[{"count":4,"href":"https:\/\/www.mines-stetienne.fr\/juven-twin-fr\/wp-json\/wp\/v2\/pages\/15\/revisions"}],"predecessor-version":[{"id":87,"href":"https:\/\/www.mines-stetienne.fr\/juven-twin-fr\/wp-json\/wp\/v2\/pages\/15\/revisions\/87"}],"wp:attachment":[{"href":"https:\/\/www.mines-stetienne.fr\/juven-twin-fr\/wp-json\/wp\/v2\/media?parent=15"}],"wp:term":[{"taxonomy":"post_tag","embeddable":true,"href":"https:\/\/www.mines-stetienne.fr\/juven-twin-fr\/wp-json\/wp\/v2\/tags?post=15"}],"curies":[{"name":"wp","href":"https:\/\/api.w.org\/{rel}","templated":true}]}}