{"id":13,"date":"2024-12-13T13:58:18","date_gmt":"2024-12-13T12:58:18","guid":{"rendered":"https:\/\/www.mines-stetienne.fr\/juven-twin-fr\/?page_id=13"},"modified":"2025-01-13T15:54:17","modified_gmt":"2025-01-13T14:54:17","slug":"en-savoir-plus","status":"publish","type":"page","link":"https:\/\/www.mines-stetienne.fr\/juven-twin-fr\/en-savoir-plus\/","title":{"rendered":"En savoir plus"},"content":{"rendered":"\n<div class=\"wp-block-media-text is-stacked-on-mobile is-vertically-aligned-top\" style=\"grid-template-columns:40% auto\"><figure class=\"wp-block-media-text__media\"><img loading=\"lazy\" decoding=\"async\" width=\"368\" height=\"204\" src=\"https:\/\/www.mines-stetienne.fr\/juven-twin-fr\/wp-content\/uploads\/sites\/20\/2024\/12\/Loughborough-University.png\" alt=\"\" class=\"wp-image-69 size-full\" srcset=\"https:\/\/www.mines-stetienne.fr\/juven-twin-fr\/wp-content\/uploads\/sites\/20\/2024\/12\/Loughborough-University.png 368w, https:\/\/www.mines-stetienne.fr\/juven-twin-fr\/wp-content\/uploads\/sites\/20\/2024\/12\/Loughborough-University-300x166.png 300w\" sizes=\"auto, (max-width: 368px) 100vw, 368px\" \/><\/figure><div class=\"wp-block-media-text__content\">\n<h2 class=\"wp-block-heading\">Loughborough University<\/h2>\n\n\n\n<p>L\u2019Universit\u00e9 de Loughborough, situ\u00e9e en Grande-Bretagne, est un partenaire cl\u00e9 du projet. Elle contribuera par son expertise dans le d\u00e9veloppement d\u2019\u00e9quipements d\u00e9di\u00e9s \u00e0 l\u2019exp\u00e9rimentation.<\/p>\n\n\n\n<p><a href=\"http:\/\/\uf0e8\thttps:\/\/www.lboro.ac.uk\/research\/\" target=\"_blank\" rel=\"noreferrer noopener\">Loughborough University<\/a><\/p>\n<\/div><\/div>\n\n\n\n<hr class=\"wp-block-separator has-alpha-channel-opacity\"\/>\n\n\n\n<div class=\"wp-block-media-text has-media-on-the-right is-stacked-on-mobile is-vertically-aligned-top\" style=\"grid-template-columns:auto 40%\"><div class=\"wp-block-media-text__content\">\n<h2 class=\"wp-block-heading\">Mines Saint-\u00c9tienne <br>Centre ing\u00e9nierie et Sant\u00e9<\/h2>\n\n\n\n<p>Le Centre ing\u00e9nierie et Sant\u00e9, et plus particuli\u00e8rement le d\u00e9partement STBio (Biom\u00e9canique des tissus mous) se sp\u00e9cialise dans la mod\u00e9lisation et l&rsquo;exp\u00e9rimentation des tissus biologiques mous, avec des applications sur les syst\u00e8mes cardiovasculaires et ost\u00e9o-articulaire.<\/p>\n\n\n\n<p><a href=\"https:\/\/www.mines-stetienne.fr\/recherche\/centres-et-departements\/centre-ingenierie-et-sante\/\" target=\"_blank\" rel=\"noreferrer noopener\">Mines Saint-\u00c9tienne &#8211; Centre ing\u00e9nierie et Sant\u00e9<\/a><\/p>\n<\/div><figure class=\"wp-block-media-text__media\"><img loading=\"lazy\" decoding=\"async\" width=\"1024\" height=\"683\" src=\"https:\/\/www.mines-stetienne.fr\/juven-twin-fr\/wp-content\/uploads\/sites\/20\/2024\/12\/EMSE-CampusHNord0593-1024x683.jpg\" alt=\"\" class=\"wp-image-71 size-full\" srcset=\"https:\/\/www.mines-stetienne.fr\/juven-twin-fr\/wp-content\/uploads\/sites\/20\/2024\/12\/EMSE-CampusHNord0593-1024x683.jpg 1024w, https:\/\/www.mines-stetienne.fr\/juven-twin-fr\/wp-content\/uploads\/sites\/20\/2024\/12\/EMSE-CampusHNord0593-300x200.jpg 300w, https:\/\/www.mines-stetienne.fr\/juven-twin-fr\/wp-content\/uploads\/sites\/20\/2024\/12\/EMSE-CampusHNord0593-768x512.jpg 768w, https:\/\/www.mines-stetienne.fr\/juven-twin-fr\/wp-content\/uploads\/sites\/20\/2024\/12\/EMSE-CampusHNord0593-1536x1024.jpg 1536w, https:\/\/www.mines-stetienne.fr\/juven-twin-fr\/wp-content\/uploads\/sites\/20\/2024\/12\/EMSE-CampusHNord0593-2048x1365.jpg 2048w\" sizes=\"auto, (max-width: 1024px) 100vw, 1024px\" \/><\/figure><\/div>\n\n\n\n<hr class=\"wp-block-separator has-alpha-channel-opacity\"\/>\n\n\n\n<div class=\"wp-block-media-text is-stacked-on-mobile is-vertically-aligned-top\" style=\"grid-template-columns:40% auto\"><figure class=\"wp-block-media-text__media\"><img loading=\"lazy\" decoding=\"async\" width=\"482\" height=\"339\" src=\"https:\/\/www.mines-stetienne.fr\/juven-twin-fr\/wp-content\/uploads\/sites\/20\/2024\/12\/Sainbiose-Lab.png\" alt=\"\" class=\"wp-image-73 size-full\" srcset=\"https:\/\/www.mines-stetienne.fr\/juven-twin-fr\/wp-content\/uploads\/sites\/20\/2024\/12\/Sainbiose-Lab.png 482w, https:\/\/www.mines-stetienne.fr\/juven-twin-fr\/wp-content\/uploads\/sites\/20\/2024\/12\/Sainbiose-Lab-300x211.png 300w, https:\/\/www.mines-stetienne.fr\/juven-twin-fr\/wp-content\/uploads\/sites\/20\/2024\/12\/Sainbiose-Lab-185x130.png 185w\" sizes=\"auto, (max-width: 482px) 100vw, 482px\" \/><\/figure><div class=\"wp-block-media-text__content\">\n<h2 class=\"wp-block-heading\">SAINBIOSE<br>Sant\u00e9 ing\u00e9nierie biologie Saint-\u00c9tienne<\/h2>\n\n\n\n<p>Le laboratoire Sainbiose \u00e9tudie les m\u00e9canismes biologiques du biostress et d\u00e9veloppe des jumeaux num\u00e9riques combinant math\u00e9matiques, physique et intelligence des donn\u00e9es. Son objectif est de promouvoir une m\u00e9decine de pr\u00e9cision, personnalis\u00e9e et adapt\u00e9e \u00e0 chaque individu.<\/p>\n\n\n\n<p><a href=\"https:\/\/sainbiose-lab.fr\/\" target=\"_blank\" rel=\"noreferrer noopener\">SAINBIOSE &#8211; Sant\u00e9 ing\u00e9nierie biologie Saint-\u00c9tienne<\/a><\/p>\n<\/div><\/div>\n\n\n\n<hr class=\"wp-block-separator has-alpha-channel-opacity\"\/>\n\n\n\n<div class=\"wp-block-media-text has-media-on-the-right is-stacked-on-mobile is-vertically-aligned-top\" style=\"grid-template-columns:auto 40%\"><div class=\"wp-block-media-text__content\">\n<h2 class=\"wp-block-heading\">European Research Council<\/h2>\n\n\n\n<p>L&rsquo;ERC (Conseil Europ\u00e9en de la Recherche) est une agence de l&rsquo;Union europ\u00e9enne cr\u00e9\u00e9e en 2007 pour financer la recherche de pointe en Europe. Elle soutient des projets innovants bas\u00e9s sur l&rsquo;excellence scientifique, quel que soit le domaine, et propose des subventions adapt\u00e9es \u00e0 chaque \u00e9tape de la carri\u00e8re des chercheurs. En promouvant la recherche exploratoire, l&rsquo;ERC renforce la visibilit\u00e9 et le statut de la recherche europ\u00e9enne.<\/p>\n\n\n\n<p><a href=\"https:\/\/erc.europa.eu\/homepage\" target=\"_blank\" rel=\"noreferrer noopener\">European Research Council<\/a><\/p>\n<\/div><figure class=\"wp-block-media-text__media\"><img loading=\"lazy\" decoding=\"async\" width=\"270\" height=\"176\" src=\"https:\/\/www.mines-stetienne.fr\/juven-twin-fr\/wp-content\/uploads\/sites\/20\/2024\/12\/ERC.png\" alt=\"\" class=\"wp-image-76 size-full\"\/><\/figure><\/div>\n","protected":false},"excerpt":{"rendered":"<p>Loughborough University L\u2019Universit\u00e9 de Loughborough, situ\u00e9e en Grande-Bretagne, est un partenaire cl\u00e9 du projet. Elle contribuera par son expertise dans le d\u00e9veloppement d\u2019\u00e9quipements d\u00e9di\u00e9s \u00e0 l\u2019exp\u00e9rimentation. Loughborough University Mines Saint-\u00c9tienne Centre ing\u00e9nierie et Sant\u00e9 Le Centre ing\u00e9nierie et Sant\u00e9, et &hellip;<\/p>\n","protected":false},"author":2,"featured_media":0,"parent":0,"menu_order":40,"comment_status":"closed","ping_status":"closed","template":"","meta":{"footnotes":""},"tags":[],"class_list":["post-13","page","type-page","status-publish","hentry"],"pp_statuses_selecting_workflow":false,"pp_workflow_action":"current","pp_status_selection":"publish","pp_force_visibility":null,"pp_subpost_visibility":null,"pp_inherited_force_visibility":null,"pp_inherited_subpost_visibility":null,"yoast_head":"<!-- This site is optimized with the Yoast SEO plugin v27.5 - https:\/\/yoast.com\/product\/yoast-seo-wordpress\/ -->\n<title>En savoir plus - JuvenTwin<\/title>\n<meta name=\"robots\" content=\"index, follow, max-snippet:-1, max-image-preview:large, max-video-preview:-1\" \/>\n<link rel=\"canonical\" href=\"https:\/\/www.mines-stetienne.fr\/juven-twin-fr\/en-savoir-plus\/\" \/>\n<meta property=\"og:locale\" content=\"fr_FR\" \/>\n<meta property=\"og:type\" content=\"article\" \/>\n<meta property=\"og:title\" content=\"En savoir plus - JuvenTwin\" \/>\n<meta property=\"og:description\" content=\"Loughborough University L\u2019Universit\u00e9 de Loughborough, situ\u00e9e en Grande-Bretagne, est un partenaire cl\u00e9 du projet. Elle contribuera par son expertise dans le d\u00e9veloppement d\u2019\u00e9quipements d\u00e9di\u00e9s \u00e0 l\u2019exp\u00e9rimentation. Loughborough University Mines Saint-\u00c9tienne Centre ing\u00e9nierie et Sant\u00e9 Le Centre ing\u00e9nierie et Sant\u00e9, et &hellip;\" \/>\n<meta property=\"og:url\" content=\"https:\/\/www.mines-stetienne.fr\/juven-twin-fr\/en-savoir-plus\/\" \/>\n<meta property=\"og:site_name\" content=\"JuvenTwin\" \/>\n<meta property=\"article:publisher\" content=\"https:\/\/www.facebook.com\/MinesSaintEtienne\" \/>\n<meta property=\"article:modified_time\" content=\"2025-01-13T14:54:17+00:00\" \/>\n<meta property=\"og:image\" content=\"https:\/\/www.mines-stetienne.fr\/juven-twin-fr\/wp-content\/uploads\/sites\/20\/2024\/12\/Loughborough-University.png\" \/>\n\t<meta property=\"og:image:width\" content=\"368\" \/>\n\t<meta property=\"og:image:height\" content=\"204\" \/>\n\t<meta property=\"og:image:type\" content=\"image\/png\" \/>\n<meta name=\"twitter:card\" content=\"summary_large_image\" \/>\n<meta name=\"twitter:site\" content=\"@MINES_StEtienne\" \/>\n<meta name=\"twitter:label1\" content=\"Dur\u00e9e de lecture estim\u00e9e\" \/>\n\t<meta name=\"twitter:data1\" content=\"2 minutes\" \/>\n<script type=\"application\/ld+json\" class=\"yoast-schema-graph\">{\"@context\":\"https:\\\/\\\/schema.org\",\"@graph\":[{\"@type\":\"WebPage\",\"@id\":\"https:\\\/\\\/www.mines-stetienne.fr\\\/juven-twin-fr\\\/en-savoir-plus\\\/\",\"url\":\"https:\\\/\\\/www.mines-stetienne.fr\\\/juven-twin-fr\\\/en-savoir-plus\\\/\",\"name\":\"En savoir plus - JuvenTwin\",\"isPartOf\":{\"@id\":\"https:\\\/\\\/www.mines-stetienne.fr\\\/juven-twin-fr\\\/#website\"},\"primaryImageOfPage\":{\"@id\":\"https:\\\/\\\/www.mines-stetienne.fr\\\/juven-twin-fr\\\/en-savoir-plus\\\/#primaryimage\"},\"image\":{\"@id\":\"https:\\\/\\\/www.mines-stetienne.fr\\\/juven-twin-fr\\\/en-savoir-plus\\\/#primaryimage\"},\"thumbnailUrl\":\"https:\\\/\\\/www.mines-stetienne.fr\\\/juven-twin-fr\\\/wp-content\\\/uploads\\\/sites\\\/20\\\/2024\\\/12\\\/Loughborough-University.png\",\"datePublished\":\"2024-12-13T12:58:18+00:00\",\"dateModified\":\"2025-01-13T14:54:17+00:00\",\"breadcrumb\":{\"@id\":\"https:\\\/\\\/www.mines-stetienne.fr\\\/juven-twin-fr\\\/en-savoir-plus\\\/#breadcrumb\"},\"inLanguage\":\"fr-FR\",\"potentialAction\":[{\"@type\":\"ReadAction\",\"target\":[\"https:\\\/\\\/www.mines-stetienne.fr\\\/juven-twin-fr\\\/en-savoir-plus\\\/\"]}]},{\"@type\":\"ImageObject\",\"inLanguage\":\"fr-FR\",\"@id\":\"https:\\\/\\\/www.mines-stetienne.fr\\\/juven-twin-fr\\\/en-savoir-plus\\\/#primaryimage\",\"url\":\"https:\\\/\\\/www.mines-stetienne.fr\\\/juven-twin-fr\\\/wp-content\\\/uploads\\\/sites\\\/20\\\/2024\\\/12\\\/Loughborough-University.png\",\"contentUrl\":\"https:\\\/\\\/www.mines-stetienne.fr\\\/juven-twin-fr\\\/wp-content\\\/uploads\\\/sites\\\/20\\\/2024\\\/12\\\/Loughborough-University.png\",\"width\":368,\"height\":204},{\"@type\":\"BreadcrumbList\",\"@id\":\"https:\\\/\\\/www.mines-stetienne.fr\\\/juven-twin-fr\\\/en-savoir-plus\\\/#breadcrumb\",\"itemListElement\":[{\"@type\":\"ListItem\",\"position\":1,\"name\":\"Accueil\",\"item\":\"https:\\\/\\\/www.mines-stetienne.fr\\\/juven-twin-fr\\\/\"},{\"@type\":\"ListItem\",\"position\":2,\"name\":\"En savoir plus\"}]},{\"@type\":\"WebSite\",\"@id\":\"https:\\\/\\\/www.mines-stetienne.fr\\\/juven-twin-fr\\\/#website\",\"url\":\"https:\\\/\\\/www.mines-stetienne.fr\\\/juven-twin-fr\\\/\",\"name\":\"JuvenTwin\",\"description\":\"Des jumeaux num\u00e9riques pour suivre l\u2019\u00e9volution des art\u00e8res\",\"publisher\":{\"@id\":\"https:\\\/\\\/www.mines-stetienne.fr\\\/juven-twin-fr\\\/#organization\"},\"potentialAction\":[{\"@type\":\"SearchAction\",\"target\":{\"@type\":\"EntryPoint\",\"urlTemplate\":\"https:\\\/\\\/www.mines-stetienne.fr\\\/juven-twin-fr\\\/?s={search_term_string}\"},\"query-input\":{\"@type\":\"PropertyValueSpecification\",\"valueRequired\":true,\"valueName\":\"search_term_string\"}}],\"inLanguage\":\"fr-FR\"},{\"@type\":\"Organization\",\"@id\":\"https:\\\/\\\/www.mines-stetienne.fr\\\/juven-twin-fr\\\/#organization\",\"name\":\"\u00c9cole des Mines de Saint-\u00c9tienne\",\"url\":\"https:\\\/\\\/www.mines-stetienne.fr\\\/juven-twin-fr\\\/\",\"logo\":{\"@type\":\"ImageObject\",\"inLanguage\":\"fr-FR\",\"@id\":\"https:\\\/\\\/www.mines-stetienne.fr\\\/juven-twin-fr\\\/#\\\/schema\\\/logo\\\/image\\\/\",\"url\":\"https:\\\/\\\/www.mines-stetienne.fr\\\/wp-content\\\/uploads\\\/2018\\\/05\\\/Mines_Saint_Etienne_IMT_RVB.png\",\"contentUrl\":\"https:\\\/\\\/www.mines-stetienne.fr\\\/wp-content\\\/uploads\\\/2018\\\/05\\\/Mines_Saint_Etienne_IMT_RVB.png\",\"width\":316,\"height\":315,\"caption\":\"\u00c9cole des Mines de Saint-\u00c9tienne\"},\"image\":{\"@id\":\"https:\\\/\\\/www.mines-stetienne.fr\\\/juven-twin-fr\\\/#\\\/schema\\\/logo\\\/image\\\/\"},\"sameAs\":[\"https:\\\/\\\/www.facebook.com\\\/MinesSaintEtienne\",\"https:\\\/\\\/x.com\\\/MINES_StEtienne\",\"https:\\\/\\\/www.youtube.com\\\/channel\\\/UCVSdpdmJccvUngjJ2on1n3A\"]}]}<\/script>\n<!-- \/ Yoast SEO plugin. -->","yoast_head_json":{"title":"En savoir plus - JuvenTwin","robots":{"index":"index","follow":"follow","max-snippet":"max-snippet:-1","max-image-preview":"max-image-preview:large","max-video-preview":"max-video-preview:-1"},"canonical":"https:\/\/www.mines-stetienne.fr\/juven-twin-fr\/en-savoir-plus\/","og_locale":"fr_FR","og_type":"article","og_title":"En savoir plus - JuvenTwin","og_description":"Loughborough University L\u2019Universit\u00e9 de Loughborough, situ\u00e9e en Grande-Bretagne, est un partenaire cl\u00e9 du projet. Elle contribuera par son expertise dans le d\u00e9veloppement d\u2019\u00e9quipements d\u00e9di\u00e9s \u00e0 l\u2019exp\u00e9rimentation. Loughborough University Mines Saint-\u00c9tienne Centre ing\u00e9nierie et Sant\u00e9 Le Centre ing\u00e9nierie et Sant\u00e9, et &hellip;","og_url":"https:\/\/www.mines-stetienne.fr\/juven-twin-fr\/en-savoir-plus\/","og_site_name":"JuvenTwin","article_publisher":"https:\/\/www.facebook.com\/MinesSaintEtienne","article_modified_time":"2025-01-13T14:54:17+00:00","og_image":[{"width":368,"height":204,"url":"https:\/\/www.mines-stetienne.fr\/juven-twin-fr\/wp-content\/uploads\/sites\/20\/2024\/12\/Loughborough-University.png","type":"image\/png"}],"twitter_card":"summary_large_image","twitter_site":"@MINES_StEtienne","twitter_misc":{"Dur\u00e9e de lecture estim\u00e9e":"2 minutes"},"schema":{"@context":"https:\/\/schema.org","@graph":[{"@type":"WebPage","@id":"https:\/\/www.mines-stetienne.fr\/juven-twin-fr\/en-savoir-plus\/","url":"https:\/\/www.mines-stetienne.fr\/juven-twin-fr\/en-savoir-plus\/","name":"En savoir plus - JuvenTwin","isPartOf":{"@id":"https:\/\/www.mines-stetienne.fr\/juven-twin-fr\/#website"},"primaryImageOfPage":{"@id":"https:\/\/www.mines-stetienne.fr\/juven-twin-fr\/en-savoir-plus\/#primaryimage"},"image":{"@id":"https:\/\/www.mines-stetienne.fr\/juven-twin-fr\/en-savoir-plus\/#primaryimage"},"thumbnailUrl":"https:\/\/www.mines-stetienne.fr\/juven-twin-fr\/wp-content\/uploads\/sites\/20\/2024\/12\/Loughborough-University.png","datePublished":"2024-12-13T12:58:18+00:00","dateModified":"2025-01-13T14:54:17+00:00","breadcrumb":{"@id":"https:\/\/www.mines-stetienne.fr\/juven-twin-fr\/en-savoir-plus\/#breadcrumb"},"inLanguage":"fr-FR","potentialAction":[{"@type":"ReadAction","target":["https:\/\/www.mines-stetienne.fr\/juven-twin-fr\/en-savoir-plus\/"]}]},{"@type":"ImageObject","inLanguage":"fr-FR","@id":"https:\/\/www.mines-stetienne.fr\/juven-twin-fr\/en-savoir-plus\/#primaryimage","url":"https:\/\/www.mines-stetienne.fr\/juven-twin-fr\/wp-content\/uploads\/sites\/20\/2024\/12\/Loughborough-University.png","contentUrl":"https:\/\/www.mines-stetienne.fr\/juven-twin-fr\/wp-content\/uploads\/sites\/20\/2024\/12\/Loughborough-University.png","width":368,"height":204},{"@type":"BreadcrumbList","@id":"https:\/\/www.mines-stetienne.fr\/juven-twin-fr\/en-savoir-plus\/#breadcrumb","itemListElement":[{"@type":"ListItem","position":1,"name":"Accueil","item":"https:\/\/www.mines-stetienne.fr\/juven-twin-fr\/"},{"@type":"ListItem","position":2,"name":"En savoir plus"}]},{"@type":"WebSite","@id":"https:\/\/www.mines-stetienne.fr\/juven-twin-fr\/#website","url":"https:\/\/www.mines-stetienne.fr\/juven-twin-fr\/","name":"JuvenTwin","description":"Des jumeaux num\u00e9riques pour suivre l\u2019\u00e9volution des art\u00e8res","publisher":{"@id":"https:\/\/www.mines-stetienne.fr\/juven-twin-fr\/#organization"},"potentialAction":[{"@type":"SearchAction","target":{"@type":"EntryPoint","urlTemplate":"https:\/\/www.mines-stetienne.fr\/juven-twin-fr\/?s={search_term_string}"},"query-input":{"@type":"PropertyValueSpecification","valueRequired":true,"valueName":"search_term_string"}}],"inLanguage":"fr-FR"},{"@type":"Organization","@id":"https:\/\/www.mines-stetienne.fr\/juven-twin-fr\/#organization","name":"\u00c9cole des Mines de Saint-\u00c9tienne","url":"https:\/\/www.mines-stetienne.fr\/juven-twin-fr\/","logo":{"@type":"ImageObject","inLanguage":"fr-FR","@id":"https:\/\/www.mines-stetienne.fr\/juven-twin-fr\/#\/schema\/logo\/image\/","url":"https:\/\/www.mines-stetienne.fr\/wp-content\/uploads\/2018\/05\/Mines_Saint_Etienne_IMT_RVB.png","contentUrl":"https:\/\/www.mines-stetienne.fr\/wp-content\/uploads\/2018\/05\/Mines_Saint_Etienne_IMT_RVB.png","width":316,"height":315,"caption":"\u00c9cole des Mines de Saint-\u00c9tienne"},"image":{"@id":"https:\/\/www.mines-stetienne.fr\/juven-twin-fr\/#\/schema\/logo\/image\/"},"sameAs":["https:\/\/www.facebook.com\/MinesSaintEtienne","https:\/\/x.com\/MINES_StEtienne","https:\/\/www.youtube.com\/channel\/UCVSdpdmJccvUngjJ2on1n3A"]}]}},"_links":{"self":[{"href":"https:\/\/www.mines-stetienne.fr\/juven-twin-fr\/wp-json\/wp\/v2\/pages\/13","targetHints":{"allow":["GET"]}}],"collection":[{"href":"https:\/\/www.mines-stetienne.fr\/juven-twin-fr\/wp-json\/wp\/v2\/pages"}],"about":[{"href":"https:\/\/www.mines-stetienne.fr\/juven-twin-fr\/wp-json\/wp\/v2\/types\/page"}],"author":[{"embeddable":true,"href":"https:\/\/www.mines-stetienne.fr\/juven-twin-fr\/wp-json\/wp\/v2\/users\/2"}],"replies":[{"embeddable":true,"href":"https:\/\/www.mines-stetienne.fr\/juven-twin-fr\/wp-json\/wp\/v2\/comments?post=13"}],"version-history":[{"count":23,"href":"https:\/\/www.mines-stetienne.fr\/juven-twin-fr\/wp-json\/wp\/v2\/pages\/13\/revisions"}],"predecessor-version":[{"id":159,"href":"https:\/\/www.mines-stetienne.fr\/juven-twin-fr\/wp-json\/wp\/v2\/pages\/13\/revisions\/159"}],"wp:attachment":[{"href":"https:\/\/www.mines-stetienne.fr\/juven-twin-fr\/wp-json\/wp\/v2\/media?parent=13"}],"wp:term":[{"taxonomy":"post_tag","embeddable":true,"href":"https:\/\/www.mines-stetienne.fr\/juven-twin-fr\/wp-json\/wp\/v2\/tags?post=13"}],"curies":[{"name":"wp","href":"https:\/\/api.w.org\/{rel}","templated":true}]}}