{"id":42,"date":"2021-04-01T11:17:04","date_gmt":"2021-04-01T09:17:04","guid":{"rendered":"https:\/\/www.mines-stetienne.fr\/future-medicine\/?page_id=42"},"modified":"2023-05-05T11:28:42","modified_gmt":"2023-05-05T09:28:42","slug":"privacy-policy","status":"publish","type":"page","link":"https:\/\/www.mines-stetienne.fr\/future-medicine\/legal-notice\/privacy-policy\/","title":{"rendered":"Privacy Policy"},"content":{"rendered":"\n<p>The \u00c9cole nationale sup\u00e9rieure des mines de Saint-\u00c9tienne (MINES Saint-\u00c9tienne) attaches particular importance to the confidentiality of your information. Here you will find information about the collection and use of data collected by the MINES Saint-\u00c9tienne and how you can access your information.<\/p>\n\n\n\n<h2 class=\"wp-block-heading\" id=\"information-collected\">Information Collected<\/h2>\n\n\n\n<p>When using this site, the following may be collected: the URL of the links through which the user accessed the site, the user&#8217;s access provider, the Internet protocol address (IP) of the user.<\/p>\n\n\n\n<p>In any case, the Ecole des Mines de Saint-\u00c9tienne only collects personal information relating to the user for the purposes of certain services offered by the site. The user provides this information with full knowledge of the facts, especially when entering it himself. The user is then informed of the obligation or not to provide this information.<\/p>\n\n\n\n<p>No personal information of the user of the site is published without the user&#8217;s knowledge, exchanged, transferred, assigned or sold on any medium whatsoever to third parties.<\/p>\n\n\n\n<p>The databases are protected by the provisions of the law of July 1, 1998 transposing Directive 96\/9 of March 11, 1996 on the legal protection of databases.<\/p>\n\n\n\n<h2 class=\"wp-block-heading\" id=\"destination-of-information\">Destination of information<\/h2>\n\n\n\n<p>The information you provide is used exclusively for the \u00c9cole des Mines de Saint-\u00c9tienne and will not be disclosed to third parties.<\/p>\n\n\n\n<p>When the \u00c9cole des mines de Saint-\u00c9tienne receives information about your session or about you, we may use it for research, statistics or to improve our site and the services offered.<\/p>\n\n\n\n<h2 class=\"wp-block-heading\" id=\"access-to-information-about-you\">Access to information about you<\/h2>\n\n\n\n<p>In accordance with the Data Protection Act, you have the right to access, rectify and, subject to the legal provisions applicable to the matter, delete data concerning you, the data controller being the communications management.<\/p>\n\n\n\n<p>To do so, or have any questions about our privacy policy, remarks or comments, feel free to contact:<\/p>\n\n\n\n<blockquote class=\"wp-block-quote is-layout-flow wp-block-quote-is-layout-flow\">\n<p>Data Protection Officer (DPO)<br>Max Hervy,\u00a0<a title=\"&#x6d;&#x61;&#x69;&#x6c;&#x74;&#x6f;&#x3a;&#99;&#110;&#105;&#108;&#64;mine&#x73;&#x2d;&#x73;&#x74;&#x65;&#x74;&#x69;&#x65;&#110;&#110;&#101;&#46;&#102;r\" data-from-md=\"\" href=\"&#109;&#x61;&#x69;l&#116;&#x6f;:&#99;&#x6e;&#x69;&#108;&#x40;&#x6d;i&#110;&#x65;s&#45;&#x73;&#x74;&#101;&#x74;&#x69;e&#110;&#x6e;e&#46;&#x66;&#x72;\">&#x63;n&#x69;l&#x40;&#109;&#x69;&#110;e&#x73;-&#x73;&#116;&#x65;&#116;&#x69;&#101;n&#x6e;e&#x2e;&#102;&#x72;<\/a><\/p>\n<\/blockquote>\n\n\n\n<p>You can also reach us by mail at the following address:<\/p>\n\n\n\n<blockquote class=\"wp-block-quote is-layout-flow wp-block-quote-is-layout-flow\">\n<p>\u00c9cole des mines de Saint-\u00c9tienne<br>D\u00e9l\u00e9gu\u00e9 \u00e0 la protection des donn\u00e9es<br>158, cours Fauriel &#8211; CS 62362<br>42023 Saint-\u00c9tienne Cedex 2<br>FRANCE<\/p>\n<\/blockquote>\n","protected":false},"excerpt":{"rendered":"<p>The \u00c9cole nationale sup\u00e9rieure des mines de Saint-\u00c9tienne (MINES Saint-\u00c9tienne) attaches particular importance to the confidentiality of your information. Here you will find information about the collection and use of data collected by the MINES Saint-\u00c9tienne and how you can &hellip;<\/p>\n","protected":false},"author":2,"featured_media":0,"parent":46,"menu_order":901,"comment_status":"closed","ping_status":"closed","template":"","meta":{"footnotes":""},"tags":[],"class_list":["post-42","page","type-page","status-publish","hentry"],"pp_statuses_selecting_workflow":false,"pp_workflow_action":"current","pp_status_selection":"publish","pp_force_visibility":null,"pp_subpost_visibility":null,"pp_inherited_force_visibility":null,"pp_inherited_subpost_visibility":null,"yoast_head":"<!-- This site is optimized with the Yoast SEO plugin v27.4 - https:\/\/yoast.com\/product\/yoast-seo-wordpress\/ -->\n<title>Privacy Policy - #FutureMedicine<\/title>\n<meta name=\"robots\" content=\"index, follow, max-snippet:-1, max-image-preview:large, max-video-preview:-1\" \/>\n<link rel=\"canonical\" href=\"https:\/\/www.mines-stetienne.fr\/future-medicine\/legal-notice\/privacy-policy\/\" \/>\n<meta property=\"og:locale\" content=\"en_GB\" \/>\n<meta property=\"og:type\" content=\"article\" \/>\n<meta property=\"og:title\" content=\"Privacy Policy - #FutureMedicine\" \/>\n<meta property=\"og:description\" content=\"The \u00c9cole nationale sup\u00e9rieure des mines de Saint-\u00c9tienne (MINES Saint-\u00c9tienne) attaches particular importance to the confidentiality of your information. Here you will find information about the collection and use of data collected by the MINES Saint-\u00c9tienne and how you can &hellip;\" \/>\n<meta property=\"og:url\" content=\"https:\/\/www.mines-stetienne.fr\/future-medicine\/legal-notice\/privacy-policy\/\" \/>\n<meta property=\"og:site_name\" content=\"#FutureMedicine\" \/>\n<meta property=\"article:publisher\" content=\"https:\/\/www.facebook.com\/MinesSaintEtienne\" \/>\n<meta property=\"article:modified_time\" content=\"2023-05-05T09:28:42+00:00\" \/>\n<meta name=\"twitter:card\" content=\"summary_large_image\" \/>\n<meta name=\"twitter:site\" content=\"@MINES_StEtienne\" \/>\n<meta name=\"twitter:label1\" content=\"Estimated reading time\" \/>\n\t<meta name=\"twitter:data1\" content=\"2 minutes\" \/>\n<script type=\"application\/ld+json\" class=\"yoast-schema-graph\">{\"@context\":\"https:\\\/\\\/schema.org\",\"@graph\":[{\"@type\":\"WebPage\",\"@id\":\"https:\\\/\\\/www.mines-stetienne.fr\\\/future-medicine\\\/legal-notice\\\/privacy-policy\\\/\",\"url\":\"https:\\\/\\\/www.mines-stetienne.fr\\\/future-medicine\\\/legal-notice\\\/privacy-policy\\\/\",\"name\":\"Privacy Policy - #FutureMedicine\",\"isPartOf\":{\"@id\":\"https:\\\/\\\/www.mines-stetienne.fr\\\/future-medicine\\\/#website\"},\"datePublished\":\"2021-04-01T09:17:04+00:00\",\"dateModified\":\"2023-05-05T09:28:42+00:00\",\"breadcrumb\":{\"@id\":\"https:\\\/\\\/www.mines-stetienne.fr\\\/future-medicine\\\/legal-notice\\\/privacy-policy\\\/#breadcrumb\"},\"inLanguage\":\"en-GB\",\"potentialAction\":[{\"@type\":\"ReadAction\",\"target\":[\"https:\\\/\\\/www.mines-stetienne.fr\\\/future-medicine\\\/legal-notice\\\/privacy-policy\\\/\"]}]},{\"@type\":\"BreadcrumbList\",\"@id\":\"https:\\\/\\\/www.mines-stetienne.fr\\\/future-medicine\\\/legal-notice\\\/privacy-policy\\\/#breadcrumb\",\"itemListElement\":[{\"@type\":\"ListItem\",\"position\":1,\"name\":\"Home\",\"item\":\"https:\\\/\\\/www.mines-stetienne.fr\\\/future-medicine\\\/\"},{\"@type\":\"ListItem\",\"position\":2,\"name\":\"Legal Notice\",\"item\":\"https:\\\/\\\/www.mines-stetienne.fr\\\/future-medicine\\\/legal-notice\\\/\"},{\"@type\":\"ListItem\",\"position\":3,\"name\":\"Privacy Policy\"}]},{\"@type\":\"WebSite\",\"@id\":\"https:\\\/\\\/www.mines-stetienne.fr\\\/future-medicine\\\/#website\",\"url\":\"https:\\\/\\\/www.mines-stetienne.fr\\\/future-medicine\\\/\",\"name\":\"#FutureMedicine\",\"description\":\"- Mines Saint-\u00c9tienne Tech\",\"potentialAction\":[{\"@type\":\"SearchAction\",\"target\":{\"@type\":\"EntryPoint\",\"urlTemplate\":\"https:\\\/\\\/www.mines-stetienne.fr\\\/future-medicine\\\/?s={search_term_string}\"},\"query-input\":{\"@type\":\"PropertyValueSpecification\",\"valueRequired\":true,\"valueName\":\"search_term_string\"}}],\"inLanguage\":\"en-GB\"}]}<\/script>\n<!-- \/ Yoast SEO plugin. -->","yoast_head_json":{"title":"Privacy Policy - #FutureMedicine","robots":{"index":"index","follow":"follow","max-snippet":"max-snippet:-1","max-image-preview":"max-image-preview:large","max-video-preview":"max-video-preview:-1"},"canonical":"https:\/\/www.mines-stetienne.fr\/future-medicine\/legal-notice\/privacy-policy\/","og_locale":"en_GB","og_type":"article","og_title":"Privacy Policy - #FutureMedicine","og_description":"The \u00c9cole nationale sup\u00e9rieure des mines de Saint-\u00c9tienne (MINES Saint-\u00c9tienne) attaches particular importance to the confidentiality of your information. Here you will find information about the collection and use of data collected by the MINES Saint-\u00c9tienne and how you can &hellip;","og_url":"https:\/\/www.mines-stetienne.fr\/future-medicine\/legal-notice\/privacy-policy\/","og_site_name":"#FutureMedicine","article_publisher":"https:\/\/www.facebook.com\/MinesSaintEtienne","article_modified_time":"2023-05-05T09:28:42+00:00","twitter_card":"summary_large_image","twitter_site":"@MINES_StEtienne","twitter_misc":{"Estimated reading time":"2 minutes"},"schema":{"@context":"https:\/\/schema.org","@graph":[{"@type":"WebPage","@id":"https:\/\/www.mines-stetienne.fr\/future-medicine\/legal-notice\/privacy-policy\/","url":"https:\/\/www.mines-stetienne.fr\/future-medicine\/legal-notice\/privacy-policy\/","name":"Privacy Policy - #FutureMedicine","isPartOf":{"@id":"https:\/\/www.mines-stetienne.fr\/future-medicine\/#website"},"datePublished":"2021-04-01T09:17:04+00:00","dateModified":"2023-05-05T09:28:42+00:00","breadcrumb":{"@id":"https:\/\/www.mines-stetienne.fr\/future-medicine\/legal-notice\/privacy-policy\/#breadcrumb"},"inLanguage":"en-GB","potentialAction":[{"@type":"ReadAction","target":["https:\/\/www.mines-stetienne.fr\/future-medicine\/legal-notice\/privacy-policy\/"]}]},{"@type":"BreadcrumbList","@id":"https:\/\/www.mines-stetienne.fr\/future-medicine\/legal-notice\/privacy-policy\/#breadcrumb","itemListElement":[{"@type":"ListItem","position":1,"name":"Home","item":"https:\/\/www.mines-stetienne.fr\/future-medicine\/"},{"@type":"ListItem","position":2,"name":"Legal Notice","item":"https:\/\/www.mines-stetienne.fr\/future-medicine\/legal-notice\/"},{"@type":"ListItem","position":3,"name":"Privacy Policy"}]},{"@type":"WebSite","@id":"https:\/\/www.mines-stetienne.fr\/future-medicine\/#website","url":"https:\/\/www.mines-stetienne.fr\/future-medicine\/","name":"#FutureMedicine","description":"- Mines Saint-\u00c9tienne Tech","potentialAction":[{"@type":"SearchAction","target":{"@type":"EntryPoint","urlTemplate":"https:\/\/www.mines-stetienne.fr\/future-medicine\/?s={search_term_string}"},"query-input":{"@type":"PropertyValueSpecification","valueRequired":true,"valueName":"search_term_string"}}],"inLanguage":"en-GB"}]}},"_links":{"self":[{"href":"https:\/\/www.mines-stetienne.fr\/future-medicine\/wp-json\/wp\/v2\/pages\/42","targetHints":{"allow":["GET"]}}],"collection":[{"href":"https:\/\/www.mines-stetienne.fr\/future-medicine\/wp-json\/wp\/v2\/pages"}],"about":[{"href":"https:\/\/www.mines-stetienne.fr\/future-medicine\/wp-json\/wp\/v2\/types\/page"}],"author":[{"embeddable":true,"href":"https:\/\/www.mines-stetienne.fr\/future-medicine\/wp-json\/wp\/v2\/users\/2"}],"replies":[{"embeddable":true,"href":"https:\/\/www.mines-stetienne.fr\/future-medicine\/wp-json\/wp\/v2\/comments?post=42"}],"version-history":[{"count":2,"href":"https:\/\/www.mines-stetienne.fr\/future-medicine\/wp-json\/wp\/v2\/pages\/42\/revisions"}],"predecessor-version":[{"id":21509,"href":"https:\/\/www.mines-stetienne.fr\/future-medicine\/wp-json\/wp\/v2\/pages\/42\/revisions\/21509"}],"up":[{"embeddable":true,"href":"https:\/\/www.mines-stetienne.fr\/future-medicine\/wp-json\/wp\/v2\/pages\/46"}],"wp:attachment":[{"href":"https:\/\/www.mines-stetienne.fr\/future-medicine\/wp-json\/wp\/v2\/media?parent=42"}],"wp:term":[{"taxonomy":"post_tag","embeddable":true,"href":"https:\/\/www.mines-stetienne.fr\/future-medicine\/wp-json\/wp\/v2\/tags?post=42"}],"curies":[{"name":"wp","href":"https:\/\/api.w.org\/{rel}","templated":true}]}}