{"id":21226,"date":"2020-12-14T10:26:49","date_gmt":"2020-12-14T09:26:49","guid":{"rendered":"https:\/\/www.mines-stetienne.fr\/future-medicine-fr\/?page_id=21226"},"modified":"2020-12-14T10:26:49","modified_gmt":"2020-12-14T09:26:49","slug":"plateau-technique-3d-fablab","status":"publish","type":"page","link":"https:\/\/www.mines-stetienne.fr\/future-medicine\/centre-ingenierie-et-sante\/plateau-technique-3d-fablab\/","title":{"rendered":"Plateau technique 3DFabLab"},"content":{"rendered":"\n<h3 class=\"wp-block-heading\">Ce plateau technique pilote est d\u00e9di\u00e9 \u00e0 l\u2019\u00e9laboration de poudres et de biomat\u00e9riaux sur mesure \u00e0 base de phosphates de calcium pour des applications biom\u00e9dicales.<\/h3>\n\n\n\n<p>Contact : <a href=\"&#109;a&#x69;l&#x74;o&#x3a;m&#x61;r&#x63;h&#x61;&#116;&#x40;&#101;&#x6d;&#115;&#x65;&#46;&#x66;&#114;\">David Marchat<\/a><\/p>\n\n\n\n<h4 class=\"wp-block-heading\">\u00c9quipements<\/h4>\n\n\n\n<ul class=\"wp-block-list\"><li>Stations de synth\u00e8se de poudres en voie aqueuse (500 mL \u00e0 30 L)<\/li><li>Atomiseur B\u00fcchi B290 Advanced avec boucle d&#8217;inertage B\u00fcchi B-295 et d\u00e9shumidificateur B296<\/li><li>Atomiseur industriel NIRO GEA Minor Mobile<\/li><li>Centrifugeuse SORVALL LEGEND XF,<\/li><li>Broyeur plan\u00e9taire Retsch PM400 et tourne-jarre FAURE equipements<\/li><li>Fours \u00e0 mouffle (Nabertherm LH40\/14, LH15\/13)<\/li><li>Four de d\u00e9liantage Carbolite<\/li><li>Four tubulaire sous atmosph\u00e8re contr\u00f4l\u00e9e Nabertherm<\/li><li>Analyseur thermique Setaram Setsys (ATG\/TD\/dilatom\u00e8tre)<\/li><li>Imprimante 3D (technologie DoD)<\/li><li>Spectrom\u00e8tre infrarouge Vertex V70 avec microscope Hyperion<\/li><li>Tamiseur RussellFinex C400<\/li><li>Lyophilisateur<\/li><\/ul>\n\n\n\n<h4 class=\"wp-block-heading\">Outils logiciels<\/h4>\n\n\n\n<ul class=\"wp-block-list\"><li>Dragon Fly<\/li><li>ScanIP<\/li><li>OriginPro<\/li><\/ul>\n\n\n\n<figure class=\"wp-block-gallery columns-4 is-cropped wp-block-gallery-1 is-layout-flex wp-block-gallery-is-layout-flex\"><ul class=\"blocks-gallery-grid\"><li class=\"blocks-gallery-item\"><figure><a href=\"https:\/\/www.mines-stetienne.fr\/future-medicine-fr\/wp-content\/uploads\/sites\/15\/2020\/11\/3DFabLab.jpg\"><img decoding=\"async\" src=\"https:\/\/www.mines-stetienne.fr\/future-medicine-fr\/wp-content\/uploads\/sites\/15\/2020\/11\/3DFabLab.jpg\" alt=\"\" data-id=\"20346\" data-full-url=\"https:\/\/www.mines-stetienne.fr\/future-medicine-fr\/wp-content\/uploads\/sites\/15\/2020\/11\/3DFabLab.jpg\" data-link=\"https:\/\/www.mines-stetienne.fr\/future-medicine-fr\/3dfablab\/\" class=\"wp-image-20346\" \/><\/a><\/figure><\/li><li class=\"blocks-gallery-item\"><figure><a href=\"https:\/\/www.mines-stetienne.fr\/future-medicine-fr\/wp-content\/uploads\/sites\/15\/2020\/12\/EDMiaug14Juin2019-0106.jpg\"><img decoding=\"async\" src=\"https:\/\/www.mines-stetienne.fr\/future-medicine-fr\/wp-content\/uploads\/sites\/15\/2020\/12\/EDMiaug14Juin2019-0106.jpg\" alt=\"\" data-id=\"20964\" data-full-url=\"https:\/\/www.mines-stetienne.fr\/future-medicine-fr\/wp-content\/uploads\/sites\/15\/2020\/12\/EDMiaug14Juin2019-0106.jpg\" data-link=\"https:\/\/www.mines-stetienne.fr\/future-medicine-fr\/edmiaug14juin2019-0106\/\" class=\"wp-image-20964\" \/><\/a><\/figure><\/li><li class=\"blocks-gallery-item\"><figure><a href=\"https:\/\/www.mines-stetienne.fr\/future-medicine-fr\/wp-content\/uploads\/sites\/15\/2021\/01\/Bioceramiq.jpg\"><img decoding=\"async\" src=\"https:\/\/www.mines-stetienne.fr\/future-medicine-fr\/wp-content\/uploads\/sites\/15\/2021\/01\/Bioceramiq.jpg\" alt=\"\" data-id=\"21323\" data-full-url=\"https:\/\/www.mines-stetienne.fr\/future-medicine-fr\/wp-content\/uploads\/sites\/15\/2021\/01\/Bioceramiq.jpg\" data-link=\"https:\/\/www.mines-stetienne.fr\/future-medicine-fr\/centre-ingenierie-et-sante\/plateau-technique-3d-fablab\/bioceramiq\/\" class=\"wp-image-21323\" \/><\/a><\/figure><\/li><li class=\"blocks-gallery-item\"><figure><a href=\"https:\/\/www.mines-stetienne.fr\/future-medicine-fr\/wp-content\/uploads\/sites\/15\/2021\/01\/OsCapture.jpg\"><img decoding=\"async\" src=\"https:\/\/www.mines-stetienne.fr\/future-medicine-fr\/wp-content\/uploads\/sites\/15\/2021\/01\/OsCapture.jpg\" alt=\"\" data-id=\"21363\" data-full-url=\"https:\/\/www.mines-stetienne.fr\/future-medicine-fr\/wp-content\/uploads\/sites\/15\/2021\/01\/OsCapture.jpg\" data-link=\"https:\/\/www.mines-stetienne.fr\/future-medicine-fr\/centre-ingenierie-et-sante\/plateau-technique-3d-fablab\/oscapture\/\" class=\"wp-image-21363\" \/><\/a><\/figure><\/li><\/ul><\/figure>\n\n\n\n<h4 class=\"wp-block-heading\">Prestations et comp\u00e9tences<\/h4>\n\n\n\n<ul class=\"wp-block-list\"><li>Fabrication de poudres&nbsp;normalis\u00e9es<\/li><li>Fabrication de poudres&nbsp;innovantes<\/li><li>Poudres&nbsp;mises&nbsp;en&nbsp;forme<\/li><li>Supports de culture ou implants standards<\/li><li>Supports de culture ou implants par fabrication additive<\/li><\/ul>\n","protected":false},"excerpt":{"rendered":"<p>Ce plateau technique pilote est d\u00e9di\u00e9 \u00e0 l\u2019\u00e9laboration de poudres et de biomat\u00e9riaux sur mesure \u00e0 base de phosphates de calcium pour des applications biom\u00e9dicales. Contact : David Marchat \u00c9quipements Stations de synth\u00e8se de poudres en voie aqueuse (500 mL &hellip;<\/p>\n","protected":false},"author":2,"featured_media":0,"parent":20981,"menu_order":0,"comment_status":"closed","ping_status":"closed","template":"","meta":{"footnotes":""},"tags":[],"class_list":["post-21226","page","type-page","status-publish","hentry"],"pp_statuses_selecting_workflow":false,"pp_workflow_action":"current","pp_status_selection":"publish","pp_force_visibility":null,"pp_subpost_visibility":null,"pp_inherited_force_visibility":null,"pp_inherited_subpost_visibility":null,"yoast_head":"<!-- This site is optimized with the Yoast SEO plugin v27.4 - https:\/\/yoast.com\/product\/yoast-seo-wordpress\/ -->\n<title>Plateau technique 3DFabLab - #FutureMedicine<\/title>\n<meta name=\"robots\" content=\"index, follow, max-snippet:-1, max-image-preview:large, max-video-preview:-1\" \/>\n<link rel=\"canonical\" href=\"https:\/\/www.mines-stetienne.fr\/future-medicine\/centre-ingenierie-et-sante\/plateau-technique-3d-fablab\/\" \/>\n<meta property=\"og:locale\" content=\"en_GB\" \/>\n<meta property=\"og:type\" content=\"article\" \/>\n<meta property=\"og:title\" content=\"Plateau technique 3DFabLab - #FutureMedicine\" \/>\n<meta property=\"og:description\" content=\"Ce plateau technique pilote est d\u00e9di\u00e9 \u00e0 l\u2019\u00e9laboration de poudres et de biomat\u00e9riaux sur mesure \u00e0 base de phosphates de calcium pour des applications biom\u00e9dicales. Contact : David Marchat \u00c9quipements Stations de synth\u00e8se de poudres en voie aqueuse (500 mL &hellip;\" \/>\n<meta property=\"og:url\" content=\"https:\/\/www.mines-stetienne.fr\/future-medicine\/centre-ingenierie-et-sante\/plateau-technique-3d-fablab\/\" \/>\n<meta property=\"og:site_name\" content=\"#FutureMedicine\" \/>\n<meta property=\"article:publisher\" content=\"https:\/\/www.facebook.com\/MinesSaintEtienne\" \/>\n<meta property=\"og:image\" content=\"https:\/\/www.mines-stetienne.fr\/future-medicine-fr\/wp-content\/uploads\/sites\/15\/2020\/11\/3DFabLab.jpg\" \/>\n<meta name=\"twitter:card\" content=\"summary_large_image\" \/>\n<meta name=\"twitter:site\" content=\"@MINES_StEtienne\" \/>\n<meta name=\"twitter:label1\" content=\"Estimated reading time\" \/>\n\t<meta name=\"twitter:data1\" content=\"2 minutes\" \/>\n<script type=\"application\/ld+json\" class=\"yoast-schema-graph\">{\"@context\":\"https:\\\/\\\/schema.org\",\"@graph\":[{\"@type\":\"WebPage\",\"@id\":\"https:\\\/\\\/www.mines-stetienne.fr\\\/future-medicine\\\/centre-ingenierie-et-sante\\\/plateau-technique-3d-fablab\\\/\",\"url\":\"https:\\\/\\\/www.mines-stetienne.fr\\\/future-medicine\\\/centre-ingenierie-et-sante\\\/plateau-technique-3d-fablab\\\/\",\"name\":\"Plateau technique 3DFabLab - #FutureMedicine\",\"isPartOf\":{\"@id\":\"https:\\\/\\\/www.mines-stetienne.fr\\\/future-medicine\\\/#website\"},\"primaryImageOfPage\":{\"@id\":\"https:\\\/\\\/www.mines-stetienne.fr\\\/future-medicine\\\/centre-ingenierie-et-sante\\\/plateau-technique-3d-fablab\\\/#primaryimage\"},\"image\":{\"@id\":\"https:\\\/\\\/www.mines-stetienne.fr\\\/future-medicine\\\/centre-ingenierie-et-sante\\\/plateau-technique-3d-fablab\\\/#primaryimage\"},\"thumbnailUrl\":\"https:\\\/\\\/www.mines-stetienne.fr\\\/future-medicine-fr\\\/wp-content\\\/uploads\\\/sites\\\/15\\\/2020\\\/11\\\/3DFabLab.jpg\",\"datePublished\":\"2020-12-14T09:26:49+00:00\",\"breadcrumb\":{\"@id\":\"https:\\\/\\\/www.mines-stetienne.fr\\\/future-medicine\\\/centre-ingenierie-et-sante\\\/plateau-technique-3d-fablab\\\/#breadcrumb\"},\"inLanguage\":\"en-GB\",\"potentialAction\":[{\"@type\":\"ReadAction\",\"target\":[\"https:\\\/\\\/www.mines-stetienne.fr\\\/future-medicine\\\/centre-ingenierie-et-sante\\\/plateau-technique-3d-fablab\\\/\"]}]},{\"@type\":\"ImageObject\",\"inLanguage\":\"en-GB\",\"@id\":\"https:\\\/\\\/www.mines-stetienne.fr\\\/future-medicine\\\/centre-ingenierie-et-sante\\\/plateau-technique-3d-fablab\\\/#primaryimage\",\"url\":\"https:\\\/\\\/www.mines-stetienne.fr\\\/future-medicine-fr\\\/wp-content\\\/uploads\\\/sites\\\/15\\\/2020\\\/11\\\/3DFabLab.jpg\",\"contentUrl\":\"https:\\\/\\\/www.mines-stetienne.fr\\\/future-medicine-fr\\\/wp-content\\\/uploads\\\/sites\\\/15\\\/2020\\\/11\\\/3DFabLab.jpg\"},{\"@type\":\"BreadcrumbList\",\"@id\":\"https:\\\/\\\/www.mines-stetienne.fr\\\/future-medicine\\\/centre-ingenierie-et-sante\\\/plateau-technique-3d-fablab\\\/#breadcrumb\",\"itemListElement\":[{\"@type\":\"ListItem\",\"position\":1,\"name\":\"Home\",\"item\":\"https:\\\/\\\/www.mines-stetienne.fr\\\/future-medicine\\\/\"},{\"@type\":\"ListItem\",\"position\":2,\"name\":\"Centre Ing\u00e9nierie et Sant\u00e9\",\"item\":\"https:\\\/\\\/www.mines-stetienne.fr\\\/future-medicine\\\/?page_id=20981\"},{\"@type\":\"ListItem\",\"position\":3,\"name\":\"Plateau technique 3DFabLab\"}]},{\"@type\":\"WebSite\",\"@id\":\"https:\\\/\\\/www.mines-stetienne.fr\\\/future-medicine\\\/#website\",\"url\":\"https:\\\/\\\/www.mines-stetienne.fr\\\/future-medicine\\\/\",\"name\":\"#FutureMedicine\",\"description\":\"- Mines Saint-\u00c9tienne Tech\",\"potentialAction\":[{\"@type\":\"SearchAction\",\"target\":{\"@type\":\"EntryPoint\",\"urlTemplate\":\"https:\\\/\\\/www.mines-stetienne.fr\\\/future-medicine\\\/?s={search_term_string}\"},\"query-input\":{\"@type\":\"PropertyValueSpecification\",\"valueRequired\":true,\"valueName\":\"search_term_string\"}}],\"inLanguage\":\"en-GB\"}]}<\/script>\n<!-- \/ Yoast SEO plugin. -->","yoast_head_json":{"title":"Plateau technique 3DFabLab - #FutureMedicine","robots":{"index":"index","follow":"follow","max-snippet":"max-snippet:-1","max-image-preview":"max-image-preview:large","max-video-preview":"max-video-preview:-1"},"canonical":"https:\/\/www.mines-stetienne.fr\/future-medicine\/centre-ingenierie-et-sante\/plateau-technique-3d-fablab\/","og_locale":"en_GB","og_type":"article","og_title":"Plateau technique 3DFabLab - #FutureMedicine","og_description":"Ce plateau technique pilote est d\u00e9di\u00e9 \u00e0 l\u2019\u00e9laboration de poudres et de biomat\u00e9riaux sur mesure \u00e0 base de phosphates de calcium pour des applications biom\u00e9dicales. Contact : David Marchat \u00c9quipements Stations de synth\u00e8se de poudres en voie aqueuse (500 mL &hellip;","og_url":"https:\/\/www.mines-stetienne.fr\/future-medicine\/centre-ingenierie-et-sante\/plateau-technique-3d-fablab\/","og_site_name":"#FutureMedicine","article_publisher":"https:\/\/www.facebook.com\/MinesSaintEtienne","og_image":[{"url":"https:\/\/www.mines-stetienne.fr\/future-medicine-fr\/wp-content\/uploads\/sites\/15\/2020\/11\/3DFabLab.jpg","type":"","width":"","height":""}],"twitter_card":"summary_large_image","twitter_site":"@MINES_StEtienne","twitter_misc":{"Estimated reading time":"2 minutes"},"schema":{"@context":"https:\/\/schema.org","@graph":[{"@type":"WebPage","@id":"https:\/\/www.mines-stetienne.fr\/future-medicine\/centre-ingenierie-et-sante\/plateau-technique-3d-fablab\/","url":"https:\/\/www.mines-stetienne.fr\/future-medicine\/centre-ingenierie-et-sante\/plateau-technique-3d-fablab\/","name":"Plateau technique 3DFabLab - #FutureMedicine","isPartOf":{"@id":"https:\/\/www.mines-stetienne.fr\/future-medicine\/#website"},"primaryImageOfPage":{"@id":"https:\/\/www.mines-stetienne.fr\/future-medicine\/centre-ingenierie-et-sante\/plateau-technique-3d-fablab\/#primaryimage"},"image":{"@id":"https:\/\/www.mines-stetienne.fr\/future-medicine\/centre-ingenierie-et-sante\/plateau-technique-3d-fablab\/#primaryimage"},"thumbnailUrl":"https:\/\/www.mines-stetienne.fr\/future-medicine-fr\/wp-content\/uploads\/sites\/15\/2020\/11\/3DFabLab.jpg","datePublished":"2020-12-14T09:26:49+00:00","breadcrumb":{"@id":"https:\/\/www.mines-stetienne.fr\/future-medicine\/centre-ingenierie-et-sante\/plateau-technique-3d-fablab\/#breadcrumb"},"inLanguage":"en-GB","potentialAction":[{"@type":"ReadAction","target":["https:\/\/www.mines-stetienne.fr\/future-medicine\/centre-ingenierie-et-sante\/plateau-technique-3d-fablab\/"]}]},{"@type":"ImageObject","inLanguage":"en-GB","@id":"https:\/\/www.mines-stetienne.fr\/future-medicine\/centre-ingenierie-et-sante\/plateau-technique-3d-fablab\/#primaryimage","url":"https:\/\/www.mines-stetienne.fr\/future-medicine-fr\/wp-content\/uploads\/sites\/15\/2020\/11\/3DFabLab.jpg","contentUrl":"https:\/\/www.mines-stetienne.fr\/future-medicine-fr\/wp-content\/uploads\/sites\/15\/2020\/11\/3DFabLab.jpg"},{"@type":"BreadcrumbList","@id":"https:\/\/www.mines-stetienne.fr\/future-medicine\/centre-ingenierie-et-sante\/plateau-technique-3d-fablab\/#breadcrumb","itemListElement":[{"@type":"ListItem","position":1,"name":"Home","item":"https:\/\/www.mines-stetienne.fr\/future-medicine\/"},{"@type":"ListItem","position":2,"name":"Centre Ing\u00e9nierie et Sant\u00e9","item":"https:\/\/www.mines-stetienne.fr\/future-medicine\/?page_id=20981"},{"@type":"ListItem","position":3,"name":"Plateau technique 3DFabLab"}]},{"@type":"WebSite","@id":"https:\/\/www.mines-stetienne.fr\/future-medicine\/#website","url":"https:\/\/www.mines-stetienne.fr\/future-medicine\/","name":"#FutureMedicine","description":"- Mines Saint-\u00c9tienne Tech","potentialAction":[{"@type":"SearchAction","target":{"@type":"EntryPoint","urlTemplate":"https:\/\/www.mines-stetienne.fr\/future-medicine\/?s={search_term_string}"},"query-input":{"@type":"PropertyValueSpecification","valueRequired":true,"valueName":"search_term_string"}}],"inLanguage":"en-GB"}]}},"_links":{"self":[{"href":"https:\/\/www.mines-stetienne.fr\/future-medicine\/wp-json\/wp\/v2\/pages\/21226","targetHints":{"allow":["GET"]}}],"collection":[{"href":"https:\/\/www.mines-stetienne.fr\/future-medicine\/wp-json\/wp\/v2\/pages"}],"about":[{"href":"https:\/\/www.mines-stetienne.fr\/future-medicine\/wp-json\/wp\/v2\/types\/page"}],"author":[{"embeddable":true,"href":"https:\/\/www.mines-stetienne.fr\/future-medicine\/wp-json\/wp\/v2\/users\/2"}],"replies":[{"embeddable":true,"href":"https:\/\/www.mines-stetienne.fr\/future-medicine\/wp-json\/wp\/v2\/comments?post=21226"}],"version-history":[{"count":0,"href":"https:\/\/www.mines-stetienne.fr\/future-medicine\/wp-json\/wp\/v2\/pages\/21226\/revisions"}],"up":[{"embeddable":true,"href":"https:\/\/www.mines-stetienne.fr\/future-medicine\/wp-json\/wp\/v2\/pages\/20981"}],"wp:attachment":[{"href":"https:\/\/www.mines-stetienne.fr\/future-medicine\/wp-json\/wp\/v2\/media?parent=21226"}],"wp:term":[{"taxonomy":"post_tag","embeddable":true,"href":"https:\/\/www.mines-stetienne.fr\/future-medicine\/wp-json\/wp\/v2\/tags?post=21226"}],"curies":[{"name":"wp","href":"https:\/\/api.w.org\/{rel}","templated":true}]}}