{"id":21215,"date":"2020-12-05T15:26:29","date_gmt":"2020-12-05T14:26:29","guid":{"rendered":"https:\/\/www.mines-stetienne.fr\/future-medicine-fr\/?page_id=21215"},"modified":"2020-12-05T15:26:29","modified_gmt":"2020-12-05T14:26:29","slug":"plateau-technique-labo-i-a","status":"publish","type":"page","link":"https:\/\/www.mines-stetienne.fr\/future-medicine\/centre-ingenierie-et-sante\/plateau-technique-labo-i-a\/","title":{"rendered":"Plateau technique Labo I.A."},"content":{"rendered":"\n<h3 class=\"wp-block-heading\">Le laboratoire Intelligence Artificielle est un espace num\u00e9rique permettant l\u2019acquisition et le traitement de donn\u00e9es, muni d\u2019un banc d\u2019essai pour l\u2019analyse des ondes c\u00e9r\u00e9brales <\/h3>\n\n\n\n<p>Contact : <a href=\"m&#97;&#x69;&#x6c;&#x74;o&#58;&#x6e;&#x61;&#x76;a&#114;&#x72;&#x6f;&#x40;e&#109;&#x73;&#x65;&#x2e;f&#114;\">Laurent Navarro<\/a><\/p>\n\n\n\n<h4 class=\"wp-block-heading\">\u00c9quipements<\/h4>\n\n\n\n<ul class=\"wp-block-list\"><li>Interfaces&nbsp;Gtec&nbsp;Unicorn<\/li><li>Ordinateurs&nbsp;Raspberry&nbsp;Pi<\/li><li>Microcontr\u00f4leurs&nbsp;Arduino<\/li><li>Machines de calcul GPU<\/li><\/ul>\n\n\n\n<h4 class=\"wp-block-heading\">Outils logiciels<\/h4>\n\n\n\n<ul class=\"wp-block-list\"><li>Suite logicielle&nbsp;Gtec&nbsp;Unicorn<\/li><li>Unicorn&nbsp;speller<\/li><li>API&nbsp;Gtec&nbsp;Python, C \/C++, java, \u2026<\/li><\/ul>\n\n\n\n<h4 class=\"wp-block-heading\">Prestations et comp\u00e9tences<\/h4>\n\n\n\n<ul class=\"wp-block-list\"><li>Acquisition&nbsp;de donn\u00e9es issues du Living&nbsp;Lab&nbsp;#FutureMedicine<\/li><li>Recueil&nbsp;de donn\u00e9es experts&nbsp;(praticiens de sant\u00e9, experts industrie, \u2026) pour l\u2019aide \u00e0 la d\u00e9cision<\/li><li>Acquisition de donn\u00e9es EEG<\/li><li>Aide au d\u00e9veloppement de dispositifs intelligents embarqu\u00e9s<\/li><li>Deep&nbsp;learning&nbsp;sur les signaux et images<\/li><\/ul>\n\n\n\n<figure class=\"wp-block-gallery columns-3 is-cropped wp-block-gallery-1 is-layout-flex wp-block-gallery-is-layout-flex\"><ul class=\"blocks-gallery-grid\"><li class=\"blocks-gallery-item\"><figure><img decoding=\"async\" src=\"https:\/\/www.mines-stetienne.fr\/future-medicine-fr\/wp-content\/uploads\/sites\/15\/2020\/11\/IALab.jpg\" alt=\"\" data-id=\"20351\" data-full-url=\"https:\/\/www.mines-stetienne.fr\/future-medicine-fr\/wp-content\/uploads\/sites\/15\/2020\/11\/IALab.jpg\" data-link=\"https:\/\/www.mines-stetienne.fr\/future-medicine-fr\/ialab\/\" class=\"wp-image-20351\" \/><\/figure><\/li><li class=\"blocks-gallery-item\"><figure><img decoding=\"async\" src=\"https:\/\/www.mines-stetienne.fr\/future-medicine-fr\/wp-content\/uploads\/sites\/15\/2020\/11\/LaboIAFM.jpg\" alt=\"\" data-id=\"20344\" data-full-url=\"https:\/\/www.mines-stetienne.fr\/future-medicine-fr\/wp-content\/uploads\/sites\/15\/2020\/11\/LaboIAFM.jpg\" data-link=\"https:\/\/www.mines-stetienne.fr\/future-medicine-fr\/laboiafm\/\" class=\"wp-image-20344\" \/><\/figure><\/li><li class=\"blocks-gallery-item\"><figure><img decoding=\"async\" src=\"https:\/\/www.mines-stetienne.fr\/future-medicine-fr\/wp-content\/uploads\/sites\/15\/2020\/11\/carreblanc.jpg\" alt=\"\" data-id=\"20700\" data-full-url=\"https:\/\/www.mines-stetienne.fr\/future-medicine-fr\/wp-content\/uploads\/sites\/15\/2020\/11\/carreblanc.jpg\" data-link=\"https:\/\/www.mines-stetienne.fr\/future-medicine-fr\/carreblanc\/\" class=\"wp-image-20700\" \/><\/figure><\/li><\/ul><\/figure>\n","protected":false},"excerpt":{"rendered":"<p>Le laboratoire Intelligence Artificielle est un espace num\u00e9rique permettant l\u2019acquisition et le traitement de donn\u00e9es, muni d\u2019un banc d\u2019essai pour l\u2019analyse des ondes c\u00e9r\u00e9brales Contact : Laurent Navarro \u00c9quipements Interfaces&nbsp;Gtec&nbsp;Unicorn Ordinateurs&nbsp;Raspberry&nbsp;Pi Microcontr\u00f4leurs&nbsp;Arduino Machines de calcul GPU Outils logiciels Suite logicielle&nbsp;Gtec&nbsp;Unicorn &hellip;<\/p>\n","protected":false},"author":2,"featured_media":0,"parent":20981,"menu_order":0,"comment_status":"closed","ping_status":"closed","template":"","meta":{"footnotes":""},"tags":[],"class_list":["post-21215","page","type-page","status-publish","hentry"],"pp_statuses_selecting_workflow":false,"pp_workflow_action":"current","pp_status_selection":"publish","pp_force_visibility":null,"pp_subpost_visibility":null,"pp_inherited_force_visibility":null,"pp_inherited_subpost_visibility":null,"yoast_head":"<!-- This site is optimized with the Yoast SEO plugin v27.5 - https:\/\/yoast.com\/product\/yoast-seo-wordpress\/ -->\n<title>Plateau technique Labo I.A. - #FutureMedicine<\/title>\n<meta name=\"robots\" content=\"index, follow, max-snippet:-1, max-image-preview:large, max-video-preview:-1\" \/>\n<link rel=\"canonical\" href=\"https:\/\/www.mines-stetienne.fr\/future-medicine\/centre-ingenierie-et-sante\/plateau-technique-labo-i-a\/\" \/>\n<meta property=\"og:locale\" content=\"en_GB\" \/>\n<meta property=\"og:type\" content=\"article\" \/>\n<meta property=\"og:title\" content=\"Plateau technique Labo I.A. - #FutureMedicine\" \/>\n<meta property=\"og:description\" content=\"Le laboratoire Intelligence Artificielle est un espace num\u00e9rique permettant l\u2019acquisition et le traitement de donn\u00e9es, muni d\u2019un banc d\u2019essai pour l\u2019analyse des ondes c\u00e9r\u00e9brales Contact : Laurent Navarro \u00c9quipements Interfaces&nbsp;Gtec&nbsp;Unicorn Ordinateurs&nbsp;Raspberry&nbsp;Pi Microcontr\u00f4leurs&nbsp;Arduino Machines de calcul GPU Outils logiciels Suite logicielle&nbsp;Gtec&nbsp;Unicorn &hellip;\" \/>\n<meta property=\"og:url\" content=\"https:\/\/www.mines-stetienne.fr\/future-medicine\/centre-ingenierie-et-sante\/plateau-technique-labo-i-a\/\" \/>\n<meta property=\"og:site_name\" content=\"#FutureMedicine\" \/>\n<meta property=\"article:publisher\" content=\"https:\/\/www.facebook.com\/MinesSaintEtienne\" \/>\n<meta property=\"og:image\" content=\"https:\/\/www.mines-stetienne.fr\/future-medicine-fr\/wp-content\/uploads\/sites\/15\/2020\/11\/IALab.jpg\" \/>\n<meta name=\"twitter:card\" content=\"summary_large_image\" \/>\n<meta name=\"twitter:site\" content=\"@MINES_StEtienne\" \/>\n<meta name=\"twitter:label1\" content=\"Estimated reading time\" \/>\n\t<meta name=\"twitter:data1\" content=\"1 minute\" \/>\n<script type=\"application\/ld+json\" class=\"yoast-schema-graph\">{\"@context\":\"https:\\\/\\\/schema.org\",\"@graph\":[{\"@type\":\"WebPage\",\"@id\":\"https:\\\/\\\/www.mines-stetienne.fr\\\/future-medicine\\\/centre-ingenierie-et-sante\\\/plateau-technique-labo-i-a\\\/\",\"url\":\"https:\\\/\\\/www.mines-stetienne.fr\\\/future-medicine\\\/centre-ingenierie-et-sante\\\/plateau-technique-labo-i-a\\\/\",\"name\":\"Plateau technique Labo I.A. - #FutureMedicine\",\"isPartOf\":{\"@id\":\"https:\\\/\\\/www.mines-stetienne.fr\\\/future-medicine\\\/#website\"},\"primaryImageOfPage\":{\"@id\":\"https:\\\/\\\/www.mines-stetienne.fr\\\/future-medicine\\\/centre-ingenierie-et-sante\\\/plateau-technique-labo-i-a\\\/#primaryimage\"},\"image\":{\"@id\":\"https:\\\/\\\/www.mines-stetienne.fr\\\/future-medicine\\\/centre-ingenierie-et-sante\\\/plateau-technique-labo-i-a\\\/#primaryimage\"},\"thumbnailUrl\":\"https:\\\/\\\/www.mines-stetienne.fr\\\/future-medicine-fr\\\/wp-content\\\/uploads\\\/sites\\\/15\\\/2020\\\/11\\\/IALab.jpg\",\"datePublished\":\"2020-12-05T14:26:29+00:00\",\"breadcrumb\":{\"@id\":\"https:\\\/\\\/www.mines-stetienne.fr\\\/future-medicine\\\/centre-ingenierie-et-sante\\\/plateau-technique-labo-i-a\\\/#breadcrumb\"},\"inLanguage\":\"en-GB\",\"potentialAction\":[{\"@type\":\"ReadAction\",\"target\":[\"https:\\\/\\\/www.mines-stetienne.fr\\\/future-medicine\\\/centre-ingenierie-et-sante\\\/plateau-technique-labo-i-a\\\/\"]}]},{\"@type\":\"ImageObject\",\"inLanguage\":\"en-GB\",\"@id\":\"https:\\\/\\\/www.mines-stetienne.fr\\\/future-medicine\\\/centre-ingenierie-et-sante\\\/plateau-technique-labo-i-a\\\/#primaryimage\",\"url\":\"https:\\\/\\\/www.mines-stetienne.fr\\\/future-medicine-fr\\\/wp-content\\\/uploads\\\/sites\\\/15\\\/2020\\\/11\\\/IALab.jpg\",\"contentUrl\":\"https:\\\/\\\/www.mines-stetienne.fr\\\/future-medicine-fr\\\/wp-content\\\/uploads\\\/sites\\\/15\\\/2020\\\/11\\\/IALab.jpg\"},{\"@type\":\"BreadcrumbList\",\"@id\":\"https:\\\/\\\/www.mines-stetienne.fr\\\/future-medicine\\\/centre-ingenierie-et-sante\\\/plateau-technique-labo-i-a\\\/#breadcrumb\",\"itemListElement\":[{\"@type\":\"ListItem\",\"position\":1,\"name\":\"Home\",\"item\":\"https:\\\/\\\/www.mines-stetienne.fr\\\/future-medicine\\\/\"},{\"@type\":\"ListItem\",\"position\":2,\"name\":\"Centre Ing\u00e9nierie et Sant\u00e9\",\"item\":\"https:\\\/\\\/www.mines-stetienne.fr\\\/future-medicine\\\/?page_id=20981\"},{\"@type\":\"ListItem\",\"position\":3,\"name\":\"Plateau technique Labo I.A.\"}]},{\"@type\":\"WebSite\",\"@id\":\"https:\\\/\\\/www.mines-stetienne.fr\\\/future-medicine\\\/#website\",\"url\":\"https:\\\/\\\/www.mines-stetienne.fr\\\/future-medicine\\\/\",\"name\":\"#FutureMedicine\",\"description\":\"- Mines Saint-\u00c9tienne Tech\",\"potentialAction\":[{\"@type\":\"SearchAction\",\"target\":{\"@type\":\"EntryPoint\",\"urlTemplate\":\"https:\\\/\\\/www.mines-stetienne.fr\\\/future-medicine\\\/?s={search_term_string}\"},\"query-input\":{\"@type\":\"PropertyValueSpecification\",\"valueRequired\":true,\"valueName\":\"search_term_string\"}}],\"inLanguage\":\"en-GB\"}]}<\/script>\n<!-- \/ Yoast SEO plugin. -->","yoast_head_json":{"title":"Plateau technique Labo I.A. - #FutureMedicine","robots":{"index":"index","follow":"follow","max-snippet":"max-snippet:-1","max-image-preview":"max-image-preview:large","max-video-preview":"max-video-preview:-1"},"canonical":"https:\/\/www.mines-stetienne.fr\/future-medicine\/centre-ingenierie-et-sante\/plateau-technique-labo-i-a\/","og_locale":"en_GB","og_type":"article","og_title":"Plateau technique Labo I.A. - #FutureMedicine","og_description":"Le laboratoire Intelligence Artificielle est un espace num\u00e9rique permettant l\u2019acquisition et le traitement de donn\u00e9es, muni d\u2019un banc d\u2019essai pour l\u2019analyse des ondes c\u00e9r\u00e9brales Contact : Laurent Navarro \u00c9quipements Interfaces&nbsp;Gtec&nbsp;Unicorn Ordinateurs&nbsp;Raspberry&nbsp;Pi Microcontr\u00f4leurs&nbsp;Arduino Machines de calcul GPU Outils logiciels Suite logicielle&nbsp;Gtec&nbsp;Unicorn &hellip;","og_url":"https:\/\/www.mines-stetienne.fr\/future-medicine\/centre-ingenierie-et-sante\/plateau-technique-labo-i-a\/","og_site_name":"#FutureMedicine","article_publisher":"https:\/\/www.facebook.com\/MinesSaintEtienne","og_image":[{"url":"https:\/\/www.mines-stetienne.fr\/future-medicine-fr\/wp-content\/uploads\/sites\/15\/2020\/11\/IALab.jpg","type":"","width":"","height":""}],"twitter_card":"summary_large_image","twitter_site":"@MINES_StEtienne","twitter_misc":{"Estimated reading time":"1 minute"},"schema":{"@context":"https:\/\/schema.org","@graph":[{"@type":"WebPage","@id":"https:\/\/www.mines-stetienne.fr\/future-medicine\/centre-ingenierie-et-sante\/plateau-technique-labo-i-a\/","url":"https:\/\/www.mines-stetienne.fr\/future-medicine\/centre-ingenierie-et-sante\/plateau-technique-labo-i-a\/","name":"Plateau technique Labo I.A. - #FutureMedicine","isPartOf":{"@id":"https:\/\/www.mines-stetienne.fr\/future-medicine\/#website"},"primaryImageOfPage":{"@id":"https:\/\/www.mines-stetienne.fr\/future-medicine\/centre-ingenierie-et-sante\/plateau-technique-labo-i-a\/#primaryimage"},"image":{"@id":"https:\/\/www.mines-stetienne.fr\/future-medicine\/centre-ingenierie-et-sante\/plateau-technique-labo-i-a\/#primaryimage"},"thumbnailUrl":"https:\/\/www.mines-stetienne.fr\/future-medicine-fr\/wp-content\/uploads\/sites\/15\/2020\/11\/IALab.jpg","datePublished":"2020-12-05T14:26:29+00:00","breadcrumb":{"@id":"https:\/\/www.mines-stetienne.fr\/future-medicine\/centre-ingenierie-et-sante\/plateau-technique-labo-i-a\/#breadcrumb"},"inLanguage":"en-GB","potentialAction":[{"@type":"ReadAction","target":["https:\/\/www.mines-stetienne.fr\/future-medicine\/centre-ingenierie-et-sante\/plateau-technique-labo-i-a\/"]}]},{"@type":"ImageObject","inLanguage":"en-GB","@id":"https:\/\/www.mines-stetienne.fr\/future-medicine\/centre-ingenierie-et-sante\/plateau-technique-labo-i-a\/#primaryimage","url":"https:\/\/www.mines-stetienne.fr\/future-medicine-fr\/wp-content\/uploads\/sites\/15\/2020\/11\/IALab.jpg","contentUrl":"https:\/\/www.mines-stetienne.fr\/future-medicine-fr\/wp-content\/uploads\/sites\/15\/2020\/11\/IALab.jpg"},{"@type":"BreadcrumbList","@id":"https:\/\/www.mines-stetienne.fr\/future-medicine\/centre-ingenierie-et-sante\/plateau-technique-labo-i-a\/#breadcrumb","itemListElement":[{"@type":"ListItem","position":1,"name":"Home","item":"https:\/\/www.mines-stetienne.fr\/future-medicine\/"},{"@type":"ListItem","position":2,"name":"Centre Ing\u00e9nierie et Sant\u00e9","item":"https:\/\/www.mines-stetienne.fr\/future-medicine\/?page_id=20981"},{"@type":"ListItem","position":3,"name":"Plateau technique Labo I.A."}]},{"@type":"WebSite","@id":"https:\/\/www.mines-stetienne.fr\/future-medicine\/#website","url":"https:\/\/www.mines-stetienne.fr\/future-medicine\/","name":"#FutureMedicine","description":"- Mines Saint-\u00c9tienne Tech","potentialAction":[{"@type":"SearchAction","target":{"@type":"EntryPoint","urlTemplate":"https:\/\/www.mines-stetienne.fr\/future-medicine\/?s={search_term_string}"},"query-input":{"@type":"PropertyValueSpecification","valueRequired":true,"valueName":"search_term_string"}}],"inLanguage":"en-GB"}]}},"_links":{"self":[{"href":"https:\/\/www.mines-stetienne.fr\/future-medicine\/wp-json\/wp\/v2\/pages\/21215","targetHints":{"allow":["GET"]}}],"collection":[{"href":"https:\/\/www.mines-stetienne.fr\/future-medicine\/wp-json\/wp\/v2\/pages"}],"about":[{"href":"https:\/\/www.mines-stetienne.fr\/future-medicine\/wp-json\/wp\/v2\/types\/page"}],"author":[{"embeddable":true,"href":"https:\/\/www.mines-stetienne.fr\/future-medicine\/wp-json\/wp\/v2\/users\/2"}],"replies":[{"embeddable":true,"href":"https:\/\/www.mines-stetienne.fr\/future-medicine\/wp-json\/wp\/v2\/comments?post=21215"}],"version-history":[{"count":0,"href":"https:\/\/www.mines-stetienne.fr\/future-medicine\/wp-json\/wp\/v2\/pages\/21215\/revisions"}],"up":[{"embeddable":true,"href":"https:\/\/www.mines-stetienne.fr\/future-medicine\/wp-json\/wp\/v2\/pages\/20981"}],"wp:attachment":[{"href":"https:\/\/www.mines-stetienne.fr\/future-medicine\/wp-json\/wp\/v2\/media?parent=21215"}],"wp:term":[{"taxonomy":"post_tag","embeddable":true,"href":"https:\/\/www.mines-stetienne.fr\/future-medicine\/wp-json\/wp\/v2\/tags?post=21215"}],"curies":[{"name":"wp","href":"https:\/\/api.w.org\/{rel}","templated":true}]}}