{"id":20925,"date":"2020-12-01T15:49:03","date_gmt":"2020-12-01T14:49:03","guid":{"rendered":"https:\/\/www.mines-stetienne.fr\/future-medicine-fr\/?page_id=20925"},"modified":"2020-12-01T15:49:03","modified_gmt":"2020-12-01T14:49:03","slug":"le-medtechlab","status":"publish","type":"page","link":"https:\/\/www.mines-stetienne.fr\/future-medicine\/futuremedicine-2021\/le-medtechlab\/","title":{"rendered":"Le MedTechLab\u00ae"},"content":{"rendered":"\n<h3 class=\"wp-block-heading\"><strong>Bienvenue au MedTechLab\u00ae&nbsp;<\/strong>: Un living lab pour l\u2019exp\u00e9rimentation terrain et les tests grandeur nature de produits ou services int\u00e9grant de nouvelles technologies&nbsp;en sant\u00e9, de la co-cr\u00e9ation au passage \u00e0 l\u2019\u00e9chelle.<\/h3>\n\n\n\n<p style=\"font-size:17px\">Cet espace d\u2019observation des usages et des pratiques innovantes est enti\u00e8rement d\u00e9di\u00e9 aux industriels, startups, chercheurs, ing\u00e9nieurs, professionnels de sant\u00e9, usagers, collectivit\u00e9s\u2026,&nbsp;pour penser, tester, exp\u00e9rimenter et d\u00e9velopper des projets transverses.<\/p>\n\n\n\n<div class=\"wp-block-group\"><div class=\"wp-block-group__inner-container is-layout-flow wp-block-group-is-layout-flow\">\n<p class=\"has-text-align-left has-normal-font-size\"><strong>Une offre unique en France au service de la Silver Economie : une m\u00e9thodologie living lab en appui sur l\u2019ing\u00e9nierie et la mod\u00e9lisation pour accompagner les projets d\u2019innovation pour les a\u00een\u00e9s et d\u00e9velopper des projets de recherche clinique pour les industriels<\/strong>.<\/p>\n\n\n\n<div class=\"wp-block-image\"><figure class=\"aligncenter size-full is-resized\"><img loading=\"lazy\" decoding=\"async\" src=\"https:\/\/www.mines-stetienne.fr\/future-medicine-fr\/wp-content\/uploads\/sites\/15\/2020\/12\/medtechlab.jpg\" alt=\"Le Living Lab : une d\u00e9marche d'open-innovation\" class=\"wp-image-20927\" width=\"693\" height=\"524\" \/><figcaption><strong>Une d\u00e9marche<\/strong> <strong>d\u2019open-innovation<\/strong> : Le Living Lab&nbsp;reproduit l\u2019appartement intelligent de la personne fragile, int\u00e9grant&nbsp;des mobiliers innovants tel qu\u2019un lit intelligent dot\u00e9 de capteurs de&nbsp;mouvements. <br>Un espace contigu permet de recueillir&nbsp;l\u2019ensemble des donn\u00e9es observ\u00e9es&nbsp;par ces capteurs. <\/figcaption><\/figure><\/div>\n<\/div><\/div>\n\n\n\n<h4 class=\"wp-block-heading\"><strong>Nos ressources \u2026 Nos forces<\/strong><\/h4>\n\n\n\n<ul class=\"wp-block-list\"><li>Un p\u00f4le de recherche clinique (professionnels de sant\u00e9 des \u00e9tablissements mutualistes) adoss\u00e9 \u00e0 un laboratoire scientifique.<\/li><li>Une m\u00e9thodologie combinant M\u00e9dical\/Sciences de l\u2019ing\u00e9nieur\/Sciences Humaines et Sociales<\/li><li>Un appui sur 6 d\u00e9monstrateurs technologiques et industriels.<\/li><li>Un espace de co-working et de design thinking pour travailler ensemble \u00e0 la d\u00e9finition et l\u2019\u00e9valuation des prototypes et services en sant\u00e9.<\/li><li>Des tests r\u00e9alis\u00e9s successivement en environnement ma\u00eetris\u00e9 &gt; r\u00e9el &gt; puis \u00e0 l\u2019\u00e9chelle gr\u00e2ce au mod\u00e8le&nbsp;(r\u00e9alit\u00e9 virtuelle, monitoring), en lien avec l\u2019\u00e9cosyst\u00e8me local.<\/li><\/ul>\n\n\n\n<h4 class=\"wp-block-heading\"><strong>Notre positionnement strat\u00e9gique<\/strong><\/h4>\n\n\n\n<ul class=\"wp-block-list\"><li>Un&nbsp;r\u00e9seau national et territorial, acad\u00e9mique, mutualiste, hospitalier et professionnel<\/li><li>Plusieurs lieux d\u2019exp\u00e9rimentation et un p\u00e9rim\u00e8tre&nbsp;cible in situ d\u00e9di\u00e9 (CHU, EHPAD)<\/li><li>Des prestations courtes<\/li><li>L\u2019amorce de th\u00e8ses CIFRE gr\u00e2ce \u00e0 l\u2019\u00e9tude Living Lab&nbsp;avec un industriel<\/li><li>La valorisation de nos travaux (publications&nbsp;scientifiques et communications)<\/li><\/ul>\n\n\n\n<h4 class=\"wp-block-heading\"><strong>L&#8217;exp\u00e9rience Living Lab \/ un apport d\u2019innovation<\/strong><\/h4>\n\n\n\n<p>Vous&nbsp;souhaitez&nbsp;d\u00e9velopper un projet innovant, renouveler un&nbsp;produit ou un dispositif, int\u00e9grer de nouvelles technologies dans un dispositif&nbsp;existant, d\u00e9ployer vos propres sc\u00e9narios d\u2019usages&nbsp;gr\u00e2ce&nbsp;aux&nbsp;algorithmes de mod\u00e9lisation, de pr\u00e9diction et de simulation&nbsp;?<br>B\u00e9n\u00e9ficiez&nbsp;de notre processus de co-cr\u00e9ation, de nos ressources mat\u00e9rielles et&nbsp;humaines&nbsp;: l\u2019accompagnement s\u2019op\u00e8re \u00e0 diff\u00e9rentes \u00e9tapes&nbsp;d\u2019un projet ou sur l\u2019ensemble du&nbsp;processus.<\/p>\n\n\n\n<h4 class=\"wp-block-heading\">Nos engagements \/ Nos valeurs<\/h4>\n\n\n\n<ul class=\"wp-block-list\"><li>Rester \u00e0 l\u2019\u00e9coute et r\u00e9pondre aux nouvelles attentes des patients et des soignants.<\/li><li>S\u2019engager sur les derni\u00e8res avanc\u00e9es m\u00e9dicales, les&nbsp;innovations techniques et organisationnelles.<\/li><li>Accompagner les projets&nbsp;novateurs pour une meilleure qualit\u00e9 de prise en charge des personnes.<\/li><li>Coordonner la veille technologique et contribuer au&nbsp;r\u00e9seau de partenaires et acteurs IRD.<\/li><\/ul>\n\n\n\n<hr class=\"wp-block-separator\" \/>\n\n\n\n<figure class=\"wp-block-image size-large\"><img decoding=\"async\" src=\"https:\/\/www.mines-stetienne.fr\/future-medicine-fr\/wp-content\/uploads\/sites\/15\/2020\/12\/Llab-1024x707.jpg\" alt=\"\" class=\"wp-image-21302\" \/><\/figure>\n\n\n\n<p class=\"has-text-align-left\"><a rel=\"noreferrer noopener\" href=\"https:\/\/www.eovimcd-sante-services.fr\/medtechlab\/\" target=\"_blank\"><strong><em>Le MedTechLab\u00ae<\/em><\/strong><em> <\/em><\/a><em>est issu d\u2019un partenariat <\/em><strong><em><a href=\"https:\/\/www.mines-stetienne.fr\/\" target=\"_blank\" rel=\"noreferrer noopener\">MINES Saint-\u00c9tienne<\/a><\/em><\/strong><em> (Centre Ing\u00e9nierie et Sant\u00e9, LIMOS \/ SAINBIOSE, sur le Campus Sant\u00e9 Innovations, un p\u00f4le sant\u00e9 unique),\u00a0<\/em><strong><a href=\"https:\/\/www.aesio.fr\/\" target=\"_blank\" rel=\"noreferrer noopener\"><em>AESIO Sant\u00e9<\/em><\/a><\/strong><em><a href=\"https:\/\/www.aesio.fr\/\" target=\"_blank\" rel=\"noreferrer noopener\"> (<\/a>un acteur majeur de sant\u00e9 en France, 200 \u00e9tablissements et services de soins, 5000 professionnels de sant\u00e9, 4 fili\u00e8res\u00a0: sanitaire, m\u00e9dico-sociale, biens et services, innovation).<\/em><br><a rel=\"noreferrer noopener\" href=\"https:\/\/www.eovimcd-sante-services.fr\/medtechlab\/\" target=\"_blank\"><strong>Rejoindre<\/strong><\/a><\/p>\n","protected":false},"excerpt":{"rendered":"<p>Bienvenue au MedTechLab\u00ae&nbsp;: Un living lab pour l\u2019exp\u00e9rimentation terrain et les tests grandeur nature de produits ou services int\u00e9grant de nouvelles technologies&nbsp;en sant\u00e9, de la co-cr\u00e9ation au passage \u00e0 l\u2019\u00e9chelle. Cet espace d\u2019observation des usages et des pratiques innovantes est &hellip;<\/p>\n","protected":false},"author":2,"featured_media":0,"parent":20153,"menu_order":0,"comment_status":"closed","ping_status":"closed","template":"","meta":{"footnotes":""},"tags":[],"class_list":["post-20925","page","type-page","status-publish","hentry"],"pp_statuses_selecting_workflow":false,"pp_workflow_action":"current","pp_status_selection":"publish","pp_force_visibility":null,"pp_subpost_visibility":null,"pp_inherited_force_visibility":null,"pp_inherited_subpost_visibility":null,"yoast_head":"<!-- This site is optimized with the Yoast SEO plugin v27.4 - https:\/\/yoast.com\/product\/yoast-seo-wordpress\/ -->\n<title>Le MedTechLab\u00ae - #FutureMedicine<\/title>\n<meta name=\"robots\" content=\"index, follow, max-snippet:-1, max-image-preview:large, max-video-preview:-1\" \/>\n<link rel=\"canonical\" href=\"https:\/\/www.mines-stetienne.fr\/future-medicine\/futuremedicine-2021\/le-medtechlab\/\" \/>\n<meta property=\"og:locale\" content=\"en_GB\" \/>\n<meta property=\"og:type\" content=\"article\" \/>\n<meta property=\"og:title\" content=\"Le MedTechLab\u00ae - #FutureMedicine\" \/>\n<meta property=\"og:description\" content=\"Bienvenue au MedTechLab\u00ae&nbsp;: Un living lab pour l\u2019exp\u00e9rimentation terrain et les tests grandeur nature de produits ou services int\u00e9grant de nouvelles technologies&nbsp;en sant\u00e9, de la co-cr\u00e9ation au passage \u00e0 l\u2019\u00e9chelle. Cet espace d\u2019observation des usages et des pratiques innovantes est &hellip;\" \/>\n<meta property=\"og:url\" content=\"https:\/\/www.mines-stetienne.fr\/future-medicine\/futuremedicine-2021\/le-medtechlab\/\" \/>\n<meta property=\"og:site_name\" content=\"#FutureMedicine\" \/>\n<meta property=\"article:publisher\" content=\"https:\/\/www.facebook.com\/MinesSaintEtienne\" \/>\n<meta property=\"og:image\" content=\"https:\/\/www.mines-stetienne.fr\/future-medicine-fr\/wp-content\/uploads\/sites\/15\/2020\/12\/medtechlab.jpg\" \/>\n<meta name=\"twitter:card\" content=\"summary_large_image\" \/>\n<meta name=\"twitter:site\" content=\"@MINES_StEtienne\" \/>\n<meta name=\"twitter:label1\" content=\"Estimated reading time\" \/>\n\t<meta name=\"twitter:data1\" content=\"3 minutes\" \/>\n<script type=\"application\/ld+json\" class=\"yoast-schema-graph\">{\"@context\":\"https:\\\/\\\/schema.org\",\"@graph\":[{\"@type\":\"WebPage\",\"@id\":\"https:\\\/\\\/www.mines-stetienne.fr\\\/future-medicine\\\/futuremedicine-2021\\\/le-medtechlab\\\/\",\"url\":\"https:\\\/\\\/www.mines-stetienne.fr\\\/future-medicine\\\/futuremedicine-2021\\\/le-medtechlab\\\/\",\"name\":\"Le MedTechLab\u00ae - #FutureMedicine\",\"isPartOf\":{\"@id\":\"https:\\\/\\\/www.mines-stetienne.fr\\\/future-medicine\\\/#website\"},\"primaryImageOfPage\":{\"@id\":\"https:\\\/\\\/www.mines-stetienne.fr\\\/future-medicine\\\/futuremedicine-2021\\\/le-medtechlab\\\/#primaryimage\"},\"image\":{\"@id\":\"https:\\\/\\\/www.mines-stetienne.fr\\\/future-medicine\\\/futuremedicine-2021\\\/le-medtechlab\\\/#primaryimage\"},\"thumbnailUrl\":\"https:\\\/\\\/www.mines-stetienne.fr\\\/future-medicine-fr\\\/wp-content\\\/uploads\\\/sites\\\/15\\\/2020\\\/12\\\/medtechlab.jpg\",\"datePublished\":\"2020-12-01T14:49:03+00:00\",\"breadcrumb\":{\"@id\":\"https:\\\/\\\/www.mines-stetienne.fr\\\/future-medicine\\\/futuremedicine-2021\\\/le-medtechlab\\\/#breadcrumb\"},\"inLanguage\":\"en-GB\",\"potentialAction\":[{\"@type\":\"ReadAction\",\"target\":[\"https:\\\/\\\/www.mines-stetienne.fr\\\/future-medicine\\\/futuremedicine-2021\\\/le-medtechlab\\\/\"]}]},{\"@type\":\"ImageObject\",\"inLanguage\":\"en-GB\",\"@id\":\"https:\\\/\\\/www.mines-stetienne.fr\\\/future-medicine\\\/futuremedicine-2021\\\/le-medtechlab\\\/#primaryimage\",\"url\":\"https:\\\/\\\/www.mines-stetienne.fr\\\/future-medicine-fr\\\/wp-content\\\/uploads\\\/sites\\\/15\\\/2020\\\/12\\\/medtechlab.jpg\",\"contentUrl\":\"https:\\\/\\\/www.mines-stetienne.fr\\\/future-medicine-fr\\\/wp-content\\\/uploads\\\/sites\\\/15\\\/2020\\\/12\\\/medtechlab.jpg\"},{\"@type\":\"BreadcrumbList\",\"@id\":\"https:\\\/\\\/www.mines-stetienne.fr\\\/future-medicine\\\/futuremedicine-2021\\\/le-medtechlab\\\/#breadcrumb\",\"itemListElement\":[{\"@type\":\"ListItem\",\"position\":1,\"name\":\"Home\",\"item\":\"https:\\\/\\\/www.mines-stetienne.fr\\\/future-medicine\\\/\"},{\"@type\":\"ListItem\",\"position\":2,\"name\":\"#FutureMedicine 2021\",\"item\":\"https:\\\/\\\/www.mines-stetienne.fr\\\/future-medicine\\\/futuremedicine-2021\\\/\"},{\"@type\":\"ListItem\",\"position\":3,\"name\":\"Le MedTechLab\u00ae\"}]},{\"@type\":\"WebSite\",\"@id\":\"https:\\\/\\\/www.mines-stetienne.fr\\\/future-medicine\\\/#website\",\"url\":\"https:\\\/\\\/www.mines-stetienne.fr\\\/future-medicine\\\/\",\"name\":\"#FutureMedicine\",\"description\":\"- Mines Saint-\u00c9tienne Tech\",\"potentialAction\":[{\"@type\":\"SearchAction\",\"target\":{\"@type\":\"EntryPoint\",\"urlTemplate\":\"https:\\\/\\\/www.mines-stetienne.fr\\\/future-medicine\\\/?s={search_term_string}\"},\"query-input\":{\"@type\":\"PropertyValueSpecification\",\"valueRequired\":true,\"valueName\":\"search_term_string\"}}],\"inLanguage\":\"en-GB\"}]}<\/script>\n<!-- \/ Yoast SEO plugin. -->","yoast_head_json":{"title":"Le MedTechLab\u00ae - #FutureMedicine","robots":{"index":"index","follow":"follow","max-snippet":"max-snippet:-1","max-image-preview":"max-image-preview:large","max-video-preview":"max-video-preview:-1"},"canonical":"https:\/\/www.mines-stetienne.fr\/future-medicine\/futuremedicine-2021\/le-medtechlab\/","og_locale":"en_GB","og_type":"article","og_title":"Le MedTechLab\u00ae - #FutureMedicine","og_description":"Bienvenue au MedTechLab\u00ae&nbsp;: Un living lab pour l\u2019exp\u00e9rimentation terrain et les tests grandeur nature de produits ou services int\u00e9grant de nouvelles technologies&nbsp;en sant\u00e9, de la co-cr\u00e9ation au passage \u00e0 l\u2019\u00e9chelle. Cet espace d\u2019observation des usages et des pratiques innovantes est &hellip;","og_url":"https:\/\/www.mines-stetienne.fr\/future-medicine\/futuremedicine-2021\/le-medtechlab\/","og_site_name":"#FutureMedicine","article_publisher":"https:\/\/www.facebook.com\/MinesSaintEtienne","og_image":[{"url":"https:\/\/www.mines-stetienne.fr\/future-medicine-fr\/wp-content\/uploads\/sites\/15\/2020\/12\/medtechlab.jpg","type":"","width":"","height":""}],"twitter_card":"summary_large_image","twitter_site":"@MINES_StEtienne","twitter_misc":{"Estimated reading time":"3 minutes"},"schema":{"@context":"https:\/\/schema.org","@graph":[{"@type":"WebPage","@id":"https:\/\/www.mines-stetienne.fr\/future-medicine\/futuremedicine-2021\/le-medtechlab\/","url":"https:\/\/www.mines-stetienne.fr\/future-medicine\/futuremedicine-2021\/le-medtechlab\/","name":"Le MedTechLab\u00ae - #FutureMedicine","isPartOf":{"@id":"https:\/\/www.mines-stetienne.fr\/future-medicine\/#website"},"primaryImageOfPage":{"@id":"https:\/\/www.mines-stetienne.fr\/future-medicine\/futuremedicine-2021\/le-medtechlab\/#primaryimage"},"image":{"@id":"https:\/\/www.mines-stetienne.fr\/future-medicine\/futuremedicine-2021\/le-medtechlab\/#primaryimage"},"thumbnailUrl":"https:\/\/www.mines-stetienne.fr\/future-medicine-fr\/wp-content\/uploads\/sites\/15\/2020\/12\/medtechlab.jpg","datePublished":"2020-12-01T14:49:03+00:00","breadcrumb":{"@id":"https:\/\/www.mines-stetienne.fr\/future-medicine\/futuremedicine-2021\/le-medtechlab\/#breadcrumb"},"inLanguage":"en-GB","potentialAction":[{"@type":"ReadAction","target":["https:\/\/www.mines-stetienne.fr\/future-medicine\/futuremedicine-2021\/le-medtechlab\/"]}]},{"@type":"ImageObject","inLanguage":"en-GB","@id":"https:\/\/www.mines-stetienne.fr\/future-medicine\/futuremedicine-2021\/le-medtechlab\/#primaryimage","url":"https:\/\/www.mines-stetienne.fr\/future-medicine-fr\/wp-content\/uploads\/sites\/15\/2020\/12\/medtechlab.jpg","contentUrl":"https:\/\/www.mines-stetienne.fr\/future-medicine-fr\/wp-content\/uploads\/sites\/15\/2020\/12\/medtechlab.jpg"},{"@type":"BreadcrumbList","@id":"https:\/\/www.mines-stetienne.fr\/future-medicine\/futuremedicine-2021\/le-medtechlab\/#breadcrumb","itemListElement":[{"@type":"ListItem","position":1,"name":"Home","item":"https:\/\/www.mines-stetienne.fr\/future-medicine\/"},{"@type":"ListItem","position":2,"name":"#FutureMedicine 2021","item":"https:\/\/www.mines-stetienne.fr\/future-medicine\/futuremedicine-2021\/"},{"@type":"ListItem","position":3,"name":"Le MedTechLab\u00ae"}]},{"@type":"WebSite","@id":"https:\/\/www.mines-stetienne.fr\/future-medicine\/#website","url":"https:\/\/www.mines-stetienne.fr\/future-medicine\/","name":"#FutureMedicine","description":"- Mines Saint-\u00c9tienne Tech","potentialAction":[{"@type":"SearchAction","target":{"@type":"EntryPoint","urlTemplate":"https:\/\/www.mines-stetienne.fr\/future-medicine\/?s={search_term_string}"},"query-input":{"@type":"PropertyValueSpecification","valueRequired":true,"valueName":"search_term_string"}}],"inLanguage":"en-GB"}]}},"_links":{"self":[{"href":"https:\/\/www.mines-stetienne.fr\/future-medicine\/wp-json\/wp\/v2\/pages\/20925","targetHints":{"allow":["GET"]}}],"collection":[{"href":"https:\/\/www.mines-stetienne.fr\/future-medicine\/wp-json\/wp\/v2\/pages"}],"about":[{"href":"https:\/\/www.mines-stetienne.fr\/future-medicine\/wp-json\/wp\/v2\/types\/page"}],"author":[{"embeddable":true,"href":"https:\/\/www.mines-stetienne.fr\/future-medicine\/wp-json\/wp\/v2\/users\/2"}],"replies":[{"embeddable":true,"href":"https:\/\/www.mines-stetienne.fr\/future-medicine\/wp-json\/wp\/v2\/comments?post=20925"}],"version-history":[{"count":0,"href":"https:\/\/www.mines-stetienne.fr\/future-medicine\/wp-json\/wp\/v2\/pages\/20925\/revisions"}],"up":[{"embeddable":true,"href":"https:\/\/www.mines-stetienne.fr\/future-medicine\/wp-json\/wp\/v2\/pages\/20153"}],"wp:attachment":[{"href":"https:\/\/www.mines-stetienne.fr\/future-medicine\/wp-json\/wp\/v2\/media?parent=20925"}],"wp:term":[{"taxonomy":"post_tag","embeddable":true,"href":"https:\/\/www.mines-stetienne.fr\/future-medicine\/wp-json\/wp\/v2\/tags?post=20925"}],"curies":[{"name":"wp","href":"https:\/\/api.w.org\/{rel}","templated":true}]}}