{"id":19048,"date":"2020-12-01T13:25:48","date_gmt":"2020-12-01T12:25:48","guid":{"rendered":"https:\/\/www.mines-stetienne.fr\/?page_id=19048"},"modified":"2021-06-14T17:59:08","modified_gmt":"2021-06-14T15:59:08","slug":"departement-activite-biologique-des-particules-inhalees-biopi","status":"publish","type":"page","link":"https:\/\/www.mines-stetienne.fr\/future-medicine\/centre-ingenierie-et-sante\/departement-activite-biologique-des-particules-inhalees-biopi\/","title":{"rendered":"Biological Activity of inhaled Particles (BioPi)"},"content":{"rendered":"\n<h3 class=\"wp-block-heading\">The department proposes an interdisciplinary approach to the study of particle inhalation. The activities are focused on the biological activity of inhaled particles both in a therapeutic (aerosol therapy) and in a pathological (nanotoxicity) context.<\/h3>\n\n\n\n<p>BioPi is attached to the Laboratory <a rel=\"noreferrer noopener\" href=\"https:\/\/sainbiose.univ-st-etienne.fr\/fr\/organisation\/presentation-du-laboratoire.html\" target=\"_blank\">U1059 Inserm&nbsp;Sainbiose<\/a>, (Sant\u00e9 Ing\u00e9nierie Biologie Saint-\u00c9tienne),&nbsp;<a rel=\"noreferrer noopener\" href=\"https:\/\/sainbiose.univ-st-etienne.fr\/fr\/dvh.html\" target=\"_blank\">DVH<\/a> Team, (Vascular and Hemostasis Dysfunctions)<\/p>\n\n\n\n<figure class=\"wp-block-gallery columns-3 is-cropped wp-block-gallery-1 is-layout-flex wp-block-gallery-is-layout-flex\"><ul class=\"blocks-gallery-grid\"><li class=\"blocks-gallery-item\"><figure><a href=\"https:\/\/www.mines-stetienne.fr\/future-medicine-fr\/wp-content\/uploads\/sites\/15\/2020\/12\/W-biopi1.jpg\"><img decoding=\"async\" src=\"https:\/\/www.mines-stetienne.fr\/future-medicine-fr\/wp-content\/uploads\/sites\/15\/2020\/12\/W-biopi1.jpg\" alt=\"\" data-id=\"20938\" data-full-url=\"https:\/\/www.mines-stetienne.fr\/future-medicine-fr\/wp-content\/uploads\/sites\/15\/2020\/12\/W-biopi1.jpg\" data-link=\"https:\/\/www.mines-stetienne.fr\/future-medicine-fr\/centre-ingenierie-et-sante\/departement-activite-biologique-des-particules-inhalees-biopi\/w-biopi1\/\" class=\"wp-image-20938\" \/><\/a><\/figure><\/li><li class=\"blocks-gallery-item\"><figure><a href=\"https:\/\/www.mines-stetienne.fr\/future-medicine-fr\/wp-content\/uploads\/sites\/15\/2020\/12\/W-biopi2.jpg\"><img decoding=\"async\" src=\"https:\/\/www.mines-stetienne.fr\/future-medicine-fr\/wp-content\/uploads\/sites\/15\/2020\/12\/W-biopi2.jpg\" alt=\"\" data-id=\"20939\" data-full-url=\"https:\/\/www.mines-stetienne.fr\/future-medicine-fr\/wp-content\/uploads\/sites\/15\/2020\/12\/W-biopi2.jpg\" data-link=\"https:\/\/www.mines-stetienne.fr\/future-medicine-fr\/centre-ingenierie-et-sante\/departement-activite-biologique-des-particules-inhalees-biopi\/w-biopi2\/\" class=\"wp-image-20939\" \/><\/a><\/figure><\/li><li class=\"blocks-gallery-item\"><figure><a href=\"https:\/\/www.mines-stetienne.fr\/future-medicine-fr\/wp-content\/uploads\/sites\/15\/2020\/11\/carreblanc.jpg\"><img decoding=\"async\" src=\"https:\/\/www.mines-stetienne.fr\/future-medicine-fr\/wp-content\/uploads\/sites\/15\/2020\/11\/carreblanc.jpg\" alt=\"\" data-id=\"20700\" data-full-url=\"https:\/\/www.mines-stetienne.fr\/future-medicine-fr\/wp-content\/uploads\/sites\/15\/2020\/11\/carreblanc.jpg\" data-link=\"https:\/\/www.mines-stetienne.fr\/future-medicine-fr\/carreblanc\/\" class=\"wp-image-20700\" \/><\/a><\/figure><\/li><li class=\"blocks-gallery-item\"><figure><a href=\"https:\/\/www.mines-stetienne.fr\/future-medicine-fr\/wp-content\/uploads\/sites\/15\/2020\/12\/W-biopi3.jpg\"><img decoding=\"async\" src=\"https:\/\/www.mines-stetienne.fr\/future-medicine-fr\/wp-content\/uploads\/sites\/15\/2020\/12\/W-biopi3.jpg\" alt=\"\" data-id=\"20940\" data-full-url=\"https:\/\/www.mines-stetienne.fr\/future-medicine-fr\/wp-content\/uploads\/sites\/15\/2020\/12\/W-biopi3.jpg\" data-link=\"https:\/\/www.mines-stetienne.fr\/future-medicine-fr\/centre-ingenierie-et-sante\/departement-activite-biologique-des-particules-inhalees-biopi\/w-biopi3\/\" class=\"wp-image-20940\" \/><\/a><\/figure><\/li><li class=\"blocks-gallery-item\"><figure><a href=\"https:\/\/www.mines-stetienne.fr\/future-medicine-fr\/wp-content\/uploads\/sites\/15\/2020\/12\/aerosol.jpg\"><img decoding=\"async\" src=\"https:\/\/www.mines-stetienne.fr\/future-medicine-fr\/wp-content\/uploads\/sites\/15\/2020\/12\/aerosol.jpg\" alt=\"\" data-id=\"20941\" data-full-url=\"https:\/\/www.mines-stetienne.fr\/future-medicine-fr\/wp-content\/uploads\/sites\/15\/2020\/12\/aerosol.jpg\" data-link=\"https:\/\/www.mines-stetienne.fr\/future-medicine-fr\/aerosol\/\" class=\"wp-image-20941\" \/><\/a><\/figure><\/li><li class=\"blocks-gallery-item\"><figure><a href=\"https:\/\/www.mines-stetienne.fr\/future-medicine-fr\/wp-content\/uploads\/sites\/15\/2021\/01\/carreblanc-3.jpg\"><img decoding=\"async\" src=\"https:\/\/www.mines-stetienne.fr\/future-medicine-fr\/wp-content\/uploads\/sites\/15\/2021\/01\/carreblanc-3.jpg\" alt=\"\" data-id=\"21354\" data-full-url=\"https:\/\/www.mines-stetienne.fr\/future-medicine-fr\/wp-content\/uploads\/sites\/15\/2021\/01\/carreblanc-3.jpg\" data-link=\"https:\/\/www.mines-stetienne.fr\/future-medicine-fr\/futuremedicine-2021\/demonstrateur-3d-fablab\/carreblanc-5\/\" class=\"wp-image-21354\" \/><\/a><\/figure><\/li><\/ul><\/figure>\n\n\n\n<h4 class=\"wp-block-heading\">Application Fields<\/h4>\n\n\n\n<ul class=\"wp-block-list\"><li>Toxicity of nano and micrometric particles in relation with their physicochemical properties.<\/li><li>Detection of particles in biological samples of patients and link with pathologies<\/li><li>Aerosol metrology and exposure analysis at workstations.<\/li><li>Aerosol therapy (technological development, performance evaluation, regional mapping of deposition in the respiratory tract).<\/li><li>Electronic cigarettes (emission characterization, toxicology, observational studies on the gateway effect).<\/li><li>Bacterial filtration efficiency of medical masks against Covid-19.<\/li><\/ul>\n\n\n\n<h4 class=\"wp-block-heading\">Technical Space Facilities platform: Inhaled particles<\/h4>\n\n\n\n<p><strong>Aerosol<\/strong>: aerosol metrology, anatomical models for the study of aerosol deposition<br><strong>Toxicity<\/strong>: nano and cell culture laboratories, physicochemical characterization techniques of particles, toxicology tests, exposure at the air\/liquid interface (contact: Lara Leclerc)<\/p>\n\n\n\n<h4 class=\"wp-block-heading\">Partnerships<\/h4>\n\n\n\n<p>CHU de Saint-Etienne, University of Saint-Etienne, Michelin, CEA, Dassault, INRS, LNE, Mines Paris Tech, Mines Al\u00e8s, Bolton University (UK), University of Turin (Italy), Anses, \u2026<\/p>\n\n\n\n<h4 class=\"wp-block-heading\"><strong>Examples of projects (2020 &gt;)<\/strong><\/h4>\n\n\n\n<ul class=\"wp-block-list\"><li>Nicotine salts and vaping: toxicological issues and pharmacological impact on nicotine delivery. National Cancer Institute.<\/li><li>Evaluation of face masks against COVID-19: viral and bacterial filtration efficiency. ANR Covid-19 program (FAMAS).<\/li><li>Physico-chemical and toxicological characterization of particulate samples during the different stages of processes related to metal additive manufacturing. Rh\u00f4ne-Alpes Region project, CEA, Dassault, Mines Saint-\u00c9tienne (AEROPRINT).<\/li><li>Indicator of exposure to nanoparticles and evaluation of the relationship with pulmonary pathologies. Soci\u00e9t\u00e9 de Pneumologie de Langue Fran\u00e7aise, Canc\u00e9rop\u00f4le Lyon Auvergne Rh\u00f4ne-Alpes (NanoPI).<\/li><li>Toxicity of non-recyclable nanocomposite incineration waste. ADEME (Nano DeTox).<\/li><li>Anatomical models for pulmonary delivery of aerosols for obstructive pathologies. ANR (AMADEUS).<\/li><li>2 CIFRE theses with Michelin.<\/li><\/ul>\n\n\n\n<h4 class=\"wp-block-heading\">NEWS<\/h4>\n\n\n\n<p>Temporary accreditation by the Agence Nationale de la S\u00e9curit\u00e9 du M\u00e9dicament et des Produits de Sant\u00e9 (ANSM) for the measurement of the bacterial filtration efficiency of masks (<em><a href=\"https:\/\/www.mines-stetienne.fr\/lecole\/l-ecole-a-la-pointe-des-tests-sur-les-masques-anti-covid\/\" target=\"_blank\" rel=\"noreferrer noopener\">une Premi\u00e8re en France<\/a><\/em>, May 2020).<\/p>\n\n\n\n<h4 class=\"wp-block-heading\">Staff<\/h4>\n\n\n\n<p><strong>Val\u00e9rie FOREST<\/strong>, Head of Dept, J\u00e9r\u00e9mie POURCHEZ, Lara LECLERC, Gwendoline SARRY<br>PhD Students : Salma ACHAWI, Mohamed Nour AZZOUGAGH, Mariam CHAOUI <\/p>\n\n\n\n<hr class=\"wp-block-separator\" \/>\n\n\n\n<figure class=\"wp-block-gallery columns-3 is-cropped wp-block-gallery-2 is-layout-flex wp-block-gallery-is-layout-flex\"><ul class=\"blocks-gallery-grid\"><li class=\"blocks-gallery-item\"><figure><img decoding=\"async\" src=\"https:\/\/www.mines-stetienne.fr\/future-medicine-fr\/wp-content\/uploads\/sites\/15\/2020\/11\/Picto3DAerosol.jpg\" alt=\"\" data-id=\"20907\" data-full-url=\"https:\/\/www.mines-stetienne.fr\/future-medicine-fr\/wp-content\/uploads\/sites\/15\/2020\/11\/Picto3DAerosol.jpg\" data-link=\"https:\/\/www.mines-stetienne.fr\/future-medicine-fr\/picto3daerosol\/\" class=\"wp-image-20907\" \/><\/figure><\/li><li class=\"blocks-gallery-item\"><figure><img decoding=\"async\" src=\"https:\/\/www.mines-stetienne.fr\/future-medicine-fr\/wp-content\/uploads\/sites\/15\/2020\/11\/vap.jpg\" alt=\"\" data-id=\"20341\" data-full-url=\"https:\/\/www.mines-stetienne.fr\/future-medicine-fr\/wp-content\/uploads\/sites\/15\/2020\/11\/vap.jpg\" data-link=\"https:\/\/www.mines-stetienne.fr\/future-medicine-fr\/vap\/\" class=\"wp-image-20341\" \/><\/figure><\/li><li class=\"blocks-gallery-item\"><figure><img decoding=\"async\" src=\"https:\/\/www.mines-stetienne.fr\/future-medicine-fr\/wp-content\/uploads\/sites\/15\/2020\/11\/poumon.jpg\" alt=\"\" data-id=\"20340\" data-full-url=\"https:\/\/www.mines-stetienne.fr\/future-medicine-fr\/wp-content\/uploads\/sites\/15\/2020\/11\/poumon.jpg\" data-link=\"https:\/\/www.mines-stetienne.fr\/future-medicine-fr\/poumon\/\" class=\"wp-image-20340\" \/><\/figure><\/li><\/ul><\/figure>\n\n\n\n<h5 class=\"wp-block-heading\">#FutureMedicine &#8211; inhaled Particles Demonstrator <\/h5>\n\n\n\n<hr class=\"wp-block-separator\" \/>\n\n\n\n<h4 class=\"wp-block-heading\">Also to be discovered<\/h4>\n\n\n\n<ul class=\"wp-block-list\"><li><a href=\"https:\/\/www.scopus.com\/search\/form.uri?display=basic#affiliation\" target=\"_blank\" rel=\"noreferrer noopener\">Publications<\/a> <\/li><li>\u201c<a href=\"https:\/\/www.world-today-news.com\/a-saint-etienne-laboratory-at-the-cutting-edge-of-mask-testing\/\" target=\"_blank\" rel=\"noreferrer noopener\">A Saint-Etienne laboratory at the cutting edge&nbsp;of mask testing<\/a>\u201d&nbsp;(05\/2020)<\/li><li><\/li><\/ul>\n\n\n\n<hr class=\"wp-block-separator\" \/>\n","protected":false},"excerpt":{"rendered":"<p>The department proposes an interdisciplinary approach to the study of particle inhalation. The activities are focused on the biological activity of inhaled particles both in a therapeutic (aerosol therapy) and in a pathological (nanotoxicity) context. BioPi is attached to the &hellip;<\/p>\n","protected":false},"author":2,"featured_media":0,"parent":20981,"menu_order":0,"comment_status":"closed","ping_status":"closed","template":"","meta":{"footnotes":""},"tags":[],"class_list":["post-19048","page","type-page","status-publish","hentry"],"pp_statuses_selecting_workflow":false,"pp_workflow_action":"current","pp_status_selection":"publish","pp_force_visibility":null,"pp_subpost_visibility":null,"pp_inherited_force_visibility":null,"pp_inherited_subpost_visibility":null,"yoast_head":"<!-- This site is optimized with the Yoast SEO plugin v27.5 - https:\/\/yoast.com\/product\/yoast-seo-wordpress\/ -->\n<title>Biological Activity of inhaled Particles (BioPi) - #FutureMedicine<\/title>\n<meta name=\"robots\" content=\"index, follow, max-snippet:-1, max-image-preview:large, max-video-preview:-1\" \/>\n<link rel=\"canonical\" href=\"https:\/\/www.mines-stetienne.fr\/future-medicine\/centre-ingenierie-et-sante\/departement-activite-biologique-des-particules-inhalees-biopi\/\" \/>\n<meta property=\"og:locale\" content=\"en_GB\" \/>\n<meta property=\"og:type\" content=\"article\" \/>\n<meta property=\"og:title\" content=\"Biological Activity of inhaled Particles (BioPi) - #FutureMedicine\" \/>\n<meta property=\"og:description\" content=\"The department proposes an interdisciplinary approach to the study of particle inhalation. The activities are focused on the biological activity of inhaled particles both in a therapeutic (aerosol therapy) and in a pathological (nanotoxicity) context. BioPi is attached to the &hellip;\" \/>\n<meta property=\"og:url\" content=\"https:\/\/www.mines-stetienne.fr\/future-medicine\/centre-ingenierie-et-sante\/departement-activite-biologique-des-particules-inhalees-biopi\/\" \/>\n<meta property=\"og:site_name\" content=\"#FutureMedicine\" \/>\n<meta property=\"article:publisher\" content=\"https:\/\/www.facebook.com\/MinesSaintEtienne\" \/>\n<meta property=\"article:modified_time\" content=\"2021-06-14T15:59:08+00:00\" \/>\n<meta property=\"og:image\" content=\"https:\/\/www.mines-stetienne.fr\/future-medicine-fr\/wp-content\/uploads\/sites\/15\/2020\/12\/W-biopi1.jpg\" \/>\n<meta name=\"twitter:card\" content=\"summary_large_image\" \/>\n<meta name=\"twitter:site\" content=\"@MINES_StEtienne\" \/>\n<meta name=\"twitter:label1\" content=\"Estimated reading time\" \/>\n\t<meta name=\"twitter:data1\" content=\"4 minutes\" \/>\n<script type=\"application\/ld+json\" class=\"yoast-schema-graph\">{\"@context\":\"https:\\\/\\\/schema.org\",\"@graph\":[{\"@type\":\"WebPage\",\"@id\":\"https:\\\/\\\/www.mines-stetienne.fr\\\/future-medicine\\\/centre-ingenierie-et-sante\\\/departement-activite-biologique-des-particules-inhalees-biopi\\\/\",\"url\":\"https:\\\/\\\/www.mines-stetienne.fr\\\/future-medicine\\\/centre-ingenierie-et-sante\\\/departement-activite-biologique-des-particules-inhalees-biopi\\\/\",\"name\":\"Biological Activity of inhaled Particles (BioPi) - #FutureMedicine\",\"isPartOf\":{\"@id\":\"https:\\\/\\\/www.mines-stetienne.fr\\\/future-medicine\\\/#website\"},\"primaryImageOfPage\":{\"@id\":\"https:\\\/\\\/www.mines-stetienne.fr\\\/future-medicine\\\/centre-ingenierie-et-sante\\\/departement-activite-biologique-des-particules-inhalees-biopi\\\/#primaryimage\"},\"image\":{\"@id\":\"https:\\\/\\\/www.mines-stetienne.fr\\\/future-medicine\\\/centre-ingenierie-et-sante\\\/departement-activite-biologique-des-particules-inhalees-biopi\\\/#primaryimage\"},\"thumbnailUrl\":\"https:\\\/\\\/www.mines-stetienne.fr\\\/future-medicine-fr\\\/wp-content\\\/uploads\\\/sites\\\/15\\\/2020\\\/12\\\/W-biopi1.jpg\",\"datePublished\":\"2020-12-01T12:25:48+00:00\",\"dateModified\":\"2021-06-14T15:59:08+00:00\",\"breadcrumb\":{\"@id\":\"https:\\\/\\\/www.mines-stetienne.fr\\\/future-medicine\\\/centre-ingenierie-et-sante\\\/departement-activite-biologique-des-particules-inhalees-biopi\\\/#breadcrumb\"},\"inLanguage\":\"en-GB\",\"potentialAction\":[{\"@type\":\"ReadAction\",\"target\":[\"https:\\\/\\\/www.mines-stetienne.fr\\\/future-medicine\\\/centre-ingenierie-et-sante\\\/departement-activite-biologique-des-particules-inhalees-biopi\\\/\"]}]},{\"@type\":\"ImageObject\",\"inLanguage\":\"en-GB\",\"@id\":\"https:\\\/\\\/www.mines-stetienne.fr\\\/future-medicine\\\/centre-ingenierie-et-sante\\\/departement-activite-biologique-des-particules-inhalees-biopi\\\/#primaryimage\",\"url\":\"https:\\\/\\\/www.mines-stetienne.fr\\\/future-medicine-fr\\\/wp-content\\\/uploads\\\/sites\\\/15\\\/2020\\\/12\\\/W-biopi1.jpg\",\"contentUrl\":\"https:\\\/\\\/www.mines-stetienne.fr\\\/future-medicine-fr\\\/wp-content\\\/uploads\\\/sites\\\/15\\\/2020\\\/12\\\/W-biopi1.jpg\"},{\"@type\":\"BreadcrumbList\",\"@id\":\"https:\\\/\\\/www.mines-stetienne.fr\\\/future-medicine\\\/centre-ingenierie-et-sante\\\/departement-activite-biologique-des-particules-inhalees-biopi\\\/#breadcrumb\",\"itemListElement\":[{\"@type\":\"ListItem\",\"position\":1,\"name\":\"Home\",\"item\":\"https:\\\/\\\/www.mines-stetienne.fr\\\/future-medicine\\\/\"},{\"@type\":\"ListItem\",\"position\":2,\"name\":\"Centre Ing\u00e9nierie et Sant\u00e9\",\"item\":\"https:\\\/\\\/www.mines-stetienne.fr\\\/future-medicine\\\/?page_id=20981\"},{\"@type\":\"ListItem\",\"position\":3,\"name\":\"Biological Activity of inhaled Particles (BioPi)\"}]},{\"@type\":\"WebSite\",\"@id\":\"https:\\\/\\\/www.mines-stetienne.fr\\\/future-medicine\\\/#website\",\"url\":\"https:\\\/\\\/www.mines-stetienne.fr\\\/future-medicine\\\/\",\"name\":\"#FutureMedicine\",\"description\":\"- Mines Saint-\u00c9tienne Tech\",\"potentialAction\":[{\"@type\":\"SearchAction\",\"target\":{\"@type\":\"EntryPoint\",\"urlTemplate\":\"https:\\\/\\\/www.mines-stetienne.fr\\\/future-medicine\\\/?s={search_term_string}\"},\"query-input\":{\"@type\":\"PropertyValueSpecification\",\"valueRequired\":true,\"valueName\":\"search_term_string\"}}],\"inLanguage\":\"en-GB\"}]}<\/script>\n<!-- \/ Yoast SEO plugin. -->","yoast_head_json":{"title":"Biological Activity of inhaled Particles (BioPi) - #FutureMedicine","robots":{"index":"index","follow":"follow","max-snippet":"max-snippet:-1","max-image-preview":"max-image-preview:large","max-video-preview":"max-video-preview:-1"},"canonical":"https:\/\/www.mines-stetienne.fr\/future-medicine\/centre-ingenierie-et-sante\/departement-activite-biologique-des-particules-inhalees-biopi\/","og_locale":"en_GB","og_type":"article","og_title":"Biological Activity of inhaled Particles (BioPi) - #FutureMedicine","og_description":"The department proposes an interdisciplinary approach to the study of particle inhalation. The activities are focused on the biological activity of inhaled particles both in a therapeutic (aerosol therapy) and in a pathological (nanotoxicity) context. BioPi is attached to the &hellip;","og_url":"https:\/\/www.mines-stetienne.fr\/future-medicine\/centre-ingenierie-et-sante\/departement-activite-biologique-des-particules-inhalees-biopi\/","og_site_name":"#FutureMedicine","article_publisher":"https:\/\/www.facebook.com\/MinesSaintEtienne","article_modified_time":"2021-06-14T15:59:08+00:00","og_image":[{"url":"https:\/\/www.mines-stetienne.fr\/future-medicine-fr\/wp-content\/uploads\/sites\/15\/2020\/12\/W-biopi1.jpg","type":"","width":"","height":""}],"twitter_card":"summary_large_image","twitter_site":"@MINES_StEtienne","twitter_misc":{"Estimated reading time":"4 minutes"},"schema":{"@context":"https:\/\/schema.org","@graph":[{"@type":"WebPage","@id":"https:\/\/www.mines-stetienne.fr\/future-medicine\/centre-ingenierie-et-sante\/departement-activite-biologique-des-particules-inhalees-biopi\/","url":"https:\/\/www.mines-stetienne.fr\/future-medicine\/centre-ingenierie-et-sante\/departement-activite-biologique-des-particules-inhalees-biopi\/","name":"Biological Activity of inhaled Particles (BioPi) - #FutureMedicine","isPartOf":{"@id":"https:\/\/www.mines-stetienne.fr\/future-medicine\/#website"},"primaryImageOfPage":{"@id":"https:\/\/www.mines-stetienne.fr\/future-medicine\/centre-ingenierie-et-sante\/departement-activite-biologique-des-particules-inhalees-biopi\/#primaryimage"},"image":{"@id":"https:\/\/www.mines-stetienne.fr\/future-medicine\/centre-ingenierie-et-sante\/departement-activite-biologique-des-particules-inhalees-biopi\/#primaryimage"},"thumbnailUrl":"https:\/\/www.mines-stetienne.fr\/future-medicine-fr\/wp-content\/uploads\/sites\/15\/2020\/12\/W-biopi1.jpg","datePublished":"2020-12-01T12:25:48+00:00","dateModified":"2021-06-14T15:59:08+00:00","breadcrumb":{"@id":"https:\/\/www.mines-stetienne.fr\/future-medicine\/centre-ingenierie-et-sante\/departement-activite-biologique-des-particules-inhalees-biopi\/#breadcrumb"},"inLanguage":"en-GB","potentialAction":[{"@type":"ReadAction","target":["https:\/\/www.mines-stetienne.fr\/future-medicine\/centre-ingenierie-et-sante\/departement-activite-biologique-des-particules-inhalees-biopi\/"]}]},{"@type":"ImageObject","inLanguage":"en-GB","@id":"https:\/\/www.mines-stetienne.fr\/future-medicine\/centre-ingenierie-et-sante\/departement-activite-biologique-des-particules-inhalees-biopi\/#primaryimage","url":"https:\/\/www.mines-stetienne.fr\/future-medicine-fr\/wp-content\/uploads\/sites\/15\/2020\/12\/W-biopi1.jpg","contentUrl":"https:\/\/www.mines-stetienne.fr\/future-medicine-fr\/wp-content\/uploads\/sites\/15\/2020\/12\/W-biopi1.jpg"},{"@type":"BreadcrumbList","@id":"https:\/\/www.mines-stetienne.fr\/future-medicine\/centre-ingenierie-et-sante\/departement-activite-biologique-des-particules-inhalees-biopi\/#breadcrumb","itemListElement":[{"@type":"ListItem","position":1,"name":"Home","item":"https:\/\/www.mines-stetienne.fr\/future-medicine\/"},{"@type":"ListItem","position":2,"name":"Centre Ing\u00e9nierie et Sant\u00e9","item":"https:\/\/www.mines-stetienne.fr\/future-medicine\/?page_id=20981"},{"@type":"ListItem","position":3,"name":"Biological Activity of inhaled Particles (BioPi)"}]},{"@type":"WebSite","@id":"https:\/\/www.mines-stetienne.fr\/future-medicine\/#website","url":"https:\/\/www.mines-stetienne.fr\/future-medicine\/","name":"#FutureMedicine","description":"- Mines Saint-\u00c9tienne Tech","potentialAction":[{"@type":"SearchAction","target":{"@type":"EntryPoint","urlTemplate":"https:\/\/www.mines-stetienne.fr\/future-medicine\/?s={search_term_string}"},"query-input":{"@type":"PropertyValueSpecification","valueRequired":true,"valueName":"search_term_string"}}],"inLanguage":"en-GB"}]}},"_links":{"self":[{"href":"https:\/\/www.mines-stetienne.fr\/future-medicine\/wp-json\/wp\/v2\/pages\/19048","targetHints":{"allow":["GET"]}}],"collection":[{"href":"https:\/\/www.mines-stetienne.fr\/future-medicine\/wp-json\/wp\/v2\/pages"}],"about":[{"href":"https:\/\/www.mines-stetienne.fr\/future-medicine\/wp-json\/wp\/v2\/types\/page"}],"author":[{"embeddable":true,"href":"https:\/\/www.mines-stetienne.fr\/future-medicine\/wp-json\/wp\/v2\/users\/2"}],"replies":[{"embeddable":true,"href":"https:\/\/www.mines-stetienne.fr\/future-medicine\/wp-json\/wp\/v2\/comments?post=19048"}],"version-history":[{"count":3,"href":"https:\/\/www.mines-stetienne.fr\/future-medicine\/wp-json\/wp\/v2\/pages\/19048\/revisions"}],"predecessor-version":[{"id":21482,"href":"https:\/\/www.mines-stetienne.fr\/future-medicine\/wp-json\/wp\/v2\/pages\/19048\/revisions\/21482"}],"up":[{"embeddable":true,"href":"https:\/\/www.mines-stetienne.fr\/future-medicine\/wp-json\/wp\/v2\/pages\/20981"}],"wp:attachment":[{"href":"https:\/\/www.mines-stetienne.fr\/future-medicine\/wp-json\/wp\/v2\/media?parent=19048"}],"wp:term":[{"taxonomy":"post_tag","embeddable":true,"href":"https:\/\/www.mines-stetienne.fr\/future-medicine\/wp-json\/wp\/v2\/tags?post=19048"}],"curies":[{"name":"wp","href":"https:\/\/api.w.org\/{rel}","templated":true}]}}