{"id":21786,"date":"2024-07-29T14:58:02","date_gmt":"2024-07-29T12:58:02","guid":{"rendered":"https:\/\/www.mines-stetienne.fr\/future-medicine-fr\/?page_id=21786"},"modified":"2024-10-09T16:34:07","modified_gmt":"2024-10-09T14:34:07","slug":"productions-medias","status":"publish","type":"page","link":"https:\/\/www.mines-stetienne.fr\/future-medicine-fr\/bienvenue-sur-la-plateforme-futuremedicine\/2024-les-20-ans-du-cis\/productions-medias\/","title":{"rendered":"Productions \/ M\u00e9dias"},"content":{"rendered":"\n<h2 class=\"wp-block-heading\"><a href=\"https:\/\/www.mines-stetienne.fr\/future-medicine-fr\/wp-content\/uploads\/sites\/15\/2024\/07\/2004-2024-Histoire-du-CIS.pdf\">D\u00e9couvrir l&rsquo;histoire du CIS &#8211; Posters<\/a><\/h2>\n\n\n\n<figure class=\"wp-block-image size-full\"><a href=\"https:\/\/www.mines-stetienne.fr\/future-medicine-fr\/wp-content\/uploads\/sites\/15\/2024\/07\/2004-2024-Histoire-du-CIS.pdf\" target=\"_blank\" rel=\"noreferrer noopener\"><img loading=\"lazy\" decoding=\"async\" width=\"600\" height=\"243\" src=\"https:\/\/www.mines-stetienne.fr\/future-medicine-fr\/wp-content\/uploads\/sites\/15\/2024\/07\/Histoire-Une-1.jpg\" alt=\"\" class=\"wp-image-21780\" srcset=\"https:\/\/www.mines-stetienne.fr\/future-medicine-fr\/wp-content\/uploads\/sites\/15\/2024\/07\/Histoire-Une-1.jpg 600w, https:\/\/www.mines-stetienne.fr\/future-medicine-fr\/wp-content\/uploads\/sites\/15\/2024\/07\/Histoire-Une-1-300x122.jpg 300w\" sizes=\"auto, (max-width: 600px) 100vw, 600px\" \/><\/a><\/figure>\n\n\n\n<h2 class=\"wp-block-heading\"><a href=\"https:\/\/www.youtube.com\/playlist?list=PLFmckVZo2pFL_-l7oRp7ERN5amuzF33YS\">T\u00e9moignages d&rsquo;anciens doctorants<\/a><\/h2>\n\n\n\n<figure class=\"wp-block-image size-full\"><a href=\"https:\/\/www.youtube.com\/playlist?list=PLFmckVZo2pFL_-l7oRp7ERN5amuzF33YS\" target=\"_blank\" rel=\"noreferrer noopener\"><img loading=\"lazy\" decoding=\"async\" width=\"600\" height=\"339\" src=\"https:\/\/www.mines-stetienne.fr\/future-medicine-fr\/wp-content\/uploads\/sites\/15\/2024\/07\/Interview-Une.jpg\" alt=\"\" class=\"wp-image-21790\" srcset=\"https:\/\/www.mines-stetienne.fr\/future-medicine-fr\/wp-content\/uploads\/sites\/15\/2024\/07\/Interview-Une.jpg 600w, https:\/\/www.mines-stetienne.fr\/future-medicine-fr\/wp-content\/uploads\/sites\/15\/2024\/07\/Interview-Une-300x170.jpg 300w\" sizes=\"auto, (max-width: 600px) 100vw, 600px\" \/><\/a><\/figure>\n\n\n\n<h2 class=\"wp-block-heading\">Timelapse : les 20 ans du CIS <\/h2>\n\n\n\n<figure class=\"wp-block-video\"><video height=\"720\" style=\"aspect-ratio: 1280 \/ 720;\" width=\"1280\" controls src=\"https:\/\/www.mines-stetienne.fr\/future-medicine-fr\/wp-content\/uploads\/sites\/15\/2024\/07\/CIS-20-ans-Timelapse.mp4\"><\/video><figcaption class=\"wp-element-caption\">\u00a9Service communication Mines Saint-\u00c9tienne<\/figcaption><\/figure>\n\n\n\n<h2 class=\"wp-block-heading\"><a href=\"https:\/\/www.mines-stetienne.fr\/future-medicine-fr\/wp-content\/uploads\/sites\/15\/2024\/07\/Evenement-CIS-2024.mp4\">L&rsquo;ann\u00e9e \u00e9v\u00e9nementielle en images<\/a><\/h2>\n\n\n\n<figure class=\"wp-block-image size-full\"><a href=\"https:\/\/www.mines-stetienne.fr\/future-medicine-fr\/wp-content\/uploads\/sites\/15\/2024\/07\/Evenement-CIS-2024.mp4\" target=\"_blank\" rel=\"noreferrer noopener\"><img loading=\"lazy\" decoding=\"async\" width=\"600\" height=\"346\" src=\"https:\/\/www.mines-stetienne.fr\/future-medicine-fr\/wp-content\/uploads\/sites\/15\/2024\/07\/evenement-23-24.png\" alt=\"\" class=\"wp-image-21789\" srcset=\"https:\/\/www.mines-stetienne.fr\/future-medicine-fr\/wp-content\/uploads\/sites\/15\/2024\/07\/evenement-23-24.png 600w, https:\/\/www.mines-stetienne.fr\/future-medicine-fr\/wp-content\/uploads\/sites\/15\/2024\/07\/evenement-23-24-300x173.png 300w\" sizes=\"auto, (max-width: 600px) 100vw, 600px\" \/><\/a><\/figure>\n\n\n\n<h2 class=\"wp-block-heading\">Presse et r\u00e9seaux sociaux<\/h2>\n\n\n\n<ul class=\"wp-block-list\">\n<li><a href=\"https:\/\/www.linkedin.com\/posts\/catherine-staron-1ab2b9b2_c%C3%A9l%C3%A9brer-les-20-ans-du-centre-ing%C3%A9nierie-activity-7214956996662329344-ZWZf?utm_source=share&amp;utm_medium=member_desktop\">Post Catherine Staron, Vice-pr\u00e9sidente de la R\u00e9gion Auvergne Rh\u00f4ne-Alpes<\/a><\/li>\n\n\n\n<li><a href=\"https:\/\/www.linkedin.com\/posts\/mines-st-etienne_recherche-innovation-sante-activity-7214236544658776064-fpmI\/?utm_source=share&amp;utm_medium=member_desktop\">Post LinkedIn Mines Saint-\u00c9tienne<\/a><\/li>\n\n\n\n<li><a href=\"https:\/\/www.mines-stetienne.fr\/future-medicine-fr\/wp-content\/uploads\/sites\/15\/2024\/07\/L_Essor_-_Affiches_LOIRE_20240704100000.pdf\">L&rsquo;Essor de la Loire<\/a><\/li>\n\n\n\n<li><a href=\"https:\/\/www.mines-stetienne.fr\/future-medicine-fr\/wp-content\/uploads\/sites\/15\/2024\/07\/mesinfos.fr_20240703101300.pdf\">mes infos.fr<\/a><\/li>\n\n\n\n<li><a href=\"https:\/\/www.mines-stetienne.fr\/panoramines\/2024\/07\/05\/le-centre-ingenierie-et-sante-fete-ses-20-ans\/\">Article Panoramines<\/a><\/li>\n\n\n\n<li><\/li>\n<\/ul>\n\n\n\n<p><strong>Merci \u00e0 tous : participants, intervenants, partenaires et direction de l&rsquo;\u00e9cole, \u00e9quipe organisatrice et personnels<\/strong><\/p>\n\n\n\n<figure class=\"wp-block-image size-full is-resized\"><img loading=\"lazy\" decoding=\"async\" width=\"300\" height=\"300\" src=\"https:\/\/www.mines-stetienne.fr\/future-medicine-fr\/wp-content\/uploads\/sites\/15\/2024\/04\/Visuel2024-1.jpg\" alt=\"\" class=\"wp-image-21587\" style=\"width:133px;height:auto\" srcset=\"https:\/\/www.mines-stetienne.fr\/future-medicine-fr\/wp-content\/uploads\/sites\/15\/2024\/04\/Visuel2024-1.jpg 300w, https:\/\/www.mines-stetienne.fr\/future-medicine-fr\/wp-content\/uploads\/sites\/15\/2024\/04\/Visuel2024-1-150x150.jpg 150w, https:\/\/www.mines-stetienne.fr\/future-medicine-fr\/wp-content\/uploads\/sites\/15\/2024\/04\/Visuel2024-1-75x75.jpg 75w\" sizes=\"auto, (max-width: 300px) 100vw, 300px\" \/><\/figure>\n\n\n\n<p><em>Contact : <a href=\"mai&#108;&#116;&#111;&#58;&#x61;&#x63;&#x63;&#x75;&#x65;&#x69;&#x6c;-ci&#115;&#64;&#101;&#109;&#115;&#x65;&#x2e;&#x66;&#x72;\">&#x61;&#x63;&#x63;&#x75;&#x65;&#x69;&#x6c;&#x2d;&#x63;&#x69;&#x73;&#x40;&#x65;&#x6d;&#x73;&#x65;&#x2e;&#x66;&#x72;<\/a><\/em><\/p>\n","protected":false},"excerpt":{"rendered":"<p>D\u00e9couvrir l&rsquo;histoire du CIS &#8211; Posters T\u00e9moignages d&rsquo;anciens doctorants Timelapse : les 20 ans du CIS L&rsquo;ann\u00e9e \u00e9v\u00e9nementielle en images Presse et r\u00e9seaux sociaux Merci \u00e0 tous : participants, intervenants, partenaires et direction de l&rsquo;\u00e9cole, \u00e9quipe organisatrice et personnels Contact &hellip;<\/p>\n","protected":false},"author":257,"featured_media":0,"parent":21544,"menu_order":0,"comment_status":"closed","ping_status":"closed","template":"","meta":{"footnotes":""},"tags":[16,20,18,19,15,21],"class_list":["post-21786","page","type-page","status-publish","hentry","tag-20-ans-2024","tag-20","tag-campus-sante-innovations","tag-centre-ingenierie-et-sante","tag-cis","tag-mines-saint-etienne"],"pp_statuses_selecting_workflow":false,"pp_workflow_action":"current","pp_status_selection":"publish","pp_force_visibility":null,"pp_subpost_visibility":null,"pp_inherited_force_visibility":null,"pp_inherited_subpost_visibility":null,"yoast_head":"<!-- This site is optimized with the Yoast SEO plugin v27.4 - https:\/\/yoast.com\/product\/yoast-seo-wordpress\/ -->\n<title>Productions \/ M\u00e9dias - #FutureMedicine<\/title>\n<meta name=\"robots\" content=\"index, follow, max-snippet:-1, max-image-preview:large, max-video-preview:-1\" \/>\n<link rel=\"canonical\" href=\"https:\/\/www.mines-stetienne.fr\/future-medicine-fr\/bienvenue-sur-la-plateforme-futuremedicine\/2024-les-20-ans-du-cis\/productions-medias\/\" \/>\n<meta property=\"og:locale\" content=\"fr_FR\" \/>\n<meta property=\"og:type\" content=\"article\" \/>\n<meta property=\"og:title\" content=\"Productions \/ M\u00e9dias - #FutureMedicine\" \/>\n<meta property=\"og:description\" content=\"D\u00e9couvrir l&rsquo;histoire du CIS &#8211; Posters T\u00e9moignages d&rsquo;anciens doctorants Timelapse : les 20 ans du CIS L&rsquo;ann\u00e9e \u00e9v\u00e9nementielle en images Presse et r\u00e9seaux sociaux Merci \u00e0 tous : participants, intervenants, partenaires et direction de l&rsquo;\u00e9cole, \u00e9quipe organisatrice et personnels Contact &hellip;\" \/>\n<meta property=\"og:url\" content=\"https:\/\/www.mines-stetienne.fr\/future-medicine-fr\/bienvenue-sur-la-plateforme-futuremedicine\/2024-les-20-ans-du-cis\/productions-medias\/\" \/>\n<meta property=\"og:site_name\" content=\"#FutureMedicine\" \/>\n<meta property=\"article:publisher\" content=\"https:\/\/www.facebook.com\/MinesSaintEtienne\" \/>\n<meta property=\"article:modified_time\" content=\"2024-10-09T14:34:07+00:00\" \/>\n<meta property=\"og:image\" content=\"https:\/\/www.mines-stetienne.fr\/future-medicine-fr\/wp-content\/uploads\/sites\/15\/2024\/07\/Histoire-Une-1.jpg\" \/>\n\t<meta property=\"og:image:width\" content=\"600\" \/>\n\t<meta property=\"og:image:height\" content=\"243\" \/>\n\t<meta property=\"og:image:type\" content=\"image\/jpeg\" \/>\n<meta name=\"twitter:card\" content=\"summary_large_image\" \/>\n<meta name=\"twitter:site\" content=\"@MINES_StEtienne\" \/>\n<meta name=\"twitter:label1\" content=\"Dur\u00e9e de lecture estim\u00e9e\" \/>\n\t<meta name=\"twitter:data1\" content=\"2 minutes\" \/>\n<script type=\"application\/ld+json\" class=\"yoast-schema-graph\">{\"@context\":\"https:\\\/\\\/schema.org\",\"@graph\":[{\"@type\":\"WebPage\",\"@id\":\"https:\\\/\\\/www.mines-stetienne.fr\\\/future-medicine-fr\\\/bienvenue-sur-la-plateforme-futuremedicine\\\/2024-les-20-ans-du-cis\\\/productions-medias\\\/\",\"url\":\"https:\\\/\\\/www.mines-stetienne.fr\\\/future-medicine-fr\\\/bienvenue-sur-la-plateforme-futuremedicine\\\/2024-les-20-ans-du-cis\\\/productions-medias\\\/\",\"name\":\"Productions \\\/ M\u00e9dias - #FutureMedicine\",\"isPartOf\":{\"@id\":\"https:\\\/\\\/www.mines-stetienne.fr\\\/future-medicine-fr\\\/#website\"},\"primaryImageOfPage\":{\"@id\":\"https:\\\/\\\/www.mines-stetienne.fr\\\/future-medicine-fr\\\/bienvenue-sur-la-plateforme-futuremedicine\\\/2024-les-20-ans-du-cis\\\/productions-medias\\\/#primaryimage\"},\"image\":{\"@id\":\"https:\\\/\\\/www.mines-stetienne.fr\\\/future-medicine-fr\\\/bienvenue-sur-la-plateforme-futuremedicine\\\/2024-les-20-ans-du-cis\\\/productions-medias\\\/#primaryimage\"},\"thumbnailUrl\":\"https:\\\/\\\/www.mines-stetienne.fr\\\/future-medicine-fr\\\/wp-content\\\/uploads\\\/sites\\\/15\\\/2024\\\/07\\\/Histoire-Une-1.jpg\",\"datePublished\":\"2024-07-29T12:58:02+00:00\",\"dateModified\":\"2024-10-09T14:34:07+00:00\",\"breadcrumb\":{\"@id\":\"https:\\\/\\\/www.mines-stetienne.fr\\\/future-medicine-fr\\\/bienvenue-sur-la-plateforme-futuremedicine\\\/2024-les-20-ans-du-cis\\\/productions-medias\\\/#breadcrumb\"},\"inLanguage\":\"fr-FR\",\"potentialAction\":[{\"@type\":\"ReadAction\",\"target\":[\"https:\\\/\\\/www.mines-stetienne.fr\\\/future-medicine-fr\\\/bienvenue-sur-la-plateforme-futuremedicine\\\/2024-les-20-ans-du-cis\\\/productions-medias\\\/\"]}]},{\"@type\":\"ImageObject\",\"inLanguage\":\"fr-FR\",\"@id\":\"https:\\\/\\\/www.mines-stetienne.fr\\\/future-medicine-fr\\\/bienvenue-sur-la-plateforme-futuremedicine\\\/2024-les-20-ans-du-cis\\\/productions-medias\\\/#primaryimage\",\"url\":\"https:\\\/\\\/www.mines-stetienne.fr\\\/future-medicine-fr\\\/wp-content\\\/uploads\\\/sites\\\/15\\\/2024\\\/07\\\/Histoire-Une-1.jpg\",\"contentUrl\":\"https:\\\/\\\/www.mines-stetienne.fr\\\/future-medicine-fr\\\/wp-content\\\/uploads\\\/sites\\\/15\\\/2024\\\/07\\\/Histoire-Une-1.jpg\",\"width\":600,\"height\":243},{\"@type\":\"BreadcrumbList\",\"@id\":\"https:\\\/\\\/www.mines-stetienne.fr\\\/future-medicine-fr\\\/bienvenue-sur-la-plateforme-futuremedicine\\\/2024-les-20-ans-du-cis\\\/productions-medias\\\/#breadcrumb\",\"itemListElement\":[{\"@type\":\"ListItem\",\"position\":1,\"name\":\"Accueil\",\"item\":\"https:\\\/\\\/www.mines-stetienne.fr\\\/future-medicine-fr\\\/\"},{\"@type\":\"ListItem\",\"position\":2,\"name\":\"Bienvenue\",\"item\":\"https:\\\/\\\/www.mines-stetienne.fr\\\/future-medicine-fr\\\/\"},{\"@type\":\"ListItem\",\"position\":3,\"name\":\"2024 : Les 20 ans du CIS\",\"item\":\"https:\\\/\\\/www.mines-stetienne.fr\\\/future-medicine-fr\\\/bienvenue-sur-la-plateforme-futuremedicine\\\/2024-les-20-ans-du-cis\\\/\"},{\"@type\":\"ListItem\",\"position\":4,\"name\":\"Productions \\\/ M\u00e9dias\"}]},{\"@type\":\"WebSite\",\"@id\":\"https:\\\/\\\/www.mines-stetienne.fr\\\/future-medicine-fr\\\/#website\",\"url\":\"https:\\\/\\\/www.mines-stetienne.fr\\\/future-medicine-fr\\\/\",\"name\":\"#FutureMedicine\",\"description\":\"- Mines Saint-\u00c9tienne Tech\",\"potentialAction\":[{\"@type\":\"SearchAction\",\"target\":{\"@type\":\"EntryPoint\",\"urlTemplate\":\"https:\\\/\\\/www.mines-stetienne.fr\\\/future-medicine-fr\\\/?s={search_term_string}\"},\"query-input\":{\"@type\":\"PropertyValueSpecification\",\"valueRequired\":true,\"valueName\":\"search_term_string\"}}],\"inLanguage\":\"fr-FR\"}]}<\/script>\n<!-- \/ Yoast SEO plugin. -->","yoast_head_json":{"title":"Productions \/ M\u00e9dias - #FutureMedicine","robots":{"index":"index","follow":"follow","max-snippet":"max-snippet:-1","max-image-preview":"max-image-preview:large","max-video-preview":"max-video-preview:-1"},"canonical":"https:\/\/www.mines-stetienne.fr\/future-medicine-fr\/bienvenue-sur-la-plateforme-futuremedicine\/2024-les-20-ans-du-cis\/productions-medias\/","og_locale":"fr_FR","og_type":"article","og_title":"Productions \/ M\u00e9dias - #FutureMedicine","og_description":"D\u00e9couvrir l&rsquo;histoire du CIS &#8211; Posters T\u00e9moignages d&rsquo;anciens doctorants Timelapse : les 20 ans du CIS L&rsquo;ann\u00e9e \u00e9v\u00e9nementielle en images Presse et r\u00e9seaux sociaux Merci \u00e0 tous : participants, intervenants, partenaires et direction de l&rsquo;\u00e9cole, \u00e9quipe organisatrice et personnels Contact &hellip;","og_url":"https:\/\/www.mines-stetienne.fr\/future-medicine-fr\/bienvenue-sur-la-plateforme-futuremedicine\/2024-les-20-ans-du-cis\/productions-medias\/","og_site_name":"#FutureMedicine","article_publisher":"https:\/\/www.facebook.com\/MinesSaintEtienne","article_modified_time":"2024-10-09T14:34:07+00:00","og_image":[{"width":600,"height":243,"url":"https:\/\/www.mines-stetienne.fr\/future-medicine-fr\/wp-content\/uploads\/sites\/15\/2024\/07\/Histoire-Une-1.jpg","type":"image\/jpeg"}],"twitter_card":"summary_large_image","twitter_site":"@MINES_StEtienne","twitter_misc":{"Dur\u00e9e de lecture estim\u00e9e":"2 minutes"},"schema":{"@context":"https:\/\/schema.org","@graph":[{"@type":"WebPage","@id":"https:\/\/www.mines-stetienne.fr\/future-medicine-fr\/bienvenue-sur-la-plateforme-futuremedicine\/2024-les-20-ans-du-cis\/productions-medias\/","url":"https:\/\/www.mines-stetienne.fr\/future-medicine-fr\/bienvenue-sur-la-plateforme-futuremedicine\/2024-les-20-ans-du-cis\/productions-medias\/","name":"Productions \/ M\u00e9dias - #FutureMedicine","isPartOf":{"@id":"https:\/\/www.mines-stetienne.fr\/future-medicine-fr\/#website"},"primaryImageOfPage":{"@id":"https:\/\/www.mines-stetienne.fr\/future-medicine-fr\/bienvenue-sur-la-plateforme-futuremedicine\/2024-les-20-ans-du-cis\/productions-medias\/#primaryimage"},"image":{"@id":"https:\/\/www.mines-stetienne.fr\/future-medicine-fr\/bienvenue-sur-la-plateforme-futuremedicine\/2024-les-20-ans-du-cis\/productions-medias\/#primaryimage"},"thumbnailUrl":"https:\/\/www.mines-stetienne.fr\/future-medicine-fr\/wp-content\/uploads\/sites\/15\/2024\/07\/Histoire-Une-1.jpg","datePublished":"2024-07-29T12:58:02+00:00","dateModified":"2024-10-09T14:34:07+00:00","breadcrumb":{"@id":"https:\/\/www.mines-stetienne.fr\/future-medicine-fr\/bienvenue-sur-la-plateforme-futuremedicine\/2024-les-20-ans-du-cis\/productions-medias\/#breadcrumb"},"inLanguage":"fr-FR","potentialAction":[{"@type":"ReadAction","target":["https:\/\/www.mines-stetienne.fr\/future-medicine-fr\/bienvenue-sur-la-plateforme-futuremedicine\/2024-les-20-ans-du-cis\/productions-medias\/"]}]},{"@type":"ImageObject","inLanguage":"fr-FR","@id":"https:\/\/www.mines-stetienne.fr\/future-medicine-fr\/bienvenue-sur-la-plateforme-futuremedicine\/2024-les-20-ans-du-cis\/productions-medias\/#primaryimage","url":"https:\/\/www.mines-stetienne.fr\/future-medicine-fr\/wp-content\/uploads\/sites\/15\/2024\/07\/Histoire-Une-1.jpg","contentUrl":"https:\/\/www.mines-stetienne.fr\/future-medicine-fr\/wp-content\/uploads\/sites\/15\/2024\/07\/Histoire-Une-1.jpg","width":600,"height":243},{"@type":"BreadcrumbList","@id":"https:\/\/www.mines-stetienne.fr\/future-medicine-fr\/bienvenue-sur-la-plateforme-futuremedicine\/2024-les-20-ans-du-cis\/productions-medias\/#breadcrumb","itemListElement":[{"@type":"ListItem","position":1,"name":"Accueil","item":"https:\/\/www.mines-stetienne.fr\/future-medicine-fr\/"},{"@type":"ListItem","position":2,"name":"Bienvenue","item":"https:\/\/www.mines-stetienne.fr\/future-medicine-fr\/"},{"@type":"ListItem","position":3,"name":"2024 : Les 20 ans du CIS","item":"https:\/\/www.mines-stetienne.fr\/future-medicine-fr\/bienvenue-sur-la-plateforme-futuremedicine\/2024-les-20-ans-du-cis\/"},{"@type":"ListItem","position":4,"name":"Productions \/ M\u00e9dias"}]},{"@type":"WebSite","@id":"https:\/\/www.mines-stetienne.fr\/future-medicine-fr\/#website","url":"https:\/\/www.mines-stetienne.fr\/future-medicine-fr\/","name":"#FutureMedicine","description":"- Mines Saint-\u00c9tienne Tech","potentialAction":[{"@type":"SearchAction","target":{"@type":"EntryPoint","urlTemplate":"https:\/\/www.mines-stetienne.fr\/future-medicine-fr\/?s={search_term_string}"},"query-input":{"@type":"PropertyValueSpecification","valueRequired":true,"valueName":"search_term_string"}}],"inLanguage":"fr-FR"}]}},"_links":{"self":[{"href":"https:\/\/www.mines-stetienne.fr\/future-medicine-fr\/wp-json\/wp\/v2\/pages\/21786","targetHints":{"allow":["GET"]}}],"collection":[{"href":"https:\/\/www.mines-stetienne.fr\/future-medicine-fr\/wp-json\/wp\/v2\/pages"}],"about":[{"href":"https:\/\/www.mines-stetienne.fr\/future-medicine-fr\/wp-json\/wp\/v2\/types\/page"}],"author":[{"embeddable":true,"href":"https:\/\/www.mines-stetienne.fr\/future-medicine-fr\/wp-json\/wp\/v2\/users\/257"}],"replies":[{"embeddable":true,"href":"https:\/\/www.mines-stetienne.fr\/future-medicine-fr\/wp-json\/wp\/v2\/comments?post=21786"}],"version-history":[{"count":11,"href":"https:\/\/www.mines-stetienne.fr\/future-medicine-fr\/wp-json\/wp\/v2\/pages\/21786\/revisions"}],"predecessor-version":[{"id":21833,"href":"https:\/\/www.mines-stetienne.fr\/future-medicine-fr\/wp-json\/wp\/v2\/pages\/21786\/revisions\/21833"}],"up":[{"embeddable":true,"href":"https:\/\/www.mines-stetienne.fr\/future-medicine-fr\/wp-json\/wp\/v2\/pages\/21544"}],"wp:attachment":[{"href":"https:\/\/www.mines-stetienne.fr\/future-medicine-fr\/wp-json\/wp\/v2\/media?parent=21786"}],"wp:term":[{"taxonomy":"post_tag","embeddable":true,"href":"https:\/\/www.mines-stetienne.fr\/future-medicine-fr\/wp-json\/wp\/v2\/tags?post=21786"}],"curies":[{"name":"wp","href":"https:\/\/api.w.org\/{rel}","templated":true}]}}