{"id":21544,"date":"2024-04-08T11:03:33","date_gmt":"2024-04-08T09:03:33","guid":{"rendered":"https:\/\/www.mines-stetienne.fr\/future-medicine-fr\/?page_id=21544"},"modified":"2024-09-12T17:00:57","modified_gmt":"2024-09-12T15:00:57","slug":"2024-les-20-ans-du-cis","status":"publish","type":"page","link":"https:\/\/www.mines-stetienne.fr\/future-medicine-fr\/bienvenue-sur-la-plateforme-futuremedicine\/2024-les-20-ans-du-cis\/","title":{"rendered":"2024 : Les 20 ans du CIS"},"content":{"rendered":"\n<p class=\"has-medium-font-size\"><strong>Cr\u00e9\u00e9 le 1er juillet 2004, le Centre Ing\u00e9nierie et Sant<\/strong>\u00e9 a vu le jour au sein d\u2019un environnement industriel, scientifique et universitaire propice au d\u00e9veloppement de fili\u00e8res biom\u00e9dicales avec des <strong>\u00e9quipes sp\u00e9cialis\u00e9es communes au CHU, \u00e0 la Facult\u00e9 de M\u00e9decine, \u00e0 Mines Saint-Etienne,<\/strong> avec l\u2019ambition \u00ab&nbsp;d\u2019am\u00e9liorer la sant\u00e9 par la science et l&rsquo;ing\u00e9nierie&nbsp;\u00bb.<\/p>\n\n\n\n<p class=\"has-medium-font-size\">B\u00e9n\u00e9ficiant d\u2019une tradition d\u2019excellence solidement \u00e9tablie dans les industries de la sant\u00e9, <a href=\"https:\/\/www.saint-etienne-metropole.fr\/\">Saint-\u00c9tienne <\/a>\u00e9tait particuli\u00e8rement qualifi\u00e9e pour accueillir ce nouveau centre.<\/p>\n\n\n\n<p class=\"has-medium-font-size\"><strong>Depuis 20 ans,<\/strong> cet environnement a permis au CIS de d\u00e9velopper ses activit\u00e9s de formation et de recherche en lien avec de nombreux partenaires acad\u00e9miques et industriels.<\/p>\n\n\n\n<figure class=\"wp-block-image size-full is-resized\"><img loading=\"lazy\" decoding=\"async\" width=\"709\" height=\"170\" src=\"https:\/\/www.mines-stetienne.fr\/future-medicine-fr\/wp-content\/uploads\/sites\/15\/2024\/04\/Bandeau-Inauguration-Future-Medicine-web-vierge.jpg\" alt=\"\" class=\"wp-image-21576\" style=\"width:865px;height:auto\" srcset=\"https:\/\/www.mines-stetienne.fr\/future-medicine-fr\/wp-content\/uploads\/sites\/15\/2024\/04\/Bandeau-Inauguration-Future-Medicine-web-vierge.jpg 709w, https:\/\/www.mines-stetienne.fr\/future-medicine-fr\/wp-content\/uploads\/sites\/15\/2024\/04\/Bandeau-Inauguration-Future-Medicine-web-vierge-300x72.jpg 300w\" sizes=\"auto, (max-width: 709px) 100vw, 709px\" \/><\/figure>\n\n\n\n<p class=\"has-medium-font-size\">Tous les \u00e9v\u00e9nements de l\u2019ann\u00e9e,<strong> <a href=\"https:\/\/www.mines-stetienne.fr\/future-medicine-fr\/bienvenue-sur-la-plateforme-futuremedicine\/2024-les-20-ans-du-cis\/les-evenements-de-lannee\/\">\u00e0 retrouver ici<\/a><\/strong><a href=\"https:\/\/www.mines-stetienne.fr\/future-medicine-fr\/bienvenue-sur-la-plateforme-futuremedicine\/2024-les-20-ans-du-cis\/les-evenements-de-lannee\/\">,<\/a> valorisent les activit\u00e9s et les \u00e9quipes de recherche et d\u2019enseignement sur le th\u00e8me f\u00e9d\u00e9rateur&nbsp;: \u00ab&nbsp;Ing\u00e9nierie et Sant\u00e9&nbsp;\u00bb et ses th\u00e9matiques phares.&nbsp;<\/p>\n\n\n\n<figure class=\"wp-block-image size-full is-resized\"><img loading=\"lazy\" decoding=\"async\" width=\"300\" height=\"300\" src=\"https:\/\/www.mines-stetienne.fr\/future-medicine-fr\/wp-content\/uploads\/sites\/15\/2024\/04\/Visuel2024-1.jpg\" alt=\"\" class=\"wp-image-21587\" style=\"width:133px;height:auto\" srcset=\"https:\/\/www.mines-stetienne.fr\/future-medicine-fr\/wp-content\/uploads\/sites\/15\/2024\/04\/Visuel2024-1.jpg 300w, https:\/\/www.mines-stetienne.fr\/future-medicine-fr\/wp-content\/uploads\/sites\/15\/2024\/04\/Visuel2024-1-150x150.jpg 150w, https:\/\/www.mines-stetienne.fr\/future-medicine-fr\/wp-content\/uploads\/sites\/15\/2024\/04\/Visuel2024-1-75x75.jpg 75w\" sizes=\"auto, (max-width: 300px) 100vw, 300px\" \/><\/figure>\n\n\n\n<p><em>Contact : <a href=\"&#x6d;&#97;i&#x6c;&#116;&#111;&#x3a;&#x61;&#99;c&#x75;&#101;i&#x6c;&#x2d;&#99;i&#x73;&#64;e&#x6d;&#x73;&#101;&#46;&#x66;&#114;\">&#x61;c&#x63;&#117;e&#x69;&#108;&#x2d;&#x63;i&#x73;&#64;e&#x6d;&#115;&#x65;&#46;f&#x72;<\/a><\/em><\/p>\n","protected":false},"excerpt":{"rendered":"<p>Cr\u00e9\u00e9 le 1er juillet 2004, le Centre Ing\u00e9nierie et Sant\u00e9 a vu le jour au sein d\u2019un environnement industriel, scientifique et universitaire propice au d\u00e9veloppement de fili\u00e8res biom\u00e9dicales avec des \u00e9quipes sp\u00e9cialis\u00e9es communes au CHU, \u00e0 la Facult\u00e9 de M\u00e9decine, &hellip;<\/p>\n","protected":false},"author":257,"featured_media":0,"parent":9,"menu_order":1,"comment_status":"closed","ping_status":"closed","template":"","meta":{"footnotes":""},"tags":[22,20,18,15,17,21],"class_list":["post-21544","page","type-page","status-publish","hentry","tag-20-ans","tag-20","tag-campus-sante-innovations","tag-cis","tag-ingenierie-et-sante","tag-mines-saint-etienne"],"pp_statuses_selecting_workflow":false,"pp_workflow_action":"current","pp_status_selection":"publish","pp_force_visibility":null,"pp_subpost_visibility":null,"pp_inherited_force_visibility":null,"pp_inherited_subpost_visibility":null,"yoast_head":"<!-- This site is optimized with the Yoast SEO plugin v27.4 - https:\/\/yoast.com\/product\/yoast-seo-wordpress\/ -->\n<title>2024 : Les 20 ans du CIS - #FutureMedicine<\/title>\n<meta name=\"robots\" content=\"index, follow, max-snippet:-1, max-image-preview:large, max-video-preview:-1\" \/>\n<link rel=\"canonical\" href=\"https:\/\/www.mines-stetienne.fr\/future-medicine-fr\/bienvenue-sur-la-plateforme-futuremedicine\/2024-les-20-ans-du-cis\/\" \/>\n<meta property=\"og:locale\" content=\"fr_FR\" \/>\n<meta property=\"og:type\" content=\"article\" \/>\n<meta property=\"og:title\" content=\"2024 : Les 20 ans du CIS - #FutureMedicine\" \/>\n<meta property=\"og:description\" content=\"Cr\u00e9\u00e9 le 1er juillet 2004, le Centre Ing\u00e9nierie et Sant\u00e9 a vu le jour au sein d\u2019un environnement industriel, scientifique et universitaire propice au d\u00e9veloppement de fili\u00e8res biom\u00e9dicales avec des \u00e9quipes sp\u00e9cialis\u00e9es communes au CHU, \u00e0 la Facult\u00e9 de M\u00e9decine, &hellip;\" \/>\n<meta property=\"og:url\" content=\"https:\/\/www.mines-stetienne.fr\/future-medicine-fr\/bienvenue-sur-la-plateforme-futuremedicine\/2024-les-20-ans-du-cis\/\" \/>\n<meta property=\"og:site_name\" content=\"#FutureMedicine\" \/>\n<meta property=\"article:publisher\" content=\"https:\/\/www.facebook.com\/MinesSaintEtienne\" \/>\n<meta property=\"article:modified_time\" content=\"2024-09-12T15:00:57+00:00\" \/>\n<meta property=\"og:image\" content=\"https:\/\/www.mines-stetienne.fr\/future-medicine-fr\/wp-content\/uploads\/sites\/15\/2024\/04\/Bandeau-Inauguration-Future-Medicine-web-vierge.jpg\" \/>\n<meta name=\"twitter:card\" content=\"summary_large_image\" \/>\n<meta name=\"twitter:site\" content=\"@MINES_StEtienne\" \/>\n<meta name=\"twitter:label1\" content=\"Dur\u00e9e de lecture estim\u00e9e\" \/>\n\t<meta name=\"twitter:data1\" content=\"2 minutes\" \/>\n<script type=\"application\/ld+json\" class=\"yoast-schema-graph\">{\"@context\":\"https:\\\/\\\/schema.org\",\"@graph\":[{\"@type\":\"WebPage\",\"@id\":\"https:\\\/\\\/www.mines-stetienne.fr\\\/future-medicine-fr\\\/bienvenue-sur-la-plateforme-futuremedicine\\\/2024-les-20-ans-du-cis\\\/\",\"url\":\"https:\\\/\\\/www.mines-stetienne.fr\\\/future-medicine-fr\\\/bienvenue-sur-la-plateforme-futuremedicine\\\/2024-les-20-ans-du-cis\\\/\",\"name\":\"2024 : Les 20 ans du CIS - #FutureMedicine\",\"isPartOf\":{\"@id\":\"https:\\\/\\\/www.mines-stetienne.fr\\\/future-medicine-fr\\\/#website\"},\"primaryImageOfPage\":{\"@id\":\"https:\\\/\\\/www.mines-stetienne.fr\\\/future-medicine-fr\\\/bienvenue-sur-la-plateforme-futuremedicine\\\/2024-les-20-ans-du-cis\\\/#primaryimage\"},\"image\":{\"@id\":\"https:\\\/\\\/www.mines-stetienne.fr\\\/future-medicine-fr\\\/bienvenue-sur-la-plateforme-futuremedicine\\\/2024-les-20-ans-du-cis\\\/#primaryimage\"},\"thumbnailUrl\":\"https:\\\/\\\/www.mines-stetienne.fr\\\/future-medicine-fr\\\/wp-content\\\/uploads\\\/sites\\\/15\\\/2024\\\/04\\\/Bandeau-Inauguration-Future-Medicine-web-vierge.jpg\",\"datePublished\":\"2024-04-08T09:03:33+00:00\",\"dateModified\":\"2024-09-12T15:00:57+00:00\",\"breadcrumb\":{\"@id\":\"https:\\\/\\\/www.mines-stetienne.fr\\\/future-medicine-fr\\\/bienvenue-sur-la-plateforme-futuremedicine\\\/2024-les-20-ans-du-cis\\\/#breadcrumb\"},\"inLanguage\":\"fr-FR\",\"potentialAction\":[{\"@type\":\"ReadAction\",\"target\":[\"https:\\\/\\\/www.mines-stetienne.fr\\\/future-medicine-fr\\\/bienvenue-sur-la-plateforme-futuremedicine\\\/2024-les-20-ans-du-cis\\\/\"]}]},{\"@type\":\"ImageObject\",\"inLanguage\":\"fr-FR\",\"@id\":\"https:\\\/\\\/www.mines-stetienne.fr\\\/future-medicine-fr\\\/bienvenue-sur-la-plateforme-futuremedicine\\\/2024-les-20-ans-du-cis\\\/#primaryimage\",\"url\":\"https:\\\/\\\/www.mines-stetienne.fr\\\/future-medicine-fr\\\/wp-content\\\/uploads\\\/sites\\\/15\\\/2024\\\/04\\\/Bandeau-Inauguration-Future-Medicine-web-vierge.jpg\",\"contentUrl\":\"https:\\\/\\\/www.mines-stetienne.fr\\\/future-medicine-fr\\\/wp-content\\\/uploads\\\/sites\\\/15\\\/2024\\\/04\\\/Bandeau-Inauguration-Future-Medicine-web-vierge.jpg\",\"width\":709,\"height\":170},{\"@type\":\"BreadcrumbList\",\"@id\":\"https:\\\/\\\/www.mines-stetienne.fr\\\/future-medicine-fr\\\/bienvenue-sur-la-plateforme-futuremedicine\\\/2024-les-20-ans-du-cis\\\/#breadcrumb\",\"itemListElement\":[{\"@type\":\"ListItem\",\"position\":1,\"name\":\"Accueil\",\"item\":\"https:\\\/\\\/www.mines-stetienne.fr\\\/future-medicine-fr\\\/\"},{\"@type\":\"ListItem\",\"position\":2,\"name\":\"Bienvenue\",\"item\":\"https:\\\/\\\/www.mines-stetienne.fr\\\/future-medicine-fr\\\/\"},{\"@type\":\"ListItem\",\"position\":3,\"name\":\"2024 : Les 20 ans du CIS\"}]},{\"@type\":\"WebSite\",\"@id\":\"https:\\\/\\\/www.mines-stetienne.fr\\\/future-medicine-fr\\\/#website\",\"url\":\"https:\\\/\\\/www.mines-stetienne.fr\\\/future-medicine-fr\\\/\",\"name\":\"#FutureMedicine\",\"description\":\"- Mines Saint-\u00c9tienne Tech\",\"potentialAction\":[{\"@type\":\"SearchAction\",\"target\":{\"@type\":\"EntryPoint\",\"urlTemplate\":\"https:\\\/\\\/www.mines-stetienne.fr\\\/future-medicine-fr\\\/?s={search_term_string}\"},\"query-input\":{\"@type\":\"PropertyValueSpecification\",\"valueRequired\":true,\"valueName\":\"search_term_string\"}}],\"inLanguage\":\"fr-FR\"}]}<\/script>\n<!-- \/ Yoast SEO plugin. -->","yoast_head_json":{"title":"2024 : Les 20 ans du CIS - #FutureMedicine","robots":{"index":"index","follow":"follow","max-snippet":"max-snippet:-1","max-image-preview":"max-image-preview:large","max-video-preview":"max-video-preview:-1"},"canonical":"https:\/\/www.mines-stetienne.fr\/future-medicine-fr\/bienvenue-sur-la-plateforme-futuremedicine\/2024-les-20-ans-du-cis\/","og_locale":"fr_FR","og_type":"article","og_title":"2024 : Les 20 ans du CIS - #FutureMedicine","og_description":"Cr\u00e9\u00e9 le 1er juillet 2004, le Centre Ing\u00e9nierie et Sant\u00e9 a vu le jour au sein d\u2019un environnement industriel, scientifique et universitaire propice au d\u00e9veloppement de fili\u00e8res biom\u00e9dicales avec des \u00e9quipes sp\u00e9cialis\u00e9es communes au CHU, \u00e0 la Facult\u00e9 de M\u00e9decine, &hellip;","og_url":"https:\/\/www.mines-stetienne.fr\/future-medicine-fr\/bienvenue-sur-la-plateforme-futuremedicine\/2024-les-20-ans-du-cis\/","og_site_name":"#FutureMedicine","article_publisher":"https:\/\/www.facebook.com\/MinesSaintEtienne","article_modified_time":"2024-09-12T15:00:57+00:00","og_image":[{"url":"https:\/\/www.mines-stetienne.fr\/future-medicine-fr\/wp-content\/uploads\/sites\/15\/2024\/04\/Bandeau-Inauguration-Future-Medicine-web-vierge.jpg","type":"","width":"","height":""}],"twitter_card":"summary_large_image","twitter_site":"@MINES_StEtienne","twitter_misc":{"Dur\u00e9e de lecture estim\u00e9e":"2 minutes"},"schema":{"@context":"https:\/\/schema.org","@graph":[{"@type":"WebPage","@id":"https:\/\/www.mines-stetienne.fr\/future-medicine-fr\/bienvenue-sur-la-plateforme-futuremedicine\/2024-les-20-ans-du-cis\/","url":"https:\/\/www.mines-stetienne.fr\/future-medicine-fr\/bienvenue-sur-la-plateforme-futuremedicine\/2024-les-20-ans-du-cis\/","name":"2024 : Les 20 ans du CIS - #FutureMedicine","isPartOf":{"@id":"https:\/\/www.mines-stetienne.fr\/future-medicine-fr\/#website"},"primaryImageOfPage":{"@id":"https:\/\/www.mines-stetienne.fr\/future-medicine-fr\/bienvenue-sur-la-plateforme-futuremedicine\/2024-les-20-ans-du-cis\/#primaryimage"},"image":{"@id":"https:\/\/www.mines-stetienne.fr\/future-medicine-fr\/bienvenue-sur-la-plateforme-futuremedicine\/2024-les-20-ans-du-cis\/#primaryimage"},"thumbnailUrl":"https:\/\/www.mines-stetienne.fr\/future-medicine-fr\/wp-content\/uploads\/sites\/15\/2024\/04\/Bandeau-Inauguration-Future-Medicine-web-vierge.jpg","datePublished":"2024-04-08T09:03:33+00:00","dateModified":"2024-09-12T15:00:57+00:00","breadcrumb":{"@id":"https:\/\/www.mines-stetienne.fr\/future-medicine-fr\/bienvenue-sur-la-plateforme-futuremedicine\/2024-les-20-ans-du-cis\/#breadcrumb"},"inLanguage":"fr-FR","potentialAction":[{"@type":"ReadAction","target":["https:\/\/www.mines-stetienne.fr\/future-medicine-fr\/bienvenue-sur-la-plateforme-futuremedicine\/2024-les-20-ans-du-cis\/"]}]},{"@type":"ImageObject","inLanguage":"fr-FR","@id":"https:\/\/www.mines-stetienne.fr\/future-medicine-fr\/bienvenue-sur-la-plateforme-futuremedicine\/2024-les-20-ans-du-cis\/#primaryimage","url":"https:\/\/www.mines-stetienne.fr\/future-medicine-fr\/wp-content\/uploads\/sites\/15\/2024\/04\/Bandeau-Inauguration-Future-Medicine-web-vierge.jpg","contentUrl":"https:\/\/www.mines-stetienne.fr\/future-medicine-fr\/wp-content\/uploads\/sites\/15\/2024\/04\/Bandeau-Inauguration-Future-Medicine-web-vierge.jpg","width":709,"height":170},{"@type":"BreadcrumbList","@id":"https:\/\/www.mines-stetienne.fr\/future-medicine-fr\/bienvenue-sur-la-plateforme-futuremedicine\/2024-les-20-ans-du-cis\/#breadcrumb","itemListElement":[{"@type":"ListItem","position":1,"name":"Accueil","item":"https:\/\/www.mines-stetienne.fr\/future-medicine-fr\/"},{"@type":"ListItem","position":2,"name":"Bienvenue","item":"https:\/\/www.mines-stetienne.fr\/future-medicine-fr\/"},{"@type":"ListItem","position":3,"name":"2024 : Les 20 ans du CIS"}]},{"@type":"WebSite","@id":"https:\/\/www.mines-stetienne.fr\/future-medicine-fr\/#website","url":"https:\/\/www.mines-stetienne.fr\/future-medicine-fr\/","name":"#FutureMedicine","description":"- Mines Saint-\u00c9tienne Tech","potentialAction":[{"@type":"SearchAction","target":{"@type":"EntryPoint","urlTemplate":"https:\/\/www.mines-stetienne.fr\/future-medicine-fr\/?s={search_term_string}"},"query-input":{"@type":"PropertyValueSpecification","valueRequired":true,"valueName":"search_term_string"}}],"inLanguage":"fr-FR"}]}},"_links":{"self":[{"href":"https:\/\/www.mines-stetienne.fr\/future-medicine-fr\/wp-json\/wp\/v2\/pages\/21544","targetHints":{"allow":["GET"]}}],"collection":[{"href":"https:\/\/www.mines-stetienne.fr\/future-medicine-fr\/wp-json\/wp\/v2\/pages"}],"about":[{"href":"https:\/\/www.mines-stetienne.fr\/future-medicine-fr\/wp-json\/wp\/v2\/types\/page"}],"author":[{"embeddable":true,"href":"https:\/\/www.mines-stetienne.fr\/future-medicine-fr\/wp-json\/wp\/v2\/users\/257"}],"replies":[{"embeddable":true,"href":"https:\/\/www.mines-stetienne.fr\/future-medicine-fr\/wp-json\/wp\/v2\/comments?post=21544"}],"version-history":[{"count":14,"href":"https:\/\/www.mines-stetienne.fr\/future-medicine-fr\/wp-json\/wp\/v2\/pages\/21544\/revisions"}],"predecessor-version":[{"id":21831,"href":"https:\/\/www.mines-stetienne.fr\/future-medicine-fr\/wp-json\/wp\/v2\/pages\/21544\/revisions\/21831"}],"up":[{"embeddable":true,"href":"https:\/\/www.mines-stetienne.fr\/future-medicine-fr\/wp-json\/wp\/v2\/pages\/9"}],"wp:attachment":[{"href":"https:\/\/www.mines-stetienne.fr\/future-medicine-fr\/wp-json\/wp\/v2\/media?parent=21544"}],"wp:term":[{"taxonomy":"post_tag","embeddable":true,"href":"https:\/\/www.mines-stetienne.fr\/future-medicine-fr\/wp-json\/wp\/v2\/tags?post=21544"}],"curies":[{"name":"wp","href":"https:\/\/api.w.org\/{rel}","templated":true}]}}