{"id":21218,"date":"2020-12-05T15:35:06","date_gmt":"2020-12-05T14:35:06","guid":{"rendered":"https:\/\/www.mines-stetienne.fr\/future-medicine-fr\/?page_id=21218"},"modified":"2021-05-28T08:51:20","modified_gmt":"2021-05-28T06:51:20","slug":"plateau-technique-essais-biomecaniques","status":"publish","type":"page","link":"https:\/\/www.mines-stetienne.fr\/future-medicine-fr\/centre-ingenierie-et-sante\/plateau-technique-essais-biomecaniques\/","title":{"rendered":"Plateau technique Essais biom\u00e9caniques"},"content":{"rendered":"\n<h3 class=\"wp-block-heading\">Ce plateau permet la caract\u00e9risation des propri\u00e9t\u00e9s m\u00e9caniques d\u2019un dispositif m\u00e9dical, essais biom\u00e9caniques dynamiques \u00e0 haute vitesse, mod\u00e9lisation des interactions m\u00e9caniques entre un dispositif m\u00e9dical et le corps humain.<\/h3>\n\n\n\n<p>Contact : <a href=\"&#109;&#x61;&#105;&#x6c;&#116;&#x6f;&#58;&#x70;i&#x65;r&#x72;a&#x74;&#64;&#101;&#x6d;&#115;&#x65;&#46;&#x66;&#114;\">Baptiste Pierrat<\/a><\/p>\n\n\n\n<h4 class=\"wp-block-heading\">\u00c9quipements<\/h4>\n\n\n\n<ul class=\"wp-block-list\"><li>Machines de traction&nbsp;uni&nbsp;et bi-axiales<\/li><li>Syst\u00e8me&nbsp;de&nbsp;st\u00e9r\u00e9ocorr\u00e9lation&nbsp;avec&nbsp;cam\u00e9ras&nbsp;rapides<\/li><li>PCs de&nbsp;calcul<\/li><li>Simulateur&nbsp;chirurgical&nbsp;Simbionix<\/li><li>&nbsp;\u2026<\/li><\/ul>\n\n\n\n<h4 class=\"wp-block-heading\">Outils logiciels<\/h4>\n\n\n\n<ul class=\"wp-block-list\"><li>Abaqus<\/li><\/ul>\n\n\n\n<h4 class=\"wp-block-heading\">Prestations et comp\u00e9tences<\/h4>\n\n\n\n<ul class=\"wp-block-list\"><li>Caract\u00e9risation&nbsp;des&nbsp;propri\u00e9t\u00e9s&nbsp;m\u00e9caniques&nbsp;d&rsquo;un&nbsp;dispositif&nbsp;m\u00e9dical<\/li><li>Essais&nbsp;biom\u00e9caniques&nbsp;dynamiques&nbsp;\u00e0 haute&nbsp;vitesse<\/li><li>Mod\u00e9lisation&nbsp;des interactions&nbsp;m\u00e9caniques&nbsp;entre un&nbsp;dispositif&nbsp;m\u00e9dical&nbsp;et le corps&nbsp;humain<\/li><li>Simulation&nbsp;d&rsquo;une&nbsp;endoproth\u00e8se&nbsp;et&nbsp;\u00e9valuation&nbsp;dans&nbsp;un&nbsp;simulateur&nbsp;chirurgical<\/li><\/ul>\n\n\n\n<figure class=\"wp-block-gallery columns-3 is-cropped wp-block-gallery-1 is-layout-flex wp-block-gallery-is-layout-flex\"><ul class=\"blocks-gallery-grid\"><li class=\"blocks-gallery-item\"><figure><img loading=\"lazy\" decoding=\"async\" width=\"280\" height=\"420\" src=\"https:\/\/www.mines-stetienne.fr\/future-medicine-fr\/wp-content\/uploads\/sites\/15\/2021\/03\/EMSE-CampusHNord0025.jpg\" alt=\"\" data-id=\"21411\" data-full-url=\"https:\/\/www.mines-stetienne.fr\/future-medicine-fr\/wp-content\/uploads\/sites\/15\/2021\/03\/EMSE-CampusHNord0025.jpg\" data-link=\"https:\/\/www.mines-stetienne.fr\/future-medicine-fr\/centre-ingenierie-et-sante\/plateau-technique-essais-biomecaniques\/emse-campushnord0025\/\" class=\"wp-image-21411\" srcset=\"https:\/\/www.mines-stetienne.fr\/future-medicine-fr\/wp-content\/uploads\/sites\/15\/2021\/03\/EMSE-CampusHNord0025.jpg 280w, https:\/\/www.mines-stetienne.fr\/future-medicine-fr\/wp-content\/uploads\/sites\/15\/2021\/03\/EMSE-CampusHNord0025-200x300.jpg 200w\" sizes=\"auto, (max-width: 280px) 100vw, 280px\" \/><\/figure><\/li><li class=\"blocks-gallery-item\"><figure><img loading=\"lazy\" decoding=\"async\" width=\"280\" height=\"420\" src=\"https:\/\/www.mines-stetienne.fr\/future-medicine-fr\/wp-content\/uploads\/sites\/15\/2021\/03\/EMSE-CampusHNord0051.jpg\" alt=\"\" data-id=\"21412\" data-full-url=\"https:\/\/www.mines-stetienne.fr\/future-medicine-fr\/wp-content\/uploads\/sites\/15\/2021\/03\/EMSE-CampusHNord0051.jpg\" data-link=\"https:\/\/www.mines-stetienne.fr\/future-medicine-fr\/centre-ingenierie-et-sante\/plateau-technique-essais-biomecaniques\/emse-campushnord0051\/\" class=\"wp-image-21412\" srcset=\"https:\/\/www.mines-stetienne.fr\/future-medicine-fr\/wp-content\/uploads\/sites\/15\/2021\/03\/EMSE-CampusHNord0051.jpg 280w, https:\/\/www.mines-stetienne.fr\/future-medicine-fr\/wp-content\/uploads\/sites\/15\/2021\/03\/EMSE-CampusHNord0051-200x300.jpg 200w\" sizes=\"auto, (max-width: 280px) 100vw, 280px\" \/><\/figure><\/li><li class=\"blocks-gallery-item\"><figure><img loading=\"lazy\" decoding=\"async\" width=\"280\" height=\"420\" src=\"https:\/\/www.mines-stetienne.fr\/future-medicine-fr\/wp-content\/uploads\/sites\/15\/2021\/03\/EMSE-CampusHNord0087.jpg\" alt=\"\" data-id=\"21413\" data-full-url=\"https:\/\/www.mines-stetienne.fr\/future-medicine-fr\/wp-content\/uploads\/sites\/15\/2021\/03\/EMSE-CampusHNord0087.jpg\" data-link=\"https:\/\/www.mines-stetienne.fr\/future-medicine-fr\/centre-ingenierie-et-sante\/plateau-technique-essais-biomecaniques\/emse-campushnord0087\/\" class=\"wp-image-21413\" srcset=\"https:\/\/www.mines-stetienne.fr\/future-medicine-fr\/wp-content\/uploads\/sites\/15\/2021\/03\/EMSE-CampusHNord0087.jpg 280w, https:\/\/www.mines-stetienne.fr\/future-medicine-fr\/wp-content\/uploads\/sites\/15\/2021\/03\/EMSE-CampusHNord0087-200x300.jpg 200w\" sizes=\"auto, (max-width: 280px) 100vw, 280px\" \/><\/figure><\/li><\/ul><\/figure>\n\n\n\n<hr class=\"wp-block-separator\" \/>\n","protected":false},"excerpt":{"rendered":"<p>Ce plateau permet la caract\u00e9risation des propri\u00e9t\u00e9s m\u00e9caniques d\u2019un dispositif m\u00e9dical, essais biom\u00e9caniques dynamiques \u00e0 haute vitesse, mod\u00e9lisation des interactions m\u00e9caniques entre un dispositif m\u00e9dical et le corps humain. Contact : Baptiste Pierrat \u00c9quipements Machines de traction&nbsp;uni&nbsp;et bi-axiales Syst\u00e8me&nbsp;de&nbsp;st\u00e9r\u00e9ocorr\u00e9lation&nbsp;avec&nbsp;cam\u00e9ras&nbsp;rapides PCs &hellip;<\/p>\n","protected":false},"author":3,"featured_media":0,"parent":20981,"menu_order":0,"comment_status":"closed","ping_status":"closed","template":"","meta":{"footnotes":""},"tags":[],"class_list":["post-21218","page","type-page","status-publish","hentry"],"pp_statuses_selecting_workflow":false,"pp_workflow_action":"current","pp_status_selection":"publish","pp_force_visibility":null,"pp_subpost_visibility":null,"pp_inherited_force_visibility":null,"pp_inherited_subpost_visibility":null,"yoast_head":"<!-- This site is optimized with the Yoast SEO plugin v27.4 - https:\/\/yoast.com\/product\/yoast-seo-wordpress\/ -->\n<title>Plateau technique Essais biom\u00e9caniques - #FutureMedicine<\/title>\n<meta name=\"robots\" content=\"index, follow, max-snippet:-1, max-image-preview:large, max-video-preview:-1\" \/>\n<link rel=\"canonical\" href=\"https:\/\/www.mines-stetienne.fr\/future-medicine-fr\/centre-ingenierie-et-sante\/plateau-technique-essais-biomecaniques\/\" \/>\n<meta property=\"og:locale\" content=\"fr_FR\" \/>\n<meta property=\"og:type\" content=\"article\" \/>\n<meta property=\"og:title\" content=\"Plateau technique Essais biom\u00e9caniques - #FutureMedicine\" \/>\n<meta property=\"og:description\" content=\"Ce plateau permet la caract\u00e9risation des propri\u00e9t\u00e9s m\u00e9caniques d\u2019un dispositif m\u00e9dical, essais biom\u00e9caniques dynamiques \u00e0 haute vitesse, mod\u00e9lisation des interactions m\u00e9caniques entre un dispositif m\u00e9dical et le corps humain. Contact : Baptiste Pierrat \u00c9quipements Machines de traction&nbsp;uni&nbsp;et bi-axiales Syst\u00e8me&nbsp;de&nbsp;st\u00e9r\u00e9ocorr\u00e9lation&nbsp;avec&nbsp;cam\u00e9ras&nbsp;rapides PCs &hellip;\" \/>\n<meta property=\"og:url\" content=\"https:\/\/www.mines-stetienne.fr\/future-medicine-fr\/centre-ingenierie-et-sante\/plateau-technique-essais-biomecaniques\/\" \/>\n<meta property=\"og:site_name\" content=\"#FutureMedicine\" \/>\n<meta property=\"article:publisher\" content=\"https:\/\/www.facebook.com\/MinesSaintEtienne\" \/>\n<meta property=\"article:modified_time\" content=\"2021-05-28T06:51:20+00:00\" \/>\n<meta property=\"og:image\" content=\"https:\/\/www.mines-stetienne.fr\/future-medicine-fr\/wp-content\/uploads\/sites\/15\/2021\/03\/EMSE-CampusHNord0025.jpg\" \/>\n<meta name=\"twitter:card\" content=\"summary_large_image\" \/>\n<meta name=\"twitter:site\" content=\"@MINES_StEtienne\" \/>\n<meta name=\"twitter:label1\" content=\"Dur\u00e9e de lecture estim\u00e9e\" \/>\n\t<meta name=\"twitter:data1\" content=\"1 minute\" \/>\n<script type=\"application\/ld+json\" class=\"yoast-schema-graph\">{\"@context\":\"https:\\\/\\\/schema.org\",\"@graph\":[{\"@type\":\"WebPage\",\"@id\":\"https:\\\/\\\/www.mines-stetienne.fr\\\/future-medicine-fr\\\/centre-ingenierie-et-sante\\\/plateau-technique-essais-biomecaniques\\\/\",\"url\":\"https:\\\/\\\/www.mines-stetienne.fr\\\/future-medicine-fr\\\/centre-ingenierie-et-sante\\\/plateau-technique-essais-biomecaniques\\\/\",\"name\":\"Plateau technique Essais biom\u00e9caniques - #FutureMedicine\",\"isPartOf\":{\"@id\":\"https:\\\/\\\/www.mines-stetienne.fr\\\/future-medicine-fr\\\/#website\"},\"primaryImageOfPage\":{\"@id\":\"https:\\\/\\\/www.mines-stetienne.fr\\\/future-medicine-fr\\\/centre-ingenierie-et-sante\\\/plateau-technique-essais-biomecaniques\\\/#primaryimage\"},\"image\":{\"@id\":\"https:\\\/\\\/www.mines-stetienne.fr\\\/future-medicine-fr\\\/centre-ingenierie-et-sante\\\/plateau-technique-essais-biomecaniques\\\/#primaryimage\"},\"thumbnailUrl\":\"https:\\\/\\\/www.mines-stetienne.fr\\\/future-medicine-fr\\\/wp-content\\\/uploads\\\/sites\\\/15\\\/2021\\\/03\\\/EMSE-CampusHNord0025.jpg\",\"datePublished\":\"2020-12-05T14:35:06+00:00\",\"dateModified\":\"2021-05-28T06:51:20+00:00\",\"breadcrumb\":{\"@id\":\"https:\\\/\\\/www.mines-stetienne.fr\\\/future-medicine-fr\\\/centre-ingenierie-et-sante\\\/plateau-technique-essais-biomecaniques\\\/#breadcrumb\"},\"inLanguage\":\"fr-FR\",\"potentialAction\":[{\"@type\":\"ReadAction\",\"target\":[\"https:\\\/\\\/www.mines-stetienne.fr\\\/future-medicine-fr\\\/centre-ingenierie-et-sante\\\/plateau-technique-essais-biomecaniques\\\/\"]}]},{\"@type\":\"ImageObject\",\"inLanguage\":\"fr-FR\",\"@id\":\"https:\\\/\\\/www.mines-stetienne.fr\\\/future-medicine-fr\\\/centre-ingenierie-et-sante\\\/plateau-technique-essais-biomecaniques\\\/#primaryimage\",\"url\":\"https:\\\/\\\/www.mines-stetienne.fr\\\/future-medicine-fr\\\/wp-content\\\/uploads\\\/sites\\\/15\\\/2021\\\/03\\\/EMSE-CampusHNord0025.jpg\",\"contentUrl\":\"https:\\\/\\\/www.mines-stetienne.fr\\\/future-medicine-fr\\\/wp-content\\\/uploads\\\/sites\\\/15\\\/2021\\\/03\\\/EMSE-CampusHNord0025.jpg\",\"width\":280,\"height\":420},{\"@type\":\"BreadcrumbList\",\"@id\":\"https:\\\/\\\/www.mines-stetienne.fr\\\/future-medicine-fr\\\/centre-ingenierie-et-sante\\\/plateau-technique-essais-biomecaniques\\\/#breadcrumb\",\"itemListElement\":[{\"@type\":\"ListItem\",\"position\":1,\"name\":\"Accueil\",\"item\":\"https:\\\/\\\/www.mines-stetienne.fr\\\/future-medicine-fr\\\/\"},{\"@type\":\"ListItem\",\"position\":2,\"name\":\"Centre Ing\u00e9nierie et Sant\u00e9\",\"item\":\"https:\\\/\\\/www.mines-stetienne.fr\\\/future-medicine-fr\\\/centre-ingenierie-et-sante\\\/\"},{\"@type\":\"ListItem\",\"position\":3,\"name\":\"Plateau technique Essais biom\u00e9caniques\"}]},{\"@type\":\"WebSite\",\"@id\":\"https:\\\/\\\/www.mines-stetienne.fr\\\/future-medicine-fr\\\/#website\",\"url\":\"https:\\\/\\\/www.mines-stetienne.fr\\\/future-medicine-fr\\\/\",\"name\":\"#FutureMedicine\",\"description\":\"- Mines Saint-\u00c9tienne Tech\",\"potentialAction\":[{\"@type\":\"SearchAction\",\"target\":{\"@type\":\"EntryPoint\",\"urlTemplate\":\"https:\\\/\\\/www.mines-stetienne.fr\\\/future-medicine-fr\\\/?s={search_term_string}\"},\"query-input\":{\"@type\":\"PropertyValueSpecification\",\"valueRequired\":true,\"valueName\":\"search_term_string\"}}],\"inLanguage\":\"fr-FR\"}]}<\/script>\n<!-- \/ Yoast SEO plugin. -->","yoast_head_json":{"title":"Plateau technique Essais biom\u00e9caniques - #FutureMedicine","robots":{"index":"index","follow":"follow","max-snippet":"max-snippet:-1","max-image-preview":"max-image-preview:large","max-video-preview":"max-video-preview:-1"},"canonical":"https:\/\/www.mines-stetienne.fr\/future-medicine-fr\/centre-ingenierie-et-sante\/plateau-technique-essais-biomecaniques\/","og_locale":"fr_FR","og_type":"article","og_title":"Plateau technique Essais biom\u00e9caniques - #FutureMedicine","og_description":"Ce plateau permet la caract\u00e9risation des propri\u00e9t\u00e9s m\u00e9caniques d\u2019un dispositif m\u00e9dical, essais biom\u00e9caniques dynamiques \u00e0 haute vitesse, mod\u00e9lisation des interactions m\u00e9caniques entre un dispositif m\u00e9dical et le corps humain. Contact : Baptiste Pierrat \u00c9quipements Machines de traction&nbsp;uni&nbsp;et bi-axiales Syst\u00e8me&nbsp;de&nbsp;st\u00e9r\u00e9ocorr\u00e9lation&nbsp;avec&nbsp;cam\u00e9ras&nbsp;rapides PCs &hellip;","og_url":"https:\/\/www.mines-stetienne.fr\/future-medicine-fr\/centre-ingenierie-et-sante\/plateau-technique-essais-biomecaniques\/","og_site_name":"#FutureMedicine","article_publisher":"https:\/\/www.facebook.com\/MinesSaintEtienne","article_modified_time":"2021-05-28T06:51:20+00:00","og_image":[{"url":"https:\/\/www.mines-stetienne.fr\/future-medicine-fr\/wp-content\/uploads\/sites\/15\/2021\/03\/EMSE-CampusHNord0025.jpg","type":"","width":"","height":""}],"twitter_card":"summary_large_image","twitter_site":"@MINES_StEtienne","twitter_misc":{"Dur\u00e9e de lecture estim\u00e9e":"1 minute"},"schema":{"@context":"https:\/\/schema.org","@graph":[{"@type":"WebPage","@id":"https:\/\/www.mines-stetienne.fr\/future-medicine-fr\/centre-ingenierie-et-sante\/plateau-technique-essais-biomecaniques\/","url":"https:\/\/www.mines-stetienne.fr\/future-medicine-fr\/centre-ingenierie-et-sante\/plateau-technique-essais-biomecaniques\/","name":"Plateau technique Essais biom\u00e9caniques - #FutureMedicine","isPartOf":{"@id":"https:\/\/www.mines-stetienne.fr\/future-medicine-fr\/#website"},"primaryImageOfPage":{"@id":"https:\/\/www.mines-stetienne.fr\/future-medicine-fr\/centre-ingenierie-et-sante\/plateau-technique-essais-biomecaniques\/#primaryimage"},"image":{"@id":"https:\/\/www.mines-stetienne.fr\/future-medicine-fr\/centre-ingenierie-et-sante\/plateau-technique-essais-biomecaniques\/#primaryimage"},"thumbnailUrl":"https:\/\/www.mines-stetienne.fr\/future-medicine-fr\/wp-content\/uploads\/sites\/15\/2021\/03\/EMSE-CampusHNord0025.jpg","datePublished":"2020-12-05T14:35:06+00:00","dateModified":"2021-05-28T06:51:20+00:00","breadcrumb":{"@id":"https:\/\/www.mines-stetienne.fr\/future-medicine-fr\/centre-ingenierie-et-sante\/plateau-technique-essais-biomecaniques\/#breadcrumb"},"inLanguage":"fr-FR","potentialAction":[{"@type":"ReadAction","target":["https:\/\/www.mines-stetienne.fr\/future-medicine-fr\/centre-ingenierie-et-sante\/plateau-technique-essais-biomecaniques\/"]}]},{"@type":"ImageObject","inLanguage":"fr-FR","@id":"https:\/\/www.mines-stetienne.fr\/future-medicine-fr\/centre-ingenierie-et-sante\/plateau-technique-essais-biomecaniques\/#primaryimage","url":"https:\/\/www.mines-stetienne.fr\/future-medicine-fr\/wp-content\/uploads\/sites\/15\/2021\/03\/EMSE-CampusHNord0025.jpg","contentUrl":"https:\/\/www.mines-stetienne.fr\/future-medicine-fr\/wp-content\/uploads\/sites\/15\/2021\/03\/EMSE-CampusHNord0025.jpg","width":280,"height":420},{"@type":"BreadcrumbList","@id":"https:\/\/www.mines-stetienne.fr\/future-medicine-fr\/centre-ingenierie-et-sante\/plateau-technique-essais-biomecaniques\/#breadcrumb","itemListElement":[{"@type":"ListItem","position":1,"name":"Accueil","item":"https:\/\/www.mines-stetienne.fr\/future-medicine-fr\/"},{"@type":"ListItem","position":2,"name":"Centre Ing\u00e9nierie et Sant\u00e9","item":"https:\/\/www.mines-stetienne.fr\/future-medicine-fr\/centre-ingenierie-et-sante\/"},{"@type":"ListItem","position":3,"name":"Plateau technique Essais biom\u00e9caniques"}]},{"@type":"WebSite","@id":"https:\/\/www.mines-stetienne.fr\/future-medicine-fr\/#website","url":"https:\/\/www.mines-stetienne.fr\/future-medicine-fr\/","name":"#FutureMedicine","description":"- Mines Saint-\u00c9tienne Tech","potentialAction":[{"@type":"SearchAction","target":{"@type":"EntryPoint","urlTemplate":"https:\/\/www.mines-stetienne.fr\/future-medicine-fr\/?s={search_term_string}"},"query-input":{"@type":"PropertyValueSpecification","valueRequired":true,"valueName":"search_term_string"}}],"inLanguage":"fr-FR"}]}},"_links":{"self":[{"href":"https:\/\/www.mines-stetienne.fr\/future-medicine-fr\/wp-json\/wp\/v2\/pages\/21218","targetHints":{"allow":["GET"]}}],"collection":[{"href":"https:\/\/www.mines-stetienne.fr\/future-medicine-fr\/wp-json\/wp\/v2\/pages"}],"about":[{"href":"https:\/\/www.mines-stetienne.fr\/future-medicine-fr\/wp-json\/wp\/v2\/types\/page"}],"author":[{"embeddable":true,"href":"https:\/\/www.mines-stetienne.fr\/future-medicine-fr\/wp-json\/wp\/v2\/users\/3"}],"replies":[{"embeddable":true,"href":"https:\/\/www.mines-stetienne.fr\/future-medicine-fr\/wp-json\/wp\/v2\/comments?post=21218"}],"version-history":[{"count":7,"href":"https:\/\/www.mines-stetienne.fr\/future-medicine-fr\/wp-json\/wp\/v2\/pages\/21218\/revisions"}],"predecessor-version":[{"id":21449,"href":"https:\/\/www.mines-stetienne.fr\/future-medicine-fr\/wp-json\/wp\/v2\/pages\/21218\/revisions\/21449"}],"up":[{"embeddable":true,"href":"https:\/\/www.mines-stetienne.fr\/future-medicine-fr\/wp-json\/wp\/v2\/pages\/20981"}],"wp:attachment":[{"href":"https:\/\/www.mines-stetienne.fr\/future-medicine-fr\/wp-json\/wp\/v2\/media?parent=21218"}],"wp:term":[{"taxonomy":"post_tag","embeddable":true,"href":"https:\/\/www.mines-stetienne.fr\/future-medicine-fr\/wp-json\/wp\/v2\/tags?post=21218"}],"curies":[{"name":"wp","href":"https:\/\/api.w.org\/{rel}","templated":true}]}}