{"id":21196,"date":"2020-12-05T14:45:12","date_gmt":"2020-12-05T13:45:12","guid":{"rendered":"https:\/\/www.mines-stetienne.fr\/future-medicine-fr\/?page_id=21196"},"modified":"2021-03-25T13:36:43","modified_gmt":"2021-03-25T12:36:43","slug":"plateau-technique-particules-inhalees","status":"publish","type":"page","link":"https:\/\/www.mines-stetienne.fr\/future-medicine-fr\/centre-ingenierie-et-sante\/plateau-technique-particules-inhalees\/","title":{"rendered":"Plateau technique Particules inhal\u00e9es"},"content":{"rendered":"\n<h3 class=\"wp-block-heading\">M\u00e9trologie&nbsp;des a\u00e9rosols, mod\u00e8les anatomiques pour l\u2019\u00e9tude des d\u00e9p\u00f4ts d\u2019a\u00e9rosol.<strong> T<\/strong>echniques de caract\u00e9risation physico-chimique&nbsp;des particules, exposition \u00e0 l\u2019interface air\/liquide.<\/h3>\n\n\n\n<p>Contact : <a href=\"&#x6d;&#97;i&#x6c;&#116;o&#x3a;&#112;h&#x61;&#x6e;&#64;&#x65;&#x6d;&#115;e&#x2e;&#102;r\">Lara Leclerc<\/a><\/p>\n\n\n\n<h4 class=\"wp-block-heading\">\u00c9quipements<\/h4>\n\n\n\n<ul class=\"wp-block-list\"><li>Laboratoire&nbsp;en d\u00e9pression pour la manipulation de nanoparticules ou de bioa\u00e9rosols&nbsp;(ZRR) : Hottes nano, boite \u00e0 gant&#8230;<\/li><li>Laboratoire&nbsp;de bact\u00e9riologie (ZRR) : PSM, incubateurs, compteur automatique de&nbsp;colonies, impacteurs en cascade viables&#8230;<\/li><li>Laboratoire&nbsp;de culture cellulaire : PSM, incubateurs CO2, microscopes..<\/li><li>Laboratoire&nbsp;de techniques g\u00e9n\u00e9rales : Sorbonnes, four micro-ondes, nanozetasizer,&nbsp;centrifugeuses et ultra-centrifugeuse, spectrophotom\u00e8tre et fluorim\u00e8tre,&nbsp;essais biologiques&#8230;<\/li><li>Laboratoire&nbsp;de m\u00e9trologie des a\u00e9rosols (ZRR) : Sorbonnes et bras aspirants, pompes&nbsp;respiratoires, robot \u00e0 vapoter, seringue instrument\u00e9e, impacteurs en&nbsp;cascade (ELPI-DLPI, ACI, NGI, GTI).<\/li><\/ul>\n\n\n\n<h4 class=\"wp-block-heading\">Outils logiciels<\/h4>\n\n\n\n<ul class=\"wp-block-list\"><li>BIOPAC<\/li><\/ul>\n\n\n\n<h4 class=\"wp-block-heading\">Prestations et comp\u00e9tences<\/h4>\n\n\n\n<ul class=\"wp-block-list\"><li> \u00c9valuation de l\u2019activit\u00e9 biologique&nbsp;de nanoparticules<\/li><li>D\u00e9tection et caract\u00e9risation de&nbsp;nanoparticules dans les milieux biologiques<\/li><li>Caract\u00e9risation de&nbsp;dispositifs m\u00e9dicaux pour l\u2019a\u00e9rosolth\u00e9rapie<\/li><li>Caract\u00e9risation de l\u2019efficacit\u00e9&nbsp;de filtration bact\u00e9rienne de masques<\/li><li>Cartographie de d\u00e9p\u00f4t d\u2019a\u00e9rosols&nbsp;sur mod\u00e8le chim\u00e9rique<\/li><\/ul>\n\n\n\n<figure class=\"wp-block-gallery columns-3 is-cropped wp-block-gallery-1 is-layout-flex wp-block-gallery-is-layout-flex\"><ul class=\"blocks-gallery-grid\"><li class=\"blocks-gallery-item\"><figure><a href=\"https:\/\/www.mines-stetienne.fr\/future-medicine-fr\/wp-content\/uploads\/sites\/15\/2020\/12\/PtAerosols2-copie.jpg\"><img loading=\"lazy\" decoding=\"async\" width=\"389\" height=\"300\" src=\"https:\/\/www.mines-stetienne.fr\/future-medicine-fr\/wp-content\/uploads\/sites\/15\/2020\/12\/PtAerosols2-copie.jpg\" alt=\"\" data-id=\"21206\" data-full-url=\"https:\/\/www.mines-stetienne.fr\/future-medicine-fr\/wp-content\/uploads\/sites\/15\/2020\/12\/PtAerosols2-copie.jpg\" data-link=\"https:\/\/www.mines-stetienne.fr\/future-medicine-fr\/ptaerosols2-copie\/\" class=\"wp-image-21206\" srcset=\"https:\/\/www.mines-stetienne.fr\/future-medicine-fr\/wp-content\/uploads\/sites\/15\/2020\/12\/PtAerosols2-copie.jpg 389w, https:\/\/www.mines-stetienne.fr\/future-medicine-fr\/wp-content\/uploads\/sites\/15\/2020\/12\/PtAerosols2-copie-300x231.jpg 300w\" sizes=\"auto, (max-width: 389px) 100vw, 389px\" \/><\/a><\/figure><\/li><li class=\"blocks-gallery-item\"><figure><a href=\"https:\/\/www.mines-stetienne.fr\/future-medicine-fr\/wp-content\/uploads\/sites\/15\/2020\/12\/PtAerosols3.jpg\"><img loading=\"lazy\" decoding=\"async\" width=\"419\" height=\"356\" src=\"https:\/\/www.mines-stetienne.fr\/future-medicine-fr\/wp-content\/uploads\/sites\/15\/2020\/12\/PtAerosols3.jpg\" alt=\"\" data-id=\"21207\" data-full-url=\"https:\/\/www.mines-stetienne.fr\/future-medicine-fr\/wp-content\/uploads\/sites\/15\/2020\/12\/PtAerosols3.jpg\" data-link=\"https:\/\/www.mines-stetienne.fr\/future-medicine-fr\/ptaerosols3\/\" class=\"wp-image-21207\" srcset=\"https:\/\/www.mines-stetienne.fr\/future-medicine-fr\/wp-content\/uploads\/sites\/15\/2020\/12\/PtAerosols3.jpg 419w, https:\/\/www.mines-stetienne.fr\/future-medicine-fr\/wp-content\/uploads\/sites\/15\/2020\/12\/PtAerosols3-300x255.jpg 300w\" sizes=\"auto, (max-width: 419px) 100vw, 419px\" \/><\/a><\/figure><\/li><li class=\"blocks-gallery-item\"><figure><a href=\"https:\/\/www.mines-stetienne.fr\/future-medicine-fr\/wp-content\/uploads\/sites\/15\/2020\/11\/carreblanc.jpg\"><img loading=\"lazy\" decoding=\"async\" width=\"630\" height=\"450\" src=\"https:\/\/www.mines-stetienne.fr\/future-medicine-fr\/wp-content\/uploads\/sites\/15\/2020\/11\/carreblanc.jpg\" alt=\"\" data-id=\"20700\" data-full-url=\"https:\/\/www.mines-stetienne.fr\/future-medicine-fr\/wp-content\/uploads\/sites\/15\/2020\/11\/carreblanc.jpg\" data-link=\"https:\/\/www.mines-stetienne.fr\/future-medicine-fr\/carreblanc\/\" class=\"wp-image-20700\" srcset=\"https:\/\/www.mines-stetienne.fr\/future-medicine-fr\/wp-content\/uploads\/sites\/15\/2020\/11\/carreblanc.jpg 630w, https:\/\/www.mines-stetienne.fr\/future-medicine-fr\/wp-content\/uploads\/sites\/15\/2020\/11\/carreblanc-300x214.jpg 300w\" sizes=\"auto, (max-width: 630px) 100vw, 630px\" \/><\/a><\/figure><\/li><\/ul><\/figure>\n\n\n\n<h4 class=\"wp-block-heading\">Exemples<\/h4>\n\n\n\n<ul class=\"wp-block-list\"><li>Caract\u00e9risation et \u00e9valuation de l\u2019activit\u00e9 biologique de nanoparticules de TiO<sub>2 <\/sub>avant et apr\u00e8s irradiation UV.<\/li><li>\u00c9valuation de l\u2019efficacit\u00e9 de filtration bact\u00e9rienne ET filtration virale des masques \u00e0 usage m\u00e9dical contre la Covid-19.<\/li><\/ul>\n\n\n\n<hr class=\"wp-block-separator\" \/>\n","protected":false},"excerpt":{"rendered":"<p>M\u00e9trologie&nbsp;des a\u00e9rosols, mod\u00e8les anatomiques pour l\u2019\u00e9tude des d\u00e9p\u00f4ts d\u2019a\u00e9rosol. Techniques de caract\u00e9risation physico-chimique&nbsp;des particules, exposition \u00e0 l\u2019interface air\/liquide. Contact : Lara Leclerc \u00c9quipements Laboratoire&nbsp;en d\u00e9pression pour la manipulation de nanoparticules ou de bioa\u00e9rosols&nbsp;(ZRR) : Hottes nano, boite \u00e0 gant&#8230; Laboratoire&nbsp;de &hellip;<\/p>\n","protected":false},"author":3,"featured_media":0,"parent":20981,"menu_order":0,"comment_status":"closed","ping_status":"closed","template":"","meta":{"footnotes":""},"tags":[],"class_list":["post-21196","page","type-page","status-publish","hentry"],"pp_statuses_selecting_workflow":false,"pp_workflow_action":"current","pp_status_selection":"publish","pp_force_visibility":null,"pp_subpost_visibility":null,"pp_inherited_force_visibility":null,"pp_inherited_subpost_visibility":null,"yoast_head":"<!-- This site is optimized with the Yoast SEO plugin v27.5 - https:\/\/yoast.com\/product\/yoast-seo-wordpress\/ -->\n<title>Plateau technique Particules inhal\u00e9es - #FutureMedicine<\/title>\n<meta name=\"robots\" content=\"index, follow, max-snippet:-1, max-image-preview:large, max-video-preview:-1\" \/>\n<link rel=\"canonical\" href=\"https:\/\/www.mines-stetienne.fr\/future-medicine-fr\/centre-ingenierie-et-sante\/plateau-technique-particules-inhalees\/\" \/>\n<meta property=\"og:locale\" content=\"fr_FR\" \/>\n<meta property=\"og:type\" content=\"article\" \/>\n<meta property=\"og:title\" content=\"Plateau technique Particules inhal\u00e9es - #FutureMedicine\" \/>\n<meta property=\"og:description\" content=\"M\u00e9trologie&nbsp;des a\u00e9rosols, mod\u00e8les anatomiques pour l\u2019\u00e9tude des d\u00e9p\u00f4ts d\u2019a\u00e9rosol. Techniques de caract\u00e9risation physico-chimique&nbsp;des particules, exposition \u00e0 l\u2019interface air\/liquide. Contact : Lara Leclerc \u00c9quipements Laboratoire&nbsp;en d\u00e9pression pour la manipulation de nanoparticules ou de bioa\u00e9rosols&nbsp;(ZRR) : Hottes nano, boite \u00e0 gant&#8230; Laboratoire&nbsp;de &hellip;\" \/>\n<meta property=\"og:url\" content=\"https:\/\/www.mines-stetienne.fr\/future-medicine-fr\/centre-ingenierie-et-sante\/plateau-technique-particules-inhalees\/\" \/>\n<meta property=\"og:site_name\" content=\"#FutureMedicine\" \/>\n<meta property=\"article:publisher\" content=\"https:\/\/www.facebook.com\/MinesSaintEtienne\" \/>\n<meta property=\"article:modified_time\" content=\"2021-03-25T12:36:43+00:00\" \/>\n<meta property=\"og:image\" content=\"https:\/\/www.mines-stetienne.fr\/future-medicine-fr\/wp-content\/uploads\/sites\/15\/2020\/12\/PtAerosols2-copie.jpg\" \/>\n<meta name=\"twitter:card\" content=\"summary_large_image\" \/>\n<meta name=\"twitter:site\" content=\"@MINES_StEtienne\" \/>\n<meta name=\"twitter:label1\" content=\"Dur\u00e9e de lecture estim\u00e9e\" \/>\n\t<meta name=\"twitter:data1\" content=\"2 minutes\" \/>\n<script type=\"application\/ld+json\" class=\"yoast-schema-graph\">{\"@context\":\"https:\\\/\\\/schema.org\",\"@graph\":[{\"@type\":\"WebPage\",\"@id\":\"https:\\\/\\\/www.mines-stetienne.fr\\\/future-medicine-fr\\\/centre-ingenierie-et-sante\\\/plateau-technique-particules-inhalees\\\/\",\"url\":\"https:\\\/\\\/www.mines-stetienne.fr\\\/future-medicine-fr\\\/centre-ingenierie-et-sante\\\/plateau-technique-particules-inhalees\\\/\",\"name\":\"Plateau technique Particules inhal\u00e9es - #FutureMedicine\",\"isPartOf\":{\"@id\":\"https:\\\/\\\/www.mines-stetienne.fr\\\/future-medicine-fr\\\/#website\"},\"primaryImageOfPage\":{\"@id\":\"https:\\\/\\\/www.mines-stetienne.fr\\\/future-medicine-fr\\\/centre-ingenierie-et-sante\\\/plateau-technique-particules-inhalees\\\/#primaryimage\"},\"image\":{\"@id\":\"https:\\\/\\\/www.mines-stetienne.fr\\\/future-medicine-fr\\\/centre-ingenierie-et-sante\\\/plateau-technique-particules-inhalees\\\/#primaryimage\"},\"thumbnailUrl\":\"https:\\\/\\\/www.mines-stetienne.fr\\\/future-medicine-fr\\\/wp-content\\\/uploads\\\/sites\\\/15\\\/2020\\\/12\\\/PtAerosols2-copie.jpg\",\"datePublished\":\"2020-12-05T13:45:12+00:00\",\"dateModified\":\"2021-03-25T12:36:43+00:00\",\"breadcrumb\":{\"@id\":\"https:\\\/\\\/www.mines-stetienne.fr\\\/future-medicine-fr\\\/centre-ingenierie-et-sante\\\/plateau-technique-particules-inhalees\\\/#breadcrumb\"},\"inLanguage\":\"fr-FR\",\"potentialAction\":[{\"@type\":\"ReadAction\",\"target\":[\"https:\\\/\\\/www.mines-stetienne.fr\\\/future-medicine-fr\\\/centre-ingenierie-et-sante\\\/plateau-technique-particules-inhalees\\\/\"]}]},{\"@type\":\"ImageObject\",\"inLanguage\":\"fr-FR\",\"@id\":\"https:\\\/\\\/www.mines-stetienne.fr\\\/future-medicine-fr\\\/centre-ingenierie-et-sante\\\/plateau-technique-particules-inhalees\\\/#primaryimage\",\"url\":\"https:\\\/\\\/www.mines-stetienne.fr\\\/future-medicine-fr\\\/wp-content\\\/uploads\\\/sites\\\/15\\\/2020\\\/12\\\/PtAerosols2-copie.jpg\",\"contentUrl\":\"https:\\\/\\\/www.mines-stetienne.fr\\\/future-medicine-fr\\\/wp-content\\\/uploads\\\/sites\\\/15\\\/2020\\\/12\\\/PtAerosols2-copie.jpg\",\"width\":389,\"height\":300},{\"@type\":\"BreadcrumbList\",\"@id\":\"https:\\\/\\\/www.mines-stetienne.fr\\\/future-medicine-fr\\\/centre-ingenierie-et-sante\\\/plateau-technique-particules-inhalees\\\/#breadcrumb\",\"itemListElement\":[{\"@type\":\"ListItem\",\"position\":1,\"name\":\"Accueil\",\"item\":\"https:\\\/\\\/www.mines-stetienne.fr\\\/future-medicine-fr\\\/\"},{\"@type\":\"ListItem\",\"position\":2,\"name\":\"Centre Ing\u00e9nierie et Sant\u00e9\",\"item\":\"https:\\\/\\\/www.mines-stetienne.fr\\\/future-medicine-fr\\\/centre-ingenierie-et-sante\\\/\"},{\"@type\":\"ListItem\",\"position\":3,\"name\":\"Plateau technique Particules inhal\u00e9es\"}]},{\"@type\":\"WebSite\",\"@id\":\"https:\\\/\\\/www.mines-stetienne.fr\\\/future-medicine-fr\\\/#website\",\"url\":\"https:\\\/\\\/www.mines-stetienne.fr\\\/future-medicine-fr\\\/\",\"name\":\"#FutureMedicine\",\"description\":\"- Mines Saint-\u00c9tienne Tech\",\"potentialAction\":[{\"@type\":\"SearchAction\",\"target\":{\"@type\":\"EntryPoint\",\"urlTemplate\":\"https:\\\/\\\/www.mines-stetienne.fr\\\/future-medicine-fr\\\/?s={search_term_string}\"},\"query-input\":{\"@type\":\"PropertyValueSpecification\",\"valueRequired\":true,\"valueName\":\"search_term_string\"}}],\"inLanguage\":\"fr-FR\"}]}<\/script>\n<!-- \/ Yoast SEO plugin. -->","yoast_head_json":{"title":"Plateau technique Particules inhal\u00e9es - #FutureMedicine","robots":{"index":"index","follow":"follow","max-snippet":"max-snippet:-1","max-image-preview":"max-image-preview:large","max-video-preview":"max-video-preview:-1"},"canonical":"https:\/\/www.mines-stetienne.fr\/future-medicine-fr\/centre-ingenierie-et-sante\/plateau-technique-particules-inhalees\/","og_locale":"fr_FR","og_type":"article","og_title":"Plateau technique Particules inhal\u00e9es - #FutureMedicine","og_description":"M\u00e9trologie&nbsp;des a\u00e9rosols, mod\u00e8les anatomiques pour l\u2019\u00e9tude des d\u00e9p\u00f4ts d\u2019a\u00e9rosol. Techniques de caract\u00e9risation physico-chimique&nbsp;des particules, exposition \u00e0 l\u2019interface air\/liquide. Contact : Lara Leclerc \u00c9quipements Laboratoire&nbsp;en d\u00e9pression pour la manipulation de nanoparticules ou de bioa\u00e9rosols&nbsp;(ZRR) : Hottes nano, boite \u00e0 gant&#8230; Laboratoire&nbsp;de &hellip;","og_url":"https:\/\/www.mines-stetienne.fr\/future-medicine-fr\/centre-ingenierie-et-sante\/plateau-technique-particules-inhalees\/","og_site_name":"#FutureMedicine","article_publisher":"https:\/\/www.facebook.com\/MinesSaintEtienne","article_modified_time":"2021-03-25T12:36:43+00:00","og_image":[{"url":"https:\/\/www.mines-stetienne.fr\/future-medicine-fr\/wp-content\/uploads\/sites\/15\/2020\/12\/PtAerosols2-copie.jpg","type":"","width":"","height":""}],"twitter_card":"summary_large_image","twitter_site":"@MINES_StEtienne","twitter_misc":{"Dur\u00e9e de lecture estim\u00e9e":"2 minutes"},"schema":{"@context":"https:\/\/schema.org","@graph":[{"@type":"WebPage","@id":"https:\/\/www.mines-stetienne.fr\/future-medicine-fr\/centre-ingenierie-et-sante\/plateau-technique-particules-inhalees\/","url":"https:\/\/www.mines-stetienne.fr\/future-medicine-fr\/centre-ingenierie-et-sante\/plateau-technique-particules-inhalees\/","name":"Plateau technique Particules inhal\u00e9es - #FutureMedicine","isPartOf":{"@id":"https:\/\/www.mines-stetienne.fr\/future-medicine-fr\/#website"},"primaryImageOfPage":{"@id":"https:\/\/www.mines-stetienne.fr\/future-medicine-fr\/centre-ingenierie-et-sante\/plateau-technique-particules-inhalees\/#primaryimage"},"image":{"@id":"https:\/\/www.mines-stetienne.fr\/future-medicine-fr\/centre-ingenierie-et-sante\/plateau-technique-particules-inhalees\/#primaryimage"},"thumbnailUrl":"https:\/\/www.mines-stetienne.fr\/future-medicine-fr\/wp-content\/uploads\/sites\/15\/2020\/12\/PtAerosols2-copie.jpg","datePublished":"2020-12-05T13:45:12+00:00","dateModified":"2021-03-25T12:36:43+00:00","breadcrumb":{"@id":"https:\/\/www.mines-stetienne.fr\/future-medicine-fr\/centre-ingenierie-et-sante\/plateau-technique-particules-inhalees\/#breadcrumb"},"inLanguage":"fr-FR","potentialAction":[{"@type":"ReadAction","target":["https:\/\/www.mines-stetienne.fr\/future-medicine-fr\/centre-ingenierie-et-sante\/plateau-technique-particules-inhalees\/"]}]},{"@type":"ImageObject","inLanguage":"fr-FR","@id":"https:\/\/www.mines-stetienne.fr\/future-medicine-fr\/centre-ingenierie-et-sante\/plateau-technique-particules-inhalees\/#primaryimage","url":"https:\/\/www.mines-stetienne.fr\/future-medicine-fr\/wp-content\/uploads\/sites\/15\/2020\/12\/PtAerosols2-copie.jpg","contentUrl":"https:\/\/www.mines-stetienne.fr\/future-medicine-fr\/wp-content\/uploads\/sites\/15\/2020\/12\/PtAerosols2-copie.jpg","width":389,"height":300},{"@type":"BreadcrumbList","@id":"https:\/\/www.mines-stetienne.fr\/future-medicine-fr\/centre-ingenierie-et-sante\/plateau-technique-particules-inhalees\/#breadcrumb","itemListElement":[{"@type":"ListItem","position":1,"name":"Accueil","item":"https:\/\/www.mines-stetienne.fr\/future-medicine-fr\/"},{"@type":"ListItem","position":2,"name":"Centre Ing\u00e9nierie et Sant\u00e9","item":"https:\/\/www.mines-stetienne.fr\/future-medicine-fr\/centre-ingenierie-et-sante\/"},{"@type":"ListItem","position":3,"name":"Plateau technique Particules inhal\u00e9es"}]},{"@type":"WebSite","@id":"https:\/\/www.mines-stetienne.fr\/future-medicine-fr\/#website","url":"https:\/\/www.mines-stetienne.fr\/future-medicine-fr\/","name":"#FutureMedicine","description":"- Mines Saint-\u00c9tienne Tech","potentialAction":[{"@type":"SearchAction","target":{"@type":"EntryPoint","urlTemplate":"https:\/\/www.mines-stetienne.fr\/future-medicine-fr\/?s={search_term_string}"},"query-input":{"@type":"PropertyValueSpecification","valueRequired":true,"valueName":"search_term_string"}}],"inLanguage":"fr-FR"}]}},"_links":{"self":[{"href":"https:\/\/www.mines-stetienne.fr\/future-medicine-fr\/wp-json\/wp\/v2\/pages\/21196","targetHints":{"allow":["GET"]}}],"collection":[{"href":"https:\/\/www.mines-stetienne.fr\/future-medicine-fr\/wp-json\/wp\/v2\/pages"}],"about":[{"href":"https:\/\/www.mines-stetienne.fr\/future-medicine-fr\/wp-json\/wp\/v2\/types\/page"}],"author":[{"embeddable":true,"href":"https:\/\/www.mines-stetienne.fr\/future-medicine-fr\/wp-json\/wp\/v2\/users\/3"}],"replies":[{"embeddable":true,"href":"https:\/\/www.mines-stetienne.fr\/future-medicine-fr\/wp-json\/wp\/v2\/comments?post=21196"}],"version-history":[{"count":6,"href":"https:\/\/www.mines-stetienne.fr\/future-medicine-fr\/wp-json\/wp\/v2\/pages\/21196\/revisions"}],"predecessor-version":[{"id":21409,"href":"https:\/\/www.mines-stetienne.fr\/future-medicine-fr\/wp-json\/wp\/v2\/pages\/21196\/revisions\/21409"}],"up":[{"embeddable":true,"href":"https:\/\/www.mines-stetienne.fr\/future-medicine-fr\/wp-json\/wp\/v2\/pages\/20981"}],"wp:attachment":[{"href":"https:\/\/www.mines-stetienne.fr\/future-medicine-fr\/wp-json\/wp\/v2\/media?parent=21196"}],"wp:term":[{"taxonomy":"post_tag","embeddable":true,"href":"https:\/\/www.mines-stetienne.fr\/future-medicine-fr\/wp-json\/wp\/v2\/tags?post=21196"}],"curies":[{"name":"wp","href":"https:\/\/api.w.org\/{rel}","templated":true}]}}