{"id":21187,"date":"2020-12-05T14:22:22","date_gmt":"2020-12-05T13:22:22","guid":{"rendered":"https:\/\/www.mines-stetienne.fr\/future-medicine-fr\/?page_id=21187"},"modified":"2021-03-25T12:47:18","modified_gmt":"2021-03-25T11:47:18","slug":"plateau-technique-tribocorrosion-implants-orthopediques","status":"publish","type":"page","link":"https:\/\/www.mines-stetienne.fr\/future-medicine-fr\/centre-ingenierie-et-sante\/plateau-technique-tribocorrosion-implants-orthopediques\/","title":{"rendered":"Plateau technique Tribocorrosion\/Implants orthop\u00e9diques"},"content":{"rendered":"\n<h3 class=\"wp-block-heading\">Comprendre l\u2019usure et am\u00e9liorer la robustesse des implants orthop\u00e9diques dans les conditions physiologiques de leur utilisation chez l\u2019humain<\/h3>\n\n\n\n<p>Contact : <a href=\"&#x6d;&#x61;&#x69;&#x6c;&#x74;&#x6f;&#x3a;&#x67;&#101;&#114;&#105;&#110;&#103;&#101;&#114;&#64;ems&#x65;&#x2e;&#x66;&#x72;\">Jean Geringer<\/a><\/p>\n\n\n\n<h4 class=\"wp-block-heading\">\u00c9quipements<\/h4>\n\n\n\n<ul class=\"wp-block-list\"><li>Simulateur de marche pour les implants orthop\u00e9diques de hanche, ISO 14242, MTS Bionix 855<\/li><li>Fretting corrosion, TA instruments, 1 \u00b5m \u00e0 100 \u00b5m, non standard, tous liquides<\/li><li>Machine de chocs, 0-9kN en 15 ms<\/li><li>Profilom\u00e8tre ex. Veeco NT9100, Bruker<\/li><li>Potentiostat&nbsp;ParStat 2263<\/li><li>Potentiostat &#8211;&nbsp;Palmsens&nbsp;Galvanostat PALMSENS 4 (+\/-5V, 100Khz)<\/li><li>Interface : USB et Bluetooth<\/li><\/ul>\n\n\n\n<figure class=\"wp-block-gallery columns-4 is-cropped wp-block-gallery-1 is-layout-flex wp-block-gallery-is-layout-flex\"><ul class=\"blocks-gallery-grid\"><li class=\"blocks-gallery-item\"><figure><img loading=\"lazy\" decoding=\"async\" width=\"1024\" height=\"700\" src=\"https:\/\/www.mines-stetienne.fr\/future-medicine-fr\/wp-content\/uploads\/sites\/15\/2020\/12\/DSC0345-1024x700.jpg\" alt=\"\" data-id=\"21315\" data-full-url=\"https:\/\/www.mines-stetienne.fr\/future-medicine-fr\/wp-content\/uploads\/sites\/15\/2020\/12\/DSC0345.jpg\" data-link=\"https:\/\/www.mines-stetienne.fr\/future-medicine-fr\/dsc0345\/\" class=\"wp-image-21315\" srcset=\"https:\/\/www.mines-stetienne.fr\/future-medicine-fr\/wp-content\/uploads\/sites\/15\/2020\/12\/DSC0345-1024x700.jpg 1024w, https:\/\/www.mines-stetienne.fr\/future-medicine-fr\/wp-content\/uploads\/sites\/15\/2020\/12\/DSC0345-300x205.jpg 300w, https:\/\/www.mines-stetienne.fr\/future-medicine-fr\/wp-content\/uploads\/sites\/15\/2020\/12\/DSC0345-768x525.jpg 768w, https:\/\/www.mines-stetienne.fr\/future-medicine-fr\/wp-content\/uploads\/sites\/15\/2020\/12\/DSC0345-225x155.jpg 225w, https:\/\/www.mines-stetienne.fr\/future-medicine-fr\/wp-content\/uploads\/sites\/15\/2020\/12\/DSC0345.jpg 1244w\" sizes=\"auto, (max-width: 1024px) 100vw, 1024px\" \/><\/figure><\/li><li class=\"blocks-gallery-item\"><figure><img loading=\"lazy\" decoding=\"async\" width=\"1024\" height=\"686\" src=\"https:\/\/www.mines-stetienne.fr\/future-medicine-fr\/wp-content\/uploads\/sites\/15\/2020\/12\/DSC0344_2-1024x686.jpg\" alt=\"\" data-id=\"21314\" data-full-url=\"https:\/\/www.mines-stetienne.fr\/future-medicine-fr\/wp-content\/uploads\/sites\/15\/2020\/12\/DSC0344_2.jpg\" data-link=\"https:\/\/www.mines-stetienne.fr\/future-medicine-fr\/dsc0344_2\/\" class=\"wp-image-21314\" srcset=\"https:\/\/www.mines-stetienne.fr\/future-medicine-fr\/wp-content\/uploads\/sites\/15\/2020\/12\/DSC0344_2-1024x686.jpg 1024w, https:\/\/www.mines-stetienne.fr\/future-medicine-fr\/wp-content\/uploads\/sites\/15\/2020\/12\/DSC0344_2-300x201.jpg 300w, https:\/\/www.mines-stetienne.fr\/future-medicine-fr\/wp-content\/uploads\/sites\/15\/2020\/12\/DSC0344_2-768x515.jpg 768w, https:\/\/www.mines-stetienne.fr\/future-medicine-fr\/wp-content\/uploads\/sites\/15\/2020\/12\/DSC0344_2.jpg 1268w\" sizes=\"auto, (max-width: 1024px) 100vw, 1024px\" \/><\/figure><\/li><li class=\"blocks-gallery-item\"><figure><img loading=\"lazy\" decoding=\"async\" width=\"1024\" height=\"683\" src=\"https:\/\/www.mines-stetienne.fr\/future-medicine-fr\/wp-content\/uploads\/sites\/15\/2021\/01\/029SM_0341-1024x683.jpg\" alt=\"\" data-id=\"21349\" data-full-url=\"https:\/\/www.mines-stetienne.fr\/future-medicine-fr\/wp-content\/uploads\/sites\/15\/2021\/01\/029SM_0341.jpg\" data-link=\"https:\/\/www.mines-stetienne.fr\/future-medicine-fr\/centre-ingenierie-et-sante\/plateau-technique-tribocorrosion-implants-orthopediques\/029sm_0341\/\" class=\"wp-image-21349\" srcset=\"https:\/\/www.mines-stetienne.fr\/future-medicine-fr\/wp-content\/uploads\/sites\/15\/2021\/01\/029SM_0341-1024x683.jpg 1024w, https:\/\/www.mines-stetienne.fr\/future-medicine-fr\/wp-content\/uploads\/sites\/15\/2021\/01\/029SM_0341-300x200.jpg 300w, https:\/\/www.mines-stetienne.fr\/future-medicine-fr\/wp-content\/uploads\/sites\/15\/2021\/01\/029SM_0341-768x512.jpg 768w, https:\/\/www.mines-stetienne.fr\/future-medicine-fr\/wp-content\/uploads\/sites\/15\/2021\/01\/029SM_0341.jpg 1274w\" sizes=\"auto, (max-width: 1024px) 100vw, 1024px\" \/><\/figure><\/li><li class=\"blocks-gallery-item\"><figure><img loading=\"lazy\" decoding=\"async\" width=\"1024\" height=\"695\" src=\"https:\/\/www.mines-stetienne.fr\/future-medicine-fr\/wp-content\/uploads\/sites\/15\/2021\/01\/027FC_0330-1024x695.jpg\" alt=\"\" data-id=\"21350\" data-full-url=\"https:\/\/www.mines-stetienne.fr\/future-medicine-fr\/wp-content\/uploads\/sites\/15\/2021\/01\/027FC_0330.jpg\" data-link=\"https:\/\/www.mines-stetienne.fr\/future-medicine-fr\/centre-ingenierie-et-sante\/plateau-technique-tribocorrosion-implants-orthopediques\/027fc_0330\/\" class=\"wp-image-21350\" srcset=\"https:\/\/www.mines-stetienne.fr\/future-medicine-fr\/wp-content\/uploads\/sites\/15\/2021\/01\/027FC_0330-1024x695.jpg 1024w, https:\/\/www.mines-stetienne.fr\/future-medicine-fr\/wp-content\/uploads\/sites\/15\/2021\/01\/027FC_0330-300x204.jpg 300w, https:\/\/www.mines-stetienne.fr\/future-medicine-fr\/wp-content\/uploads\/sites\/15\/2021\/01\/027FC_0330-768x521.jpg 768w, https:\/\/www.mines-stetienne.fr\/future-medicine-fr\/wp-content\/uploads\/sites\/15\/2021\/01\/027FC_0330.jpg 1252w\" sizes=\"auto, (max-width: 1024px) 100vw, 1024px\" \/><\/figure><\/li><\/ul><\/figure>\n\n\n\n<h4 class=\"wp-block-heading\">Outils logiciels<\/h4>\n\n\n\n<ul class=\"wp-block-list\"><li>Labview<sup>TM<\/sup><\/li><\/ul>\n\n\n\n<h4 class=\"wp-block-heading\">Prestations et comp\u00e9tences<\/h4>\n\n\n\n<ul class=\"wp-block-list\"><li>Essais de simulateur de marche instrument\u00e9<\/li><li>Essais de chocs sur mat\u00e9riaux c\u00e9ramique\/m\u00e9tallique\/polym\u00e8re<\/li><li>Frottement corrosion &#8211; Fretting corrosion :influence d\u2019un param\u00e8tre (vitesse, etc) sur le comportement en tribocorrosion<\/li><li>Analyse de rev\u00eatement (DRX-Raman-FTIR-MEB)<\/li><\/ul>\n\n\n\n<h4 class=\"wp-block-heading\">Exemples<\/h4>\n\n\n\n<ul class=\"wp-block-list\"><li>2020 : test m\u00e9canique d\u2019implants dentaires (SARL Rivoli)<\/li><li>2019&nbsp;: Probl\u00e9matique choix de mat\u00e9riaux m\u00e9talliques pour des d\u00e9bitm\u00e8tres d\u00e9di\u00e9s aux industries pharmaceutiques, tr\u00e8s haute valeur ajout\u00e9e (Krohne)<\/li><li>2017\/2018&nbsp;: Implants Essure, Bayer, travail pour (ANSM), retrait du march\u00e9<\/li><li>\u20262007&nbsp;:&nbsp;D\u00e9p\u00f4t d\u2019alumine sur metal back (SERF)<\/li><\/ul>\n\n\n\n<hr class=\"wp-block-separator\" \/>\n\n\n\n<p><\/p>\n","protected":false},"excerpt":{"rendered":"<p>Comprendre l\u2019usure et am\u00e9liorer la robustesse des implants orthop\u00e9diques dans les conditions physiologiques de leur utilisation chez l\u2019humain Contact : Jean Geringer \u00c9quipements Simulateur de marche pour les implants orthop\u00e9diques de hanche, ISO 14242, MTS Bionix 855 Fretting corrosion, TA &hellip;<\/p>\n","protected":false},"author":3,"featured_media":0,"parent":20981,"menu_order":0,"comment_status":"closed","ping_status":"closed","template":"","meta":{"footnotes":""},"tags":[],"class_list":["post-21187","page","type-page","status-publish","hentry"],"pp_statuses_selecting_workflow":false,"pp_workflow_action":"current","pp_status_selection":"publish","pp_force_visibility":null,"pp_subpost_visibility":null,"pp_inherited_force_visibility":null,"pp_inherited_subpost_visibility":null,"yoast_head":"<!-- This site is optimized with the Yoast SEO plugin v27.5 - https:\/\/yoast.com\/product\/yoast-seo-wordpress\/ -->\n<title>Plateau technique Tribocorrosion\/Implants orthop\u00e9diques - #FutureMedicine<\/title>\n<meta name=\"robots\" content=\"index, follow, max-snippet:-1, max-image-preview:large, max-video-preview:-1\" \/>\n<link rel=\"canonical\" href=\"https:\/\/www.mines-stetienne.fr\/future-medicine-fr\/centre-ingenierie-et-sante\/plateau-technique-tribocorrosion-implants-orthopediques\/\" \/>\n<meta property=\"og:locale\" content=\"fr_FR\" \/>\n<meta property=\"og:type\" content=\"article\" \/>\n<meta property=\"og:title\" content=\"Plateau technique Tribocorrosion\/Implants orthop\u00e9diques - #FutureMedicine\" \/>\n<meta property=\"og:description\" content=\"Comprendre l\u2019usure et am\u00e9liorer la robustesse des implants orthop\u00e9diques dans les conditions physiologiques de leur utilisation chez l\u2019humain Contact : Jean Geringer \u00c9quipements Simulateur de marche pour les implants orthop\u00e9diques de hanche, ISO 14242, MTS Bionix 855 Fretting corrosion, TA &hellip;\" \/>\n<meta property=\"og:url\" content=\"https:\/\/www.mines-stetienne.fr\/future-medicine-fr\/centre-ingenierie-et-sante\/plateau-technique-tribocorrosion-implants-orthopediques\/\" \/>\n<meta property=\"og:site_name\" content=\"#FutureMedicine\" \/>\n<meta property=\"article:publisher\" content=\"https:\/\/www.facebook.com\/MinesSaintEtienne\" \/>\n<meta property=\"article:modified_time\" content=\"2021-03-25T11:47:18+00:00\" \/>\n<meta property=\"og:image\" content=\"https:\/\/www.mines-stetienne.fr\/future-medicine-fr\/wp-content\/uploads\/sites\/15\/2020\/12\/DSC0345-1024x700.jpg\" \/>\n<meta name=\"twitter:card\" content=\"summary_large_image\" \/>\n<meta name=\"twitter:site\" content=\"@MINES_StEtienne\" \/>\n<meta name=\"twitter:label1\" content=\"Dur\u00e9e de lecture estim\u00e9e\" \/>\n\t<meta name=\"twitter:data1\" content=\"2 minutes\" \/>\n<script type=\"application\/ld+json\" class=\"yoast-schema-graph\">{\"@context\":\"https:\\\/\\\/schema.org\",\"@graph\":[{\"@type\":\"WebPage\",\"@id\":\"https:\\\/\\\/www.mines-stetienne.fr\\\/future-medicine-fr\\\/centre-ingenierie-et-sante\\\/plateau-technique-tribocorrosion-implants-orthopediques\\\/\",\"url\":\"https:\\\/\\\/www.mines-stetienne.fr\\\/future-medicine-fr\\\/centre-ingenierie-et-sante\\\/plateau-technique-tribocorrosion-implants-orthopediques\\\/\",\"name\":\"Plateau technique Tribocorrosion\\\/Implants orthop\u00e9diques - #FutureMedicine\",\"isPartOf\":{\"@id\":\"https:\\\/\\\/www.mines-stetienne.fr\\\/future-medicine-fr\\\/#website\"},\"primaryImageOfPage\":{\"@id\":\"https:\\\/\\\/www.mines-stetienne.fr\\\/future-medicine-fr\\\/centre-ingenierie-et-sante\\\/plateau-technique-tribocorrosion-implants-orthopediques\\\/#primaryimage\"},\"image\":{\"@id\":\"https:\\\/\\\/www.mines-stetienne.fr\\\/future-medicine-fr\\\/centre-ingenierie-et-sante\\\/plateau-technique-tribocorrosion-implants-orthopediques\\\/#primaryimage\"},\"thumbnailUrl\":\"https:\\\/\\\/www.mines-stetienne.fr\\\/future-medicine-fr\\\/wp-content\\\/uploads\\\/sites\\\/15\\\/2020\\\/12\\\/DSC0345-1024x700.jpg\",\"datePublished\":\"2020-12-05T13:22:22+00:00\",\"dateModified\":\"2021-03-25T11:47:18+00:00\",\"breadcrumb\":{\"@id\":\"https:\\\/\\\/www.mines-stetienne.fr\\\/future-medicine-fr\\\/centre-ingenierie-et-sante\\\/plateau-technique-tribocorrosion-implants-orthopediques\\\/#breadcrumb\"},\"inLanguage\":\"fr-FR\",\"potentialAction\":[{\"@type\":\"ReadAction\",\"target\":[\"https:\\\/\\\/www.mines-stetienne.fr\\\/future-medicine-fr\\\/centre-ingenierie-et-sante\\\/plateau-technique-tribocorrosion-implants-orthopediques\\\/\"]}]},{\"@type\":\"ImageObject\",\"inLanguage\":\"fr-FR\",\"@id\":\"https:\\\/\\\/www.mines-stetienne.fr\\\/future-medicine-fr\\\/centre-ingenierie-et-sante\\\/plateau-technique-tribocorrosion-implants-orthopediques\\\/#primaryimage\",\"url\":\"https:\\\/\\\/www.mines-stetienne.fr\\\/future-medicine-fr\\\/wp-content\\\/uploads\\\/sites\\\/15\\\/2020\\\/12\\\/DSC0345.jpg\",\"contentUrl\":\"https:\\\/\\\/www.mines-stetienne.fr\\\/future-medicine-fr\\\/wp-content\\\/uploads\\\/sites\\\/15\\\/2020\\\/12\\\/DSC0345.jpg\",\"width\":1244,\"height\":850},{\"@type\":\"BreadcrumbList\",\"@id\":\"https:\\\/\\\/www.mines-stetienne.fr\\\/future-medicine-fr\\\/centre-ingenierie-et-sante\\\/plateau-technique-tribocorrosion-implants-orthopediques\\\/#breadcrumb\",\"itemListElement\":[{\"@type\":\"ListItem\",\"position\":1,\"name\":\"Accueil\",\"item\":\"https:\\\/\\\/www.mines-stetienne.fr\\\/future-medicine-fr\\\/\"},{\"@type\":\"ListItem\",\"position\":2,\"name\":\"Centre Ing\u00e9nierie et Sant\u00e9\",\"item\":\"https:\\\/\\\/www.mines-stetienne.fr\\\/future-medicine-fr\\\/centre-ingenierie-et-sante\\\/\"},{\"@type\":\"ListItem\",\"position\":3,\"name\":\"Plateau technique Tribocorrosion\\\/Implants orthop\u00e9diques\"}]},{\"@type\":\"WebSite\",\"@id\":\"https:\\\/\\\/www.mines-stetienne.fr\\\/future-medicine-fr\\\/#website\",\"url\":\"https:\\\/\\\/www.mines-stetienne.fr\\\/future-medicine-fr\\\/\",\"name\":\"#FutureMedicine\",\"description\":\"- Mines Saint-\u00c9tienne Tech\",\"potentialAction\":[{\"@type\":\"SearchAction\",\"target\":{\"@type\":\"EntryPoint\",\"urlTemplate\":\"https:\\\/\\\/www.mines-stetienne.fr\\\/future-medicine-fr\\\/?s={search_term_string}\"},\"query-input\":{\"@type\":\"PropertyValueSpecification\",\"valueRequired\":true,\"valueName\":\"search_term_string\"}}],\"inLanguage\":\"fr-FR\"}]}<\/script>\n<!-- \/ Yoast SEO plugin. -->","yoast_head_json":{"title":"Plateau technique Tribocorrosion\/Implants orthop\u00e9diques - #FutureMedicine","robots":{"index":"index","follow":"follow","max-snippet":"max-snippet:-1","max-image-preview":"max-image-preview:large","max-video-preview":"max-video-preview:-1"},"canonical":"https:\/\/www.mines-stetienne.fr\/future-medicine-fr\/centre-ingenierie-et-sante\/plateau-technique-tribocorrosion-implants-orthopediques\/","og_locale":"fr_FR","og_type":"article","og_title":"Plateau technique Tribocorrosion\/Implants orthop\u00e9diques - #FutureMedicine","og_description":"Comprendre l\u2019usure et am\u00e9liorer la robustesse des implants orthop\u00e9diques dans les conditions physiologiques de leur utilisation chez l\u2019humain Contact : Jean Geringer \u00c9quipements Simulateur de marche pour les implants orthop\u00e9diques de hanche, ISO 14242, MTS Bionix 855 Fretting corrosion, TA &hellip;","og_url":"https:\/\/www.mines-stetienne.fr\/future-medicine-fr\/centre-ingenierie-et-sante\/plateau-technique-tribocorrosion-implants-orthopediques\/","og_site_name":"#FutureMedicine","article_publisher":"https:\/\/www.facebook.com\/MinesSaintEtienne","article_modified_time":"2021-03-25T11:47:18+00:00","og_image":[{"url":"https:\/\/www.mines-stetienne.fr\/future-medicine-fr\/wp-content\/uploads\/sites\/15\/2020\/12\/DSC0345-1024x700.jpg","type":"","width":"","height":""}],"twitter_card":"summary_large_image","twitter_site":"@MINES_StEtienne","twitter_misc":{"Dur\u00e9e de lecture estim\u00e9e":"2 minutes"},"schema":{"@context":"https:\/\/schema.org","@graph":[{"@type":"WebPage","@id":"https:\/\/www.mines-stetienne.fr\/future-medicine-fr\/centre-ingenierie-et-sante\/plateau-technique-tribocorrosion-implants-orthopediques\/","url":"https:\/\/www.mines-stetienne.fr\/future-medicine-fr\/centre-ingenierie-et-sante\/plateau-technique-tribocorrosion-implants-orthopediques\/","name":"Plateau technique Tribocorrosion\/Implants orthop\u00e9diques - #FutureMedicine","isPartOf":{"@id":"https:\/\/www.mines-stetienne.fr\/future-medicine-fr\/#website"},"primaryImageOfPage":{"@id":"https:\/\/www.mines-stetienne.fr\/future-medicine-fr\/centre-ingenierie-et-sante\/plateau-technique-tribocorrosion-implants-orthopediques\/#primaryimage"},"image":{"@id":"https:\/\/www.mines-stetienne.fr\/future-medicine-fr\/centre-ingenierie-et-sante\/plateau-technique-tribocorrosion-implants-orthopediques\/#primaryimage"},"thumbnailUrl":"https:\/\/www.mines-stetienne.fr\/future-medicine-fr\/wp-content\/uploads\/sites\/15\/2020\/12\/DSC0345-1024x700.jpg","datePublished":"2020-12-05T13:22:22+00:00","dateModified":"2021-03-25T11:47:18+00:00","breadcrumb":{"@id":"https:\/\/www.mines-stetienne.fr\/future-medicine-fr\/centre-ingenierie-et-sante\/plateau-technique-tribocorrosion-implants-orthopediques\/#breadcrumb"},"inLanguage":"fr-FR","potentialAction":[{"@type":"ReadAction","target":["https:\/\/www.mines-stetienne.fr\/future-medicine-fr\/centre-ingenierie-et-sante\/plateau-technique-tribocorrosion-implants-orthopediques\/"]}]},{"@type":"ImageObject","inLanguage":"fr-FR","@id":"https:\/\/www.mines-stetienne.fr\/future-medicine-fr\/centre-ingenierie-et-sante\/plateau-technique-tribocorrosion-implants-orthopediques\/#primaryimage","url":"https:\/\/www.mines-stetienne.fr\/future-medicine-fr\/wp-content\/uploads\/sites\/15\/2020\/12\/DSC0345.jpg","contentUrl":"https:\/\/www.mines-stetienne.fr\/future-medicine-fr\/wp-content\/uploads\/sites\/15\/2020\/12\/DSC0345.jpg","width":1244,"height":850},{"@type":"BreadcrumbList","@id":"https:\/\/www.mines-stetienne.fr\/future-medicine-fr\/centre-ingenierie-et-sante\/plateau-technique-tribocorrosion-implants-orthopediques\/#breadcrumb","itemListElement":[{"@type":"ListItem","position":1,"name":"Accueil","item":"https:\/\/www.mines-stetienne.fr\/future-medicine-fr\/"},{"@type":"ListItem","position":2,"name":"Centre Ing\u00e9nierie et Sant\u00e9","item":"https:\/\/www.mines-stetienne.fr\/future-medicine-fr\/centre-ingenierie-et-sante\/"},{"@type":"ListItem","position":3,"name":"Plateau technique Tribocorrosion\/Implants orthop\u00e9diques"}]},{"@type":"WebSite","@id":"https:\/\/www.mines-stetienne.fr\/future-medicine-fr\/#website","url":"https:\/\/www.mines-stetienne.fr\/future-medicine-fr\/","name":"#FutureMedicine","description":"- Mines Saint-\u00c9tienne Tech","potentialAction":[{"@type":"SearchAction","target":{"@type":"EntryPoint","urlTemplate":"https:\/\/www.mines-stetienne.fr\/future-medicine-fr\/?s={search_term_string}"},"query-input":{"@type":"PropertyValueSpecification","valueRequired":true,"valueName":"search_term_string"}}],"inLanguage":"fr-FR"}]}},"_links":{"self":[{"href":"https:\/\/www.mines-stetienne.fr\/future-medicine-fr\/wp-json\/wp\/v2\/pages\/21187","targetHints":{"allow":["GET"]}}],"collection":[{"href":"https:\/\/www.mines-stetienne.fr\/future-medicine-fr\/wp-json\/wp\/v2\/pages"}],"about":[{"href":"https:\/\/www.mines-stetienne.fr\/future-medicine-fr\/wp-json\/wp\/v2\/types\/page"}],"author":[{"embeddable":true,"href":"https:\/\/www.mines-stetienne.fr\/future-medicine-fr\/wp-json\/wp\/v2\/users\/3"}],"replies":[{"embeddable":true,"href":"https:\/\/www.mines-stetienne.fr\/future-medicine-fr\/wp-json\/wp\/v2\/comments?post=21187"}],"version-history":[{"count":5,"href":"https:\/\/www.mines-stetienne.fr\/future-medicine-fr\/wp-json\/wp\/v2\/pages\/21187\/revisions"}],"predecessor-version":[{"id":21351,"href":"https:\/\/www.mines-stetienne.fr\/future-medicine-fr\/wp-json\/wp\/v2\/pages\/21187\/revisions\/21351"}],"up":[{"embeddable":true,"href":"https:\/\/www.mines-stetienne.fr\/future-medicine-fr\/wp-json\/wp\/v2\/pages\/20981"}],"wp:attachment":[{"href":"https:\/\/www.mines-stetienne.fr\/future-medicine-fr\/wp-json\/wp\/v2\/media?parent=21187"}],"wp:term":[{"taxonomy":"post_tag","embeddable":true,"href":"https:\/\/www.mines-stetienne.fr\/future-medicine-fr\/wp-json\/wp\/v2\/tags?post=21187"}],"curies":[{"name":"wp","href":"https:\/\/api.w.org\/{rel}","templated":true}]}}