{"id":20981,"date":"2020-12-02T09:12:22","date_gmt":"2020-12-02T08:12:22","guid":{"rendered":"https:\/\/www.mines-stetienne.fr\/future-medicine-fr\/?page_id=20981"},"modified":"2024-05-28T08:48:35","modified_gmt":"2024-05-28T06:48:35","slug":"centre-ingenierie-et-sante","status":"publish","type":"page","link":"https:\/\/www.mines-stetienne.fr\/future-medicine-fr\/centre-ingenierie-et-sante\/","title":{"rendered":"Centre Ing\u00e9nierie et Sant\u00e9"},"content":{"rendered":"\n<h3 class=\"wp-block-heading\" id=\"haut\">Le CIS regroupe&nbsp;l\u2019ensemble des activit\u00e9s de recherche, d\u2019innovation et d\u2019enseignement en sant\u00e9.&nbsp;Il est constitu\u00e9 de 4 d\u00e9partements scientifiques, d\u2019un Living Lab et de 6&nbsp;plateaux techniques.<\/h3>\n\n\n\n<figure class=\"wp-block-gallery has-nested-images columns-4 is-cropped wp-block-gallery-1 is-layout-flex wp-block-gallery-is-layout-flex\">\n<figure class=\"wp-block-image size-large\"><a href=\"https:\/\/www.mines-stetienne.fr\/future-medicine-fr\/wp-content\/uploads\/sites\/15\/2020\/12\/InaugFMJuin19_1.jpg\"><img loading=\"lazy\" decoding=\"async\" width=\"720\" height=\"465\" data-id=\"20988\" src=\"https:\/\/www.mines-stetienne.fr\/future-medicine-fr\/wp-content\/uploads\/sites\/15\/2020\/12\/InaugFMJuin19_1.jpg\" alt=\"\" class=\"wp-image-20988\" srcset=\"https:\/\/www.mines-stetienne.fr\/future-medicine-fr\/wp-content\/uploads\/sites\/15\/2020\/12\/InaugFMJuin19_1.jpg 720w, https:\/\/www.mines-stetienne.fr\/future-medicine-fr\/wp-content\/uploads\/sites\/15\/2020\/12\/InaugFMJuin19_1-300x194.jpg 300w\" sizes=\"auto, (max-width: 720px) 100vw, 720px\" \/><\/a><\/figure>\n\n\n\n<figure class=\"wp-block-image size-large\"><a href=\"https:\/\/www.mines-stetienne.fr\/future-medicine-fr\/wp-content\/uploads\/sites\/15\/2020\/12\/3DFab4.jpg\"><img loading=\"lazy\" decoding=\"async\" width=\"800\" height=\"533\" data-id=\"20987\" src=\"https:\/\/www.mines-stetienne.fr\/future-medicine-fr\/wp-content\/uploads\/sites\/15\/2020\/12\/3DFab4.jpg\" alt=\"\" class=\"wp-image-20987\" srcset=\"https:\/\/www.mines-stetienne.fr\/future-medicine-fr\/wp-content\/uploads\/sites\/15\/2020\/12\/3DFab4.jpg 800w, https:\/\/www.mines-stetienne.fr\/future-medicine-fr\/wp-content\/uploads\/sites\/15\/2020\/12\/3DFab4-300x200.jpg 300w, https:\/\/www.mines-stetienne.fr\/future-medicine-fr\/wp-content\/uploads\/sites\/15\/2020\/12\/3DFab4-768x512.jpg 768w\" sizes=\"auto, (max-width: 800px) 100vw, 800px\" \/><\/a><\/figure>\n\n\n\n<figure class=\"wp-block-image size-large\"><a href=\"https:\/\/www.mines-stetienne.fr\/future-medicine-fr\/wp-content\/uploads\/sites\/15\/2020\/12\/Aerosol1.jpg\"><img loading=\"lazy\" decoding=\"async\" width=\"230\" height=\"219\" data-id=\"20989\" src=\"https:\/\/www.mines-stetienne.fr\/future-medicine-fr\/wp-content\/uploads\/sites\/15\/2020\/12\/Aerosol1.jpg\" alt=\"https:\/\/www.mines-stetienne.fr\/future-medicine-fr\/centre-ingenierie-et-sante\/departement-activite-biologique-des-particules-inhalees-biopi\/\" class=\"wp-image-20989\" \/><\/a><\/figure>\n\n\n\n<figure class=\"wp-block-image size-large\"><a href=\"https:\/\/www.mines-stetienne.fr\/future-medicine-fr\/wp-content\/uploads\/sites\/15\/2020\/11\/DemoSM3.jpg\"><img loading=\"lazy\" decoding=\"async\" width=\"750\" height=\"427\" data-id=\"20609\" src=\"https:\/\/www.mines-stetienne.fr\/future-medicine-fr\/wp-content\/uploads\/sites\/15\/2020\/11\/DemoSM3.jpg\" alt=\"\" class=\"wp-image-20609\" srcset=\"https:\/\/www.mines-stetienne.fr\/future-medicine-fr\/wp-content\/uploads\/sites\/15\/2020\/11\/DemoSM3.jpg 750w, https:\/\/www.mines-stetienne.fr\/future-medicine-fr\/wp-content\/uploads\/sites\/15\/2020\/11\/DemoSM3-300x171.jpg 300w\" sizes=\"auto, (max-width: 750px) 100vw, 750px\" \/><\/a><\/figure>\n<\/figure>\n\n\n\n<p class=\"has-text-align-center has-small-font-size\"><strong><span style=\"color:#5c7a92\" class=\"tadv-color\"><a href=\"#domaines\">Topics<\/a> | <a href=\"#dept\">D\u00e9partements<\/a> | <a href=\"#plateau\">Plateaux<\/a> | <a href=\"#FM\">#FutureMedicine<\/a> | <a href=\"#formation\">Enseignement<\/a> | <a href=\"#startup\">Innovation<\/a> | <a href=\"#actu\">Actualit\u00e9s<\/a> | <a href=\"#personnels\">Personnels<\/a> | <a href=\"#campus\">Campus<\/a> <\/span><\/strong><\/p>\n\n\n\n<h4 class=\"wp-block-heading\"><strong>Ressources humaines<\/strong> <\/h4>\n\n\n\n<p><a href=\"https:\/\/www.mines-stetienne.fr\/annuaire\/\" target=\"_blank\" rel=\"noreferrer noopener\">70 personnes<\/a><br>30 permanents : 20&nbsp;EC + 10 ITA &#8211; 40 doctorants et post-doctorants<br>Directeur :&nbsp;<a href=\"&#109;&#x61;&#x69;l&#116;&#x6f;:&#97;&#x75;&#x67;u&#115;&#x74;o&#64;&#x65;&#x6d;s&#101;&#x2e;f&#114;\">Vincent Augusto<\/a>&nbsp;<\/p>\n\n\n\n<h4 class=\"wp-block-heading\"><strong><strong>Objectifs<\/strong>&nbsp;<\/strong><\/h4>\n\n\n\n<ul class=\"wp-block-list\">\n<li>Accompagner l\u2019innovation dans la&nbsp;sant\u00e9 du futur <\/li>\n\n\n\n<li>Innover dans le domaine de la recherche biom\u00e9dicale, de&nbsp;l\u2019offre de soin, des technologies et syst\u00e8mes de sant\u00e9, en lien avec les&nbsp;personnels m\u00e9dicaux<\/li>\n\n\n\n<li>D\u00e9cloisonner les savoirs et mettre les sciences de&nbsp;l\u2019ing\u00e9nieur au service de la sant\u00e9.<\/li>\n<\/ul>\n\n\n\n<h4 class=\"wp-block-heading\" id=\"domaines\"><strong><strong><strong>Domaine de recherche<\/strong><\/strong>&nbsp;<\/strong><\/h4>\n\n\n\n<ul class=\"wp-block-list\">\n<li>Biom\u00e9canique des&nbsp;tissus mous, des textiles m\u00e9dicaux et des implants<\/li>\n\n\n\n<li>Ing\u00e9nierie des&nbsp;biomat\u00e9riaux et des particules inhal\u00e9es<\/li>\n\n\n\n<li>Ing\u00e9nierie des&nbsp;structures de soin et des syst\u00e8mes de sant\u00e9<\/li>\n<\/ul>\n\n\n\n<h4 class=\"wp-block-heading\"><strong><strong><strong><strong>Domaines d\u2019application<\/strong><\/strong><\/strong><\/strong><\/h4>\n\n\n\n<p>M\u00e9decine, sport,&nbsp;cosm\u00e9tique, pharmacie<\/p>\n\n\n\n<h4 class=\"wp-block-heading\" id=\"expertise\"><strong><strong><strong><strong><strong>Domaines d\u2019expertise<\/strong><\/strong><\/strong><\/strong><\/strong><\/h4>\n\n\n\n<p>Biom\u00e9dical&nbsp;(vieillissement, ing\u00e9nierie tissulaire\u2026), chirurgie (orthop\u00e9dique, vasculaire),&nbsp;soin (canc\u00e9rologie, infectiologie\u2026), organisation (logistique hospitali\u00e8re)<\/p>\n\n\n\n<h4 class=\"wp-block-heading\"><strong><strong><strong><strong>Unit\u00e9s de recherche<\/strong><\/strong><\/strong><\/strong><\/h4>\n\n\n\n<ul class=\"wp-block-list\">\n<li>Laboratoire <a rel=\"noreferrer noopener\" href=\"https:\/\/sainbiose.univ-st-etienne.fr\/fr\/organisation\/presentation-du-laboratoire.html\" target=\"_blank\">U1059 Inserm&nbsp;Sainbiose<\/a>, Sant\u00e9 Ing\u00e9nierie Biologie Saint-\u00c9tienne (\u00e9quipes DVH et LBTO)<\/li>\n\n\n\n<li><a href=\"https:\/\/limos.fr\/\" target=\"_blank\" rel=\"noreferrer noopener\"><\/a><a rel=\"noreferrer noopener\" href=\"https:\/\/limos.fr\/\" target=\"_blank\">Unit\u00e9 Mixte de Recherche CNRS UMR6158 LIMOS<\/a>, Laboratoire&nbsp;d&rsquo;Informatique, de Mod\u00e9lisation et d&rsquo;Optimisation des Syst\u00e8mes.<\/li>\n\n\n\n<li>UR h\u00e9berg\u00e9e au CIS : <a href=\"https:\/\/websenti.u707.jussieu.fr\/sentiweb\/\" target=\"_blank\" rel=\"noreferrer noopener\">R\u00e9seau Sentinelles \u00b7 INSERM U707<\/a><\/li>\n<\/ul>\n\n\n\n<h4 class=\"wp-block-heading\" id=\"dept\"><strong><strong><strong><strong>4 d\u00e9partements scientifiques<\/strong><\/strong><\/strong><\/strong><\/h4>\n\n\n\n<div class=\"wp-block-group\"><div class=\"wp-block-group__inner-container is-layout-flow wp-block-group-is-layout-flow\">\n<ul class=\"wp-block-list\">\n<li><strong><a href=\"https:\/\/www.mines-stetienne.fr\/future-medicine-fr\/centre-ingenierie-et-sante\/departement-centres-et-departements-biomecanique-des-tissus-mous-stbio\/\" target=\"_blank\" rel=\"noreferrer noopener\">Ing\u00e9nierie\u00a0des Surfaces et des Tissus Biologiques<\/a> (StBio)<\/strong> <br>Sp\u00e9cialiste de la mod\u00e9lisation et de l\u2019exp\u00e9rimentation sur les <strong>tissus biologiques mous<\/strong> appliqu\u00e9es au syst\u00e8me cardio-vasculaire ou au syst\u00e8me ost\u00e9o-articulaire.<br>Contact : <a href=\"m&#97;&#105;&#x6c;&#x74;o:&#97;&#118;&#x72;&#x69;l&#64;&#101;&#109;&#x73;&#x65;&#46;f&#114;\">St\u00e9phane Avril<\/a><a href=\"&#109;&#x61;&#105;&#x6c;t&#x6f;:&#106;&#x65;&#114;&#x6f;m&#x65;&#46;&#109;&#x6f;&#108;&#x69;m&#x61;r&#100;&#x40;&#109;&#x69;n&#x65;s&#45;&#x73;&#116;&#x65;t&#x69;e&#110;&#x6e;&#101;&#x2e;f&#x72;\"><\/a><br><\/li>\n\n\n\n<li><strong><a href=\"https:\/\/www.mines-stetienne.fr\/future-medicine-fr\/centre-ingenierie-et-sante\/departement-ingenierie-des-systemes-de-soins-et-des-services-de-sante-i4s\/\" target=\"_blank\" rel=\"noreferrer noopener\">Ing\u00e9nierie&nbsp;des Syst\u00e8mes de Soins et des Services de Sant\u00e9<\/a> (I4S)<\/strong><br>Optimisation du parcours de soins \u00e0 l\u2019h\u00f4pital et en dehors de l\u2019h\u00f4pital,&nbsp;via un projet collaboratif de <strong>plateforme hospitali\u00e8re virtuelle<\/strong> (ing\u00e9nierie des syst\u00e8mes et de services,&nbsp;planification et logistique, donn\u00e9es de sant\u00e9 et aide \u00e0 la d\u00e9cision m\u00e9dicale)<br>Contact : <a href=\"m&#97;&#105;&#108;&#x74;&#x6f;&#x3a;ga&#114;&#97;&#x69;&#x78;&#x40;&#x65;ms&#101;&#46;&#x66;&#x72;\">Thierry Garaix<\/a> <br><\/li>\n\n\n\n<li><strong><a rel=\"noreferrer noopener\" href=\"https:\/\/www.mines-stetienne.fr\/future-medicine-fr\/centre-ingenierie-et-sante\/departement-activite-biologique-des-particules-inhalees-biopi\/\" target=\"_blank\">Activit\u00e9 biologique des Particules Inhal\u00e9es<\/a> (BioPi)<\/strong><br>Une <strong>approche interdisciplinaire<\/strong> de l\u2019\u00e9tude de l\u2019inhalation des particules : activit\u00e9 biologique des particules inhal\u00e9es dans un cadre th\u00e9rapeutique (a\u00e9rosolth\u00e9rapie) et dans un contexte pathologique (nanotoxicit\u00e9).<br>Contact : <a href=\"m&#97;&#105;&#x6c;&#x74;o&#58;&#118;&#x61;&#x6c;&#x65;r&#105;&#101;&#x2e;&#x66;or&#101;&#x73;&#x74;&#x40;m&#105;&#110;&#x65;&#x73;-s&#116;&#x65;&#x74;&#x69;e&#110;&#110;&#x65;&#x2e;fr\">Val\u00e9rie Forest<\/a> <br><\/li>\n\n\n\n<li><strong><a rel=\"noreferrer noopener\" href=\"https:\/\/www.mines-stetienne.fr\/future-medicine-fr\/centre-ingenierie-et-sante\/departement-biomateriaux-biomat\/\" target=\"_blank\">Ing\u00e9nierie des Biomat\u00e9riaux<\/a> (BioMat)<\/strong><br>Une expertise reconnue dans le domaine des <strong>biomat\u00e9riaux<\/strong> et de leur interaction avec le vivant, notamment concernant la <strong>biocorrosion<\/strong> dans les proth\u00e8ses articulaires et les implants sur-mesure pour la r\u00e9g\u00e9n\u00e9ration osseuse ( Fabrication additive \/ Mod\u00e8les de tissus osseux in vitro \/  Pr\u00e9diction de l\u2019usure des proth\u00e8ses).<br>Contact : <a href=\"&#x6d;a&#x69;&#108;&#x74;&#111;&#x3a;&#x64;a&#x76;&#105;&#x64;&#46;&#x65;&#103;l&#x69;&#110;&#x40;&#109;&#x69;&#110;e&#x73;&#45;&#x73;&#116;&#x65;&#116;i&#x65;n&#x6e;&#101;&#x2e;&#102;r\">David Eglin<\/a> <\/li>\n<\/ul>\n<\/div><\/div>\n\n\n\n<h4 class=\"wp-block-heading\" id=\"plateau\"><strong><strong><strong><strong><strong>6 plateaux&nbsp;technique<\/strong>s<\/strong><\/strong><\/strong><\/strong><\/h4>\n\n\n\n<ul class=\"wp-block-list\">\n<li><a href=\"https:\/\/www.mines-stetienne.fr\/future-medicine-fr\/centre-ingenierie-et-sante\/plateau-technique-3d-fablab\/\">3DFabLab<\/a> <\/li>\n\n\n\n<li><a href=\"https:\/\/www.mines-stetienne.fr\/future-medicine-fr\/centre-ingenierie-et-sante\/plateau-technique-essais-biomecaniques\/\">Essais biom\u00e9caniques<\/a><\/li>\n\n\n\n<li><a href=\"https:\/\/www.mines-stetienne.fr\/future-medicine-fr\/centre-ingenierie-et-sante\/plateau-technique-tribocorrosion-implants-orthopediques\/\">Tribocorrosion\/Implants orthop\u00e9diques<\/a> <\/li>\n\n\n\n<li><a href=\"https:\/\/www.mines-stetienne.fr\/future-medicine-fr\/centre-ingenierie-et-sante\/plateau-technique-particules-inhalees\/\">Particules inhal\u00e9es<\/a> : A\u00e9rosols, Toxicit\u00e9<\/li>\n\n\n\n<li><a rel=\"noreferrer noopener\" href=\"https:\/\/www.mines-stetienne.fr\/future-medicine-fr\/centre-ingenierie-et-sante\/plateau-technique-hopital-virtuel\/\" target=\"_blank\">H\u00f4pital virtuel<\/a> <\/li>\n\n\n\n<li><a href=\"https:\/\/www.mines-stetienne.fr\/future-medicine-fr\/centre-ingenierie-et-sante\/plateau-technique-labo-i-a\/\">Labo I.A<\/a>. <br>Ces espaces regroupent les \u00e9quipements, outils logiciels, expertise et comp\u00e9tences des diff\u00e9rentes \u00e9quipes.<\/li>\n<\/ul>\n\n\n\n<h4 class=\"wp-block-heading\" id=\"FM\"><strong><strong><strong><strong><strong><strong><a href=\"https:\/\/www.mines-stetienne.fr\/future-medicine-fr\/futuremedicine-2021\/\" target=\"_blank\" rel=\"noreferrer noopener\">Plateforme&nbsp;#FutureMedicine<\/a><\/strong><\/strong><\/strong><\/strong><\/strong><\/strong><\/h4>\n\n\n\n<p>Espace d\u2019exp\u00e9rimentation et d\u2019observation des usages et des pratiques innovantes en sant\u00e9 pour les phases de test, <strong>la plateforme \u00e0 destination des entreprises<\/strong> s&rsquo;appuie sur un Living Lab et sur 6 d\u00e9monstrateurs (environnement semi-industriel). Elle offre un ensemble de ressources et de comp\u00e9tences \u00e0 mobiliser pour tout projet&nbsp;innovant.<\/p>\n\n\n\n<h4 class=\"wp-block-heading\" id=\"formation\"><strong><strong><strong><strong><strong><strong><a href=\"https:\/\/www.mines-stetienne.fr\/future-medicine-fr\/centre-ingenierie-et-sante\/formations-en-ingenierie-et-sante\/\" target=\"_blank\" rel=\"noreferrer noopener\">Enseignement &#8211; Le parcours sant\u00e9<\/a><\/strong><\/strong><\/strong><\/strong><\/strong><\/strong><\/h4>\n\n\n\n<p>Un parcours d\u2019excellence ing\u00e9nierie et sant\u00e9, des&nbsp;fili\u00e8res exclusives compl\u00e9t\u00e9 d\u2019un Master<\/p>\n\n\n\n<h4 class=\"wp-block-heading\" id=\"startup\"><strong><strong><strong><strong><strong><strong><a href=\"https:\/\/www.mines-stetienne.fr\/entreprise\/entrepreneuriat\/\" target=\"_blank\" rel=\"noreferrer noopener\">Innovation et transfert de technologie<\/a><\/strong><\/strong><\/strong><\/strong><\/strong><\/strong><\/h4>\n\n\n\n<p>Plusieurs startups h\u00e9berg\u00e9es au sein de TEAM@Mines&nbsp;Saint-Etienne.<\/p>\n\n\n\n<h4 class=\"wp-block-heading\" id=\"campus\"><strong><strong><strong><strong><strong><strong><a href=\"https:\/\/www.mines-stetienne.fr\/future-medicine-fr\/centre-ingenierie-et-sante\/le-campus-sante-innovations\/\">Au c\u0153ur du Campus Sant\u00e9 Innovations<\/a><\/strong><\/strong><\/strong><\/strong><\/strong><\/strong><\/h4>\n\n\n\n<p>Un  lieu unique en France pour une recherche partenariale et translationnelle&nbsp;: l\u2019implantation du CIS au c\u0153ur du P\u00f4le Sant\u00e9 de Saint-\u00c9tienne aux c\u00f4t\u00e9s du CHU de Saint-\u00c9tienne et de la facult\u00e9 de m\u00e9decine, favorise les collaborations avec l\u2019industrie et les h\u00f4pitaux.<\/p>\n\n\n\n<h4 class=\"wp-block-heading\" id=\"actu\"><strong><strong><strong><strong><strong><strong>Actualit\u00e9s du centre<\/strong><\/strong><\/strong><\/strong><\/strong><\/strong><\/h4>\n\n\n\n<p><a href=\"https:\/\/www.mines-stetienne.fr\/future-medicine-fr\/wp-content\/uploads\/sites\/15\/2023\/08\/These-AHF-2023.pdf\">Proposition d&rsquo;une th\u00e8se CIFRE (OCT. 2023)<\/a><\/p>\n\n\n\n<p class=\"has-text-align-right has-medium-font-size\"><a href=\"#haut\">\u2191 <\/a><\/p>\n","protected":false},"excerpt":{"rendered":"<p>Le CIS regroupe&nbsp;l\u2019ensemble des activit\u00e9s de recherche, d\u2019innovation et d\u2019enseignement en sant\u00e9.&nbsp;Il est constitu\u00e9 de 4 d\u00e9partements scientifiques, d\u2019un Living Lab et de 6&nbsp;plateaux techniques. Topics | D\u00e9partements | Plateaux | #FutureMedicine | Enseignement | Innovation | Actualit\u00e9s | Personnels &hellip;<\/p>\n","protected":false},"author":3,"featured_media":0,"parent":0,"menu_order":0,"comment_status":"closed","ping_status":"closed","template":"","meta":{"footnotes":""},"tags":[],"class_list":["post-20981","page","type-page","status-publish","hentry"],"pp_statuses_selecting_workflow":false,"pp_workflow_action":"current","pp_status_selection":"publish","pp_force_visibility":null,"pp_subpost_visibility":null,"pp_inherited_force_visibility":null,"pp_inherited_subpost_visibility":null,"yoast_head":"<!-- This site is optimized with the Yoast SEO plugin v27.5 - https:\/\/yoast.com\/product\/yoast-seo-wordpress\/ -->\n<title>Centre Ing\u00e9nierie et Sant\u00e9 - #FutureMedicine<\/title>\n<meta name=\"robots\" content=\"index, follow, max-snippet:-1, max-image-preview:large, max-video-preview:-1\" \/>\n<link rel=\"canonical\" href=\"https:\/\/www.mines-stetienne.fr\/future-medicine-fr\/centre-ingenierie-et-sante\/\" \/>\n<meta property=\"og:locale\" content=\"fr_FR\" \/>\n<meta property=\"og:type\" content=\"article\" \/>\n<meta property=\"og:title\" content=\"Centre Ing\u00e9nierie et Sant\u00e9 - #FutureMedicine\" \/>\n<meta property=\"og:description\" content=\"Le CIS regroupe&nbsp;l\u2019ensemble des activit\u00e9s de recherche, d\u2019innovation et d\u2019enseignement en sant\u00e9.&nbsp;Il est constitu\u00e9 de 4 d\u00e9partements scientifiques, d\u2019un Living Lab et de 6&nbsp;plateaux techniques. Topics | D\u00e9partements | Plateaux | #FutureMedicine | Enseignement | Innovation | Actualit\u00e9s | Personnels &hellip;\" \/>\n<meta property=\"og:url\" content=\"https:\/\/www.mines-stetienne.fr\/future-medicine-fr\/centre-ingenierie-et-sante\/\" \/>\n<meta property=\"og:site_name\" content=\"#FutureMedicine\" \/>\n<meta property=\"article:publisher\" content=\"https:\/\/www.facebook.com\/MinesSaintEtienne\" \/>\n<meta property=\"article:modified_time\" content=\"2024-05-28T06:48:35+00:00\" \/>\n<meta property=\"og:image\" content=\"https:\/\/www.mines-stetienne.fr\/future-medicine-fr\/wp-content\/uploads\/sites\/15\/2020\/12\/InaugFMJuin19_1.jpg\" \/>\n<meta name=\"twitter:card\" content=\"summary_large_image\" \/>\n<meta name=\"twitter:site\" content=\"@MINES_StEtienne\" \/>\n<meta name=\"twitter:label1\" content=\"Dur\u00e9e de lecture estim\u00e9e\" \/>\n\t<meta name=\"twitter:data1\" content=\"4 minutes\" \/>\n<script type=\"application\/ld+json\" class=\"yoast-schema-graph\">{\"@context\":\"https:\\\/\\\/schema.org\",\"@graph\":[{\"@type\":\"WebPage\",\"@id\":\"https:\\\/\\\/www.mines-stetienne.fr\\\/future-medicine-fr\\\/centre-ingenierie-et-sante\\\/\",\"url\":\"https:\\\/\\\/www.mines-stetienne.fr\\\/future-medicine-fr\\\/centre-ingenierie-et-sante\\\/\",\"name\":\"Centre Ing\u00e9nierie et Sant\u00e9 - #FutureMedicine\",\"isPartOf\":{\"@id\":\"https:\\\/\\\/www.mines-stetienne.fr\\\/future-medicine-fr\\\/#website\"},\"primaryImageOfPage\":{\"@id\":\"https:\\\/\\\/www.mines-stetienne.fr\\\/future-medicine-fr\\\/centre-ingenierie-et-sante\\\/#primaryimage\"},\"image\":{\"@id\":\"https:\\\/\\\/www.mines-stetienne.fr\\\/future-medicine-fr\\\/centre-ingenierie-et-sante\\\/#primaryimage\"},\"thumbnailUrl\":\"https:\\\/\\\/www.mines-stetienne.fr\\\/future-medicine-fr\\\/wp-content\\\/uploads\\\/sites\\\/15\\\/2020\\\/12\\\/InaugFMJuin19_1.jpg\",\"datePublished\":\"2020-12-02T08:12:22+00:00\",\"dateModified\":\"2024-05-28T06:48:35+00:00\",\"breadcrumb\":{\"@id\":\"https:\\\/\\\/www.mines-stetienne.fr\\\/future-medicine-fr\\\/centre-ingenierie-et-sante\\\/#breadcrumb\"},\"inLanguage\":\"fr-FR\",\"potentialAction\":[{\"@type\":\"ReadAction\",\"target\":[\"https:\\\/\\\/www.mines-stetienne.fr\\\/future-medicine-fr\\\/centre-ingenierie-et-sante\\\/\"]}]},{\"@type\":\"ImageObject\",\"inLanguage\":\"fr-FR\",\"@id\":\"https:\\\/\\\/www.mines-stetienne.fr\\\/future-medicine-fr\\\/centre-ingenierie-et-sante\\\/#primaryimage\",\"url\":\"https:\\\/\\\/www.mines-stetienne.fr\\\/future-medicine-fr\\\/wp-content\\\/uploads\\\/sites\\\/15\\\/2020\\\/12\\\/InaugFMJuin19_1.jpg\",\"contentUrl\":\"https:\\\/\\\/www.mines-stetienne.fr\\\/future-medicine-fr\\\/wp-content\\\/uploads\\\/sites\\\/15\\\/2020\\\/12\\\/InaugFMJuin19_1.jpg\",\"width\":720,\"height\":465},{\"@type\":\"BreadcrumbList\",\"@id\":\"https:\\\/\\\/www.mines-stetienne.fr\\\/future-medicine-fr\\\/centre-ingenierie-et-sante\\\/#breadcrumb\",\"itemListElement\":[{\"@type\":\"ListItem\",\"position\":1,\"name\":\"Accueil\",\"item\":\"https:\\\/\\\/www.mines-stetienne.fr\\\/future-medicine-fr\\\/\"},{\"@type\":\"ListItem\",\"position\":2,\"name\":\"Centre Ing\u00e9nierie et Sant\u00e9\"}]},{\"@type\":\"WebSite\",\"@id\":\"https:\\\/\\\/www.mines-stetienne.fr\\\/future-medicine-fr\\\/#website\",\"url\":\"https:\\\/\\\/www.mines-stetienne.fr\\\/future-medicine-fr\\\/\",\"name\":\"#FutureMedicine\",\"description\":\"- Mines Saint-\u00c9tienne Tech\",\"potentialAction\":[{\"@type\":\"SearchAction\",\"target\":{\"@type\":\"EntryPoint\",\"urlTemplate\":\"https:\\\/\\\/www.mines-stetienne.fr\\\/future-medicine-fr\\\/?s={search_term_string}\"},\"query-input\":{\"@type\":\"PropertyValueSpecification\",\"valueRequired\":true,\"valueName\":\"search_term_string\"}}],\"inLanguage\":\"fr-FR\"}]}<\/script>\n<!-- \/ Yoast SEO plugin. -->","yoast_head_json":{"title":"Centre Ing\u00e9nierie et Sant\u00e9 - #FutureMedicine","robots":{"index":"index","follow":"follow","max-snippet":"max-snippet:-1","max-image-preview":"max-image-preview:large","max-video-preview":"max-video-preview:-1"},"canonical":"https:\/\/www.mines-stetienne.fr\/future-medicine-fr\/centre-ingenierie-et-sante\/","og_locale":"fr_FR","og_type":"article","og_title":"Centre Ing\u00e9nierie et Sant\u00e9 - #FutureMedicine","og_description":"Le CIS regroupe&nbsp;l\u2019ensemble des activit\u00e9s de recherche, d\u2019innovation et d\u2019enseignement en sant\u00e9.&nbsp;Il est constitu\u00e9 de 4 d\u00e9partements scientifiques, d\u2019un Living Lab et de 6&nbsp;plateaux techniques. Topics | D\u00e9partements | Plateaux | #FutureMedicine | Enseignement | Innovation | Actualit\u00e9s | Personnels &hellip;","og_url":"https:\/\/www.mines-stetienne.fr\/future-medicine-fr\/centre-ingenierie-et-sante\/","og_site_name":"#FutureMedicine","article_publisher":"https:\/\/www.facebook.com\/MinesSaintEtienne","article_modified_time":"2024-05-28T06:48:35+00:00","og_image":[{"url":"https:\/\/www.mines-stetienne.fr\/future-medicine-fr\/wp-content\/uploads\/sites\/15\/2020\/12\/InaugFMJuin19_1.jpg","type":"","width":"","height":""}],"twitter_card":"summary_large_image","twitter_site":"@MINES_StEtienne","twitter_misc":{"Dur\u00e9e de lecture estim\u00e9e":"4 minutes"},"schema":{"@context":"https:\/\/schema.org","@graph":[{"@type":"WebPage","@id":"https:\/\/www.mines-stetienne.fr\/future-medicine-fr\/centre-ingenierie-et-sante\/","url":"https:\/\/www.mines-stetienne.fr\/future-medicine-fr\/centre-ingenierie-et-sante\/","name":"Centre Ing\u00e9nierie et Sant\u00e9 - #FutureMedicine","isPartOf":{"@id":"https:\/\/www.mines-stetienne.fr\/future-medicine-fr\/#website"},"primaryImageOfPage":{"@id":"https:\/\/www.mines-stetienne.fr\/future-medicine-fr\/centre-ingenierie-et-sante\/#primaryimage"},"image":{"@id":"https:\/\/www.mines-stetienne.fr\/future-medicine-fr\/centre-ingenierie-et-sante\/#primaryimage"},"thumbnailUrl":"https:\/\/www.mines-stetienne.fr\/future-medicine-fr\/wp-content\/uploads\/sites\/15\/2020\/12\/InaugFMJuin19_1.jpg","datePublished":"2020-12-02T08:12:22+00:00","dateModified":"2024-05-28T06:48:35+00:00","breadcrumb":{"@id":"https:\/\/www.mines-stetienne.fr\/future-medicine-fr\/centre-ingenierie-et-sante\/#breadcrumb"},"inLanguage":"fr-FR","potentialAction":[{"@type":"ReadAction","target":["https:\/\/www.mines-stetienne.fr\/future-medicine-fr\/centre-ingenierie-et-sante\/"]}]},{"@type":"ImageObject","inLanguage":"fr-FR","@id":"https:\/\/www.mines-stetienne.fr\/future-medicine-fr\/centre-ingenierie-et-sante\/#primaryimage","url":"https:\/\/www.mines-stetienne.fr\/future-medicine-fr\/wp-content\/uploads\/sites\/15\/2020\/12\/InaugFMJuin19_1.jpg","contentUrl":"https:\/\/www.mines-stetienne.fr\/future-medicine-fr\/wp-content\/uploads\/sites\/15\/2020\/12\/InaugFMJuin19_1.jpg","width":720,"height":465},{"@type":"BreadcrumbList","@id":"https:\/\/www.mines-stetienne.fr\/future-medicine-fr\/centre-ingenierie-et-sante\/#breadcrumb","itemListElement":[{"@type":"ListItem","position":1,"name":"Accueil","item":"https:\/\/www.mines-stetienne.fr\/future-medicine-fr\/"},{"@type":"ListItem","position":2,"name":"Centre Ing\u00e9nierie et Sant\u00e9"}]},{"@type":"WebSite","@id":"https:\/\/www.mines-stetienne.fr\/future-medicine-fr\/#website","url":"https:\/\/www.mines-stetienne.fr\/future-medicine-fr\/","name":"#FutureMedicine","description":"- Mines Saint-\u00c9tienne Tech","potentialAction":[{"@type":"SearchAction","target":{"@type":"EntryPoint","urlTemplate":"https:\/\/www.mines-stetienne.fr\/future-medicine-fr\/?s={search_term_string}"},"query-input":{"@type":"PropertyValueSpecification","valueRequired":true,"valueName":"search_term_string"}}],"inLanguage":"fr-FR"}]}},"_links":{"self":[{"href":"https:\/\/www.mines-stetienne.fr\/future-medicine-fr\/wp-json\/wp\/v2\/pages\/20981","targetHints":{"allow":["GET"]}}],"collection":[{"href":"https:\/\/www.mines-stetienne.fr\/future-medicine-fr\/wp-json\/wp\/v2\/pages"}],"about":[{"href":"https:\/\/www.mines-stetienne.fr\/future-medicine-fr\/wp-json\/wp\/v2\/types\/page"}],"author":[{"embeddable":true,"href":"https:\/\/www.mines-stetienne.fr\/future-medicine-fr\/wp-json\/wp\/v2\/users\/3"}],"replies":[{"embeddable":true,"href":"https:\/\/www.mines-stetienne.fr\/future-medicine-fr\/wp-json\/wp\/v2\/comments?post=20981"}],"version-history":[{"count":56,"href":"https:\/\/www.mines-stetienne.fr\/future-medicine-fr\/wp-json\/wp\/v2\/pages\/20981\/revisions"}],"predecessor-version":[{"id":21687,"href":"https:\/\/www.mines-stetienne.fr\/future-medicine-fr\/wp-json\/wp\/v2\/pages\/20981\/revisions\/21687"}],"wp:attachment":[{"href":"https:\/\/www.mines-stetienne.fr\/future-medicine-fr\/wp-json\/wp\/v2\/media?parent=20981"}],"wp:term":[{"taxonomy":"post_tag","embeddable":true,"href":"https:\/\/www.mines-stetienne.fr\/future-medicine-fr\/wp-json\/wp\/v2\/tags?post=20981"}],"curies":[{"name":"wp","href":"https:\/\/api.w.org\/{rel}","templated":true}]}}